{"id":20908,"date":"2015-10-19T15:18:48","date_gmt":"2015-10-19T15:18:48","guid":{"rendered":"https:\/\/www.urlaubcornwall.de\/blog\/?page_id=20908"},"modified":"2024-05-29T10:56:34","modified_gmt":"2024-05-29T10:56:34","slug":"20908-2","status":"publish","type":"page","link":"https:\/\/www.urlaubcornwall.de\/blog\/20908-2\/","title":{"rendered":"Grossbritannien Autorundreise: &#8220;Klassiker&#8221; &#8211; 8 Tage"},"content":{"rendered":"<p><a href=\"https:\/\/www.urlaubcornwall.de\/blog\/wp-content\/uploads\/2015\/10\/5695569_m.jpg\"><img loading=\"lazy\" class=\"aligncenter size-full wp-image-20916\" src=\"https:\/\/www.urlaubcornwall.de\/blog\/wp-content\/uploads\/2015\/10\/5695569_m.jpg\" alt=\"5695569_m\" width=\"749\" height=\"362\"\/><\/a><\/p>\n<h2 style=\"text-align: center;\"><strong>Highlights: York, Chester, Wales, Mittelengland, Glasgow, Edinburgh<\/strong><\/h2>\n<p style=\"text-align: center;\">Diese Grossbritannien Autorundreise umfasst alle wesentlichen Highlights Gro\u00dfbritanniens und verspricht Ihnen zahllose Eindr\u00fccke. Lassen Sie sich von den traumhaften Landschaftsbilder der Nord Wales Region, des Peak District Nationalparks und des Lake District Nationalparks verzaubern.<\/p>\n<p style=\"text-align: center;\"><strong>Tourbeschreibung: <\/strong>Grossbritannien Autorundreise &#8220;Klassiker&#8221; &#8211; 8 Tage \/ 7 N\u00e4cht | T\u00e4glich m\u00f6glich | ab Manchester \/ bis Edinburgh<\/p>\n<p><strong>Tourbeschreibung<\/strong><\/p>\n<p><strong>1. Tag: Manchester &#8211; Chester (ca. 80 km)<\/strong> &#8211; Ankunft am Flughafen Manchester und Annahme des Mietwagens (Fl\u00fcge und Mietauto bieten wir gerne passend an). Nach Ankunft machen Sie sich auf den Weg nach Chester. Wenn es die Zeit erlaubt, k\u00f6nnen Sie die Chester Cathedral, das Grosvenor Museum oder den Chester Zoo besichtigen. \u00dcbernachtung im Raum Chester\/North Wales.<\/p>\n<p><strong>2. Tag: Chester &#8211; Llangollen\/Llandudno Region (Nord Wales ca. 50-80 km)<\/strong> &#8211; Ihre Autorundreise durch Wales f\u00fchrt Sie auf die landschaftlich reizvolle Route \u00fcber den Horseshoe Pass zur pittoresken Stadt Llangollen. Die Sadt liegt im sch\u00f6nen Dee Valley im Nordosten von Wales. \u00dcbernachtung wie am Vortag.<\/p>\n<p><strong>3. Tag: Nord Wales &#8211; York<\/strong> &#8211; Auf dem heutigen Programm steht die Fahrt durch die beeindruckende Landschaft des Peak District Nationalparks. Es wurden bereits mehrere bekannte Schriftsteller des Landes von dieser Region inspiriert, darunter William Wordsworth, Charlotte Bronte und Jane Austen, die den Peak District als Schauplatz der wichtigsten Szenen von \u201eStolz und Vorurteil\u201c benutzte. Weiterfahrt nach York. 2 \u00dcbernachtungen im Raum York\/Leeds.<\/p>\n<p><strong>4. Tag: York<\/strong> &#8211; Dieser Tag steht zur freien Verf\u00fcgung. Im dynamischen und geschichtstr\u00e4chtigen York gibt es jede Menge zu entdecken. Im JORVIK Viking Centre k\u00f6nnen Sie mal eben 1.000 Jahre in die Vergangenheit zur\u00fcckreisen und eine Siedlung aus der Zeit der Wikinger besichtigen, und im York Museum erwarten Sie Sammlungen mit Funden, die bis in die pr\u00e4historische \u00c4ra zur\u00fcckreichen. \u00dcbernachtung wie am Vortag.<\/p>\n<p><a href=\"https:\/\/www.urlaubcornwall.de\/blog\/wp-content\/uploads\/2024\/03\/lake-district.jpg\"><img loading=\"lazy\" src=\"https:\/\/www.urlaubcornwall.de\/blog\/wp-content\/uploads\/2024\/03\/lake-district.jpg\" alt=\"lake district\" width=\"750\" height=\"422\" class=\"alignnone size-full wp-image-47806\" srcset=\"https:\/\/www.urlaubcornwall.de\/blog\/wp-content\/uploads\/2024\/03\/lake-district.jpg 750w, https:\/\/www.urlaubcornwall.de\/blog\/wp-content\/uploads\/2024\/03\/lake-district-300x169.jpg 300w\" sizes=\"(max-width: 750px) 100vw, 750px\" \/><\/a><\/p>\n<p><strong>5. Tag: York &#8211; Lake District (ca. 160 km)<\/strong> &#8211; Genie\u00dfen Sie die Seen- und Berglandschaft bei Ihrer Grossbritannien Autorundreise. Besuchen Sie das Museum of Lakeland Life in Kendal. Eine Bootsfahrt auf dem Lake Windermere rundet Ihren Tag perfekt ab.<br \/>\n\u00dcbernachtung im Raum Lake District\/Lancaster.<\/p>\n<p><strong>6. Tag: Lake District &#8211; Glasgow (ca. 200 km)<\/strong> &#8211; Sizergh Castle bei Kendal mit seinen wundersch\u00f6nen G\u00e4rten steht auf dem Programm, ebenso wie Levens Hall, ein pr\u00e4chtiges elisabethanisches Herrenhaus. Sie \u00fcberqueren die Grenze zu Schottland bei Gretna und fahren weiter zum Culzean Castle und nach Alloway, Geburtsort eines ber\u00fchmten schottischen Dichters. \u00dcbernachtung im Raum Glasgow.<\/p>\n<p><a href=\"https:\/\/www.urlaubcornwall.de\/blog\/wp-content\/uploads\/2015\/10\/edinburgh-luxus.jpg\"><img loading=\"lazy\" class=\"aligncenter size-full wp-image-20610\" src=\"https:\/\/www.urlaubcornwall.de\/blog\/wp-content\/uploads\/2015\/10\/edinburgh-luxus.jpg\" alt=\"edinburgh luxus\" width=\"749\" height=\"305\"\/><\/a><\/p>\n<p><strong>7. Tag: Glasgow &#8211; Edinburgh (ca. 100 km)<\/strong> &#8211; Glasgow ist eines der lebhaftesten und weltoffensten Ziele in Europa. Weiter geht es auf dieser Grossbritannien Autorundreise nach Edinburgh, mit der Royal Mile und Edinburgh Castle. Sehen Sie den Holyrood Palast, die offizielle Residenz der K\u00f6nigin, wenn Sie sich in Schottland aufh\u00e4lt.<br \/>\n\u00dcbernachtung im Raum Edinburgh.<\/p>\n<p><strong>8. Tag: Abreise<\/strong> &#8211; Ihre Grossbritannien Autorundreise ist zu Ende. Fahrt zum Flughafen und Abgabe des Mietwagens.<\/p>\n<p>Diese Grossbritannien Autorundreise ist jederzeit ab\u00e4nderbar und kann ganz auf Ihre individuellen W\u00fcnsche bezogen werden!<\/p>\n<p><strong>Folgende Unterkunftskategorien stehen zur Auswahl:<\/strong><\/p>\n<p>Bronze = Bed &amp; Breakfast Unterk\u00fcnfte und Inns (mit eigenem Bad)<\/p>\n<p>Silber = Mittelklassehotels<\/p>\n<p><strong>Eingeschlossene Leistungen<\/strong><\/p>\n<p>7 N\u00e4chte in der gew\u00fcnschten Kategorie (Bronze oder Silber)<\/p>\n<p>t\u00e4gliches Fr\u00fchst\u00fcck<\/p>\n<p>Reisef\u00fchrer England<\/p>\n<p><strong>Nicht eingeschlossene Leistungen:<\/strong><\/p>\n<p>Leihwagen und passende Fl\u00fcge oder F\u00e4hre (zubuchbar)<\/p>\n<p>Trinkgelder, Benzin, Eintritte<\/p>\n<h1 style=\"text-align: center;\"><strong>UrlaubCornwall haben Touren im Angebot f\u00fcr Individualreisende. <\/strong><\/h1>\n<p style=\"text-align: center;\">Unsere Websitedetails zeigen lediglich eine kleine Auswahl dessen, was wir anbieten k\u00f6nnen. Wir stellen Ihnen gerne ein <a href=\"http:\/\/www.urlaubcornwall.de\/anfrage.php\">unverbindliches Angebot<\/a> mit allen Fl\u00fcgen und Transfers f\u00fcr Ihre Grossbritannien Reise zusammen.<\/p>\n<p style=\"text-align: center;\">Hier finden Sie unsere Auswahl an fantastischen <span style=\"text-decoration: underline;\"><a href=\"https:\/\/www.urlaubcornwall.de\/blog\/rundreisen-grossbritannien-und-irland\/\">Rundreisen und Touren in Gro\u00dfbritannien<\/a><\/span><strong>.<\/strong><\/p>\n","protected":false},"excerpt":{"rendered":"<p>Highlights: York, Chester, Wales, Mittelengland, Glasgow, Edinburgh Diese Grossbritannien Autorundreise umfasst alle wesentlichen Highlights Gro\u00dfbritanniens und verspricht Ihnen zahllose Eindr\u00fccke. Lassen Sie sich von den traumhaften Landschaftsbilder der Nord Wales Region, des Peak District Nationalparks und des Lake District Nationalparks verzaubern. Tourbeschreibung: Grossbritannien Autorundreise &#8220;Klassiker&#8221; &#8211; 8 Tage \/ 7 N\u00e4cht | T\u00e4glich m\u00f6glich | [&hellip;]<\/p>\n","protected":false},"author":1,"featured_media":0,"parent":0,"menu_order":0,"comment_status":"closed","ping_status":"closed","template":"single-four.php","meta":[],"acf":[],"yoast_head":"<!-- This site is optimized with the Yoast SEO plugin v19.4 - https:\/\/yoast.com\/wordpress\/plugins\/seo\/ -->\n<title>Grossbritannien Autorundreise: &quot;Klassiker&quot; - 8 Tage - Urlaub &amp; Reisen<\/title>\n<meta name=\"robots\" content=\"index, follow, max-snippet:-1, max-image-preview:large, max-video-preview:-1\" \/>\n<link rel=\"canonical\" href=\"https:\/\/www.urlaubcornwall.de\/blog\/20908-2\/\" \/>\n<meta property=\"og:locale\" content=\"en_US\" \/>\n<meta property=\"og:type\" content=\"article\" \/>\n<meta property=\"og:title\" content=\"Grossbritannien Autorundreise: &quot;Klassiker&quot; - 8 Tage - Urlaub &amp; Reisen\" \/>\n<meta property=\"og:description\" content=\"Highlights: York, Chester, Wales, Mittelengland, Glasgow, Edinburgh Diese Grossbritannien Autorundreise umfasst alle wesentlichen Highlights Gro\u00dfbritanniens und verspricht Ihnen zahllose Eindr\u00fccke. Lassen Sie sich von den traumhaften Landschaftsbilder der Nord Wales Region, des Peak District Nationalparks und des Lake District Nationalparks verzaubern. Tourbeschreibung: Grossbritannien Autorundreise &#8220;Klassiker&#8221; &#8211; 8 Tage \/ 7 N\u00e4cht | T\u00e4glich m\u00f6glich | [&hellip;]\" \/>\n<meta property=\"og:url\" content=\"https:\/\/www.urlaubcornwall.de\/blog\/20908-2\/\" \/>\n<meta property=\"og:site_name\" content=\"Urlaub &amp; Reisen\" \/>\n<meta property=\"article:modified_time\" content=\"2024-05-29T10:56:34+00:00\" \/>\n<meta property=\"og:image\" content=\"https:\/\/www.urlaubcornwall.de\/blog\/wp-content\/uploads\/2015\/10\/5695569_m.jpg\" \/>\n<meta name=\"twitter:card\" content=\"summary\" \/>\n<meta name=\"twitter:label1\" content=\"Est. reading time\" \/>\n\t<meta name=\"twitter:data1\" content=\"4 minutes\" \/>\n<script type=\"application\/ld+json\" class=\"yoast-schema-graph\">{\"@context\":\"https:\/\/schema.org\",\"@graph\":[{\"@type\":\"WebSite\",\"@id\":\"https:\/\/www.urlaubcornwall.de\/blog\/#website\",\"url\":\"https:\/\/www.urlaubcornwall.de\/blog\/\",\"name\":\"Urlaub &amp; Reisen\",\"description\":\"Urlaub, Reisen, Cornwall und S\u00fcdengland: eine perfekte Kombination\",\"potentialAction\":[{\"@type\":\"SearchAction\",\"target\":{\"@type\":\"EntryPoint\",\"urlTemplate\":\"https:\/\/www.urlaubcornwall.de\/blog\/?s={search_term_string}\"},\"query-input\":\"required name=search_term_string\"}],\"inLanguage\":\"en-US\"},{\"@type\":\"WebPage\",\"@id\":\"https:\/\/www.urlaubcornwall.de\/blog\/20908-2\/\",\"url\":\"https:\/\/www.urlaubcornwall.de\/blog\/20908-2\/\",\"name\":\"Grossbritannien Autorundreise: \\\"Klassiker\\\" - 8 Tage - Urlaub &amp; Reisen\",\"isPartOf\":{\"@id\":\"https:\/\/www.urlaubcornwall.de\/blog\/#website\"},\"datePublished\":\"2015-10-19T15:18:48+00:00\",\"dateModified\":\"2024-05-29T10:56:34+00:00\",\"breadcrumb\":{\"@id\":\"https:\/\/www.urlaubcornwall.de\/blog\/20908-2\/#breadcrumb\"},\"inLanguage\":\"en-US\",\"potentialAction\":[{\"@type\":\"ReadAction\",\"target\":[\"https:\/\/www.urlaubcornwall.de\/blog\/20908-2\/\"]}]},{\"@type\":\"BreadcrumbList\",\"@id\":\"https:\/\/www.urlaubcornwall.de\/blog\/20908-2\/#breadcrumb\",\"itemListElement\":[{\"@type\":\"ListItem\",\"position\":1,\"name\":\"Home\",\"item\":\"https:\/\/www.urlaubcornwall.de\/blog\/\"},{\"@type\":\"ListItem\",\"position\":2,\"name\":\"Grossbritannien Autorundreise: &#8220;Klassiker&#8221; &#8211; 8 Tage\"}]}]}<\/script>\n<!-- \/ Yoast SEO plugin. -->","yoast_head_json":{"title":"Grossbritannien Autorundreise: \"Klassiker\" - 8 Tage - Urlaub &amp; Reisen","robots":{"index":"index","follow":"follow","max-snippet":"max-snippet:-1","max-image-preview":"max-image-preview:large","max-video-preview":"max-video-preview:-1"},"canonical":"https:\/\/www.urlaubcornwall.de\/blog\/20908-2\/","og_locale":"en_US","og_type":"article","og_title":"Grossbritannien Autorundreise: \"Klassiker\" - 8 Tage - Urlaub &amp; Reisen","og_description":"Highlights: York, Chester, Wales, Mittelengland, Glasgow, Edinburgh Diese Grossbritannien Autorundreise umfasst alle wesentlichen Highlights Gro\u00dfbritanniens und verspricht Ihnen zahllose Eindr\u00fccke. Lassen Sie sich von den traumhaften Landschaftsbilder der Nord Wales Region, des Peak District Nationalparks und des Lake District Nationalparks verzaubern. Tourbeschreibung: Grossbritannien Autorundreise &#8220;Klassiker&#8221; &#8211; 8 Tage \/ 7 N\u00e4cht | T\u00e4glich m\u00f6glich | [&hellip;]","og_url":"https:\/\/www.urlaubcornwall.de\/blog\/20908-2\/","og_site_name":"Urlaub &amp; Reisen","article_modified_time":"2024-05-29T10:56:34+00:00","og_image":[{"url":"https:\/\/www.urlaubcornwall.de\/blog\/wp-content\/uploads\/2015\/10\/5695569_m.jpg"}],"twitter_card":"summary","twitter_misc":{"Est. reading time":"4 minutes"},"schema":{"@context":"https:\/\/schema.org","@graph":[{"@type":"WebSite","@id":"https:\/\/www.urlaubcornwall.de\/blog\/#website","url":"https:\/\/www.urlaubcornwall.de\/blog\/","name":"Urlaub &amp; Reisen","description":"Urlaub, Reisen, Cornwall und S\u00fcdengland: eine perfekte Kombination","potentialAction":[{"@type":"SearchAction","target":{"@type":"EntryPoint","urlTemplate":"https:\/\/www.urlaubcornwall.de\/blog\/?s={search_term_string}"},"query-input":"required name=search_term_string"}],"inLanguage":"en-US"},{"@type":"WebPage","@id":"https:\/\/www.urlaubcornwall.de\/blog\/20908-2\/","url":"https:\/\/www.urlaubcornwall.de\/blog\/20908-2\/","name":"Grossbritannien Autorundreise: \"Klassiker\" - 8 Tage - Urlaub &amp; Reisen","isPartOf":{"@id":"https:\/\/www.urlaubcornwall.de\/blog\/#website"},"datePublished":"2015-10-19T15:18:48+00:00","dateModified":"2024-05-29T10:56:34+00:00","breadcrumb":{"@id":"https:\/\/www.urlaubcornwall.de\/blog\/20908-2\/#breadcrumb"},"inLanguage":"en-US","potentialAction":[{"@type":"ReadAction","target":["https:\/\/www.urlaubcornwall.de\/blog\/20908-2\/"]}]},{"@type":"BreadcrumbList","@id":"https:\/\/www.urlaubcornwall.de\/blog\/20908-2\/#breadcrumb","itemListElement":[{"@type":"ListItem","position":1,"name":"Home","item":"https:\/\/www.urlaubcornwall.de\/blog\/"},{"@type":"ListItem","position":2,"name":"Grossbritannien Autorundreise: &#8220;Klassiker&#8221; &#8211; 8 Tage"}]}]}},"_links":{"self":[{"href":"https:\/\/www.urlaubcornwall.de\/blog\/wp-json\/wp\/v2\/pages\/20908"}],"collection":[{"href":"https:\/\/www.urlaubcornwall.de\/blog\/wp-json\/wp\/v2\/pages"}],"about":[{"href":"https:\/\/www.urlaubcornwall.de\/blog\/wp-json\/wp\/v2\/types\/page"}],"author":[{"embeddable":true,"href":"https:\/\/www.urlaubcornwall.de\/blog\/wp-json\/wp\/v2\/users\/1"}],"replies":[{"embeddable":true,"href":"https:\/\/www.urlaubcornwall.de\/blog\/wp-json\/wp\/v2\/comments?post=20908"}],"version-history":[{"count":14,"href":"https:\/\/www.urlaubcornwall.de\/blog\/wp-json\/wp\/v2\/pages\/20908\/revisions"}],"predecessor-version":[{"id":50599,"href":"https:\/\/www.urlaubcornwall.de\/blog\/wp-json\/wp\/v2\/pages\/20908\/revisions\/50599"}],"wp:attachment":[{"href":"https:\/\/www.urlaubcornwall.de\/blog\/wp-json\/wp\/v2\/media?parent=20908"}],"curies":[{"name":"wp","href":"https:\/\/api.w.org\/{rel}","templated":true}]}}