{"id":20787,"date":"2015-10-16T14:57:15","date_gmt":"2015-10-16T14:57:15","guid":{"rendered":"https:\/\/www.urlaubcornwall.de\/blog\/?page_id=20787"},"modified":"2024-04-09T09:07:42","modified_gmt":"2024-04-09T09:07:42","slug":"autoreisen-in-suedengland-gaerten-schloesser-8-tage","status":"publish","type":"page","link":"https:\/\/www.urlaubcornwall.de\/blog\/autoreisen-in-suedengland-gaerten-schloesser-8-tage\/","title":{"rendered":"Autoreisen in S\u00fcdengland: &#8220;G\u00e4rten &#038; Schl\u00f6sser&#8221; &#8211; 8 Tage"},"content":{"rendered":"<p><a href=\"https:\/\/www.urlaubcornwall.de\/blog\/wp-content\/uploads\/2024\/03\/kent-leeds-castle.jpg\"><img loading=\"lazy\" class=\"aligncenter size-full wp-image-17044\" src=\"https:\/\/www.urlaubcornwall.de\/blog\/wp-content\/uploads\/2024\/03\/kent-leeds-castle.jpg\" alt=\"kent leeds castle\" width=\"750\" height=\"283\"\/><\/a><\/p>\n<p style=\"text-align: center;\"><strong>Highlights: London, G\u00e4rten, Sissinghurst, Canterbury, Stonehenge, Schl\u00f6sser<br \/>\n<\/strong><\/p>\n<p style=\"text-align: center;\">Bl\u00fchende G\u00e4rten und herrliche Schl\u00f6sser erwarten Sie auf dieser S\u00fcdengland Reise. Sie starten und enden in London, eine Stadt, wo es immer wieder etwas zu entdecken gibt. Autoreisen S\u00fcdengland zum Genie\u00dfen!<\/p>\n<p style=\"text-align: center;\"><strong>Tourbeschreibung:<\/strong> <strong>S\u00fcdengland Reise &#8220;G\u00e4rten &amp; Schl\u00f6sser&#8221; <\/strong>8 Tage \/ 7 N\u00e4chte | ab\/bis London | T\u00e4glich m\u00f6glich!<\/p>\n<p style=\"text-align: center;\"><strong>Folgende Unterkunftskategorien stehen zur Auswahl:<\/strong><\/p>\n<p style=\"text-align: center;\"><strong>Bronze =<\/strong> Bed &amp; Breakfast Unterk\u00fcnfte und Inns (mit eigenem Bad)<\/p>\n<p style=\"text-align: center;\"><strong>Silber =<\/strong> Mittelklassehotels<\/p>\n<p style=\"text-align: center;\"><a class=\"tidycta\" href=\"https:\/\/www.urlaubcornwall.de\/reisebuchung.php?tourcode=S\u00fcdengland \">Anfrage \/ Buchung<\/a><\/p>\n<p><strong>Tourbeschreibung<\/strong><\/p>\n<p><a href=\"https:\/\/www.urlaubcornwall.de\/blog\/wp-content\/uploads\/2024\/03\/covent-garden.jpg\"><img loading=\"lazy\" class=\"aligncenter size-full wp-image-47812\" src=\"https:\/\/www.urlaubcornwall.de\/blog\/wp-content\/uploads\/2024\/03\/covent-garden.jpg\" alt=\"covent-garden\" width=\"750\" height=\"500\" srcset=\"https:\/\/www.urlaubcornwall.de\/blog\/wp-content\/uploads\/2024\/03\/covent-garden.jpg 750w, https:\/\/www.urlaubcornwall.de\/blog\/wp-content\/uploads\/2024\/03\/covent-garden-300x200.jpg 300w\" sizes=\"(max-width: 750px) 100vw, 750px\" \/><\/a><\/p>\n<p><strong>1. Tag: London<\/strong> &#8211;  Anreise nach London in Eigenregie. Ihre Unterkunft f\u00fcr die ersten zwei N\u00e4chte liegt in der N\u00e4he der Ringautobahn M25. Mit den \u00f6ffentlichen Verkehrsmitteln k\u00f6nnen Sie das Londoner Stadtzentrum gut erreichen. Gegen Aufpreis k\u00f6nnen Sie auch ein zentrales Stadthotel buchen. 2 \u00dcbernachtungen im Raum London<\/p>\n<p><strong>2. Tag: London<\/strong> &#8211; Voller Tag f\u00fcr die Londoner Sehensw\u00fcrdigkeiten: Big Ben, Buckingham Palace, Tower Bridge, Piccadilly Circus, London Eye und vieles mehr. \u00dcbernachtung wie am Vortag.<\/p>\n<p><strong>3. Tag: Ashford \/ Canterbury<\/strong> &#8211; Heute nehmen Sie den Mietwagen am Flughafen an. Sie verlassen London in Richtung Kent. Unterwegs empfehlen wir Ihnen einen Stopp am Leeds Castle, eines der atemberaubendsten Schl\u00f6sser in Gro\u00dfbritannien. Nicht nur die Gartenanlage sondern auch der mehr als 900 Jahre alte Burggraben beeindruckt die Besucher Tag f\u00fcr Tag. Anschlie\u00dfend Weiterfahrt in die heutige Unterkunft. 3 \u00dcbernachtungen im Raum Ashford\/Canterbury<\/p>\n<p><img loading=\"lazy\" class=\"aligncenter size-full wp-image-47794\" src=\"https:\/\/www.urlaubcornwall.de\/blog\/wp-content\/uploads\/2024\/03\/catherdral.jpg\" alt=\"catherdral\" width=\"750\" height=\"500\" srcset=\"https:\/\/www.urlaubcornwall.de\/blog\/wp-content\/uploads\/2024\/03\/catherdral.jpg 750w, https:\/\/www.urlaubcornwall.de\/blog\/wp-content\/uploads\/2024\/03\/catherdral-300x200.jpg 300w\" sizes=\"(max-width: 750px) 100vw, 750px\" \/><\/p>\n<p><strong>4. Tag: Canterbury Region<\/strong> &#8211; Wir empfehlen heute einen Besuch der G\u00e4rten von Sissinghurst. 1930 liebevoll gestaltet, wurde es zu einer der meistbewundertsten G\u00e4rten seiner Zeit und ist heute immer noch eine Attraktion f\u00fcr Blumenliebhaber. Weiter geht es zum Scotney Castle, eine Schlo\u00dfruine aus dem 14.Jahrhundert. \u00dcbernachtung wie am Vortag.<\/p>\n<p><strong>5. Tag: Canterbury Region<\/strong> &#8211; Fahren Sie heute zum Hever Castle, wo Marschland in sch\u00f6nste G\u00e4rten verwandelt wurde. \u00dcber 1.000 Arbeiter waren dazu notwendig. \u00dcber 3.000 Pflanzen haben hier eine Heimat gefunden, mit Wasserspielen, dem Tudor Garten und dem Rhododendron-Weg als wichtigste Kennzeichen. \u00dcbernachtung wie am Vortag.<\/p>\n<p><strong>6. Tag: Salisbury\/Southampton\/Winchester Region<\/strong> &#8211; Sie kommen heute durch Wessex, wenn Sie Richtung Winchester fahren. Eine alte Stadt mit viel Tradition, der ber\u00fchmten Kathedrale und einem Benediktiner Kloster. Fahren Sie dann entlang der herrlichen K\u00fcste mit einem Halt an Beachy Head und Brighton. Brighton ist einer der sch\u00f6nsten K\u00fcstenst\u00e4dte Englands. Beachy Head mit seinen wei\u00dfen Kliffs ist ein herrlicher Anblick. 2 \u00dcbernachtungen im Raum Salisbury\/Southampton\/Winchester<\/p>\n<p><strong>7. Tag: Salisbury\/Southampton\/Winchester Region<\/strong><\/p>\n<p>Wenn Sie Winchester verlassen, gelangen Sie nach Stonehenge, Europas bedeutendstes pr\u00e4historisches Monument. Danach sollten Sie nach Salisbury fahren \u2013 gegr\u00fcndet 1220. Die bekannte Kathedrale dort ist sehr sehenswert. \u00dcbernachtung wie am Vortag.<\/p>\n<p><strong>8.Tag: Heimreise<\/strong><\/p>\n<p>R\u00fcckfahrt zum Flughafen London und Abgabe des Mietwagens. Ende der Selbstfahrertour.<\/p>\n<p style=\"text-align: center;\"><a class=\"tidycta\" href=\"https:\/\/www.urlaubcornwall.de\/reisebuchung.php?tourcode=S\u00fcdengland \">Anfrage \/ Buchung<\/a><\/p>\n","protected":false},"excerpt":{"rendered":"<p>Highlights: London, G\u00e4rten, Sissinghurst, Canterbury, Stonehenge, Schl\u00f6sser Bl\u00fchende G\u00e4rten und herrliche Schl\u00f6sser erwarten Sie auf dieser S\u00fcdengland Reise. Sie starten und enden in London, eine Stadt, wo es immer wieder etwas zu entdecken gibt. Autoreisen S\u00fcdengland zum Genie\u00dfen! Tourbeschreibung: S\u00fcdengland Reise &#8220;G\u00e4rten &amp; Schl\u00f6sser&#8221; 8 Tage \/ 7 N\u00e4chte | ab\/bis London | T\u00e4glich m\u00f6glich! [&hellip;]<\/p>\n","protected":false},"author":1,"featured_media":0,"parent":0,"menu_order":0,"comment_status":"closed","ping_status":"closed","template":"single-four.php","meta":[],"acf":[],"yoast_head":"<!-- This site is optimized with the Yoast SEO plugin v19.4 - https:\/\/yoast.com\/wordpress\/plugins\/seo\/ -->\n<title>Autoreisen in S\u00fcdengland: &quot;G\u00e4rten &amp; Schl\u00f6sser&quot; - 8 Tage - Urlaub &amp; Reisen<\/title>\n<meta name=\"robots\" content=\"index, follow, max-snippet:-1, max-image-preview:large, max-video-preview:-1\" \/>\n<link rel=\"canonical\" href=\"https:\/\/www.urlaubcornwall.de\/blog\/autoreisen-in-suedengland-gaerten-schloesser-8-tage\/\" \/>\n<meta property=\"og:locale\" content=\"en_US\" \/>\n<meta property=\"og:type\" content=\"article\" \/>\n<meta property=\"og:title\" content=\"Autoreisen in S\u00fcdengland: &quot;G\u00e4rten &amp; Schl\u00f6sser&quot; - 8 Tage - Urlaub &amp; Reisen\" \/>\n<meta property=\"og:description\" content=\"Highlights: London, G\u00e4rten, Sissinghurst, Canterbury, Stonehenge, Schl\u00f6sser Bl\u00fchende G\u00e4rten und herrliche Schl\u00f6sser erwarten Sie auf dieser S\u00fcdengland Reise. Sie starten und enden in London, eine Stadt, wo es immer wieder etwas zu entdecken gibt. Autoreisen S\u00fcdengland zum Genie\u00dfen! Tourbeschreibung: S\u00fcdengland Reise &#8220;G\u00e4rten &amp; Schl\u00f6sser&#8221; 8 Tage \/ 7 N\u00e4chte | ab\/bis London | T\u00e4glich m\u00f6glich! [&hellip;]\" \/>\n<meta property=\"og:url\" content=\"https:\/\/www.urlaubcornwall.de\/blog\/autoreisen-in-suedengland-gaerten-schloesser-8-tage\/\" \/>\n<meta property=\"og:site_name\" content=\"Urlaub &amp; Reisen\" \/>\n<meta property=\"article:modified_time\" content=\"2024-04-09T09:07:42+00:00\" \/>\n<meta property=\"og:image\" content=\"https:\/\/www.urlaubcornwall.de\/blog\/wp-content\/uploads\/2024\/03\/kent-leeds-castle.jpg\" \/>\n<meta name=\"twitter:card\" content=\"summary\" \/>\n<meta name=\"twitter:label1\" content=\"Est. reading time\" \/>\n\t<meta name=\"twitter:data1\" content=\"3 minutes\" \/>\n<script type=\"application\/ld+json\" class=\"yoast-schema-graph\">{\"@context\":\"https:\/\/schema.org\",\"@graph\":[{\"@type\":\"WebSite\",\"@id\":\"https:\/\/www.urlaubcornwall.de\/blog\/#website\",\"url\":\"https:\/\/www.urlaubcornwall.de\/blog\/\",\"name\":\"Urlaub &amp; Reisen\",\"description\":\"Urlaub, Reisen, Cornwall und S\u00fcdengland: eine perfekte Kombination\",\"potentialAction\":[{\"@type\":\"SearchAction\",\"target\":{\"@type\":\"EntryPoint\",\"urlTemplate\":\"https:\/\/www.urlaubcornwall.de\/blog\/?s={search_term_string}\"},\"query-input\":\"required name=search_term_string\"}],\"inLanguage\":\"en-US\"},{\"@type\":\"WebPage\",\"@id\":\"https:\/\/www.urlaubcornwall.de\/blog\/autoreisen-in-suedengland-gaerten-schloesser-8-tage\/\",\"url\":\"https:\/\/www.urlaubcornwall.de\/blog\/autoreisen-in-suedengland-gaerten-schloesser-8-tage\/\",\"name\":\"Autoreisen in S\u00fcdengland: \\\"G\u00e4rten & Schl\u00f6sser\\\" - 8 Tage - Urlaub &amp; Reisen\",\"isPartOf\":{\"@id\":\"https:\/\/www.urlaubcornwall.de\/blog\/#website\"},\"datePublished\":\"2015-10-16T14:57:15+00:00\",\"dateModified\":\"2024-04-09T09:07:42+00:00\",\"breadcrumb\":{\"@id\":\"https:\/\/www.urlaubcornwall.de\/blog\/autoreisen-in-suedengland-gaerten-schloesser-8-tage\/#breadcrumb\"},\"inLanguage\":\"en-US\",\"potentialAction\":[{\"@type\":\"ReadAction\",\"target\":[\"https:\/\/www.urlaubcornwall.de\/blog\/autoreisen-in-suedengland-gaerten-schloesser-8-tage\/\"]}]},{\"@type\":\"BreadcrumbList\",\"@id\":\"https:\/\/www.urlaubcornwall.de\/blog\/autoreisen-in-suedengland-gaerten-schloesser-8-tage\/#breadcrumb\",\"itemListElement\":[{\"@type\":\"ListItem\",\"position\":1,\"name\":\"Home\",\"item\":\"https:\/\/www.urlaubcornwall.de\/blog\/\"},{\"@type\":\"ListItem\",\"position\":2,\"name\":\"Autoreisen in S\u00fcdengland: &#8220;G\u00e4rten &#038; Schl\u00f6sser&#8221; &#8211; 8 Tage\"}]}]}<\/script>\n<!-- \/ Yoast SEO plugin. -->","yoast_head_json":{"title":"Autoreisen in S\u00fcdengland: \"G\u00e4rten & Schl\u00f6sser\" - 8 Tage - Urlaub &amp; Reisen","robots":{"index":"index","follow":"follow","max-snippet":"max-snippet:-1","max-image-preview":"max-image-preview:large","max-video-preview":"max-video-preview:-1"},"canonical":"https:\/\/www.urlaubcornwall.de\/blog\/autoreisen-in-suedengland-gaerten-schloesser-8-tage\/","og_locale":"en_US","og_type":"article","og_title":"Autoreisen in S\u00fcdengland: \"G\u00e4rten & Schl\u00f6sser\" - 8 Tage - Urlaub &amp; Reisen","og_description":"Highlights: London, G\u00e4rten, Sissinghurst, Canterbury, Stonehenge, Schl\u00f6sser Bl\u00fchende G\u00e4rten und herrliche Schl\u00f6sser erwarten Sie auf dieser S\u00fcdengland Reise. Sie starten und enden in London, eine Stadt, wo es immer wieder etwas zu entdecken gibt. Autoreisen S\u00fcdengland zum Genie\u00dfen! Tourbeschreibung: S\u00fcdengland Reise &#8220;G\u00e4rten &amp; Schl\u00f6sser&#8221; 8 Tage \/ 7 N\u00e4chte | ab\/bis London | T\u00e4glich m\u00f6glich! [&hellip;]","og_url":"https:\/\/www.urlaubcornwall.de\/blog\/autoreisen-in-suedengland-gaerten-schloesser-8-tage\/","og_site_name":"Urlaub &amp; Reisen","article_modified_time":"2024-04-09T09:07:42+00:00","og_image":[{"url":"https:\/\/www.urlaubcornwall.de\/blog\/wp-content\/uploads\/2024\/03\/kent-leeds-castle.jpg"}],"twitter_card":"summary","twitter_misc":{"Est. reading time":"3 minutes"},"schema":{"@context":"https:\/\/schema.org","@graph":[{"@type":"WebSite","@id":"https:\/\/www.urlaubcornwall.de\/blog\/#website","url":"https:\/\/www.urlaubcornwall.de\/blog\/","name":"Urlaub &amp; Reisen","description":"Urlaub, Reisen, Cornwall und S\u00fcdengland: eine perfekte Kombination","potentialAction":[{"@type":"SearchAction","target":{"@type":"EntryPoint","urlTemplate":"https:\/\/www.urlaubcornwall.de\/blog\/?s={search_term_string}"},"query-input":"required name=search_term_string"}],"inLanguage":"en-US"},{"@type":"WebPage","@id":"https:\/\/www.urlaubcornwall.de\/blog\/autoreisen-in-suedengland-gaerten-schloesser-8-tage\/","url":"https:\/\/www.urlaubcornwall.de\/blog\/autoreisen-in-suedengland-gaerten-schloesser-8-tage\/","name":"Autoreisen in S\u00fcdengland: \"G\u00e4rten & Schl\u00f6sser\" - 8 Tage - Urlaub &amp; Reisen","isPartOf":{"@id":"https:\/\/www.urlaubcornwall.de\/blog\/#website"},"datePublished":"2015-10-16T14:57:15+00:00","dateModified":"2024-04-09T09:07:42+00:00","breadcrumb":{"@id":"https:\/\/www.urlaubcornwall.de\/blog\/autoreisen-in-suedengland-gaerten-schloesser-8-tage\/#breadcrumb"},"inLanguage":"en-US","potentialAction":[{"@type":"ReadAction","target":["https:\/\/www.urlaubcornwall.de\/blog\/autoreisen-in-suedengland-gaerten-schloesser-8-tage\/"]}]},{"@type":"BreadcrumbList","@id":"https:\/\/www.urlaubcornwall.de\/blog\/autoreisen-in-suedengland-gaerten-schloesser-8-tage\/#breadcrumb","itemListElement":[{"@type":"ListItem","position":1,"name":"Home","item":"https:\/\/www.urlaubcornwall.de\/blog\/"},{"@type":"ListItem","position":2,"name":"Autoreisen in S\u00fcdengland: &#8220;G\u00e4rten &#038; Schl\u00f6sser&#8221; &#8211; 8 Tage"}]}]}},"_links":{"self":[{"href":"https:\/\/www.urlaubcornwall.de\/blog\/wp-json\/wp\/v2\/pages\/20787"}],"collection":[{"href":"https:\/\/www.urlaubcornwall.de\/blog\/wp-json\/wp\/v2\/pages"}],"about":[{"href":"https:\/\/www.urlaubcornwall.de\/blog\/wp-json\/wp\/v2\/types\/page"}],"author":[{"embeddable":true,"href":"https:\/\/www.urlaubcornwall.de\/blog\/wp-json\/wp\/v2\/users\/1"}],"replies":[{"embeddable":true,"href":"https:\/\/www.urlaubcornwall.de\/blog\/wp-json\/wp\/v2\/comments?post=20787"}],"version-history":[{"count":31,"href":"https:\/\/www.urlaubcornwall.de\/blog\/wp-json\/wp\/v2\/pages\/20787\/revisions"}],"predecessor-version":[{"id":49074,"href":"https:\/\/www.urlaubcornwall.de\/blog\/wp-json\/wp\/v2\/pages\/20787\/revisions\/49074"}],"wp:attachment":[{"href":"https:\/\/www.urlaubcornwall.de\/blog\/wp-json\/wp\/v2\/media?parent=20787"}],"curies":[{"name":"wp","href":"https:\/\/api.w.org\/{rel}","templated":true}]}}