{"id":20681,"date":"2015-10-14T10:20:49","date_gmt":"2015-10-14T10:20:49","guid":{"rendered":"https:\/\/www.urlaubcornwall.de\/blog\/?page_id=20681"},"modified":"2024-04-15T14:40:17","modified_gmt":"2024-04-15T14:40:17","slug":"kurzreise-edinburgh-die-magie-von-edinburgh","status":"publish","type":"page","link":"https:\/\/www.urlaubcornwall.de\/blog\/kurzreise-edinburgh-die-magie-von-edinburgh\/","title":{"rendered":"Kurzreise Edinburgh: &#8220;Die Magie von Edinburgh&#8221;"},"content":{"rendered":"<p><a href=\"https:\/\/www.urlaubcornwall.de\/blog\/wp-content\/uploads\/2015\/10\/edinburgh-luxus.jpg\"><img loading=\"lazy\" class=\"aligncenter size-full wp-image-20610\" src=\"https:\/\/www.urlaubcornwall.de\/blog\/wp-content\/uploads\/2015\/10\/edinburgh-luxus.jpg\" alt=\"edinburgh luxus\" width=\"748\" height=\"335\"\/><\/a><br \/>\nEine Kurzreise Edinburgh verzaubert alle, die es besuchen. Die Felsburg und der mittelalterliche Palast im Herzen der Stadt zeugen von einer d\u00fcsteren, unruhigen Vergangenheit. Auf einer gef\u00fchrten Geistertour abends h\u00f6ren Sie schaurige\/gruselige Geschichten im versteckten Underground von Edinburgh.<\/p>\n<h2><strong>Eine Auswahl der besten Hotels in Edinburgh &#8211; Sonderangebote und Discounts<\/strong><\/h2>\n<p style=\"text-align: left;\">Schottland hat eine riesige Auswahl an 3- und 4-Sterne Hotels, und wir k\u00f6nnen das perfekte Hotel f\u00fcr Sie finden. F\u00fcr all diejenigen, die eine romantische Unterkunft suchen, gibt es auch luxuri\u00f6se Landg\u00fcter, wo Sie entspannen und die elegante Einrichtung genie\u00dfen k\u00f6nnen, preisgekr\u00f6nte Restaurants, verw\u00f6hnende Spa, sowie den Frieden und die Ruhe von Schottlands gro\u00dfartiger Natur.<\/p>\n<p><ins class=\"bookingaff\" data-aid=\"1697841\" data-target_aid=\"1697841\" data-prod=\"map\" data-width=\"100%\" data-height=\"590\" data-lang=\"ualng\" data-dest_id=\"0\" data-dest_type=\"landmark\" data-latitude=\"55.953252\" data-longitude=\"-3.188267\" data-landmark_name=\"Sch\u00f6nsten Hotels in Edinburgh\" data-mwhsb=\"1\"><br \/>\n    <!-- Anything inside will go away once widget is loaded. --><br \/>\n        <a href=\"\/\/www.booking.com?aid=1697841\" rel=\"nofollow\">Booking.com<\/a><br \/>\n<\/ins><br \/>\n<script type=\"text\/javascript\">\n    (function(d, sc, u) {\n      var s = d.createElement(sc), p = d.getElementsByTagName(sc)[0];\n      s.type = 'text\/javascript';\n      s.async = true;\n      s.src = u + '?v=' + (+new Date());\n      p.parentNode.insertBefore(s,p);\n      })(document, 'script', '\/\/aff.bstatic.com\/static\/affiliate_base\/js\/flexiproduct.js');\n<\/script><\/p>\n<h3><\/h3>\n<p><ins class=\"bookingaff\" data-aid=\"1329787\" data-target_aid=\"1329787\" data-prod=\"nsb\" data-width=\"100%\" data-height=\"auto\" data-lang=\"de\" data-currency=\"EUR\" data-dest_id=\"-2595386\" data-dest_type=\"city\"><br \/>\n    <!-- Anything inside will go away once widget is loaded. --><br \/>\n        <a href=\"\/\/www.booking.com?aid=1329787\"rel=\"nofollow\">Booking.com<\/a><br \/>\n<\/ins><br \/>\n<script type=\"text\/javascript\">\n    (function(d, sc, u) {\n      var s = d.createElement(sc), p = d.getElementsByTagName(sc)[0];\n      s.type = 'text\/javascript';\n      s.async = true;\n      s.src = u + '?v=' + (+new Date());\n      p.parentNode.insertBefore(s,p);\n      })(document, 'script', '\/\/aff.bstatic.com\/static\/affiliate_base\/js\/flexiproduct.js');\n<\/script><\/p>\n<div class=\"snippet\"> <a class=\"featured-item\" href=\" https:\/\/www.urlaubcornwall.de\/ferienhaeuser\/schottland.php\"> <span class=\"image-holder\" style=\"background-image: url(' https:\/\/www.urlaubcornwall.de\/blog\/wp-content\/uploads\/2019\/01\/urlaub-schottland-highlands-1.jpg');\"><\/span> <span class=\"featured-content\"> \n<h2 class=\"featured-title\">Bei uns finden Sie Ferienh\u00e4user in Schottland zum Verlieben!<\/h2>\n<p class=\"featured-body\">Untenstehend finden Sie eine Auswahl an Ferienh\u00e4usern in Schottland. Hier finden Sie pers\u00f6nlich inspizierte Cottages entlang der schottischen K\u00fcste, in den schottischen Highlands und auf den Inseln&#8230;..<\/p>\n<\/span> <span class=\"featured-link-holder\"> <span class=\"featured-extra-info\"> \n<p>F\u00fcr Paare, Familien &#038; Gruppen<\/p>\n<\/span> \n<p class=\"featured-link\">DETAILS<\/p>\n<\/span> <\/a><\/div>\n<p style=\"text-align: center;\">UrlaubCornwall haben Touren im Angebot f\u00fcr Individualreisende. Hier finden Sie unsere Auswahl an fantastischen&nbsp;<a href=\"https:\/\/www.urlaubcornwall.de\/blog\/rundreisen-schottland\/\"><span style=\"text-decoration: underline;\">Rundreisen und Touren in Schottland<\/span>.<\/a><\/p>\n<p style=\"text-align: center;\">Unsere Websitedetails zeigen lediglich eine kleine Auswahl dessen, was wir anbieten k\u00f6nnen. Wir stellen Ihnen gerne ein <a href=\"http:\/\/www.urlaubcornwall.de\/anfrage.php\"><span style=\"text-decoration: underline;\">unverbindliches Angebot<\/span><\/a> mit allen Fl\u00fcgen und Transfers f\u00fcr Ihre Grossbritannien Reise zusammen.<\/p>\n","protected":false},"excerpt":{"rendered":"<p>Eine Kurzreise Edinburgh verzaubert alle, die es besuchen. Die Felsburg und der mittelalterliche Palast im Herzen der Stadt zeugen von einer d\u00fcsteren, unruhigen Vergangenheit. Auf einer gef\u00fchrten Geistertour abends h\u00f6ren Sie schaurige\/gruselige Geschichten im versteckten Underground von Edinburgh. Eine Auswahl der besten Hotels in Edinburgh &#8211; Sonderangebote und Discounts Schottland hat eine riesige Auswahl an [&hellip;]<\/p>\n","protected":false},"author":1,"featured_media":0,"parent":0,"menu_order":0,"comment_status":"closed","ping_status":"closed","template":"single-four.php","meta":[],"acf":[],"yoast_head":"<!-- This site is optimized with the Yoast SEO plugin v19.4 - https:\/\/yoast.com\/wordpress\/plugins\/seo\/ -->\n<title>Kurzreise Edinburgh: &quot;Die Magie von Edinburgh&quot; - Urlaub &amp; Reisen<\/title>\n<meta name=\"robots\" content=\"index, follow, max-snippet:-1, max-image-preview:large, max-video-preview:-1\" \/>\n<link rel=\"canonical\" href=\"https:\/\/www.urlaubcornwall.de\/blog\/kurzreise-edinburgh-die-magie-von-edinburgh\/\" \/>\n<meta property=\"og:locale\" content=\"en_US\" \/>\n<meta property=\"og:type\" content=\"article\" \/>\n<meta property=\"og:title\" content=\"Kurzreise Edinburgh: &quot;Die Magie von Edinburgh&quot; - Urlaub &amp; Reisen\" \/>\n<meta property=\"og:description\" content=\"Eine Kurzreise Edinburgh verzaubert alle, die es besuchen. Die Felsburg und der mittelalterliche Palast im Herzen der Stadt zeugen von einer d\u00fcsteren, unruhigen Vergangenheit. Auf einer gef\u00fchrten Geistertour abends h\u00f6ren Sie schaurige\/gruselige Geschichten im versteckten Underground von Edinburgh. Eine Auswahl der besten Hotels in Edinburgh &#8211; Sonderangebote und Discounts Schottland hat eine riesige Auswahl an [&hellip;]\" \/>\n<meta property=\"og:url\" content=\"https:\/\/www.urlaubcornwall.de\/blog\/kurzreise-edinburgh-die-magie-von-edinburgh\/\" \/>\n<meta property=\"og:site_name\" content=\"Urlaub &amp; Reisen\" \/>\n<meta property=\"article:modified_time\" content=\"2024-04-15T14:40:17+00:00\" \/>\n<meta property=\"og:image\" content=\"https:\/\/www.urlaubcornwall.de\/blog\/wp-content\/uploads\/2015\/10\/edinburgh-luxus.jpg\" \/>\n<meta name=\"twitter:card\" content=\"summary\" \/>\n<meta name=\"twitter:label1\" content=\"Est. reading time\" \/>\n\t<meta name=\"twitter:data1\" content=\"2 minutes\" \/>\n<script type=\"application\/ld+json\" class=\"yoast-schema-graph\">{\"@context\":\"https:\/\/schema.org\",\"@graph\":[{\"@type\":\"WebSite\",\"@id\":\"https:\/\/www.urlaubcornwall.de\/blog\/#website\",\"url\":\"https:\/\/www.urlaubcornwall.de\/blog\/\",\"name\":\"Urlaub &amp; Reisen\",\"description\":\"Urlaub, Reisen, Cornwall und S\u00fcdengland: eine perfekte Kombination\",\"potentialAction\":[{\"@type\":\"SearchAction\",\"target\":{\"@type\":\"EntryPoint\",\"urlTemplate\":\"https:\/\/www.urlaubcornwall.de\/blog\/?s={search_term_string}\"},\"query-input\":\"required name=search_term_string\"}],\"inLanguage\":\"en-US\"},{\"@type\":\"WebPage\",\"@id\":\"https:\/\/www.urlaubcornwall.de\/blog\/kurzreise-edinburgh-die-magie-von-edinburgh\/\",\"url\":\"https:\/\/www.urlaubcornwall.de\/blog\/kurzreise-edinburgh-die-magie-von-edinburgh\/\",\"name\":\"Kurzreise Edinburgh: \\\"Die Magie von Edinburgh\\\" - Urlaub &amp; Reisen\",\"isPartOf\":{\"@id\":\"https:\/\/www.urlaubcornwall.de\/blog\/#website\"},\"datePublished\":\"2015-10-14T10:20:49+00:00\",\"dateModified\":\"2024-04-15T14:40:17+00:00\",\"breadcrumb\":{\"@id\":\"https:\/\/www.urlaubcornwall.de\/blog\/kurzreise-edinburgh-die-magie-von-edinburgh\/#breadcrumb\"},\"inLanguage\":\"en-US\",\"potentialAction\":[{\"@type\":\"ReadAction\",\"target\":[\"https:\/\/www.urlaubcornwall.de\/blog\/kurzreise-edinburgh-die-magie-von-edinburgh\/\"]}]},{\"@type\":\"BreadcrumbList\",\"@id\":\"https:\/\/www.urlaubcornwall.de\/blog\/kurzreise-edinburgh-die-magie-von-edinburgh\/#breadcrumb\",\"itemListElement\":[{\"@type\":\"ListItem\",\"position\":1,\"name\":\"Home\",\"item\":\"https:\/\/www.urlaubcornwall.de\/blog\/\"},{\"@type\":\"ListItem\",\"position\":2,\"name\":\"Kurzreise Edinburgh: &#8220;Die Magie von Edinburgh&#8221;\"}]}]}<\/script>\n<!-- \/ Yoast SEO plugin. -->","yoast_head_json":{"title":"Kurzreise Edinburgh: \"Die Magie von Edinburgh\" - Urlaub &amp; Reisen","robots":{"index":"index","follow":"follow","max-snippet":"max-snippet:-1","max-image-preview":"max-image-preview:large","max-video-preview":"max-video-preview:-1"},"canonical":"https:\/\/www.urlaubcornwall.de\/blog\/kurzreise-edinburgh-die-magie-von-edinburgh\/","og_locale":"en_US","og_type":"article","og_title":"Kurzreise Edinburgh: \"Die Magie von Edinburgh\" - Urlaub &amp; Reisen","og_description":"Eine Kurzreise Edinburgh verzaubert alle, die es besuchen. Die Felsburg und der mittelalterliche Palast im Herzen der Stadt zeugen von einer d\u00fcsteren, unruhigen Vergangenheit. Auf einer gef\u00fchrten Geistertour abends h\u00f6ren Sie schaurige\/gruselige Geschichten im versteckten Underground von Edinburgh. Eine Auswahl der besten Hotels in Edinburgh &#8211; Sonderangebote und Discounts Schottland hat eine riesige Auswahl an [&hellip;]","og_url":"https:\/\/www.urlaubcornwall.de\/blog\/kurzreise-edinburgh-die-magie-von-edinburgh\/","og_site_name":"Urlaub &amp; Reisen","article_modified_time":"2024-04-15T14:40:17+00:00","og_image":[{"url":"https:\/\/www.urlaubcornwall.de\/blog\/wp-content\/uploads\/2015\/10\/edinburgh-luxus.jpg"}],"twitter_card":"summary","twitter_misc":{"Est. reading time":"2 minutes"},"schema":{"@context":"https:\/\/schema.org","@graph":[{"@type":"WebSite","@id":"https:\/\/www.urlaubcornwall.de\/blog\/#website","url":"https:\/\/www.urlaubcornwall.de\/blog\/","name":"Urlaub &amp; Reisen","description":"Urlaub, Reisen, Cornwall und S\u00fcdengland: eine perfekte Kombination","potentialAction":[{"@type":"SearchAction","target":{"@type":"EntryPoint","urlTemplate":"https:\/\/www.urlaubcornwall.de\/blog\/?s={search_term_string}"},"query-input":"required name=search_term_string"}],"inLanguage":"en-US"},{"@type":"WebPage","@id":"https:\/\/www.urlaubcornwall.de\/blog\/kurzreise-edinburgh-die-magie-von-edinburgh\/","url":"https:\/\/www.urlaubcornwall.de\/blog\/kurzreise-edinburgh-die-magie-von-edinburgh\/","name":"Kurzreise Edinburgh: \"Die Magie von Edinburgh\" - Urlaub &amp; Reisen","isPartOf":{"@id":"https:\/\/www.urlaubcornwall.de\/blog\/#website"},"datePublished":"2015-10-14T10:20:49+00:00","dateModified":"2024-04-15T14:40:17+00:00","breadcrumb":{"@id":"https:\/\/www.urlaubcornwall.de\/blog\/kurzreise-edinburgh-die-magie-von-edinburgh\/#breadcrumb"},"inLanguage":"en-US","potentialAction":[{"@type":"ReadAction","target":["https:\/\/www.urlaubcornwall.de\/blog\/kurzreise-edinburgh-die-magie-von-edinburgh\/"]}]},{"@type":"BreadcrumbList","@id":"https:\/\/www.urlaubcornwall.de\/blog\/kurzreise-edinburgh-die-magie-von-edinburgh\/#breadcrumb","itemListElement":[{"@type":"ListItem","position":1,"name":"Home","item":"https:\/\/www.urlaubcornwall.de\/blog\/"},{"@type":"ListItem","position":2,"name":"Kurzreise Edinburgh: &#8220;Die Magie von Edinburgh&#8221;"}]}]}},"_links":{"self":[{"href":"https:\/\/www.urlaubcornwall.de\/blog\/wp-json\/wp\/v2\/pages\/20681"}],"collection":[{"href":"https:\/\/www.urlaubcornwall.de\/blog\/wp-json\/wp\/v2\/pages"}],"about":[{"href":"https:\/\/www.urlaubcornwall.de\/blog\/wp-json\/wp\/v2\/types\/page"}],"author":[{"embeddable":true,"href":"https:\/\/www.urlaubcornwall.de\/blog\/wp-json\/wp\/v2\/users\/1"}],"replies":[{"embeddable":true,"href":"https:\/\/www.urlaubcornwall.de\/blog\/wp-json\/wp\/v2\/comments?post=20681"}],"version-history":[{"count":36,"href":"https:\/\/www.urlaubcornwall.de\/blog\/wp-json\/wp\/v2\/pages\/20681\/revisions"}],"predecessor-version":[{"id":49593,"href":"https:\/\/www.urlaubcornwall.de\/blog\/wp-json\/wp\/v2\/pages\/20681\/revisions\/49593"}],"wp:attachment":[{"href":"https:\/\/www.urlaubcornwall.de\/blog\/wp-json\/wp\/v2\/media?parent=20681"}],"curies":[{"name":"wp","href":"https:\/\/api.w.org\/{rel}","templated":true}]}}