{"id":20636,"date":"2015-10-12T14:19:54","date_gmt":"2015-10-12T14:19:54","guid":{"rendered":"https:\/\/www.urlaubcornwall.de\/blog\/?page_id=20636"},"modified":"2023-08-24T10:24:19","modified_gmt":"2023-08-24T10:24:19","slug":"agb-datenschutz","status":"publish","type":"page","link":"https:\/\/www.urlaubcornwall.de\/blog\/agb-datenschutz\/","title":{"rendered":"AGB \/ Datenschutz"},"content":{"rendered":"<p><strong>Datenschutzerkl\u00e4rung<\/strong><br \/>\n<a href=\"https:\/\/www.urlaubcornwall.de\/blog\/wp-content\/uploads\/2013\/04\/special_offers.jpg\"><img loading=\"lazy\" class=\"aligncenter size-full wp-image-8910\" src=\"https:\/\/www.urlaubcornwall.de\/blog\/wp-content\/uploads\/2013\/04\/special_offers.jpg\" alt=\"Sonderangebote\" width=\"747\" height=\"257\" srcset=\"https:\/\/www.urlaubcornwall.de\/blog\/wp-content\/uploads\/2013\/04\/special_offers.jpg 745w, https:\/\/www.urlaubcornwall.de\/blog\/wp-content\/uploads\/2013\/04\/special_offers-300x103.jpg 300w\" sizes=\"(max-width: 747px) 100vw, 747px\" \/><\/a><\/p>\n<p>Durch Ihren Zugriff auf und Ihre Verwendung der UrlaubCornwall-Webseite stimmen Sie den allgemeinen Bestimmungen unserer Datenschutzrichtlinie und Nutzungsbedingungen, wie unten aufgef\u00fchrt, zu.<\/p>\n<p>Der Websitebetreiber nimmt Ihren Datenschutz sehr ernst und behandelt Ihre personenbezogenen Daten vertraulich und entsprechend der gesetzlichen Vorschriften. Bedenken Sie, dass die Daten\u00fcbertragung im Internet grunds\u00e4tzlich mit Sicherheitsl\u00fccken bedacht sein kann. Ein vollumf\u00e4nglicher Schutz vor dem Zugriff durch Fremde ist nicht realisierbar.<\/p>\n<p><strong>Datenerfassung<\/strong><\/p>\n<p>UrlaubCornwall erfasst bestimmte Daten zum Nutzerverhalten, um die Bed\u00fcrfnisse seiner Besucher besser verstehen und die Webseite entsprechend verbessern zu k\u00f6nnen. Wir verwenden Google Analytics, um einige Aspekte unserer Webseite zu analysieren und teilen bestimmte nicht-personenbezogene Nutzungsdaten mit Google. Diese Nutzungsdaten werden ausschlie\u00dflich in anonymisierter Form verwendet, erlauben keinen R\u00fcckschluss auf Sie als Person und werden gem\u00e4\u00df den Datenschutzrichtlinien von Google gespeichert.<\/p>\n<p>Hier finden Sie weitere Informationen zur Datennutzung durch die Google Inc.: &nbsp;<a href=\"https:\/\/support.google.com\/analytics\/answer\/6004245?hl=de\">https:\/\/support.google.com\/analytics\/answer\/6004245?hl=de<\/a><\/p>\n<p><strong>Verwaltung von Cookies<\/strong><\/p>\n<p>W\u00e4hrend Ihres Besuchs der UrlaubCornwall-Webseite k\u00f6nnen eine oder mehrere kleine Dateien (Cookies genannt) auf Ihren Computer heruntergeladen werden, um Ihren Browser bei erneuten Besuchen wiederzuerkennen und festzustellen, wie Sie urspr\u00fcnglich auf unsere Seite gelangt sind. Die meisten g\u00e4ngigen Browser erm\u00f6glichen es Ihnen, alle Cookies anzuzeigen und bei Bedarf zu l\u00f6schen. Sie k\u00f6nnen sich auch dazu entscheiden, eine Warnmeldung zu erhalten, wenn ein Cookie erstellt wird, oder Sie k\u00f6nnen das Installieren von Cookies auch grunds\u00e4tzlich ablehnen.<\/p>\n<p><strong>Wenn Sie eine Anfrage stellen<\/strong><\/p>\n<p>erhalten wir Ihren Namen, Telefonnummer und e-Mail Adresse.<\/p>\n<p><strong>Wie wir Ihre pers\u00f6nlichen Daten nutzen werden<\/strong><\/p>\n<p>Abh\u00e4ngig vom Grund der Datenspeicherung, werden wir die Information, die wir haben, f\u00fcr folgende Zwecke nutzen:<\/p>\n<ul>\n<li>zur Ausf\u00fchrung Ihrer Buchung<\/li>\n<li>um Ihnen die Information, Produkte und Dienstleistungen zu geben, die Sie von uns angefragt haben;<\/li>\n<li>um Ihnen Information zu Produkten und Dienstleistungen zu geben, von denen wir denken, es k\u00f6nnte Sie interessieren;<\/li>\n<li>um die Effizienz von Werbekampagnen absch\u00e4tzen und verstehen zu k\u00f6nnen;<\/li>\n<li>um Sie auf unserer Website identifizieren und somit gew\u00e4hrleisten zu k\u00f6nnen, dass Sie Ihre Nachfragen und Buchungen managen k\u00f6nnen;<\/li>\n<li>um Sie auf \u00c4nderungen unseres Services aufmerksam machen zu k\u00f6nnen;<\/li>\n<li>um Kundenservice zu gew\u00e4hrleisten<\/li>\n<\/ul>\n<p><strong>Aufgrund welcher rechtlichen Ausgangslage werden wir Ihre Information verwerten?<\/strong><\/p>\n<ul>\n<li>Wir werden Ihre pers\u00f6nliche Information auf legalem, rechtlichem Hintergrund verwerten.<\/li>\n<\/ul>\n<p><strong>Umgang mit personenbezogenen Daten<\/strong><\/p>\n<p>Der Websitebetreiber erhebt, nutzt und gibt Ihre personenbezogenen Daten nur dann weiter, wenn dies im gesetzlichen Rahmen erlaubt ist oder Sie in die Datenerhebung einwilligen. Als personenbezogene Daten gelten s\u00e4mtliche Informationen, welche dazu dienen, Ihre Person zu bestimmen und welche zu Ihnen zur\u00fcckverfolgt werden k\u00f6nnen \u2013 also beispielsweise Ihr Name, Ihre E-Mail-Adresse und Telefonnummer.<\/p>\n<p><strong>Wie lange werden wir Ihre pers\u00f6nlichen Daten speichern?<\/strong><\/p>\n<p>Wir werden Ihre Daten lediglich so lange wie n\u00f6tig f\u00fcr den spezifischen Zweck speichern, f\u00fcr den wir sie erhalten haben , es sei denn, es w\u00e4ren rechtliche oder betriebliche Gr\u00fcnde gegeben, die Daten \u00fcber einen l\u00e4ngeren Zeitraum aufzubewahren. Am Ende des Speicherungszeitraums werden die uns verf\u00fcgbaren Daten sicher gel\u00f6scht.<\/p>\n<p><strong>Drittanbieter, die f\u00fcr uns arbeiten <\/strong><\/p>\n<p>Wir reichen Ihre Informationen lediglich an sorgsam ausgew\u00e4hlte Drittanbieter weiter, Agenten, Subunternehmer und andere assoziierte Organisationen zum Zwecke der Erf\u00fcllung von Aufgaben und die Bereitstellung von Dienstleistungen f\u00fcr Sie in unserem Auftrag.<\/p>\n<p><strong>Rechte des Nutzers: Auskunft, Berichtigung und L\u00f6schung<\/strong><\/p>\n<p>Sie als Nutzer erhalten auf Antrag Ihrerseits kostenlose Auskunft dar\u00fcber, welche personenbezogenen Daten \u00fcber Sie gespeichert wurden. Sofern Ihr Wunsch nicht mit einer gesetzlichen Pflicht zur Aufbewahrung von Daten (z. B. Vorratsdatenspeicherung) kollidiert, haben Sie ein Anrecht auf Berichtigung falscher Daten und auf die Sperrung oder L\u00f6schung Ihrer personenbezogenen Daten.<\/p>\n<p>Email: info@urlaubcornwall.de<\/p>\n<p><strong>Links zu anderen Webseiten<\/strong><\/p>\n<p>UrlaubCornwall entzieht sich jeglicher Haftung f\u00fcr Links zu Webseiten von Drittanbietern. Wir sind weder f\u00fcr die Inhalte, noch f\u00fcr die Werbung, Produkte oder das dargestellte Material auf solchen externen Webseiten haftbar.<\/p>\n<p><strong>Haftungsausschluss<\/strong><\/p>\n<p>UrlaubCornwall ist nicht f\u00fcr die Pr\u00fcfung der G\u00fcter oder Dienstleistungen verantwortlich, die durch uns oder Drittanbieter \u00fcber diese Webseite angeboten werden. UrlaubCornwall entzieht sich jeglicher Haftung in Bezug auf Transaktionen zwischen den Besuchern unserer Website und jeglichen Drittanbietern.<\/p>\n<p>UrlaubCornwall wird alle angemessenen Schritte unternehmen, um die Verf\u00fcgbarkeit der Webseite zu gew\u00e4hrleisten, ist aber keineswegs haftbar, sollte die Webseite aus jeglichen Gr\u00fcnden, die au\u00dferhalb unserer Kontrolle liegen, nicht verf\u00fcgbar sein.<\/p>\n<p>(Stand Oktober 2022)<\/p>\n<p><strong>Gesch\u00e4ftsbedingungen<\/strong><\/p>\n<p><strong class=\"standout\">Urlaub Cornwall Ltd<\/strong><\/p>\n<p>Company Number: 8033074<br \/>\nVAT Number: 136 7807 90<\/p>\n<p><strong class=\"standout\">Adresse: <\/strong>Mia Casa, North Pool Road, Illogan TR15 3JQ<\/p>\n<p><strong class=\"standout\">E-Mail: <\/strong><a href=\"mailto:info@urlaubcornwall.de\">info@urlaubcornwall.de<\/a><\/p>\n<p>UrlaubCornwall.de ist keine Reiseveranstalter oder Reiseb\u00fcro, sondern eine Quelle empfohlener Urlaubsunterk\u00fcnfte und Reisedienste unserer vertrauensw\u00fcrdigen Partner. Der Buchungsvertrag wird geschlossen zwischen der Person, die die Unterkunft bucht und dem Besitzer oder der Agentur der Unterkunft.<\/p>\n<p>Ein Buchungsvertrag entsteht erst dann, wenn Ihre Buchungsnachfrage von der Agentur akzeptiert und demzufolge schriftlich best\u00e4tigt wurde, sowie die verlangte Vorauszahlung erfolgt ist. Dies unterliegt den Gesch\u00e4ftsbedingungen der Agentur.<\/p>\n","protected":false},"excerpt":{"rendered":"<p>Datenschutzerkl\u00e4rung Durch Ihren Zugriff auf und Ihre Verwendung der UrlaubCornwall-Webseite stimmen Sie den allgemeinen Bestimmungen unserer Datenschutzrichtlinie und Nutzungsbedingungen, wie unten aufgef\u00fchrt, zu. Der Websitebetreiber nimmt Ihren Datenschutz sehr ernst und behandelt Ihre personenbezogenen Daten vertraulich und entsprechend der gesetzlichen Vorschriften. Bedenken Sie, dass die Daten\u00fcbertragung im Internet grunds\u00e4tzlich mit Sicherheitsl\u00fccken bedacht sein kann. Ein [&hellip;]<\/p>\n","protected":false},"author":1,"featured_media":0,"parent":0,"menu_order":0,"comment_status":"closed","ping_status":"closed","template":"single-four.php","meta":[],"acf":[],"yoast_head":"<!-- This site is optimized with the Yoast SEO plugin v19.4 - https:\/\/yoast.com\/wordpress\/plugins\/seo\/ -->\n<title>AGB \/ Datenschutz - Urlaub &amp; Reisen<\/title>\n<meta name=\"robots\" content=\"index, follow, max-snippet:-1, max-image-preview:large, max-video-preview:-1\" \/>\n<link rel=\"canonical\" href=\"https:\/\/www.urlaubcornwall.de\/blog\/agb-datenschutz\/\" \/>\n<meta property=\"og:locale\" content=\"en_US\" \/>\n<meta property=\"og:type\" content=\"article\" \/>\n<meta property=\"og:title\" content=\"AGB \/ Datenschutz - Urlaub &amp; Reisen\" \/>\n<meta property=\"og:description\" content=\"Datenschutzerkl\u00e4rung Durch Ihren Zugriff auf und Ihre Verwendung der UrlaubCornwall-Webseite stimmen Sie den allgemeinen Bestimmungen unserer Datenschutzrichtlinie und Nutzungsbedingungen, wie unten aufgef\u00fchrt, zu. Der Websitebetreiber nimmt Ihren Datenschutz sehr ernst und behandelt Ihre personenbezogenen Daten vertraulich und entsprechend der gesetzlichen Vorschriften. Bedenken Sie, dass die Daten\u00fcbertragung im Internet grunds\u00e4tzlich mit Sicherheitsl\u00fccken bedacht sein kann. Ein [&hellip;]\" \/>\n<meta property=\"og:url\" content=\"https:\/\/www.urlaubcornwall.de\/blog\/agb-datenschutz\/\" \/>\n<meta property=\"og:site_name\" content=\"Urlaub &amp; Reisen\" \/>\n<meta property=\"article:modified_time\" content=\"2023-08-24T10:24:19+00:00\" \/>\n<meta property=\"og:image\" content=\"https:\/\/www.urlaubcornwall.de\/blog\/wp-content\/uploads\/2013\/04\/special_offers.jpg\" \/>\n<meta name=\"twitter:card\" content=\"summary\" \/>\n<meta name=\"twitter:label1\" content=\"Est. reading time\" \/>\n\t<meta name=\"twitter:data1\" content=\"4 minutes\" \/>\n<script type=\"application\/ld+json\" class=\"yoast-schema-graph\">{\"@context\":\"https:\/\/schema.org\",\"@graph\":[{\"@type\":\"WebSite\",\"@id\":\"https:\/\/www.urlaubcornwall.de\/blog\/#website\",\"url\":\"https:\/\/www.urlaubcornwall.de\/blog\/\",\"name\":\"Urlaub &amp; Reisen\",\"description\":\"Urlaub, Reisen, Cornwall und S\u00fcdengland: eine perfekte Kombination\",\"potentialAction\":[{\"@type\":\"SearchAction\",\"target\":{\"@type\":\"EntryPoint\",\"urlTemplate\":\"https:\/\/www.urlaubcornwall.de\/blog\/?s={search_term_string}\"},\"query-input\":\"required name=search_term_string\"}],\"inLanguage\":\"en-US\"},{\"@type\":\"WebPage\",\"@id\":\"https:\/\/www.urlaubcornwall.de\/blog\/agb-datenschutz\/\",\"url\":\"https:\/\/www.urlaubcornwall.de\/blog\/agb-datenschutz\/\",\"name\":\"AGB \/ Datenschutz - Urlaub &amp; Reisen\",\"isPartOf\":{\"@id\":\"https:\/\/www.urlaubcornwall.de\/blog\/#website\"},\"datePublished\":\"2015-10-12T14:19:54+00:00\",\"dateModified\":\"2023-08-24T10:24:19+00:00\",\"breadcrumb\":{\"@id\":\"https:\/\/www.urlaubcornwall.de\/blog\/agb-datenschutz\/#breadcrumb\"},\"inLanguage\":\"en-US\",\"potentialAction\":[{\"@type\":\"ReadAction\",\"target\":[\"https:\/\/www.urlaubcornwall.de\/blog\/agb-datenschutz\/\"]}]},{\"@type\":\"BreadcrumbList\",\"@id\":\"https:\/\/www.urlaubcornwall.de\/blog\/agb-datenschutz\/#breadcrumb\",\"itemListElement\":[{\"@type\":\"ListItem\",\"position\":1,\"name\":\"Home\",\"item\":\"https:\/\/www.urlaubcornwall.de\/blog\/\"},{\"@type\":\"ListItem\",\"position\":2,\"name\":\"AGB \/ Datenschutz\"}]}]}<\/script>\n<!-- \/ Yoast SEO plugin. -->","yoast_head_json":{"title":"AGB \/ Datenschutz - Urlaub &amp; Reisen","robots":{"index":"index","follow":"follow","max-snippet":"max-snippet:-1","max-image-preview":"max-image-preview:large","max-video-preview":"max-video-preview:-1"},"canonical":"https:\/\/www.urlaubcornwall.de\/blog\/agb-datenschutz\/","og_locale":"en_US","og_type":"article","og_title":"AGB \/ Datenschutz - Urlaub &amp; Reisen","og_description":"Datenschutzerkl\u00e4rung Durch Ihren Zugriff auf und Ihre Verwendung der UrlaubCornwall-Webseite stimmen Sie den allgemeinen Bestimmungen unserer Datenschutzrichtlinie und Nutzungsbedingungen, wie unten aufgef\u00fchrt, zu. Der Websitebetreiber nimmt Ihren Datenschutz sehr ernst und behandelt Ihre personenbezogenen Daten vertraulich und entsprechend der gesetzlichen Vorschriften. Bedenken Sie, dass die Daten\u00fcbertragung im Internet grunds\u00e4tzlich mit Sicherheitsl\u00fccken bedacht sein kann. Ein [&hellip;]","og_url":"https:\/\/www.urlaubcornwall.de\/blog\/agb-datenschutz\/","og_site_name":"Urlaub &amp; Reisen","article_modified_time":"2023-08-24T10:24:19+00:00","og_image":[{"url":"https:\/\/www.urlaubcornwall.de\/blog\/wp-content\/uploads\/2013\/04\/special_offers.jpg"}],"twitter_card":"summary","twitter_misc":{"Est. reading time":"4 minutes"},"schema":{"@context":"https:\/\/schema.org","@graph":[{"@type":"WebSite","@id":"https:\/\/www.urlaubcornwall.de\/blog\/#website","url":"https:\/\/www.urlaubcornwall.de\/blog\/","name":"Urlaub &amp; Reisen","description":"Urlaub, Reisen, Cornwall und S\u00fcdengland: eine perfekte Kombination","potentialAction":[{"@type":"SearchAction","target":{"@type":"EntryPoint","urlTemplate":"https:\/\/www.urlaubcornwall.de\/blog\/?s={search_term_string}"},"query-input":"required name=search_term_string"}],"inLanguage":"en-US"},{"@type":"WebPage","@id":"https:\/\/www.urlaubcornwall.de\/blog\/agb-datenschutz\/","url":"https:\/\/www.urlaubcornwall.de\/blog\/agb-datenschutz\/","name":"AGB \/ Datenschutz - Urlaub &amp; Reisen","isPartOf":{"@id":"https:\/\/www.urlaubcornwall.de\/blog\/#website"},"datePublished":"2015-10-12T14:19:54+00:00","dateModified":"2023-08-24T10:24:19+00:00","breadcrumb":{"@id":"https:\/\/www.urlaubcornwall.de\/blog\/agb-datenschutz\/#breadcrumb"},"inLanguage":"en-US","potentialAction":[{"@type":"ReadAction","target":["https:\/\/www.urlaubcornwall.de\/blog\/agb-datenschutz\/"]}]},{"@type":"BreadcrumbList","@id":"https:\/\/www.urlaubcornwall.de\/blog\/agb-datenschutz\/#breadcrumb","itemListElement":[{"@type":"ListItem","position":1,"name":"Home","item":"https:\/\/www.urlaubcornwall.de\/blog\/"},{"@type":"ListItem","position":2,"name":"AGB \/ Datenschutz"}]}]}},"_links":{"self":[{"href":"https:\/\/www.urlaubcornwall.de\/blog\/wp-json\/wp\/v2\/pages\/20636"}],"collection":[{"href":"https:\/\/www.urlaubcornwall.de\/blog\/wp-json\/wp\/v2\/pages"}],"about":[{"href":"https:\/\/www.urlaubcornwall.de\/blog\/wp-json\/wp\/v2\/types\/page"}],"author":[{"embeddable":true,"href":"https:\/\/www.urlaubcornwall.de\/blog\/wp-json\/wp\/v2\/users\/1"}],"replies":[{"embeddable":true,"href":"https:\/\/www.urlaubcornwall.de\/blog\/wp-json\/wp\/v2\/comments?post=20636"}],"version-history":[{"count":13,"href":"https:\/\/www.urlaubcornwall.de\/blog\/wp-json\/wp\/v2\/pages\/20636\/revisions"}],"predecessor-version":[{"id":47010,"href":"https:\/\/www.urlaubcornwall.de\/blog\/wp-json\/wp\/v2\/pages\/20636\/revisions\/47010"}],"wp:attachment":[{"href":"https:\/\/www.urlaubcornwall.de\/blog\/wp-json\/wp\/v2\/media?parent=20636"}],"curies":[{"name":"wp","href":"https:\/\/api.w.org\/{rel}","templated":true}]}}