{"id":20625,"date":"2015-10-12T13:54:34","date_gmt":"2015-10-12T13:54:34","guid":{"rendered":"https:\/\/www.urlaubcornwall.de\/blog\/?page_id=20625"},"modified":"2024-05-29T10:49:00","modified_gmt":"2024-05-29T10:49:00","slug":"luxusreisen-und-urlaub-durch-suedengland-und-london","status":"publish","type":"page","link":"https:\/\/www.urlaubcornwall.de\/blog\/luxusreisen-und-urlaub-durch-suedengland-und-london\/","title":{"rendered":"Luxusreise London und durch S\u00fcdengland"},"content":{"rendered":"<p><a href=\"https:\/\/www.urlaubcornwall.de\/blog\/wp-content\/uploads\/2024\/03\/london-park.jpg\"><img loading=\"lazy\" src=\"https:\/\/www.urlaubcornwall.de\/blog\/wp-content\/uploads\/2024\/03\/london-park.jpg\" alt=\"london park\" width=\"750\" height=\"500\" class=\"alignnone size-full wp-image-47843\" srcset=\"https:\/\/www.urlaubcornwall.de\/blog\/wp-content\/uploads\/2024\/03\/london-park.jpg 750w, https:\/\/www.urlaubcornwall.de\/blog\/wp-content\/uploads\/2024\/03\/london-park-300x200.jpg 300w\" sizes=\"(max-width: 750px) 100vw, 750px\" \/><\/a><\/p>\n<p>London und der <a href=\"http:\/\/www.urlaubcornwall.de\/reiseziel\/suedengland.php\">S\u00fcden Englands<\/a> verf\u00fcgen \u00fcber einige der weltfeinsten Luxushotels, vom klassisch englischen Stil des Bovey Schlosses im Dartmoor bis hin zu schicken modernen Boutique-Hotels im Stadtzentrum Londons, wie zum Beispiel das Sanderson im Herzen des Westendes.<\/p>\n<h1 style=\"text-align: center;\"><a href=\"http:\/\/www.urlaubcornwall.de\/rundreisenservice.php\"><span style=\"text-decoration: underline;\"><strong>Luxusreisen &#8211; unser Service<\/strong><\/span><\/a><\/h1>\n<p style=\"text-align: center;\">Mit Sitz in S\u00fcdengland haben wir Zugriff auf die neuesten Hotspots, Tophotels und inspirierende Ideen f\u00fcr Urlaube und Reisen durch die Region. Wir sind darauf spezialisiert, einen pers\u00f6nlichen Reiseplan zu kreieren, der Ihren Anforderungen perfekt entspricht, einschlie\u00dflich der Fl\u00fcge, Autovermietung und besondere Anforderungen, die Sie vielleicht haben.<\/p>\n<h1 style=\"text-align: center;\"><img loading=\"lazy\" class=\"aligncenter size-full wp-image-24644\" src=\"https:\/\/www.urlaubcornwall.de\/blog\/wp-content\/uploads\/2016\/06\/urlaub-und-sudengland_logo-final.jpg\" alt=\"\" height=\"380\" width=\"764\" srcset=\"https:\/\/www.urlaubcornwall.de\/blog\/wp-content\/uploads\/2016\/06\/urlaub-und-sudengland_logo-final.jpg 764w, https:\/\/www.urlaubcornwall.de\/blog\/wp-content\/uploads\/2016\/06\/urlaub-und-sudengland_logo-final-300x149.jpg 300w\" sizes=\"(max-width: 764px) 100vw, 764px\" \/><\/h1>\n<p style=\"text-align: center;\"><a class=\"tidycta\" href=\"http:\/\/www.urlaubcornwall.de\/anfrage.php?tourcode= Luxusreise S\u00fcdengland\">Luxusreise S\u00fcdengland Anfrage<\/a><\/p>\n<p style=\"text-align: center;\">In einer Eins-zu-Eins-Beratung mit unseren Reiseexperten finden wir genau heraus, wonach Sie bei Ihren Urlaubspl\u00e4nen suchen, was wiederum bedeutet, dass keine zwei Reisepl\u00e4ne sich gleichen.<\/p>\n<p style=\"text-align: center;\">Um mit einem Teammitglied in Verbindung zu treten, schicken Sie uns einfach <u><a href=\"http:\/\/www.urlaubcornwall.de\/anfrage.php\">Ihre Nachfragen.<\/a><\/u><\/p>\n","protected":false},"excerpt":{"rendered":"<p>London und der S\u00fcden Englands verf\u00fcgen \u00fcber einige der weltfeinsten Luxushotels, vom klassisch englischen Stil des Bovey Schlosses im Dartmoor bis hin zu schicken modernen Boutique-Hotels im Stadtzentrum Londons, wie zum Beispiel das Sanderson im Herzen des Westendes. Luxusreisen &#8211; unser Service Mit Sitz in S\u00fcdengland haben wir Zugriff auf die neuesten Hotspots, Tophotels und [&hellip;]<\/p>\n","protected":false},"author":1,"featured_media":0,"parent":0,"menu_order":0,"comment_status":"closed","ping_status":"closed","template":"single-four.php","meta":[],"acf":[],"yoast_head":"<!-- This site is optimized with the Yoast SEO plugin v19.4 - https:\/\/yoast.com\/wordpress\/plugins\/seo\/ -->\n<title>Luxusreise London und durch S\u00fcdengland - Urlaub &amp; Reisen<\/title>\n<meta name=\"robots\" content=\"index, follow, max-snippet:-1, max-image-preview:large, max-video-preview:-1\" \/>\n<link rel=\"canonical\" href=\"https:\/\/www.urlaubcornwall.de\/blog\/luxusreisen-und-urlaub-durch-suedengland-und-london\/\" \/>\n<meta property=\"og:locale\" content=\"en_US\" \/>\n<meta property=\"og:type\" content=\"article\" \/>\n<meta property=\"og:title\" content=\"Luxusreise London und durch S\u00fcdengland - Urlaub &amp; Reisen\" \/>\n<meta property=\"og:description\" content=\"London und der S\u00fcden Englands verf\u00fcgen \u00fcber einige der weltfeinsten Luxushotels, vom klassisch englischen Stil des Bovey Schlosses im Dartmoor bis hin zu schicken modernen Boutique-Hotels im Stadtzentrum Londons, wie zum Beispiel das Sanderson im Herzen des Westendes. Luxusreisen &#8211; unser Service Mit Sitz in S\u00fcdengland haben wir Zugriff auf die neuesten Hotspots, Tophotels und [&hellip;]\" \/>\n<meta property=\"og:url\" content=\"https:\/\/www.urlaubcornwall.de\/blog\/luxusreisen-und-urlaub-durch-suedengland-und-london\/\" \/>\n<meta property=\"og:site_name\" content=\"Urlaub &amp; Reisen\" \/>\n<meta property=\"article:modified_time\" content=\"2024-05-29T10:49:00+00:00\" \/>\n<meta property=\"og:image\" content=\"https:\/\/www.urlaubcornwall.de\/blog\/wp-content\/uploads\/2024\/03\/london-park.jpg\" \/>\n<meta name=\"twitter:card\" content=\"summary\" \/>\n<meta name=\"twitter:label1\" content=\"Est. reading time\" \/>\n\t<meta name=\"twitter:data1\" content=\"1 minute\" \/>\n<script type=\"application\/ld+json\" class=\"yoast-schema-graph\">{\"@context\":\"https:\/\/schema.org\",\"@graph\":[{\"@type\":\"WebSite\",\"@id\":\"https:\/\/www.urlaubcornwall.de\/blog\/#website\",\"url\":\"https:\/\/www.urlaubcornwall.de\/blog\/\",\"name\":\"Urlaub &amp; Reisen\",\"description\":\"Urlaub, Reisen, Cornwall und S\u00fcdengland: eine perfekte Kombination\",\"potentialAction\":[{\"@type\":\"SearchAction\",\"target\":{\"@type\":\"EntryPoint\",\"urlTemplate\":\"https:\/\/www.urlaubcornwall.de\/blog\/?s={search_term_string}\"},\"query-input\":\"required name=search_term_string\"}],\"inLanguage\":\"en-US\"},{\"@type\":\"WebPage\",\"@id\":\"https:\/\/www.urlaubcornwall.de\/blog\/luxusreisen-und-urlaub-durch-suedengland-und-london\/\",\"url\":\"https:\/\/www.urlaubcornwall.de\/blog\/luxusreisen-und-urlaub-durch-suedengland-und-london\/\",\"name\":\"Luxusreise London und durch S\u00fcdengland - Urlaub &amp; Reisen\",\"isPartOf\":{\"@id\":\"https:\/\/www.urlaubcornwall.de\/blog\/#website\"},\"datePublished\":\"2015-10-12T13:54:34+00:00\",\"dateModified\":\"2024-05-29T10:49:00+00:00\",\"breadcrumb\":{\"@id\":\"https:\/\/www.urlaubcornwall.de\/blog\/luxusreisen-und-urlaub-durch-suedengland-und-london\/#breadcrumb\"},\"inLanguage\":\"en-US\",\"potentialAction\":[{\"@type\":\"ReadAction\",\"target\":[\"https:\/\/www.urlaubcornwall.de\/blog\/luxusreisen-und-urlaub-durch-suedengland-und-london\/\"]}]},{\"@type\":\"BreadcrumbList\",\"@id\":\"https:\/\/www.urlaubcornwall.de\/blog\/luxusreisen-und-urlaub-durch-suedengland-und-london\/#breadcrumb\",\"itemListElement\":[{\"@type\":\"ListItem\",\"position\":1,\"name\":\"Home\",\"item\":\"https:\/\/www.urlaubcornwall.de\/blog\/\"},{\"@type\":\"ListItem\",\"position\":2,\"name\":\"Luxusreise London und durch S\u00fcdengland\"}]}]}<\/script>\n<!-- \/ Yoast SEO plugin. -->","yoast_head_json":{"title":"Luxusreise London und durch S\u00fcdengland - Urlaub &amp; Reisen","robots":{"index":"index","follow":"follow","max-snippet":"max-snippet:-1","max-image-preview":"max-image-preview:large","max-video-preview":"max-video-preview:-1"},"canonical":"https:\/\/www.urlaubcornwall.de\/blog\/luxusreisen-und-urlaub-durch-suedengland-und-london\/","og_locale":"en_US","og_type":"article","og_title":"Luxusreise London und durch S\u00fcdengland - Urlaub &amp; Reisen","og_description":"London und der S\u00fcden Englands verf\u00fcgen \u00fcber einige der weltfeinsten Luxushotels, vom klassisch englischen Stil des Bovey Schlosses im Dartmoor bis hin zu schicken modernen Boutique-Hotels im Stadtzentrum Londons, wie zum Beispiel das Sanderson im Herzen des Westendes. Luxusreisen &#8211; unser Service Mit Sitz in S\u00fcdengland haben wir Zugriff auf die neuesten Hotspots, Tophotels und [&hellip;]","og_url":"https:\/\/www.urlaubcornwall.de\/blog\/luxusreisen-und-urlaub-durch-suedengland-und-london\/","og_site_name":"Urlaub &amp; Reisen","article_modified_time":"2024-05-29T10:49:00+00:00","og_image":[{"url":"https:\/\/www.urlaubcornwall.de\/blog\/wp-content\/uploads\/2024\/03\/london-park.jpg"}],"twitter_card":"summary","twitter_misc":{"Est. reading time":"1 minute"},"schema":{"@context":"https:\/\/schema.org","@graph":[{"@type":"WebSite","@id":"https:\/\/www.urlaubcornwall.de\/blog\/#website","url":"https:\/\/www.urlaubcornwall.de\/blog\/","name":"Urlaub &amp; Reisen","description":"Urlaub, Reisen, Cornwall und S\u00fcdengland: eine perfekte Kombination","potentialAction":[{"@type":"SearchAction","target":{"@type":"EntryPoint","urlTemplate":"https:\/\/www.urlaubcornwall.de\/blog\/?s={search_term_string}"},"query-input":"required name=search_term_string"}],"inLanguage":"en-US"},{"@type":"WebPage","@id":"https:\/\/www.urlaubcornwall.de\/blog\/luxusreisen-und-urlaub-durch-suedengland-und-london\/","url":"https:\/\/www.urlaubcornwall.de\/blog\/luxusreisen-und-urlaub-durch-suedengland-und-london\/","name":"Luxusreise London und durch S\u00fcdengland - Urlaub &amp; Reisen","isPartOf":{"@id":"https:\/\/www.urlaubcornwall.de\/blog\/#website"},"datePublished":"2015-10-12T13:54:34+00:00","dateModified":"2024-05-29T10:49:00+00:00","breadcrumb":{"@id":"https:\/\/www.urlaubcornwall.de\/blog\/luxusreisen-und-urlaub-durch-suedengland-und-london\/#breadcrumb"},"inLanguage":"en-US","potentialAction":[{"@type":"ReadAction","target":["https:\/\/www.urlaubcornwall.de\/blog\/luxusreisen-und-urlaub-durch-suedengland-und-london\/"]}]},{"@type":"BreadcrumbList","@id":"https:\/\/www.urlaubcornwall.de\/blog\/luxusreisen-und-urlaub-durch-suedengland-und-london\/#breadcrumb","itemListElement":[{"@type":"ListItem","position":1,"name":"Home","item":"https:\/\/www.urlaubcornwall.de\/blog\/"},{"@type":"ListItem","position":2,"name":"Luxusreise London und durch S\u00fcdengland"}]}]}},"_links":{"self":[{"href":"https:\/\/www.urlaubcornwall.de\/blog\/wp-json\/wp\/v2\/pages\/20625"}],"collection":[{"href":"https:\/\/www.urlaubcornwall.de\/blog\/wp-json\/wp\/v2\/pages"}],"about":[{"href":"https:\/\/www.urlaubcornwall.de\/blog\/wp-json\/wp\/v2\/types\/page"}],"author":[{"embeddable":true,"href":"https:\/\/www.urlaubcornwall.de\/blog\/wp-json\/wp\/v2\/users\/1"}],"replies":[{"embeddable":true,"href":"https:\/\/www.urlaubcornwall.de\/blog\/wp-json\/wp\/v2\/comments?post=20625"}],"version-history":[{"count":15,"href":"https:\/\/www.urlaubcornwall.de\/blog\/wp-json\/wp\/v2\/pages\/20625\/revisions"}],"predecessor-version":[{"id":50594,"href":"https:\/\/www.urlaubcornwall.de\/blog\/wp-json\/wp\/v2\/pages\/20625\/revisions\/50594"}],"wp:attachment":[{"href":"https:\/\/www.urlaubcornwall.de\/blog\/wp-json\/wp\/v2\/media?parent=20625"}],"curies":[{"name":"wp","href":"https:\/\/api.w.org\/{rel}","templated":true}]}}