{"id":20603,"date":"2015-10-12T11:04:19","date_gmt":"2015-10-12T11:04:19","guid":{"rendered":"https:\/\/www.urlaubcornwall.de\/blog\/?page_id=20603"},"modified":"2024-04-15T14:42:16","modified_gmt":"2024-04-15T14:42:16","slug":"luxusreisen-und-luxusurlaub-in-schottland","status":"publish","type":"page","link":"https:\/\/www.urlaubcornwall.de\/blog\/luxusreisen-und-luxusurlaub-in-schottland\/","title":{"rendered":"Luxusreisen und Luxusurlaub in Schottland"},"content":{"rendered":"<p>Schottland ist weltber\u00fchmt aufgrund seiner Natursch\u00f6nheit der Highlands und Inseln, seiner Geschichte, Kultur und nat\u00fcrlich des Whiskeys. Doch f\u00fcr all jene, die eine stilvolle Schottlanderfahrung machen m\u00f6chten, haben wir uns darauf spezialisiert, atemberaubende Rundreisen in <a href=\"https:\/\/www.urlaubcornwall.de\/blog\/schottland-rundreise-in-schlosshotels-schloesser-gaerten-und-legenden\/\"><span style=\"text-decoration: underline;\">Luxushotels und Schlosshotels<\/span><\/a> zu kreieren.<br \/>\n<a href=\"https:\/\/www.urlaubcornwall.de\/blog\/wp-content\/uploads\/2015\/10\/edinburgh1.jpg\"><img loading=\"lazy\" class=\"aligncenter size-full wp-image-22293\" src=\"https:\/\/www.urlaubcornwall.de\/blog\/wp-content\/uploads\/2015\/10\/edinburgh1.jpg\" alt=\"luxusurlaub schottland edinburgh\" width=\"745\" height=\"281\" srcset=\"https:\/\/www.urlaubcornwall.de\/blog\/wp-content\/uploads\/2015\/10\/edinburgh1.jpg 746w, https:\/\/www.urlaubcornwall.de\/blog\/wp-content\/uploads\/2015\/10\/edinburgh1-300x113.jpg 300w\" sizes=\"(max-width: 745px) 100vw, 745px\" \/><\/a><\/p>\n<p>Beziehen Sie einen <a href=\"https:\/\/www.urlaubcornwall.de\/blog\/staedtereisen-kurzurlaube-in-edinburgh\/\"><span style=\"text-decoration: underline;\">Stadtkurzurlaub in Edinburgh <\/span><\/a>mit ein, erleben Sie dabei den ber\u00fchmten Zapfenstreich, bereisen Sie die Sch\u00f6nheit der Trossachs, das dramatische Loch Ness, die Westk\u00fcste und weiter zur Insel Skye, einem 50 Meilen langen Flickwerk an samtenem Moorland, gezackten Bergen, glitzernden Seen und \u00fcberragenden Klippen. Wir haben uns darauf spezialisiert, einen pers\u00f6nlichen schottischen Reiseplan zusammenzustellen, der Ihren Anforderungen perfekt entspricht, einschlie\u00dflich der Fl\u00fcge, Autovermietung und besondere Anforderungen, die Sie vielleicht haben. In einer Eins-zu-Eins-Beratung mit unseren Reiseexperten finden wir genau heraus, wonach Sie bei Ihren Urlaubsplanen suchen, was wiederum bedeutet, dass keine zwei Reisepl\u00e4ne sich gleichen.<\/p>\n<div class=\"snippet\"> <a class=\"featured-item\" href=\" https:\/\/www.urlaubcornwall.de\/ferienhaeuser\/schottland.php\"> <span class=\"image-holder\" style=\"background-image: url(' https:\/\/www.urlaubcornwall.de\/blog\/wp-content\/uploads\/2019\/01\/urlaub-schottland-highlands-1.jpg ');\"><\/span> <span class=\"featured-content\"> \n<h2 class=\"featured-title\">Ferienh\u00e4user in Schottland<\/h2>\n<p class=\"featured-body\">Hier finden Sie pers\u00f6nlich inspizierte Cottages entlang der schottischen K\u00fcste, in den schottischen Highlands und auf den Inseln&#8230;..<\/p>\n<\/span> <span class=\"featured-link-holder\"> <span class=\"featured-extra-info\"> \n<p>F\u00fcr Paare, Familien &#038; Gruppen<\/p>\n<\/span> \n<p class=\"featured-link\">DETAILS<\/p>\n<\/span> <\/a><\/div>\n<div class=\"snippet\"> <a class=\"featured-item\" href=\" https:\/\/www.urlaubcornwall.de\/blog\/rundreisen-schottland\/\"> <span class=\"image-holder\" style=\"background-image: url(' https:\/\/www.urlaubcornwall.de\/blog\/wp-content\/uploads\/2019\/01\/rundreise-schottland.jpg ');\"><\/span> <span class=\"featured-content\"> \n<h2 class=\"featured-title\">Rundreise durch Schottland<\/h2>\n<p class=\"featured-body\">Urlaub in Schottland haben etwas f\u00fcr jeden Geschmack zu bieten \u2013 herrliche Sonnenunterg\u00e4nge \u00fcber magischen Inseln, wundersch\u00f6ne und dramatische K\u00fcstenstriche&#8230;<\/p>\n<\/span> <span class=\"featured-link-holder\"> <span class=\"featured-extra-info\"> \n<p>Ready Made Touren<\/p>\n<\/span> \n<p class=\"featured-link\">DETAILS<\/p>\n<\/span> <\/a><\/div>\n<p style=\"text-align: center;\">UrlaubCornwall.de hat seinen Firmensitz in Cornwall in S\u00fcdwestengland und bietet Kunden im Deutsch sprechenden Europa Hilfe im Erstellen der perfekten Urlaubserfahrung hier. Wir haben ein Team Deutsch sprechender Experten, so dass wir eine <a href=\"https:\/\/www.urlaubcornwall.de\/rundreisen\/grossbritannien.php\">individuelle Urlaub in Gro\u00dfbritannien<\/a>.<\/p>\n","protected":false},"excerpt":{"rendered":"<p>Schottland ist weltber\u00fchmt aufgrund seiner Natursch\u00f6nheit der Highlands und Inseln, seiner Geschichte, Kultur und nat\u00fcrlich des Whiskeys. Doch f\u00fcr all jene, die eine stilvolle Schottlanderfahrung machen m\u00f6chten, haben wir uns darauf spezialisiert, atemberaubende Rundreisen in Luxushotels und Schlosshotels zu kreieren. Beziehen Sie einen Stadtkurzurlaub in Edinburgh mit ein, erleben Sie dabei den ber\u00fchmten Zapfenstreich, bereisen [&hellip;]<\/p>\n","protected":false},"author":1,"featured_media":0,"parent":0,"menu_order":0,"comment_status":"closed","ping_status":"closed","template":"single-four.php","meta":[],"acf":[],"yoast_head":"<!-- This site is optimized with the Yoast SEO plugin v19.4 - https:\/\/yoast.com\/wordpress\/plugins\/seo\/ -->\n<title>Luxusreisen und Luxusurlaub in Schottland - Urlaub &amp; Reisen<\/title>\n<meta name=\"robots\" content=\"index, follow, max-snippet:-1, max-image-preview:large, max-video-preview:-1\" \/>\n<link rel=\"canonical\" href=\"https:\/\/www.urlaubcornwall.de\/blog\/luxusreisen-und-luxusurlaub-in-schottland\/\" \/>\n<meta property=\"og:locale\" content=\"en_US\" \/>\n<meta property=\"og:type\" content=\"article\" \/>\n<meta property=\"og:title\" content=\"Luxusreisen und Luxusurlaub in Schottland - Urlaub &amp; Reisen\" \/>\n<meta property=\"og:description\" content=\"Schottland ist weltber\u00fchmt aufgrund seiner Natursch\u00f6nheit der Highlands und Inseln, seiner Geschichte, Kultur und nat\u00fcrlich des Whiskeys. Doch f\u00fcr all jene, die eine stilvolle Schottlanderfahrung machen m\u00f6chten, haben wir uns darauf spezialisiert, atemberaubende Rundreisen in Luxushotels und Schlosshotels zu kreieren. Beziehen Sie einen Stadtkurzurlaub in Edinburgh mit ein, erleben Sie dabei den ber\u00fchmten Zapfenstreich, bereisen [&hellip;]\" \/>\n<meta property=\"og:url\" content=\"https:\/\/www.urlaubcornwall.de\/blog\/luxusreisen-und-luxusurlaub-in-schottland\/\" \/>\n<meta property=\"og:site_name\" content=\"Urlaub &amp; Reisen\" \/>\n<meta property=\"article:modified_time\" content=\"2024-04-15T14:42:16+00:00\" \/>\n<meta property=\"og:image\" content=\"https:\/\/www.urlaubcornwall.de\/blog\/wp-content\/uploads\/2015\/10\/edinburgh1.jpg\" \/>\n<meta name=\"twitter:card\" content=\"summary\" \/>\n<meta name=\"twitter:label1\" content=\"Est. reading time\" \/>\n\t<meta name=\"twitter:data1\" content=\"2 minutes\" \/>\n<script type=\"application\/ld+json\" class=\"yoast-schema-graph\">{\"@context\":\"https:\/\/schema.org\",\"@graph\":[{\"@type\":\"WebSite\",\"@id\":\"https:\/\/www.urlaubcornwall.de\/blog\/#website\",\"url\":\"https:\/\/www.urlaubcornwall.de\/blog\/\",\"name\":\"Urlaub &amp; Reisen\",\"description\":\"Urlaub, Reisen, Cornwall und S\u00fcdengland: eine perfekte Kombination\",\"potentialAction\":[{\"@type\":\"SearchAction\",\"target\":{\"@type\":\"EntryPoint\",\"urlTemplate\":\"https:\/\/www.urlaubcornwall.de\/blog\/?s={search_term_string}\"},\"query-input\":\"required name=search_term_string\"}],\"inLanguage\":\"en-US\"},{\"@type\":\"WebPage\",\"@id\":\"https:\/\/www.urlaubcornwall.de\/blog\/luxusreisen-und-luxusurlaub-in-schottland\/\",\"url\":\"https:\/\/www.urlaubcornwall.de\/blog\/luxusreisen-und-luxusurlaub-in-schottland\/\",\"name\":\"Luxusreisen und Luxusurlaub in Schottland - Urlaub &amp; Reisen\",\"isPartOf\":{\"@id\":\"https:\/\/www.urlaubcornwall.de\/blog\/#website\"},\"datePublished\":\"2015-10-12T11:04:19+00:00\",\"dateModified\":\"2024-04-15T14:42:16+00:00\",\"breadcrumb\":{\"@id\":\"https:\/\/www.urlaubcornwall.de\/blog\/luxusreisen-und-luxusurlaub-in-schottland\/#breadcrumb\"},\"inLanguage\":\"en-US\",\"potentialAction\":[{\"@type\":\"ReadAction\",\"target\":[\"https:\/\/www.urlaubcornwall.de\/blog\/luxusreisen-und-luxusurlaub-in-schottland\/\"]}]},{\"@type\":\"BreadcrumbList\",\"@id\":\"https:\/\/www.urlaubcornwall.de\/blog\/luxusreisen-und-luxusurlaub-in-schottland\/#breadcrumb\",\"itemListElement\":[{\"@type\":\"ListItem\",\"position\":1,\"name\":\"Home\",\"item\":\"https:\/\/www.urlaubcornwall.de\/blog\/\"},{\"@type\":\"ListItem\",\"position\":2,\"name\":\"Luxusreisen und Luxusurlaub in Schottland\"}]}]}<\/script>\n<!-- \/ Yoast SEO plugin. -->","yoast_head_json":{"title":"Luxusreisen und Luxusurlaub in Schottland - Urlaub &amp; Reisen","robots":{"index":"index","follow":"follow","max-snippet":"max-snippet:-1","max-image-preview":"max-image-preview:large","max-video-preview":"max-video-preview:-1"},"canonical":"https:\/\/www.urlaubcornwall.de\/blog\/luxusreisen-und-luxusurlaub-in-schottland\/","og_locale":"en_US","og_type":"article","og_title":"Luxusreisen und Luxusurlaub in Schottland - Urlaub &amp; Reisen","og_description":"Schottland ist weltber\u00fchmt aufgrund seiner Natursch\u00f6nheit der Highlands und Inseln, seiner Geschichte, Kultur und nat\u00fcrlich des Whiskeys. Doch f\u00fcr all jene, die eine stilvolle Schottlanderfahrung machen m\u00f6chten, haben wir uns darauf spezialisiert, atemberaubende Rundreisen in Luxushotels und Schlosshotels zu kreieren. Beziehen Sie einen Stadtkurzurlaub in Edinburgh mit ein, erleben Sie dabei den ber\u00fchmten Zapfenstreich, bereisen [&hellip;]","og_url":"https:\/\/www.urlaubcornwall.de\/blog\/luxusreisen-und-luxusurlaub-in-schottland\/","og_site_name":"Urlaub &amp; Reisen","article_modified_time":"2024-04-15T14:42:16+00:00","og_image":[{"url":"https:\/\/www.urlaubcornwall.de\/blog\/wp-content\/uploads\/2015\/10\/edinburgh1.jpg"}],"twitter_card":"summary","twitter_misc":{"Est. reading time":"2 minutes"},"schema":{"@context":"https:\/\/schema.org","@graph":[{"@type":"WebSite","@id":"https:\/\/www.urlaubcornwall.de\/blog\/#website","url":"https:\/\/www.urlaubcornwall.de\/blog\/","name":"Urlaub &amp; Reisen","description":"Urlaub, Reisen, Cornwall und S\u00fcdengland: eine perfekte Kombination","potentialAction":[{"@type":"SearchAction","target":{"@type":"EntryPoint","urlTemplate":"https:\/\/www.urlaubcornwall.de\/blog\/?s={search_term_string}"},"query-input":"required name=search_term_string"}],"inLanguage":"en-US"},{"@type":"WebPage","@id":"https:\/\/www.urlaubcornwall.de\/blog\/luxusreisen-und-luxusurlaub-in-schottland\/","url":"https:\/\/www.urlaubcornwall.de\/blog\/luxusreisen-und-luxusurlaub-in-schottland\/","name":"Luxusreisen und Luxusurlaub in Schottland - Urlaub &amp; Reisen","isPartOf":{"@id":"https:\/\/www.urlaubcornwall.de\/blog\/#website"},"datePublished":"2015-10-12T11:04:19+00:00","dateModified":"2024-04-15T14:42:16+00:00","breadcrumb":{"@id":"https:\/\/www.urlaubcornwall.de\/blog\/luxusreisen-und-luxusurlaub-in-schottland\/#breadcrumb"},"inLanguage":"en-US","potentialAction":[{"@type":"ReadAction","target":["https:\/\/www.urlaubcornwall.de\/blog\/luxusreisen-und-luxusurlaub-in-schottland\/"]}]},{"@type":"BreadcrumbList","@id":"https:\/\/www.urlaubcornwall.de\/blog\/luxusreisen-und-luxusurlaub-in-schottland\/#breadcrumb","itemListElement":[{"@type":"ListItem","position":1,"name":"Home","item":"https:\/\/www.urlaubcornwall.de\/blog\/"},{"@type":"ListItem","position":2,"name":"Luxusreisen und Luxusurlaub in Schottland"}]}]}},"_links":{"self":[{"href":"https:\/\/www.urlaubcornwall.de\/blog\/wp-json\/wp\/v2\/pages\/20603"}],"collection":[{"href":"https:\/\/www.urlaubcornwall.de\/blog\/wp-json\/wp\/v2\/pages"}],"about":[{"href":"https:\/\/www.urlaubcornwall.de\/blog\/wp-json\/wp\/v2\/types\/page"}],"author":[{"embeddable":true,"href":"https:\/\/www.urlaubcornwall.de\/blog\/wp-json\/wp\/v2\/users\/1"}],"replies":[{"embeddable":true,"href":"https:\/\/www.urlaubcornwall.de\/blog\/wp-json\/wp\/v2\/comments?post=20603"}],"version-history":[{"count":13,"href":"https:\/\/www.urlaubcornwall.de\/blog\/wp-json\/wp\/v2\/pages\/20603\/revisions"}],"predecessor-version":[{"id":49597,"href":"https:\/\/www.urlaubcornwall.de\/blog\/wp-json\/wp\/v2\/pages\/20603\/revisions\/49597"}],"wp:attachment":[{"href":"https:\/\/www.urlaubcornwall.de\/blog\/wp-json\/wp\/v2\/media?parent=20603"}],"curies":[{"name":"wp","href":"https:\/\/api.w.org\/{rel}","templated":true}]}}