{"id":20583,"date":"2015-10-12T10:18:43","date_gmt":"2015-10-12T10:18:43","guid":{"rendered":"https:\/\/www.urlaubcornwall.de\/blog\/?page_id=20583"},"modified":"2024-06-10T15:03:22","modified_gmt":"2024-06-10T15:03:22","slug":"luxusreisen-unser-service","status":"publish","type":"page","link":"https:\/\/www.urlaubcornwall.de\/blog\/luxusreisen-unser-service\/","title":{"rendered":"Luxusreise &#8211; unser Service"},"content":{"rendered":"<p><a href=\"https:\/\/www.urlaubcornwall.de\/blog\/wp-content\/uploads\/2024\/03\/Gartentour-durch-Sudengland-stourhead.jpg\"><img loading=\"lazy\" class=\"aligncenter size-full wp-image-20643\" src=\"https:\/\/www.urlaubcornwall.de\/blog\/wp-content\/uploads\/2024\/03\/Gartentour-durch-Sudengland-stourhead.jpg\" alt=\"Gartentour durch S\u00fcdengland stourhead\" width=\"750\" height=\"559\"\/><\/a><\/p>\n<p>Jeder <a href=\"https:\/\/www.urlaubcornwall.de\/blog\/luxusurlaub-und-luxusreisen-in-cornwall\/\"><span style=\"text-decoration: underline;\">ma\u00dfgeschneiderte Luxusurlaub<\/span><\/a>, den wir gestalten, ist so individuell wie die Person, f\u00fcr die wir ihn entwerfen. Dies r\u00fchrt daher, dass wir in unser Wissen bez\u00fcglich der Reiseziele investieren und unseren Leuten Zeit geben, das kennenzulernen, was jeder Kunde sucht. Indem wir dann unser Wissen mit unserem Kundenverst\u00e4ndnis verm\u00e4hlen, beabsichtigen wir damit, jedes Mal das Beste zu geben.<\/p>\n<p>Mit Sitz in Cornwall und einer Leidenschaft f\u00fcr die feineren Dinge des Lebens bieten wir wahrhaft luxuri\u00f6sen Reiseservice f\u00fcr Ihre Rundreise durch S\u00fcdengland. Wir verf\u00fcgen \u00fcber echtes Insiderwissen und arbeiten nur mit den besten Luxushotels zusammen, um unvergessliche Touren oder atemberaubende 5-Sterne- Ferienh\u00e4user f\u00fcr den perfekten Familienurlaub am Meer schlechthin zu kreieren.<\/p>\n<p>Sie werden die Chance bekommen, mit einem Experten zu sprechen, der das Reiseziel Ihrer Wahl ausprobiert und getestet hat. Erz\u00e4hlen Sie uns ein bisschen von sich selbst, Ihren Interessen, Vorlieben, Geschmacksrichtungen und Neigungen, so dass wir Rat und Tipps geben und damit beginnen k\u00f6nnen, Ihre ma\u00dfgeschneiderte Reise zusammenzustellen.<\/p>\n<h2 style=\"text-align: center;\">Unser Rundreisenservice<\/h2>\n<p style=\"text-align: center;\"><a class=\"tidycta\" href=\"http:\/\/www.urlaubcornwall.de\/anfrage.php?tourcode=Luxusreise\">Anfrage \/ Buchung<\/a><\/p>\n<p style=\"text-align: center;\"><a href=\"http:\/\/urlaubcornwall.de\/\">UrlaubCornwall.de<\/a> hat seinen Firmensitz in Cornwall in S\u00fcdwestengland und bietet Kunden im Deutsch sprechenden Europa Hilfe im Erstellen der perfekten Urlaubserfahrung hier.<\/p>\n<p style=\"text-align: center;\">Wir haben <a href=\"http:\/\/www.urlaubcornwall.de\/rundreisenservice.php\">ein Team Deutsch sprechender Experten<\/a>, so dass wir eine individuelle Rundreise durch Cornwall, S\u00fcdengland und nun auch durch den Rest Gro\u00dfbritanniens und Irlands anbieten k\u00f6nnen.Wir bieten eine fantastische Auswahl an Rundreisen mit den beliebtesten Attraktionen und St\u00e4dten in <a href=\"http:\/\/www.urlaubcornwall.de\/reiseziel\/cornwall.php\">Cornwall<\/a>, <a href=\"https:\/\/www.urlaubcornwall.de\/blog\/rundreisen-england-wales\/\">England<\/a>, <a href=\"https:\/\/www.urlaubcornwall.de\/blog\/rundreisen-schottland\/\">Schottland,<\/a> <a href=\"https:\/\/www.urlaubcornwall.de\/blog\/rundreisen-england-wales\/\">Wales<\/a> und <a href=\"https:\/\/www.urlaubcornwall.de\/blog\/rundreisen-irland\/\">Irland.<\/a><\/p>\n<p><img loading=\"lazy\" class=\"aligncenter size-full wp-image-24598\" src=\"https:\/\/www.urlaubcornwall.de\/blog\/wp-content\/uploads\/2016\/06\/urlaub-und-gro\u00dfbritannien_logo_final.jpg\" alt=\"urlaub-gro\u00dfbritannien_logo\" width=\"746\" height=\"361\" srcset=\"https:\/\/www.urlaubcornwall.de\/blog\/wp-content\/uploads\/2016\/06\/urlaub-und-gro\u00dfbritannien_logo_final.jpg 746w, https:\/\/www.urlaubcornwall.de\/blog\/wp-content\/uploads\/2016\/06\/urlaub-und-gro\u00dfbritannien_logo_final-300x145.jpg 300w\" sizes=\"(max-width: 746px) 100vw, 746px\" \/><\/p>\n","protected":false},"excerpt":{"rendered":"<p>Jeder ma\u00dfgeschneiderte Luxusurlaub, den wir gestalten, ist so individuell wie die Person, f\u00fcr die wir ihn entwerfen. Dies r\u00fchrt daher, dass wir in unser Wissen bez\u00fcglich der Reiseziele investieren und unseren Leuten Zeit geben, das kennenzulernen, was jeder Kunde sucht. Indem wir dann unser Wissen mit unserem Kundenverst\u00e4ndnis verm\u00e4hlen, beabsichtigen wir damit, jedes Mal das [&hellip;]<\/p>\n","protected":false},"author":1,"featured_media":0,"parent":0,"menu_order":0,"comment_status":"closed","ping_status":"closed","template":"single-four.php","meta":[],"acf":[],"yoast_head":"<!-- This site is optimized with the Yoast SEO plugin v19.4 - https:\/\/yoast.com\/wordpress\/plugins\/seo\/ -->\n<title>Luxusreise - unser Service - Urlaub &amp; Reisen<\/title>\n<meta name=\"robots\" content=\"index, follow, max-snippet:-1, max-image-preview:large, max-video-preview:-1\" \/>\n<link rel=\"canonical\" href=\"https:\/\/www.urlaubcornwall.de\/blog\/luxusreisen-unser-service\/\" \/>\n<meta property=\"og:locale\" content=\"en_US\" \/>\n<meta property=\"og:type\" content=\"article\" \/>\n<meta property=\"og:title\" content=\"Luxusreise - unser Service - Urlaub &amp; Reisen\" \/>\n<meta property=\"og:description\" content=\"Jeder ma\u00dfgeschneiderte Luxusurlaub, den wir gestalten, ist so individuell wie die Person, f\u00fcr die wir ihn entwerfen. Dies r\u00fchrt daher, dass wir in unser Wissen bez\u00fcglich der Reiseziele investieren und unseren Leuten Zeit geben, das kennenzulernen, was jeder Kunde sucht. Indem wir dann unser Wissen mit unserem Kundenverst\u00e4ndnis verm\u00e4hlen, beabsichtigen wir damit, jedes Mal das [&hellip;]\" \/>\n<meta property=\"og:url\" content=\"https:\/\/www.urlaubcornwall.de\/blog\/luxusreisen-unser-service\/\" \/>\n<meta property=\"og:site_name\" content=\"Urlaub &amp; Reisen\" \/>\n<meta property=\"article:modified_time\" content=\"2024-06-10T15:03:22+00:00\" \/>\n<meta property=\"og:image\" content=\"https:\/\/www.urlaubcornwall.de\/blog\/wp-content\/uploads\/2024\/03\/Gartentour-durch-Sudengland-stourhead.jpg\" \/>\n<meta name=\"twitter:card\" content=\"summary\" \/>\n<meta name=\"twitter:label1\" content=\"Est. reading time\" \/>\n\t<meta name=\"twitter:data1\" content=\"2 minutes\" \/>\n<script type=\"application\/ld+json\" class=\"yoast-schema-graph\">{\"@context\":\"https:\/\/schema.org\",\"@graph\":[{\"@type\":\"WebSite\",\"@id\":\"https:\/\/www.urlaubcornwall.de\/blog\/#website\",\"url\":\"https:\/\/www.urlaubcornwall.de\/blog\/\",\"name\":\"Urlaub &amp; Reisen\",\"description\":\"Urlaub, Reisen, Cornwall und S\u00fcdengland: eine perfekte Kombination\",\"potentialAction\":[{\"@type\":\"SearchAction\",\"target\":{\"@type\":\"EntryPoint\",\"urlTemplate\":\"https:\/\/www.urlaubcornwall.de\/blog\/?s={search_term_string}\"},\"query-input\":\"required name=search_term_string\"}],\"inLanguage\":\"en-US\"},{\"@type\":\"WebPage\",\"@id\":\"https:\/\/www.urlaubcornwall.de\/blog\/luxusreisen-unser-service\/\",\"url\":\"https:\/\/www.urlaubcornwall.de\/blog\/luxusreisen-unser-service\/\",\"name\":\"Luxusreise - unser Service - Urlaub &amp; Reisen\",\"isPartOf\":{\"@id\":\"https:\/\/www.urlaubcornwall.de\/blog\/#website\"},\"datePublished\":\"2015-10-12T10:18:43+00:00\",\"dateModified\":\"2024-06-10T15:03:22+00:00\",\"breadcrumb\":{\"@id\":\"https:\/\/www.urlaubcornwall.de\/blog\/luxusreisen-unser-service\/#breadcrumb\"},\"inLanguage\":\"en-US\",\"potentialAction\":[{\"@type\":\"ReadAction\",\"target\":[\"https:\/\/www.urlaubcornwall.de\/blog\/luxusreisen-unser-service\/\"]}]},{\"@type\":\"BreadcrumbList\",\"@id\":\"https:\/\/www.urlaubcornwall.de\/blog\/luxusreisen-unser-service\/#breadcrumb\",\"itemListElement\":[{\"@type\":\"ListItem\",\"position\":1,\"name\":\"Home\",\"item\":\"https:\/\/www.urlaubcornwall.de\/blog\/\"},{\"@type\":\"ListItem\",\"position\":2,\"name\":\"Luxusreise &#8211; unser Service\"}]}]}<\/script>\n<!-- \/ Yoast SEO plugin. -->","yoast_head_json":{"title":"Luxusreise - unser Service - Urlaub &amp; Reisen","robots":{"index":"index","follow":"follow","max-snippet":"max-snippet:-1","max-image-preview":"max-image-preview:large","max-video-preview":"max-video-preview:-1"},"canonical":"https:\/\/www.urlaubcornwall.de\/blog\/luxusreisen-unser-service\/","og_locale":"en_US","og_type":"article","og_title":"Luxusreise - unser Service - Urlaub &amp; Reisen","og_description":"Jeder ma\u00dfgeschneiderte Luxusurlaub, den wir gestalten, ist so individuell wie die Person, f\u00fcr die wir ihn entwerfen. Dies r\u00fchrt daher, dass wir in unser Wissen bez\u00fcglich der Reiseziele investieren und unseren Leuten Zeit geben, das kennenzulernen, was jeder Kunde sucht. Indem wir dann unser Wissen mit unserem Kundenverst\u00e4ndnis verm\u00e4hlen, beabsichtigen wir damit, jedes Mal das [&hellip;]","og_url":"https:\/\/www.urlaubcornwall.de\/blog\/luxusreisen-unser-service\/","og_site_name":"Urlaub &amp; Reisen","article_modified_time":"2024-06-10T15:03:22+00:00","og_image":[{"url":"https:\/\/www.urlaubcornwall.de\/blog\/wp-content\/uploads\/2024\/03\/Gartentour-durch-Sudengland-stourhead.jpg"}],"twitter_card":"summary","twitter_misc":{"Est. reading time":"2 minutes"},"schema":{"@context":"https:\/\/schema.org","@graph":[{"@type":"WebSite","@id":"https:\/\/www.urlaubcornwall.de\/blog\/#website","url":"https:\/\/www.urlaubcornwall.de\/blog\/","name":"Urlaub &amp; Reisen","description":"Urlaub, Reisen, Cornwall und S\u00fcdengland: eine perfekte Kombination","potentialAction":[{"@type":"SearchAction","target":{"@type":"EntryPoint","urlTemplate":"https:\/\/www.urlaubcornwall.de\/blog\/?s={search_term_string}"},"query-input":"required name=search_term_string"}],"inLanguage":"en-US"},{"@type":"WebPage","@id":"https:\/\/www.urlaubcornwall.de\/blog\/luxusreisen-unser-service\/","url":"https:\/\/www.urlaubcornwall.de\/blog\/luxusreisen-unser-service\/","name":"Luxusreise - unser Service - Urlaub &amp; Reisen","isPartOf":{"@id":"https:\/\/www.urlaubcornwall.de\/blog\/#website"},"datePublished":"2015-10-12T10:18:43+00:00","dateModified":"2024-06-10T15:03:22+00:00","breadcrumb":{"@id":"https:\/\/www.urlaubcornwall.de\/blog\/luxusreisen-unser-service\/#breadcrumb"},"inLanguage":"en-US","potentialAction":[{"@type":"ReadAction","target":["https:\/\/www.urlaubcornwall.de\/blog\/luxusreisen-unser-service\/"]}]},{"@type":"BreadcrumbList","@id":"https:\/\/www.urlaubcornwall.de\/blog\/luxusreisen-unser-service\/#breadcrumb","itemListElement":[{"@type":"ListItem","position":1,"name":"Home","item":"https:\/\/www.urlaubcornwall.de\/blog\/"},{"@type":"ListItem","position":2,"name":"Luxusreise &#8211; unser Service"}]}]}},"_links":{"self":[{"href":"https:\/\/www.urlaubcornwall.de\/blog\/wp-json\/wp\/v2\/pages\/20583"}],"collection":[{"href":"https:\/\/www.urlaubcornwall.de\/blog\/wp-json\/wp\/v2\/pages"}],"about":[{"href":"https:\/\/www.urlaubcornwall.de\/blog\/wp-json\/wp\/v2\/types\/page"}],"author":[{"embeddable":true,"href":"https:\/\/www.urlaubcornwall.de\/blog\/wp-json\/wp\/v2\/users\/1"}],"replies":[{"embeddable":true,"href":"https:\/\/www.urlaubcornwall.de\/blog\/wp-json\/wp\/v2\/comments?post=20583"}],"version-history":[{"count":19,"href":"https:\/\/www.urlaubcornwall.de\/blog\/wp-json\/wp\/v2\/pages\/20583\/revisions"}],"predecessor-version":[{"id":51461,"href":"https:\/\/www.urlaubcornwall.de\/blog\/wp-json\/wp\/v2\/pages\/20583\/revisions\/51461"}],"wp:attachment":[{"href":"https:\/\/www.urlaubcornwall.de\/blog\/wp-json\/wp\/v2\/media?parent=20583"}],"curies":[{"name":"wp","href":"https:\/\/api.w.org\/{rel}","templated":true}]}}