{"id":20556,"date":"2015-10-12T09:19:46","date_gmt":"2015-10-12T09:19:46","guid":{"rendered":"https:\/\/www.urlaubcornwall.de\/blog\/?page_id=20556"},"modified":"2026-01-05T11:57:10","modified_gmt":"2026-01-05T11:57:10","slug":"rundreisen-england-wales","status":"publish","type":"page","link":"https:\/\/www.urlaubcornwall.de\/blog\/rundreisen-england-wales\/","title":{"rendered":"Rundreisen durch Wales &#8211; Erkunden Sie dieses wundersch\u00f6ne Land von Norden nach S\u00fcden."},"content":{"rendered":"<p>Zu einer Rundreise durch Wales geh\u00f6rt das Erlebnis der kontrastreichen Landschaft, die einige der weltweit \u00e4ltesten Felsen aufweist, sowie ein Besuch der Snowdonia-Region mit den h\u00f6chsten Bergen s\u00fcdlich der schottischen Grenze. Als Urlaubsziel hat Wales jedoch noch viel mehr zu bieten als Berge und Schafe: Durch seine Lage im Westen Gro\u00dfbritanniens genie\u00dft man hier die Auswirkungen des Golfstroms und das milde Klima mutet bisweilen geradezu s\u00fcdl\u00e4ndisch an.<\/p>\n<p><strong>Urlaubsinspiration<\/strong><\/p>\n<div class=\"snippet\"> <a class=\"featured-item\" href=\" https:\/\/www.urlaubcornwall.de\/blog\/rundreise-england-und-wales-explorer-6-tage\/\"> <span class=\"image-holder\" style=\"background-image: url('https:\/\/www.urlaubcornwall.de\/blog\/wp-content\/uploads\/2018\/12\/busreisen-wales-england.jpg');\"><\/span> <span class=\"featured-content\"> \n<h2 class=\"featured-title\">Rundreise Wales \u2013 Schl\u00f6sser und Herrenh\u00e4user 7 Tage <\/h2>\n<p class=\"featured-body\">Doch Sie werden diese nicht nur von au\u00dfen bestaunen, sondern haben auch die M\u00f6glichkeit, in einzigartigen Herrenh\u00e4usern und Schlosshotels zu \u00fcbernachten. Unsere Wales-Reise \u201eSchl\u00f6sser und Herrenh\u00e4user\u201c eignet sich perfekt f\u00fcr Diejenigen&#8230;.\n<\/p>\n<\/span> <span class=\"featured-link-holder\"> <span class=\"featured-extra-info\"> \n<p>ab \u20ac 1289<\/p>\n<\/span> \n<p class=\"featured-link\">DETAILS<\/p>\n<\/span> <\/a><\/div>\n<div class=\"snippet\"> <a class=\"featured-item\" href=\" https:\/\/www.urlaubcornwall.de\/blog\/rundreise-nord-wales-8-tage-der-norden-in-einer-woche\/\"> <span class=\"image-holder\" style=\"background-image: url('https:\/\/www.urlaubcornwall.de\/blog\/wp-content\/uploads\/2024\/03\/Green-Bridge-of-Wales-Castlemartin-Wales.jpg');\"><\/span> <span class=\"featured-content\"> \n<h2 class=\"featured-title\">Der Norden in einer Woche \u2013 8 Tage<\/h2>\n<p class=\"featured-body\">Nordwales wird Sie ins Staunen versetzen! Neben wundersch\u00f6nen K\u00fcstenabschnitten und imposanten Bergen bietet diese Selbstfahrertour \u201eDer Norden in einer Woche\u201c auch imposante Schl\u00f6sser, malerische Eisenbahnstrecken&#8230;.<\/p>\n<\/span> <span class=\"featured-link-holder\"> <span class=\"featured-extra-info\"> \n<p>ab \u20ac 549<\/p>\n<\/span> \n<p class=\"featured-link\">DETAILS<\/p>\n<\/span> <\/a><\/div>\n<div class=\"snippet\"> <a class=\"featured-item\" href=\" https:\/\/www.urlaubcornwall.de\/blog\/der-sueden-in-einer-woche-8-tage-rundreise-wales\/\"> <span class=\"image-holder\" style=\"background-image: url('https:\/\/www.urlaubcornwall.de\/blog\/wp-content\/uploads\/2024\/03\/schloss-wales.jpg');\"><\/span> <span class=\"featured-content\"> \n<h2 class=\"featured-title\">Der S\u00fcden in einer Woche \u2013 8 Tage<\/h2>\n<p class=\"featured-body\">Gehen Sie auf Entdeckungsreise und erkunden Sie den s\u00fcdlichen Teil von Wales! \u00dcber den Brecon Beacons Nationalpark erreichen Sie die bemerkenswerte K\u00fcste von Wales&#8230;.<\/p>\n<\/span> <span class=\"featured-link-holder\"> <span class=\"featured-extra-info\"> \n<p>ab \u20ac 610<\/p>\n<\/span> \n<p class=\"featured-link\">DETAILS<\/p>\n<\/span> <\/a><\/div>\n<div class=\"snippet\"> <a class=\"featured-item\" href=\" https:\/\/www.urlaubcornwall.de\/blog\/rundreise-wales-kueste-11-tage-10-naechte\/\"> <span class=\"image-holder\" style=\"background-image: url('https:\/\/www.urlaubcornwall.de\/blog\/wp-content\/uploads\/2024\/03\/gower-halbinsel-wales-1.jpg');\"><\/span> <span class=\"featured-content\"> \n<h2 class=\"featured-title\">Entlang der walisischen K\u00fcste \u2013 11 Tage <\/h2>\n<p class=\"featured-body\">Die K\u00fcste von Wales ist nicht nur atemberaubend sch\u00f6n, sondern ges\u00e4umt von schroffen Felsenklippen und weiten Sandbuchten. Der weltber\u00fchmte Wales-K\u00fcstenpfad ist 1.400 Kilometer lang und f\u00fchrt entlang einer spektakul\u00e4ren K\u00fcstenlinie&#8230;.<\/p>\n<\/span> <span class=\"featured-link-holder\"> <span class=\"featured-extra-info\"> \n<p>ab \u20ac 855<\/p>\n<\/span> \n<p class=\"featured-link\">DETAILS<\/p>\n<\/span> <\/a><\/div>\n<div class=\"snippet\"> <a class=\"featured-item\" href=\" https:\/\/www.urlaubcornwall.de\/blog\/urlaub-england-wales-selbstfahrer-rundreise-12-tage\/\"> <span class=\"image-holder\" style=\"background-image: url('https:\/\/www.urlaubcornwall.de\/blog\/wp-content\/uploads\/2018\/12\/wales-strand-mit-hund.jpg');\"><\/span> <span class=\"featured-content\"> \n<h2 class=\"featured-title\">\nUrlaub England &#038; Wales Selbstfahrer 15 Tage  <\/h2>\n<p class=\"featured-body\">Diese Selbstfahrertour \u201eBest of Wales und Mittelengland\u201c verkn\u00fcpft in f\u00fcnfzehn Tagen alle H\u00f6hepunkte, die man in Wales und Mittelengland gesehen haben muss. Hauptbestandteil dieser Reise ist die atemberaubende K\u00fcste von Wales&#8230;.<\/p>\n<\/span> <span class=\"featured-link-holder\"> <span class=\"featured-extra-info\"> \n<p>ab \u20ac 1175<\/p>\n<\/span> \n<p class=\"featured-link\">DETAILS<\/p>\n<\/span> <\/a><\/div>\n<div class=\"snippet\"> <a class=\"featured-item\" href=\"https:\/\/www.urlaubcornwall.de\/ferienhaeuser.php\"> <span class=\"image-holder\" style=\"background-image: url(' https:\/\/www.urlaubcornwall.de\/blog\/wp-content\/uploads\/2018\/12\/ferienhaus-cornwall-mit-hund.jpg ');\"><\/span> <span class=\"featured-content\"> \n<h2 class=\"featured-title\">Ferienh\u00e4user in England, Schottland &#038; Wales<\/h2>\n<p class=\"featured-body\">Bei uns finden Sie Ferienh\u00e4user in Wales zum Verlieben; so einfach ist das! UrlaubCornwall.de hat eine einzigartige Sammlung pers\u00f6nlich inspizierter Ferienh\u00e4user und Ferienwohnungen&#8230;.<\/p><\/span> <span class=\"featured-link-holder\"> <span class=\"featured-extra-info\"> \n<p>F\u00fcr Paare, Familien &#038; Gruppen<\/p>\n<\/span> \n<p class=\"featured-link\">DETAILS<\/p>\n<\/span> <\/a><\/div>\n<div class=\"snippet\"> <a class=\"featured-item\" href=\" https:\/\/www.urlaubcornwall.de\/rundreisen\/grossbritannien.php\"> <span class=\"image-holder\" style=\"background-image: url(' https:\/\/www.urlaubcornwall.de\/blog\/wp-content\/uploads\/2018\/11\/rundreise-cornwall.jpg ');\"><\/span> <span class=\"featured-content\"> \n<h2 class=\"featured-title\">Individuelle Rundreise in Gro\u00dfbritannien<\/h2>\n<p class=\"featured-body\">Mit Sitz im Vereinten K\u00f6nigreich und einer Reiseleidenschaft haben wir uns darin spezialisiert, individuelle Rundreisen f\u00fcr Paare, Familien oder Gruppen zusammenzustellen&#8230;.<\/p>\n<\/span> <span class=\"featured-link-holder\"> <span class=\"featured-extra-info\"> \n<p>Urlaub im eigenen Schritttempo<\/p>\n<\/span> \n<p class=\"featured-link\">DETAILS<\/p>\n<\/span> <\/a><\/div>\n<h2 style=\"text-align: center;\">Unser Rundreisenservice<\/h2>\n<p><a href=\"http:\/\/urlaubcornwall.de\/\">UrlaubCornwall.de<\/a> hat seinen Firmensitz in Cornwall in S\u00fcdwestengland und bietet Kunden im Deutsch sprechenden Europa Hilfe im Erstellen der perfekten Urlaubserfahrung hier. Wir haben <a href=\"http:\/\/www.urlaubcornwall.de\/rundreisenservice.php\">ein Team Deutsch sprechender Experten<\/a>, so dass wir eine individuelle Rundreise durch Cornwall, S\u00fcdengland und nun auch durch den Rest Gro\u00dfbritanniens und Irlands anbieten k\u00f6nnen.<br \/>\nWir bieten eine fantastische Auswahl an Rundreisen mit den beliebtesten Attraktionen und St\u00e4dten in <a href=\"http:\/\/www.urlaubcornwall.de\/reiseziel\/cornwall.php\">Cornwall<\/a>, <a href=\"https:\/\/www.urlaubcornwall.de\/blog\/rundreisen-england-wales\/\">England<\/a>, <a href=\"https:\/\/www.urlaubcornwall.de\/blog\/rundreisen-schottland\/\">Schottland,<\/a> <a href=\"https:\/\/www.urlaubcornwall.de\/blog\/rundreisen-england-wales\/\">Wales<\/a> und <a href=\"https:\/\/www.urlaubcornwall.de\/blog\/rundreisen-irland\/\">Irland.<\/a><\/p>\n","protected":false},"excerpt":{"rendered":"<p>Zu einer Rundreise durch Wales geh\u00f6rt das Erlebnis der kontrastreichen Landschaft, die einige der weltweit \u00e4ltesten Felsen aufweist, sowie ein Besuch der Snowdonia-Region mit den h\u00f6chsten Bergen s\u00fcdlich der schottischen Grenze. Als Urlaubsziel hat Wales jedoch noch viel mehr zu bieten als Berge und Schafe: Durch seine Lage im Westen Gro\u00dfbritanniens genie\u00dft man hier die [&hellip;]<\/p>\n","protected":false},"author":1,"featured_media":0,"parent":0,"menu_order":0,"comment_status":"closed","ping_status":"closed","template":"single-four.php","meta":[],"acf":[],"yoast_head":"<!-- This site is optimized with the Yoast SEO plugin v19.4 - https:\/\/yoast.com\/wordpress\/plugins\/seo\/ -->\n<title>Rundreisen durch Wales - Erkunden Sie dieses wundersch\u00f6ne Land von Norden nach S\u00fcden. - Urlaub &amp; Reisen<\/title>\n<meta name=\"robots\" content=\"index, follow, max-snippet:-1, max-image-preview:large, max-video-preview:-1\" \/>\n<link rel=\"canonical\" href=\"https:\/\/www.urlaubcornwall.de\/blog\/rundreisen-england-wales\/\" \/>\n<meta property=\"og:locale\" content=\"en_US\" \/>\n<meta property=\"og:type\" content=\"article\" \/>\n<meta property=\"og:title\" content=\"Rundreisen durch Wales - Erkunden Sie dieses wundersch\u00f6ne Land von Norden nach S\u00fcden. - Urlaub &amp; Reisen\" \/>\n<meta property=\"og:description\" content=\"Zu einer Rundreise durch Wales geh\u00f6rt das Erlebnis der kontrastreichen Landschaft, die einige der weltweit \u00e4ltesten Felsen aufweist, sowie ein Besuch der Snowdonia-Region mit den h\u00f6chsten Bergen s\u00fcdlich der schottischen Grenze. Als Urlaubsziel hat Wales jedoch noch viel mehr zu bieten als Berge und Schafe: Durch seine Lage im Westen Gro\u00dfbritanniens genie\u00dft man hier die [&hellip;]\" \/>\n<meta property=\"og:url\" content=\"https:\/\/www.urlaubcornwall.de\/blog\/rundreisen-england-wales\/\" \/>\n<meta property=\"og:site_name\" content=\"Urlaub &amp; Reisen\" \/>\n<meta property=\"article:modified_time\" content=\"2026-01-05T11:57:10+00:00\" \/>\n<meta name=\"twitter:card\" content=\"summary\" \/>\n<meta name=\"twitter:label1\" content=\"Est. reading time\" \/>\n\t<meta name=\"twitter:data1\" content=\"2 minutes\" \/>\n<script type=\"application\/ld+json\" class=\"yoast-schema-graph\">{\"@context\":\"https:\/\/schema.org\",\"@graph\":[{\"@type\":\"WebSite\",\"@id\":\"https:\/\/www.urlaubcornwall.de\/blog\/#website\",\"url\":\"https:\/\/www.urlaubcornwall.de\/blog\/\",\"name\":\"Urlaub &amp; Reisen\",\"description\":\"Urlaub, Reisen, Cornwall und S\u00fcdengland: eine perfekte Kombination\",\"potentialAction\":[{\"@type\":\"SearchAction\",\"target\":{\"@type\":\"EntryPoint\",\"urlTemplate\":\"https:\/\/www.urlaubcornwall.de\/blog\/?s={search_term_string}\"},\"query-input\":\"required name=search_term_string\"}],\"inLanguage\":\"en-US\"},{\"@type\":\"WebPage\",\"@id\":\"https:\/\/www.urlaubcornwall.de\/blog\/rundreisen-england-wales\/\",\"url\":\"https:\/\/www.urlaubcornwall.de\/blog\/rundreisen-england-wales\/\",\"name\":\"Rundreisen durch Wales - Erkunden Sie dieses wundersch\u00f6ne Land von Norden nach S\u00fcden. - Urlaub &amp; Reisen\",\"isPartOf\":{\"@id\":\"https:\/\/www.urlaubcornwall.de\/blog\/#website\"},\"datePublished\":\"2015-10-12T09:19:46+00:00\",\"dateModified\":\"2026-01-05T11:57:10+00:00\",\"breadcrumb\":{\"@id\":\"https:\/\/www.urlaubcornwall.de\/blog\/rundreisen-england-wales\/#breadcrumb\"},\"inLanguage\":\"en-US\",\"potentialAction\":[{\"@type\":\"ReadAction\",\"target\":[\"https:\/\/www.urlaubcornwall.de\/blog\/rundreisen-england-wales\/\"]}]},{\"@type\":\"BreadcrumbList\",\"@id\":\"https:\/\/www.urlaubcornwall.de\/blog\/rundreisen-england-wales\/#breadcrumb\",\"itemListElement\":[{\"@type\":\"ListItem\",\"position\":1,\"name\":\"Home\",\"item\":\"https:\/\/www.urlaubcornwall.de\/blog\/\"},{\"@type\":\"ListItem\",\"position\":2,\"name\":\"Rundreisen durch Wales &#8211; Erkunden Sie dieses wundersch\u00f6ne Land von Norden nach S\u00fcden.\"}]}]}<\/script>\n<!-- \/ Yoast SEO plugin. -->","yoast_head_json":{"title":"Rundreisen durch Wales - Erkunden Sie dieses wundersch\u00f6ne Land von Norden nach S\u00fcden. - Urlaub &amp; Reisen","robots":{"index":"index","follow":"follow","max-snippet":"max-snippet:-1","max-image-preview":"max-image-preview:large","max-video-preview":"max-video-preview:-1"},"canonical":"https:\/\/www.urlaubcornwall.de\/blog\/rundreisen-england-wales\/","og_locale":"en_US","og_type":"article","og_title":"Rundreisen durch Wales - Erkunden Sie dieses wundersch\u00f6ne Land von Norden nach S\u00fcden. - Urlaub &amp; Reisen","og_description":"Zu einer Rundreise durch Wales geh\u00f6rt das Erlebnis der kontrastreichen Landschaft, die einige der weltweit \u00e4ltesten Felsen aufweist, sowie ein Besuch der Snowdonia-Region mit den h\u00f6chsten Bergen s\u00fcdlich der schottischen Grenze. Als Urlaubsziel hat Wales jedoch noch viel mehr zu bieten als Berge und Schafe: Durch seine Lage im Westen Gro\u00dfbritanniens genie\u00dft man hier die [&hellip;]","og_url":"https:\/\/www.urlaubcornwall.de\/blog\/rundreisen-england-wales\/","og_site_name":"Urlaub &amp; Reisen","article_modified_time":"2026-01-05T11:57:10+00:00","twitter_card":"summary","twitter_misc":{"Est. reading time":"2 minutes"},"schema":{"@context":"https:\/\/schema.org","@graph":[{"@type":"WebSite","@id":"https:\/\/www.urlaubcornwall.de\/blog\/#website","url":"https:\/\/www.urlaubcornwall.de\/blog\/","name":"Urlaub &amp; Reisen","description":"Urlaub, Reisen, Cornwall und S\u00fcdengland: eine perfekte Kombination","potentialAction":[{"@type":"SearchAction","target":{"@type":"EntryPoint","urlTemplate":"https:\/\/www.urlaubcornwall.de\/blog\/?s={search_term_string}"},"query-input":"required name=search_term_string"}],"inLanguage":"en-US"},{"@type":"WebPage","@id":"https:\/\/www.urlaubcornwall.de\/blog\/rundreisen-england-wales\/","url":"https:\/\/www.urlaubcornwall.de\/blog\/rundreisen-england-wales\/","name":"Rundreisen durch Wales - Erkunden Sie dieses wundersch\u00f6ne Land von Norden nach S\u00fcden. - Urlaub &amp; Reisen","isPartOf":{"@id":"https:\/\/www.urlaubcornwall.de\/blog\/#website"},"datePublished":"2015-10-12T09:19:46+00:00","dateModified":"2026-01-05T11:57:10+00:00","breadcrumb":{"@id":"https:\/\/www.urlaubcornwall.de\/blog\/rundreisen-england-wales\/#breadcrumb"},"inLanguage":"en-US","potentialAction":[{"@type":"ReadAction","target":["https:\/\/www.urlaubcornwall.de\/blog\/rundreisen-england-wales\/"]}]},{"@type":"BreadcrumbList","@id":"https:\/\/www.urlaubcornwall.de\/blog\/rundreisen-england-wales\/#breadcrumb","itemListElement":[{"@type":"ListItem","position":1,"name":"Home","item":"https:\/\/www.urlaubcornwall.de\/blog\/"},{"@type":"ListItem","position":2,"name":"Rundreisen durch Wales &#8211; Erkunden Sie dieses wundersch\u00f6ne Land von Norden nach S\u00fcden."}]}]}},"_links":{"self":[{"href":"https:\/\/www.urlaubcornwall.de\/blog\/wp-json\/wp\/v2\/pages\/20556"}],"collection":[{"href":"https:\/\/www.urlaubcornwall.de\/blog\/wp-json\/wp\/v2\/pages"}],"about":[{"href":"https:\/\/www.urlaubcornwall.de\/blog\/wp-json\/wp\/v2\/types\/page"}],"author":[{"embeddable":true,"href":"https:\/\/www.urlaubcornwall.de\/blog\/wp-json\/wp\/v2\/users\/1"}],"replies":[{"embeddable":true,"href":"https:\/\/www.urlaubcornwall.de\/blog\/wp-json\/wp\/v2\/comments?post=20556"}],"version-history":[{"count":70,"href":"https:\/\/www.urlaubcornwall.de\/blog\/wp-json\/wp\/v2\/pages\/20556\/revisions"}],"predecessor-version":[{"id":51941,"href":"https:\/\/www.urlaubcornwall.de\/blog\/wp-json\/wp\/v2\/pages\/20556\/revisions\/51941"}],"wp:attachment":[{"href":"https:\/\/www.urlaubcornwall.de\/blog\/wp-json\/wp\/v2\/media?parent=20556"}],"curies":[{"name":"wp","href":"https:\/\/api.w.org\/{rel}","templated":true}]}}