{"id":20551,"date":"2015-10-12T09:09:49","date_gmt":"2015-10-12T09:09:49","guid":{"rendered":"https:\/\/www.urlaubcornwall.de\/blog\/?page_id=20551"},"modified":"2024-11-04T10:22:42","modified_gmt":"2024-11-04T10:22:42","slug":"rundreisen-schottland","status":"publish","type":"page","link":"https:\/\/www.urlaubcornwall.de\/blog\/rundreisen-schottland\/","title":{"rendered":"Rundreise durch Schottland 2025: mit dem Auto bereisen"},"content":{"rendered":"<p><img loading=\"lazy\" class=\"aligncenter size-full wp-image-48207\" src=\"https:\/\/www.urlaubcornwall.de\/blog\/wp-content\/uploads\/2024\/03\/Glenfinnan-Viaduct-Hogwarts-Express-schottland.jpg\" alt=\"Glenfinnan Viaduct Hogwarts-Express-schottland\" width=\"750\" height=\"480\" srcset=\"https:\/\/www.urlaubcornwall.de\/blog\/wp-content\/uploads\/2024\/03\/Glenfinnan-Viaduct-Hogwarts-Express-schottland.jpg 750w, https:\/\/www.urlaubcornwall.de\/blog\/wp-content\/uploads\/2024\/03\/Glenfinnan-Viaduct-Hogwarts-Express-schottland-300x192.jpg 300w\" sizes=\"(max-width: 750px) 100vw, 750px\" \/><\/p>\n<p><a href=\"https:\/\/www.urlaubcornwall.de\/reiseziel\/schottland.php\">Autorundreisen durch Schottland<\/a> haben etwas f\u00fcr jeden Geschmack zu bieten \u2013 herrliche Sonnenunterg\u00e4nge \u00fcber magischen Inseln, wundersch\u00f6ne und dramatische K\u00fcstenstriche, tiefe, verborgene T\u00e4ler und eine unglaubliche Landschaft. Erleben Sie die wilde und romantische Sch\u00f6nheit dieses herrlichen Landes.<\/p>\n<div class=\"snippet\"> <a class=\"featured-item\" href=\" https:\/\/www.urlaubcornwall.de\/blog\/autoreise-schottland-landschaftliche-hoehepunkte\/\"> <span class=\"image-holder\" style=\"background-image: url(' https:\/\/www.urlaubcornwall.de\/blog\/wp-content\/uploads\/2019\/01\/rundreise-schottland-highlands.jpg');\"><\/span> <span class=\"featured-content\"> \n<h2 class=\"featured-title\">Autoreise Schottland: Landschaftliche H\u00f6hepunkte<\/h2>\n<p class=\"featured-body\">Verbringen Sie sieben abwechslungsreiche Tage w\u00e4hrend dieser Autoreise durch Schottland. Von Edinburgh aus fahren Sie in die Highlands, wo die raue Sch\u00f6nheit der Berge Sie in Staunen versetzen wird&#8230;.<\/p>\n<\/span> <span class=\"featured-link-holder\"> <span class=\"featured-extra-info\"> \n<p>ab \u20ac 710<\/p>\n<\/span> \n<p class=\"featured-link\">DETAILS<\/p>\n<\/span><br \/>\n<\/a><\/div>\n<div class=\"snippet\"> <a class=\"featured-item\" href=\" https:\/\/www.urlaubcornwall.de\/blog\/schottland-inseln-urlaub-orkney-und-shetland-tour\/\"> <span class=\"image-holder\" style=\"background-image: url(' https:\/\/www.urlaubcornwall.de\/blog\/wp-content\/uploads\/2024\/03\/orkney.jpg');\"><\/span> <span class=\"featured-content\"> \n<h2 class=\"featured-title\">Orkney und Shetland Tour \u2013 9 Tage<\/h2>\n<p class=\"featured-body\">\u00dcberzeugen Sie sich selbst von der Einzigartigkeit der schottischen Inselwelt. Ein Highlight dieser Selbstfahrertour &#8220;Orkney und Shetland&#8221; ist gewiss die F\u00e4hrfahrt von Lerwick auf die Shetland Insel, welche nord\u00f6stlich der Orkney Inseln liegen&#8230;<\/p>\n<\/span> <span class=\"featured-link-holder\"> <span class=\"featured-extra-info\"> \n<p>ab \u20ac 1.355<\/p>\n<\/span> \n<p class=\"featured-link\">DETAILS<\/p>\n<\/span> <\/a><\/div>\n<div class=\"snippet\"> <a class=\"featured-item\" href=\" https:\/\/www.urlaubcornwall.de\/blog\/legenden-und-mythen-schottlands-10-tage-rundreise\/\"> <span class=\"image-holder\" style=\"background-image: url(' https:\/\/www.urlaubcornwall.de\/blog\/wp-content\/uploads\/2019\/01\/rundreise-schottland-mit-kindern.jpg');\"><\/span> <span class=\"featured-content\"> \n<h2 class=\"featured-title\">Legenden und Mythen Schottlands \u2013 10 Tage<\/h2>\n<p class=\"featured-body\">Auf dieser zehnt\u00e4gigen Schottland Selbstfahrertour haben Sie die M\u00f6glichkeit dieses Land auf eine sehr ausf\u00fchrliche Art und Weise mit all seinen H\u00f6hepunkten wie Edinburgh&#8230;<\/p>\n<\/span> <span class=\"featured-link-holder\"> <span class=\"featured-extra-info\"> \n<p>ab \u20ac 1.180<\/p>\n<\/span> \n<p class=\"featured-link\">DETAILS<\/p>\n<\/span> <\/a><\/div>\n<div class=\"snippet\"> <a class=\"featured-item\" href=\" https:\/\/www.urlaubcornwall.de\/blog\/schottland-rundreise-in-schlosshotels-schloesser-gaerten-und-legenden\/\"> <span class=\"image-holder\" style=\"background-image: url(' https:\/\/www.urlaubcornwall.de\/blog\/wp-content\/uploads\/2019\/01\/urlaub-schottland-highlands.jpg');\"><\/span> <span class=\"featured-content\"> \n<h2 class=\"featured-title\">Schottland Rundreise in Schlosshotels 8 Tage<\/h2>\n<p class=\"featured-body\">Sie suchen eine ganz besondere Reise? Wie w\u00e4re es dann mit einer Selbstfahrertour, bei der Sie in gehobenen Unterk\u00fcnften, teilweise auch in einem Schlosshotel \u00fcbernachten? Neben tollen Unterk\u00fcnften bietet Schottland&#8230;.<\/p>\n<\/span> <span class=\"featured-link-holder\"> <span class=\"featured-extra-info\"> \n<p>ab \u20ac 1.165<\/p>\n<\/span> \n<p class=\"featured-link\">DETAILS<\/p>\n<\/span> <\/a><\/div>\n<div class=\"snippet\"> <a class=\"featured-item\" href=\" https:\/\/www.urlaubcornwall.de\/blog\/whisky-tour-rundreise-schottland-8-tage\/\"> <span class=\"image-holder\" style=\"background-image: url(' https:\/\/www.urlaubcornwall.de\/blog\/wp-content\/uploads\/2024\/03\/whisky-schottland-1.jpg');\"><\/span> <span class=\"featured-content\"> \n<h2 class=\"featured-title\">Whisky Tour \u2013 Rundreise Schottland 8 Tage<\/h2>\n<p class=\"featured-body\">Haben Sie gewusst, dass es in Schottland f\u00fcnf Regionen gibt, die Whisky herstellen? Lowland, Islay, Campbeltown, Highland und Speyside! Diese Selbstfahrertour bietet Ihnen zahlreiche M\u00f6glichkeiten verschiedene Whisky Destillerien&#8230;.<\/p>\n<\/span> <span class=\"featured-link-holder\"> <span class=\"featured-extra-info\"> \n<p>ab \u20ac 745<\/p>\n<\/span> \n<p class=\"featured-link\">DETAILS<\/p>\n<\/span> <\/a><\/div>\n<div class=\"snippet\"> <a class=\"featured-item\" href=\"https:\/\/www.urlaubcornwall.de\/blog\/rundreise-grossbritannien-irland-rundreise-komplett-21-tage\/\"> <span class=\"image-holder\" style=\"background-image: url(' https:\/\/www.urlaubcornwall.de\/blog\/wp-content\/uploads\/2016\/11\/urlaub-Loch-ness.jpg');\"><\/span> <span class=\"featured-content\"> \n<h2 class=\"featured-title\">Gro\u00dfbritannien &amp; Irland komplett &#8211; 21 Tage<\/h2>\n<p class=\"featured-body\">Sie k\u00f6nnen sich nicht zwischen den rauen, schottischen Highlands, den irischen K\u00fcstenstra\u00dfen mit \u00fcberw\u00e4ltigenden Klippen und den langen, englischen Sandstr\u00e4nden entscheiden? Dann ist unsere dreiw\u00f6chige Gro\u00dfbritannien Irland Rundreise f\u00fcr Selbstfahrer&#8230;<\/p>\n<\/span> <span class=\"featured-link-holder\"> <span class=\"featured-extra-info\"> \n<p>Preise auf Anfrage!<\/p>\n<\/span> \n<p class=\"featured-link\">DETAILS<\/p>\n<\/span> <\/a><\/div>\n<p>Von historischen Schl\u00f6ssern bis hin zu majest\u00e4tischer Landschaft, bezaubernden Seen, T\u00e4lern und Inseln \u2013 und die h\u00e4ufig schneebedeckten Gipfel der umgebenden Berge. Dies ist ein unvergessliches Land voller erstaunlicher Kontraste und Verschiedenheit. Erkunden Sie die atemberaubende K\u00fcste des fernen Nordens oder unternehmen Sie eine magische Reise zu Lande und zu Wasser inmitten der Natursch\u00f6nheit von <a href=\"https:\/\/www.urlaubcornwall.de\/blog\/schottische-westkueste-und-inselwelt-selbstfahrer-rundreise-schottland\/\">Schottlands Westk\u00fcste<\/a>. Man kann kaum den herrlichen schottischen Highlands widerstehen. Mit beeindruckenden Ausblicken hinter jeder Kurve und bekannt f\u00fcr Loch Ness und sein mysteri\u00f6ses Monster \u2013 ganz zu schweigen von den romantischen <a href=\"https:\/\/www.urlaubcornwall.de\/blog\/schottland-inseln-urlaub-orkney-und-shetland-tour\/\">Inseln<\/a> und Schl\u00f6ssern, ber\u00fchmt f\u00fcr seine Whisky Destillieren, Weltklasse Golfpl\u00e4tze und einige der besten Stellen der Welt, um sich im Freien aufzuhalten.<\/p>\n<p><strong>Unser Rundreisenservice <\/strong> &#8211; <a href=\"http:\/\/urlaubcornwall.de\/\">UrlaubCornwall.de<\/a> hat seinen Firmensitz in Cornwall in S\u00fcdwestengland und bietet Kunden im Deutsch sprechenden Europa Hilfe im Erstellen der perfekten Urlaubserfahrung hier. Wir haben <a href=\"http:\/\/www.urlaubcornwall.de\/rundreisenservice.php\">ein Team Deutsch sprechender Experten<\/a>, so dass wir eine individuelle Rundreise durch Schottland und nun auch durch den Rest Gro\u00dfbritanniens und Irlands anbieten k\u00f6nnen.<\/p>\n<p style=\"text-align: center;\"><a class=\"tidycta\" href=\"http:\/\/www.urlaubcornwall.de\/anfrage.php?tourcode=Rundreise Schottland\">Rundreise Schottland Anfrage<\/a><\/p>\n<p>All die Rundreisen und Urlaubspakete, die wir vorstellen, sind durch eine gro\u00dfe deutsche Reisegesellschaft gesichert, so dass Sie vertrauensvoll buchen k\u00f6nnen.<\/p>\n<p style=\"text-align: center;\"><a><href=\"http:\/\/www.urlaubcornwall.de\/reiseziel\/cornwall.php\">Cornwall<\/a>, <a href=\"https:\/\/www.urlaubcornwall.de\/blog\/rundreisen-england-wales\/\">England<\/a>, <a href=\"https:\/\/www.urlaubcornwall.de\/blog\/rundreisen-schottland\/\">Schottland,<\/a> <a href=\"https:\/\/www.urlaubcornwall.de\/blog\/rundreisen-england-wales\/\">Wales<\/a> und <a href=\"https:\/\/www.urlaubcornwall.de\/blog\/rundreisen-irland\/\">Irland.<\/a><\/p>\n","protected":false},"excerpt":{"rendered":"<p>Autorundreisen durch Schottland haben etwas f\u00fcr jeden Geschmack zu bieten \u2013 herrliche Sonnenunterg\u00e4nge \u00fcber magischen Inseln, wundersch\u00f6ne und dramatische K\u00fcstenstriche, tiefe, verborgene T\u00e4ler und eine unglaubliche Landschaft. Erleben Sie die wilde und romantische Sch\u00f6nheit dieses herrlichen Landes. Autoreise Schottland: Landschaftliche H\u00f6hepunkte Verbringen Sie sieben abwechslungsreiche Tage w\u00e4hrend dieser Autoreise durch Schottland. Von Edinburgh aus fahren [&hellip;]<\/p>\n","protected":false},"author":1,"featured_media":0,"parent":0,"menu_order":0,"comment_status":"closed","ping_status":"closed","template":"single-four.php","meta":[],"acf":[],"yoast_head":"<!-- This site is optimized with the Yoast SEO plugin v19.4 - https:\/\/yoast.com\/wordpress\/plugins\/seo\/ -->\n<title>Rundreise durch Schottland 2025: mit dem Auto bereisen - Urlaub &amp; Reisen<\/title>\n<meta name=\"robots\" content=\"index, follow, max-snippet:-1, max-image-preview:large, max-video-preview:-1\" \/>\n<link rel=\"canonical\" href=\"https:\/\/www.urlaubcornwall.de\/blog\/rundreisen-schottland\/\" \/>\n<meta property=\"og:locale\" content=\"en_US\" \/>\n<meta property=\"og:type\" content=\"article\" \/>\n<meta property=\"og:title\" content=\"Rundreise durch Schottland 2025: mit dem Auto bereisen - Urlaub &amp; Reisen\" \/>\n<meta property=\"og:description\" content=\"Autorundreisen durch Schottland haben etwas f\u00fcr jeden Geschmack zu bieten \u2013 herrliche Sonnenunterg\u00e4nge \u00fcber magischen Inseln, wundersch\u00f6ne und dramatische K\u00fcstenstriche, tiefe, verborgene T\u00e4ler und eine unglaubliche Landschaft. Erleben Sie die wilde und romantische Sch\u00f6nheit dieses herrlichen Landes. Autoreise Schottland: Landschaftliche H\u00f6hepunkte Verbringen Sie sieben abwechslungsreiche Tage w\u00e4hrend dieser Autoreise durch Schottland. Von Edinburgh aus fahren [&hellip;]\" \/>\n<meta property=\"og:url\" content=\"https:\/\/www.urlaubcornwall.de\/blog\/rundreisen-schottland\/\" \/>\n<meta property=\"og:site_name\" content=\"Urlaub &amp; Reisen\" \/>\n<meta property=\"article:modified_time\" content=\"2024-11-04T10:22:42+00:00\" \/>\n<meta property=\"og:image\" content=\"https:\/\/www.urlaubcornwall.de\/blog\/wp-content\/uploads\/2024\/03\/Glenfinnan-Viaduct-Hogwarts-Express-schottland.jpg\" \/>\n<meta name=\"twitter:card\" content=\"summary\" \/>\n<meta name=\"twitter:label1\" content=\"Est. reading time\" \/>\n\t<meta name=\"twitter:data1\" content=\"3 minutes\" \/>\n<script type=\"application\/ld+json\" class=\"yoast-schema-graph\">{\"@context\":\"https:\/\/schema.org\",\"@graph\":[{\"@type\":\"WebSite\",\"@id\":\"https:\/\/www.urlaubcornwall.de\/blog\/#website\",\"url\":\"https:\/\/www.urlaubcornwall.de\/blog\/\",\"name\":\"Urlaub &amp; Reisen\",\"description\":\"Urlaub, Reisen, Cornwall und S\u00fcdengland: eine perfekte Kombination\",\"potentialAction\":[{\"@type\":\"SearchAction\",\"target\":{\"@type\":\"EntryPoint\",\"urlTemplate\":\"https:\/\/www.urlaubcornwall.de\/blog\/?s={search_term_string}\"},\"query-input\":\"required name=search_term_string\"}],\"inLanguage\":\"en-US\"},{\"@type\":\"WebPage\",\"@id\":\"https:\/\/www.urlaubcornwall.de\/blog\/rundreisen-schottland\/\",\"url\":\"https:\/\/www.urlaubcornwall.de\/blog\/rundreisen-schottland\/\",\"name\":\"Rundreise durch Schottland 2025: mit dem Auto bereisen - Urlaub &amp; Reisen\",\"isPartOf\":{\"@id\":\"https:\/\/www.urlaubcornwall.de\/blog\/#website\"},\"datePublished\":\"2015-10-12T09:09:49+00:00\",\"dateModified\":\"2024-11-04T10:22:42+00:00\",\"breadcrumb\":{\"@id\":\"https:\/\/www.urlaubcornwall.de\/blog\/rundreisen-schottland\/#breadcrumb\"},\"inLanguage\":\"en-US\",\"potentialAction\":[{\"@type\":\"ReadAction\",\"target\":[\"https:\/\/www.urlaubcornwall.de\/blog\/rundreisen-schottland\/\"]}]},{\"@type\":\"BreadcrumbList\",\"@id\":\"https:\/\/www.urlaubcornwall.de\/blog\/rundreisen-schottland\/#breadcrumb\",\"itemListElement\":[{\"@type\":\"ListItem\",\"position\":1,\"name\":\"Home\",\"item\":\"https:\/\/www.urlaubcornwall.de\/blog\/\"},{\"@type\":\"ListItem\",\"position\":2,\"name\":\"Rundreise durch Schottland 2025: mit dem Auto bereisen\"}]}]}<\/script>\n<!-- \/ Yoast SEO plugin. -->","yoast_head_json":{"title":"Rundreise durch Schottland 2025: mit dem Auto bereisen - Urlaub &amp; Reisen","robots":{"index":"index","follow":"follow","max-snippet":"max-snippet:-1","max-image-preview":"max-image-preview:large","max-video-preview":"max-video-preview:-1"},"canonical":"https:\/\/www.urlaubcornwall.de\/blog\/rundreisen-schottland\/","og_locale":"en_US","og_type":"article","og_title":"Rundreise durch Schottland 2025: mit dem Auto bereisen - Urlaub &amp; Reisen","og_description":"Autorundreisen durch Schottland haben etwas f\u00fcr jeden Geschmack zu bieten \u2013 herrliche Sonnenunterg\u00e4nge \u00fcber magischen Inseln, wundersch\u00f6ne und dramatische K\u00fcstenstriche, tiefe, verborgene T\u00e4ler und eine unglaubliche Landschaft. Erleben Sie die wilde und romantische Sch\u00f6nheit dieses herrlichen Landes. Autoreise Schottland: Landschaftliche H\u00f6hepunkte Verbringen Sie sieben abwechslungsreiche Tage w\u00e4hrend dieser Autoreise durch Schottland. Von Edinburgh aus fahren [&hellip;]","og_url":"https:\/\/www.urlaubcornwall.de\/blog\/rundreisen-schottland\/","og_site_name":"Urlaub &amp; Reisen","article_modified_time":"2024-11-04T10:22:42+00:00","og_image":[{"url":"https:\/\/www.urlaubcornwall.de\/blog\/wp-content\/uploads\/2024\/03\/Glenfinnan-Viaduct-Hogwarts-Express-schottland.jpg"}],"twitter_card":"summary","twitter_misc":{"Est. reading time":"3 minutes"},"schema":{"@context":"https:\/\/schema.org","@graph":[{"@type":"WebSite","@id":"https:\/\/www.urlaubcornwall.de\/blog\/#website","url":"https:\/\/www.urlaubcornwall.de\/blog\/","name":"Urlaub &amp; Reisen","description":"Urlaub, Reisen, Cornwall und S\u00fcdengland: eine perfekte Kombination","potentialAction":[{"@type":"SearchAction","target":{"@type":"EntryPoint","urlTemplate":"https:\/\/www.urlaubcornwall.de\/blog\/?s={search_term_string}"},"query-input":"required name=search_term_string"}],"inLanguage":"en-US"},{"@type":"WebPage","@id":"https:\/\/www.urlaubcornwall.de\/blog\/rundreisen-schottland\/","url":"https:\/\/www.urlaubcornwall.de\/blog\/rundreisen-schottland\/","name":"Rundreise durch Schottland 2025: mit dem Auto bereisen - Urlaub &amp; Reisen","isPartOf":{"@id":"https:\/\/www.urlaubcornwall.de\/blog\/#website"},"datePublished":"2015-10-12T09:09:49+00:00","dateModified":"2024-11-04T10:22:42+00:00","breadcrumb":{"@id":"https:\/\/www.urlaubcornwall.de\/blog\/rundreisen-schottland\/#breadcrumb"},"inLanguage":"en-US","potentialAction":[{"@type":"ReadAction","target":["https:\/\/www.urlaubcornwall.de\/blog\/rundreisen-schottland\/"]}]},{"@type":"BreadcrumbList","@id":"https:\/\/www.urlaubcornwall.de\/blog\/rundreisen-schottland\/#breadcrumb","itemListElement":[{"@type":"ListItem","position":1,"name":"Home","item":"https:\/\/www.urlaubcornwall.de\/blog\/"},{"@type":"ListItem","position":2,"name":"Rundreise durch Schottland 2025: mit dem Auto bereisen"}]}]}},"_links":{"self":[{"href":"https:\/\/www.urlaubcornwall.de\/blog\/wp-json\/wp\/v2\/pages\/20551"}],"collection":[{"href":"https:\/\/www.urlaubcornwall.de\/blog\/wp-json\/wp\/v2\/pages"}],"about":[{"href":"https:\/\/www.urlaubcornwall.de\/blog\/wp-json\/wp\/v2\/types\/page"}],"author":[{"embeddable":true,"href":"https:\/\/www.urlaubcornwall.de\/blog\/wp-json\/wp\/v2\/users\/1"}],"replies":[{"embeddable":true,"href":"https:\/\/www.urlaubcornwall.de\/blog\/wp-json\/wp\/v2\/comments?post=20551"}],"version-history":[{"count":78,"href":"https:\/\/www.urlaubcornwall.de\/blog\/wp-json\/wp\/v2\/pages\/20551\/revisions"}],"predecessor-version":[{"id":51797,"href":"https:\/\/www.urlaubcornwall.de\/blog\/wp-json\/wp\/v2\/pages\/20551\/revisions\/51797"}],"wp:attachment":[{"href":"https:\/\/www.urlaubcornwall.de\/blog\/wp-json\/wp\/v2\/media?parent=20551"}],"curies":[{"name":"wp","href":"https:\/\/api.w.org\/{rel}","templated":true}]}}