{"id":20549,"date":"2015-10-12T08:58:56","date_gmt":"2015-10-12T08:58:56","guid":{"rendered":"https:\/\/www.urlaubcornwall.de\/blog\/?page_id=20549"},"modified":"2024-05-28T09:12:32","modified_gmt":"2024-05-28T09:12:32","slug":"rundreisen-irland","status":"publish","type":"page","link":"https:\/\/www.urlaubcornwall.de\/blog\/rundreisen-irland\/","title":{"rendered":"Rundreisen durch Irland"},"content":{"rendered":"<p><img loading=\"lazy\" class=\"aligncenter size-full wp-image-24301\" src=\"https:\/\/www.urlaubcornwall.de\/blog\/wp-content\/uploads\/2016\/05\/rundreise-irland.jpg\" alt=\"rundreise irland\" width=\"744\" height=\"399\" srcset=\"https:\/\/www.urlaubcornwall.de\/blog\/wp-content\/uploads\/2016\/05\/rundreise-irland.jpg 744w, https:\/\/www.urlaubcornwall.de\/blog\/wp-content\/uploads\/2016\/05\/rundreise-irland-300x161.jpg 300w\" sizes=\"(max-width: 744px) 100vw, 744px\" \/><\/p>\n<p>Ob Sie nun nach einem ma\u00dfgeschneiderten irischen Urlaub als Familienurlaub suchen, eine einmalige Erkundung Irlands oder einfach eine Urlaubswoche in der Ruhe und Sch\u00f6nheit des fernen Westens von Irland verbringen wollen, so kennt doch keiner die versteckten Juwelen und H\u00f6hepunkte Irlands besser als wir es tun. Von den Sehensw\u00fcrdigkeiten von Irlands Wild Atlantic Way, einer herrlichen K\u00fcstenroute von Cork nach Connemara und Donegal bis hin zu einer Flucht auf eine irische Insel \u2013 so k\u00f6nnen wir den idealen irischen Urlaub schlechthin f\u00fcr Sie entwerfen.<\/p>\n<p>Wir bieten eine fantastische Auswahl an Rundreisen mit den beliebtesten Attraktionen und St\u00e4dten in Irland.<\/p>\n<div class=\"snippet\"> <a class=\"featured-item\" href=\" https:\/\/www.urlaubcornwall.de\/blog\/irland-auf-einen-blick-irland-rundreise-mit-dem-auto-5-tage\/\"> <span class=\"image-holder\" style=\"background-image: url(' https:\/\/www.urlaubcornwall.de\/blog\/wp-content\/uploads\/2019\/01\/wild-atlantic-way-irland.jpg');\"><\/span> <span class=\"featured-content\"> \n<h2 class=\"featured-title\">Irland Rundreise mit dem Auto 5 Tage<\/h2>\n<p class=\"featured-body\">Entdecken Sie Irland auf einer 5-t\u00e4gigen Irland Rundreise mit dem Auto. Erkunden Sie Dublin, die Wicklow Mountains, das Kilkenny Castle, genie\u00dfen Sie einen Whiskey in der \u00e4ltesten Destillery des Landes und besuchen Sie Newgrange&#8230;..<\/p>\n<\/span> <span class=\"featured-link-holder\"> <span class=\"featured-extra-info\"> \n<p>ab \u20ac 590<\/p>\n<\/span> \n<p class=\"featured-link\">DETAILS<\/p>\n<\/span> <\/a><\/div>\n<div class=\"snippet\"> <a class=\"featured-item\" href=\" https:\/\/www.urlaubcornwall.de\/blog\/rundreise-in-irland-mit-kindern-8-tage\/\"> <span class=\"image-holder\" style=\"background-image: url(' https:\/\/www.urlaubcornwall.de\/blog\/wp-content\/uploads\/2024\/03\/portrush-irland.jpg');\"><\/span> <span class=\"featured-content\"> \n<h2 class=\"featured-title\">Rundreise in Irland mit Kindern &#8211; 8 Tage<\/h2>\n<p class=\"featured-body\">Bei diesem Familienurlaub Irland wird es Ihnen und vor allem Ihren Kindern nicht langweilig. Sie beginnen die Selbstfahrertour in Dublin und fahren entlang der Ostk\u00fcste in Richtung Kerry und zur\u00fcck \u00fcber Galway nach Dublin&#8230;&#8230;<\/p>\n<\/span> <span class=\"featured-link-holder\"> <span class=\"featured-extra-info\"> \n<p>ab \u20ac 585<\/p>\n<\/span> \n<p class=\"featured-link\">DETAILS<\/p>\n<\/span> <\/a><\/div>\n<div class=\"snippet\"> <a class=\"featured-item\" href=\" https:\/\/www.urlaubcornwall.de\/blog\/wild-atlantic-way-rundreise-irland-10-tage\/\"> <span class=\"image-holder\" style=\"background-image: url(' https:\/\/www.urlaubcornwall.de\/blog\/wp-content\/uploads\/2024\/03\/Cork-irland.jpg');\"><\/span> <span class=\"featured-content\"> \n<h2 class=\"featured-title\">Wild Atlantic Way &#8211; Rundreise Irland 10 Tage<\/h2>\n<p class=\"featured-body\">Erkunden Sie bei dieser Selbstfahrerour den atembraubenden \u201cWild Atlantic Way\u201d, eine traumhafte K\u00fcstenstra\u00dfe im Westen Irlands, die von Donegal bis nach Kinsale verl\u00e4uft&#8230;&#8230;.<\/p>\n<\/span> <span class=\"featured-link-holder\"> <span class=\"featured-extra-info\"> \n<p>ab \u20ac 817<\/p>\n<\/span> \n<p class=\"featured-link\">DETAILS<\/p>\n<\/span> <\/a><\/div>\n<div class=\"snippet\"> <a class=\"featured-item\" href=\" https:\/\/www.urlaubcornwall.de\/blog\/irlandreise-selbstfahrer-in-schlosshotels-urlaub-irland\/\"> <span class=\"image-holder\" style=\"background-image: url(' https:\/\/www.urlaubcornwall.de\/blog\/wp-content\/uploads\/2024\/03\/irland-chloss.jpg');\"><\/span> <span class=\"featured-content\"> \n<h2 class=\"featured-title\">Irlandreise Selbstfahrer in Schlo\u00dfhotels 8 Tage<\/h2>\n<p class=\"featured-body\">Entdecken Sie auf dieser Irlandreise Selbstfahrer die Sch\u00f6nheiten Irlands. Als Highlight \u00fcbernachten Sie dabei nur in ausgew\u00e4hlten, zauberhaften Schlo\u00dfhotels Irlands. Eine Selbstfahrerreise der Extraklasse!&#8230;&#8230;.<\/p>\n<\/span> <span class=\"featured-link-holder\"> <span class=\"featured-extra-info\"> \n<p>Preise auf Anfrage!<\/p>\n<\/span> \n<p class=\"featured-link\">DETAILS<\/p>\n<\/span> <\/a><\/div>\n<div class=\"snippet\"> <a class=\"featured-item\" href=\" https:\/\/www.urlaubcornwall.de\/blog\/luxus-rundreise-irland-schlosshotels-irland\/\"> <span class=\"image-holder\" style=\"background-image: url(' https:\/\/www.urlaubcornwall.de\/blog\/wp-content\/uploads\/2024\/03\/cliffs-of-moher-irland.jpg');\"><\/span> <span class=\"featured-content\"> \n<h2 class=\"featured-title\">Luxus-Rundreise Irland 8 Tage<\/h2>\n<p class=\"featured-body\">Dazu z\u00e4hlt die Region rund um den Connemara Nationalpark, die Klippen von Moher, der Ring of Kerry sowie die irische Hauptstadt. Das Besondere an dieser Reise sind die Unterk\u00fcnfte, denn Sie \u00fcbernachten in ausgew\u00e4hlten Schlosshotels!&#8230;&#8230;.<\/p>\n<\/span> <span class=\"featured-link-holder\"> <span class=\"featured-extra-info\"> \n<p>ab \u20ac 870<\/p>\n<\/span> \n<p class=\"featured-link\">DETAILS<\/p>\n<\/span> <\/a><\/div>\n<div class=\"snippet\"> <a class=\"featured-item\" href=\" https:\/\/www.urlaubcornwall.de\/blog\/irland-kulinarische-reise-9-tage\/\"> <span class=\"image-holder\" style=\"background-image: url(' https:\/\/www.urlaubcornwall.de\/blog\/wp-content\/uploads\/2019\/01\/urlaub-irland-busreise.jpg');\"><\/span> <span class=\"featured-content\"> \n<h2 class=\"featured-title\">Einmaliges Irland &#8211; 8 Tage Selbstfahrertour<\/h2>\n<p class=\"featured-body\">Irland ist ein Land der Gegens\u00e4tze. Das werden Sie auf Ihrer 8 Tage Selbstfahrertour schnell feststellen. Die Iren sind ein herzliches und gastfreundliches Volk und die hiesige Lebensweise&#8230;&#8230;<\/p>\n<\/span> <span class=\"featured-link-holder\"> <span class=\"featured-extra-info\"> \n<p>ab \u20ac 679<\/p>\n<\/span> \n<p class=\"featured-link\">DETAILS<\/p>\n<\/span> <\/a><\/div>\n<h2 style=\"text-align: center;\">Unser Rundreisenservice<\/h2>\n<p style=\"text-align: center;\"><a href=\"http:\/\/urlaubcornwall.de\/\">UrlaubCornwall.de<\/a> hat seinen Firmensitz in Cornwall in S\u00fcdwestengland und bietet Kunden im Deutsch sprechenden Europa Hilfe im Erstellen der perfekten Urlaubserfahrung hier. Wir haben <a href=\"http:\/\/www.urlaubcornwall.de\/rundreisenservice.php\">ein Team Deutsch sprechender Experten<\/a>, so dass wir eine individuelle Rundreise durch Cornwall, S\u00fcdengland und nun auch durch den Rest Gro\u00dfbritanniens und Irlands anbieten k\u00f6nnen.<\/p>\n<p style=\"text-align: center;\"><a class=\"tidycta\" href=\"http:\/\/www.urlaubcornwall.de\/anfrage.php?tourcode=Rundreise Irland\">Rundreise Irland Anfrage<\/a><\/p>\n<p style=\"text-align: center;\">Wir bieten eine fantastische Auswahl an Rundreisen mit den beliebtesten Attraktionen und St\u00e4dten in <a href=\"http:\/\/www.urlaubcornwall.de\/reiseziel\/cornwall.php\">Cornwall<\/a>, <a href=\"https:\/\/www.urlaubcornwall.de\/blog\/rundreisen-england-wales\/\">England<\/a>, <a href=\"https:\/\/www.urlaubcornwall.de\/blog\/rundreisen-schottland\/\">Schottland,<\/a> <a href=\"https:\/\/www.urlaubcornwall.de\/blog\/rundreisen-england-wales\/\">Wales<\/a> und <a href=\"https:\/\/www.urlaubcornwall.de\/blog\/rundreisen-irland\/\">Irland.<\/a><\/p>\n\n","protected":false},"excerpt":{"rendered":"<p>Ob Sie nun nach einem ma\u00dfgeschneiderten irischen Urlaub als Familienurlaub suchen, eine einmalige Erkundung Irlands oder einfach eine Urlaubswoche in der Ruhe und Sch\u00f6nheit des fernen Westens von Irland verbringen wollen, so kennt doch keiner die versteckten Juwelen und H\u00f6hepunkte Irlands besser als wir es tun. Von den Sehensw\u00fcrdigkeiten von Irlands Wild Atlantic Way, einer [&hellip;]<\/p>\n","protected":false},"author":1,"featured_media":0,"parent":0,"menu_order":0,"comment_status":"closed","ping_status":"closed","template":"single-four.php","meta":[],"acf":[],"yoast_head":"<!-- This site is optimized with the Yoast SEO plugin v19.4 - https:\/\/yoast.com\/wordpress\/plugins\/seo\/ -->\n<title>Rundreisen durch Irland - Urlaub &amp; Reisen<\/title>\n<meta name=\"robots\" content=\"index, follow, max-snippet:-1, max-image-preview:large, max-video-preview:-1\" \/>\n<link rel=\"canonical\" href=\"https:\/\/www.urlaubcornwall.de\/blog\/rundreisen-irland\/\" \/>\n<meta property=\"og:locale\" content=\"en_US\" \/>\n<meta property=\"og:type\" content=\"article\" \/>\n<meta property=\"og:title\" content=\"Rundreisen durch Irland - Urlaub &amp; Reisen\" \/>\n<meta property=\"og:description\" content=\"Ob Sie nun nach einem ma\u00dfgeschneiderten irischen Urlaub als Familienurlaub suchen, eine einmalige Erkundung Irlands oder einfach eine Urlaubswoche in der Ruhe und Sch\u00f6nheit des fernen Westens von Irland verbringen wollen, so kennt doch keiner die versteckten Juwelen und H\u00f6hepunkte Irlands besser als wir es tun. Von den Sehensw\u00fcrdigkeiten von Irlands Wild Atlantic Way, einer [&hellip;]\" \/>\n<meta property=\"og:url\" content=\"https:\/\/www.urlaubcornwall.de\/blog\/rundreisen-irland\/\" \/>\n<meta property=\"og:site_name\" content=\"Urlaub &amp; Reisen\" \/>\n<meta property=\"article:modified_time\" content=\"2024-05-28T09:12:32+00:00\" \/>\n<meta property=\"og:image\" content=\"https:\/\/www.urlaubcornwall.de\/blog\/wp-content\/uploads\/2016\/05\/rundreise-irland.jpg\" \/>\n<meta name=\"twitter:card\" content=\"summary\" \/>\n<meta name=\"twitter:label1\" content=\"Est. reading time\" \/>\n\t<meta name=\"twitter:data1\" content=\"2 minutes\" \/>\n<script type=\"application\/ld+json\" class=\"yoast-schema-graph\">{\"@context\":\"https:\/\/schema.org\",\"@graph\":[{\"@type\":\"WebSite\",\"@id\":\"https:\/\/www.urlaubcornwall.de\/blog\/#website\",\"url\":\"https:\/\/www.urlaubcornwall.de\/blog\/\",\"name\":\"Urlaub &amp; Reisen\",\"description\":\"Urlaub, Reisen, Cornwall und S\u00fcdengland: eine perfekte Kombination\",\"potentialAction\":[{\"@type\":\"SearchAction\",\"target\":{\"@type\":\"EntryPoint\",\"urlTemplate\":\"https:\/\/www.urlaubcornwall.de\/blog\/?s={search_term_string}\"},\"query-input\":\"required name=search_term_string\"}],\"inLanguage\":\"en-US\"},{\"@type\":\"WebPage\",\"@id\":\"https:\/\/www.urlaubcornwall.de\/blog\/rundreisen-irland\/\",\"url\":\"https:\/\/www.urlaubcornwall.de\/blog\/rundreisen-irland\/\",\"name\":\"Rundreisen durch Irland - Urlaub &amp; Reisen\",\"isPartOf\":{\"@id\":\"https:\/\/www.urlaubcornwall.de\/blog\/#website\"},\"datePublished\":\"2015-10-12T08:58:56+00:00\",\"dateModified\":\"2024-05-28T09:12:32+00:00\",\"breadcrumb\":{\"@id\":\"https:\/\/www.urlaubcornwall.de\/blog\/rundreisen-irland\/#breadcrumb\"},\"inLanguage\":\"en-US\",\"potentialAction\":[{\"@type\":\"ReadAction\",\"target\":[\"https:\/\/www.urlaubcornwall.de\/blog\/rundreisen-irland\/\"]}]},{\"@type\":\"BreadcrumbList\",\"@id\":\"https:\/\/www.urlaubcornwall.de\/blog\/rundreisen-irland\/#breadcrumb\",\"itemListElement\":[{\"@type\":\"ListItem\",\"position\":1,\"name\":\"Home\",\"item\":\"https:\/\/www.urlaubcornwall.de\/blog\/\"},{\"@type\":\"ListItem\",\"position\":2,\"name\":\"Rundreisen durch Irland\"}]}]}<\/script>\n<!-- \/ Yoast SEO plugin. -->","yoast_head_json":{"title":"Rundreisen durch Irland - Urlaub &amp; Reisen","robots":{"index":"index","follow":"follow","max-snippet":"max-snippet:-1","max-image-preview":"max-image-preview:large","max-video-preview":"max-video-preview:-1"},"canonical":"https:\/\/www.urlaubcornwall.de\/blog\/rundreisen-irland\/","og_locale":"en_US","og_type":"article","og_title":"Rundreisen durch Irland - Urlaub &amp; Reisen","og_description":"Ob Sie nun nach einem ma\u00dfgeschneiderten irischen Urlaub als Familienurlaub suchen, eine einmalige Erkundung Irlands oder einfach eine Urlaubswoche in der Ruhe und Sch\u00f6nheit des fernen Westens von Irland verbringen wollen, so kennt doch keiner die versteckten Juwelen und H\u00f6hepunkte Irlands besser als wir es tun. Von den Sehensw\u00fcrdigkeiten von Irlands Wild Atlantic Way, einer [&hellip;]","og_url":"https:\/\/www.urlaubcornwall.de\/blog\/rundreisen-irland\/","og_site_name":"Urlaub &amp; Reisen","article_modified_time":"2024-05-28T09:12:32+00:00","og_image":[{"url":"https:\/\/www.urlaubcornwall.de\/blog\/wp-content\/uploads\/2016\/05\/rundreise-irland.jpg"}],"twitter_card":"summary","twitter_misc":{"Est. reading time":"2 minutes"},"schema":{"@context":"https:\/\/schema.org","@graph":[{"@type":"WebSite","@id":"https:\/\/www.urlaubcornwall.de\/blog\/#website","url":"https:\/\/www.urlaubcornwall.de\/blog\/","name":"Urlaub &amp; Reisen","description":"Urlaub, Reisen, Cornwall und S\u00fcdengland: eine perfekte Kombination","potentialAction":[{"@type":"SearchAction","target":{"@type":"EntryPoint","urlTemplate":"https:\/\/www.urlaubcornwall.de\/blog\/?s={search_term_string}"},"query-input":"required name=search_term_string"}],"inLanguage":"en-US"},{"@type":"WebPage","@id":"https:\/\/www.urlaubcornwall.de\/blog\/rundreisen-irland\/","url":"https:\/\/www.urlaubcornwall.de\/blog\/rundreisen-irland\/","name":"Rundreisen durch Irland - Urlaub &amp; Reisen","isPartOf":{"@id":"https:\/\/www.urlaubcornwall.de\/blog\/#website"},"datePublished":"2015-10-12T08:58:56+00:00","dateModified":"2024-05-28T09:12:32+00:00","breadcrumb":{"@id":"https:\/\/www.urlaubcornwall.de\/blog\/rundreisen-irland\/#breadcrumb"},"inLanguage":"en-US","potentialAction":[{"@type":"ReadAction","target":["https:\/\/www.urlaubcornwall.de\/blog\/rundreisen-irland\/"]}]},{"@type":"BreadcrumbList","@id":"https:\/\/www.urlaubcornwall.de\/blog\/rundreisen-irland\/#breadcrumb","itemListElement":[{"@type":"ListItem","position":1,"name":"Home","item":"https:\/\/www.urlaubcornwall.de\/blog\/"},{"@type":"ListItem","position":2,"name":"Rundreisen durch Irland"}]}]}},"_links":{"self":[{"href":"https:\/\/www.urlaubcornwall.de\/blog\/wp-json\/wp\/v2\/pages\/20549"}],"collection":[{"href":"https:\/\/www.urlaubcornwall.de\/blog\/wp-json\/wp\/v2\/pages"}],"about":[{"href":"https:\/\/www.urlaubcornwall.de\/blog\/wp-json\/wp\/v2\/types\/page"}],"author":[{"embeddable":true,"href":"https:\/\/www.urlaubcornwall.de\/blog\/wp-json\/wp\/v2\/users\/1"}],"replies":[{"embeddable":true,"href":"https:\/\/www.urlaubcornwall.de\/blog\/wp-json\/wp\/v2\/comments?post=20549"}],"version-history":[{"count":35,"href":"https:\/\/www.urlaubcornwall.de\/blog\/wp-json\/wp\/v2\/pages\/20549\/revisions"}],"predecessor-version":[{"id":50331,"href":"https:\/\/www.urlaubcornwall.de\/blog\/wp-json\/wp\/v2\/pages\/20549\/revisions\/50331"}],"wp:attachment":[{"href":"https:\/\/www.urlaubcornwall.de\/blog\/wp-json\/wp\/v2\/media?parent=20549"}],"curies":[{"name":"wp","href":"https:\/\/api.w.org\/{rel}","templated":true}]}}