{"id":20533,"date":"2015-10-11T16:03:00","date_gmt":"2015-10-11T16:03:00","guid":{"rendered":"https:\/\/www.urlaubcornwall.de\/blog\/?page_id=20533"},"modified":"2019-01-27T13:53:23","modified_gmt":"2019-01-27T13:53:23","slug":"familienurlaub-in-irland","status":"publish","type":"page","link":"https:\/\/www.urlaubcornwall.de\/blog\/familienurlaub-in-irland\/","title":{"rendered":"Familienurlaub und Reisen mit Kindern in Irland"},"content":{"rendered":"<p><a href=\"https:\/\/www.urlaubcornwall.de\/blog\/wp-content\/uploads\/2015\/10\/cornwall-mit-kindern.jpg\"><img loading=\"lazy\" class=\"aligncenter size-full wp-image-20524\" src=\"https:\/\/www.urlaubcornwall.de\/blog\/wp-content\/uploads\/2015\/10\/cornwall-mit-kindern.jpg\" alt=\"irland mit kindern\" width=\"748\" height=\"365\"\/><\/a><\/p>\n<p>Wollen Sie Irland im Rahmen eines gro\u00dfartigen Familienurlaubs mit Kindern bereisen? Die Magie liegt in den Ortsnamen: Killarney, Connemara, Dingle, Cork, Galway, <a href=\"https:\/\/www.urlaubcornwall.de\/blog\/staedtereise-kurzurlaub-in-dublin\/\">Dublin<\/a>. Lassen Sie Ihre Kinder den Blarney Stone (Schmeichlerstein) k\u00fcssen und lassen Sie sie Dublins ber\u00fchmte Grafton Street mit ihren Stra\u00dfenmusikanten und Pantomimen hinunterrennen. Oder machen Sie sich auf zu den charmanten D\u00f6rfern auf dem Lande, wo eine kurze Radtour Ihre Familie zu Schafen und smaragdgr\u00fcnen Feldern f\u00fchren wird. Dies alles ist Teil eines Irland-Familienurlaubs.<\/p>\n<p><a href=\"https:\/\/www.urlaubcornwall.de\/blog\/wp-content\/uploads\/2018\/12\/wild-atlantic-way-irland.jp\"><img loading=\"lazy\" class=\"aligncenter size-full wp-image-34720\" src=\"https:\/\/www.urlaubcornwall.de\/blog\/wp-content\/uploads\/2018\/12\/wild-atlantic-way-irland.jpg\" alt=\"Rundreise Wild Atlantic Way\" width=\"745\" height=\"402 srcset=\"https:\/\/www.urlaubcornwall.de\/blog\/wp-content\/uploads\/2018\/12\/wild-atlantic-way-irland.jpg 745w, https:\/\/www.urlaubcornwall.de\/blog\/wp-content\/uploads\/2018\/12\/wild-atlantic-way-irland-300x162.jpg 300w\" sizes=\"(max-width: 745px) 100vw, 745px\" \/><\/a><\/p>\n<p><a href=\"https:\/\/www.urlaubcornwall.de\/blog\/bei-uns-finden-sie-hotels-in-irland-zum-verlieben-so-einfach-ist-das\/\"><span style=\"text-decoration: underline;\">Familienhotels in Irland<\/span><\/a> finden sich in s\u00e4mtlichen Formen und Gr\u00f6\u00dfen. Kinder lieben den Aufenthalt in einem echten irischen Schloss mit riesigen Grundflachen zum Toben und Spielen. Auf dem Lande finden Sie auch Familien-Bauernh\u00e4user und Cottages, wo sich Kinder zuhause f\u00fchlen werden, und viele irische Dorfer hei\u00dfen Ihre Kinder in charmanten, familienfreundlichen Gasth\u00e4usern willkommen. Dublin hat gro\u00dfe moderne Hotels mit Schwimmb\u00e4dern und altmodische Familienhotels mit Suiten und Wohnzimmern. Die irischen Hauptflugh\u00e4fen sind Shannon und Dublin International.<\/p>\n<div class=\"snippet\"> <a class=\"featured-item\" href=\" https:\/\/www.urlaubcornwall.de\/blog\/rundreisen-irland\/\"> <span class=\"image-holder\" style=\"background-image: url(' https:\/\/www.urlaubcornwall.de\/blog\/wp-content\/uploads\/2019\/01\/irland-dmc.jpg ');\"><\/span> <span class=\"featured-content\"> \n<h2 class=\"featured-title\">Rundreise durch Irland: mit dem Auto bereisen <\/h2>\n<p class=\"featured-body\">Ob Sie nun nach einem ma\u00dfgeschneiderten irischen Urlaub als Familienurlaub suchen, eine einmalige Erkundung Irlands oder einfach eine Urlaubswoche in der Ruhe und Sch\u00f6nheit des fernen Westens von Irland&#8230;<\/p>\n<\/span> <span class=\"featured-link-holder\"> <span class=\"featured-extra-info\"> \n<p>Ready Made Touren<\/p>\n<\/span> \n<p class=\"featured-link\">DETAILS<\/p>\n<\/span> <\/a><\/div>\n<p>Wir haben <a href=\"http:\/\/www.urlaubcornwall.de\/rundreisenservice.php\">ein Team Deutsch sprechender Experten<\/a>, so dass wir eine individuelle Rundreise durch <a href=\"https:\/\/www.urlaubcornwall.de\/blog\/erleben-sie-irland-die-emerald-insel\/\">Irland<\/a>. Unsere Websitedetails zeigen lediglich eine kleine Auswahl dessen, was wir anbieten k\u00f6nnen.All die Rundreisen und Urlaubspakete, die wir vorstellen, sind durch eine gro\u00dfe deutsche Reisegesellschaft gesichert, so dass Sie vertrauensvoll buchen k\u00f6nnen.<\/p>\n","protected":false},"excerpt":{"rendered":"<p>Wollen Sie Irland im Rahmen eines gro\u00dfartigen Familienurlaubs mit Kindern bereisen? Die Magie liegt in den Ortsnamen: Killarney, Connemara, Dingle, Cork, Galway, Dublin. Lassen Sie Ihre Kinder den Blarney Stone (Schmeichlerstein) k\u00fcssen und lassen Sie sie Dublins ber\u00fchmte Grafton Street mit ihren Stra\u00dfenmusikanten und Pantomimen hinunterrennen. Oder machen Sie sich auf zu den charmanten D\u00f6rfern [&hellip;]<\/p>\n","protected":false},"author":1,"featured_media":0,"parent":0,"menu_order":0,"comment_status":"closed","ping_status":"closed","template":"single-four.php","meta":[],"acf":[],"yoast_head":"<!-- This site is optimized with the Yoast SEO plugin v19.4 - https:\/\/yoast.com\/wordpress\/plugins\/seo\/ -->\n<title>Familienurlaub und Reisen mit Kindern in Irland - Urlaub &amp; Reisen<\/title>\n<meta name=\"robots\" content=\"index, follow, max-snippet:-1, max-image-preview:large, max-video-preview:-1\" \/>\n<link rel=\"canonical\" href=\"https:\/\/www.urlaubcornwall.de\/blog\/familienurlaub-in-irland\/\" \/>\n<meta property=\"og:locale\" content=\"en_US\" \/>\n<meta property=\"og:type\" content=\"article\" \/>\n<meta property=\"og:title\" content=\"Familienurlaub und Reisen mit Kindern in Irland - Urlaub &amp; Reisen\" \/>\n<meta property=\"og:description\" content=\"Wollen Sie Irland im Rahmen eines gro\u00dfartigen Familienurlaubs mit Kindern bereisen? Die Magie liegt in den Ortsnamen: Killarney, Connemara, Dingle, Cork, Galway, Dublin. Lassen Sie Ihre Kinder den Blarney Stone (Schmeichlerstein) k\u00fcssen und lassen Sie sie Dublins ber\u00fchmte Grafton Street mit ihren Stra\u00dfenmusikanten und Pantomimen hinunterrennen. Oder machen Sie sich auf zu den charmanten D\u00f6rfern [&hellip;]\" \/>\n<meta property=\"og:url\" content=\"https:\/\/www.urlaubcornwall.de\/blog\/familienurlaub-in-irland\/\" \/>\n<meta property=\"og:site_name\" content=\"Urlaub &amp; Reisen\" \/>\n<meta property=\"article:modified_time\" content=\"2019-01-27T13:53:23+00:00\" \/>\n<meta property=\"og:image\" content=\"https:\/\/www.urlaubcornwall.de\/blog\/wp-content\/uploads\/2015\/10\/cornwall-mit-kindern.jpg\" \/>\n<meta name=\"twitter:card\" content=\"summary\" \/>\n<script type=\"application\/ld+json\" class=\"yoast-schema-graph\">{\"@context\":\"https:\/\/schema.org\",\"@graph\":[{\"@type\":\"WebSite\",\"@id\":\"https:\/\/www.urlaubcornwall.de\/blog\/#website\",\"url\":\"https:\/\/www.urlaubcornwall.de\/blog\/\",\"name\":\"Urlaub &amp; Reisen\",\"description\":\"Urlaub, Reisen, Cornwall und S\u00fcdengland: eine perfekte Kombination\",\"potentialAction\":[{\"@type\":\"SearchAction\",\"target\":{\"@type\":\"EntryPoint\",\"urlTemplate\":\"https:\/\/www.urlaubcornwall.de\/blog\/?s={search_term_string}\"},\"query-input\":\"required name=search_term_string\"}],\"inLanguage\":\"en-US\"},{\"@type\":\"WebPage\",\"@id\":\"https:\/\/www.urlaubcornwall.de\/blog\/familienurlaub-in-irland\/\",\"url\":\"https:\/\/www.urlaubcornwall.de\/blog\/familienurlaub-in-irland\/\",\"name\":\"Familienurlaub und Reisen mit Kindern in Irland - Urlaub &amp; Reisen\",\"isPartOf\":{\"@id\":\"https:\/\/www.urlaubcornwall.de\/blog\/#website\"},\"datePublished\":\"2015-10-11T16:03:00+00:00\",\"dateModified\":\"2019-01-27T13:53:23+00:00\",\"breadcrumb\":{\"@id\":\"https:\/\/www.urlaubcornwall.de\/blog\/familienurlaub-in-irland\/#breadcrumb\"},\"inLanguage\":\"en-US\",\"potentialAction\":[{\"@type\":\"ReadAction\",\"target\":[\"https:\/\/www.urlaubcornwall.de\/blog\/familienurlaub-in-irland\/\"]}]},{\"@type\":\"BreadcrumbList\",\"@id\":\"https:\/\/www.urlaubcornwall.de\/blog\/familienurlaub-in-irland\/#breadcrumb\",\"itemListElement\":[{\"@type\":\"ListItem\",\"position\":1,\"name\":\"Home\",\"item\":\"https:\/\/www.urlaubcornwall.de\/blog\/\"},{\"@type\":\"ListItem\",\"position\":2,\"name\":\"Familienurlaub und Reisen mit Kindern in Irland\"}]}]}<\/script>\n<!-- \/ Yoast SEO plugin. -->","yoast_head_json":{"title":"Familienurlaub und Reisen mit Kindern in Irland - Urlaub &amp; Reisen","robots":{"index":"index","follow":"follow","max-snippet":"max-snippet:-1","max-image-preview":"max-image-preview:large","max-video-preview":"max-video-preview:-1"},"canonical":"https:\/\/www.urlaubcornwall.de\/blog\/familienurlaub-in-irland\/","og_locale":"en_US","og_type":"article","og_title":"Familienurlaub und Reisen mit Kindern in Irland - Urlaub &amp; Reisen","og_description":"Wollen Sie Irland im Rahmen eines gro\u00dfartigen Familienurlaubs mit Kindern bereisen? Die Magie liegt in den Ortsnamen: Killarney, Connemara, Dingle, Cork, Galway, Dublin. Lassen Sie Ihre Kinder den Blarney Stone (Schmeichlerstein) k\u00fcssen und lassen Sie sie Dublins ber\u00fchmte Grafton Street mit ihren Stra\u00dfenmusikanten und Pantomimen hinunterrennen. Oder machen Sie sich auf zu den charmanten D\u00f6rfern [&hellip;]","og_url":"https:\/\/www.urlaubcornwall.de\/blog\/familienurlaub-in-irland\/","og_site_name":"Urlaub &amp; Reisen","article_modified_time":"2019-01-27T13:53:23+00:00","og_image":[{"url":"https:\/\/www.urlaubcornwall.de\/blog\/wp-content\/uploads\/2015\/10\/cornwall-mit-kindern.jpg"}],"twitter_card":"summary","schema":{"@context":"https:\/\/schema.org","@graph":[{"@type":"WebSite","@id":"https:\/\/www.urlaubcornwall.de\/blog\/#website","url":"https:\/\/www.urlaubcornwall.de\/blog\/","name":"Urlaub &amp; Reisen","description":"Urlaub, Reisen, Cornwall und S\u00fcdengland: eine perfekte Kombination","potentialAction":[{"@type":"SearchAction","target":{"@type":"EntryPoint","urlTemplate":"https:\/\/www.urlaubcornwall.de\/blog\/?s={search_term_string}"},"query-input":"required name=search_term_string"}],"inLanguage":"en-US"},{"@type":"WebPage","@id":"https:\/\/www.urlaubcornwall.de\/blog\/familienurlaub-in-irland\/","url":"https:\/\/www.urlaubcornwall.de\/blog\/familienurlaub-in-irland\/","name":"Familienurlaub und Reisen mit Kindern in Irland - Urlaub &amp; Reisen","isPartOf":{"@id":"https:\/\/www.urlaubcornwall.de\/blog\/#website"},"datePublished":"2015-10-11T16:03:00+00:00","dateModified":"2019-01-27T13:53:23+00:00","breadcrumb":{"@id":"https:\/\/www.urlaubcornwall.de\/blog\/familienurlaub-in-irland\/#breadcrumb"},"inLanguage":"en-US","potentialAction":[{"@type":"ReadAction","target":["https:\/\/www.urlaubcornwall.de\/blog\/familienurlaub-in-irland\/"]}]},{"@type":"BreadcrumbList","@id":"https:\/\/www.urlaubcornwall.de\/blog\/familienurlaub-in-irland\/#breadcrumb","itemListElement":[{"@type":"ListItem","position":1,"name":"Home","item":"https:\/\/www.urlaubcornwall.de\/blog\/"},{"@type":"ListItem","position":2,"name":"Familienurlaub und Reisen mit Kindern in Irland"}]}]}},"_links":{"self":[{"href":"https:\/\/www.urlaubcornwall.de\/blog\/wp-json\/wp\/v2\/pages\/20533"}],"collection":[{"href":"https:\/\/www.urlaubcornwall.de\/blog\/wp-json\/wp\/v2\/pages"}],"about":[{"href":"https:\/\/www.urlaubcornwall.de\/blog\/wp-json\/wp\/v2\/types\/page"}],"author":[{"embeddable":true,"href":"https:\/\/www.urlaubcornwall.de\/blog\/wp-json\/wp\/v2\/users\/1"}],"replies":[{"embeddable":true,"href":"https:\/\/www.urlaubcornwall.de\/blog\/wp-json\/wp\/v2\/comments?post=20533"}],"version-history":[{"count":22,"href":"https:\/\/www.urlaubcornwall.de\/blog\/wp-json\/wp\/v2\/pages\/20533\/revisions"}],"predecessor-version":[{"id":35395,"href":"https:\/\/www.urlaubcornwall.de\/blog\/wp-json\/wp\/v2\/pages\/20533\/revisions\/35395"}],"wp:attachment":[{"href":"https:\/\/www.urlaubcornwall.de\/blog\/wp-json\/wp\/v2\/media?parent=20533"}],"curies":[{"name":"wp","href":"https:\/\/api.w.org\/{rel}","templated":true}]}}