{"id":20515,"date":"2015-10-11T12:59:17","date_gmt":"2015-10-11T12:59:17","guid":{"rendered":"https:\/\/www.urlaubcornwall.de\/blog\/?page_id=20515"},"modified":"2017-03-12T12:57:15","modified_gmt":"2017-03-12T12:57:15","slug":"persoenlich-inspiziert-bb-in-london-und-suedengland","status":"publish","type":"page","link":"https:\/\/www.urlaubcornwall.de\/blog\/persoenlich-inspiziert-bb-in-london-und-suedengland\/","title":{"rendered":"Pers\u00f6nlich inspiziert B&#038;B in London und S\u00fcdengland"},"content":{"rendered":"<p style=\"text-align: center;\"><strong>F\u00fcr viele ist die Unterkunft in einem Bed &amp; Breakfast die einzige M\u00f6glichkeit, Urlaub in London und S\u00fcdengland zu verbringen!<\/strong><\/p>\n<p style=\"text-align: center;\">Es ist eine Chance, in die englische Lebensart einzutauchen, da Sie im Zuhause Ihres Gastgebers herzlich aufgenommen werden. Erfahren Sie wahrhaft pers\u00f6nlichen Service, sowie Rat und Insidertipps zur \u00f6rtlichen Umgebung.<\/p>\n<p><a href=\"https:\/\/www.urlaubcornwall.de\/blog\/wp-content\/uploads\/2015\/10\/jump-rosemary_1205-0253.jpg\"><img loading=\"lazy\" class=\"aligncenter size-full wp-image-21300\" src=\"https:\/\/www.urlaubcornwall.de\/blog\/wp-content\/uploads\/2015\/10\/jump-rosemary_1205-0253.jpg\" alt=\"b&amp;b suedengland\" height=\"363\" width=\"740\" srcset=\"https:\/\/www.urlaubcornwall.de\/blog\/wp-content\/uploads\/2015\/10\/jump-rosemary_1205-0253.jpg 740w, https:\/\/www.urlaubcornwall.de\/blog\/wp-content\/uploads\/2015\/10\/jump-rosemary_1205-0253-300x147.jpg 300w\" sizes=\"(max-width: 740px) 100vw, 740px\" \/><\/a><\/p>\n<p style=\"text-align: center;\">Jedes unserer B&amp;Bs wurde pers\u00f6nlich inspiziert, und in den meisten F\u00e4llen hat ein Mitglied unseres Teams dort \u00fcbernachtet, um sicherzustellen, dass wir f\u00fcr Sie die ideal auf Ihre Bed\u00fcrfnisse zugeschnittene Unterkunft finden.<\/p>\n<p style=\"text-align: center;\"><strong>Tourismusexperten mit 15 Jahre Erfahrung im Organisieren von Touren durch Cornwall und S\u00fcdengland. <\/strong><\/p>\n<p style=\"text-align: center;\"><a class=\"tidycta\" href=\"http:\/\/www.urlaubcornwall.de\/anfrage.php?tourcode=B&amp;B Cornwall Anfrage\">B&amp;B Anfrage<\/a><\/p>\n<p><strong><img loading=\"lazy\" class=\"aligncenter size-full wp-image-25335\" src=\"https:\/\/www.urlaubcornwall.de\/blog\/wp-content\/uploads\/2016\/11\/urlaub-und-sudengland_post_logo.jpg\" alt=\"\" height=\"316\" width=\"515\"\/><\/strong><\/p>\n","protected":false},"excerpt":{"rendered":"<p>F\u00fcr viele ist die Unterkunft in einem Bed &amp; Breakfast die einzige M\u00f6glichkeit, Urlaub in London und S\u00fcdengland zu verbringen! Es ist eine Chance, in die englische Lebensart einzutauchen, da Sie im Zuhause Ihres Gastgebers herzlich aufgenommen werden. Erfahren Sie wahrhaft pers\u00f6nlichen Service, sowie Rat und Insidertipps zur \u00f6rtlichen Umgebung. Jedes unserer B&amp;Bs wurde pers\u00f6nlich [&hellip;]<\/p>\n","protected":false},"author":1,"featured_media":0,"parent":0,"menu_order":0,"comment_status":"closed","ping_status":"closed","template":"single-four.php","meta":[],"acf":[],"yoast_head":"<!-- This site is optimized with the Yoast SEO plugin v19.4 - https:\/\/yoast.com\/wordpress\/plugins\/seo\/ -->\n<title>Pers\u00f6nlich inspiziert B&amp;B in London und S\u00fcdengland - Urlaub &amp; Reisen<\/title>\n<meta name=\"robots\" content=\"index, follow, max-snippet:-1, max-image-preview:large, max-video-preview:-1\" \/>\n<link rel=\"canonical\" href=\"https:\/\/www.urlaubcornwall.de\/blog\/persoenlich-inspiziert-bb-in-london-und-suedengland\/\" \/>\n<meta property=\"og:locale\" content=\"en_US\" \/>\n<meta property=\"og:type\" content=\"article\" \/>\n<meta property=\"og:title\" content=\"Pers\u00f6nlich inspiziert B&amp;B in London und S\u00fcdengland - Urlaub &amp; Reisen\" \/>\n<meta property=\"og:description\" content=\"F\u00fcr viele ist die Unterkunft in einem Bed &amp; Breakfast die einzige M\u00f6glichkeit, Urlaub in London und S\u00fcdengland zu verbringen! Es ist eine Chance, in die englische Lebensart einzutauchen, da Sie im Zuhause Ihres Gastgebers herzlich aufgenommen werden. Erfahren Sie wahrhaft pers\u00f6nlichen Service, sowie Rat und Insidertipps zur \u00f6rtlichen Umgebung. Jedes unserer B&amp;Bs wurde pers\u00f6nlich [&hellip;]\" \/>\n<meta property=\"og:url\" content=\"https:\/\/www.urlaubcornwall.de\/blog\/persoenlich-inspiziert-bb-in-london-und-suedengland\/\" \/>\n<meta property=\"og:site_name\" content=\"Urlaub &amp; Reisen\" \/>\n<meta property=\"article:modified_time\" content=\"2017-03-12T12:57:15+00:00\" \/>\n<meta property=\"og:image\" content=\"https:\/\/www.urlaubcornwall.de\/blog\/wp-content\/uploads\/2015\/10\/jump-rosemary_1205-0253.jpg\" \/>\n<meta name=\"twitter:card\" content=\"summary\" \/>\n<meta name=\"twitter:label1\" content=\"Est. reading time\" \/>\n\t<meta name=\"twitter:data1\" content=\"1 minute\" \/>\n<script type=\"application\/ld+json\" class=\"yoast-schema-graph\">{\"@context\":\"https:\/\/schema.org\",\"@graph\":[{\"@type\":\"WebSite\",\"@id\":\"https:\/\/www.urlaubcornwall.de\/blog\/#website\",\"url\":\"https:\/\/www.urlaubcornwall.de\/blog\/\",\"name\":\"Urlaub &amp; Reisen\",\"description\":\"Urlaub, Reisen, Cornwall und S\u00fcdengland: eine perfekte Kombination\",\"potentialAction\":[{\"@type\":\"SearchAction\",\"target\":{\"@type\":\"EntryPoint\",\"urlTemplate\":\"https:\/\/www.urlaubcornwall.de\/blog\/?s={search_term_string}\"},\"query-input\":\"required name=search_term_string\"}],\"inLanguage\":\"en-US\"},{\"@type\":\"WebPage\",\"@id\":\"https:\/\/www.urlaubcornwall.de\/blog\/persoenlich-inspiziert-bb-in-london-und-suedengland\/\",\"url\":\"https:\/\/www.urlaubcornwall.de\/blog\/persoenlich-inspiziert-bb-in-london-und-suedengland\/\",\"name\":\"Pers\u00f6nlich inspiziert B&B in London und S\u00fcdengland - Urlaub &amp; Reisen\",\"isPartOf\":{\"@id\":\"https:\/\/www.urlaubcornwall.de\/blog\/#website\"},\"datePublished\":\"2015-10-11T12:59:17+00:00\",\"dateModified\":\"2017-03-12T12:57:15+00:00\",\"breadcrumb\":{\"@id\":\"https:\/\/www.urlaubcornwall.de\/blog\/persoenlich-inspiziert-bb-in-london-und-suedengland\/#breadcrumb\"},\"inLanguage\":\"en-US\",\"potentialAction\":[{\"@type\":\"ReadAction\",\"target\":[\"https:\/\/www.urlaubcornwall.de\/blog\/persoenlich-inspiziert-bb-in-london-und-suedengland\/\"]}]},{\"@type\":\"BreadcrumbList\",\"@id\":\"https:\/\/www.urlaubcornwall.de\/blog\/persoenlich-inspiziert-bb-in-london-und-suedengland\/#breadcrumb\",\"itemListElement\":[{\"@type\":\"ListItem\",\"position\":1,\"name\":\"Home\",\"item\":\"https:\/\/www.urlaubcornwall.de\/blog\/\"},{\"@type\":\"ListItem\",\"position\":2,\"name\":\"Pers\u00f6nlich inspiziert B&#038;B in London und S\u00fcdengland\"}]}]}<\/script>\n<!-- \/ Yoast SEO plugin. -->","yoast_head_json":{"title":"Pers\u00f6nlich inspiziert B&B in London und S\u00fcdengland - Urlaub &amp; Reisen","robots":{"index":"index","follow":"follow","max-snippet":"max-snippet:-1","max-image-preview":"max-image-preview:large","max-video-preview":"max-video-preview:-1"},"canonical":"https:\/\/www.urlaubcornwall.de\/blog\/persoenlich-inspiziert-bb-in-london-und-suedengland\/","og_locale":"en_US","og_type":"article","og_title":"Pers\u00f6nlich inspiziert B&B in London und S\u00fcdengland - Urlaub &amp; Reisen","og_description":"F\u00fcr viele ist die Unterkunft in einem Bed &amp; Breakfast die einzige M\u00f6glichkeit, Urlaub in London und S\u00fcdengland zu verbringen! Es ist eine Chance, in die englische Lebensart einzutauchen, da Sie im Zuhause Ihres Gastgebers herzlich aufgenommen werden. Erfahren Sie wahrhaft pers\u00f6nlichen Service, sowie Rat und Insidertipps zur \u00f6rtlichen Umgebung. Jedes unserer B&amp;Bs wurde pers\u00f6nlich [&hellip;]","og_url":"https:\/\/www.urlaubcornwall.de\/blog\/persoenlich-inspiziert-bb-in-london-und-suedengland\/","og_site_name":"Urlaub &amp; Reisen","article_modified_time":"2017-03-12T12:57:15+00:00","og_image":[{"url":"https:\/\/www.urlaubcornwall.de\/blog\/wp-content\/uploads\/2015\/10\/jump-rosemary_1205-0253.jpg"}],"twitter_card":"summary","twitter_misc":{"Est. reading time":"1 minute"},"schema":{"@context":"https:\/\/schema.org","@graph":[{"@type":"WebSite","@id":"https:\/\/www.urlaubcornwall.de\/blog\/#website","url":"https:\/\/www.urlaubcornwall.de\/blog\/","name":"Urlaub &amp; Reisen","description":"Urlaub, Reisen, Cornwall und S\u00fcdengland: eine perfekte Kombination","potentialAction":[{"@type":"SearchAction","target":{"@type":"EntryPoint","urlTemplate":"https:\/\/www.urlaubcornwall.de\/blog\/?s={search_term_string}"},"query-input":"required name=search_term_string"}],"inLanguage":"en-US"},{"@type":"WebPage","@id":"https:\/\/www.urlaubcornwall.de\/blog\/persoenlich-inspiziert-bb-in-london-und-suedengland\/","url":"https:\/\/www.urlaubcornwall.de\/blog\/persoenlich-inspiziert-bb-in-london-und-suedengland\/","name":"Pers\u00f6nlich inspiziert B&B in London und S\u00fcdengland - Urlaub &amp; Reisen","isPartOf":{"@id":"https:\/\/www.urlaubcornwall.de\/blog\/#website"},"datePublished":"2015-10-11T12:59:17+00:00","dateModified":"2017-03-12T12:57:15+00:00","breadcrumb":{"@id":"https:\/\/www.urlaubcornwall.de\/blog\/persoenlich-inspiziert-bb-in-london-und-suedengland\/#breadcrumb"},"inLanguage":"en-US","potentialAction":[{"@type":"ReadAction","target":["https:\/\/www.urlaubcornwall.de\/blog\/persoenlich-inspiziert-bb-in-london-und-suedengland\/"]}]},{"@type":"BreadcrumbList","@id":"https:\/\/www.urlaubcornwall.de\/blog\/persoenlich-inspiziert-bb-in-london-und-suedengland\/#breadcrumb","itemListElement":[{"@type":"ListItem","position":1,"name":"Home","item":"https:\/\/www.urlaubcornwall.de\/blog\/"},{"@type":"ListItem","position":2,"name":"Pers\u00f6nlich inspiziert B&#038;B in London und S\u00fcdengland"}]}]}},"_links":{"self":[{"href":"https:\/\/www.urlaubcornwall.de\/blog\/wp-json\/wp\/v2\/pages\/20515"}],"collection":[{"href":"https:\/\/www.urlaubcornwall.de\/blog\/wp-json\/wp\/v2\/pages"}],"about":[{"href":"https:\/\/www.urlaubcornwall.de\/blog\/wp-json\/wp\/v2\/types\/page"}],"author":[{"embeddable":true,"href":"https:\/\/www.urlaubcornwall.de\/blog\/wp-json\/wp\/v2\/users\/1"}],"replies":[{"embeddable":true,"href":"https:\/\/www.urlaubcornwall.de\/blog\/wp-json\/wp\/v2\/comments?post=20515"}],"version-history":[{"count":8,"href":"https:\/\/www.urlaubcornwall.de\/blog\/wp-json\/wp\/v2\/pages\/20515\/revisions"}],"predecessor-version":[{"id":27009,"href":"https:\/\/www.urlaubcornwall.de\/blog\/wp-json\/wp\/v2\/pages\/20515\/revisions\/27009"}],"wp:attachment":[{"href":"https:\/\/www.urlaubcornwall.de\/blog\/wp-json\/wp\/v2\/media?parent=20515"}],"curies":[{"name":"wp","href":"https:\/\/api.w.org\/{rel}","templated":true}]}}