{"id":20491,"date":"2015-10-11T11:06:05","date_gmt":"2015-10-11T11:06:05","guid":{"rendered":"https:\/\/www.urlaubcornwall.de\/blog\/?page_id=20491"},"modified":"2026-01-05T10:09:27","modified_gmt":"2026-01-05T10:09:27","slug":"bei-uns-finden-sie-hotels-in-irland-zum-verlieben-so-einfach-ist-das","status":"publish","type":"page","link":"https:\/\/www.urlaubcornwall.de\/blog\/bei-uns-finden-sie-hotels-in-irland-zum-verlieben-so-einfach-ist-das\/","title":{"rendered":"Bei uns finden Sie Besten Hotels in Irland zum Verlieben &#8211; so einfach ist das!"},"content":{"rendered":"<p><a href=\"https:\/\/www.urlaubcornwall.de\/blog\/wp-content\/uploads\/2024\/03\/irland-chloss.jpg\"><img loading=\"lazy\" class=\"aligncenter size-full wp-image-20499\" src=\"https:\/\/www.urlaubcornwall.de\/blog\/wp-content\/uploads\/2024\/03\/irland-chloss.jpg\" alt=\"irland schloss\" width=\"750\" height=\"563\"\/><\/a><\/p>\n<p>Zerkl\u00fcftet, historisch und atemberaubend, so ist <a href=\"https:\/\/www.urlaubcornwall.de\/blog\/erleben-sie-irland-die-emerald-insel\/\">Irland ein zeitloses Land<\/a>, reich an dramatischer Landschaft, alten Monumenten, urigen D\u00f6rfern und traditioneller Musik. Seine wundervolle Vielfalt an Landschaft, Bergen, sanften H\u00fcgeln, wilden Str\u00e4nden, sachten Wiesen, zerkl\u00fcfteten Halbinseln und glitzernden Seen bietet sich geradezu an f\u00fcr eine Reihe an Unternehmungen im Freien. Die l\u00e4ndliche Gegend gleicht einer Spielwiese f\u00fcr all jene, die gerne wandern, Rad fahren und Pony Trecking betreiben wollen.<\/p>\n<p>Irlands Hauptstadt <a href=\"https:\/\/www.urlaubcornwall.de\/blog\/staedtereise-kurzurlaub-in-dublin\/\">Dublin<\/a> ist sowohl Spa\u00df liebend als auch tief in der Geschichte verankert. Entdecken Sie ihr faszinierendes Erbe und lassen Sie sich in einer von Dublins zahlreichen Kneipen unterhalten.<\/p>\n<p>F\u00fcr all jene, die innerhalb von Irlands wundervoller Landschaft untergebracht sein wollen, k\u00f6nnen wir fantastische Hotels anbieten, die jedem Geldbeutel gerecht werden, von B&amp;Bs oder Familienhotels, die ein gro\u00dfartiges Preis-Leistungsverh\u00e4ltnis und M\u00f6glichkeiten f\u00fcr Kinder bieten bis hin zu Luxus-Spa-Hotels, eleganten Herrenh\u00e4usern oder f\u00fcnf-Sterne Schloss- und Boutique-Hotels.<\/p>\n<div class=\"snippet\"> <a class=\"featured-item\" href=\" https:\/\/www.urlaubcornwall.de\/blog\/rundreisen-irland\/\"> <span class=\"image-holder\" style=\"background-image: url(' https:\/\/www.urlaubcornwall.de\/blog\/wp-content\/uploads\/2024\/03\/Cork-irland.jpg');\"><\/span> <span class=\"featured-content\"> \n<h2 class=\"featured-title\">Rundreisen durch Irland<\/h2>\n<p class=\"featured-body\">Von den Sehensw\u00fcrdigkeiten von Irlands Wild Atlantic Way, einer herrlichen K\u00fcstenroute von Cork nach Connemara und Donegal bis hin zu einer Flucht auf eine irische Insel &#8230;&#8230;<\/p>\n<\/span> <span class=\"featured-link-holder\"> <span class=\"featured-extra-info\"> \n<p>F\u00fcr Paare, Familien &#038; Gruppen<\/p>\n<\/span> \n<p class=\"featured-link\">DETAILS<\/p>\n<\/span> <\/a><\/div>\n<div class=\"snippet\"> <a class=\"featured-item\" href=\" https:\/\/www.urlaubcornwall.de\/blog\/gefuehrte-busreisen-und-busrundreisen-in-irland\/\"> <span class=\"image-holder\" style=\"background-image: url(' https:\/\/www.urlaubcornwall.de\/blog\/wp-content\/uploads\/2019\/01\/wild-atlantic-way-irland.jpg');\"><\/span> <span class=\"featured-content\"> \n<h2 class=\"featured-title\">Gef\u00fchrte Busreisen und Busrundreisen in Irland<\/h2>\n<p class=\"featured-body\">Vielleicht suchen Sie ja eine Reise zu Sehensw\u00fcrdigkeiten, oder Sie haben besondere Interessen, wie zum Beispiel Gartenreisen und Literaturreisen&#8230;&#8230;.<\/p>\n<\/span> <span class=\"featured-link-holder\"> <span class=\"featured-extra-info\"> \n<p>F\u00fcr Paare, Familien &#038; Gruppen<\/p>\n<\/span> \n<p class=\"featured-link\">DETAILS<\/p>\n<\/span> <\/a><\/div>\n<p><strong>Unser Rundreisenservice<\/strong> &#8211; <a href=\"http:\/\/urlaubcornwall.de\/\">UrlaubCornwall.de<\/a> hat seinen Firmensitz in Cornwall in S\u00fcdwestengland und bietet Kunden im Deutsch sprechenden Europa Hilfe im Erstellen der perfekten Urlaubserfahrung hier. Wir haben <a href=\"http:\/\/www.urlaubcornwall.de\/rundreisenservice.php\">ein Team Deutsch sprechender Experten<\/a>, so dass wir eine individuelle Rundreise durch Irland, Cornwall, S\u00fcdengland und nun auch durch den Rest Gro\u00dfbritanniens anbieten k\u00f6nnen.<\/p>\n<p style=\"text-align: center;\"><a class=\"tidycta\" href=\"http:\/\/www.urlaubcornwall.de\/anfrage.php?tourcode=Rundreise Irland\">Rundreise Irland Anfrage<\/a><\/p>\n","protected":false},"excerpt":{"rendered":"<p>Zerkl\u00fcftet, historisch und atemberaubend, so ist Irland ein zeitloses Land, reich an dramatischer Landschaft, alten Monumenten, urigen D\u00f6rfern und traditioneller Musik. Seine wundervolle Vielfalt an Landschaft, Bergen, sanften H\u00fcgeln, wilden Str\u00e4nden, sachten Wiesen, zerkl\u00fcfteten Halbinseln und glitzernden Seen bietet sich geradezu an f\u00fcr eine Reihe an Unternehmungen im Freien. Die l\u00e4ndliche Gegend gleicht einer Spielwiese [&hellip;]<\/p>\n","protected":false},"author":1,"featured_media":0,"parent":0,"menu_order":0,"comment_status":"closed","ping_status":"closed","template":"single-four.php","meta":[],"acf":[],"yoast_head":"<!-- This site is optimized with the Yoast SEO plugin v19.4 - https:\/\/yoast.com\/wordpress\/plugins\/seo\/ -->\n<title>Bei uns finden Sie Besten Hotels in Irland zum Verlieben - so einfach ist das! - Urlaub &amp; Reisen<\/title>\n<meta name=\"robots\" content=\"index, follow, max-snippet:-1, max-image-preview:large, max-video-preview:-1\" \/>\n<link rel=\"canonical\" href=\"https:\/\/www.urlaubcornwall.de\/blog\/bei-uns-finden-sie-hotels-in-irland-zum-verlieben-so-einfach-ist-das\/\" \/>\n<meta property=\"og:locale\" content=\"en_US\" \/>\n<meta property=\"og:type\" content=\"article\" \/>\n<meta property=\"og:title\" content=\"Bei uns finden Sie Besten Hotels in Irland zum Verlieben - so einfach ist das! - Urlaub &amp; Reisen\" \/>\n<meta property=\"og:description\" content=\"Zerkl\u00fcftet, historisch und atemberaubend, so ist Irland ein zeitloses Land, reich an dramatischer Landschaft, alten Monumenten, urigen D\u00f6rfern und traditioneller Musik. Seine wundervolle Vielfalt an Landschaft, Bergen, sanften H\u00fcgeln, wilden Str\u00e4nden, sachten Wiesen, zerkl\u00fcfteten Halbinseln und glitzernden Seen bietet sich geradezu an f\u00fcr eine Reihe an Unternehmungen im Freien. Die l\u00e4ndliche Gegend gleicht einer Spielwiese [&hellip;]\" \/>\n<meta property=\"og:url\" content=\"https:\/\/www.urlaubcornwall.de\/blog\/bei-uns-finden-sie-hotels-in-irland-zum-verlieben-so-einfach-ist-das\/\" \/>\n<meta property=\"og:site_name\" content=\"Urlaub &amp; Reisen\" \/>\n<meta property=\"article:modified_time\" content=\"2026-01-05T10:09:27+00:00\" \/>\n<meta property=\"og:image\" content=\"https:\/\/www.urlaubcornwall.de\/blog\/wp-content\/uploads\/2024\/03\/irland-chloss.jpg\" \/>\n<meta name=\"twitter:card\" content=\"summary\" \/>\n<meta name=\"twitter:label1\" content=\"Est. reading time\" \/>\n\t<meta name=\"twitter:data1\" content=\"2 minutes\" \/>\n<script type=\"application\/ld+json\" class=\"yoast-schema-graph\">{\"@context\":\"https:\/\/schema.org\",\"@graph\":[{\"@type\":\"WebSite\",\"@id\":\"https:\/\/www.urlaubcornwall.de\/blog\/#website\",\"url\":\"https:\/\/www.urlaubcornwall.de\/blog\/\",\"name\":\"Urlaub &amp; Reisen\",\"description\":\"Urlaub, Reisen, Cornwall und S\u00fcdengland: eine perfekte Kombination\",\"potentialAction\":[{\"@type\":\"SearchAction\",\"target\":{\"@type\":\"EntryPoint\",\"urlTemplate\":\"https:\/\/www.urlaubcornwall.de\/blog\/?s={search_term_string}\"},\"query-input\":\"required name=search_term_string\"}],\"inLanguage\":\"en-US\"},{\"@type\":\"WebPage\",\"@id\":\"https:\/\/www.urlaubcornwall.de\/blog\/bei-uns-finden-sie-hotels-in-irland-zum-verlieben-so-einfach-ist-das\/\",\"url\":\"https:\/\/www.urlaubcornwall.de\/blog\/bei-uns-finden-sie-hotels-in-irland-zum-verlieben-so-einfach-ist-das\/\",\"name\":\"Bei uns finden Sie Besten Hotels in Irland zum Verlieben - so einfach ist das! - Urlaub &amp; Reisen\",\"isPartOf\":{\"@id\":\"https:\/\/www.urlaubcornwall.de\/blog\/#website\"},\"datePublished\":\"2015-10-11T11:06:05+00:00\",\"dateModified\":\"2026-01-05T10:09:27+00:00\",\"breadcrumb\":{\"@id\":\"https:\/\/www.urlaubcornwall.de\/blog\/bei-uns-finden-sie-hotels-in-irland-zum-verlieben-so-einfach-ist-das\/#breadcrumb\"},\"inLanguage\":\"en-US\",\"potentialAction\":[{\"@type\":\"ReadAction\",\"target\":[\"https:\/\/www.urlaubcornwall.de\/blog\/bei-uns-finden-sie-hotels-in-irland-zum-verlieben-so-einfach-ist-das\/\"]}]},{\"@type\":\"BreadcrumbList\",\"@id\":\"https:\/\/www.urlaubcornwall.de\/blog\/bei-uns-finden-sie-hotels-in-irland-zum-verlieben-so-einfach-ist-das\/#breadcrumb\",\"itemListElement\":[{\"@type\":\"ListItem\",\"position\":1,\"name\":\"Home\",\"item\":\"https:\/\/www.urlaubcornwall.de\/blog\/\"},{\"@type\":\"ListItem\",\"position\":2,\"name\":\"Bei uns finden Sie Besten Hotels in Irland zum Verlieben &#8211; so einfach ist das!\"}]}]}<\/script>\n<!-- \/ Yoast SEO plugin. -->","yoast_head_json":{"title":"Bei uns finden Sie Besten Hotels in Irland zum Verlieben - so einfach ist das! - Urlaub &amp; Reisen","robots":{"index":"index","follow":"follow","max-snippet":"max-snippet:-1","max-image-preview":"max-image-preview:large","max-video-preview":"max-video-preview:-1"},"canonical":"https:\/\/www.urlaubcornwall.de\/blog\/bei-uns-finden-sie-hotels-in-irland-zum-verlieben-so-einfach-ist-das\/","og_locale":"en_US","og_type":"article","og_title":"Bei uns finden Sie Besten Hotels in Irland zum Verlieben - so einfach ist das! - Urlaub &amp; Reisen","og_description":"Zerkl\u00fcftet, historisch und atemberaubend, so ist Irland ein zeitloses Land, reich an dramatischer Landschaft, alten Monumenten, urigen D\u00f6rfern und traditioneller Musik. Seine wundervolle Vielfalt an Landschaft, Bergen, sanften H\u00fcgeln, wilden Str\u00e4nden, sachten Wiesen, zerkl\u00fcfteten Halbinseln und glitzernden Seen bietet sich geradezu an f\u00fcr eine Reihe an Unternehmungen im Freien. Die l\u00e4ndliche Gegend gleicht einer Spielwiese [&hellip;]","og_url":"https:\/\/www.urlaubcornwall.de\/blog\/bei-uns-finden-sie-hotels-in-irland-zum-verlieben-so-einfach-ist-das\/","og_site_name":"Urlaub &amp; Reisen","article_modified_time":"2026-01-05T10:09:27+00:00","og_image":[{"url":"https:\/\/www.urlaubcornwall.de\/blog\/wp-content\/uploads\/2024\/03\/irland-chloss.jpg"}],"twitter_card":"summary","twitter_misc":{"Est. reading time":"2 minutes"},"schema":{"@context":"https:\/\/schema.org","@graph":[{"@type":"WebSite","@id":"https:\/\/www.urlaubcornwall.de\/blog\/#website","url":"https:\/\/www.urlaubcornwall.de\/blog\/","name":"Urlaub &amp; Reisen","description":"Urlaub, Reisen, Cornwall und S\u00fcdengland: eine perfekte Kombination","potentialAction":[{"@type":"SearchAction","target":{"@type":"EntryPoint","urlTemplate":"https:\/\/www.urlaubcornwall.de\/blog\/?s={search_term_string}"},"query-input":"required name=search_term_string"}],"inLanguage":"en-US"},{"@type":"WebPage","@id":"https:\/\/www.urlaubcornwall.de\/blog\/bei-uns-finden-sie-hotels-in-irland-zum-verlieben-so-einfach-ist-das\/","url":"https:\/\/www.urlaubcornwall.de\/blog\/bei-uns-finden-sie-hotels-in-irland-zum-verlieben-so-einfach-ist-das\/","name":"Bei uns finden Sie Besten Hotels in Irland zum Verlieben - so einfach ist das! - Urlaub &amp; Reisen","isPartOf":{"@id":"https:\/\/www.urlaubcornwall.de\/blog\/#website"},"datePublished":"2015-10-11T11:06:05+00:00","dateModified":"2026-01-05T10:09:27+00:00","breadcrumb":{"@id":"https:\/\/www.urlaubcornwall.de\/blog\/bei-uns-finden-sie-hotels-in-irland-zum-verlieben-so-einfach-ist-das\/#breadcrumb"},"inLanguage":"en-US","potentialAction":[{"@type":"ReadAction","target":["https:\/\/www.urlaubcornwall.de\/blog\/bei-uns-finden-sie-hotels-in-irland-zum-verlieben-so-einfach-ist-das\/"]}]},{"@type":"BreadcrumbList","@id":"https:\/\/www.urlaubcornwall.de\/blog\/bei-uns-finden-sie-hotels-in-irland-zum-verlieben-so-einfach-ist-das\/#breadcrumb","itemListElement":[{"@type":"ListItem","position":1,"name":"Home","item":"https:\/\/www.urlaubcornwall.de\/blog\/"},{"@type":"ListItem","position":2,"name":"Bei uns finden Sie Besten Hotels in Irland zum Verlieben &#8211; so einfach ist das!"}]}]}},"_links":{"self":[{"href":"https:\/\/www.urlaubcornwall.de\/blog\/wp-json\/wp\/v2\/pages\/20491"}],"collection":[{"href":"https:\/\/www.urlaubcornwall.de\/blog\/wp-json\/wp\/v2\/pages"}],"about":[{"href":"https:\/\/www.urlaubcornwall.de\/blog\/wp-json\/wp\/v2\/types\/page"}],"author":[{"embeddable":true,"href":"https:\/\/www.urlaubcornwall.de\/blog\/wp-json\/wp\/v2\/users\/1"}],"replies":[{"embeddable":true,"href":"https:\/\/www.urlaubcornwall.de\/blog\/wp-json\/wp\/v2\/comments?post=20491"}],"version-history":[{"count":28,"href":"https:\/\/www.urlaubcornwall.de\/blog\/wp-json\/wp\/v2\/pages\/20491\/revisions"}],"predecessor-version":[{"id":51923,"href":"https:\/\/www.urlaubcornwall.de\/blog\/wp-json\/wp\/v2\/pages\/20491\/revisions\/51923"}],"wp:attachment":[{"href":"https:\/\/www.urlaubcornwall.de\/blog\/wp-json\/wp\/v2\/media?parent=20491"}],"curies":[{"name":"wp","href":"https:\/\/api.w.org\/{rel}","templated":true}]}}