{"id":20464,"date":"2015-10-11T09:58:37","date_gmt":"2015-10-11T09:58:37","guid":{"rendered":"https:\/\/www.urlaubcornwall.de\/blog\/?page_id=20464"},"modified":"2026-01-06T13:35:11","modified_gmt":"2026-01-06T13:35:11","slug":"erleben-sie-irland-die-emerald-insel","status":"publish","type":"page","link":"https:\/\/www.urlaubcornwall.de\/blog\/erleben-sie-irland-die-emerald-insel\/","title":{"rendered":"Urlaub in Irland &#8211; Erleben Sie Irland, die Gr\u00fcne Insel"},"content":{"rendered":"<p><a href=\"https:\/\/www.urlaubcornwall.de\/blog\/wp-content\/uploads\/2015\/10\/urlaub_reisen_irland.jpg\"><img loading=\"lazy\" class=\"aligncenter size-full wp-image-20465\" src=\"https:\/\/www.urlaubcornwall.de\/blog\/wp-content\/uploads\/2015\/10\/urlaub_reisen_irland.jpg\" alt=\"urlaub_reisen_irland\" width=\"748\" height=\"399\"\/><\/a><\/p>\n<p>Irland ist ein kleines Land und ein herrliches Urlaubs- oder Reiseziel, voller Geschichte und <a href=\"https:\/\/www.urlaubcornwall.de\/blog\/die-besten-gaerten-irlands-gartenreisen-urlaub\/\">Natursch\u00f6nheit<\/a>. Eindrucksvolle Naturwunder, dramatische Felsformationen und die h\u00f6chsten Klippen Europas, wundersch\u00f6ne Sandstr\u00e4nde, ein Land der Mythen und Legenden. Dublin, die Hauptstadt, ist tief in der <a href=\"https:\/\/www.urlaubcornwall.de\/blog\/welches-sind-die-besten-schloesser-die-es-in-irland-zu-besichtigen-gibt\/\">Geschichte<\/a> verankert, bekannt f\u00fcr ihr literarisches Erbe und bietet dem Besucher au\u00dferdem gro\u00dfartige Einkaufsm\u00f6glichkeiten, echte irische Kneipen und ausgezeichnete Restaurants.<\/p>\n<div class=\"snippet\"> <a class=\"featured-item\" href=\" https:\/\/www.urlaubcornwall.de\/blog\/rundreisen-irland\/\"> <span class=\"image-holder\" style=\"background-image: url(' https:\/\/www.urlaubcornwall.de\/blog\/wp-content\/uploads\/2024\/03\/Cork-irland.jpg');\"><\/span> <span class=\"featured-content\"> \n<h2 class=\"featured-title\">Rundreisen durch Irland<\/h2>\n<p class=\"featured-body\">Von den Sehensw\u00fcrdigkeiten von Irlands Wild Atlantic Way, einer herrlichen K\u00fcstenroute von Cork nach Connemara und Donegal bis hin zu einer Flucht auf eine irische Insel &#8230;&#8230;<\/p>\n<\/span> <span class=\"featured-link-holder\"> <span class=\"featured-extra-info\"> \n<p>Erleben Sie Irland<\/p>\n<\/span> \n<p class=\"featured-link\">DETAILS<\/p>\n<\/span> <\/a><\/div>\n<p>Um Festlichkeiten und den wahrhaftigen Geschmack Irlands zu erleben, besuchen Sie das Austernfest in Galway, das Jazz Festival in Cork, das Kinsale Gourmet Festival oder feiern Sie den St Patrick Tag in Dublin.<\/p>\n<p>Nordirland war einst eine Region, die vom B\u00fcrgerkrieg zerrissen wurde. Sie unterzog sich nun einer kulturellen und kreativen Renaissance, und Sie werden eine gro\u00dfartige Zeit erleben, wenn Sie die lebendigen St\u00e4dte Belfast und Derry besuchen und dabei einige der unber\u00fchrtesten Landschaften Europas erleben. Bewundern Sie die graniten Berge bei Mourne und den Steg des Riesen.<\/p>\n<p>Ob sie nun die Natursch\u00f6nheit Irlands w\u00e4hrend einer Rundreise genie\u00dfen, die St\u00e4dte besuchen, Kultur erleben oder Aktivurlaub haben m\u00f6chten, Rad fahren oder Golf spielen m\u00f6chten an einigen der gro\u00dfartigen Golfpl\u00e4tzen, so hat Irland f\u00fcr die gesamte Familie eine Menge zu bieten.<\/p>\n<h2>Unser Rundreisenservice<\/h2>\n<p><a href=\"http:\/\/urlaubcornwall.de\/\">UrlaubCornwall.de<\/a> hat seinen Firmensitz in Cornwall in S\u00fcdwestengland und bietet Kunden im Deutsch sprechenden Europa Hilfe im Erstellen der perfekten Urlaubserfahrung hier. Wir haben <a href=\"http:\/\/www.urlaubcornwall.de\/rundreisenservice.php\">ein Team Deutsch sprechender Experten<\/a>, so dass wir eine individuelle Rundreise durch Cornwall, S\u00fcdengland und nun auch durch den Rest Gro\u00dfbritanniens und Irlands anbieten k\u00f6nnen.<\/p>\n<p style=\"text-align: center;\"><a class=\"tidycta\" href=\"http:\/\/www.urlaubcornwall.de\/anfrage.php?tourcode=Rundreise Irland\">Rundreise Irland Anfrage<\/a><\/p>\n<p>Wir bieten eine fantastische Auswahl an Rundreisen mit den beliebtesten Attraktionen und St\u00e4dten in <a href=\"http:\/\/www.urlaubcornwall.de\/reiseziel\/cornwall.php\">Cornwall<\/a>, <a href=\"https:\/\/www.urlaubcornwall.de\/blog\/rundreisen-england-wales\/\">England<\/a>, <a href=\"https:\/\/www.urlaubcornwall.de\/blog\/rundreisen-schottland\/\">Schottland,<\/a> <a href=\"https:\/\/www.urlaubcornwall.de\/blog\/rundreisen-england-wales\/\">Wales<\/a> und <a href=\"https:\/\/www.urlaubcornwall.de\/blog\/rundreisen-irland\/\">Irland.<\/a><\/p>\n","protected":false},"excerpt":{"rendered":"<p>Irland ist ein kleines Land und ein herrliches Urlaubs- oder Reiseziel, voller Geschichte und Natursch\u00f6nheit. Eindrucksvolle Naturwunder, dramatische Felsformationen und die h\u00f6chsten Klippen Europas, wundersch\u00f6ne Sandstr\u00e4nde, ein Land der Mythen und Legenden. Dublin, die Hauptstadt, ist tief in der Geschichte verankert, bekannt f\u00fcr ihr literarisches Erbe und bietet dem Besucher au\u00dferdem gro\u00dfartige Einkaufsm\u00f6glichkeiten, echte irische [&hellip;]<\/p>\n","protected":false},"author":1,"featured_media":0,"parent":0,"menu_order":0,"comment_status":"closed","ping_status":"closed","template":"single-four.php","meta":[],"acf":[],"yoast_head":"<!-- This site is optimized with the Yoast SEO plugin v19.4 - https:\/\/yoast.com\/wordpress\/plugins\/seo\/ -->\n<title>Urlaub in Irland - Erleben Sie Irland, die Gr\u00fcne Insel - Urlaub &amp; Reisen<\/title>\n<meta name=\"robots\" content=\"index, follow, max-snippet:-1, max-image-preview:large, max-video-preview:-1\" \/>\n<link rel=\"canonical\" href=\"https:\/\/www.urlaubcornwall.de\/blog\/erleben-sie-irland-die-emerald-insel\/\" \/>\n<meta property=\"og:locale\" content=\"en_US\" \/>\n<meta property=\"og:type\" content=\"article\" \/>\n<meta property=\"og:title\" content=\"Urlaub in Irland - Erleben Sie Irland, die Gr\u00fcne Insel - Urlaub &amp; Reisen\" \/>\n<meta property=\"og:description\" content=\"Irland ist ein kleines Land und ein herrliches Urlaubs- oder Reiseziel, voller Geschichte und Natursch\u00f6nheit. Eindrucksvolle Naturwunder, dramatische Felsformationen und die h\u00f6chsten Klippen Europas, wundersch\u00f6ne Sandstr\u00e4nde, ein Land der Mythen und Legenden. Dublin, die Hauptstadt, ist tief in der Geschichte verankert, bekannt f\u00fcr ihr literarisches Erbe und bietet dem Besucher au\u00dferdem gro\u00dfartige Einkaufsm\u00f6glichkeiten, echte irische [&hellip;]\" \/>\n<meta property=\"og:url\" content=\"https:\/\/www.urlaubcornwall.de\/blog\/erleben-sie-irland-die-emerald-insel\/\" \/>\n<meta property=\"og:site_name\" content=\"Urlaub &amp; Reisen\" \/>\n<meta property=\"article:modified_time\" content=\"2026-01-06T13:35:11+00:00\" \/>\n<meta property=\"og:image\" content=\"https:\/\/www.urlaubcornwall.de\/blog\/wp-content\/uploads\/2015\/10\/urlaub_reisen_irland.jpg\" \/>\n<meta name=\"twitter:card\" content=\"summary\" \/>\n<meta name=\"twitter:label1\" content=\"Est. reading time\" \/>\n\t<meta name=\"twitter:data1\" content=\"2 minutes\" \/>\n<script type=\"application\/ld+json\" class=\"yoast-schema-graph\">{\"@context\":\"https:\/\/schema.org\",\"@graph\":[{\"@type\":\"WebSite\",\"@id\":\"https:\/\/www.urlaubcornwall.de\/blog\/#website\",\"url\":\"https:\/\/www.urlaubcornwall.de\/blog\/\",\"name\":\"Urlaub &amp; Reisen\",\"description\":\"Urlaub, Reisen, Cornwall und S\u00fcdengland: eine perfekte Kombination\",\"potentialAction\":[{\"@type\":\"SearchAction\",\"target\":{\"@type\":\"EntryPoint\",\"urlTemplate\":\"https:\/\/www.urlaubcornwall.de\/blog\/?s={search_term_string}\"},\"query-input\":\"required name=search_term_string\"}],\"inLanguage\":\"en-US\"},{\"@type\":\"WebPage\",\"@id\":\"https:\/\/www.urlaubcornwall.de\/blog\/erleben-sie-irland-die-emerald-insel\/\",\"url\":\"https:\/\/www.urlaubcornwall.de\/blog\/erleben-sie-irland-die-emerald-insel\/\",\"name\":\"Urlaub in Irland - Erleben Sie Irland, die Gr\u00fcne Insel - Urlaub &amp; Reisen\",\"isPartOf\":{\"@id\":\"https:\/\/www.urlaubcornwall.de\/blog\/#website\"},\"datePublished\":\"2015-10-11T09:58:37+00:00\",\"dateModified\":\"2026-01-06T13:35:11+00:00\",\"breadcrumb\":{\"@id\":\"https:\/\/www.urlaubcornwall.de\/blog\/erleben-sie-irland-die-emerald-insel\/#breadcrumb\"},\"inLanguage\":\"en-US\",\"potentialAction\":[{\"@type\":\"ReadAction\",\"target\":[\"https:\/\/www.urlaubcornwall.de\/blog\/erleben-sie-irland-die-emerald-insel\/\"]}]},{\"@type\":\"BreadcrumbList\",\"@id\":\"https:\/\/www.urlaubcornwall.de\/blog\/erleben-sie-irland-die-emerald-insel\/#breadcrumb\",\"itemListElement\":[{\"@type\":\"ListItem\",\"position\":1,\"name\":\"Home\",\"item\":\"https:\/\/www.urlaubcornwall.de\/blog\/\"},{\"@type\":\"ListItem\",\"position\":2,\"name\":\"Urlaub in Irland &#8211; Erleben Sie Irland, die Gr\u00fcne Insel\"}]}]}<\/script>\n<!-- \/ Yoast SEO plugin. -->","yoast_head_json":{"title":"Urlaub in Irland - Erleben Sie Irland, die Gr\u00fcne Insel - Urlaub &amp; Reisen","robots":{"index":"index","follow":"follow","max-snippet":"max-snippet:-1","max-image-preview":"max-image-preview:large","max-video-preview":"max-video-preview:-1"},"canonical":"https:\/\/www.urlaubcornwall.de\/blog\/erleben-sie-irland-die-emerald-insel\/","og_locale":"en_US","og_type":"article","og_title":"Urlaub in Irland - Erleben Sie Irland, die Gr\u00fcne Insel - Urlaub &amp; Reisen","og_description":"Irland ist ein kleines Land und ein herrliches Urlaubs- oder Reiseziel, voller Geschichte und Natursch\u00f6nheit. Eindrucksvolle Naturwunder, dramatische Felsformationen und die h\u00f6chsten Klippen Europas, wundersch\u00f6ne Sandstr\u00e4nde, ein Land der Mythen und Legenden. Dublin, die Hauptstadt, ist tief in der Geschichte verankert, bekannt f\u00fcr ihr literarisches Erbe und bietet dem Besucher au\u00dferdem gro\u00dfartige Einkaufsm\u00f6glichkeiten, echte irische [&hellip;]","og_url":"https:\/\/www.urlaubcornwall.de\/blog\/erleben-sie-irland-die-emerald-insel\/","og_site_name":"Urlaub &amp; Reisen","article_modified_time":"2026-01-06T13:35:11+00:00","og_image":[{"url":"https:\/\/www.urlaubcornwall.de\/blog\/wp-content\/uploads\/2015\/10\/urlaub_reisen_irland.jpg"}],"twitter_card":"summary","twitter_misc":{"Est. reading time":"2 minutes"},"schema":{"@context":"https:\/\/schema.org","@graph":[{"@type":"WebSite","@id":"https:\/\/www.urlaubcornwall.de\/blog\/#website","url":"https:\/\/www.urlaubcornwall.de\/blog\/","name":"Urlaub &amp; Reisen","description":"Urlaub, Reisen, Cornwall und S\u00fcdengland: eine perfekte Kombination","potentialAction":[{"@type":"SearchAction","target":{"@type":"EntryPoint","urlTemplate":"https:\/\/www.urlaubcornwall.de\/blog\/?s={search_term_string}"},"query-input":"required name=search_term_string"}],"inLanguage":"en-US"},{"@type":"WebPage","@id":"https:\/\/www.urlaubcornwall.de\/blog\/erleben-sie-irland-die-emerald-insel\/","url":"https:\/\/www.urlaubcornwall.de\/blog\/erleben-sie-irland-die-emerald-insel\/","name":"Urlaub in Irland - Erleben Sie Irland, die Gr\u00fcne Insel - Urlaub &amp; Reisen","isPartOf":{"@id":"https:\/\/www.urlaubcornwall.de\/blog\/#website"},"datePublished":"2015-10-11T09:58:37+00:00","dateModified":"2026-01-06T13:35:11+00:00","breadcrumb":{"@id":"https:\/\/www.urlaubcornwall.de\/blog\/erleben-sie-irland-die-emerald-insel\/#breadcrumb"},"inLanguage":"en-US","potentialAction":[{"@type":"ReadAction","target":["https:\/\/www.urlaubcornwall.de\/blog\/erleben-sie-irland-die-emerald-insel\/"]}]},{"@type":"BreadcrumbList","@id":"https:\/\/www.urlaubcornwall.de\/blog\/erleben-sie-irland-die-emerald-insel\/#breadcrumb","itemListElement":[{"@type":"ListItem","position":1,"name":"Home","item":"https:\/\/www.urlaubcornwall.de\/blog\/"},{"@type":"ListItem","position":2,"name":"Urlaub in Irland &#8211; Erleben Sie Irland, die Gr\u00fcne Insel"}]}]}},"_links":{"self":[{"href":"https:\/\/www.urlaubcornwall.de\/blog\/wp-json\/wp\/v2\/pages\/20464"}],"collection":[{"href":"https:\/\/www.urlaubcornwall.de\/blog\/wp-json\/wp\/v2\/pages"}],"about":[{"href":"https:\/\/www.urlaubcornwall.de\/blog\/wp-json\/wp\/v2\/types\/page"}],"author":[{"embeddable":true,"href":"https:\/\/www.urlaubcornwall.de\/blog\/wp-json\/wp\/v2\/users\/1"}],"replies":[{"embeddable":true,"href":"https:\/\/www.urlaubcornwall.de\/blog\/wp-json\/wp\/v2\/comments?post=20464"}],"version-history":[{"count":40,"href":"https:\/\/www.urlaubcornwall.de\/blog\/wp-json\/wp\/v2\/pages\/20464\/revisions"}],"predecessor-version":[{"id":51946,"href":"https:\/\/www.urlaubcornwall.de\/blog\/wp-json\/wp\/v2\/pages\/20464\/revisions\/51946"}],"wp:attachment":[{"href":"https:\/\/www.urlaubcornwall.de\/blog\/wp-json\/wp\/v2\/media?parent=20464"}],"curies":[{"name":"wp","href":"https:\/\/api.w.org\/{rel}","templated":true}]}}