{"id":20444,"date":"2015-10-10T14:18:00","date_gmt":"2015-10-10T14:18:00","guid":{"rendered":"https:\/\/www.urlaubcornwall.de\/blog\/?page_id=20444"},"modified":"2024-05-29T10:45:36","modified_gmt":"2024-05-29T10:45:36","slug":"urlaub-reisen-von-den-cotswolds-und-dem-land-shakespeares","status":"publish","type":"page","link":"https:\/\/www.urlaubcornwall.de\/blog\/urlaub-reisen-von-den-cotswolds-und-dem-land-shakespeares\/","title":{"rendered":"Urlaub &#038; Reisen in den Cotswolds und dem Land Shakespeares"},"content":{"rendered":"<p><a href=\"https:\/\/www.urlaubcornwall.de\/blog\/wp-content\/uploads\/2015\/10\/cotswolds-urlaub.jpg\"><img loading=\"lazy\" class=\"aligncenter size-full wp-image-20368\" src=\"https:\/\/www.urlaubcornwall.de\/blog\/wp-content\/uploads\/2015\/10\/cotswolds-urlaub.jpg\" alt=\"h\u00fcbschesten D\u00f6rfer cotswolds bibury\" width=\"746\" height=\"412\" srcset=\"https:\/\/www.urlaubcornwall.de\/blog\/wp-content\/uploads\/2015\/10\/cotswolds-urlaub.jpg 746w, https:\/\/www.urlaubcornwall.de\/blog\/wp-content\/uploads\/2015\/10\/cotswolds-urlaub-300x166.jpg 300w\" sizes=\"(max-width: 746px) 100vw, 746px\" \/><\/a><\/p>\n<p style=\"text-align: left;\">Englands geographisches Herzst\u00fcck liegt in den Grafschaften von Gloucestershire, Oxfordshire, Warwickshire und Worcestershire. Diese Grafschaften bieten Besuchern eine riesige Auswahl an herrlicher Landschaft, Familienattraktionen, historischen H\u00e4usern und G\u00e4rten; einfach perfekt f\u00fcr eine<a href=\"https:\/\/www.urlaubcornwall.de\/blog\/rundreisen-grossbritannien-und-irland\/\"> Rundreise oder einen Urlaub<\/a> .<\/p>\n<p style=\"text-align: left;\">Zwischen den Cotswolds mit wundersch\u00f6ner Landschaft und honigfarbenen D\u00f6rfern, Broadway, Castle Combe und Blockley und den Malvern Hills, einem Gebiet besonderer Natursch\u00f6nheit und bekannt f\u00fcr seine dramatischen H\u00fcgel und sein reines Quellwasser, liegt das Tal Evesham, ein Gebiet, aus dem Englands feinste Produkte stammen; weltber\u00fchmter Spargel, Pflaumen und Beerenobst.<\/p>\n<p style=\"text-align: left;\">Das Shakespeare Land liegt n\u00f6rdlich dieser Region mit Stratford-upon-Avon als dem Geburtsort von William Shakespeare. Doch neben dieser literarischen Verbindung gibt es h\u00fcbsche alte D\u00f6rfer, Herrenh\u00e4user wie Ragley Hall und einige der herrlichsten G\u00e4rten des Landes; Hidcote Manor und Kiftsgate Court Garden. Warwick mit seinem Schloss, das \u00fcber dem Fluss Avon thront, ist eine kleine Stadt von gro\u00dfer historischer Bedeutung.&nbsp;<\/p>\n<p style=\"text-align: left;\">Oxford liegt am Fluss Thames (hier Isis genannt) und wird von der Universit\u00e4t dominiert. Die \u201eStadt der tr\u00e4umenden Turmspitzen\u201c wurde aus auffallend honigfarbenem Kalkstein errichtet, das Stadtzentrum gleicht einem Bild aus einem M\u00e4rchen. Oxford ist beliebt bei Filmemachern der ganzen Welt und inspiriert seit Jahrhunderten zahlreiche ber\u00fchmte Schriftsteller.<\/p>\n<p>Der Forest of Dean, ein Gebiet zwischen den Fl\u00fcssen Wye und Severn ist ein110 Quadratkilometer gro\u00dfer Mischwald, einst K\u00f6niglicher Jagdgrund und nun einer der \u00fcberlebenden alten W\u00e4lder Englands. Bei Symond\u2019s Yat k\u00f6nnen Sie den ber\u00fchmten Blick auf den Fluss Wye erhaschen, wie sich dieser um den Fu\u00df des Yat Felsen schl\u00e4ngelt, der sich 145 Meter \u00fcber dem Meeresspiegel befindet. Dies ist auch Nistplatz f\u00fcr Wanderfalken.<\/p>\n<p><a href=\"https:\/\/www.urlaubcornwall.de\/blog\/wp-content\/uploads\/2024\/03\/stratford-upon-avon-anne-hathaway-cottage.jpg\"><img loading=\"lazy\" class=\"aligncenter size-full wp-image-19764\" src=\"https:\/\/www.urlaubcornwall.de\/blog\/wp-content\/uploads\/2024\/03\/stratford-upon-avon-anne-hathaway-cottage.jpg\" alt=\"Hotels in Stratford upon Avon\" width=\"750\" height=\"386\"\/><\/a><\/p>\n<h1 style=\"text-align: center;\"><strong>Bei uns finden Sie Ferienh\u00e4user in den Cotswolds zum Verlieben \u2013 so einfach ist das!<\/strong><\/h1>\n<p style=\"text-align: center;\">Wir hier von UrlaubCornwall haben die gr\u00f6\u00dfte Auswahl an Cottages, die jedem Geldbeutel gerecht werden, von einem urigen Cottage f\u00fcr Paare bis hin zu einem 5 Sterne Luxus-Ferienhaus mit Meeresblick.<\/p>\n<p style=\"text-align: center;\"><a class=\"tidycta\" href=\"https:\/\/www.urlaubcornwall.de\/ferienhaeuser\/cotswolds.php\">Ferienh\u00e4user in den Cotswolds<\/a><\/p>\n<p><img loading=\"lazy\" class=\"aligncenter size-full wp-image-24598\" src=\"https:\/\/www.urlaubcornwall.de\/blog\/wp-content\/uploads\/2016\/06\/urlaub-und-gro\u00dfbritannien_logo_final.jpg\" alt=\"urlaub-gro\u00dfbritannien_logo\" width=\"746\" height=\"361\" srcset=\"https:\/\/www.urlaubcornwall.de\/blog\/wp-content\/uploads\/2016\/06\/urlaub-und-gro\u00dfbritannien_logo_final.jpg 746w, https:\/\/www.urlaubcornwall.de\/blog\/wp-content\/uploads\/2016\/06\/urlaub-und-gro\u00dfbritannien_logo_final-300x145.jpg 300w\" sizes=\"(max-width: 746px) 100vw, 746px\" \/><\/p>\n<p style=\"text-align: center;\"><a href=\"http:\/\/www.urlaubcornwall.de\/\">UrlaubCornwall.de<\/a> ist ein in Cornwall ans\u00e4ssiges Unternehmen k\u00f6nnen wir uns mit 20 Jahren Erfahrung in der Organisation von Rundreisen durch Gro\u00dfbritannien r\u00fchmen.<\/p>\n<p style=\"text-align: center;\"><a class=\"tidycta\" href=\"http:\/\/www.urlaubcornwall.de\/anfrage.php?tourcode=Rundreise Cotswolds\">Rundreise Cotswolds Anfrage<\/a><\/p>\n","protected":false},"excerpt":{"rendered":"<p>Englands geographisches Herzst\u00fcck liegt in den Grafschaften von Gloucestershire, Oxfordshire, Warwickshire und Worcestershire. Diese Grafschaften bieten Besuchern eine riesige Auswahl an herrlicher Landschaft, Familienattraktionen, historischen H\u00e4usern und G\u00e4rten; einfach perfekt f\u00fcr eine Rundreise oder einen Urlaub . Zwischen den Cotswolds mit wundersch\u00f6ner Landschaft und honigfarbenen D\u00f6rfern, Broadway, Castle Combe und Blockley und den Malvern Hills, [&hellip;]<\/p>\n","protected":false},"author":1,"featured_media":0,"parent":0,"menu_order":0,"comment_status":"closed","ping_status":"closed","template":"single-four.php","meta":[],"acf":[],"yoast_head":"<!-- This site is optimized with the Yoast SEO plugin v19.4 - https:\/\/yoast.com\/wordpress\/plugins\/seo\/ -->\n<title>Urlaub &amp; Reisen in den Cotswolds und dem Land Shakespeares - Urlaub &amp; Reisen<\/title>\n<meta name=\"robots\" content=\"index, follow, max-snippet:-1, max-image-preview:large, max-video-preview:-1\" \/>\n<link rel=\"canonical\" href=\"https:\/\/www.urlaubcornwall.de\/blog\/urlaub-reisen-von-den-cotswolds-und-dem-land-shakespeares\/\" \/>\n<meta property=\"og:locale\" content=\"en_US\" \/>\n<meta property=\"og:type\" content=\"article\" \/>\n<meta property=\"og:title\" content=\"Urlaub &amp; Reisen in den Cotswolds und dem Land Shakespeares - Urlaub &amp; Reisen\" \/>\n<meta property=\"og:description\" content=\"Englands geographisches Herzst\u00fcck liegt in den Grafschaften von Gloucestershire, Oxfordshire, Warwickshire und Worcestershire. Diese Grafschaften bieten Besuchern eine riesige Auswahl an herrlicher Landschaft, Familienattraktionen, historischen H\u00e4usern und G\u00e4rten; einfach perfekt f\u00fcr eine Rundreise oder einen Urlaub . Zwischen den Cotswolds mit wundersch\u00f6ner Landschaft und honigfarbenen D\u00f6rfern, Broadway, Castle Combe und Blockley und den Malvern Hills, [&hellip;]\" \/>\n<meta property=\"og:url\" content=\"https:\/\/www.urlaubcornwall.de\/blog\/urlaub-reisen-von-den-cotswolds-und-dem-land-shakespeares\/\" \/>\n<meta property=\"og:site_name\" content=\"Urlaub &amp; Reisen\" \/>\n<meta property=\"article:modified_time\" content=\"2024-05-29T10:45:36+00:00\" \/>\n<meta property=\"og:image\" content=\"https:\/\/www.urlaubcornwall.de\/blog\/wp-content\/uploads\/2015\/10\/cotswolds-urlaub.jpg\" \/>\n<meta name=\"twitter:card\" content=\"summary\" \/>\n<meta name=\"twitter:label1\" content=\"Est. reading time\" \/>\n\t<meta name=\"twitter:data1\" content=\"3 minutes\" \/>\n<script type=\"application\/ld+json\" class=\"yoast-schema-graph\">{\"@context\":\"https:\/\/schema.org\",\"@graph\":[{\"@type\":\"WebSite\",\"@id\":\"https:\/\/www.urlaubcornwall.de\/blog\/#website\",\"url\":\"https:\/\/www.urlaubcornwall.de\/blog\/\",\"name\":\"Urlaub &amp; Reisen\",\"description\":\"Urlaub, Reisen, Cornwall und S\u00fcdengland: eine perfekte Kombination\",\"potentialAction\":[{\"@type\":\"SearchAction\",\"target\":{\"@type\":\"EntryPoint\",\"urlTemplate\":\"https:\/\/www.urlaubcornwall.de\/blog\/?s={search_term_string}\"},\"query-input\":\"required name=search_term_string\"}],\"inLanguage\":\"en-US\"},{\"@type\":\"WebPage\",\"@id\":\"https:\/\/www.urlaubcornwall.de\/blog\/urlaub-reisen-von-den-cotswolds-und-dem-land-shakespeares\/\",\"url\":\"https:\/\/www.urlaubcornwall.de\/blog\/urlaub-reisen-von-den-cotswolds-und-dem-land-shakespeares\/\",\"name\":\"Urlaub & Reisen in den Cotswolds und dem Land Shakespeares - Urlaub &amp; Reisen\",\"isPartOf\":{\"@id\":\"https:\/\/www.urlaubcornwall.de\/blog\/#website\"},\"datePublished\":\"2015-10-10T14:18:00+00:00\",\"dateModified\":\"2024-05-29T10:45:36+00:00\",\"breadcrumb\":{\"@id\":\"https:\/\/www.urlaubcornwall.de\/blog\/urlaub-reisen-von-den-cotswolds-und-dem-land-shakespeares\/#breadcrumb\"},\"inLanguage\":\"en-US\",\"potentialAction\":[{\"@type\":\"ReadAction\",\"target\":[\"https:\/\/www.urlaubcornwall.de\/blog\/urlaub-reisen-von-den-cotswolds-und-dem-land-shakespeares\/\"]}]},{\"@type\":\"BreadcrumbList\",\"@id\":\"https:\/\/www.urlaubcornwall.de\/blog\/urlaub-reisen-von-den-cotswolds-und-dem-land-shakespeares\/#breadcrumb\",\"itemListElement\":[{\"@type\":\"ListItem\",\"position\":1,\"name\":\"Home\",\"item\":\"https:\/\/www.urlaubcornwall.de\/blog\/\"},{\"@type\":\"ListItem\",\"position\":2,\"name\":\"Urlaub &#038; Reisen in den Cotswolds und dem Land Shakespeares\"}]}]}<\/script>\n<!-- \/ Yoast SEO plugin. -->","yoast_head_json":{"title":"Urlaub & Reisen in den Cotswolds und dem Land Shakespeares - Urlaub &amp; Reisen","robots":{"index":"index","follow":"follow","max-snippet":"max-snippet:-1","max-image-preview":"max-image-preview:large","max-video-preview":"max-video-preview:-1"},"canonical":"https:\/\/www.urlaubcornwall.de\/blog\/urlaub-reisen-von-den-cotswolds-und-dem-land-shakespeares\/","og_locale":"en_US","og_type":"article","og_title":"Urlaub & Reisen in den Cotswolds und dem Land Shakespeares - Urlaub &amp; Reisen","og_description":"Englands geographisches Herzst\u00fcck liegt in den Grafschaften von Gloucestershire, Oxfordshire, Warwickshire und Worcestershire. Diese Grafschaften bieten Besuchern eine riesige Auswahl an herrlicher Landschaft, Familienattraktionen, historischen H\u00e4usern und G\u00e4rten; einfach perfekt f\u00fcr eine Rundreise oder einen Urlaub . Zwischen den Cotswolds mit wundersch\u00f6ner Landschaft und honigfarbenen D\u00f6rfern, Broadway, Castle Combe und Blockley und den Malvern Hills, [&hellip;]","og_url":"https:\/\/www.urlaubcornwall.de\/blog\/urlaub-reisen-von-den-cotswolds-und-dem-land-shakespeares\/","og_site_name":"Urlaub &amp; Reisen","article_modified_time":"2024-05-29T10:45:36+00:00","og_image":[{"url":"https:\/\/www.urlaubcornwall.de\/blog\/wp-content\/uploads\/2015\/10\/cotswolds-urlaub.jpg"}],"twitter_card":"summary","twitter_misc":{"Est. reading time":"3 minutes"},"schema":{"@context":"https:\/\/schema.org","@graph":[{"@type":"WebSite","@id":"https:\/\/www.urlaubcornwall.de\/blog\/#website","url":"https:\/\/www.urlaubcornwall.de\/blog\/","name":"Urlaub &amp; Reisen","description":"Urlaub, Reisen, Cornwall und S\u00fcdengland: eine perfekte Kombination","potentialAction":[{"@type":"SearchAction","target":{"@type":"EntryPoint","urlTemplate":"https:\/\/www.urlaubcornwall.de\/blog\/?s={search_term_string}"},"query-input":"required name=search_term_string"}],"inLanguage":"en-US"},{"@type":"WebPage","@id":"https:\/\/www.urlaubcornwall.de\/blog\/urlaub-reisen-von-den-cotswolds-und-dem-land-shakespeares\/","url":"https:\/\/www.urlaubcornwall.de\/blog\/urlaub-reisen-von-den-cotswolds-und-dem-land-shakespeares\/","name":"Urlaub & Reisen in den Cotswolds und dem Land Shakespeares - Urlaub &amp; Reisen","isPartOf":{"@id":"https:\/\/www.urlaubcornwall.de\/blog\/#website"},"datePublished":"2015-10-10T14:18:00+00:00","dateModified":"2024-05-29T10:45:36+00:00","breadcrumb":{"@id":"https:\/\/www.urlaubcornwall.de\/blog\/urlaub-reisen-von-den-cotswolds-und-dem-land-shakespeares\/#breadcrumb"},"inLanguage":"en-US","potentialAction":[{"@type":"ReadAction","target":["https:\/\/www.urlaubcornwall.de\/blog\/urlaub-reisen-von-den-cotswolds-und-dem-land-shakespeares\/"]}]},{"@type":"BreadcrumbList","@id":"https:\/\/www.urlaubcornwall.de\/blog\/urlaub-reisen-von-den-cotswolds-und-dem-land-shakespeares\/#breadcrumb","itemListElement":[{"@type":"ListItem","position":1,"name":"Home","item":"https:\/\/www.urlaubcornwall.de\/blog\/"},{"@type":"ListItem","position":2,"name":"Urlaub &#038; Reisen in den Cotswolds und dem Land Shakespeares"}]}]}},"_links":{"self":[{"href":"https:\/\/www.urlaubcornwall.de\/blog\/wp-json\/wp\/v2\/pages\/20444"}],"collection":[{"href":"https:\/\/www.urlaubcornwall.de\/blog\/wp-json\/wp\/v2\/pages"}],"about":[{"href":"https:\/\/www.urlaubcornwall.de\/blog\/wp-json\/wp\/v2\/types\/page"}],"author":[{"embeddable":true,"href":"https:\/\/www.urlaubcornwall.de\/blog\/wp-json\/wp\/v2\/users\/1"}],"replies":[{"embeddable":true,"href":"https:\/\/www.urlaubcornwall.de\/blog\/wp-json\/wp\/v2\/comments?post=20444"}],"version-history":[{"count":34,"href":"https:\/\/www.urlaubcornwall.de\/blog\/wp-json\/wp\/v2\/pages\/20444\/revisions"}],"predecessor-version":[{"id":50589,"href":"https:\/\/www.urlaubcornwall.de\/blog\/wp-json\/wp\/v2\/pages\/20444\/revisions\/50589"}],"wp:attachment":[{"href":"https:\/\/www.urlaubcornwall.de\/blog\/wp-json\/wp\/v2\/media?parent=20444"}],"curies":[{"name":"wp","href":"https:\/\/api.w.org\/{rel}","templated":true}]}}