{"id":20432,"date":"2015-10-10T13:48:56","date_gmt":"2015-10-10T13:48:56","guid":{"rendered":"https:\/\/www.urlaubcornwall.de\/blog\/?page_id=20432"},"modified":"2024-05-29T10:46:06","modified_gmt":"2024-05-29T10:46:06","slug":"kurzurlaub-kurzreise-nach-london","status":"publish","type":"page","link":"https:\/\/www.urlaubcornwall.de\/blog\/kurzurlaub-kurzreise-nach-london\/","title":{"rendered":"Kurzurlaub &#038; Kurzreise nach London"},"content":{"rendered":"<p><a href=\"https:\/\/www.urlaubcornwall.de\/blog\/wp-content\/uploads\/2015\/02\/incentive-reisen-england.jpg\"><img loading=\"lazy\" class=\"aligncenter size-full wp-image-35327\" src=\"https:\/\/www.urlaubcornwall.de\/blog\/wp-content\/uploads\/2019\/01\/urlaub-london.jpg\" alt=\"tower bridge urlaub London\" width=\"747\" height=\"381\" srcset=\"https:\/\/www.urlaubcornwall.de\/blog\/wp-content\/uploads\/2019\/01\/urlaub-london.jpg 747w, https:\/\/www.urlaubcornwall.de\/blog\/wp-content\/uploads\/2019\/01\/urlaub-london-300x153.jpg 300w\" sizes=\"(max-width: 747px) 100vw, 747px\" \/><\/a><\/p>\n<p>London hat dem Besucher so viel zu bieten; es ist reich an Geschichte und kann seine Wurzeln \u00fcber 2000 Jahre zur\u00fcckverfolgen. Es ist voller <a href=\"https:\/\/www.urlaubcornwall.de\/blog\/die-besten-london-urlaub-tipps-urlaubcornwall-de\/\">Zeremonien und Traditionen, ikonischen Sehensw\u00fcrdigkeiten<\/a>, gro\u00dfartigen Parkanlagen, weltber\u00fchmten L\u00e4den, Restaurants und Theatern. Es ist unm\u00f6glich, in ein paar Worten all das zusammenzufassen, was es zu bieten hat. Doch wenn Sie einen Kurzurlaub oder ein langes Wochenende in London verbringen wollen, gibt es ein paar Dinge, die Sie nicht verpassen d\u00fcrfen.<\/p>\n<p>Beginnen Sie am Trafalgar Square, machen Sie eine der gef\u00fchrten Bustouren und steigen Sie an den Attraktionen entlang der Route aus und ein. Big Ben und die Houses of Parliament gemeinsam mit der Westminster Abbey sind ein absolutes Muss f\u00fcr jeden Besucher. Der Buckingham Palast, das offizielle Zuhause der K\u00f6nigin, ist eine von Londons bekanntesten Wahrzeichen; planen Sie Ihren Besuch, so dass Sie die Wachabl\u00f6sung erleben, die an den meisten Tagen um 11.30 Uhr stattfindet.<\/p>\n<p><a href=\"https:\/\/www.urlaubcornwall.de\/blog\/wp-content\/uploads\/2024\/03\/covent-garden.jpg\"><img loading=\"lazy\" src=\"https:\/\/www.urlaubcornwall.de\/blog\/wp-content\/uploads\/2024\/03\/covent-garden.jpg\" alt=\"covent-garden\" width=\"750\" height=\"500\" class=\"alignnone size-full wp-image-47812\" srcset=\"https:\/\/www.urlaubcornwall.de\/blog\/wp-content\/uploads\/2024\/03\/covent-garden.jpg 750w, https:\/\/www.urlaubcornwall.de\/blog\/wp-content\/uploads\/2024\/03\/covent-garden-300x200.jpg 300w\" sizes=\"(max-width: 750px) 100vw, 750px\" \/><\/a><\/p>\n<p>Oxford Street, Regent Street und Covent Garden sind ein Muss f\u00fcr Shopper. Covent Garden ist eines von Londons lebendigsten Gebieten; beobachten Sie, w\u00e4hrend Sie in einem der zahlreichen Caf\u00e9s eine Pause einlegen, die Stra\u00dfenk\u00fcnstler, die auf der Piazza auftreten. Genie\u00dfen Sie eine Theaterauff\u00fchrung in einem von Londons zahlreichen Theatern oder schauen Sie sich im K\u00f6niglichen Opernhaus eine Ballettauff\u00fchrung an.<\/p>\n<p>\u00dcberqueren Sie den Fluss Thames hin zum S\u00fcdufer und fahren Sie mit dem London Eye. Erleben Sie dabei einen atemberaubenden Blick \u00fcber die Stadt und dar\u00fcber hinaus.<\/p>\n<p>Eine gem\u00fctliche Bootsfahrt entlang des Flusses Thames wird Sie an der St Paul\u2019s Kathedrale und dem Globe Theatre vorbeif\u00fchren wenn Sie sich Richtung Osten nach Greenwich, Cutty Sark, dem Royal Observatory und dem National Maritime Museum hin bewegen. Steigen Sie an der Tower Bridge aus und besuchen Sie den Tower of London mit seiner 1000j\u00e4hrigen Geschichte.<\/p>\n<p>Es gibt so viel zu erleben w\u00e4hrend eines Urlaubs in London, etwas f\u00fcr jedes Familienmitglied, ganz egal welcher Altersstufe.<\/p>\n<div class=\"snippet\"> <a class=\"featured-item\" href=\"https:\/\/www.booking.com\/searchresults.en.html?city=-2601889&#038;aid=1320750&#038;no_rooms=1&#038;group_adults=2&#038;room1=A%2CA\" rel=\"nofollow\"> <span class=\"image-holder\" style=\"background-image: url(' https:\/\/www.urlaubcornwall.de\/blog\/wp-content\/uploads\/2019\/01\/urlaub-london-mit-kindern.jpg ');\"><\/span> <span class=\"featured-content\"> \n<h2 class=\"featured-title\">Hotels in London zum Verlieben!<\/h2>\n<p class=\"featured-body\">Es ist unm\u00f6glich, London in ein paar Worten zusammenzufassen, da die Vielfalt dieser hochlebendigen Stadt einfach zu gro\u00df ist. Hier finden Sie unsere pers\u00f6nliche Auswahl der besten Hotels in London und dem S\u00fcden Englands. &#8230;.<\/p><\/span> <span class=\"featured-link-holder\"> <span class=\"featured-extra-info\"> \n<p>F\u00fcr Paare, Familien &#038; Gruppen<\/p>\n<\/span> \n<p class=\"featured-link\">DETAILS<\/p>\n<\/span> <\/a><\/div>\n<div class=\"snippet\"> <a class=\"featured-item\" href=\" https:\/\/www.urlaubcornwall.de\/rundreisen\/cornwall-suedengland.php\"> <span class=\"image-holder\" style=\"background-image: url(' https:\/\/www.urlaubcornwall.de\/blog\/wp-content\/uploads\/2018\/11\/rundreise-cornwall.jpg ');\"><\/span> <span class=\"featured-content\"> \n<h2 class=\"featured-title\">Individuelle Rundreise in London &#038; S\u00fcdengland<\/h2>\n<p class=\"featured-body\"> Bei dieser Cornwall Rundreise entdecken Sie die H\u00f6hepunkte S\u00fcdenglands. Kultur, Geschichte, Landschaft und heutiges Leben werden Sie hierbei kennenlernen&#8230;<\/p>\n<\/span> <span class=\"featured-link-holder\"> <span class=\"featured-extra-info\"> \n<p>Urlaub im eigenen Schritttempo<\/p>\n<\/span> \n<p class=\"featured-link\">DETAILS<\/p>\n<\/span> <\/a><\/div>\n","protected":false},"excerpt":{"rendered":"<p>London hat dem Besucher so viel zu bieten; es ist reich an Geschichte und kann seine Wurzeln \u00fcber 2000 Jahre zur\u00fcckverfolgen. Es ist voller Zeremonien und Traditionen, ikonischen Sehensw\u00fcrdigkeiten, gro\u00dfartigen Parkanlagen, weltber\u00fchmten L\u00e4den, Restaurants und Theatern. Es ist unm\u00f6glich, in ein paar Worten all das zusammenzufassen, was es zu bieten hat. Doch wenn Sie einen [&hellip;]<\/p>\n","protected":false},"author":1,"featured_media":0,"parent":0,"menu_order":0,"comment_status":"closed","ping_status":"closed","template":"single-four.php","meta":[],"acf":[],"yoast_head":"<!-- This site is optimized with the Yoast SEO plugin v19.4 - https:\/\/yoast.com\/wordpress\/plugins\/seo\/ -->\n<title>Kurzurlaub &amp; Kurzreise nach London - Urlaub &amp; Reisen<\/title>\n<meta name=\"robots\" content=\"index, follow, max-snippet:-1, max-image-preview:large, max-video-preview:-1\" \/>\n<link rel=\"canonical\" href=\"https:\/\/www.urlaubcornwall.de\/blog\/kurzurlaub-kurzreise-nach-london\/\" \/>\n<meta property=\"og:locale\" content=\"en_US\" \/>\n<meta property=\"og:type\" content=\"article\" \/>\n<meta property=\"og:title\" content=\"Kurzurlaub &amp; Kurzreise nach London - Urlaub &amp; Reisen\" \/>\n<meta property=\"og:description\" content=\"London hat dem Besucher so viel zu bieten; es ist reich an Geschichte und kann seine Wurzeln \u00fcber 2000 Jahre zur\u00fcckverfolgen. Es ist voller Zeremonien und Traditionen, ikonischen Sehensw\u00fcrdigkeiten, gro\u00dfartigen Parkanlagen, weltber\u00fchmten L\u00e4den, Restaurants und Theatern. Es ist unm\u00f6glich, in ein paar Worten all das zusammenzufassen, was es zu bieten hat. Doch wenn Sie einen [&hellip;]\" \/>\n<meta property=\"og:url\" content=\"https:\/\/www.urlaubcornwall.de\/blog\/kurzurlaub-kurzreise-nach-london\/\" \/>\n<meta property=\"og:site_name\" content=\"Urlaub &amp; Reisen\" \/>\n<meta property=\"article:modified_time\" content=\"2024-05-29T10:46:06+00:00\" \/>\n<meta property=\"og:image\" content=\"https:\/\/www.urlaubcornwall.de\/blog\/wp-content\/uploads\/2019\/01\/urlaub-london.jpg\" \/>\n<meta name=\"twitter:card\" content=\"summary\" \/>\n<meta name=\"twitter:label1\" content=\"Est. reading time\" \/>\n\t<meta name=\"twitter:data1\" content=\"3 minutes\" \/>\n<script type=\"application\/ld+json\" class=\"yoast-schema-graph\">{\"@context\":\"https:\/\/schema.org\",\"@graph\":[{\"@type\":\"WebSite\",\"@id\":\"https:\/\/www.urlaubcornwall.de\/blog\/#website\",\"url\":\"https:\/\/www.urlaubcornwall.de\/blog\/\",\"name\":\"Urlaub &amp; Reisen\",\"description\":\"Urlaub, Reisen, Cornwall und S\u00fcdengland: eine perfekte Kombination\",\"potentialAction\":[{\"@type\":\"SearchAction\",\"target\":{\"@type\":\"EntryPoint\",\"urlTemplate\":\"https:\/\/www.urlaubcornwall.de\/blog\/?s={search_term_string}\"},\"query-input\":\"required name=search_term_string\"}],\"inLanguage\":\"en-US\"},{\"@type\":\"WebPage\",\"@id\":\"https:\/\/www.urlaubcornwall.de\/blog\/kurzurlaub-kurzreise-nach-london\/\",\"url\":\"https:\/\/www.urlaubcornwall.de\/blog\/kurzurlaub-kurzreise-nach-london\/\",\"name\":\"Kurzurlaub & Kurzreise nach London - Urlaub &amp; Reisen\",\"isPartOf\":{\"@id\":\"https:\/\/www.urlaubcornwall.de\/blog\/#website\"},\"datePublished\":\"2015-10-10T13:48:56+00:00\",\"dateModified\":\"2024-05-29T10:46:06+00:00\",\"breadcrumb\":{\"@id\":\"https:\/\/www.urlaubcornwall.de\/blog\/kurzurlaub-kurzreise-nach-london\/#breadcrumb\"},\"inLanguage\":\"en-US\",\"potentialAction\":[{\"@type\":\"ReadAction\",\"target\":[\"https:\/\/www.urlaubcornwall.de\/blog\/kurzurlaub-kurzreise-nach-london\/\"]}]},{\"@type\":\"BreadcrumbList\",\"@id\":\"https:\/\/www.urlaubcornwall.de\/blog\/kurzurlaub-kurzreise-nach-london\/#breadcrumb\",\"itemListElement\":[{\"@type\":\"ListItem\",\"position\":1,\"name\":\"Home\",\"item\":\"https:\/\/www.urlaubcornwall.de\/blog\/\"},{\"@type\":\"ListItem\",\"position\":2,\"name\":\"Kurzurlaub &#038; Kurzreise nach London\"}]}]}<\/script>\n<!-- \/ Yoast SEO plugin. -->","yoast_head_json":{"title":"Kurzurlaub & Kurzreise nach London - Urlaub &amp; Reisen","robots":{"index":"index","follow":"follow","max-snippet":"max-snippet:-1","max-image-preview":"max-image-preview:large","max-video-preview":"max-video-preview:-1"},"canonical":"https:\/\/www.urlaubcornwall.de\/blog\/kurzurlaub-kurzreise-nach-london\/","og_locale":"en_US","og_type":"article","og_title":"Kurzurlaub & Kurzreise nach London - Urlaub &amp; Reisen","og_description":"London hat dem Besucher so viel zu bieten; es ist reich an Geschichte und kann seine Wurzeln \u00fcber 2000 Jahre zur\u00fcckverfolgen. Es ist voller Zeremonien und Traditionen, ikonischen Sehensw\u00fcrdigkeiten, gro\u00dfartigen Parkanlagen, weltber\u00fchmten L\u00e4den, Restaurants und Theatern. Es ist unm\u00f6glich, in ein paar Worten all das zusammenzufassen, was es zu bieten hat. Doch wenn Sie einen [&hellip;]","og_url":"https:\/\/www.urlaubcornwall.de\/blog\/kurzurlaub-kurzreise-nach-london\/","og_site_name":"Urlaub &amp; Reisen","article_modified_time":"2024-05-29T10:46:06+00:00","og_image":[{"url":"https:\/\/www.urlaubcornwall.de\/blog\/wp-content\/uploads\/2019\/01\/urlaub-london.jpg"}],"twitter_card":"summary","twitter_misc":{"Est. reading time":"3 minutes"},"schema":{"@context":"https:\/\/schema.org","@graph":[{"@type":"WebSite","@id":"https:\/\/www.urlaubcornwall.de\/blog\/#website","url":"https:\/\/www.urlaubcornwall.de\/blog\/","name":"Urlaub &amp; Reisen","description":"Urlaub, Reisen, Cornwall und S\u00fcdengland: eine perfekte Kombination","potentialAction":[{"@type":"SearchAction","target":{"@type":"EntryPoint","urlTemplate":"https:\/\/www.urlaubcornwall.de\/blog\/?s={search_term_string}"},"query-input":"required name=search_term_string"}],"inLanguage":"en-US"},{"@type":"WebPage","@id":"https:\/\/www.urlaubcornwall.de\/blog\/kurzurlaub-kurzreise-nach-london\/","url":"https:\/\/www.urlaubcornwall.de\/blog\/kurzurlaub-kurzreise-nach-london\/","name":"Kurzurlaub & Kurzreise nach London - Urlaub &amp; Reisen","isPartOf":{"@id":"https:\/\/www.urlaubcornwall.de\/blog\/#website"},"datePublished":"2015-10-10T13:48:56+00:00","dateModified":"2024-05-29T10:46:06+00:00","breadcrumb":{"@id":"https:\/\/www.urlaubcornwall.de\/blog\/kurzurlaub-kurzreise-nach-london\/#breadcrumb"},"inLanguage":"en-US","potentialAction":[{"@type":"ReadAction","target":["https:\/\/www.urlaubcornwall.de\/blog\/kurzurlaub-kurzreise-nach-london\/"]}]},{"@type":"BreadcrumbList","@id":"https:\/\/www.urlaubcornwall.de\/blog\/kurzurlaub-kurzreise-nach-london\/#breadcrumb","itemListElement":[{"@type":"ListItem","position":1,"name":"Home","item":"https:\/\/www.urlaubcornwall.de\/blog\/"},{"@type":"ListItem","position":2,"name":"Kurzurlaub &#038; Kurzreise nach London"}]}]}},"_links":{"self":[{"href":"https:\/\/www.urlaubcornwall.de\/blog\/wp-json\/wp\/v2\/pages\/20432"}],"collection":[{"href":"https:\/\/www.urlaubcornwall.de\/blog\/wp-json\/wp\/v2\/pages"}],"about":[{"href":"https:\/\/www.urlaubcornwall.de\/blog\/wp-json\/wp\/v2\/types\/page"}],"author":[{"embeddable":true,"href":"https:\/\/www.urlaubcornwall.de\/blog\/wp-json\/wp\/v2\/users\/1"}],"replies":[{"embeddable":true,"href":"https:\/\/www.urlaubcornwall.de\/blog\/wp-json\/wp\/v2\/comments?post=20432"}],"version-history":[{"count":16,"href":"https:\/\/www.urlaubcornwall.de\/blog\/wp-json\/wp\/v2\/pages\/20432\/revisions"}],"predecessor-version":[{"id":50590,"href":"https:\/\/www.urlaubcornwall.de\/blog\/wp-json\/wp\/v2\/pages\/20432\/revisions\/50590"}],"wp:attachment":[{"href":"https:\/\/www.urlaubcornwall.de\/blog\/wp-json\/wp\/v2\/media?parent=20432"}],"curies":[{"name":"wp","href":"https:\/\/api.w.org\/{rel}","templated":true}]}}