{"id":20367,"date":"2015-10-06T13:03:28","date_gmt":"2015-10-06T13:03:28","guid":{"rendered":"https:\/\/www.urlaubcornwall.de\/blog\/?page_id=20367"},"modified":"2026-01-06T14:12:14","modified_gmt":"2026-01-06T14:12:14","slug":"5-der-huebschesten-doerfer-englands","status":"publish","type":"page","link":"https:\/\/www.urlaubcornwall.de\/blog\/5-der-huebschesten-doerfer-englands\/","title":{"rendered":"Die 5 Sch\u00f6nsten D\u00f6rfer Englands"},"content":{"rendered":"<p>Wo finden Sie Englands h\u00fcbscheste und malerischste D\u00f6rfer? Dorfleben stellt Teil der Kultur und des Erbes Englands dar. Es gibt eine breite Auswahl, doch dies ist unsere Wahl der 5 sch\u00f6nsten D\u00f6rfer. Jedes davon hat seinen ganz einzigartigen Charakter, Charme und historische Lage in der vielf\u00e4ltigen <a href=\"http:\/\/www.urlaubcornwall.de\/reiseziel\/suedkueste-england.php\">Landschaft und K\u00fcste Englands<\/a>, die es zu einem derart beliebten Urlaubsziel machen.<\/p>\n<p style=\"text-align: center;\">\n\t\t<strong><br \/>\n                        <a href=\"#cornwall\" title=\"Cornwall\">Cornwall<\/a> |<br \/>\n\t\t\t<a href=\"#cotswolds\" title=\"Cotswolds\">Die Cotswolds<\/a> |<br \/>\n                        <a href=\"#sussex\" title=\"Sussex\">Sussex<\/a> |<br \/>\n\t\t\t<a href=\"#wiltshire\" title=\"Wiltshire\">Wiltshire<\/a> |<br \/>\n                        <a href=\"#cumbria\" title=\"Cumbria\">Cumbria<\/a>  <\/strong><\/p>\n<p>\t\t\n\t<\/p>\n<p><img loading=\"lazy\" class=\"aligncenter size-full wp-image-43329\" src=\"https:\/\/www.urlaubcornwall.de\/blog\/wp-content\/uploads\/2021\/10\/polperro_insta.jpg\" alt=\"polperro\" width=\"750\" height=\"498\" srcset=\"https:\/\/www.urlaubcornwall.de\/blog\/wp-content\/uploads\/2021\/10\/polperro_insta.jpg 750w, https:\/\/www.urlaubcornwall.de\/blog\/wp-content\/uploads\/2021\/10\/polperro_insta-300x199.jpg 300w\" sizes=\"(max-width: 750px) 100vw, 750px\" \/><\/p>\n<h2 id=\"cornwall\">Polperro, Cornwall<\/h2>\n<p><a href=\"https:\/\/www.urlaubcornwall.de\/ferienhaeuser-fewos\/polperro.html\">Polperro<\/a> ist ein postkartensch\u00f6nes, unber\u00fchrtes cornisches Fischerdorf zwischen <a href=\"https:\/\/www.urlaubcornwall.de\/ferienhaeuser-fewos\/looe.html\">Looe<\/a> und <a href=\"https:\/\/www.urlaubcornwall.de\/ferienhaeuser-fewos\/fowey.html\">Fowey<\/a>, wo sich Cottages an die steilen H\u00fcgel um den kleinen Hafen herum anschmiegen. Im Museum am Hafen erfahren Sie Einzelheiten zur ber\u00fcchtigten Geschichte des Ortes als Treffpunkt f\u00fcr Schmuggler.<\/p>\n<h2 id=\"cotswolds\">Bibury, The Cotswolds<\/h2>\n<p><a href=\"https:\/\/www.urlaubcornwall.de\/ferienhaeuser-fewos\/eng\/gloucestershire\/bibury.html\">Bibury<\/a> ist ein charmantes, <a href=\"https:\/\/www.urlaubcornwall.de\/blog\/urlaub-in-den-cotswolds-typisch-englisch\/\">typisches Cotswold Dorf<\/a> und wurde bereits als das \u201esch\u00f6nste Dorf Englands\u201c beschrieben. Seine h\u00fcbschen Cottages in der Arlington Row geh\u00f6ren zu den meist fotografierten der Welt. Die Wasserwiesen stellen f\u00fcr Pflanzen, V\u00f6gel und Tierleben einen wichtigen Lebensraum dar.<\/p>\n<p><img loading=\"lazy\" class=\"aligncenter size-full wp-image-33939\" src=\"https:\/\/www.urlaubcornwall.de\/blog\/wp-content\/uploads\/2018\/06\/Alfrriston-clergy-house.jpg\" alt=\"Alfriston sussex urlaub\" width=\"748\" height=\"431\"\/><\/p>\n<h2 id=\"sussex\">Alfriston \u2013 Ost-Sussex<\/h2>\n<p>Das h\u00fcbsche <a href=\"https:\/\/www.urlaubcornwall.de\/ferienhaeuser-fewos\/eng\/sussex\/alfriston.html\">Dorf Alfriston<\/a> liegt im Tal des Flusses Cuckmere, umgeben von <a href=\"http:\/\/www.urlaubcornwall.de\/reiseziel\/sussex.php\">den South Downs. <\/a>Eines der ersten Geb\u00e4ude, die vom National Trust \u00fcbernommen wurden, kann hier gefunden werden; das Clergy House (Klerushaus), ein reetgedecktes Fachwerkhaus des 14. Jahrhunderts befindet sich in idyllischer Lage mit Blick \u00fcber den Fluss Cuckmere.<\/p>\n<h2 id=\"wiltshire\">Castle Combe, Wiltshire<\/h2>\n<p>Dieses urenglische Dorf geh\u00f6rt zu den h\u00fcbschesten in England und befindet sich <a href=\"https:\/\/www.urlaubcornwall.de\/blog\/urlaub-in-den-cotswolds-typisch-englisch\/\">in den Cotswolds<\/a> in einem Gebiet besonderer Natursch\u00f6nheit. Es wird h\u00e4ufig als Drehort benutzt. Seine kleinen Str\u00e4\u00dfchen sind eingerahmt mit Cotswold Steinh\u00e4usern, die an jene Zeiten erinnern, als es im Herzen des Cotswold Wollhandels ein Weberdorf war.<\/p>\n<h2 id=\"cumbria\">Hawkshead, Cumbria<\/h2>\n<p>Das h\u00fcbsche <a href=\"https:\/\/www.urlaubcornwall.de\/ferienhaeuser-fewos\/eng\/lake-district\/hawkshead.html\">Dorf Hawkshead<\/a> liegt im herrlichen Tal Esthwaite im <a href=\"https:\/\/www.urlaubcornwall.de\/blog\/urlaub-reisen-durch-nordengland\/\">Herzen des Lake District<\/a>. Tief verankert in seiner Geschichte und seinem Erbe und in Verbindung gebracht mit William Wordsworth und Beatrix Potter, vermittelt dieses Dorf mit seinen Pflasterstra\u00dfen und gewei\u00dfelten Cottages ein magisches Gef\u00fchl.<\/p>\n<div class=\"snippet\"> <a class=\"featured-item\" href=\"https:\/\/www.urlaubcornwall.de\/ferienhaeuser\/suedengland.php\"> <span class=\"image-holder\" style=\"background-image: url('https:\/\/www.urlaubcornwall.de\/blog\/wp-content\/uploads\/2018\/12\/ferienhaus-cornwall-mit-hund.jpg');\"><\/span> <span class=\"featured-content\"> \n<h2 class=\"featured-title\">Ferienh\u00e4user in England zum Verlieben!<\/h2>\n<p class=\"featured-body\">Dank seiner langen Geschichte, der reizvollen Landschaften und seinen vielen Attraktionen ist S\u00fcdengland ein wahres Mekka f\u00fcr Urlauber. F\u00fcr Familien und Paare ist die Reise durch Kent, den Garten Englands, die Sussex Downs, die uralten Grafschaften von Hampshire und Dorset&#8230;.<\/p><\/span> <span class=\"featured-link-holder\"> <span class=\"featured-extra-info\"> \n<p>F\u00fcr Paare, Familien &#038; Gruppen<\/p>\n<\/span> \n<p class=\"featured-link\">DETAILS<\/p>\n<\/span> <\/a><\/div>\n","protected":false},"excerpt":{"rendered":"<p>Wo finden Sie Englands h\u00fcbscheste und malerischste D\u00f6rfer? Dorfleben stellt Teil der Kultur und des Erbes Englands dar. Es gibt eine breite Auswahl, doch dies ist unsere Wahl der 5 sch\u00f6nsten D\u00f6rfer. Jedes davon hat seinen ganz einzigartigen Charakter, Charme und historische Lage in der vielf\u00e4ltigen Landschaft und K\u00fcste Englands, die es zu einem derart [&hellip;]<\/p>\n","protected":false},"author":1,"featured_media":0,"parent":0,"menu_order":0,"comment_status":"closed","ping_status":"closed","template":"single-four.php","meta":[],"acf":[],"yoast_head":"<!-- This site is optimized with the Yoast SEO plugin v19.4 - https:\/\/yoast.com\/wordpress\/plugins\/seo\/ -->\n<title>Die 5 Sch\u00f6nsten D\u00f6rfer Englands - Urlaub &amp; Reisen<\/title>\n<meta name=\"robots\" content=\"index, follow, max-snippet:-1, max-image-preview:large, max-video-preview:-1\" \/>\n<link rel=\"canonical\" href=\"https:\/\/www.urlaubcornwall.de\/blog\/5-der-huebschesten-doerfer-englands\/\" \/>\n<meta property=\"og:locale\" content=\"en_US\" \/>\n<meta property=\"og:type\" content=\"article\" \/>\n<meta property=\"og:title\" content=\"Die 5 Sch\u00f6nsten D\u00f6rfer Englands - Urlaub &amp; Reisen\" \/>\n<meta property=\"og:description\" content=\"Wo finden Sie Englands h\u00fcbscheste und malerischste D\u00f6rfer? Dorfleben stellt Teil der Kultur und des Erbes Englands dar. Es gibt eine breite Auswahl, doch dies ist unsere Wahl der 5 sch\u00f6nsten D\u00f6rfer. Jedes davon hat seinen ganz einzigartigen Charakter, Charme und historische Lage in der vielf\u00e4ltigen Landschaft und K\u00fcste Englands, die es zu einem derart [&hellip;]\" \/>\n<meta property=\"og:url\" content=\"https:\/\/www.urlaubcornwall.de\/blog\/5-der-huebschesten-doerfer-englands\/\" \/>\n<meta property=\"og:site_name\" content=\"Urlaub &amp; Reisen\" \/>\n<meta property=\"article:modified_time\" content=\"2026-01-06T14:12:14+00:00\" \/>\n<meta property=\"og:image\" content=\"https:\/\/www.urlaubcornwall.de\/blog\/wp-content\/uploads\/2021\/10\/polperro_insta.jpg\" \/>\n<meta name=\"twitter:card\" content=\"summary\" \/>\n<meta name=\"twitter:label1\" content=\"Est. reading time\" \/>\n\t<meta name=\"twitter:data1\" content=\"2 minutes\" \/>\n<script type=\"application\/ld+json\" class=\"yoast-schema-graph\">{\"@context\":\"https:\/\/schema.org\",\"@graph\":[{\"@type\":\"WebSite\",\"@id\":\"https:\/\/www.urlaubcornwall.de\/blog\/#website\",\"url\":\"https:\/\/www.urlaubcornwall.de\/blog\/\",\"name\":\"Urlaub &amp; Reisen\",\"description\":\"Urlaub, Reisen, Cornwall und S\u00fcdengland: eine perfekte Kombination\",\"potentialAction\":[{\"@type\":\"SearchAction\",\"target\":{\"@type\":\"EntryPoint\",\"urlTemplate\":\"https:\/\/www.urlaubcornwall.de\/blog\/?s={search_term_string}\"},\"query-input\":\"required name=search_term_string\"}],\"inLanguage\":\"en-US\"},{\"@type\":\"WebPage\",\"@id\":\"https:\/\/www.urlaubcornwall.de\/blog\/5-der-huebschesten-doerfer-englands\/\",\"url\":\"https:\/\/www.urlaubcornwall.de\/blog\/5-der-huebschesten-doerfer-englands\/\",\"name\":\"Die 5 Sch\u00f6nsten D\u00f6rfer Englands - Urlaub &amp; Reisen\",\"isPartOf\":{\"@id\":\"https:\/\/www.urlaubcornwall.de\/blog\/#website\"},\"datePublished\":\"2015-10-06T13:03:28+00:00\",\"dateModified\":\"2026-01-06T14:12:14+00:00\",\"breadcrumb\":{\"@id\":\"https:\/\/www.urlaubcornwall.de\/blog\/5-der-huebschesten-doerfer-englands\/#breadcrumb\"},\"inLanguage\":\"en-US\",\"potentialAction\":[{\"@type\":\"ReadAction\",\"target\":[\"https:\/\/www.urlaubcornwall.de\/blog\/5-der-huebschesten-doerfer-englands\/\"]}]},{\"@type\":\"BreadcrumbList\",\"@id\":\"https:\/\/www.urlaubcornwall.de\/blog\/5-der-huebschesten-doerfer-englands\/#breadcrumb\",\"itemListElement\":[{\"@type\":\"ListItem\",\"position\":1,\"name\":\"Home\",\"item\":\"https:\/\/www.urlaubcornwall.de\/blog\/\"},{\"@type\":\"ListItem\",\"position\":2,\"name\":\"Die 5 Sch\u00f6nsten D\u00f6rfer Englands\"}]}]}<\/script>\n<!-- \/ Yoast SEO plugin. -->","yoast_head_json":{"title":"Die 5 Sch\u00f6nsten D\u00f6rfer Englands - Urlaub &amp; Reisen","robots":{"index":"index","follow":"follow","max-snippet":"max-snippet:-1","max-image-preview":"max-image-preview:large","max-video-preview":"max-video-preview:-1"},"canonical":"https:\/\/www.urlaubcornwall.de\/blog\/5-der-huebschesten-doerfer-englands\/","og_locale":"en_US","og_type":"article","og_title":"Die 5 Sch\u00f6nsten D\u00f6rfer Englands - Urlaub &amp; Reisen","og_description":"Wo finden Sie Englands h\u00fcbscheste und malerischste D\u00f6rfer? Dorfleben stellt Teil der Kultur und des Erbes Englands dar. Es gibt eine breite Auswahl, doch dies ist unsere Wahl der 5 sch\u00f6nsten D\u00f6rfer. Jedes davon hat seinen ganz einzigartigen Charakter, Charme und historische Lage in der vielf\u00e4ltigen Landschaft und K\u00fcste Englands, die es zu einem derart [&hellip;]","og_url":"https:\/\/www.urlaubcornwall.de\/blog\/5-der-huebschesten-doerfer-englands\/","og_site_name":"Urlaub &amp; Reisen","article_modified_time":"2026-01-06T14:12:14+00:00","og_image":[{"url":"https:\/\/www.urlaubcornwall.de\/blog\/wp-content\/uploads\/2021\/10\/polperro_insta.jpg"}],"twitter_card":"summary","twitter_misc":{"Est. reading time":"2 minutes"},"schema":{"@context":"https:\/\/schema.org","@graph":[{"@type":"WebSite","@id":"https:\/\/www.urlaubcornwall.de\/blog\/#website","url":"https:\/\/www.urlaubcornwall.de\/blog\/","name":"Urlaub &amp; Reisen","description":"Urlaub, Reisen, Cornwall und S\u00fcdengland: eine perfekte Kombination","potentialAction":[{"@type":"SearchAction","target":{"@type":"EntryPoint","urlTemplate":"https:\/\/www.urlaubcornwall.de\/blog\/?s={search_term_string}"},"query-input":"required name=search_term_string"}],"inLanguage":"en-US"},{"@type":"WebPage","@id":"https:\/\/www.urlaubcornwall.de\/blog\/5-der-huebschesten-doerfer-englands\/","url":"https:\/\/www.urlaubcornwall.de\/blog\/5-der-huebschesten-doerfer-englands\/","name":"Die 5 Sch\u00f6nsten D\u00f6rfer Englands - Urlaub &amp; Reisen","isPartOf":{"@id":"https:\/\/www.urlaubcornwall.de\/blog\/#website"},"datePublished":"2015-10-06T13:03:28+00:00","dateModified":"2026-01-06T14:12:14+00:00","breadcrumb":{"@id":"https:\/\/www.urlaubcornwall.de\/blog\/5-der-huebschesten-doerfer-englands\/#breadcrumb"},"inLanguage":"en-US","potentialAction":[{"@type":"ReadAction","target":["https:\/\/www.urlaubcornwall.de\/blog\/5-der-huebschesten-doerfer-englands\/"]}]},{"@type":"BreadcrumbList","@id":"https:\/\/www.urlaubcornwall.de\/blog\/5-der-huebschesten-doerfer-englands\/#breadcrumb","itemListElement":[{"@type":"ListItem","position":1,"name":"Home","item":"https:\/\/www.urlaubcornwall.de\/blog\/"},{"@type":"ListItem","position":2,"name":"Die 5 Sch\u00f6nsten D\u00f6rfer Englands"}]}]}},"_links":{"self":[{"href":"https:\/\/www.urlaubcornwall.de\/blog\/wp-json\/wp\/v2\/pages\/20367"}],"collection":[{"href":"https:\/\/www.urlaubcornwall.de\/blog\/wp-json\/wp\/v2\/pages"}],"about":[{"href":"https:\/\/www.urlaubcornwall.de\/blog\/wp-json\/wp\/v2\/types\/page"}],"author":[{"embeddable":true,"href":"https:\/\/www.urlaubcornwall.de\/blog\/wp-json\/wp\/v2\/users\/1"}],"replies":[{"embeddable":true,"href":"https:\/\/www.urlaubcornwall.de\/blog\/wp-json\/wp\/v2\/comments?post=20367"}],"version-history":[{"count":31,"href":"https:\/\/www.urlaubcornwall.de\/blog\/wp-json\/wp\/v2\/pages\/20367\/revisions"}],"predecessor-version":[{"id":51964,"href":"https:\/\/www.urlaubcornwall.de\/blog\/wp-json\/wp\/v2\/pages\/20367\/revisions\/51964"}],"wp:attachment":[{"href":"https:\/\/www.urlaubcornwall.de\/blog\/wp-json\/wp\/v2\/media?parent=20367"}],"curies":[{"name":"wp","href":"https:\/\/api.w.org\/{rel}","templated":true}]}}