{"id":20162,"date":"2015-09-12T09:57:06","date_gmt":"2015-09-12T09:57:06","guid":{"rendered":"https:\/\/www.urlaubcornwall.de\/blog\/?page_id=20162"},"modified":"2024-05-29T09:50:42","modified_gmt":"2024-05-29T09:50:42","slug":"cornwalls-kostenfreie-attraktionen-fuer-familien-5-der-besten","status":"publish","type":"page","link":"https:\/\/www.urlaubcornwall.de\/blog\/cornwalls-kostenfreie-attraktionen-fuer-familien-5-der-besten\/","title":{"rendered":"Cornwalls kostenfreie Familienattraktionen &#038; Aktivit\u00e4ten -5 der Besten mit Kindern"},"content":{"rendered":"<p>Wir suchen M\u00f6glichkeiten, die kleinsten Familienmitglieder zu unterhalten, ohne auch nur einen Cent ausgeben zu m\u00fcssen!<\/p>\n<p><a href=\"https:\/\/www.urlaubcornwall.de\/blog\/wp-content\/uploads\/2015\/09\/camel-trail.jpg\"><img loading=\"lazy\" class=\"aligncenter size-full wp-image-23442\" src=\"https:\/\/www.urlaubcornwall.de\/blog\/wp-content\/uploads\/2016\/04\/1483700_1.jpg\" alt=\"camel trail\" width=\"745\" height=\"389\"\/><\/a><\/p>\n<p><strong>1. Der Camel Radweg<\/strong> &#8211; Fahrr\u00e4der k\u00f6nnen f\u00fcr eine geringe Summe \u00fcberall in Cornwall geliehen werden, doch Radfahren muss eine der besten kostenfreien Aktivit\u00e4ten f\u00fcr energiegeladene Familien sein. Der cornische Weg, ein Mehrzweckpfad verl\u00e4uft 180 Meilen lang kreuz und quer durch Cornwall und bietet dabei wundersch\u00f6nen Blick und ein erstaunliches Tierleben. Der gr\u00f6\u00dfte Hit f\u00fcr Familien ist der Camel Pfad, der von Wenfordbridge bei Bodmin nach Padstow f\u00fchrt. Er befindet sich von der Stra\u00dfe abgelegen und hat einen weiteren Pluspunkt, n\u00e4mlich sch\u00f6n und flach zu sein in seinem Verlauf einer stillgelegten Eisenbahnstrecke entlang \u2013 perfekt f\u00fcr all jene, die gerade erst das Radfahren erlernt haben oder f\u00fcr Erwachsene, die Kinder in Buggy- Anh\u00e4ngern mitf\u00fchren.<\/p>\n<p><a href=\"https:\/\/www.urlaubcornwall.de\/blog\/wp-content\/uploads\/2015\/09\/DSC01031_1.jpg\"><img loading=\"lazy\" class=\"aligncenter size-full wp-image-20163\" src=\"https:\/\/www.urlaubcornwall.de\/blog\/wp-content\/uploads\/2015\/09\/DSC01031_1.jpg\" alt=\"Cornwalls kostenfreie Attraktionen f\u00fcr Familien\" width=\"744\" height=\"436\" srcset=\"https:\/\/www.urlaubcornwall.de\/blog\/wp-content\/uploads\/2015\/09\/DSC01031_1.jpg 744w, https:\/\/www.urlaubcornwall.de\/blog\/wp-content\/uploads\/2015\/09\/DSC01031_1-300x176.jpg 300w\" sizes=\"(max-width: 744px) 100vw, 744px\" \/><\/a><\/p>\n<p><strong>2. Heartlands<\/strong> &#8211; Der freie Eintritt wird Eltern begeistern, doch f\u00fcr Kinder, die <span style=\"text-decoration: underline;\"><a href=\"https:\/\/www.urlaubcornwall.de\/blog\/heartlands-ist-die-groesste-attraktion-mit-freiem-eintritt-in-cornwall\/\">Heartlands<\/a><\/span> besuchen, wird es schwerfallen, sich zu entscheiden, welches nun der beliebteste Teil sein soll. Der Abenteuerspielplatz ist zweifelsohne einer der besten im S\u00fcdwesten \u2013 mit Tunneln, Rutschen, Kletterger\u00fcsten und sogar einem schiffbr\u00fcchigen Boot. In Heartlands bekommen junge Familien den ersten Eindruck des cornischen Erbes mittels einer interaktiven Ausstellung, die Bildung mit Spa\u00df verbindet und die Geschichte des Bergbaus erz\u00e4hlt. Auch gibt es einen botanischen Garten, in dem Sie durch Pflanzen aus Australien, S\u00fcdafrika und Nordamerika spazieren und dabei lernen k\u00f6nnen, was Cornwall mit diesen weitentfernten Ecken des Globus verbindet.<\/p>\n<p><a href=\"https:\/\/www.urlaubcornwall.de\/blog\/wp-content\/uploads\/2024\/03\/holywell-cornwall-strand-rotated.jpg\"><img loading=\"lazy\" class=\"aligncenter size-full wp-image-47899\" src=\"https:\/\/www.urlaubcornwall.de\/blog\/wp-content\/uploads\/2024\/03\/holywell-cornwall-strand-rotated.jpg\" alt=\"holywell cornwall strand\" width=\"750\" height=\"563\" srcset=\"https:\/\/www.urlaubcornwall.de\/blog\/wp-content\/uploads\/2024\/03\/holywell-cornwall-strand-rotated.jpg 750w, https:\/\/www.urlaubcornwall.de\/blog\/wp-content\/uploads\/2024\/03\/holywell-cornwall-strand-300x225.jpg 300w\" sizes=\"(max-width: 750px) 100vw, 750px\" \/><\/a><\/p>\n<p><strong>3. Wundersch\u00f6ne Str\u00e4nde<\/strong> &#8211; Mit den Augen von Kindern betrachtet, ist die Welt buchst\u00e4blich eine Auster \u2013 oder sollen wir besser Krabbe sagen \u2013 an einem der cornischen Str\u00e4nde. Ob Sie nun Kunstwerke aus Seetang und Treibholz herstellen, das eigene Sandreich bauen oder in Felsenpools eintauchen, um zu entdecken, was sich darin versteckt, ein Strandtag bietet 101 M\u00f6glichkeiten. Strandspiele, Wellenreiten, Steinwerfen, gegen die Flut anrennen, Muscheln sammeln &#8230;.. die Liste l\u00e4sst sich immer weiter fortsetzen. Machen Sie einen Abstecher an einen von Cornwalls blaubeflaggten Str\u00e4nde &#8211; Porthmeor, Porthminster, Gyllyngvase, Porthtowan oder Polzeath \u2013 diese bieten absolute Sicherheit! <strong><a class=\"row-title\" title=\"Edit \u201cFerienh\u00e4user in der N\u00e4he der besten Str\u00e4nde an Cornwalls K\u00fcste\u201d\" href=\"https:\/\/www.urlaubcornwall.de\/blog\/ferienhaeuser-naehe-der-besten-straende-an-cornwalls-kueste\/\">Ferienh\u00e4user in der N\u00e4he der besten Str\u00e4nde an Cornwalls K\u00fcste<\/a><\/strong><\/p>\n<p><a href=\"https:\/\/www.urlaubcornwall.de\/blog\/wp-content\/uploads\/2015\/09\/Roskillys.jpg\"><img loading=\"lazy\" class=\"aligncenter size-full wp-image-20165\" src=\"https:\/\/www.urlaubcornwall.de\/blog\/wp-content\/uploads\/2015\/09\/Roskillys.jpg\" alt=\"Roskillys\" width=\"745\" height=\"340\"\/><\/a><br \/>\nimage-credit-roskilleys<\/p>\n<p><strong>4. Roskillys Speiseeisfarm<\/strong> &#8211; F\u00fcr Familien, die Naschkatzen sind, gibt es keinen besseren Ort&#8230; Speiseeis ist eine von Cornwalls (vielen) Spezialit\u00e4ten! Folgen Sie Ihrer Nase hin zur Roskillys organischer Farm am Lizard. Es gibt freien Eintritt, und Sie k\u00f6nnen beobachten, wie Speiseeis, Joghurt und Fondant gemacht werden, bevor dann freilich probiert werden muss (Verzeihung, Mami und Papi, Ihr braucht die Geldbeutel hier!). Sie k\u00f6nnen auch einen Blick hinter die Kulissen werfen, indem Sie \u00fcber die Wiesen streunen und einem der buggyfreundlichen Pfade folgen, der Ihnen Wissen zur Farm vermittelt.<\/p>\n<p><strong>5. Falmouth Kunstgalerie<\/strong> &#8211; Die Kunstgalerie Falmouth gilt als eine der hervorragenden familienfreundlichen Galerien des Vereinigten K\u00f6nigreichs. Zwischen den Kunstwerken entdecken neugierige junge K\u00f6pfe die Spieltische mit Stiften und Papier, die geradezu auf das n\u00e4chste Meisterst\u00fcck warten. Es gibt auch eine Abteilung, die Kinderillustrationen gewidmet ist und eine beliebte Hands-on-Sammlung, die kleine Finger dazu ermutigt, Erkundungen zu machen.<\/p>\n<div class=\"snippet\"> <a class=\"featured-item\" href=\"https:\/\/www.urlaubcornwall.de\/ferienhaeuser\/cornwall.php\"> <span class=\"image-holder\" style=\"background-image: url('https:\/\/www.urlaubcornwall.de\/blog\/wp-content\/uploads\/2018\/12\/ferienhaus-cornwall-mit-hund.jpg');\"><\/span> <span class=\"featured-content\"> \n<h2 class=\"featured-title\">Ferienh\u00e4user in Cornwall zum Verlieben!<\/h2>\n<p class=\"featured-body\">Cornwall besitzt mehr K\u00fcstenlinien als jede andere Grafschaft und bietet einige der besten Str\u00e4nde, K\u00fcstenwanderwege und Klippenlandschaften, die man \u00fcberhaupt finden kann&#8230;.<\/p><\/span> <span class=\"featured-link-holder\"> <span class=\"featured-extra-info\"> \n<p>F\u00fcr Paare, Familien &#038; Gruppen<\/p>\n<\/span> \n<p class=\"featured-link\">DETAILS<\/p>\n<\/span> <\/a><\/div>\n<div class=\"snippet\"> <a class=\"featured-item\" href=\" https:\/\/www.urlaubcornwall.de\/rundreisen\/cornwall-suedengland.php\"> <span class=\"image-holder\" style=\"background-image: url(' https:\/\/www.urlaubcornwall.de\/blog\/wp-content\/uploads\/2018\/11\/rundreise-cornwall.jpg ');\"><\/span> <span class=\"featured-content\"> \n<h2 class=\"featured-title\">Individuelle Rundreise in Cornwall &#038; S\u00fcdengland<\/h2>\n<p class=\"featured-body\"> Bei dieser Cornwall Rundreise entdecken Sie die H\u00f6hepunkte S\u00fcdenglands. Kultur, Geschichte, Landschaft und heutiges Leben werden Sie hierbei kennenlernen&#8230;<\/p>\n<\/span> <span class=\"featured-link-holder\"> <span class=\"featured-extra-info\"> \n<p>Urlaub im eigenen Schritttempo<\/p>\n<\/span> \n<p class=\"featured-link\">DETAILS<\/p>\n<\/span> <\/a><\/div>\n","protected":false},"excerpt":{"rendered":"<p>Wir suchen M\u00f6glichkeiten, die kleinsten Familienmitglieder zu unterhalten, ohne auch nur einen Cent ausgeben zu m\u00fcssen! 1. Der Camel Radweg &#8211; Fahrr\u00e4der k\u00f6nnen f\u00fcr eine geringe Summe \u00fcberall in Cornwall geliehen werden, doch Radfahren muss eine der besten kostenfreien Aktivit\u00e4ten f\u00fcr energiegeladene Familien sein. Der cornische Weg, ein Mehrzweckpfad verl\u00e4uft 180 Meilen lang kreuz und [&hellip;]<\/p>\n","protected":false},"author":1,"featured_media":0,"parent":0,"menu_order":0,"comment_status":"closed","ping_status":"closed","template":"single-four.php","meta":[],"acf":[],"yoast_head":"<!-- This site is optimized with the Yoast SEO plugin v19.4 - https:\/\/yoast.com\/wordpress\/plugins\/seo\/ -->\n<title>Cornwalls kostenfreie Familienattraktionen &amp; Aktivit\u00e4ten -5 der Besten mit Kindern - Urlaub &amp; Reisen<\/title>\n<meta name=\"robots\" content=\"index, follow, max-snippet:-1, max-image-preview:large, max-video-preview:-1\" \/>\n<link rel=\"canonical\" href=\"https:\/\/www.urlaubcornwall.de\/blog\/cornwalls-kostenfreie-attraktionen-fuer-familien-5-der-besten\/\" \/>\n<meta property=\"og:locale\" content=\"en_US\" \/>\n<meta property=\"og:type\" content=\"article\" \/>\n<meta property=\"og:title\" content=\"Cornwalls kostenfreie Familienattraktionen &amp; Aktivit\u00e4ten -5 der Besten mit Kindern - Urlaub &amp; Reisen\" \/>\n<meta property=\"og:description\" content=\"Wir suchen M\u00f6glichkeiten, die kleinsten Familienmitglieder zu unterhalten, ohne auch nur einen Cent ausgeben zu m\u00fcssen! 1. Der Camel Radweg &#8211; Fahrr\u00e4der k\u00f6nnen f\u00fcr eine geringe Summe \u00fcberall in Cornwall geliehen werden, doch Radfahren muss eine der besten kostenfreien Aktivit\u00e4ten f\u00fcr energiegeladene Familien sein. Der cornische Weg, ein Mehrzweckpfad verl\u00e4uft 180 Meilen lang kreuz und [&hellip;]\" \/>\n<meta property=\"og:url\" content=\"https:\/\/www.urlaubcornwall.de\/blog\/cornwalls-kostenfreie-attraktionen-fuer-familien-5-der-besten\/\" \/>\n<meta property=\"og:site_name\" content=\"Urlaub &amp; Reisen\" \/>\n<meta property=\"article:modified_time\" content=\"2024-05-29T09:50:42+00:00\" \/>\n<meta property=\"og:image\" content=\"https:\/\/www.urlaubcornwall.de\/blog\/wp-content\/uploads\/2016\/04\/1483700_1.jpg\" \/>\n<meta name=\"twitter:card\" content=\"summary\" \/>\n<meta name=\"twitter:label1\" content=\"Est. reading time\" \/>\n\t<meta name=\"twitter:data1\" content=\"4 minutes\" \/>\n<script type=\"application\/ld+json\" class=\"yoast-schema-graph\">{\"@context\":\"https:\/\/schema.org\",\"@graph\":[{\"@type\":\"WebSite\",\"@id\":\"https:\/\/www.urlaubcornwall.de\/blog\/#website\",\"url\":\"https:\/\/www.urlaubcornwall.de\/blog\/\",\"name\":\"Urlaub &amp; Reisen\",\"description\":\"Urlaub, Reisen, Cornwall und S\u00fcdengland: eine perfekte Kombination\",\"potentialAction\":[{\"@type\":\"SearchAction\",\"target\":{\"@type\":\"EntryPoint\",\"urlTemplate\":\"https:\/\/www.urlaubcornwall.de\/blog\/?s={search_term_string}\"},\"query-input\":\"required name=search_term_string\"}],\"inLanguage\":\"en-US\"},{\"@type\":\"WebPage\",\"@id\":\"https:\/\/www.urlaubcornwall.de\/blog\/cornwalls-kostenfreie-attraktionen-fuer-familien-5-der-besten\/\",\"url\":\"https:\/\/www.urlaubcornwall.de\/blog\/cornwalls-kostenfreie-attraktionen-fuer-familien-5-der-besten\/\",\"name\":\"Cornwalls kostenfreie Familienattraktionen & Aktivit\u00e4ten -5 der Besten mit Kindern - Urlaub &amp; Reisen\",\"isPartOf\":{\"@id\":\"https:\/\/www.urlaubcornwall.de\/blog\/#website\"},\"datePublished\":\"2015-09-12T09:57:06+00:00\",\"dateModified\":\"2024-05-29T09:50:42+00:00\",\"breadcrumb\":{\"@id\":\"https:\/\/www.urlaubcornwall.de\/blog\/cornwalls-kostenfreie-attraktionen-fuer-familien-5-der-besten\/#breadcrumb\"},\"inLanguage\":\"en-US\",\"potentialAction\":[{\"@type\":\"ReadAction\",\"target\":[\"https:\/\/www.urlaubcornwall.de\/blog\/cornwalls-kostenfreie-attraktionen-fuer-familien-5-der-besten\/\"]}]},{\"@type\":\"BreadcrumbList\",\"@id\":\"https:\/\/www.urlaubcornwall.de\/blog\/cornwalls-kostenfreie-attraktionen-fuer-familien-5-der-besten\/#breadcrumb\",\"itemListElement\":[{\"@type\":\"ListItem\",\"position\":1,\"name\":\"Home\",\"item\":\"https:\/\/www.urlaubcornwall.de\/blog\/\"},{\"@type\":\"ListItem\",\"position\":2,\"name\":\"Cornwalls kostenfreie Familienattraktionen &#038; Aktivit\u00e4ten -5 der Besten mit Kindern\"}]}]}<\/script>\n<!-- \/ Yoast SEO plugin. -->","yoast_head_json":{"title":"Cornwalls kostenfreie Familienattraktionen & Aktivit\u00e4ten -5 der Besten mit Kindern - Urlaub &amp; Reisen","robots":{"index":"index","follow":"follow","max-snippet":"max-snippet:-1","max-image-preview":"max-image-preview:large","max-video-preview":"max-video-preview:-1"},"canonical":"https:\/\/www.urlaubcornwall.de\/blog\/cornwalls-kostenfreie-attraktionen-fuer-familien-5-der-besten\/","og_locale":"en_US","og_type":"article","og_title":"Cornwalls kostenfreie Familienattraktionen & Aktivit\u00e4ten -5 der Besten mit Kindern - Urlaub &amp; Reisen","og_description":"Wir suchen M\u00f6glichkeiten, die kleinsten Familienmitglieder zu unterhalten, ohne auch nur einen Cent ausgeben zu m\u00fcssen! 1. Der Camel Radweg &#8211; Fahrr\u00e4der k\u00f6nnen f\u00fcr eine geringe Summe \u00fcberall in Cornwall geliehen werden, doch Radfahren muss eine der besten kostenfreien Aktivit\u00e4ten f\u00fcr energiegeladene Familien sein. Der cornische Weg, ein Mehrzweckpfad verl\u00e4uft 180 Meilen lang kreuz und [&hellip;]","og_url":"https:\/\/www.urlaubcornwall.de\/blog\/cornwalls-kostenfreie-attraktionen-fuer-familien-5-der-besten\/","og_site_name":"Urlaub &amp; Reisen","article_modified_time":"2024-05-29T09:50:42+00:00","og_image":[{"url":"https:\/\/www.urlaubcornwall.de\/blog\/wp-content\/uploads\/2016\/04\/1483700_1.jpg"}],"twitter_card":"summary","twitter_misc":{"Est. reading time":"4 minutes"},"schema":{"@context":"https:\/\/schema.org","@graph":[{"@type":"WebSite","@id":"https:\/\/www.urlaubcornwall.de\/blog\/#website","url":"https:\/\/www.urlaubcornwall.de\/blog\/","name":"Urlaub &amp; Reisen","description":"Urlaub, Reisen, Cornwall und S\u00fcdengland: eine perfekte Kombination","potentialAction":[{"@type":"SearchAction","target":{"@type":"EntryPoint","urlTemplate":"https:\/\/www.urlaubcornwall.de\/blog\/?s={search_term_string}"},"query-input":"required name=search_term_string"}],"inLanguage":"en-US"},{"@type":"WebPage","@id":"https:\/\/www.urlaubcornwall.de\/blog\/cornwalls-kostenfreie-attraktionen-fuer-familien-5-der-besten\/","url":"https:\/\/www.urlaubcornwall.de\/blog\/cornwalls-kostenfreie-attraktionen-fuer-familien-5-der-besten\/","name":"Cornwalls kostenfreie Familienattraktionen & Aktivit\u00e4ten -5 der Besten mit Kindern - Urlaub &amp; Reisen","isPartOf":{"@id":"https:\/\/www.urlaubcornwall.de\/blog\/#website"},"datePublished":"2015-09-12T09:57:06+00:00","dateModified":"2024-05-29T09:50:42+00:00","breadcrumb":{"@id":"https:\/\/www.urlaubcornwall.de\/blog\/cornwalls-kostenfreie-attraktionen-fuer-familien-5-der-besten\/#breadcrumb"},"inLanguage":"en-US","potentialAction":[{"@type":"ReadAction","target":["https:\/\/www.urlaubcornwall.de\/blog\/cornwalls-kostenfreie-attraktionen-fuer-familien-5-der-besten\/"]}]},{"@type":"BreadcrumbList","@id":"https:\/\/www.urlaubcornwall.de\/blog\/cornwalls-kostenfreie-attraktionen-fuer-familien-5-der-besten\/#breadcrumb","itemListElement":[{"@type":"ListItem","position":1,"name":"Home","item":"https:\/\/www.urlaubcornwall.de\/blog\/"},{"@type":"ListItem","position":2,"name":"Cornwalls kostenfreie Familienattraktionen &#038; Aktivit\u00e4ten -5 der Besten mit Kindern"}]}]}},"_links":{"self":[{"href":"https:\/\/www.urlaubcornwall.de\/blog\/wp-json\/wp\/v2\/pages\/20162"}],"collection":[{"href":"https:\/\/www.urlaubcornwall.de\/blog\/wp-json\/wp\/v2\/pages"}],"about":[{"href":"https:\/\/www.urlaubcornwall.de\/blog\/wp-json\/wp\/v2\/types\/page"}],"author":[{"embeddable":true,"href":"https:\/\/www.urlaubcornwall.de\/blog\/wp-json\/wp\/v2\/users\/1"}],"replies":[{"embeddable":true,"href":"https:\/\/www.urlaubcornwall.de\/blog\/wp-json\/wp\/v2\/comments?post=20162"}],"version-history":[{"count":15,"href":"https:\/\/www.urlaubcornwall.de\/blog\/wp-json\/wp\/v2\/pages\/20162\/revisions"}],"predecessor-version":[{"id":50567,"href":"https:\/\/www.urlaubcornwall.de\/blog\/wp-json\/wp\/v2\/pages\/20162\/revisions\/50567"}],"wp:attachment":[{"href":"https:\/\/www.urlaubcornwall.de\/blog\/wp-json\/wp\/v2\/media?parent=20162"}],"curies":[{"name":"wp","href":"https:\/\/api.w.org\/{rel}","templated":true}]}}