{"id":20128,"date":"2016-05-19T15:56:14","date_gmt":"2016-05-19T15:56:14","guid":{"rendered":"https:\/\/www.urlaubcornwall.de\/blog\/?page_id=20128"},"modified":"2024-05-29T12:29:24","modified_gmt":"2024-05-29T12:29:24","slug":"gefuehrte-busreise-irland-wild-atlantic-way-sued-8-tage","status":"publish","type":"page","link":"https:\/\/www.urlaubcornwall.de\/blog\/gefuehrte-busreise-irland-wild-atlantic-way-sued-8-tage\/","title":{"rendered":"Gef\u00fchrte Busreise Irland &#038; Schottland 14 Tage"},"content":{"rendered":"<p><img loading=\"lazy\" class=\"aligncenter size-full wp-image-35467\" src=\"https:\/\/www.urlaubcornwall.de\/blog\/wp-content\/uploads\/2019\/01\/urlaub-irland-busreise.jpg\" alt=\"urlaub irland busreise\" width=\"749\" height=\"470\" srcset=\"https:\/\/www.urlaubcornwall.de\/blog\/wp-content\/uploads\/2019\/01\/urlaub-irland-busreise.jpg 751w, https:\/\/www.urlaubcornwall.de\/blog\/wp-content\/uploads\/2019\/01\/urlaub-irland-busreise-300x188.jpg 300w\" sizes=\"(max-width: 749px) 100vw, 749px\" \/><\/p>\n<h2 style=\"text-align: left;\"><strong>Highlights: Dublin, Wicklow Mountains, Hook Lighthouse, Waterford, Cooper Coast, Kinsale, Cork, Sheep Head, Mizen Head, Kenmare, Kerry, Dingle<br \/>\n<\/strong><\/h2>\n<p>Entdecken Sie bei dieser gef\u00fchrten Rundreise Irland den S\u00fcden des &#8220;Wild Atlantic Way&#8221;. Diese atemberaubende K\u00fcstenstra\u00dfe reicht von Cork bis nach Donegal und \u00fcberzeugt mit seinen malerischen Klippen, romantischen Str\u00e4nden und der Weite des Atlantiks. Zudem durchqueren Sie die verschiedenen Landschaftsbilder der Wicklow Mountains und besuchen eine Whiskey Destillery, um das Nationalgetr\u00e4nk der Iren besser kennen zu lernen. Tipp: Kombinierbar mit der gef\u00fchrten Rundreise in den Nordirlands!<\/p>\n<p>8 Tage \/ 7 N\u00e4chte | deutschsprachige gef\u00fchrte Rundreise | mind. 15 und max. 30 Teilnehmer<\/p>\n<p style=\"text-align: center;\"><a class=\"tidycta\" href=\"https:\/\/www.urlaubcornwall.de\/reisebuchung.php\">Anfrage<\/a><\/p>\n<p><strong>Tourbeschreibung<\/strong><\/p>\n<p><strong>1. Tag: Dublin<\/strong> &#8211;<\/p>\n<p>Nach Ankunft am Flughafen Dublin treffen Sie die deutschsprachige Reiseleitung, die Sie zum ersten Hotel nach Dublin bringt (Sammeltransfer oder gegen Aufpreis Privattransfer). Der restliche Tag steht Ihnen zur freien Verf\u00fcgung. \u00dcbernachtung in Dublin<\/p>\n<p><strong>2. Tag: Dublin &#8211; Wicklow Mountains &#8211; Waterford<\/strong><\/p>\n<p>Auf Ihrer gef\u00fchrten Rundreise Irland lernen Sie die Facetten und Sehensw\u00fcrdigkeiten Dublins w\u00e4hrend einer Stadtrundfahrt kennen. Anschlie\u00dfend f\u00fchrt die Rundreise durch die farbenpr\u00e4chtigen Wicklow Mountains. Lassen Sie sich von einer gro\u00dfen Vielfalt verschiedener Landschaftsbilder sowie von einer farbenfrohen Flora verzaubern. Als n\u00e4chstes steht das Hook Lighthouse auf dem Programm. Steigen Sie die ca. 120 Stufen zum Balkon hinauf und genie\u00dfen Sie einen atemberaubenden Ausblick \u00fcber die Hook Halbinsel. Weiterfahrt nach Waterford. \u00dcbernachtung im Treacys Hotel Waterford (voraussichtlich)<\/p>\n<p><strong>3. Tag: Fahrt in die Highlands<\/strong><\/p>\n<p>Heute machen Sie sich auf den Weg in die Highlands. Dabei findet ein Zwischenhalt beim Scone Palace statt. Dort liegt eine Kopie des Kr\u00f6nungssteins der schottischen K\u00f6nige. Der Palast ist ein m\u00e4rchenhaftes Schloss des britischen Hochadels vom 19. Jahrhundert. Wer m\u00f6chte, spaziert noch durch den Park, bevor es weitergeht zur n\u00e4chsten Etappe. Hier entdecken Sie eine kleine schottische Destillerie, die Edradour Destillery, wo noch nach traditioneller Weise Whisky hergestellt wird. Hiervon d\u00fcrfen Sie sich selbst bei einer Besichtigung und Verkostung \u00fcberzeugen. Schlie\u00dflich kommen Sie abends in der Region Inverness an. 2 \u00dcbernachtungen im Ben Wyvis Hotel, Strathpeffer.<\/p>\n<p><strong>4. Tag: Strathpeffer<\/strong><\/p>\n<p>Wandern Sie heute auf den Hausberg des Kurorts Strathpeffer. Auf seinem Gipfel k\u00f6nnen Sie ein Panorama genie\u00dfen, das durch die Nordseek\u00fcste, die Highlands und einen See sehr abwechslungsreich ist. Zur Abrundung sind Sie noch eingeladen in ein originelles Pub einzukehren oder- wer noch Energie hat- den sch\u00f6nen Ort mit seinen Bauten anzusehen.<\/p>\n<p><strong>5. Tag: Kiltschneiderei und Loch Ness<\/strong><\/p>\n<p>Morgens besuchen Sie eine Kiltschneiderei. Hier erfahren Sie in einer kleinen Ausstellung alles \u00fcber die schottische Tradition der Nationaltracht. Anschlie\u00dfend wird zu einem Spaziergang ins nahegelegene Zentrum von Inverness eingeladen. Danach wandern Sie am sch\u00f6nen Ufer von Loch Ness entlang, wo Sie vielleicht Nessie entdecken, weiter durch W\u00e4lder bis zu den Wasserf\u00e4llen von Foyers. Nachmittags fahren Sie bis in die Gegend bei Glen Coe. 3 \u00dcbernachtungen im Alltshellach Country House, Ballachulish<\/p>\n<p><strong>6. Tag: Glen Coe<\/strong><\/p>\n<p>Das Tal Glen Coe kennt man durch das tragische Massaker am Clan der McDonalds. Sie wandern auf dem West Highland Way, der hier seinem Namen alle Ehre macht, \u00fcber die Berge zum Loch Leven. Dieser Meeresarm, liegt spektakul\u00e4r zwischen hohen, grauen und gr\u00fcnen Bergen.<\/p>\n<p><strong>7. Tag: Tag zur freien Gestaltung<\/strong><\/p>\n<p>Sie k\u00f6nnen entweder nach Oban, einer Stadt an der Westk\u00fcste, fahren, wo sich ein gro\u00dfer Fischereihafen befindet oder einen Ausflug mit dem Boot auf eine nahgelegene Insel machen. Nat\u00fcrlich k\u00f6nnen Sie auch Wanderungen unternehmen, zum Beispiel auf den Ben Nevis, den h\u00f6chsten Berg Gro\u00dfbritanniens oder von Kinlochleven bis nach Fort William auf dem West Highland Way wandern. Au\u00dferdem haben Sie die M\u00f6glichkeit, traditionell schottisch tanzen zu lernen auf dem Ceilidh-Abend.<\/p>\n<p><strong>8. Tag: Auf dem Weg nach Irland<\/strong><\/p>\n<p>Auf der Fahrt zum F\u00e4hrhafen sehen Sie nochmals die sch\u00f6nsten Passagen der Highlands. Ein kurzer Halt am Loch Lomond erm\u00f6glicht Ihnen einen Spaziergang durch ein altes Dorf am Ufer. Schlie\u00dflich kommen Sie nachmittags in Irland an und k\u00f6nnen in Antrim Ihr Quartier beziehen. 1 \u00dcbernachtung im Dunadry Hotel, Antrim<\/p>\n<p><strong>9. Tag: Glenariff Forest Park und Giants Causeway<\/strong><\/p>\n<p>Sie besichtigen heute zun\u00e4chst den Glenariff Forest Park mit seinen wundersch\u00f6nen Wasserf\u00e4llen, bevor es an der K\u00fcste Antrims entlang zum UNESCO-Weltnaturerbe geh\u00f6renden Giants Causeway geht. Zehntausende gro\u00dfe Basalts\u00e4ulen bilden einen f\u00fcnf Kilometer langen Dammweg. Diesen soll einer Sage nach, der Riese Finn Mac Cumhaill geschaffen haben, um ohne nasse F\u00fc\u00dfe zu seiner Geliebten nach Schottland zu gelangen. 2 \u00dcbernachtungen im Derry City Hotel, Derry<\/p>\n<p><strong>10. Tag: Derry City<\/strong><\/p>\n<p>Nach Belfast ist Derry City Nordirlands zweitgr\u00f6\u00dfte Stadt. Diese geht zur\u00fcck auf eine Klostergr\u00fcndung im 6. Jahrhundert. Auf einem Spaziergang lernen Sie heute die Altstadt mit der begehbaren Stadtmauer kennen. Nachmittags bleibt Ihnen dann ausreichend Zeit, um die Stadt auch in Eigenregie zu erkunden.<\/p>\n<p><strong>11. Tag: Horn Head und &#8220;das Tal des Lebens&#8221;<\/strong><\/p>\n<p>Mit dem Bus fahren Sie zum Horn Head. Diese Landzunge ragt in den Atlantik und l\u00e4sst Sie auf die weite See ausblicken. Str\u00e4nde und Klippen bieten ein abwechslungsreiches Spiel der Natur und laden zum verweilen ein. Es lassen sich zahlreiche Seev\u00f6gel, die hier nisten beobachten. Anschlie\u00dfend geht es weiter nach Glenveagh, &#8220;das Tal des Lebens&#8221;, das eingebettet in eine Landschaft aus Bergen und Seen liegt. Sie wandern zu einem idyllisch gelegenen Schloss am See mit einer viktorianischen Gartenanlage (Besichtigung fakultativ). 1 \u00dcbernachtung im Nesbitt Arms Hotel<\/p>\n<p><strong>12. Tag: Slieve Leagues Klippen<\/strong><\/p>\n<p>Vormittags bekommen Sie im Folk Village Museum in Glencolmcille einen Einblick in die Geschichte der Insel, bevor Sie dann am Nachmittag die gro\u00dfen Klippen der Slieve Leagues bewandern. 1 \u00dcbernachtung im Sligo Park Hotel, Sligo<\/p>\n<p><strong>13. Tag: Trim Castle und Newgrange Visitor Centre<\/strong><\/p>\n<p>Heute geht es schon zur\u00fcck an die Ostk\u00fcste. Nach einem kurzen Halt am Grab des Dichters W.B. Yeats in Drumcliff besuchen Sie das Trim Castle und das Newgrange Visitor Centre. Danach beziehen Sie Ihre Unterkunft in einem Vorort von Dublin. 2 \u00dcbernachtungen im Stillorgan Park Hotel, Dublin<\/p>\n<p><strong>14. Tag: Dublin<\/strong><\/p>\n<p>Mit der Dubliner S-Bahn DART fahren Sie in die Stadt und besichtigen bei einem Stadtrundgang wichtige Sehensw\u00fcrdigkeiten im Zentrum von Dublin, zum Beispiel das Trinity College oder das Guinness Storehouse. Am Nachmittag k\u00f6nnen Sie auf eigene Faust Erkundungen unternehmen und shoppen.<\/p>\n<p><strong>15. Tag: Abreise<\/strong><\/p>\n<p>Nach dem Fr\u00fchst\u00fcck Abreise oder Verl\u00e4ngerung in Eigenregie. Ende dieser Irland &amp; Schottland Kombinationsreise.<\/p>\n<p>Die Mindestteilnehmerzahl sind 10 Personen, maximal 18 Teilnehmer (Absage bis sp\u00e4testens 21 Tage vor Reisebeginn m\u00f6glich).<\/p>\n<p>Zusatz\u00fcbernachtungen, Anschlussprogramme, Transfers oder Fl\u00fcge sind f\u00fcr diese Wanderundreise Irland zubuchbar.<\/p>\n<p>Alle Wanderungen haben den Schwierigkeitsgrad 2-3.<\/p>\n<p>Es besteht zudem stets die M\u00f6glichkeit an einzelnen Tagen zu pausieren. \u00c4nderungen der Unterk\u00fcnfte und\/oder des Reiseverlaufs bleiben vorbehalten.<\/p>\n<p><strong>Eingeschlossene Leistungen<\/strong><\/p>\n<p>14 N\u00e4chte in den genannten oder gleichwertigen Hotels<\/p>\n<p>\u00dcbernachtungen jeweils in Zweibettzimmer mit Dusche\/WC<\/p>\n<p>14 x Halbpension<\/p>\n<p>Irland &amp; Schottland Kombinationsreise laut Reiseverlauf<\/p>\n<p>Deutschsprechende Reiseleitung<\/p>\n<p>Kultur- und Wanderausfl\u00fcge wie beschrieben<\/p>\n<p>Eintrittsgelder: Guiness Store House, Glencolmcille Folk Village Museum, Whiskydestillery, Kiltschneiderei, Scone Palace, Trim Castle, Newgrange Visitor Centre<\/p>\n<p>F\u00e4hrkosten Larne nach Troon<\/p>\n<p>alle Gep\u00e4ck- und Personentransporte<\/p>\n<p><strong>Nicht eingeschlossene Leistungen:<\/strong><\/p>\n<p>Fl\u00fcge nach Edinburgh und von Dublin (zubuchbar \u00fcber uns)<\/p>\n<p>Pers\u00f6nliche Ausgaben<\/p>\n<p>Flughafentransfers (zubuchbar)<\/p>\n<p>Trinkgelder<\/p>\n<p style=\"text-align: center;\"><a class=\"tidycta\" href=\"https:\/\/www.urlaubcornwall.de\/reisebuchung.php\">Anfrage<\/a><\/p>\n<p style=\"text-align: center;\">UrlaubCornwall haben Touren im Angebot f\u00fcr Individualreisende. Hier finden Sie unsere Auswahl an fantastischen <a href=\"http:\/\/www.urlaubcornwall.de\/gruppenreisen.php\"><span style=\"text-decoration: underline;\">Busreisen in&nbsp;<\/span><span style=\"text-decoration: underline;\">Gro\u00dfbritannien<\/span><span style=\"text-decoration: underline;\"> Irland<\/span><\/a>.<\/p>\n<p style=\"text-align: center;\">Unsere Websitedetails zeigen lediglich eine kleine Auswahl dessen, was wir anbieten k\u00f6nnen. Wir stellen Ihnen gerne ein <a href=\"http:\/\/www.urlaubcornwall.de\/anfrage.php\"><span style=\"text-decoration: underline;\">unverbindliches Angebot<\/span><\/a> mit allen Fl\u00fcgen und Transfers f\u00fcr Ihre Grossbritannien Reise zusammen.<\/p>\n","protected":false},"excerpt":{"rendered":"<p>Highlights: Dublin, Wicklow Mountains, Hook Lighthouse, Waterford, Cooper Coast, Kinsale, Cork, Sheep Head, Mizen Head, Kenmare, Kerry, Dingle Entdecken Sie bei dieser gef\u00fchrten Rundreise Irland den S\u00fcden des &#8220;Wild Atlantic Way&#8221;. Diese atemberaubende K\u00fcstenstra\u00dfe reicht von Cork bis nach Donegal und \u00fcberzeugt mit seinen malerischen Klippen, romantischen Str\u00e4nden und der Weite des Atlantiks. Zudem durchqueren [&hellip;]<\/p>\n","protected":false},"author":1,"featured_media":0,"parent":0,"menu_order":0,"comment_status":"closed","ping_status":"closed","template":"single-four.php","meta":[],"acf":[],"yoast_head":"<!-- This site is optimized with the Yoast SEO plugin v19.4 - https:\/\/yoast.com\/wordpress\/plugins\/seo\/ -->\n<title>Gef\u00fchrte Busreise Irland &amp; Schottland 14 Tage - Urlaub &amp; Reisen<\/title>\n<meta name=\"robots\" content=\"index, follow, max-snippet:-1, max-image-preview:large, max-video-preview:-1\" \/>\n<link rel=\"canonical\" href=\"https:\/\/www.urlaubcornwall.de\/blog\/gefuehrte-busreise-irland-wild-atlantic-way-sued-8-tage\/\" \/>\n<meta property=\"og:locale\" content=\"en_US\" \/>\n<meta property=\"og:type\" content=\"article\" \/>\n<meta property=\"og:title\" content=\"Gef\u00fchrte Busreise Irland &amp; Schottland 14 Tage - Urlaub &amp; Reisen\" \/>\n<meta property=\"og:description\" content=\"Highlights: Dublin, Wicklow Mountains, Hook Lighthouse, Waterford, Cooper Coast, Kinsale, Cork, Sheep Head, Mizen Head, Kenmare, Kerry, Dingle Entdecken Sie bei dieser gef\u00fchrten Rundreise Irland den S\u00fcden des &#8220;Wild Atlantic Way&#8221;. Diese atemberaubende K\u00fcstenstra\u00dfe reicht von Cork bis nach Donegal und \u00fcberzeugt mit seinen malerischen Klippen, romantischen Str\u00e4nden und der Weite des Atlantiks. Zudem durchqueren [&hellip;]\" \/>\n<meta property=\"og:url\" content=\"https:\/\/www.urlaubcornwall.de\/blog\/gefuehrte-busreise-irland-wild-atlantic-way-sued-8-tage\/\" \/>\n<meta property=\"og:site_name\" content=\"Urlaub &amp; Reisen\" \/>\n<meta property=\"article:modified_time\" content=\"2024-05-29T12:29:24+00:00\" \/>\n<meta property=\"og:image\" content=\"https:\/\/www.urlaubcornwall.de\/blog\/wp-content\/uploads\/2019\/01\/urlaub-irland-busreise.jpg\" \/>\n<meta name=\"twitter:card\" content=\"summary\" \/>\n<meta name=\"twitter:label1\" content=\"Est. reading time\" \/>\n\t<meta name=\"twitter:data1\" content=\"6 minutes\" \/>\n<script type=\"application\/ld+json\" class=\"yoast-schema-graph\">{\"@context\":\"https:\/\/schema.org\",\"@graph\":[{\"@type\":\"WebSite\",\"@id\":\"https:\/\/www.urlaubcornwall.de\/blog\/#website\",\"url\":\"https:\/\/www.urlaubcornwall.de\/blog\/\",\"name\":\"Urlaub &amp; Reisen\",\"description\":\"Urlaub, Reisen, Cornwall und S\u00fcdengland: eine perfekte Kombination\",\"potentialAction\":[{\"@type\":\"SearchAction\",\"target\":{\"@type\":\"EntryPoint\",\"urlTemplate\":\"https:\/\/www.urlaubcornwall.de\/blog\/?s={search_term_string}\"},\"query-input\":\"required name=search_term_string\"}],\"inLanguage\":\"en-US\"},{\"@type\":\"WebPage\",\"@id\":\"https:\/\/www.urlaubcornwall.de\/blog\/gefuehrte-busreise-irland-wild-atlantic-way-sued-8-tage\/\",\"url\":\"https:\/\/www.urlaubcornwall.de\/blog\/gefuehrte-busreise-irland-wild-atlantic-way-sued-8-tage\/\",\"name\":\"Gef\u00fchrte Busreise Irland & Schottland 14 Tage - Urlaub &amp; Reisen\",\"isPartOf\":{\"@id\":\"https:\/\/www.urlaubcornwall.de\/blog\/#website\"},\"datePublished\":\"2016-05-19T15:56:14+00:00\",\"dateModified\":\"2024-05-29T12:29:24+00:00\",\"breadcrumb\":{\"@id\":\"https:\/\/www.urlaubcornwall.de\/blog\/gefuehrte-busreise-irland-wild-atlantic-way-sued-8-tage\/#breadcrumb\"},\"inLanguage\":\"en-US\",\"potentialAction\":[{\"@type\":\"ReadAction\",\"target\":[\"https:\/\/www.urlaubcornwall.de\/blog\/gefuehrte-busreise-irland-wild-atlantic-way-sued-8-tage\/\"]}]},{\"@type\":\"BreadcrumbList\",\"@id\":\"https:\/\/www.urlaubcornwall.de\/blog\/gefuehrte-busreise-irland-wild-atlantic-way-sued-8-tage\/#breadcrumb\",\"itemListElement\":[{\"@type\":\"ListItem\",\"position\":1,\"name\":\"Home\",\"item\":\"https:\/\/www.urlaubcornwall.de\/blog\/\"},{\"@type\":\"ListItem\",\"position\":2,\"name\":\"Gef\u00fchrte Busreise Irland &#038; Schottland 14 Tage\"}]}]}<\/script>\n<!-- \/ Yoast SEO plugin. -->","yoast_head_json":{"title":"Gef\u00fchrte Busreise Irland & Schottland 14 Tage - Urlaub &amp; Reisen","robots":{"index":"index","follow":"follow","max-snippet":"max-snippet:-1","max-image-preview":"max-image-preview:large","max-video-preview":"max-video-preview:-1"},"canonical":"https:\/\/www.urlaubcornwall.de\/blog\/gefuehrte-busreise-irland-wild-atlantic-way-sued-8-tage\/","og_locale":"en_US","og_type":"article","og_title":"Gef\u00fchrte Busreise Irland & Schottland 14 Tage - Urlaub &amp; Reisen","og_description":"Highlights: Dublin, Wicklow Mountains, Hook Lighthouse, Waterford, Cooper Coast, Kinsale, Cork, Sheep Head, Mizen Head, Kenmare, Kerry, Dingle Entdecken Sie bei dieser gef\u00fchrten Rundreise Irland den S\u00fcden des &#8220;Wild Atlantic Way&#8221;. Diese atemberaubende K\u00fcstenstra\u00dfe reicht von Cork bis nach Donegal und \u00fcberzeugt mit seinen malerischen Klippen, romantischen Str\u00e4nden und der Weite des Atlantiks. Zudem durchqueren [&hellip;]","og_url":"https:\/\/www.urlaubcornwall.de\/blog\/gefuehrte-busreise-irland-wild-atlantic-way-sued-8-tage\/","og_site_name":"Urlaub &amp; Reisen","article_modified_time":"2024-05-29T12:29:24+00:00","og_image":[{"url":"https:\/\/www.urlaubcornwall.de\/blog\/wp-content\/uploads\/2019\/01\/urlaub-irland-busreise.jpg"}],"twitter_card":"summary","twitter_misc":{"Est. reading time":"6 minutes"},"schema":{"@context":"https:\/\/schema.org","@graph":[{"@type":"WebSite","@id":"https:\/\/www.urlaubcornwall.de\/blog\/#website","url":"https:\/\/www.urlaubcornwall.de\/blog\/","name":"Urlaub &amp; Reisen","description":"Urlaub, Reisen, Cornwall und S\u00fcdengland: eine perfekte Kombination","potentialAction":[{"@type":"SearchAction","target":{"@type":"EntryPoint","urlTemplate":"https:\/\/www.urlaubcornwall.de\/blog\/?s={search_term_string}"},"query-input":"required name=search_term_string"}],"inLanguage":"en-US"},{"@type":"WebPage","@id":"https:\/\/www.urlaubcornwall.de\/blog\/gefuehrte-busreise-irland-wild-atlantic-way-sued-8-tage\/","url":"https:\/\/www.urlaubcornwall.de\/blog\/gefuehrte-busreise-irland-wild-atlantic-way-sued-8-tage\/","name":"Gef\u00fchrte Busreise Irland & Schottland 14 Tage - Urlaub &amp; Reisen","isPartOf":{"@id":"https:\/\/www.urlaubcornwall.de\/blog\/#website"},"datePublished":"2016-05-19T15:56:14+00:00","dateModified":"2024-05-29T12:29:24+00:00","breadcrumb":{"@id":"https:\/\/www.urlaubcornwall.de\/blog\/gefuehrte-busreise-irland-wild-atlantic-way-sued-8-tage\/#breadcrumb"},"inLanguage":"en-US","potentialAction":[{"@type":"ReadAction","target":["https:\/\/www.urlaubcornwall.de\/blog\/gefuehrte-busreise-irland-wild-atlantic-way-sued-8-tage\/"]}]},{"@type":"BreadcrumbList","@id":"https:\/\/www.urlaubcornwall.de\/blog\/gefuehrte-busreise-irland-wild-atlantic-way-sued-8-tage\/#breadcrumb","itemListElement":[{"@type":"ListItem","position":1,"name":"Home","item":"https:\/\/www.urlaubcornwall.de\/blog\/"},{"@type":"ListItem","position":2,"name":"Gef\u00fchrte Busreise Irland &#038; Schottland 14 Tage"}]}]}},"_links":{"self":[{"href":"https:\/\/www.urlaubcornwall.de\/blog\/wp-json\/wp\/v2\/pages\/20128"}],"collection":[{"href":"https:\/\/www.urlaubcornwall.de\/blog\/wp-json\/wp\/v2\/pages"}],"about":[{"href":"https:\/\/www.urlaubcornwall.de\/blog\/wp-json\/wp\/v2\/types\/page"}],"author":[{"embeddable":true,"href":"https:\/\/www.urlaubcornwall.de\/blog\/wp-json\/wp\/v2\/users\/1"}],"replies":[{"embeddable":true,"href":"https:\/\/www.urlaubcornwall.de\/blog\/wp-json\/wp\/v2\/comments?post=20128"}],"version-history":[{"count":7,"href":"https:\/\/www.urlaubcornwall.de\/blog\/wp-json\/wp\/v2\/pages\/20128\/revisions"}],"predecessor-version":[{"id":41730,"href":"https:\/\/www.urlaubcornwall.de\/blog\/wp-json\/wp\/v2\/pages\/20128\/revisions\/41730"}],"wp:attachment":[{"href":"https:\/\/www.urlaubcornwall.de\/blog\/wp-json\/wp\/v2\/media?parent=20128"}],"curies":[{"name":"wp","href":"https:\/\/api.w.org\/{rel}","templated":true}]}}