{"id":20123,"date":"2015-09-07T12:21:41","date_gmt":"2015-09-07T12:21:41","guid":{"rendered":"https:\/\/www.urlaubcornwall.de\/blog\/?page_id=20123"},"modified":"2025-01-21T09:11:19","modified_gmt":"2025-01-21T09:11:19","slug":"busreise-irland-schottland-kombination-14-tages","status":"publish","type":"page","link":"https:\/\/www.urlaubcornwall.de\/blog\/busreise-irland-schottland-kombination-14-tages\/","title":{"rendered":"Flugpauschalreise Schottland &#038; Irland \u2013 10 Tage"},"content":{"rendered":"<p><a href=\"https:\/\/www.urlaubcornwall.de\/blog\/wp-content\/uploads\/2015\/10\/edinburgh1.jpg\"><img loading=\"lazy\" class=\"aligncenter size-full wp-image-22293\" src=\"https:\/\/www.urlaubcornwall.de\/blog\/wp-content\/uploads\/2015\/10\/edinburgh1.jpg\" alt=\"urlaub edinburgh\" width=\"748\" height=\"330\" \/><\/a><\/p>\n<p><strong>Highlights: <\/strong>Edinburgh, Highlands, Glasgow, Belfast, Dublin<\/p>\n<p>Diese Flugpauschalreise beginnt in der pulsierenden Metropole Edinburgh. Anschlie\u00dfend geht es in die schottischen Highlands. Dort besuchen Sie das Seeungeheuer von Loch Ness, das Urquhart Castle sowie die Traumlandschaften von Glen Coe. Mit der F\u00e4hre geht es nach Irland. Sehen Sie das UNESCO-Weltkulturerbe Giants Causeway und die interessante Stadt Belfast. Die Rundreise endet in Dublin, wo Sie einen der vielen Pubs besuchen k\u00f6nnen bevor es zur\u00fcck nach Deutschland geht.<\/p>\n<p><strong>Tourbeschreibung<\/strong><\/p>\n<p>1. Tag: Edinburgh<\/p>\n<p>Flug von Frankfurt nach Edinburgh. Nach Ankunft werden Sie von der deutschsprachigen Reiseleitung begr\u00fc\u00dft und in Ihr Hotel nach Edinburgh gefahren. Der Abend steht Ihnen zur freien Verf\u00fcgung bevor Sie morgen an einer tollen Entdeckungstour teilnehmen. 2 \u00dcbernachtungen in Edinburgh<\/p>\n<p>2. Tag: Edinburgh<\/p>\n<p>Nach dem Fr\u00fchst\u00fcck erkunden Sie Edinburgh. Lassen Sie sich von den mittelalterlichen Gassen, welche sich malerisch durch die Altstadt schl\u00e4ngen, verzaubern. Sehen Sie die verschiedenen Sehensw\u00fcrdigkeiten wie zum Beispiel das Edinburgh Castle, die Royal Mile und die Princess Gardens. Anschlie\u00dfend haben Sie gen\u00fcgend Zeit die Hauptstadt auf eigene Faust zu erkunden. \u00dcbernachtung wie am Vortag.<\/p>\n<p>3. Tag: Edinburgh \u2013 Aviemore (ca. 250 km)<\/p>\n<p>Bevor die Fahrt in die schottischen Highlands geht, besuchen Sie das kleine St\u00e4dtchen Sitrling. Anschlie\u00dfend Fahrt in Richtung Norden zum Cairngorms National Park. Ein Highlight ist sicherlich der Besuch einer der Whiskybrennereien der Highlands. Dort lernen Sie mehr \u00fcber den interessanten Herstellungsprozess des \u201eWassers des Lebens\u201c. \u00dcbernachtung in der Region Aviemore, Nethy Bridge oder Grantown.<\/p>\n<p>4. Tag: Aviemore \u2013 Inverness \u2013 Loch Ness \u2013 Westk\u00fcste (ca. 170 km)<\/p>\n<p><img loading=\"lazy\" class=\"aligncenter size-full wp-image-29375\" src=\"https:\/\/www.urlaubcornwall.de\/blog\/wp-content\/uploads\/2017\/09\/Loch-ness_urlaub.jpg\" alt=\"gruppenreise nach Loch Ness\" width=\"747\" height=\"422\" srcset=\"https:\/\/www.urlaubcornwall.de\/blog\/wp-content\/uploads\/2017\/09\/Loch-ness_urlaub.jpg 747w, https:\/\/www.urlaubcornwall.de\/blog\/wp-content\/uploads\/2017\/09\/Loch-ness_urlaub-300x169.jpg 300w\" sizes=\"(max-width: 747px) 100vw, 747px\" \/><br \/>\nNach dem Fr\u00fchst\u00fcck reisen Sie tiefer in die schottischen Highlands. Sie besichtigen Inverness, die Hauptstadt der Region. Danach f\u00fchrt die Reise zum sagenumwobensten See der Welt: Loch Ness. Weiter geht es an die traumhafte Westk\u00fcste Schottlands. \u00dcbernachtung an der schottischen Westk\u00fcste.<\/p>\n<p>5. Tag: Westk\u00fcste \u2013 Loch Lomond \u2013 Glasgow (ca. 200 km)<\/p>\n<p>Am Vormittag erwartet Sie eine der sch\u00f6nsten Regionen Schottlands. Sie fahren in das traumhafte Tal von Glen Coe. Die sch\u00f6ne Bergwelt mit tiefen Schluchten und majest\u00e4tischen Wasserf\u00e4llen werden Sie sicherlich beeindrucken. Weiter geht es am Ufer des Loch Lomond entlang. Um viele Bilder reicher erreichen Sie schlie\u00dflich Glasgow. \u00dcbernachtung in der Region Glasgow.<\/p>\n<p>6. Tag: Glasgow \u2013 F\u00e4hr\u00fcberfahrt \u2013 Belfast<\/p>\n<p><a href=\"https:\/\/www.urlaubcornwall.de\/blog\/wp-content\/uploads\/2024\/03\/belfast.jpg\"><img loading=\"lazy\" class=\"aligncenter size-full wp-image-47826\" src=\"https:\/\/www.urlaubcornwall.de\/blog\/wp-content\/uploads\/2024\/03\/belfast.jpg\" alt=\"belfast\" width=\"750\" height=\"469\" srcset=\"https:\/\/www.urlaubcornwall.de\/blog\/wp-content\/uploads\/2024\/03\/belfast.jpg 750w, https:\/\/www.urlaubcornwall.de\/blog\/wp-content\/uploads\/2024\/03\/belfast-300x188.jpg 300w\" sizes=\"(max-width: 750px) 100vw, 750px\" \/><\/a><br \/>\nHeute verlassen Sie Schottland. Nach einem kurzen Abstecher zum Culzean Castle (Eintritt nicht inklusive) fahren Sie mit der F\u00e4hre nach Belfast, Nordirland. In Belfast angekommen steht Ihnen der restliche Tag zur freien Verf\u00fcgung. 2 \u00dcbernachtungen in der Region Belfast.<\/p>\n<p>7. Tag: Belfast \u2013 Giant\u2019s Causeway \u2013 Derry \u2013 Belfast (ca. 290 km)<\/p>\n<p>Ihre Reise f\u00fchrt Sie heute zu einem weiteren Highlight: Giant\u2019s Causeway. Vor Ihren Augen erheben sich 40.000 gleichm\u00e4\u00dfig geformte Basalts\u00e4ulen. Unglaublich, dass dieses Naturschauspiel vor 60 Millionen Jahren auf nat\u00fcrliche Art und Weise entstanden ist! Danach steht die zweitgr\u00f6\u00dfte Stadt Nordirlands auf dem Programm, Derry. Die imposante Stadtmauer wird Sie beeindrucke, denn sie z\u00e4hlt zu einen der besterhaltenen Stadtbefestigungen Europas. Sp\u00e4ter geht es zur\u00fcck nach Belfast, wo Sie erneut \u00fcbernachten.<\/p>\n<p>8. Tag: Belfast \u2013 Dublin (ca. 170 km)<\/p>\n<p>Eine Stadtrundfahrt f\u00fchrt Sie heute durch Belfast. Anschlie\u00dfend k\u00f6nnen Sie Belfast auf eigene Faust entdecken. Durch das Boyne Tal geht es weiter nach Dublin. Auch hier lernen Sie die Stadt w\u00e4hrend einer Entdeckungstour kennen. Im Herzen Dublins steht eines der bedeutendsten Bauwerke des Landes, das General Post Office. Es diente den Helden des irischen Unabh\u00e4ngigkeitskampfes als Hauptquartier. 2 \u00dcbernachtungen in Dublin.<\/p>\n<p>9. Tag: Dublin<\/p>\n<p>Dieser Tag steht Ihnen zur freien Verf\u00fcgung um die irische Hauptstadt in Eigenregie zu erkunden. Wenn Sie jedoch lieber einen Tag im Gr\u00fcnen verbringen m\u00f6chten unternehmen Sie doch eine Fahrradtour durch den Phoenix Park (Fahrr\u00e4der k\u00f6nnen vor Ort f\u00fcr ca. 5 \u20ac von lokalen Anbietern geliehen werden). Fahren Sie vorbei an der Residenz des irischen Pr\u00e4sidenten und halten Sie Ausschau nach dem freilaufenden Rudel Dammwild. \u00dcbernachtung wie am Vortag.<\/p>\n<p>10. Tag: Abreise<\/p>\n<p>Transfer zum Flughafen und R\u00fcckflug nach Deutschland. Ende der Rundreise.<\/p>\n<p><strong>Eingeschlossene Leistungen:<\/strong><\/p>\n<p>Linienflug mit Lufthansa (oder gleichwertig) von Frankfurt nach Edinburgh und zur\u00fcck von Dublin in der Economy Class inkl. Flughafensteuern und Sicherheitsgeb\u00fchren<\/p>\n<p>Transfers und Rundreise im klimatisierten Reisebus gem\u00e4\u00df Reiseverlauf inkl. Eintrittsgelder<\/p>\n<p>Deutschsprachige Reiseleitung (Tag 1 &#8211; 8 und Tag 10)<\/p>\n<p>9 \u00dcbernachtungen in Mittelklassehotels<\/p>\n<p>9 x Fr\u00fchst\u00fcck und 8 x Abendessen (Tag 1 &#8211; 8)<\/p>\n<p>F\u00e4hr\u00fcberfahrt von Schottland nach Irland<\/p>\n<p>Besuch einer Whisky-Destillerie inklusive Kostprobe<\/p>\n<p>Besuch von Edinburgh Castle, Stirling Castle und Urquhart Castle<\/p>\n<p>Stadtbesichtigungen in Edinburgh, Inverness, Belfast, Glasgow und Dublin<\/p>\n<p>1 Reisef\u00fchrer \u00fcber Schottland und \u00fcber Irland<\/p>\n<p><strong>Nicht eingeschlossene Leistungen:<\/strong><\/p>\n<p>Trinkgelder<\/p>\n<p>Private Ausgaben<\/p>\n<p>Weitere Mahlzeiten<\/p>\n<p style=\"text-align: center;\"><a class=\"tidycta\" href=\"http:\/\/www.urlaubcornwall.de\/anfrage.php?tourcode=RWS009\">Anfrage \/ Buchung<\/a><\/p>\n<p style=\"text-align: left;\"><strong>UrlaubCornwall haben Touren im Angebot f\u00fcr Individualreisende. <\/strong>Hier finden Sie unsere Auswahl an fantastischen <strong> <a title=\"Urlaub, Reisen, Cornwall, S\u00fcdengland: eine perfekte Kombination\" href=\"https:\/\/www.urlaubcornwall.de\/blog\/reiseplanung-fuer-gruppen-durch-cornwall-suedengland-und-london\/\"><span style=\"text-decoration: underline;\">Busrundreisen und Touren in Gro\u00dfbritannien<\/span><\/a>.<\/strong><\/p>\n","protected":false},"excerpt":{"rendered":"<p>Highlights: Edinburgh, Highlands, Glasgow, Belfast, Dublin Diese Flugpauschalreise beginnt in der pulsierenden Metropole Edinburgh. Anschlie\u00dfend geht es in die schottischen Highlands. Dort besuchen Sie das Seeungeheuer von Loch Ness, das Urquhart Castle sowie die Traumlandschaften von Glen Coe. Mit der F\u00e4hre geht es nach Irland. Sehen Sie das UNESCO-Weltkulturerbe Giants Causeway und die interessante Stadt [&hellip;]<\/p>\n","protected":false},"author":1,"featured_media":0,"parent":0,"menu_order":0,"comment_status":"closed","ping_status":"closed","template":"single-four.php","meta":[],"acf":[],"yoast_head":"<!-- This site is optimized with the Yoast SEO plugin v19.4 - https:\/\/yoast.com\/wordpress\/plugins\/seo\/ -->\n<title>Flugpauschalreise Schottland &amp; Irland \u2013 10 Tage - Urlaub &amp; Reisen<\/title>\n<meta name=\"robots\" content=\"index, follow, max-snippet:-1, max-image-preview:large, max-video-preview:-1\" \/>\n<link rel=\"canonical\" href=\"https:\/\/www.urlaubcornwall.de\/blog\/busreise-irland-schottland-kombination-14-tages\/\" \/>\n<meta property=\"og:locale\" content=\"en_US\" \/>\n<meta property=\"og:type\" content=\"article\" \/>\n<meta property=\"og:title\" content=\"Flugpauschalreise Schottland &amp; Irland \u2013 10 Tage - Urlaub &amp; Reisen\" \/>\n<meta property=\"og:description\" content=\"Highlights: Edinburgh, Highlands, Glasgow, Belfast, Dublin Diese Flugpauschalreise beginnt in der pulsierenden Metropole Edinburgh. Anschlie\u00dfend geht es in die schottischen Highlands. Dort besuchen Sie das Seeungeheuer von Loch Ness, das Urquhart Castle sowie die Traumlandschaften von Glen Coe. Mit der F\u00e4hre geht es nach Irland. Sehen Sie das UNESCO-Weltkulturerbe Giants Causeway und die interessante Stadt [&hellip;]\" \/>\n<meta property=\"og:url\" content=\"https:\/\/www.urlaubcornwall.de\/blog\/busreise-irland-schottland-kombination-14-tages\/\" \/>\n<meta property=\"og:site_name\" content=\"Urlaub &amp; Reisen\" \/>\n<meta property=\"article:modified_time\" content=\"2025-01-21T09:11:19+00:00\" \/>\n<meta property=\"og:image\" content=\"https:\/\/www.urlaubcornwall.de\/blog\/wp-content\/uploads\/2015\/10\/edinburgh1.jpg\" \/>\n<meta name=\"twitter:card\" content=\"summary\" \/>\n<meta name=\"twitter:label1\" content=\"Est. reading time\" \/>\n\t<meta name=\"twitter:data1\" content=\"4 minutes\" \/>\n<script type=\"application\/ld+json\" class=\"yoast-schema-graph\">{\"@context\":\"https:\/\/schema.org\",\"@graph\":[{\"@type\":\"WebSite\",\"@id\":\"https:\/\/www.urlaubcornwall.de\/blog\/#website\",\"url\":\"https:\/\/www.urlaubcornwall.de\/blog\/\",\"name\":\"Urlaub &amp; Reisen\",\"description\":\"Urlaub, Reisen, Cornwall und S\u00fcdengland: eine perfekte Kombination\",\"potentialAction\":[{\"@type\":\"SearchAction\",\"target\":{\"@type\":\"EntryPoint\",\"urlTemplate\":\"https:\/\/www.urlaubcornwall.de\/blog\/?s={search_term_string}\"},\"query-input\":\"required name=search_term_string\"}],\"inLanguage\":\"en-US\"},{\"@type\":\"WebPage\",\"@id\":\"https:\/\/www.urlaubcornwall.de\/blog\/busreise-irland-schottland-kombination-14-tages\/\",\"url\":\"https:\/\/www.urlaubcornwall.de\/blog\/busreise-irland-schottland-kombination-14-tages\/\",\"name\":\"Flugpauschalreise Schottland & Irland \u2013 10 Tage - Urlaub &amp; Reisen\",\"isPartOf\":{\"@id\":\"https:\/\/www.urlaubcornwall.de\/blog\/#website\"},\"datePublished\":\"2015-09-07T12:21:41+00:00\",\"dateModified\":\"2025-01-21T09:11:19+00:00\",\"breadcrumb\":{\"@id\":\"https:\/\/www.urlaubcornwall.de\/blog\/busreise-irland-schottland-kombination-14-tages\/#breadcrumb\"},\"inLanguage\":\"en-US\",\"potentialAction\":[{\"@type\":\"ReadAction\",\"target\":[\"https:\/\/www.urlaubcornwall.de\/blog\/busreise-irland-schottland-kombination-14-tages\/\"]}]},{\"@type\":\"BreadcrumbList\",\"@id\":\"https:\/\/www.urlaubcornwall.de\/blog\/busreise-irland-schottland-kombination-14-tages\/#breadcrumb\",\"itemListElement\":[{\"@type\":\"ListItem\",\"position\":1,\"name\":\"Home\",\"item\":\"https:\/\/www.urlaubcornwall.de\/blog\/\"},{\"@type\":\"ListItem\",\"position\":2,\"name\":\"Flugpauschalreise Schottland &#038; Irland \u2013 10 Tage\"}]}]}<\/script>\n<!-- \/ Yoast SEO plugin. -->","yoast_head_json":{"title":"Flugpauschalreise Schottland & Irland \u2013 10 Tage - Urlaub &amp; Reisen","robots":{"index":"index","follow":"follow","max-snippet":"max-snippet:-1","max-image-preview":"max-image-preview:large","max-video-preview":"max-video-preview:-1"},"canonical":"https:\/\/www.urlaubcornwall.de\/blog\/busreise-irland-schottland-kombination-14-tages\/","og_locale":"en_US","og_type":"article","og_title":"Flugpauschalreise Schottland & Irland \u2013 10 Tage - Urlaub &amp; Reisen","og_description":"Highlights: Edinburgh, Highlands, Glasgow, Belfast, Dublin Diese Flugpauschalreise beginnt in der pulsierenden Metropole Edinburgh. Anschlie\u00dfend geht es in die schottischen Highlands. Dort besuchen Sie das Seeungeheuer von Loch Ness, das Urquhart Castle sowie die Traumlandschaften von Glen Coe. Mit der F\u00e4hre geht es nach Irland. Sehen Sie das UNESCO-Weltkulturerbe Giants Causeway und die interessante Stadt [&hellip;]","og_url":"https:\/\/www.urlaubcornwall.de\/blog\/busreise-irland-schottland-kombination-14-tages\/","og_site_name":"Urlaub &amp; Reisen","article_modified_time":"2025-01-21T09:11:19+00:00","og_image":[{"url":"https:\/\/www.urlaubcornwall.de\/blog\/wp-content\/uploads\/2015\/10\/edinburgh1.jpg"}],"twitter_card":"summary","twitter_misc":{"Est. reading time":"4 minutes"},"schema":{"@context":"https:\/\/schema.org","@graph":[{"@type":"WebSite","@id":"https:\/\/www.urlaubcornwall.de\/blog\/#website","url":"https:\/\/www.urlaubcornwall.de\/blog\/","name":"Urlaub &amp; Reisen","description":"Urlaub, Reisen, Cornwall und S\u00fcdengland: eine perfekte Kombination","potentialAction":[{"@type":"SearchAction","target":{"@type":"EntryPoint","urlTemplate":"https:\/\/www.urlaubcornwall.de\/blog\/?s={search_term_string}"},"query-input":"required name=search_term_string"}],"inLanguage":"en-US"},{"@type":"WebPage","@id":"https:\/\/www.urlaubcornwall.de\/blog\/busreise-irland-schottland-kombination-14-tages\/","url":"https:\/\/www.urlaubcornwall.de\/blog\/busreise-irland-schottland-kombination-14-tages\/","name":"Flugpauschalreise Schottland & Irland \u2013 10 Tage - Urlaub &amp; Reisen","isPartOf":{"@id":"https:\/\/www.urlaubcornwall.de\/blog\/#website"},"datePublished":"2015-09-07T12:21:41+00:00","dateModified":"2025-01-21T09:11:19+00:00","breadcrumb":{"@id":"https:\/\/www.urlaubcornwall.de\/blog\/busreise-irland-schottland-kombination-14-tages\/#breadcrumb"},"inLanguage":"en-US","potentialAction":[{"@type":"ReadAction","target":["https:\/\/www.urlaubcornwall.de\/blog\/busreise-irland-schottland-kombination-14-tages\/"]}]},{"@type":"BreadcrumbList","@id":"https:\/\/www.urlaubcornwall.de\/blog\/busreise-irland-schottland-kombination-14-tages\/#breadcrumb","itemListElement":[{"@type":"ListItem","position":1,"name":"Home","item":"https:\/\/www.urlaubcornwall.de\/blog\/"},{"@type":"ListItem","position":2,"name":"Flugpauschalreise Schottland &#038; Irland \u2013 10 Tage"}]}]}},"_links":{"self":[{"href":"https:\/\/www.urlaubcornwall.de\/blog\/wp-json\/wp\/v2\/pages\/20123"}],"collection":[{"href":"https:\/\/www.urlaubcornwall.de\/blog\/wp-json\/wp\/v2\/pages"}],"about":[{"href":"https:\/\/www.urlaubcornwall.de\/blog\/wp-json\/wp\/v2\/types\/page"}],"author":[{"embeddable":true,"href":"https:\/\/www.urlaubcornwall.de\/blog\/wp-json\/wp\/v2\/users\/1"}],"replies":[{"embeddable":true,"href":"https:\/\/www.urlaubcornwall.de\/blog\/wp-json\/wp\/v2\/comments?post=20123"}],"version-history":[{"count":10,"href":"https:\/\/www.urlaubcornwall.de\/blog\/wp-json\/wp\/v2\/pages\/20123\/revisions"}],"predecessor-version":[{"id":51840,"href":"https:\/\/www.urlaubcornwall.de\/blog\/wp-json\/wp\/v2\/pages\/20123\/revisions\/51840"}],"wp:attachment":[{"href":"https:\/\/www.urlaubcornwall.de\/blog\/wp-json\/wp\/v2\/media?parent=20123"}],"curies":[{"name":"wp","href":"https:\/\/api.w.org\/{rel}","templated":true}]}}