{"id":20120,"date":"2015-09-07T10:56:35","date_gmt":"2015-09-07T10:56:35","guid":{"rendered":"https:\/\/www.urlaubcornwall.de\/blog\/?page_id=20120"},"modified":"2024-04-15T15:36:38","modified_gmt":"2024-04-15T15:36:38","slug":"busreise-nordengland-mit-schottland-9-tages","status":"publish","type":"page","link":"https:\/\/www.urlaubcornwall.de\/blog\/busreise-nordengland-mit-schottland-9-tages\/","title":{"rendered":"Busreise oder Rundreise Nordengland und Schottland- 9 Tages"},"content":{"rendered":"<p><a href=\"https:\/\/www.urlaubcornwall.de\/blog\/wp-content\/uploads\/2015\/09\/yorkshire.jpg\"><img loading=\"lazy\" class=\"aligncenter size-full wp-image-20121\" src=\"https:\/\/www.urlaubcornwall.de\/blog\/wp-content\/uploads\/2015\/09\/yorkshire.jpg\" alt=\"yorkshire\" width=\"748\" height=\"393\"\/><\/a><\/p>\n<p style=\"text-align: center;\"><strong>Highlights: Edinburgh, York, Lake District, Glasgow, Loch Lomond, Isle of Skye, Loch Ness<br \/>\n<\/strong><\/p>\n<p>Entdecken Sie die H\u00f6hepunkte Schottlands und Englands in unserer neunt\u00e4gigen Rundreise. Die Rundreise wird mit einem deutschsprachigen Reiseleiter durchgef\u00fchrt. Unser Programm mit seinen zahl- und abwechslungsreichen Besichtigungen bzw. Aktivit\u00e4ten, erlaubt es Ihnen, m\u00f6glichst viele Facetten Schottlands und Englands in Bezug auf Geschichte, Kultur, Landschaft und heutiges Leben auf eine besondere Art kennenzulernen. F\u00fcr unsere spezielle Gro\u00dfbritannienreise haben wir sehr gute Hotels der Mittelklasse gew\u00e4hlt.<\/p>\n<p><strong>Urlaubsinspiration in England &#038; Schottland<\/strong><\/p>\n<p><strong>1.Tag: Edinburgh<\/strong><\/p>\n<p>Ankunft in Edinburgh, der Hauptstadt von Schottland. Rest des Tages zur freien Verf\u00fcgung. \u00dcbernachtung im Hotel Hilton Grosvenor o.\u00e4.<\/p>\n<p><strong>2.Tag: Edinburgh \u2013 Melrose &#8211; York<\/strong><\/p>\n<p>Wir verlassen Edinburgh. Eine kurze Weiterfahrt bringt uns zum pittoresken St\u00e4dtchen Melrose wo wir das Abbotsford House besichtigen werden. Vorbei am historischen Dorf Jedburgh mit seiner beeindruckenden Abtei f\u00fchrt uns die Reise zur Grenze und zum Hadrians Wall, eine im 2. Jahrhundert erbaute und noch heute existierende Grenzmauer, die sich von der Ost- bis zur Westk\u00fcste \u00fcber die gesamte Insel erstreckt. Wir befinden uns jetzt in England und fahren durch das wildromantische Gebiet des Northumbria Nationalparks und weiter durch die landschaftlich reizvolle Moorlandschaft von North Yorkshire bis wir am sp\u00e4ten Nachmittag York erreichen. Wir haben ausreichend Zeit, um die Stadt w\u00e4hrend einem Stadtrundgang zu erkunden. Abendessen und \u00dcbernachtung im Holiday Inn Hotel o. \u00e4.<\/p>\n<p><strong>3.Tag: York \u2013 Yorkshire Dales &#8211; Lake District<\/strong><\/p>\n<p>Heute Vormittag besuchen wir das 1472 fertiggestellte York Minster, die gr\u00f6\u00dfte mittelalterliche Kathedrale Englands. Anschli\u00dfend verlassen wie York und fahren \u00fcber die fr\u00fchere Kurstadt Harrogate in den Yorkshire Dales Nationalpark. Der Nationalpark ist durchzogen von Wanderwegen, auch wir nehmen uns die Zeit f\u00fcr einen kurzen Spaziergang in dieser wundersch\u00f6nen Umgebung. Im Anschluss geht es in die N\u00e4he des kleinen Ortes Skipton in die Bolton Abtei, der aus dem 16.ten Jahrhundert stammende Barden Tower kann auch besichtigt werden. Vor der Weiterfahrt gibt es noch einen traditionellen &#8220;Cream Tea&#8221;. <a href=\"https:\/\/www.urlaubcornwall.de\/reiseziel\/lake-district-nationalpark.php\">\u00dcbernachtung im malerischen Lake District Nationalpark<\/a>.<\/p>\n<p><strong>4.Tag: Lake District<\/strong><\/p>\n<p>Heute erkunden wir den Lake District, den gr\u00f6\u00dften Nationalpark Englands, der oft als die sch\u00f6nste Gegend Englands bezeichnet wird. Der Park liegt in Cumbria, der nordwestlichsten Grafschaft Englands und verf\u00fcgt \u00fcber eine von Gletschern geschaffene Landschaft mit 16 gro\u00dfen Seen inmitten der h\u00f6chsten Berge des Landes. Bei einer gem\u00fctlichen Wanderungen entdecken wir diese atemberaubende Region und w\u00e4hrend des Tages steht uns auch eine Bootsfahrt auf dem gr\u00f6\u00dften See des Parks, dem Lake Windemere, auf dem Programm. Abendessen und \u00dcbernachtung im Lake District.<\/p>\n<p><strong>5.Tag: Glasgow \u2013 Loch Lomond \u2013 Argyll<\/strong><\/p>\n<p>Wir verlassen heute den Lake District und reisen in n\u00f6rdlicher Richtung \u00fcber die Grenze nach Glasgow. Bei einer Stadttour erkunden wir Schottlands gr\u00f6\u00dfte Stadt, die im Jahre 1990 zur Kulturhauptstadt Europas erw\u00e4hlt wurde. Danach verlassen wir Glasgow und fahren n\u00f6rdlich bis wir die \u2018bonny, bonny Banks\u2019 von Loch Lomond, dem gr\u00f6\u00dften Binnensee Gro\u00dfbritanniens, erreichen. Man steht hier an der T\u00fcr zu den Highlands, wo sich flache malerische Etappen mit der bunten, atemberaubenden Berglandschaft am Ostufer des Lochs mischen. Abendessen und \u00dcbernachtung in Argyll.<\/p>\n<p><strong>6.Tag: Glencoe &#8211; Fort Augustus &#8211; Loch Ness \u2013 Aviemore<\/strong><\/p>\n<p>Wir verlassen Argyll und nach Weiterreise in n\u00f6rdlicher Richtung erreichen wir Glencoe, ein Skigebiet gleichzeitig bekannt durch das \u2018Massaker von Glencoe\u2019. Eine kurze Weiterfahrt bringt uns nach Fort William, der gr\u00f6\u00dften Stadt der westlichen Highlands, welche am Fu\u00dfe von Gro\u00dfbrittanniens h\u00f6chstem Berg, dem 1300m hohen Ben Nevis, liegt. Weiter fahren wir an Loch Lochy \u00fcber Spean Bridge und Invergarry vorbei bis wir die kleine Ortschaft und ehemalige englische Festung Fort Augustus am s\u00fcdwestlichen Ende des Loch Ness erreichen. Hier steht uns etwas Freizeit f\u00fcr einen Bummel durch das Dorf zur Verf\u00fcgung bevor wir der westlichen K\u00fcstensstrasse des sagenumwobenen und geheimnisvollen Loch Ness weiter entlangfahren. Vorbei an Inverness, Hauptstadt der Highlands erreichen wir mit kurzer Fahrt Aviemore. Abendessen und \u00dcbernachtung in Aviemore.<\/p>\n<p><strong>7.Tag: Aviemore \u2013 Pitlochry \u2013 Aberfeldy \u2013 Edinburgh<\/strong><\/p>\n<p>Unsere heutige Reise f\u00fchrt uns in s\u00fcdlicher Richtung bis wir Pitlochryein, ein landestypisches Hochlandst\u00e4dtchen, erreichen. Bei einem Spaziergang, werden wir die vielf\u00e4ltigen Attraktionen der Stadt erkunden. Am s\u00fcdlichen Ende der Stadt besuchen wir die Blair Athol Whiskydestillerie. Nach kurzer Weiterreise kommen wir in den kleinen Ort Aberfeldy an. Bei einer 90-min\u00fctigen Highland Safari im 4&#215;4 Fahrzeug lernen wir die Natur der Highlands etwas besser kennen. In s\u00fcdlicher Richtung geht die Reise durch die malerische Berglandschaft der \u2018Grampians\u2019 weiter. Wir fahren anschlie\u00dfend zu unserem heutigen \u00dcbernachtungsort, Edinburgh. Abendessen und \u00dcbernachtung in Edinburgh.<\/p>\n<p><strong>8.Tag: Edinburgh<\/strong><\/p>\n<p>Bei einer halbt\u00e4gigen Stadtrundfahrt werden wir alle Hauptsehensw\u00fcrdigkeiten der schottischen Hauptstadt \u2013 oft \u201eAthen des Nordens\u201c genannt \u2013 entdecken. Bei einer einst\u00fcndigen Tour zu Fu\u00df werden wir anschlie\u00dfend die Geheimnisse der ber\u00fchmten \u201eRoyal Mile\u201c sowie der mittelalterlichen Altstadt, die aus vielen historischen Geb\u00e4uden und engen Gassen besteht, entdecken. Der Nachmittag steht Ihnen f\u00fcr Sightseeing sowie Einkaufen zur freien Verf\u00fcgung. Abends besteht die M\u00f6glichkeit an einem schottischen Abend teilzunehmen (im Reisepreis nicht inklusive). \u00dcbernachtung in Edinburgh wie am Vortag.<\/p>\n<p><strong>9.Tag: Edinburgh<\/strong><\/p>\n<p>Je nach R\u00fcckflug haben Sie noch Zeit f\u00fcr Edinburgh. Ende der Rundreise Nordengland mit Schottland und individuelle Heimreise. Auf Wunsch buchen wir Fl\u00fcge f\u00fcr Sie hinzu!<\/p>\n<h1 style=\"padding-left: 30px; text-align: center;\"><a href=\"https:\/\/www.urlaubcornwall.de\/reisebuchung.php?Nord%20England\"><span style=\"text-decoration: underline;\"><strong>Anfrage \/ Buchung<\/strong><\/span><\/a><\/h1>\n<div class=\"snippet\"> <a class=\"featured-item\" href=\"https:\/\/www.urlaubcornwall.de\/ferienhaeuser.php\"> <span class=\"image-holder\" style=\"background-image: url(' https:\/\/www.urlaubcornwall.de\/blog\/wp-content\/uploads\/2018\/12\/ferienhaus-cornwall-mit-hund.jpg ');\"><\/span> <span class=\"featured-content\"> \n<h2 class=\"featured-title\">Ferienh\u00e4user in England, Schottland &#038; Wales<\/h2>\n<p class=\"featured-body\">Bei uns finden Sie Ferienh\u00e4user in Gro\u00dfbritannien zum Verlieben; so einfach ist das! UrlaubCornwall.de hat eine einzigartige Sammlung pers\u00f6nlich inspizierter Ferienh\u00e4user und Ferienwohnungen&#8230;.<\/p><\/span> <span class=\"featured-link-holder\"> <span class=\"featured-extra-info\"> \n<p>F\u00fcr Paare, Familien &#038; Gruppen<\/p>\n<\/span> \n<p class=\"featured-link\">DETAILS<\/p>\n<\/span> <\/a><\/div>\n<div class=\"snippet\"> <a class=\"featured-item\" href=\" https:\/\/www.urlaubcornwall.de\/rundreisen\/grossbritannien.php\"> <span class=\"image-holder\" style=\"background-image: url(' https:\/\/www.urlaubcornwall.de\/blog\/wp-content\/uploads\/2018\/11\/rundreise-cornwall.jpg ');\"><\/span> <span class=\"featured-content\"> \n<h2 class=\"featured-title\">Individuelle Rundreise in Gro\u00dfbritannien<\/h2>\n<p class=\"featured-body\">Mit Sitz im Vereinten K\u00f6nigreich und einer Reiseleidenschaft haben wir uns darin spezialisiert, individuelle Rundreisen f\u00fcr Paare, Familien oder Gruppen zusammenzustellen&#8230;.<\/p>\n<\/span> <span class=\"featured-link-holder\"> <span class=\"featured-extra-info\"> \n<p>Urlaub im eigenen Schritttempo<\/p>\n<\/span> \n<p class=\"featured-link\">DETAILS<\/p>\n<\/span> <\/a><\/div>\n","protected":false},"excerpt":{"rendered":"<p>Highlights: Edinburgh, York, Lake District, Glasgow, Loch Lomond, Isle of Skye, Loch Ness Entdecken Sie die H\u00f6hepunkte Schottlands und Englands in unserer neunt\u00e4gigen Rundreise. Die Rundreise wird mit einem deutschsprachigen Reiseleiter durchgef\u00fchrt. Unser Programm mit seinen zahl- und abwechslungsreichen Besichtigungen bzw. Aktivit\u00e4ten, erlaubt es Ihnen, m\u00f6glichst viele Facetten Schottlands und Englands in Bezug auf Geschichte, [&hellip;]<\/p>\n","protected":false},"author":1,"featured_media":0,"parent":0,"menu_order":0,"comment_status":"closed","ping_status":"closed","template":"single-four.php","meta":[],"acf":[],"yoast_head":"<!-- This site is optimized with the Yoast SEO plugin v19.4 - https:\/\/yoast.com\/wordpress\/plugins\/seo\/ -->\n<title>Busreise oder Rundreise Nordengland und Schottland- 9 Tages - Urlaub &amp; Reisen<\/title>\n<meta name=\"robots\" content=\"index, follow, max-snippet:-1, max-image-preview:large, max-video-preview:-1\" \/>\n<link rel=\"canonical\" href=\"https:\/\/www.urlaubcornwall.de\/blog\/busreise-nordengland-mit-schottland-9-tages\/\" \/>\n<meta property=\"og:locale\" content=\"en_US\" \/>\n<meta property=\"og:type\" content=\"article\" \/>\n<meta property=\"og:title\" content=\"Busreise oder Rundreise Nordengland und Schottland- 9 Tages - Urlaub &amp; Reisen\" \/>\n<meta property=\"og:description\" content=\"Highlights: Edinburgh, York, Lake District, Glasgow, Loch Lomond, Isle of Skye, Loch Ness Entdecken Sie die H\u00f6hepunkte Schottlands und Englands in unserer neunt\u00e4gigen Rundreise. Die Rundreise wird mit einem deutschsprachigen Reiseleiter durchgef\u00fchrt. Unser Programm mit seinen zahl- und abwechslungsreichen Besichtigungen bzw. Aktivit\u00e4ten, erlaubt es Ihnen, m\u00f6glichst viele Facetten Schottlands und Englands in Bezug auf Geschichte, [&hellip;]\" \/>\n<meta property=\"og:url\" content=\"https:\/\/www.urlaubcornwall.de\/blog\/busreise-nordengland-mit-schottland-9-tages\/\" \/>\n<meta property=\"og:site_name\" content=\"Urlaub &amp; Reisen\" \/>\n<meta property=\"article:modified_time\" content=\"2024-04-15T15:36:38+00:00\" \/>\n<meta property=\"og:image\" content=\"https:\/\/www.urlaubcornwall.de\/blog\/wp-content\/uploads\/2015\/09\/yorkshire.jpg\" \/>\n<meta name=\"twitter:card\" content=\"summary\" \/>\n<meta name=\"twitter:label1\" content=\"Est. reading time\" \/>\n\t<meta name=\"twitter:data1\" content=\"5 minutes\" \/>\n<script type=\"application\/ld+json\" class=\"yoast-schema-graph\">{\"@context\":\"https:\/\/schema.org\",\"@graph\":[{\"@type\":\"WebSite\",\"@id\":\"https:\/\/www.urlaubcornwall.de\/blog\/#website\",\"url\":\"https:\/\/www.urlaubcornwall.de\/blog\/\",\"name\":\"Urlaub &amp; Reisen\",\"description\":\"Urlaub, Reisen, Cornwall und S\u00fcdengland: eine perfekte Kombination\",\"potentialAction\":[{\"@type\":\"SearchAction\",\"target\":{\"@type\":\"EntryPoint\",\"urlTemplate\":\"https:\/\/www.urlaubcornwall.de\/blog\/?s={search_term_string}\"},\"query-input\":\"required name=search_term_string\"}],\"inLanguage\":\"en-US\"},{\"@type\":\"WebPage\",\"@id\":\"https:\/\/www.urlaubcornwall.de\/blog\/busreise-nordengland-mit-schottland-9-tages\/\",\"url\":\"https:\/\/www.urlaubcornwall.de\/blog\/busreise-nordengland-mit-schottland-9-tages\/\",\"name\":\"Busreise oder Rundreise Nordengland und Schottland- 9 Tages - Urlaub &amp; Reisen\",\"isPartOf\":{\"@id\":\"https:\/\/www.urlaubcornwall.de\/blog\/#website\"},\"datePublished\":\"2015-09-07T10:56:35+00:00\",\"dateModified\":\"2024-04-15T15:36:38+00:00\",\"breadcrumb\":{\"@id\":\"https:\/\/www.urlaubcornwall.de\/blog\/busreise-nordengland-mit-schottland-9-tages\/#breadcrumb\"},\"inLanguage\":\"en-US\",\"potentialAction\":[{\"@type\":\"ReadAction\",\"target\":[\"https:\/\/www.urlaubcornwall.de\/blog\/busreise-nordengland-mit-schottland-9-tages\/\"]}]},{\"@type\":\"BreadcrumbList\",\"@id\":\"https:\/\/www.urlaubcornwall.de\/blog\/busreise-nordengland-mit-schottland-9-tages\/#breadcrumb\",\"itemListElement\":[{\"@type\":\"ListItem\",\"position\":1,\"name\":\"Home\",\"item\":\"https:\/\/www.urlaubcornwall.de\/blog\/\"},{\"@type\":\"ListItem\",\"position\":2,\"name\":\"Busreise oder Rundreise Nordengland und Schottland- 9 Tages\"}]}]}<\/script>\n<!-- \/ Yoast SEO plugin. -->","yoast_head_json":{"title":"Busreise oder Rundreise Nordengland und Schottland- 9 Tages - Urlaub &amp; Reisen","robots":{"index":"index","follow":"follow","max-snippet":"max-snippet:-1","max-image-preview":"max-image-preview:large","max-video-preview":"max-video-preview:-1"},"canonical":"https:\/\/www.urlaubcornwall.de\/blog\/busreise-nordengland-mit-schottland-9-tages\/","og_locale":"en_US","og_type":"article","og_title":"Busreise oder Rundreise Nordengland und Schottland- 9 Tages - Urlaub &amp; Reisen","og_description":"Highlights: Edinburgh, York, Lake District, Glasgow, Loch Lomond, Isle of Skye, Loch Ness Entdecken Sie die H\u00f6hepunkte Schottlands und Englands in unserer neunt\u00e4gigen Rundreise. Die Rundreise wird mit einem deutschsprachigen Reiseleiter durchgef\u00fchrt. Unser Programm mit seinen zahl- und abwechslungsreichen Besichtigungen bzw. Aktivit\u00e4ten, erlaubt es Ihnen, m\u00f6glichst viele Facetten Schottlands und Englands in Bezug auf Geschichte, [&hellip;]","og_url":"https:\/\/www.urlaubcornwall.de\/blog\/busreise-nordengland-mit-schottland-9-tages\/","og_site_name":"Urlaub &amp; Reisen","article_modified_time":"2024-04-15T15:36:38+00:00","og_image":[{"url":"https:\/\/www.urlaubcornwall.de\/blog\/wp-content\/uploads\/2015\/09\/yorkshire.jpg"}],"twitter_card":"summary","twitter_misc":{"Est. reading time":"5 minutes"},"schema":{"@context":"https:\/\/schema.org","@graph":[{"@type":"WebSite","@id":"https:\/\/www.urlaubcornwall.de\/blog\/#website","url":"https:\/\/www.urlaubcornwall.de\/blog\/","name":"Urlaub &amp; Reisen","description":"Urlaub, Reisen, Cornwall und S\u00fcdengland: eine perfekte Kombination","potentialAction":[{"@type":"SearchAction","target":{"@type":"EntryPoint","urlTemplate":"https:\/\/www.urlaubcornwall.de\/blog\/?s={search_term_string}"},"query-input":"required name=search_term_string"}],"inLanguage":"en-US"},{"@type":"WebPage","@id":"https:\/\/www.urlaubcornwall.de\/blog\/busreise-nordengland-mit-schottland-9-tages\/","url":"https:\/\/www.urlaubcornwall.de\/blog\/busreise-nordengland-mit-schottland-9-tages\/","name":"Busreise oder Rundreise Nordengland und Schottland- 9 Tages - Urlaub &amp; Reisen","isPartOf":{"@id":"https:\/\/www.urlaubcornwall.de\/blog\/#website"},"datePublished":"2015-09-07T10:56:35+00:00","dateModified":"2024-04-15T15:36:38+00:00","breadcrumb":{"@id":"https:\/\/www.urlaubcornwall.de\/blog\/busreise-nordengland-mit-schottland-9-tages\/#breadcrumb"},"inLanguage":"en-US","potentialAction":[{"@type":"ReadAction","target":["https:\/\/www.urlaubcornwall.de\/blog\/busreise-nordengland-mit-schottland-9-tages\/"]}]},{"@type":"BreadcrumbList","@id":"https:\/\/www.urlaubcornwall.de\/blog\/busreise-nordengland-mit-schottland-9-tages\/#breadcrumb","itemListElement":[{"@type":"ListItem","position":1,"name":"Home","item":"https:\/\/www.urlaubcornwall.de\/blog\/"},{"@type":"ListItem","position":2,"name":"Busreise oder Rundreise Nordengland und Schottland- 9 Tages"}]}]}},"_links":{"self":[{"href":"https:\/\/www.urlaubcornwall.de\/blog\/wp-json\/wp\/v2\/pages\/20120"}],"collection":[{"href":"https:\/\/www.urlaubcornwall.de\/blog\/wp-json\/wp\/v2\/pages"}],"about":[{"href":"https:\/\/www.urlaubcornwall.de\/blog\/wp-json\/wp\/v2\/types\/page"}],"author":[{"embeddable":true,"href":"https:\/\/www.urlaubcornwall.de\/blog\/wp-json\/wp\/v2\/users\/1"}],"replies":[{"embeddable":true,"href":"https:\/\/www.urlaubcornwall.de\/blog\/wp-json\/wp\/v2\/comments?post=20120"}],"version-history":[{"count":11,"href":"https:\/\/www.urlaubcornwall.de\/blog\/wp-json\/wp\/v2\/pages\/20120\/revisions"}],"predecessor-version":[{"id":49699,"href":"https:\/\/www.urlaubcornwall.de\/blog\/wp-json\/wp\/v2\/pages\/20120\/revisions\/49699"}],"wp:attachment":[{"href":"https:\/\/www.urlaubcornwall.de\/blog\/wp-json\/wp\/v2\/media?parent=20120"}],"curies":[{"name":"wp","href":"https:\/\/api.w.org\/{rel}","templated":true}]}}