{"id":20101,"date":"2015-09-07T09:44:42","date_gmt":"2015-09-07T09:44:42","guid":{"rendered":"https:\/\/www.urlaubcornwall.de\/blog\/?page_id=20101"},"modified":"2024-04-05T11:05:50","modified_gmt":"2024-04-05T11:05:50","slug":"erlebnisreise-in-schottland-busrundreise-schottland-8-tage","status":"publish","type":"page","link":"https:\/\/www.urlaubcornwall.de\/blog\/erlebnisreise-in-schottland-busrundreise-schottland-8-tage\/","title":{"rendered":"Schottland exklusiv &#8211; Busrundreise Schottland 7 Tage"},"content":{"rendered":"<p><a href=\"https:\/\/www.urlaubcornwall.de\/blog\/wp-content\/uploads\/2015\/09\/16871320_3.jpg\"><img loading=\"lazy\" class=\"aligncenter size-full wp-image-20024\" src=\"https:\/\/www.urlaubcornwall.de\/blog\/wp-content\/uploads\/2015\/09\/16871320_3.jpg\" alt=\"busreisen schottland highlands\" width=\"749\" height=\"390\"\/><\/a><\/p>\n<p style=\"text-align: center;\"><strong>Highlights: Edinburgh &#8211; Whisky Destillerie &#8211; Pitlochry &#8211; Speyside<\/strong><\/p>\n<p>&#8220;Schottland exklusiv &#8211; nicht nur der Whisky wegen&#8221;: Lernen Sie Schottland auf dieser 7-t\u00e4gigen Buserlebnisreise von seiner exklusiven Seite kennen und lieben. Es erwarten Sie neben Schottlands H\u00f6hepunkten auch verschiedene Besichtigungen der wohl ber\u00fchmtesten Whisky Brennereien. Freuen Sie sich auf ein unvergessliches Erlebnis, welches Sie auch hinter so manch verschlossenen T\u00fcren f\u00fchrt.<\/p>\n<p>7 Tage \/ 6 N\u00e4chte | deutschsprachig gef\u00fchrt | ab\/bis Edinburgh | viele Termine<\/p>\n<p><strong>Tourbeschreibung<\/strong><\/p>\n<p><strong>1. Tag: Edinburgh<\/strong> &#8211; Anreise nach <a href=\"https:\/\/www.urlaubcornwall.de\/blog\/reisetipps-fuer-edinburgh-unsere-top-10-sie-sie-sehen-und-erleben-sollten\/\">Edinburgh<\/a> in Eigenregie. Nach Ankunft werden Sie von Ihrer Reiseleitung empfangen und begr\u00fc\u00dft. Der heutige Tag dient ausschlie\u00dflich der Anreise und dem Kennenlernen der restlichen Reiseteilnehmer. 2 \u00dcbernachtungen in Edinburgh.<\/p>\n<p><strong>2. Tag: Edinburgh<\/strong> &#8211; Nach dem Fr\u00fchst\u00fcck erwartet uns eine gef\u00fchrte Stadtbesichtigung mit dem Reisebus. Der Nachmittag steht zur freien Verf\u00fcgung. Edinburgh gilt als eine der sch\u00f6nsten St\u00e4dte Europas und garantiert einen erlebnisreichen Aufenthalt. Sp\u00e4ter erwartet uns eine Einladung des traditionellen und urschottischen Clubhauses der einzigartigen Malt Whisky Society. Den Whisky, welchen wir hier probieren d\u00fcrfen, ist einzigartig und in keinem anderen Gesch\u00e4ft zu kaufen. \u00dcbernachtung wie am Vortag.<\/p>\n<p><a href=\"https:\/\/www.urlaubcornwall.de\/blog\/wp-content\/uploads\/2015\/09\/edinburgh_1.jpg\"><img loading=\"lazy\" class=\"aligncenter size-full wp-image-20106\" src=\"https:\/\/www.urlaubcornwall.de\/blog\/wp-content\/uploads\/2015\/09\/edinburgh_1.jpg\" alt=\"edinburgh\" width=\"749\" height=\"392\"\/><\/a><\/p>\n<p><strong>3. Tag: Edinburgh \u2013 Westk\u00fcste<\/strong> &#8211; Auf dem heutigen Programm steht zun\u00e4chst die Fahrt \u00fcber Stirling in die Trossachs Region. Hier erleben wir die beeindruckenden Landschaftsg\u00e4rten von Drummond Castle and Gardens, welche auch im Film Rob Roy zu bewundern sind. Anschlie\u00dfend besichtigen wir die Library of Innerpeffray, Schottlands \u00e4lteste B\u00fccherei. Nach dem Mittagessen bietet sich in Killin, entlang der malerischen Falls of Dochart-Wasserf\u00e4lle, ein Spaziergang an. Danach setzen wir unsere Fahrt weiter in die Western Highlands und damit ins wahre Filmschottland (Braveheart, Rob Roy und Highlander) fort. 2 \u00dcbernachtungen an der Westk\u00fcste.<\/p>\n<p><strong>4. Tag: Insel Skye<\/strong> &#8211; Kurz vor der Skye Bridge steht das bekannte Eilean Donan Castle. Den heutigen Tag verbringen wir mit der Erkundung der <a href=\"https:\/\/www.urlaubcornwall.de\/blog\/urlaub-insel-skye-sehenswuerdigkeiten-geschichte-und-unterkunft\/\">Insel Skye<\/a>. Unter anderem k\u00f6nnen wir die bekannten Cullin Hills, welche als die sch\u00f6nsten Berge Gro\u00dfbritanniens gelten, bestaunen. In <a href=\"https:\/\/www.urlaubcornwall.de\/ferienhaeuser-fewos\/sco\/schottische-inseln\/portree.html\">Portree<\/a> legen wir eine Mittagspause ein. In Portree, dem Hauptort der Insel, gibt es zahlreiche Pubs und Restaurants, die mit frischen Fischspezialit\u00e4ten locken. Au\u00dferdem ist die bunte H\u00e4userzeile am Hafen das Wahrzeichen des Ortes. Per F\u00e4hre verlassen wir die Insel Skye. Genie\u00dfen Sie die sch\u00f6ne \u00dcberfahrt! \u00dcbernachtung wie am Vortag.<\/p>\n<p><img loading=\"lazy\" class=\"aligncenter size-full wp-image-47803\" src=\"https:\/\/www.urlaubcornwall.de\/blog\/wp-content\/uploads\/2024\/03\/schottland-seen.jpg\" alt=\"schottland loch\" width=\"750\" height=\"500\" srcset=\"https:\/\/www.urlaubcornwall.de\/blog\/wp-content\/uploads\/2024\/03\/schottland-seen.jpg 750w, https:\/\/www.urlaubcornwall.de\/blog\/wp-content\/uploads\/2024\/03\/schottland-seen-300x200.jpg 300w\" sizes=\"(max-width: 750px) 100vw, 750px\" \/><\/p>\n<p><strong>5. Tag: Westk\u00fcste \u2013 Highlands<\/strong> &#8211; Fahrt vorbei am tiefsten Binnensee Europas, dem Loch Morar, nach <a href=\"https:\/\/www.urlaubcornwall.de\/blog\/urlaub-in-fort-william-sehenswuerdigkeiten-geschichte-und-unterkunft\/\">Fort William<\/a>. Hier haben wir die M\u00f6glichkeit mit einem Kabinenlift hinauf zum Aonach Mor zu fahren, um dort einen fantastischen Blick auf den h\u00f6chsten Berg Gro\u00dfbritanniens genie\u00dfen zu k\u00f6nnen. Weiter geht es durch das wundersch\u00f6ne Great Glen, dessen Hauptattraktion der sagenumwobene Loch Ness ist. In Inverness d\u00fcrfen wir den Schottenrock-Produzenten \u201eHighlands House of Fraser\u201c oder die \u201ePringles Weavers of Inverness\u201c Wollweberei besichtigen bevor es zum n\u00e4chsten \u00dcbernachtungsort geht. \u00dcbernachtung in den Highlands \/ <a href=\"https:\/\/www.urlaubcornwall.de\/blog\/urlaub-in-aviemore-cairngorms-nationalpark-sehenswuerdigkeiten-unterkunft-und-geschichte\/\">Cairngorms Nationalpark<\/a> (z.B. in Aviemore)<\/p>\n<p><strong>6. Tag: Highlands \u2013 Speyside \u2013 Pitlochry<\/strong> &#8211; Wir erleben den weltber\u00fchmten Malt Whisky Trail in der wundersch\u00f6nen und lieblichen Region Speyside, die \u00f6stlich von unserem Hotel liegt. Zuerst besuchen wir eine traditionelle K\u00fcferei, in der noch heutzutage die ehemaligen spanischen Sherryf\u00e4sser von Hand wieder zusammensetzt werden. Anschlie\u00dfend geht es weiter zur Besichtigung der unter Whisky-Kennern aus der ganzen Welt beliebten Whiskybrennerei \u201cGlenlivet\u201d. Weiterfahrt zum wundersch\u00f6nen kleinen Hochlandst\u00e4dtchen Pitlochry, der letzte \u00dcbernachtungsort dieser Rundreise. \u00dcbernachtung in <a href=\"https:\/\/www.urlaubcornwall.de\/ferienhaeuser-fewos\/sco\/zentralschottland\/pitlochry.html\">Pitlochry<\/a>.<\/p>\n<p><strong>7. Tag: Heimreise<\/strong> &#8211; Heute wird es leider schon wieder Zeit sich von der wundersch\u00f6nen und ereignisreichen Zeit in Schottland zu verabschieden. Nach dem Fr\u00fchst\u00fcck Fahrt zur\u00fcck zum Flughafen Edinburgh. R\u00fcckfl\u00fcge sind ab 11:30 Uhr zu erreichen. Ende der Rundreise \u201eSchottland exklusiv \u2013 nicht nur der Whisky wegen\u201c.<\/p>\n<p><strong>Eingeschlossene Leistungen<\/strong><\/p>\n<p>Rundreise lt. Reiseverlauf mit deutschsprachiger Reiseleitung<\/p>\n<p>Flughafentransfers bei Anreise und Abreise in Edinburgh<\/p>\n<p>6 \u00dcbernachtungen in 3-4* Hotels<\/p>\n<p>6x Fr\u00fchst\u00fcck &amp; 6 x Abendessen<\/p>\n<p>Eintrittsgelder laut Ausschreibung (inklusive aller Whiskybrennereien und Castles)<\/p>\n<p>1 Reisef\u00fchrer \u00fcber Schottland<\/p>\n<p><strong>Nicht eingeschlossene Leistungen:<\/strong><\/p>\n<p>Fl\u00fcge (bieten wir Ihnen gerne passend mit an)<\/p>\n<p>Flughafentransfers ab\/bis Glasgow: \u20ac 40 pro Person\/Strecke<\/p>\n<p>Trinkgelder, pers\u00f6nliche Ausgaben, Souvenirs<\/p>\n<p>Zus\u00e4tzliche Mahlzeiten<\/p>\n<p>Reiseversicherungen (gerne \u00fcber uns buchbar)<\/p>\n<p style=\"text-align: center;\"><a class=\"tidycta\" href=\"http:\/\/www.urlaubcornwall.de\/anfrage.php?tourcode=EEDHBSE\">Anfrage \/ Buchung<\/a><\/p>\n","protected":false},"excerpt":{"rendered":"<p>Highlights: Edinburgh &#8211; Whisky Destillerie &#8211; Pitlochry &#8211; Speyside &#8220;Schottland exklusiv &#8211; nicht nur der Whisky wegen&#8221;: Lernen Sie Schottland auf dieser 7-t\u00e4gigen Buserlebnisreise von seiner exklusiven Seite kennen und lieben. Es erwarten Sie neben Schottlands H\u00f6hepunkten auch verschiedene Besichtigungen der wohl ber\u00fchmtesten Whisky Brennereien. Freuen Sie sich auf ein unvergessliches Erlebnis, welches Sie auch [&hellip;]<\/p>\n","protected":false},"author":1,"featured_media":0,"parent":0,"menu_order":0,"comment_status":"closed","ping_status":"closed","template":"single-four.php","meta":[],"acf":[],"yoast_head":"<!-- This site is optimized with the Yoast SEO plugin v19.4 - https:\/\/yoast.com\/wordpress\/plugins\/seo\/ -->\n<title>Schottland exklusiv - Busrundreise Schottland 7 Tage - Urlaub &amp; Reisen<\/title>\n<meta name=\"robots\" content=\"index, follow, max-snippet:-1, max-image-preview:large, max-video-preview:-1\" \/>\n<link rel=\"canonical\" href=\"https:\/\/www.urlaubcornwall.de\/blog\/erlebnisreise-in-schottland-busrundreise-schottland-8-tage\/\" \/>\n<meta property=\"og:locale\" content=\"en_US\" \/>\n<meta property=\"og:type\" content=\"article\" \/>\n<meta property=\"og:title\" content=\"Schottland exklusiv - Busrundreise Schottland 7 Tage - Urlaub &amp; Reisen\" \/>\n<meta property=\"og:description\" content=\"Highlights: Edinburgh &#8211; Whisky Destillerie &#8211; Pitlochry &#8211; Speyside &#8220;Schottland exklusiv &#8211; nicht nur der Whisky wegen&#8221;: Lernen Sie Schottland auf dieser 7-t\u00e4gigen Buserlebnisreise von seiner exklusiven Seite kennen und lieben. Es erwarten Sie neben Schottlands H\u00f6hepunkten auch verschiedene Besichtigungen der wohl ber\u00fchmtesten Whisky Brennereien. Freuen Sie sich auf ein unvergessliches Erlebnis, welches Sie auch [&hellip;]\" \/>\n<meta property=\"og:url\" content=\"https:\/\/www.urlaubcornwall.de\/blog\/erlebnisreise-in-schottland-busrundreise-schottland-8-tage\/\" \/>\n<meta property=\"og:site_name\" content=\"Urlaub &amp; Reisen\" \/>\n<meta property=\"article:modified_time\" content=\"2024-04-05T11:05:50+00:00\" \/>\n<meta property=\"og:image\" content=\"https:\/\/www.urlaubcornwall.de\/blog\/wp-content\/uploads\/2015\/09\/16871320_3.jpg\" \/>\n<meta name=\"twitter:card\" content=\"summary\" \/>\n<meta name=\"twitter:label1\" content=\"Est. reading time\" \/>\n\t<meta name=\"twitter:data1\" content=\"4 minutes\" \/>\n<script type=\"application\/ld+json\" class=\"yoast-schema-graph\">{\"@context\":\"https:\/\/schema.org\",\"@graph\":[{\"@type\":\"WebSite\",\"@id\":\"https:\/\/www.urlaubcornwall.de\/blog\/#website\",\"url\":\"https:\/\/www.urlaubcornwall.de\/blog\/\",\"name\":\"Urlaub &amp; Reisen\",\"description\":\"Urlaub, Reisen, Cornwall und S\u00fcdengland: eine perfekte Kombination\",\"potentialAction\":[{\"@type\":\"SearchAction\",\"target\":{\"@type\":\"EntryPoint\",\"urlTemplate\":\"https:\/\/www.urlaubcornwall.de\/blog\/?s={search_term_string}\"},\"query-input\":\"required name=search_term_string\"}],\"inLanguage\":\"en-US\"},{\"@type\":\"WebPage\",\"@id\":\"https:\/\/www.urlaubcornwall.de\/blog\/erlebnisreise-in-schottland-busrundreise-schottland-8-tage\/\",\"url\":\"https:\/\/www.urlaubcornwall.de\/blog\/erlebnisreise-in-schottland-busrundreise-schottland-8-tage\/\",\"name\":\"Schottland exklusiv - Busrundreise Schottland 7 Tage - Urlaub &amp; Reisen\",\"isPartOf\":{\"@id\":\"https:\/\/www.urlaubcornwall.de\/blog\/#website\"},\"datePublished\":\"2015-09-07T09:44:42+00:00\",\"dateModified\":\"2024-04-05T11:05:50+00:00\",\"breadcrumb\":{\"@id\":\"https:\/\/www.urlaubcornwall.de\/blog\/erlebnisreise-in-schottland-busrundreise-schottland-8-tage\/#breadcrumb\"},\"inLanguage\":\"en-US\",\"potentialAction\":[{\"@type\":\"ReadAction\",\"target\":[\"https:\/\/www.urlaubcornwall.de\/blog\/erlebnisreise-in-schottland-busrundreise-schottland-8-tage\/\"]}]},{\"@type\":\"BreadcrumbList\",\"@id\":\"https:\/\/www.urlaubcornwall.de\/blog\/erlebnisreise-in-schottland-busrundreise-schottland-8-tage\/#breadcrumb\",\"itemListElement\":[{\"@type\":\"ListItem\",\"position\":1,\"name\":\"Home\",\"item\":\"https:\/\/www.urlaubcornwall.de\/blog\/\"},{\"@type\":\"ListItem\",\"position\":2,\"name\":\"Schottland exklusiv &#8211; Busrundreise Schottland 7 Tage\"}]}]}<\/script>\n<!-- \/ Yoast SEO plugin. -->","yoast_head_json":{"title":"Schottland exklusiv - Busrundreise Schottland 7 Tage - Urlaub &amp; Reisen","robots":{"index":"index","follow":"follow","max-snippet":"max-snippet:-1","max-image-preview":"max-image-preview:large","max-video-preview":"max-video-preview:-1"},"canonical":"https:\/\/www.urlaubcornwall.de\/blog\/erlebnisreise-in-schottland-busrundreise-schottland-8-tage\/","og_locale":"en_US","og_type":"article","og_title":"Schottland exklusiv - Busrundreise Schottland 7 Tage - Urlaub &amp; Reisen","og_description":"Highlights: Edinburgh &#8211; Whisky Destillerie &#8211; Pitlochry &#8211; Speyside &#8220;Schottland exklusiv &#8211; nicht nur der Whisky wegen&#8221;: Lernen Sie Schottland auf dieser 7-t\u00e4gigen Buserlebnisreise von seiner exklusiven Seite kennen und lieben. Es erwarten Sie neben Schottlands H\u00f6hepunkten auch verschiedene Besichtigungen der wohl ber\u00fchmtesten Whisky Brennereien. Freuen Sie sich auf ein unvergessliches Erlebnis, welches Sie auch [&hellip;]","og_url":"https:\/\/www.urlaubcornwall.de\/blog\/erlebnisreise-in-schottland-busrundreise-schottland-8-tage\/","og_site_name":"Urlaub &amp; Reisen","article_modified_time":"2024-04-05T11:05:50+00:00","og_image":[{"url":"https:\/\/www.urlaubcornwall.de\/blog\/wp-content\/uploads\/2015\/09\/16871320_3.jpg"}],"twitter_card":"summary","twitter_misc":{"Est. reading time":"4 minutes"},"schema":{"@context":"https:\/\/schema.org","@graph":[{"@type":"WebSite","@id":"https:\/\/www.urlaubcornwall.de\/blog\/#website","url":"https:\/\/www.urlaubcornwall.de\/blog\/","name":"Urlaub &amp; Reisen","description":"Urlaub, Reisen, Cornwall und S\u00fcdengland: eine perfekte Kombination","potentialAction":[{"@type":"SearchAction","target":{"@type":"EntryPoint","urlTemplate":"https:\/\/www.urlaubcornwall.de\/blog\/?s={search_term_string}"},"query-input":"required name=search_term_string"}],"inLanguage":"en-US"},{"@type":"WebPage","@id":"https:\/\/www.urlaubcornwall.de\/blog\/erlebnisreise-in-schottland-busrundreise-schottland-8-tage\/","url":"https:\/\/www.urlaubcornwall.de\/blog\/erlebnisreise-in-schottland-busrundreise-schottland-8-tage\/","name":"Schottland exklusiv - Busrundreise Schottland 7 Tage - Urlaub &amp; Reisen","isPartOf":{"@id":"https:\/\/www.urlaubcornwall.de\/blog\/#website"},"datePublished":"2015-09-07T09:44:42+00:00","dateModified":"2024-04-05T11:05:50+00:00","breadcrumb":{"@id":"https:\/\/www.urlaubcornwall.de\/blog\/erlebnisreise-in-schottland-busrundreise-schottland-8-tage\/#breadcrumb"},"inLanguage":"en-US","potentialAction":[{"@type":"ReadAction","target":["https:\/\/www.urlaubcornwall.de\/blog\/erlebnisreise-in-schottland-busrundreise-schottland-8-tage\/"]}]},{"@type":"BreadcrumbList","@id":"https:\/\/www.urlaubcornwall.de\/blog\/erlebnisreise-in-schottland-busrundreise-schottland-8-tage\/#breadcrumb","itemListElement":[{"@type":"ListItem","position":1,"name":"Home","item":"https:\/\/www.urlaubcornwall.de\/blog\/"},{"@type":"ListItem","position":2,"name":"Schottland exklusiv &#8211; Busrundreise Schottland 7 Tage"}]}]}},"_links":{"self":[{"href":"https:\/\/www.urlaubcornwall.de\/blog\/wp-json\/wp\/v2\/pages\/20101"}],"collection":[{"href":"https:\/\/www.urlaubcornwall.de\/blog\/wp-json\/wp\/v2\/pages"}],"about":[{"href":"https:\/\/www.urlaubcornwall.de\/blog\/wp-json\/wp\/v2\/types\/page"}],"author":[{"embeddable":true,"href":"https:\/\/www.urlaubcornwall.de\/blog\/wp-json\/wp\/v2\/users\/1"}],"replies":[{"embeddable":true,"href":"https:\/\/www.urlaubcornwall.de\/blog\/wp-json\/wp\/v2\/comments?post=20101"}],"version-history":[{"count":20,"href":"https:\/\/www.urlaubcornwall.de\/blog\/wp-json\/wp\/v2\/pages\/20101\/revisions"}],"predecessor-version":[{"id":48969,"href":"https:\/\/www.urlaubcornwall.de\/blog\/wp-json\/wp\/v2\/pages\/20101\/revisions\/48969"}],"wp:attachment":[{"href":"https:\/\/www.urlaubcornwall.de\/blog\/wp-json\/wp\/v2\/media?parent=20101"}],"curies":[{"name":"wp","href":"https:\/\/api.w.org\/{rel}","templated":true}]}}