{"id":20087,"date":"2015-09-07T09:08:13","date_gmt":"2015-09-07T09:08:13","guid":{"rendered":"https:\/\/www.urlaubcornwall.de\/blog\/?page_id=20087"},"modified":"2024-05-30T10:30:20","modified_gmt":"2024-05-30T10:30:20","slug":"highlands-islands-schottlands-12-tage-busreise","status":"publish","type":"page","link":"https:\/\/www.urlaubcornwall.de\/blog\/highlands-islands-schottlands-12-tage-busreise\/","title":{"rendered":"Highlands &#038; Islands Schottlands Urlaub: 12 Tage Busreise."},"content":{"rendered":"<p>[tab name=&#8221;<strong>Busrundreise<\/strong>&#8220;]<\/p>\n<p><a href=\"https:\/\/www.urlaubcornwall.de\/blog\/wp-content\/uploads\/2024\/03\/skye.jpg\"><img loading=\"lazy\" src=\"https:\/\/www.urlaubcornwall.de\/blog\/wp-content\/uploads\/2024\/03\/skye.jpg\" alt=\"skye\" width=\"750\" height=\"562\" class=\"alignnone size-full wp-image-47801\" srcset=\"https:\/\/www.urlaubcornwall.de\/blog\/wp-content\/uploads\/2024\/03\/skye.jpg 750w, https:\/\/www.urlaubcornwall.de\/blog\/wp-content\/uploads\/2024\/03\/skye-300x225.jpg 300w\" sizes=\"(max-width: 750px) 100vw, 750px\" \/><\/a><\/p>\n<p style=\"text-align: center;\"><strong>Rundreise Schottland &#8220;Highlands &amp; Islands Schottlands&#8221; <\/strong>&#8211; 12 Tage mit Kreuzfahrt Orkney Inseln | 12 Tage \/ 11 N\u00e4chte | ab Edinburgh \/ bis Edinburgh<\/p>\n<p style=\"text-align: center;\"><strong>Highlights: <\/strong>deutschsprachige Busrundreise mit einer 3-Tages Kreuzfahrt Orkney &amp; <a href=\"https:\/\/www.urlaubcornwall.de\/blog\/urlaub-inseln-shetland-sehenswuerdigkeiten-geschichte-und-unterkunft\/\">Shetland<\/a><\/p>\n<p>Schottland von seiner sch\u00f6nsten Seite, eine facettenreiche deutschsprachige Rundreise. Sie erleben: Edinburgh, eine faszinierende Stadt! Der Schriftsteller Robert Louis Stevenson formulierte es so: &#8220;Edinburgh ist, wie Paris sein sollte&#8221;. Dann nat\u00fcrlich das sagenumwobene Loch Ness, aber auch schottische Gem\u00fctlichkeit und Schl\u00f6sser, sowie malerische Landschaften. Die <a href=\"https:\/\/www.urlaubcornwall.de\/blog\/urlaub-insel-skye-sehenswuerdigkeiten-geschichte-und-unterkunft\/\">Isle of Skye<\/a> und eine Kreuzfahrt zu den <a href=\"https:\/\/www.urlaubcornwall.de\/blog\/urlaub-inseln-orkney-sehenswuerdigkeiten-geschichte-und-unterkunft\/\">Orkney Inseln<\/a>.<\/p>\n<p>[\/tab]<\/p>\n<p>[tab name=&#8221;<strong>Tourbeschreibung<\/strong>&#8220;]<br \/>\n<strong>1. Tag: Edinburgh<\/strong><\/p>\n<p>Bei Ankunft werden Sie am Flughafen von unserer Vertretung vor Ort abgeholt und zum Hotel gebracht. Der restliche Tag steht Ihnen zur freien Verf\u00fcgung. Schlendern Sie doch einfach die Princess Street hinunter oder besuchen Sie den Botanischen Garten. \u00dcbernachtung in Edinburgh<\/p>\n<p><strong>2. Tag: Oban<\/strong><\/p>\n<p>Verlassen des Hotels mit Ihrem Reiseleiter und Fahrt nach Glasgow f\u00fcr eine Mini Stadtrundfahrt. Dann geht es weiter zum Loch Lomond und der Ufersiedlung Luss. In Inveraray haben Sie Zeit zum Mittagessen bevor Sie durch Kilmarten Glen fahren, eine St\u00e4tte an der viele Steinkreise und Relikte des Bronzezeitalters zu finden sind. Es geht weiter nach Oban zum Abendessen und \u00dcbernachtung.<br \/>\n<a href=\"https:\/\/www.urlaubcornwall.de\/blog\/wp-content\/uploads\/2024\/03\/loch-fyne.jpg\"><img loading=\"lazy\" src=\"https:\/\/www.urlaubcornwall.de\/blog\/wp-content\/uploads\/2024\/03\/loch-fyne.jpg\" alt=\"loch fyne. inveraray, scotland.\" width=\"830\" height=\"577\" class=\"alignnone size-full wp-image-47800\" srcset=\"https:\/\/www.urlaubcornwall.de\/blog\/wp-content\/uploads\/2024\/03\/loch-fyne.jpg 830w, https:\/\/www.urlaubcornwall.de\/blog\/wp-content\/uploads\/2024\/03\/loch-fyne-300x209.jpg 300w, https:\/\/www.urlaubcornwall.de\/blog\/wp-content\/uploads\/2024\/03\/loch-fyne-768x534.jpg 768w\" sizes=\"(max-width: 830px) 100vw, 830px\" \/><\/a><\/p>\n<p><strong>3. Tag: Oban<\/strong><\/p>\n<p>Einchecken f\u00fcr die morgendliche Fahrt mit dem Schiff von Oban nach Craignure. Hier angekommen geht die Fahrt weiter \u00fcber die Insel Mull und anschlie\u00dfend mit der Passagierf\u00e4hre zur Insel Iona. Auf dieser kleinen und abgelegenen Insel haben Sie die M\u00f6glichkeit die Abtei von Iona zu besuchen. R\u00fcckkehr nach Craignure und Einchecken f\u00fcr die abendliche Fahrt mit dem Schiff zur\u00fcck nach Oban. Abendessen und \u00dcbernachtung im Hotel.<\/p>\n<p><strong>4. Tag: Isle of Skye<\/strong><\/p>\n<p>Heute fahren Sie weiter nach Fort William und dem Glenfinnan Monument. Von Mallaig aus setzen Sie mit der F\u00e4hre zum s\u00fcdlichen Abschnitt der Insel Skye \u00fcber und fahren anschlie\u00dfend in Richtung Norden, nach Portree. Hier haben Sie Zeit f\u00fcr einen Spaziergang entlang des Hafens. Abendessen und \u00dcbernachtung im Hotel auf oder nahe der Insel Skye.<\/p>\n<p><strong>5. Tag: Ullapool<\/strong><\/p>\n<p>Am Morgen \u00fcberqueren Sie die Skye Br\u00fccke und besuchen die nahe gelegene Burg Eilean Donan Castle auf dem Festland. Entlang der Westk\u00fcste, mit ihren erstaunlichen und wilden Landschaften, geht die Fahrt weiter bis hinauf zu den G\u00e4rten von Inverewe und anschlie\u00dfend bis nach Ullapool. Abendessen und \u00dcbernachtung im Raum Ullapool.<\/p>\n<p><strong>6. Tag: Orkney 3-Tages Kreuzfahrt<\/strong><\/p>\n<p>Fr\u00fch am Morgen verlassen Sie das Hotel um in Richtung Norden nach Scabster zu fahren. Hier checken Sie auf dem neuen Kreuzfahrtschiff, welches Sie zun\u00e4chst zur Insel Orkney bringt, ein. An Bord haben Sie Zeit f\u00fcr ein Mittagessen w\u00e4hrend wir das Schiff die Old Man of Hoy passiert. In Stromness angekommen, Besuch von Skara Brae, die Kathedrale St. Magnus und Scapa Flow mit den Churchill Barrieren und der italienischen Kapelle. Abendessen in einem lokalen Restaurant, ehe am Abend noch die zeremoniellen Steinkreise von Brodgar und Stennes besucht werden. Zur\u00fcck auf dem Schiff legen Sie von Kirkwall zur Insel Shetland ab. \u00dcbernachtung an Bord.<\/p>\n<p><strong>7. Tag: Kreuzfahrt Shetland<\/strong><\/p>\n<p>Am Morgen Ankunft in Lerwick. Nach dem Fr\u00fchst\u00fcck an Bord Aufbruch zu einer Tagesbesichtigung von Shetland. Unter anderem besuchen Sie das pr\u00e4historische Jarlsdorf. Am sp\u00e4ten Nachmittag verlassen Sie dann diese Insel wieder. Abendessen und \u00dcbernachtung an Bord.<\/p>\n<p><strong>8. Tag: Grantown on Spey<\/strong><\/p>\n<p>Nachdem Sie an Bord gefr\u00fchst\u00fcckt haben verlassen Sie das Schiff in Aberdeen. Nach einer kurzen Stadtrundfahrt geht die Reise via Inverurie weiter in Richtung Nordwesten bis nach Elgin. Hier wird die Kathedrale von Elgin und die Johnston&#8217;s Kaschmir Fabrik besichtigt. Von hier geht die Fahrt weiter in Richtung Grantown-on-Spey, wo Sie eine der Whisky Brennereien besuchen werden. 2x \u00dcbernachtung und Aberdessen in Grantown-on-Spey.<\/p>\n<p><strong>9. Tag: Inverness<\/strong><\/p>\n<p>Heute besuchen Sie den ber\u00fchmten Loch Ness und das Urquhart Castle, ehe es in Richtung Norden zur Burg Dunrobin Castle geht. Von Dunrobin Castle aus hat man einen herrlichen Blick aufs Meer. Die Burg hat wundersch\u00f6ne G\u00e4rten und bietet zudem ein ungew\u00f6hnliches Museum, welches sich im Sommerhaus befindet. Am Nachmittag geht es dann zur\u00fcck. Auf dem Weg zur\u00fcck zum Hotel erleben Sie noch eine kurze Sightseeing Tour in Inverness.<\/p>\n<p><strong>10. Tag: Edinburgh<\/strong><\/p>\n<p>Heute ist es an der Zeit das Hochland zu verlassen. Sie fahren in Richtung S\u00fcden, vorbei an Perth, der einstigen Hauptstadt Schottlands, ehe Sie Edinburgh erreichen. Nach einer kurzen Panoramatour wird im Hotel eingecheckt. Abendessen im Hotel.<\/p>\n<p><a href=\"https:\/\/www.urlaubcornwall.de\/blog\/wp-content\/uploads\/2015\/09\/edinburgh-schloss.jpg\"><img loading=\"lazy\" class=\"aligncenter size-full wp-image-20095\" src=\"https:\/\/www.urlaubcornwall.de\/blog\/wp-content\/uploads\/2015\/09\/edinburgh-schloss.jpg\" alt=\"edinburgh schloss\" height=\"336\" width=\"750\"\/><\/a><\/p>\n<p><strong>11. Tag: Edinburgh<\/strong><\/p>\n<p>Die Stadttour wird heute fortgef\u00fchrt, unter anderem mit der Besichtigung des Edinburgh Castles. Dann geht es weiter ins schottische Grenzgebiet zu einem Besuch des Abbotsford House und der Abtei von Melrose. Zur\u00fcck in Edinburgh steht ein Abschiedsessen mit schottischer Unterhaltung au\u00dferhalb des Hotels an. An zwei Reiseterminen im August besuchen Sie das Edinburgh Military Tattoo (sind dann im Reisepreis eingeschlossen).<\/p>\n<p><strong>12. Tag: Heimreise<\/strong><\/p>\n<p>Transfer zum Flughafen und R\u00fcckflug in Eigenregie.<\/p>\n\n<p>[\/tab]<\/p>\n<p>[tab name=&#8221;<strong>Eingeschlossene Leistungen<\/strong>&#8220;]<\/p>\n<p><strong>Eingeschlossene Leistungen:<\/strong><\/p>\n<p>9 x \u00dcbernachtungen in guten Touristen- und Mittelklassehotels<\/p>\n<p>2 x N\u00e4chte an Bord des Northlink Kreuzfahrtschiffes in Kabinen mit Dusche\/Bad\/ WC<\/p>\n<p>9 x schottisches oder kontinentales Fr\u00fchst\u00fcck, je nach Hotel<\/p>\n<p>9&nbsp;x Abendessen im Hotel\/Pub\/an Bord des Schiffes, 1 Abendessen in einem lokalen<br \/>\nRestaurant auf Orkney<\/p>\n<p>Schottischer Abend mit Abendessen und Unterhaltung am letzten Abend in Edinburgh<br \/>\n(An dem gekennzeichneten Abfahrttermin wird der schottische Abend von einem Besuch des<br \/>\nEdinburgh Military Tattoos ersetzt)<\/p>\n<p>Ankunfts- und Abfahrtstransfer zwischen dem Flughafen Edinburgh und dem Hotel in<br \/>\nEdinburgh (Tag 1 und Tag 12)<\/p>\n<p>Moderner Reisebus laut Programm<\/p>\n<p>Deutschsprachige Assistenz bei der Ankunft am Flughafen<\/p>\n<p>Qualifizierte (Blue Badge Guide) deutschsprachige Reiseleitung laut Programm<\/p>\n<p>Alle F\u00e4hr\u00fcberfahrten wie im Programm beschrieben (nach Mull und Iona, Insel Skye, Orkney<br \/>\nund Shetland)<\/p>\n<p>Eintritte laut Programm (\u00c4nderungen vorbehalten): Kilmartin Glen Visitor Centre, Iona Abbey, Eilean Donan Castle, Inverewe Garden, Skara Brae, St Magnus Cathedral, Standing Stones on Orkney, Jarlshof, Elgin Cathedral, Johnston\u2019s Cashmere Store, Whisky Distillery, Urquhart Castle, Dunrobin Castle, Edinburgh Castle, Abbotsford House, Melrose Abbey<\/p>\n<p>1 Reisef\u00fchrer pro Zimmer<\/p>\n<p><strong>Nicht eingeschlossene Leistungen:<\/strong><\/p>\n<p>Fl\u00fcge (bieten wir Ihnen gerne passend dazu an)<\/p>\n<p>Trinkgelder, Eintritte<\/p>\n<p>Pers\u00f6nliche Ausgaben<\/p>\n<p>Weitere Mahlzeiten<\/p>\n\n<p>[\/tab]<\/p>\n<p>[end_tabset]<\/p>\n<p style=\"text-align: center;\"><a class=\"tidycta\" href=\"https:\/\/www.urlaubcornwall.de\/blog\/busreisen-durch-schottland-schottischen-highlands-und-inseln\/\">Busreisen Schotttland 2018 &gt;&gt;<\/a><\/p>\n<p style=\"text-align: center;\">UrlaubCornwall haben Touren im Angebot f\u00fcr Individualreisende. Hier finden Sie unsere Auswahl an fantastischen <a href=\"https:\/\/www.urlaubcornwall.de\/blog\/busreisen-durch-schottland-schottischen-highlands-und-inseln\/\"><span style=\"text-decoration: underline;\">Busreisen in Schottland<\/span>. <\/a>Unsere Websitedetails zeigen lediglich eine kleine Auswahl dessen, was wir anbieten k\u00f6nnen. Wir stellen Ihnen gerne ein <a href=\"http:\/\/www.urlaubcornwall.de\/anfrage.php\"><span style=\"text-decoration: underline;\">unverbindliches Angebot<\/span><\/a> mit allen Fl\u00fcgen und Transfers f\u00fcr Ihre Grossbritannien Reise zusammen.<\/p>\n","protected":false},"excerpt":{"rendered":"<p>[tab name=&#8221;Busrundreise&#8220;] Rundreise Schottland &#8220;Highlands &amp; Islands Schottlands&#8221; &#8211; 12 Tage mit Kreuzfahrt Orkney Inseln | 12 Tage \/ 11 N\u00e4chte | ab Edinburgh \/ bis Edinburgh Highlights: deutschsprachige Busrundreise mit einer 3-Tages Kreuzfahrt Orkney &amp; Shetland Schottland von seiner sch\u00f6nsten Seite, eine facettenreiche deutschsprachige Rundreise. Sie erleben: Edinburgh, eine faszinierende Stadt! Der Schriftsteller Robert [&hellip;]<\/p>\n","protected":false},"author":1,"featured_media":0,"parent":0,"menu_order":0,"comment_status":"closed","ping_status":"closed","template":"single-four.php","meta":[],"acf":[],"yoast_head":"<!-- This site is optimized with the Yoast SEO plugin v19.4 - https:\/\/yoast.com\/wordpress\/plugins\/seo\/ -->\n<title>Highlands &amp; Islands Schottlands Urlaub: 12 Tage Busreise. - Urlaub &amp; Reisen<\/title>\n<meta name=\"robots\" content=\"index, follow, max-snippet:-1, max-image-preview:large, max-video-preview:-1\" \/>\n<link rel=\"canonical\" href=\"https:\/\/www.urlaubcornwall.de\/blog\/highlands-islands-schottlands-12-tage-busreise\/\" \/>\n<meta property=\"og:locale\" content=\"en_US\" \/>\n<meta property=\"og:type\" content=\"article\" \/>\n<meta property=\"og:title\" content=\"Highlands &amp; Islands Schottlands Urlaub: 12 Tage Busreise. - Urlaub &amp; Reisen\" \/>\n<meta property=\"og:description\" content=\"[tab name=&#8221;Busrundreise&#8220;] Rundreise Schottland &#8220;Highlands &amp; Islands Schottlands&#8221; &#8211; 12 Tage mit Kreuzfahrt Orkney Inseln | 12 Tage \/ 11 N\u00e4chte | ab Edinburgh \/ bis Edinburgh Highlights: deutschsprachige Busrundreise mit einer 3-Tages Kreuzfahrt Orkney &amp; Shetland Schottland von seiner sch\u00f6nsten Seite, eine facettenreiche deutschsprachige Rundreise. Sie erleben: Edinburgh, eine faszinierende Stadt! Der Schriftsteller Robert [&hellip;]\" \/>\n<meta property=\"og:url\" content=\"https:\/\/www.urlaubcornwall.de\/blog\/highlands-islands-schottlands-12-tage-busreise\/\" \/>\n<meta property=\"og:site_name\" content=\"Urlaub &amp; Reisen\" \/>\n<meta property=\"article:modified_time\" content=\"2024-05-30T10:30:20+00:00\" \/>\n<meta property=\"og:image\" content=\"https:\/\/www.urlaubcornwall.de\/blog\/wp-content\/uploads\/2024\/03\/skye.jpg\" \/>\n<meta name=\"twitter:card\" content=\"summary\" \/>\n<meta name=\"twitter:label1\" content=\"Est. reading time\" \/>\n\t<meta name=\"twitter:data1\" content=\"6 minutes\" \/>\n<script type=\"application\/ld+json\" class=\"yoast-schema-graph\">{\"@context\":\"https:\/\/schema.org\",\"@graph\":[{\"@type\":\"WebSite\",\"@id\":\"https:\/\/www.urlaubcornwall.de\/blog\/#website\",\"url\":\"https:\/\/www.urlaubcornwall.de\/blog\/\",\"name\":\"Urlaub &amp; Reisen\",\"description\":\"Urlaub, Reisen, Cornwall und S\u00fcdengland: eine perfekte Kombination\",\"potentialAction\":[{\"@type\":\"SearchAction\",\"target\":{\"@type\":\"EntryPoint\",\"urlTemplate\":\"https:\/\/www.urlaubcornwall.de\/blog\/?s={search_term_string}\"},\"query-input\":\"required name=search_term_string\"}],\"inLanguage\":\"en-US\"},{\"@type\":\"WebPage\",\"@id\":\"https:\/\/www.urlaubcornwall.de\/blog\/highlands-islands-schottlands-12-tage-busreise\/\",\"url\":\"https:\/\/www.urlaubcornwall.de\/blog\/highlands-islands-schottlands-12-tage-busreise\/\",\"name\":\"Highlands & Islands Schottlands Urlaub: 12 Tage Busreise. - Urlaub &amp; Reisen\",\"isPartOf\":{\"@id\":\"https:\/\/www.urlaubcornwall.de\/blog\/#website\"},\"datePublished\":\"2015-09-07T09:08:13+00:00\",\"dateModified\":\"2024-05-30T10:30:20+00:00\",\"breadcrumb\":{\"@id\":\"https:\/\/www.urlaubcornwall.de\/blog\/highlands-islands-schottlands-12-tage-busreise\/#breadcrumb\"},\"inLanguage\":\"en-US\",\"potentialAction\":[{\"@type\":\"ReadAction\",\"target\":[\"https:\/\/www.urlaubcornwall.de\/blog\/highlands-islands-schottlands-12-tage-busreise\/\"]}]},{\"@type\":\"BreadcrumbList\",\"@id\":\"https:\/\/www.urlaubcornwall.de\/blog\/highlands-islands-schottlands-12-tage-busreise\/#breadcrumb\",\"itemListElement\":[{\"@type\":\"ListItem\",\"position\":1,\"name\":\"Home\",\"item\":\"https:\/\/www.urlaubcornwall.de\/blog\/\"},{\"@type\":\"ListItem\",\"position\":2,\"name\":\"Highlands &#038; Islands Schottlands Urlaub: 12 Tage Busreise.\"}]}]}<\/script>\n<!-- \/ Yoast SEO plugin. -->","yoast_head_json":{"title":"Highlands & Islands Schottlands Urlaub: 12 Tage Busreise. - Urlaub &amp; Reisen","robots":{"index":"index","follow":"follow","max-snippet":"max-snippet:-1","max-image-preview":"max-image-preview:large","max-video-preview":"max-video-preview:-1"},"canonical":"https:\/\/www.urlaubcornwall.de\/blog\/highlands-islands-schottlands-12-tage-busreise\/","og_locale":"en_US","og_type":"article","og_title":"Highlands & Islands Schottlands Urlaub: 12 Tage Busreise. - Urlaub &amp; Reisen","og_description":"[tab name=&#8221;Busrundreise&#8220;] Rundreise Schottland &#8220;Highlands &amp; Islands Schottlands&#8221; &#8211; 12 Tage mit Kreuzfahrt Orkney Inseln | 12 Tage \/ 11 N\u00e4chte | ab Edinburgh \/ bis Edinburgh Highlights: deutschsprachige Busrundreise mit einer 3-Tages Kreuzfahrt Orkney &amp; Shetland Schottland von seiner sch\u00f6nsten Seite, eine facettenreiche deutschsprachige Rundreise. Sie erleben: Edinburgh, eine faszinierende Stadt! Der Schriftsteller Robert [&hellip;]","og_url":"https:\/\/www.urlaubcornwall.de\/blog\/highlands-islands-schottlands-12-tage-busreise\/","og_site_name":"Urlaub &amp; Reisen","article_modified_time":"2024-05-30T10:30:20+00:00","og_image":[{"url":"https:\/\/www.urlaubcornwall.de\/blog\/wp-content\/uploads\/2024\/03\/skye.jpg"}],"twitter_card":"summary","twitter_misc":{"Est. reading time":"6 minutes"},"schema":{"@context":"https:\/\/schema.org","@graph":[{"@type":"WebSite","@id":"https:\/\/www.urlaubcornwall.de\/blog\/#website","url":"https:\/\/www.urlaubcornwall.de\/blog\/","name":"Urlaub &amp; Reisen","description":"Urlaub, Reisen, Cornwall und S\u00fcdengland: eine perfekte Kombination","potentialAction":[{"@type":"SearchAction","target":{"@type":"EntryPoint","urlTemplate":"https:\/\/www.urlaubcornwall.de\/blog\/?s={search_term_string}"},"query-input":"required name=search_term_string"}],"inLanguage":"en-US"},{"@type":"WebPage","@id":"https:\/\/www.urlaubcornwall.de\/blog\/highlands-islands-schottlands-12-tage-busreise\/","url":"https:\/\/www.urlaubcornwall.de\/blog\/highlands-islands-schottlands-12-tage-busreise\/","name":"Highlands & Islands Schottlands Urlaub: 12 Tage Busreise. - Urlaub &amp; Reisen","isPartOf":{"@id":"https:\/\/www.urlaubcornwall.de\/blog\/#website"},"datePublished":"2015-09-07T09:08:13+00:00","dateModified":"2024-05-30T10:30:20+00:00","breadcrumb":{"@id":"https:\/\/www.urlaubcornwall.de\/blog\/highlands-islands-schottlands-12-tage-busreise\/#breadcrumb"},"inLanguage":"en-US","potentialAction":[{"@type":"ReadAction","target":["https:\/\/www.urlaubcornwall.de\/blog\/highlands-islands-schottlands-12-tage-busreise\/"]}]},{"@type":"BreadcrumbList","@id":"https:\/\/www.urlaubcornwall.de\/blog\/highlands-islands-schottlands-12-tage-busreise\/#breadcrumb","itemListElement":[{"@type":"ListItem","position":1,"name":"Home","item":"https:\/\/www.urlaubcornwall.de\/blog\/"},{"@type":"ListItem","position":2,"name":"Highlands &#038; Islands Schottlands Urlaub: 12 Tage Busreise."}]}]}},"_links":{"self":[{"href":"https:\/\/www.urlaubcornwall.de\/blog\/wp-json\/wp\/v2\/pages\/20087"}],"collection":[{"href":"https:\/\/www.urlaubcornwall.de\/blog\/wp-json\/wp\/v2\/pages"}],"about":[{"href":"https:\/\/www.urlaubcornwall.de\/blog\/wp-json\/wp\/v2\/types\/page"}],"author":[{"embeddable":true,"href":"https:\/\/www.urlaubcornwall.de\/blog\/wp-json\/wp\/v2\/users\/1"}],"replies":[{"embeddable":true,"href":"https:\/\/www.urlaubcornwall.de\/blog\/wp-json\/wp\/v2\/comments?post=20087"}],"version-history":[{"count":26,"href":"https:\/\/www.urlaubcornwall.de\/blog\/wp-json\/wp\/v2\/pages\/20087\/revisions"}],"predecessor-version":[{"id":50919,"href":"https:\/\/www.urlaubcornwall.de\/blog\/wp-json\/wp\/v2\/pages\/20087\/revisions\/50919"}],"wp:attachment":[{"href":"https:\/\/www.urlaubcornwall.de\/blog\/wp-json\/wp\/v2\/media?parent=20087"}],"curies":[{"name":"wp","href":"https:\/\/api.w.org\/{rel}","templated":true}]}}