{"id":19930,"date":"2015-08-30T13:30:47","date_gmt":"2015-08-30T13:30:47","guid":{"rendered":"https:\/\/www.urlaubcornwall.de\/blog\/?page_id=19930"},"modified":"2024-04-05T09:52:46","modified_gmt":"2024-04-05T09:52:46","slug":"beliebte-urlaubsorte-east-anglia-norfolk-suffolk-cambridgeshire-und-essex","status":"publish","type":"page","link":"https:\/\/www.urlaubcornwall.de\/blog\/beliebte-urlaubsorte-east-anglia-norfolk-suffolk-cambridgeshire-und-essex\/","title":{"rendered":"Beliebte Urlaubsorte East Anglia-Norfolk, Suffolk, Cambridgeshire und Essex"},"content":{"rendered":"<p><a href=\"https:\/\/www.urlaubcornwall.de\/blog\/wp-content\/uploads\/2024\/03\/norfolk-windmill.jpg\"><img loading=\"lazy\" src=\"https:\/\/www.urlaubcornwall.de\/blog\/wp-content\/uploads\/2024\/03\/norfolk-windmill.jpg\" alt=\"norfolk windmill\" width=\"750\" height=\"500\" class=\"alignnone size-full wp-image-47799\" srcset=\"https:\/\/www.urlaubcornwall.de\/blog\/wp-content\/uploads\/2024\/03\/norfolk-windmill.jpg 750w, https:\/\/www.urlaubcornwall.de\/blog\/wp-content\/uploads\/2024\/03\/norfolk-windmill-300x200.jpg 300w\" sizes=\"(max-width: 750px) 100vw, 750px\" \/><\/a><\/p>\n<p style=\"text-align: center;\"><strong>Bei uns finden Sie Ferienh\u00e4user zum Verlieben &#8211; so einfach ist das!<\/strong><\/p>\n<p style=\"text-align: center;\">UrlaubCornwall.de empfiehlt Cottages, die Ihnen die gr\u00f6\u00dfte Auswahl an handverlesenen Unterk\u00fcnften f\u00fcr Selbstverpfleger in dieser wundersch\u00f6nen Region Gro\u00dfbritanniens offeriert und somit Familien und Paaren eine flexible Option f\u00fcr ihren <a href=\"https:\/\/www.urlaubcornwall.de\/blog\/urlaub-in-east-anglia-ostanglien-eine-abgeschiedene-ecke-englands\/\">Urlaub&nbsp; oder Tour durch East Anglia<\/a> bietet.<\/p>\n<p style=\"text-align: center;\"><a class=\"tidycta\" href=\"https:\/\/www.urlaubcornwall.de\/ferienhaeuser-fewos\/eng\/norfolk\/norfolk.html\">Ferienh\u00e4user in East Anglia<\/a><\/p>\n<table width=\"740\">\n<tbody>\n<tr>\n<td width=\"148\"><strong>B<\/strong><\/td>\n<td width=\"148\"><strong>E<\/strong><\/td>\n<td width=\"148\"><strong>I<\/strong><\/td>\n<td width=\"148\"><strong><a href=\"https:\/\/www.urlaubcornwall.de\/blog\/ferienhaeuser-und-ferienwohnungen-in-newmarket\/\">Newmarket<\/a><\/strong><\/td>\n<td width=\"148\"><strong><a href=\"https:\/\/www.urlaubcornwall.de\/blog\/ferienhaeuser-und-ferienwohnungen-in-wells-next-the-sea\/\">Well next the Sea<\/a><\/strong><\/td>\n<\/tr>\n<tr>\n<td><strong><a href=\"https:\/\/www.urlaubcornwall.de\/blog\/ferienhaeuser-und-ferienwohnungen-in-bury-st-edmunds\/\">Bury St Edmunds<\/a><\/strong><\/td>\n<td><strong><a href=\"https:\/\/www.urlaubcornwall.de\/blog\/ferienhaeuser-und-ferienwohnungen-in-ely-east-anglia\/\">Ely<\/a><\/strong><\/td>\n<td><strong><a href=\"https:\/\/www.urlaubcornwall.de\/blog\/ferienhaeuser-und-ferienwohnungen-in-ipswich\/\">Ipswich<\/a><\/strong><\/td>\n<td><strong>S<\/strong><\/td>\n<td><strong><a href=\"https:\/\/www.urlaubcornwall.de\/blog\/ferienhaeuser-und-ferienwohnungen-in-wisbech\/\">Wisbech<\/a><\/strong><\/td>\n<\/tr>\n<tr>\n<td><strong>C<\/strong><\/td>\n<td><strong>H<\/strong><\/td>\n<td><strong>K<\/strong><\/td>\n<td><strong><a href=\"https:\/\/www.urlaubcornwall.de\/blog\/ferienhaeuser-und-ferienwohnungen-saffron-walden\/\">Saffron Walden<\/a><\/strong><\/td>\n<td>&nbsp;<\/td>\n<\/tr>\n<tr>\n<td><strong><a href=\"https:\/\/www.urlaubcornwall.de\/blog\/ferienhaeuser-und-ferienwohnungen-in-cambridge\/\">Cambridge<\/a><\/strong><\/td>\n<td><strong><a href=\"https:\/\/www.urlaubcornwall.de\/blog\/ferienhaeuser-und-ferienwohnungen-in-hunstanton\/\">Hunstanton<\/a><\/strong><\/td>\n<td><strong><a href=\"https:\/\/www.urlaubcornwall.de\/blog\/ferienhaeuser-und-ferienwohnungen-in-kings-lynn\/\">Kings Lynn<\/a><\/strong><\/td>\n<td><strong><a href=\"https:\/\/www.urlaubcornwall.de\/blog\/ferienhaeuser-und-ferienwohnungen-southend-on-sea\/\">Southend on Sea<\/a><\/strong><\/td>\n<td>&nbsp;<\/td>\n<\/tr>\n<tr>\n<td><strong><a href=\"https:\/\/www.urlaubcornwall.de\/blog\/ferienhaeuser-und-ferienwohnungen-clacton-on-sea\/\">Clacton<\/a><\/strong><\/td>\n<td><strong><a href=\"https:\/\/www.urlaubcornwall.de\/blog\/ferienhaeuser-und-ferienwohnungen-in-huntingdon\/\">Huntingdon<\/a><\/strong><\/td>\n<td><strong>L<\/strong><\/td>\n<td><strong><a href=\"https:\/\/www.urlaubcornwall.de\/blog\/ferienhaeuser-und-ferienwohnungen-in-southwold\/\">Southwold<\/a><\/strong><\/td>\n<td>&nbsp;<\/td>\n<\/tr>\n<tr>\n<td><strong><a href=\"https:\/\/www.urlaubcornwall.de\/blog\/ferienhaeuser-und-ferienwohnungen-colchester\/\">Colchester<\/a><\/strong><\/td>\n<td><strong>G<\/strong><\/td>\n<td><strong><a href=\"https:\/\/www.urlaubcornwall.de\/blog\/ferienhaeuser-und-ferienwohnungen-in-lowestoft\/\">Lowestoft<\/a><\/strong><\/td>\n<td><strong><a href=\"https:\/\/www.urlaubcornwall.de\/blog\/ferienhaeuser-und-ferienwohnungen-in-stowmarket\/\">Stowmarket<\/a><\/strong><\/td>\n<td>&nbsp;<\/td>\n<\/tr>\n<tr>\n<td><strong><a href=\"https:\/\/www.urlaubcornwall.de\/blog\/ferienhaeuser-und-ferienwohnungen-in-cromer\/\">Cromer<\/a><\/strong><\/td>\n<td><strong><a href=\"https:\/\/www.urlaubcornwall.de\/blog\/ferienhaeuser-und-ferienwohnungen-in-great-yarmouth\/\">Great Yarmouth<\/a><\/strong><\/td>\n<td><strong>N<\/strong><\/td>\n<td><strong>W<\/strong><\/td>\n<td>&nbsp;<\/td>\n<\/tr>\n<\/tbody>\n<\/table>\n\n","protected":false},"excerpt":{"rendered":"<p>Bei uns finden Sie Ferienh\u00e4user zum Verlieben &#8211; so einfach ist das! UrlaubCornwall.de empfiehlt Cottages, die Ihnen die gr\u00f6\u00dfte Auswahl an handverlesenen Unterk\u00fcnften f\u00fcr Selbstverpfleger in dieser wundersch\u00f6nen Region Gro\u00dfbritanniens offeriert und somit Familien und Paaren eine flexible Option f\u00fcr ihren Urlaub&nbsp; oder Tour durch East Anglia bietet. Ferienh\u00e4user in East Anglia B E I [&hellip;]<\/p>\n","protected":false},"author":1,"featured_media":0,"parent":0,"menu_order":0,"comment_status":"closed","ping_status":"closed","template":"single-four.php","meta":[],"acf":[],"yoast_head":"<!-- This site is optimized with the Yoast SEO plugin v19.4 - https:\/\/yoast.com\/wordpress\/plugins\/seo\/ -->\n<title>Beliebte Urlaubsorte East Anglia-Norfolk, Suffolk, Cambridgeshire und Essex - Urlaub &amp; Reisen<\/title>\n<meta name=\"robots\" content=\"index, follow, max-snippet:-1, max-image-preview:large, max-video-preview:-1\" \/>\n<link rel=\"canonical\" href=\"https:\/\/www.urlaubcornwall.de\/blog\/beliebte-urlaubsorte-east-anglia-norfolk-suffolk-cambridgeshire-und-essex\/\" \/>\n<meta property=\"og:locale\" content=\"en_US\" \/>\n<meta property=\"og:type\" content=\"article\" \/>\n<meta property=\"og:title\" content=\"Beliebte Urlaubsorte East Anglia-Norfolk, Suffolk, Cambridgeshire und Essex - Urlaub &amp; Reisen\" \/>\n<meta property=\"og:description\" content=\"Bei uns finden Sie Ferienh\u00e4user zum Verlieben &#8211; so einfach ist das! UrlaubCornwall.de empfiehlt Cottages, die Ihnen die gr\u00f6\u00dfte Auswahl an handverlesenen Unterk\u00fcnften f\u00fcr Selbstverpfleger in dieser wundersch\u00f6nen Region Gro\u00dfbritanniens offeriert und somit Familien und Paaren eine flexible Option f\u00fcr ihren Urlaub&nbsp; oder Tour durch East Anglia bietet. Ferienh\u00e4user in East Anglia B E I [&hellip;]\" \/>\n<meta property=\"og:url\" content=\"https:\/\/www.urlaubcornwall.de\/blog\/beliebte-urlaubsorte-east-anglia-norfolk-suffolk-cambridgeshire-und-essex\/\" \/>\n<meta property=\"og:site_name\" content=\"Urlaub &amp; Reisen\" \/>\n<meta property=\"article:modified_time\" content=\"2024-04-05T09:52:46+00:00\" \/>\n<meta property=\"og:image\" content=\"https:\/\/www.urlaubcornwall.de\/blog\/wp-content\/uploads\/2024\/03\/norfolk-windmill.jpg\" \/>\n<meta name=\"twitter:card\" content=\"summary\" \/>\n<meta name=\"twitter:label1\" content=\"Est. reading time\" \/>\n\t<meta name=\"twitter:data1\" content=\"1 minute\" \/>\n<script type=\"application\/ld+json\" class=\"yoast-schema-graph\">{\"@context\":\"https:\/\/schema.org\",\"@graph\":[{\"@type\":\"WebSite\",\"@id\":\"https:\/\/www.urlaubcornwall.de\/blog\/#website\",\"url\":\"https:\/\/www.urlaubcornwall.de\/blog\/\",\"name\":\"Urlaub &amp; Reisen\",\"description\":\"Urlaub, Reisen, Cornwall und S\u00fcdengland: eine perfekte Kombination\",\"potentialAction\":[{\"@type\":\"SearchAction\",\"target\":{\"@type\":\"EntryPoint\",\"urlTemplate\":\"https:\/\/www.urlaubcornwall.de\/blog\/?s={search_term_string}\"},\"query-input\":\"required name=search_term_string\"}],\"inLanguage\":\"en-US\"},{\"@type\":\"WebPage\",\"@id\":\"https:\/\/www.urlaubcornwall.de\/blog\/beliebte-urlaubsorte-east-anglia-norfolk-suffolk-cambridgeshire-und-essex\/\",\"url\":\"https:\/\/www.urlaubcornwall.de\/blog\/beliebte-urlaubsorte-east-anglia-norfolk-suffolk-cambridgeshire-und-essex\/\",\"name\":\"Beliebte Urlaubsorte East Anglia-Norfolk, Suffolk, Cambridgeshire und Essex - Urlaub &amp; Reisen\",\"isPartOf\":{\"@id\":\"https:\/\/www.urlaubcornwall.de\/blog\/#website\"},\"datePublished\":\"2015-08-30T13:30:47+00:00\",\"dateModified\":\"2024-04-05T09:52:46+00:00\",\"breadcrumb\":{\"@id\":\"https:\/\/www.urlaubcornwall.de\/blog\/beliebte-urlaubsorte-east-anglia-norfolk-suffolk-cambridgeshire-und-essex\/#breadcrumb\"},\"inLanguage\":\"en-US\",\"potentialAction\":[{\"@type\":\"ReadAction\",\"target\":[\"https:\/\/www.urlaubcornwall.de\/blog\/beliebte-urlaubsorte-east-anglia-norfolk-suffolk-cambridgeshire-und-essex\/\"]}]},{\"@type\":\"BreadcrumbList\",\"@id\":\"https:\/\/www.urlaubcornwall.de\/blog\/beliebte-urlaubsorte-east-anglia-norfolk-suffolk-cambridgeshire-und-essex\/#breadcrumb\",\"itemListElement\":[{\"@type\":\"ListItem\",\"position\":1,\"name\":\"Home\",\"item\":\"https:\/\/www.urlaubcornwall.de\/blog\/\"},{\"@type\":\"ListItem\",\"position\":2,\"name\":\"Beliebte Urlaubsorte East Anglia-Norfolk, Suffolk, Cambridgeshire und Essex\"}]}]}<\/script>\n<!-- \/ Yoast SEO plugin. -->","yoast_head_json":{"title":"Beliebte Urlaubsorte East Anglia-Norfolk, Suffolk, Cambridgeshire und Essex - Urlaub &amp; Reisen","robots":{"index":"index","follow":"follow","max-snippet":"max-snippet:-1","max-image-preview":"max-image-preview:large","max-video-preview":"max-video-preview:-1"},"canonical":"https:\/\/www.urlaubcornwall.de\/blog\/beliebte-urlaubsorte-east-anglia-norfolk-suffolk-cambridgeshire-und-essex\/","og_locale":"en_US","og_type":"article","og_title":"Beliebte Urlaubsorte East Anglia-Norfolk, Suffolk, Cambridgeshire und Essex - Urlaub &amp; Reisen","og_description":"Bei uns finden Sie Ferienh\u00e4user zum Verlieben &#8211; so einfach ist das! UrlaubCornwall.de empfiehlt Cottages, die Ihnen die gr\u00f6\u00dfte Auswahl an handverlesenen Unterk\u00fcnften f\u00fcr Selbstverpfleger in dieser wundersch\u00f6nen Region Gro\u00dfbritanniens offeriert und somit Familien und Paaren eine flexible Option f\u00fcr ihren Urlaub&nbsp; oder Tour durch East Anglia bietet. Ferienh\u00e4user in East Anglia B E I [&hellip;]","og_url":"https:\/\/www.urlaubcornwall.de\/blog\/beliebte-urlaubsorte-east-anglia-norfolk-suffolk-cambridgeshire-und-essex\/","og_site_name":"Urlaub &amp; Reisen","article_modified_time":"2024-04-05T09:52:46+00:00","og_image":[{"url":"https:\/\/www.urlaubcornwall.de\/blog\/wp-content\/uploads\/2024\/03\/norfolk-windmill.jpg"}],"twitter_card":"summary","twitter_misc":{"Est. reading time":"1 minute"},"schema":{"@context":"https:\/\/schema.org","@graph":[{"@type":"WebSite","@id":"https:\/\/www.urlaubcornwall.de\/blog\/#website","url":"https:\/\/www.urlaubcornwall.de\/blog\/","name":"Urlaub &amp; Reisen","description":"Urlaub, Reisen, Cornwall und S\u00fcdengland: eine perfekte Kombination","potentialAction":[{"@type":"SearchAction","target":{"@type":"EntryPoint","urlTemplate":"https:\/\/www.urlaubcornwall.de\/blog\/?s={search_term_string}"},"query-input":"required name=search_term_string"}],"inLanguage":"en-US"},{"@type":"WebPage","@id":"https:\/\/www.urlaubcornwall.de\/blog\/beliebte-urlaubsorte-east-anglia-norfolk-suffolk-cambridgeshire-und-essex\/","url":"https:\/\/www.urlaubcornwall.de\/blog\/beliebte-urlaubsorte-east-anglia-norfolk-suffolk-cambridgeshire-und-essex\/","name":"Beliebte Urlaubsorte East Anglia-Norfolk, Suffolk, Cambridgeshire und Essex - Urlaub &amp; Reisen","isPartOf":{"@id":"https:\/\/www.urlaubcornwall.de\/blog\/#website"},"datePublished":"2015-08-30T13:30:47+00:00","dateModified":"2024-04-05T09:52:46+00:00","breadcrumb":{"@id":"https:\/\/www.urlaubcornwall.de\/blog\/beliebte-urlaubsorte-east-anglia-norfolk-suffolk-cambridgeshire-und-essex\/#breadcrumb"},"inLanguage":"en-US","potentialAction":[{"@type":"ReadAction","target":["https:\/\/www.urlaubcornwall.de\/blog\/beliebte-urlaubsorte-east-anglia-norfolk-suffolk-cambridgeshire-und-essex\/"]}]},{"@type":"BreadcrumbList","@id":"https:\/\/www.urlaubcornwall.de\/blog\/beliebte-urlaubsorte-east-anglia-norfolk-suffolk-cambridgeshire-und-essex\/#breadcrumb","itemListElement":[{"@type":"ListItem","position":1,"name":"Home","item":"https:\/\/www.urlaubcornwall.de\/blog\/"},{"@type":"ListItem","position":2,"name":"Beliebte Urlaubsorte East Anglia-Norfolk, Suffolk, Cambridgeshire und Essex"}]}]}},"_links":{"self":[{"href":"https:\/\/www.urlaubcornwall.de\/blog\/wp-json\/wp\/v2\/pages\/19930"}],"collection":[{"href":"https:\/\/www.urlaubcornwall.de\/blog\/wp-json\/wp\/v2\/pages"}],"about":[{"href":"https:\/\/www.urlaubcornwall.de\/blog\/wp-json\/wp\/v2\/types\/page"}],"author":[{"embeddable":true,"href":"https:\/\/www.urlaubcornwall.de\/blog\/wp-json\/wp\/v2\/users\/1"}],"replies":[{"embeddable":true,"href":"https:\/\/www.urlaubcornwall.de\/blog\/wp-json\/wp\/v2\/comments?post=19930"}],"version-history":[{"count":10,"href":"https:\/\/www.urlaubcornwall.de\/blog\/wp-json\/wp\/v2\/pages\/19930\/revisions"}],"predecessor-version":[{"id":48950,"href":"https:\/\/www.urlaubcornwall.de\/blog\/wp-json\/wp\/v2\/pages\/19930\/revisions\/48950"}],"wp:attachment":[{"href":"https:\/\/www.urlaubcornwall.de\/blog\/wp-json\/wp\/v2\/media?parent=19930"}],"curies":[{"name":"wp","href":"https:\/\/api.w.org\/{rel}","templated":true}]}}