{"id":19925,"date":"2015-08-30T13:07:35","date_gmt":"2015-08-30T13:07:35","guid":{"rendered":"https:\/\/www.urlaubcornwall.de\/blog\/?page_id=19925"},"modified":"2024-04-05T09:44:14","modified_gmt":"2024-04-05T09:44:14","slug":"ferienhaeuser-und-ferienwohnungen-southend-on-sea","status":"publish","type":"page","link":"https:\/\/www.urlaubcornwall.de\/blog\/ferienhaeuser-und-ferienwohnungen-southend-on-sea\/","title":{"rendered":"Ferienh\u00e4user in Southend on Sea"},"content":{"rendered":"<p><a href=\"https:\/\/www.urlaubcornwall.de\/blog\/wp-content\/uploads\/2015\/08\/Southend-Pier2.jpg\"><img loading=\"lazy\" class=\"aligncenter size-full wp-image-47998\" src=\"https:\/\/www.urlaubcornwall.de\/blog\/wp-content\/uploads\/2024\/03\/southwold-pier.jpg\" alt=\"\" width=\"750\" height=\"422\" srcset=\"https:\/\/www.urlaubcornwall.de\/blog\/wp-content\/uploads\/2024\/03\/southwold-pier.jpg 750w, https:\/\/www.urlaubcornwall.de\/blog\/wp-content\/uploads\/2024\/03\/southwold-pier-300x169.jpg 300w\" sizes=\"(max-width: 750px) 100vw, 750px\" \/><\/a><\/p>\n<p>Southend on Sea bietet entlang der 7 Meilen langen Promenade all die traditionellen Vergn\u00fcgungsm\u00f6glichkeiten einer Stadt am Meer. Es hat auch das l\u00e4ngste Vergn\u00fcgungspier der Welt, das sich 2.16km in die Flussm\u00fcndung der Themse hinein erstreckt. Auch f\u00fchrt eine Bahnstrecke entlang, die Besucher vom Ufer bis zum Ende des Piers bringt.<\/p>\n<p><strong>Bei uns finden Sie Ferienh\u00e4user zum Verlieben \u2013 so einfach ist das!<\/strong> UrlaubCornwall verf\u00fcgt Ferienh\u00e4user und <span class=\"fn\">Ferienwohnungen<\/span> in Clacton on Sea f\u00fcr Ihren Urlaub in den <a href=\"https:\/\/www.urlaubcornwall.de\/blog\/urlaub-in-essex-geschichte-landschaft-und-straende\/\">Urlaub in Essex<\/a>.<\/p>\n<p><strong>Urlaub &amp; Reisen in Essex. <\/strong>Lassen Sie uns Ihre speziellen W\u00fcnsche wissen! <strong><a href=\"http:\/\/www.urlaubcornwall.de\/anfrage.php?tourcode=Ferienhaus Essex\"><strong>Anfrage<\/strong>&gt;&gt;<\/a><\/strong><\/p>\n","protected":false},"excerpt":{"rendered":"<p>Southend on Sea bietet entlang der 7 Meilen langen Promenade all die traditionellen Vergn\u00fcgungsm\u00f6glichkeiten einer Stadt am Meer. Es hat auch das l\u00e4ngste Vergn\u00fcgungspier der Welt, das sich 2.16km in die Flussm\u00fcndung der Themse hinein erstreckt. Auch f\u00fchrt eine Bahnstrecke entlang, die Besucher vom Ufer bis zum Ende des Piers bringt. Bei uns finden Sie [&hellip;]<\/p>\n","protected":false},"author":1,"featured_media":0,"parent":0,"menu_order":0,"comment_status":"closed","ping_status":"closed","template":"single-four.php","meta":[],"acf":[],"yoast_head":"<!-- This site is optimized with the Yoast SEO plugin v19.4 - https:\/\/yoast.com\/wordpress\/plugins\/seo\/ -->\n<title>Ferienh\u00e4user in Southend on Sea - Urlaub &amp; Reisen<\/title>\n<meta name=\"robots\" content=\"index, follow, max-snippet:-1, max-image-preview:large, max-video-preview:-1\" \/>\n<link rel=\"canonical\" href=\"https:\/\/www.urlaubcornwall.de\/blog\/ferienhaeuser-und-ferienwohnungen-southend-on-sea\/\" \/>\n<meta property=\"og:locale\" content=\"en_US\" \/>\n<meta property=\"og:type\" content=\"article\" \/>\n<meta property=\"og:title\" content=\"Ferienh\u00e4user in Southend on Sea - Urlaub &amp; Reisen\" \/>\n<meta property=\"og:description\" content=\"Southend on Sea bietet entlang der 7 Meilen langen Promenade all die traditionellen Vergn\u00fcgungsm\u00f6glichkeiten einer Stadt am Meer. Es hat auch das l\u00e4ngste Vergn\u00fcgungspier der Welt, das sich 2.16km in die Flussm\u00fcndung der Themse hinein erstreckt. Auch f\u00fchrt eine Bahnstrecke entlang, die Besucher vom Ufer bis zum Ende des Piers bringt. Bei uns finden Sie [&hellip;]\" \/>\n<meta property=\"og:url\" content=\"https:\/\/www.urlaubcornwall.de\/blog\/ferienhaeuser-und-ferienwohnungen-southend-on-sea\/\" \/>\n<meta property=\"og:site_name\" content=\"Urlaub &amp; Reisen\" \/>\n<meta property=\"article:modified_time\" content=\"2024-04-05T09:44:14+00:00\" \/>\n<meta property=\"og:image\" content=\"https:\/\/www.urlaubcornwall.de\/blog\/wp-content\/uploads\/2024\/03\/southwold-pier.jpg\" \/>\n<meta name=\"twitter:card\" content=\"summary\" \/>\n<meta name=\"twitter:label1\" content=\"Est. reading time\" \/>\n\t<meta name=\"twitter:data1\" content=\"1 minute\" \/>\n<script type=\"application\/ld+json\" class=\"yoast-schema-graph\">{\"@context\":\"https:\/\/schema.org\",\"@graph\":[{\"@type\":\"WebSite\",\"@id\":\"https:\/\/www.urlaubcornwall.de\/blog\/#website\",\"url\":\"https:\/\/www.urlaubcornwall.de\/blog\/\",\"name\":\"Urlaub &amp; Reisen\",\"description\":\"Urlaub, Reisen, Cornwall und S\u00fcdengland: eine perfekte Kombination\",\"potentialAction\":[{\"@type\":\"SearchAction\",\"target\":{\"@type\":\"EntryPoint\",\"urlTemplate\":\"https:\/\/www.urlaubcornwall.de\/blog\/?s={search_term_string}\"},\"query-input\":\"required name=search_term_string\"}],\"inLanguage\":\"en-US\"},{\"@type\":\"WebPage\",\"@id\":\"https:\/\/www.urlaubcornwall.de\/blog\/ferienhaeuser-und-ferienwohnungen-southend-on-sea\/\",\"url\":\"https:\/\/www.urlaubcornwall.de\/blog\/ferienhaeuser-und-ferienwohnungen-southend-on-sea\/\",\"name\":\"Ferienh\u00e4user in Southend on Sea - Urlaub &amp; Reisen\",\"isPartOf\":{\"@id\":\"https:\/\/www.urlaubcornwall.de\/blog\/#website\"},\"datePublished\":\"2015-08-30T13:07:35+00:00\",\"dateModified\":\"2024-04-05T09:44:14+00:00\",\"breadcrumb\":{\"@id\":\"https:\/\/www.urlaubcornwall.de\/blog\/ferienhaeuser-und-ferienwohnungen-southend-on-sea\/#breadcrumb\"},\"inLanguage\":\"en-US\",\"potentialAction\":[{\"@type\":\"ReadAction\",\"target\":[\"https:\/\/www.urlaubcornwall.de\/blog\/ferienhaeuser-und-ferienwohnungen-southend-on-sea\/\"]}]},{\"@type\":\"BreadcrumbList\",\"@id\":\"https:\/\/www.urlaubcornwall.de\/blog\/ferienhaeuser-und-ferienwohnungen-southend-on-sea\/#breadcrumb\",\"itemListElement\":[{\"@type\":\"ListItem\",\"position\":1,\"name\":\"Home\",\"item\":\"https:\/\/www.urlaubcornwall.de\/blog\/\"},{\"@type\":\"ListItem\",\"position\":2,\"name\":\"Ferienh\u00e4user in Southend on Sea\"}]}]}<\/script>\n<!-- \/ Yoast SEO plugin. -->","yoast_head_json":{"title":"Ferienh\u00e4user in Southend on Sea - Urlaub &amp; Reisen","robots":{"index":"index","follow":"follow","max-snippet":"max-snippet:-1","max-image-preview":"max-image-preview:large","max-video-preview":"max-video-preview:-1"},"canonical":"https:\/\/www.urlaubcornwall.de\/blog\/ferienhaeuser-und-ferienwohnungen-southend-on-sea\/","og_locale":"en_US","og_type":"article","og_title":"Ferienh\u00e4user in Southend on Sea - Urlaub &amp; Reisen","og_description":"Southend on Sea bietet entlang der 7 Meilen langen Promenade all die traditionellen Vergn\u00fcgungsm\u00f6glichkeiten einer Stadt am Meer. Es hat auch das l\u00e4ngste Vergn\u00fcgungspier der Welt, das sich 2.16km in die Flussm\u00fcndung der Themse hinein erstreckt. Auch f\u00fchrt eine Bahnstrecke entlang, die Besucher vom Ufer bis zum Ende des Piers bringt. Bei uns finden Sie [&hellip;]","og_url":"https:\/\/www.urlaubcornwall.de\/blog\/ferienhaeuser-und-ferienwohnungen-southend-on-sea\/","og_site_name":"Urlaub &amp; Reisen","article_modified_time":"2024-04-05T09:44:14+00:00","og_image":[{"url":"https:\/\/www.urlaubcornwall.de\/blog\/wp-content\/uploads\/2024\/03\/southwold-pier.jpg"}],"twitter_card":"summary","twitter_misc":{"Est. reading time":"1 minute"},"schema":{"@context":"https:\/\/schema.org","@graph":[{"@type":"WebSite","@id":"https:\/\/www.urlaubcornwall.de\/blog\/#website","url":"https:\/\/www.urlaubcornwall.de\/blog\/","name":"Urlaub &amp; Reisen","description":"Urlaub, Reisen, Cornwall und S\u00fcdengland: eine perfekte Kombination","potentialAction":[{"@type":"SearchAction","target":{"@type":"EntryPoint","urlTemplate":"https:\/\/www.urlaubcornwall.de\/blog\/?s={search_term_string}"},"query-input":"required name=search_term_string"}],"inLanguage":"en-US"},{"@type":"WebPage","@id":"https:\/\/www.urlaubcornwall.de\/blog\/ferienhaeuser-und-ferienwohnungen-southend-on-sea\/","url":"https:\/\/www.urlaubcornwall.de\/blog\/ferienhaeuser-und-ferienwohnungen-southend-on-sea\/","name":"Ferienh\u00e4user in Southend on Sea - Urlaub &amp; Reisen","isPartOf":{"@id":"https:\/\/www.urlaubcornwall.de\/blog\/#website"},"datePublished":"2015-08-30T13:07:35+00:00","dateModified":"2024-04-05T09:44:14+00:00","breadcrumb":{"@id":"https:\/\/www.urlaubcornwall.de\/blog\/ferienhaeuser-und-ferienwohnungen-southend-on-sea\/#breadcrumb"},"inLanguage":"en-US","potentialAction":[{"@type":"ReadAction","target":["https:\/\/www.urlaubcornwall.de\/blog\/ferienhaeuser-und-ferienwohnungen-southend-on-sea\/"]}]},{"@type":"BreadcrumbList","@id":"https:\/\/www.urlaubcornwall.de\/blog\/ferienhaeuser-und-ferienwohnungen-southend-on-sea\/#breadcrumb","itemListElement":[{"@type":"ListItem","position":1,"name":"Home","item":"https:\/\/www.urlaubcornwall.de\/blog\/"},{"@type":"ListItem","position":2,"name":"Ferienh\u00e4user in Southend on Sea"}]}]}},"_links":{"self":[{"href":"https:\/\/www.urlaubcornwall.de\/blog\/wp-json\/wp\/v2\/pages\/19925"}],"collection":[{"href":"https:\/\/www.urlaubcornwall.de\/blog\/wp-json\/wp\/v2\/pages"}],"about":[{"href":"https:\/\/www.urlaubcornwall.de\/blog\/wp-json\/wp\/v2\/types\/page"}],"author":[{"embeddable":true,"href":"https:\/\/www.urlaubcornwall.de\/blog\/wp-json\/wp\/v2\/users\/1"}],"replies":[{"embeddable":true,"href":"https:\/\/www.urlaubcornwall.de\/blog\/wp-json\/wp\/v2\/comments?post=19925"}],"version-history":[{"count":8,"href":"https:\/\/www.urlaubcornwall.de\/blog\/wp-json\/wp\/v2\/pages\/19925\/revisions"}],"predecessor-version":[{"id":48944,"href":"https:\/\/www.urlaubcornwall.de\/blog\/wp-json\/wp\/v2\/pages\/19925\/revisions\/48944"}],"wp:attachment":[{"href":"https:\/\/www.urlaubcornwall.de\/blog\/wp-json\/wp\/v2\/media?parent=19925"}],"curies":[{"name":"wp","href":"https:\/\/api.w.org\/{rel}","templated":true}]}}