{"id":19917,"date":"2015-08-30T12:59:05","date_gmt":"2015-08-30T12:59:05","guid":{"rendered":"https:\/\/www.urlaubcornwall.de\/blog\/?page_id=19917"},"modified":"2016-05-06T07:38:51","modified_gmt":"2016-05-06T07:38:51","slug":"ferienhaeuser-und-ferienwohnungen-clacton-on-sea","status":"publish","type":"page","link":"https:\/\/www.urlaubcornwall.de\/blog\/ferienhaeuser-und-ferienwohnungen-clacton-on-sea\/","title":{"rendered":"Ferienh\u00e4user in Clacton on Sea"},"content":{"rendered":"<p><a href=\"https:\/\/www.urlaubcornwall.de\/blog\/wp-content\/uploads\/2015\/02\/special_offers.jpg\"><img loading=\"lazy\" class=\"aligncenter size-full wp-image-18055\" src=\"https:\/\/www.urlaubcornwall.de\/blog\/wp-content\/uploads\/2015\/02\/special_offers.jpg\" alt=\"\" width=\"745\" height=\"257\" srcset=\"https:\/\/www.urlaubcornwall.de\/blog\/wp-content\/uploads\/2015\/02\/special_offers.jpg 745w, https:\/\/www.urlaubcornwall.de\/blog\/wp-content\/uploads\/2015\/02\/special_offers-300x103.jpg 300w\" sizes=\"(max-width: 745px) 100vw, 745px\" \/><\/a><\/p>\n<p>Clacton on Sea ist die gr\u00f6\u00dfte Stadt an der Sonnenk\u00fcste von Essex, eine traditionelle Stadt am Meer mit einem modernen Twist, die sie zu einem gesch\u00e4ftigen und doch leistbaren Urlaubsort am Meer macht. Sie r\u00fchmt sich einer Vielzahl an Unterhaltungsm\u00f6glichkeiten, einschlie\u00dflich eines Vergn\u00fcgungspiers, Arkaden, den Princes- und Westcliff Theatern, eines Golfplatzes, Strandspazierg\u00e4ngen, Wassersportm\u00f6glichkeiten und eines Flugplatzes, der Rundfluge anbietet.<\/p>\n<p><strong>Bei uns finden Sie Ferienh\u00e4user zum Verlieben \u2013 so einfach ist das!<\/strong> UrlaubCornwall verf\u00fcgt Ferienh\u00e4user und <span class=\"fn\">Ferienwohnungen<\/span> in Clacton on Sea f\u00fcr Ihren Urlaub in den <a href=\"https:\/\/www.urlaubcornwall.de\/blog\/urlaub-in-essex-geschichte-landschaft-und-straende\/\">Urlaub in Essex<\/a>.<\/p>\n<table>\n<tbody>\n<tr>\n<td><img loading=\"lazy\" class=\"aligncenter size-full wp-image-7090\" style=\"border: 0pt none; padding: 0px;\" src=\"https:\/\/www.urlaubcornwall.de\/blog\/wp-content\/uploads\/2015\/08\/3-worcester-court_915880_01.jpg\" alt=\"Ferienwohnung clactonam meer\" width=\"148\" height=\"108\" \/><\/td>\n<td><strong><\/strong><strong>3 Worcester Court<br \/>\n<\/strong>\n<h3><\/h3>\n<p>2 Schlafzimmer, Schlafplatz f\u00fcr 4, leider keine Haustiere erlaubt, Ferienwohnung mit Parken Clacton on Sea, Essex.<\/p>\n<h3><\/h3>\n<p><strong>ab 307,- <b>\u00a3 <\/b><\/strong><\/p><\/td>\n<\/tr>\n<\/tbody>\n<\/table>\n<table width=\"753\">\n<tbody>\n<tr>\n<td><img loading=\"lazy\" class=\"aligncenter size-full wp-image-7090\" style=\"border: 0pt none; padding: 0px;\" src=\"https:\/\/www.urlaubcornwall.de\/blog\/wp-content\/uploads\/2015\/08\/little-haven_21794_23.jpg\" alt=\"Ferienhaus am meer clacton\" width=\"148\" height=\"108\" \/><\/td>\n<td><strong><\/strong><strong>Little Haven<br \/>\n<\/strong>\n<h3><\/h3>\n<p>2 Schlafzimmer, Schlafplatz f\u00fcr 4, hundefreundlich, Garten, Ferienhaus strandnah Holland on Sea 3 kilometer von Clacton, Essex.<\/p>\n<h3><\/h3>\n<p><strong>ab 327,- <b>\u00a3 <\/b><\/strong><\/p><\/td>\n<\/tr>\n<\/tbody>\n<\/table>\n<table>\n<tbody>\n<tr>\n<td><img loading=\"lazy\" class=\"aligncenter size-full wp-image-7090\" style=\"border: 0pt none; padding: 0px;\" src=\"https:\/\/www.urlaubcornwall.de\/blog\/wp-content\/uploads\/2015\/08\/chapel-cottage_915284_09.jpg\" alt=\"feriencottage essex \" width=\"148\" height=\"108\" \/><\/td>\n<td><strong>Chapel Cottage<br \/>\n<\/strong>\n<h3><\/h3>\n<p>2 Schlafzimmer, Schlafplatz f\u00fcr 6, hundefreundlich, Wifi, Garten, Ferienhaus Pin Mill In der N\u00e4he Holbrook, Essex.<\/p>\n<h3><\/h3>\n<p><strong>ab 272,- <b>\u00a3 <\/b><\/strong><\/p><\/td>\n<\/tr>\n<\/tbody>\n<\/table>\n<p><strong>Urlaub &amp; Reisen in Essex!<\/strong> Lassen Sie uns Ihre speziellen W\u00fcnsche wissen! <strong><a href=\"http:\/\/www.urlaubcornwall.de\/anfrage.php?tourcode=Ferienhaus Essex\"><strong>Anfrage<\/strong>&gt;&gt;<\/a><\/strong><\/p>\n","protected":false},"excerpt":{"rendered":"<p>Clacton on Sea ist die gr\u00f6\u00dfte Stadt an der Sonnenk\u00fcste von Essex, eine traditionelle Stadt am Meer mit einem modernen Twist, die sie zu einem gesch\u00e4ftigen und doch leistbaren Urlaubsort am Meer macht. Sie r\u00fchmt sich einer Vielzahl an Unterhaltungsm\u00f6glichkeiten, einschlie\u00dflich eines Vergn\u00fcgungspiers, Arkaden, den Princes- und Westcliff Theatern, eines Golfplatzes, Strandspazierg\u00e4ngen, Wassersportm\u00f6glichkeiten und eines [&hellip;]<\/p>\n","protected":false},"author":1,"featured_media":0,"parent":0,"menu_order":0,"comment_status":"closed","ping_status":"closed","template":"single-four.php","meta":[],"acf":[],"yoast_head":"<!-- This site is optimized with the Yoast SEO plugin v19.4 - https:\/\/yoast.com\/wordpress\/plugins\/seo\/ -->\n<title>Ferienh\u00e4user in Clacton on Sea - Urlaub &amp; Reisen<\/title>\n<meta name=\"robots\" content=\"index, follow, max-snippet:-1, max-image-preview:large, max-video-preview:-1\" \/>\n<link rel=\"canonical\" href=\"https:\/\/www.urlaubcornwall.de\/blog\/ferienhaeuser-und-ferienwohnungen-clacton-on-sea\/\" \/>\n<meta property=\"og:locale\" content=\"en_US\" \/>\n<meta property=\"og:type\" content=\"article\" \/>\n<meta property=\"og:title\" content=\"Ferienh\u00e4user in Clacton on Sea - Urlaub &amp; Reisen\" \/>\n<meta property=\"og:description\" content=\"Clacton on Sea ist die gr\u00f6\u00dfte Stadt an der Sonnenk\u00fcste von Essex, eine traditionelle Stadt am Meer mit einem modernen Twist, die sie zu einem gesch\u00e4ftigen und doch leistbaren Urlaubsort am Meer macht. Sie r\u00fchmt sich einer Vielzahl an Unterhaltungsm\u00f6glichkeiten, einschlie\u00dflich eines Vergn\u00fcgungspiers, Arkaden, den Princes- und Westcliff Theatern, eines Golfplatzes, Strandspazierg\u00e4ngen, Wassersportm\u00f6glichkeiten und eines [&hellip;]\" \/>\n<meta property=\"og:url\" content=\"https:\/\/www.urlaubcornwall.de\/blog\/ferienhaeuser-und-ferienwohnungen-clacton-on-sea\/\" \/>\n<meta property=\"og:site_name\" content=\"Urlaub &amp; Reisen\" \/>\n<meta property=\"article:modified_time\" content=\"2016-05-06T07:38:51+00:00\" \/>\n<meta property=\"og:image\" content=\"https:\/\/www.urlaubcornwall.de\/blog\/wp-content\/uploads\/2015\/02\/special_offers.jpg\" \/>\n<meta name=\"twitter:card\" content=\"summary\" \/>\n<meta name=\"twitter:label1\" content=\"Est. reading time\" \/>\n\t<meta name=\"twitter:data1\" content=\"1 minute\" \/>\n<script type=\"application\/ld+json\" class=\"yoast-schema-graph\">{\"@context\":\"https:\/\/schema.org\",\"@graph\":[{\"@type\":\"WebSite\",\"@id\":\"https:\/\/www.urlaubcornwall.de\/blog\/#website\",\"url\":\"https:\/\/www.urlaubcornwall.de\/blog\/\",\"name\":\"Urlaub &amp; Reisen\",\"description\":\"Urlaub, Reisen, Cornwall und S\u00fcdengland: eine perfekte Kombination\",\"potentialAction\":[{\"@type\":\"SearchAction\",\"target\":{\"@type\":\"EntryPoint\",\"urlTemplate\":\"https:\/\/www.urlaubcornwall.de\/blog\/?s={search_term_string}\"},\"query-input\":\"required name=search_term_string\"}],\"inLanguage\":\"en-US\"},{\"@type\":\"WebPage\",\"@id\":\"https:\/\/www.urlaubcornwall.de\/blog\/ferienhaeuser-und-ferienwohnungen-clacton-on-sea\/\",\"url\":\"https:\/\/www.urlaubcornwall.de\/blog\/ferienhaeuser-und-ferienwohnungen-clacton-on-sea\/\",\"name\":\"Ferienh\u00e4user in Clacton on Sea - Urlaub &amp; Reisen\",\"isPartOf\":{\"@id\":\"https:\/\/www.urlaubcornwall.de\/blog\/#website\"},\"datePublished\":\"2015-08-30T12:59:05+00:00\",\"dateModified\":\"2016-05-06T07:38:51+00:00\",\"breadcrumb\":{\"@id\":\"https:\/\/www.urlaubcornwall.de\/blog\/ferienhaeuser-und-ferienwohnungen-clacton-on-sea\/#breadcrumb\"},\"inLanguage\":\"en-US\",\"potentialAction\":[{\"@type\":\"ReadAction\",\"target\":[\"https:\/\/www.urlaubcornwall.de\/blog\/ferienhaeuser-und-ferienwohnungen-clacton-on-sea\/\"]}]},{\"@type\":\"BreadcrumbList\",\"@id\":\"https:\/\/www.urlaubcornwall.de\/blog\/ferienhaeuser-und-ferienwohnungen-clacton-on-sea\/#breadcrumb\",\"itemListElement\":[{\"@type\":\"ListItem\",\"position\":1,\"name\":\"Home\",\"item\":\"https:\/\/www.urlaubcornwall.de\/blog\/\"},{\"@type\":\"ListItem\",\"position\":2,\"name\":\"Ferienh\u00e4user in Clacton on Sea\"}]}]}<\/script>\n<!-- \/ Yoast SEO plugin. -->","yoast_head_json":{"title":"Ferienh\u00e4user in Clacton on Sea - Urlaub &amp; Reisen","robots":{"index":"index","follow":"follow","max-snippet":"max-snippet:-1","max-image-preview":"max-image-preview:large","max-video-preview":"max-video-preview:-1"},"canonical":"https:\/\/www.urlaubcornwall.de\/blog\/ferienhaeuser-und-ferienwohnungen-clacton-on-sea\/","og_locale":"en_US","og_type":"article","og_title":"Ferienh\u00e4user in Clacton on Sea - Urlaub &amp; Reisen","og_description":"Clacton on Sea ist die gr\u00f6\u00dfte Stadt an der Sonnenk\u00fcste von Essex, eine traditionelle Stadt am Meer mit einem modernen Twist, die sie zu einem gesch\u00e4ftigen und doch leistbaren Urlaubsort am Meer macht. Sie r\u00fchmt sich einer Vielzahl an Unterhaltungsm\u00f6glichkeiten, einschlie\u00dflich eines Vergn\u00fcgungspiers, Arkaden, den Princes- und Westcliff Theatern, eines Golfplatzes, Strandspazierg\u00e4ngen, Wassersportm\u00f6glichkeiten und eines [&hellip;]","og_url":"https:\/\/www.urlaubcornwall.de\/blog\/ferienhaeuser-und-ferienwohnungen-clacton-on-sea\/","og_site_name":"Urlaub &amp; Reisen","article_modified_time":"2016-05-06T07:38:51+00:00","og_image":[{"url":"https:\/\/www.urlaubcornwall.de\/blog\/wp-content\/uploads\/2015\/02\/special_offers.jpg"}],"twitter_card":"summary","twitter_misc":{"Est. reading time":"1 minute"},"schema":{"@context":"https:\/\/schema.org","@graph":[{"@type":"WebSite","@id":"https:\/\/www.urlaubcornwall.de\/blog\/#website","url":"https:\/\/www.urlaubcornwall.de\/blog\/","name":"Urlaub &amp; Reisen","description":"Urlaub, Reisen, Cornwall und S\u00fcdengland: eine perfekte Kombination","potentialAction":[{"@type":"SearchAction","target":{"@type":"EntryPoint","urlTemplate":"https:\/\/www.urlaubcornwall.de\/blog\/?s={search_term_string}"},"query-input":"required name=search_term_string"}],"inLanguage":"en-US"},{"@type":"WebPage","@id":"https:\/\/www.urlaubcornwall.de\/blog\/ferienhaeuser-und-ferienwohnungen-clacton-on-sea\/","url":"https:\/\/www.urlaubcornwall.de\/blog\/ferienhaeuser-und-ferienwohnungen-clacton-on-sea\/","name":"Ferienh\u00e4user in Clacton on Sea - Urlaub &amp; Reisen","isPartOf":{"@id":"https:\/\/www.urlaubcornwall.de\/blog\/#website"},"datePublished":"2015-08-30T12:59:05+00:00","dateModified":"2016-05-06T07:38:51+00:00","breadcrumb":{"@id":"https:\/\/www.urlaubcornwall.de\/blog\/ferienhaeuser-und-ferienwohnungen-clacton-on-sea\/#breadcrumb"},"inLanguage":"en-US","potentialAction":[{"@type":"ReadAction","target":["https:\/\/www.urlaubcornwall.de\/blog\/ferienhaeuser-und-ferienwohnungen-clacton-on-sea\/"]}]},{"@type":"BreadcrumbList","@id":"https:\/\/www.urlaubcornwall.de\/blog\/ferienhaeuser-und-ferienwohnungen-clacton-on-sea\/#breadcrumb","itemListElement":[{"@type":"ListItem","position":1,"name":"Home","item":"https:\/\/www.urlaubcornwall.de\/blog\/"},{"@type":"ListItem","position":2,"name":"Ferienh\u00e4user in Clacton on Sea"}]}]}},"_links":{"self":[{"href":"https:\/\/www.urlaubcornwall.de\/blog\/wp-json\/wp\/v2\/pages\/19917"}],"collection":[{"href":"https:\/\/www.urlaubcornwall.de\/blog\/wp-json\/wp\/v2\/pages"}],"about":[{"href":"https:\/\/www.urlaubcornwall.de\/blog\/wp-json\/wp\/v2\/types\/page"}],"author":[{"embeddable":true,"href":"https:\/\/www.urlaubcornwall.de\/blog\/wp-json\/wp\/v2\/users\/1"}],"replies":[{"embeddable":true,"href":"https:\/\/www.urlaubcornwall.de\/blog\/wp-json\/wp\/v2\/comments?post=19917"}],"version-history":[{"count":5,"href":"https:\/\/www.urlaubcornwall.de\/blog\/wp-json\/wp\/v2\/pages\/19917\/revisions"}],"predecessor-version":[{"id":23875,"href":"https:\/\/www.urlaubcornwall.de\/blog\/wp-json\/wp\/v2\/pages\/19917\/revisions\/23875"}],"wp:attachment":[{"href":"https:\/\/www.urlaubcornwall.de\/blog\/wp-json\/wp\/v2\/media?parent=19917"}],"curies":[{"name":"wp","href":"https:\/\/api.w.org\/{rel}","templated":true}]}}