{"id":19774,"date":"2015-08-26T11:35:24","date_gmt":"2015-08-26T11:35:24","guid":{"rendered":"https:\/\/www.urlaubcornwall.de\/blog\/?page_id=19774"},"modified":"2024-05-29T09:35:30","modified_gmt":"2024-05-29T09:35:30","slug":"unsere-top-10-reisetipps-fuer-urlaub-in-ost-anglia","status":"publish","type":"page","link":"https:\/\/www.urlaubcornwall.de\/blog\/unsere-top-10-reisetipps-fuer-urlaub-in-ost-anglia\/","title":{"rendered":"Unsere Top 10 Reisetipps f\u00fcr Urlaub in Ost Anglia"},"content":{"rendered":"<p><a href=\"https:\/\/www.urlaubcornwall.de\/blog\/wp-content\/uploads\/2015\/08\/urlaub-cambridge_2.jpg\"><img loading=\"lazy\" class=\"aligncenter size-full wp-image-19782\" src=\"https:\/\/www.urlaubcornwall.de\/blog\/wp-content\/uploads\/2015\/08\/urlaub-cambridge_2.jpg\" alt=\"urlaub cambridge\" width=\"746\" height=\"358\" srcset=\"https:\/\/www.urlaubcornwall.de\/blog\/wp-content\/uploads\/2015\/08\/urlaub-cambridge_2.jpg 746w, https:\/\/www.urlaubcornwall.de\/blog\/wp-content\/uploads\/2015\/08\/urlaub-cambridge_2-300x144.jpg 300w\" sizes=\"(max-width: 746px) 100vw, 746px\" \/><\/a><br \/>\n<strong>1 \u2013<\/strong> In <a href=\"https:\/\/www.urlaubcornwall.de\/blog\/urlaub-in-cambridge-east-anglia\/\">Cambridge<\/a> besuchen Sie unbedingt die Backs, die Feuchtwiesen entlang des Flusses Cam; ein entz\u00fcckender Ort zum Bummeln und Herumstochern.<\/p>\n<p><strong>2 \u2013<\/strong> Probieren Sie den Geschmack von Ost Anglia mit einer Cromer Krabbe, Colchester Austern, Yarmouth Hering, Norfolks Schwarzen Puten, Suffolks ger\u00e4uchertem Schinken und Newmarkets W\u00fcrsten. Dabei sind dies nur ein paar der regionalen Spezialit\u00e4ten.<\/p>\n<p><strong>3 \u2013<\/strong> Besuchen Sie Flatford in <a href=\"https:\/\/www.urlaubcornwall.de\/blog\/urlaub-in-suffolk-die-grafschaft-von-constable-und-das-zuhause-mittelalterlicher-staedte-und-doerfer\/\">Suffolk<\/a>, dessen l\u00e4ndlicher Sch\u00f6nheit Unsterblichkeit in \u00d6l verliehen wurde von John Constable in seinem ber\u00fchmten Gem\u00e4lde \u201eThe Haywain\u201c.<\/p>\n<p><strong>4 \u2013<\/strong> Great Yarmouth mit seiner weltber\u00fchmten Goldenen Meile, Sandstr\u00e4nden und au\u00dferordentlichem maritimen Erbe ist eines Besuches durchaus wert.<\/p>\n<p><strong>5 <\/strong><strong>\u2013<\/strong> Entdecken Sie die stilvolle Marktstadt Woodbridge mit ihren Einkaufsboutiquen, der alten Gezeitenm\u00fchle und wundervollen Spazierm\u00f6glichkeiten entlang des Flusses Deben.<\/p>\n<p><strong>6<\/strong> <strong>\u2013<\/strong> North <a href=\"https:\/\/www.urlaubcornwall.de\/blog\/urlaub-in-norfolk-von-sandstraenden-bis-hin-zu-den-broads\/\">Norfolk<\/a> ist das ganze Jahr \u00fcber ein gro\u00dfartiges Reiseziel mit meilenweiter unber\u00fchrter K\u00fcste, Naturreservaten von internationaler Wichtigkeit und malerischen D\u00f6rfern.<\/p>\n<p><a href=\"https:\/\/www.urlaubcornwall.de\/blog\/wp-content\/uploads\/2024\/03\/norfolk-broads.jpg\"><img loading=\"lazy\" class=\"aligncenter size-full wp-image-47795\" src=\"https:\/\/www.urlaubcornwall.de\/blog\/wp-content\/uploads\/2024\/03\/norfolk-broads.jpg\" alt=\"norfolk broads\" width=\"750\" height=\"530\" srcset=\"https:\/\/www.urlaubcornwall.de\/blog\/wp-content\/uploads\/2024\/03\/norfolk-broads.jpg 750w, https:\/\/www.urlaubcornwall.de\/blog\/wp-content\/uploads\/2024\/03\/norfolk-broads-300x212.jpg 300w\" sizes=\"(max-width: 750px) 100vw, 750px\" \/><\/a><\/p>\n<p><strong>7 \u2013<\/strong> Mieten Sie f\u00fcr Ihren Urlaub oder nur f\u00fcr einen Tag ein Boot auf den Norfolk Broads.<\/p>\n<p><strong>8 \u2013<\/strong> Besuchen Sie das Wicken Fen National Naturreservat in Cambridgeshire, 304 Hektar nicht entw\u00e4ssertes Marschland, der Inbegriff einer traditionellen Sumpflandschaft.<\/p>\n<p><strong>9 \u2013<\/strong> Dunwich Heide und Strand befinden sich versteckt an der K\u00fcste Suffolks und bieten Ruhe und Frieden, sowie das wahrhaftige Gef\u00fchl, eins mit der Natur zu sein.<\/p>\n<p><strong>10 &#8211;<\/strong> Schlendern Sie \u00fcber Swaffhams lebendigen Samstagsmarkt \u2013 au\u00dferdem gibt es frische Krabben und handgemachten K\u00e4se auf dem Bauernmarkt (am ersten Mittwoch eines Monats).<\/p>\n<h1 style=\"text-align: center;\"><strong>Bei uns finden Sie Ferienh\u00e4user zum Verlieben \u2013 so einfach ist das!<\/strong><\/h1>\n<p style=\"text-align: center;\"><a class=\"tidycta\" href=\"https:\/\/www.urlaubcornwall.de\/ferienhaeuser-fewos\/eng\/norfolk\/norfolk.html\">Ferienh\u00e4user in East Anglia<\/a><\/p>\n<p style=\"text-align: center;\">Die Auswahl ist schier endlos, und ein East Anglia Cottage ist die perfekte Ausgangsbasis f\u00fcr einen Urlaub. Wir haben eine Riesenauswahl an Ferienwohnungen &amp; Ferienh\u00e4usern f\u00fcr Sie.<\/p>\n<p><img loading=\"lazy\" class=\"aligncenter size-full wp-image-24598\" src=\"https:\/\/www.urlaubcornwall.de\/blog\/wp-content\/uploads\/2016\/06\/urlaub-und-gro\u00dfbritannien_logo_final.jpg\" alt=\"\" width=\"746\" height=\"361\" srcset=\"https:\/\/www.urlaubcornwall.de\/blog\/wp-content\/uploads\/2016\/06\/urlaub-und-gro\u00dfbritannien_logo_final.jpg 746w, https:\/\/www.urlaubcornwall.de\/blog\/wp-content\/uploads\/2016\/06\/urlaub-und-gro\u00dfbritannien_logo_final-300x145.jpg 300w\" sizes=\"(max-width: 746px) 100vw, 746px\" \/><\/p>\n<h2 style=\"text-align: center;\">Unser Rundreisenservice<\/h2>\n<p style=\"text-align: center;\"><a class=\"tidycta\" href=\"http:\/\/www.urlaubcornwall.de\/anfrage.php?tourcode=Urlaub Ost Anglia\">Rundreise Ost Anglia Anfrage<\/a><\/p>\n<p style=\"text-align: center;\"><a href=\"http:\/\/urlaubcornwall.de\/\">UrlaubCornwall.de<\/a> hat seinen Firmensitz in Cornwall in S\u00fcdwestengland und bietet Kunden im Deutsch sprechenden Europa Hilfe im Erstellen der perfekten Urlaubserfahrung hier. Wir haben <a href=\"http:\/\/www.urlaubcornwall.de\/rundreisenservice.php\">ein Team Deutsch sprechender Experten<\/a>, so dass wir eine individuelle Rundreise durch Ost Anglia. Unsere Websitedetails zeigen lediglich eine kleine Auswahl dessen, was wir anbieten k\u00f6nnen.<\/p>\n","protected":false},"excerpt":{"rendered":"<p>1 \u2013 In Cambridge besuchen Sie unbedingt die Backs, die Feuchtwiesen entlang des Flusses Cam; ein entz\u00fcckender Ort zum Bummeln und Herumstochern. 2 \u2013 Probieren Sie den Geschmack von Ost Anglia mit einer Cromer Krabbe, Colchester Austern, Yarmouth Hering, Norfolks Schwarzen Puten, Suffolks ger\u00e4uchertem Schinken und Newmarkets W\u00fcrsten. Dabei sind dies nur ein paar der [&hellip;]<\/p>\n","protected":false},"author":1,"featured_media":0,"parent":0,"menu_order":0,"comment_status":"closed","ping_status":"closed","template":"single-four.php","meta":[],"acf":[],"yoast_head":"<!-- This site is optimized with the Yoast SEO plugin v19.4 - https:\/\/yoast.com\/wordpress\/plugins\/seo\/ -->\n<title>Unsere Top 10 Reisetipps f\u00fcr Urlaub in Ost Anglia - Urlaub &amp; Reisen<\/title>\n<meta name=\"robots\" content=\"index, follow, max-snippet:-1, max-image-preview:large, max-video-preview:-1\" \/>\n<link rel=\"canonical\" href=\"https:\/\/www.urlaubcornwall.de\/blog\/unsere-top-10-reisetipps-fuer-urlaub-in-ost-anglia\/\" \/>\n<meta property=\"og:locale\" content=\"en_US\" \/>\n<meta property=\"og:type\" content=\"article\" \/>\n<meta property=\"og:title\" content=\"Unsere Top 10 Reisetipps f\u00fcr Urlaub in Ost Anglia - Urlaub &amp; Reisen\" \/>\n<meta property=\"og:description\" content=\"1 \u2013 In Cambridge besuchen Sie unbedingt die Backs, die Feuchtwiesen entlang des Flusses Cam; ein entz\u00fcckender Ort zum Bummeln und Herumstochern. 2 \u2013 Probieren Sie den Geschmack von Ost Anglia mit einer Cromer Krabbe, Colchester Austern, Yarmouth Hering, Norfolks Schwarzen Puten, Suffolks ger\u00e4uchertem Schinken und Newmarkets W\u00fcrsten. Dabei sind dies nur ein paar der [&hellip;]\" \/>\n<meta property=\"og:url\" content=\"https:\/\/www.urlaubcornwall.de\/blog\/unsere-top-10-reisetipps-fuer-urlaub-in-ost-anglia\/\" \/>\n<meta property=\"og:site_name\" content=\"Urlaub &amp; Reisen\" \/>\n<meta property=\"article:modified_time\" content=\"2024-05-29T09:35:30+00:00\" \/>\n<meta property=\"og:image\" content=\"https:\/\/www.urlaubcornwall.de\/blog\/wp-content\/uploads\/2015\/08\/urlaub-cambridge_2.jpg\" \/>\n<meta name=\"twitter:card\" content=\"summary\" \/>\n<meta name=\"twitter:label1\" content=\"Est. reading time\" \/>\n\t<meta name=\"twitter:data1\" content=\"3 minutes\" \/>\n<script type=\"application\/ld+json\" class=\"yoast-schema-graph\">{\"@context\":\"https:\/\/schema.org\",\"@graph\":[{\"@type\":\"WebSite\",\"@id\":\"https:\/\/www.urlaubcornwall.de\/blog\/#website\",\"url\":\"https:\/\/www.urlaubcornwall.de\/blog\/\",\"name\":\"Urlaub &amp; Reisen\",\"description\":\"Urlaub, Reisen, Cornwall und S\u00fcdengland: eine perfekte Kombination\",\"potentialAction\":[{\"@type\":\"SearchAction\",\"target\":{\"@type\":\"EntryPoint\",\"urlTemplate\":\"https:\/\/www.urlaubcornwall.de\/blog\/?s={search_term_string}\"},\"query-input\":\"required name=search_term_string\"}],\"inLanguage\":\"en-US\"},{\"@type\":\"WebPage\",\"@id\":\"https:\/\/www.urlaubcornwall.de\/blog\/unsere-top-10-reisetipps-fuer-urlaub-in-ost-anglia\/\",\"url\":\"https:\/\/www.urlaubcornwall.de\/blog\/unsere-top-10-reisetipps-fuer-urlaub-in-ost-anglia\/\",\"name\":\"Unsere Top 10 Reisetipps f\u00fcr Urlaub in Ost Anglia - Urlaub &amp; Reisen\",\"isPartOf\":{\"@id\":\"https:\/\/www.urlaubcornwall.de\/blog\/#website\"},\"datePublished\":\"2015-08-26T11:35:24+00:00\",\"dateModified\":\"2024-05-29T09:35:30+00:00\",\"breadcrumb\":{\"@id\":\"https:\/\/www.urlaubcornwall.de\/blog\/unsere-top-10-reisetipps-fuer-urlaub-in-ost-anglia\/#breadcrumb\"},\"inLanguage\":\"en-US\",\"potentialAction\":[{\"@type\":\"ReadAction\",\"target\":[\"https:\/\/www.urlaubcornwall.de\/blog\/unsere-top-10-reisetipps-fuer-urlaub-in-ost-anglia\/\"]}]},{\"@type\":\"BreadcrumbList\",\"@id\":\"https:\/\/www.urlaubcornwall.de\/blog\/unsere-top-10-reisetipps-fuer-urlaub-in-ost-anglia\/#breadcrumb\",\"itemListElement\":[{\"@type\":\"ListItem\",\"position\":1,\"name\":\"Home\",\"item\":\"https:\/\/www.urlaubcornwall.de\/blog\/\"},{\"@type\":\"ListItem\",\"position\":2,\"name\":\"Unsere Top 10 Reisetipps f\u00fcr Urlaub in Ost Anglia\"}]}]}<\/script>\n<!-- \/ Yoast SEO plugin. -->","yoast_head_json":{"title":"Unsere Top 10 Reisetipps f\u00fcr Urlaub in Ost Anglia - Urlaub &amp; Reisen","robots":{"index":"index","follow":"follow","max-snippet":"max-snippet:-1","max-image-preview":"max-image-preview:large","max-video-preview":"max-video-preview:-1"},"canonical":"https:\/\/www.urlaubcornwall.de\/blog\/unsere-top-10-reisetipps-fuer-urlaub-in-ost-anglia\/","og_locale":"en_US","og_type":"article","og_title":"Unsere Top 10 Reisetipps f\u00fcr Urlaub in Ost Anglia - Urlaub &amp; Reisen","og_description":"1 \u2013 In Cambridge besuchen Sie unbedingt die Backs, die Feuchtwiesen entlang des Flusses Cam; ein entz\u00fcckender Ort zum Bummeln und Herumstochern. 2 \u2013 Probieren Sie den Geschmack von Ost Anglia mit einer Cromer Krabbe, Colchester Austern, Yarmouth Hering, Norfolks Schwarzen Puten, Suffolks ger\u00e4uchertem Schinken und Newmarkets W\u00fcrsten. Dabei sind dies nur ein paar der [&hellip;]","og_url":"https:\/\/www.urlaubcornwall.de\/blog\/unsere-top-10-reisetipps-fuer-urlaub-in-ost-anglia\/","og_site_name":"Urlaub &amp; Reisen","article_modified_time":"2024-05-29T09:35:30+00:00","og_image":[{"url":"https:\/\/www.urlaubcornwall.de\/blog\/wp-content\/uploads\/2015\/08\/urlaub-cambridge_2.jpg"}],"twitter_card":"summary","twitter_misc":{"Est. reading time":"3 minutes"},"schema":{"@context":"https:\/\/schema.org","@graph":[{"@type":"WebSite","@id":"https:\/\/www.urlaubcornwall.de\/blog\/#website","url":"https:\/\/www.urlaubcornwall.de\/blog\/","name":"Urlaub &amp; Reisen","description":"Urlaub, Reisen, Cornwall und S\u00fcdengland: eine perfekte Kombination","potentialAction":[{"@type":"SearchAction","target":{"@type":"EntryPoint","urlTemplate":"https:\/\/www.urlaubcornwall.de\/blog\/?s={search_term_string}"},"query-input":"required name=search_term_string"}],"inLanguage":"en-US"},{"@type":"WebPage","@id":"https:\/\/www.urlaubcornwall.de\/blog\/unsere-top-10-reisetipps-fuer-urlaub-in-ost-anglia\/","url":"https:\/\/www.urlaubcornwall.de\/blog\/unsere-top-10-reisetipps-fuer-urlaub-in-ost-anglia\/","name":"Unsere Top 10 Reisetipps f\u00fcr Urlaub in Ost Anglia - Urlaub &amp; Reisen","isPartOf":{"@id":"https:\/\/www.urlaubcornwall.de\/blog\/#website"},"datePublished":"2015-08-26T11:35:24+00:00","dateModified":"2024-05-29T09:35:30+00:00","breadcrumb":{"@id":"https:\/\/www.urlaubcornwall.de\/blog\/unsere-top-10-reisetipps-fuer-urlaub-in-ost-anglia\/#breadcrumb"},"inLanguage":"en-US","potentialAction":[{"@type":"ReadAction","target":["https:\/\/www.urlaubcornwall.de\/blog\/unsere-top-10-reisetipps-fuer-urlaub-in-ost-anglia\/"]}]},{"@type":"BreadcrumbList","@id":"https:\/\/www.urlaubcornwall.de\/blog\/unsere-top-10-reisetipps-fuer-urlaub-in-ost-anglia\/#breadcrumb","itemListElement":[{"@type":"ListItem","position":1,"name":"Home","item":"https:\/\/www.urlaubcornwall.de\/blog\/"},{"@type":"ListItem","position":2,"name":"Unsere Top 10 Reisetipps f\u00fcr Urlaub in Ost Anglia"}]}]}},"_links":{"self":[{"href":"https:\/\/www.urlaubcornwall.de\/blog\/wp-json\/wp\/v2\/pages\/19774"}],"collection":[{"href":"https:\/\/www.urlaubcornwall.de\/blog\/wp-json\/wp\/v2\/pages"}],"about":[{"href":"https:\/\/www.urlaubcornwall.de\/blog\/wp-json\/wp\/v2\/types\/page"}],"author":[{"embeddable":true,"href":"https:\/\/www.urlaubcornwall.de\/blog\/wp-json\/wp\/v2\/users\/1"}],"replies":[{"embeddable":true,"href":"https:\/\/www.urlaubcornwall.de\/blog\/wp-json\/wp\/v2\/comments?post=19774"}],"version-history":[{"count":15,"href":"https:\/\/www.urlaubcornwall.de\/blog\/wp-json\/wp\/v2\/pages\/19774\/revisions"}],"predecessor-version":[{"id":50550,"href":"https:\/\/www.urlaubcornwall.de\/blog\/wp-json\/wp\/v2\/pages\/19774\/revisions\/50550"}],"wp:attachment":[{"href":"https:\/\/www.urlaubcornwall.de\/blog\/wp-json\/wp\/v2\/media?parent=19774"}],"curies":[{"name":"wp","href":"https:\/\/api.w.org\/{rel}","templated":true}]}}