{"id":19760,"date":"2015-08-26T10:11:53","date_gmt":"2015-08-26T10:11:53","guid":{"rendered":"https:\/\/www.urlaubcornwall.de\/blog\/?page_id=19760"},"modified":"2024-04-04T12:28:57","modified_gmt":"2024-04-04T12:28:57","slug":"die-cotswolds-unsere-top-10-reisetipps","status":"publish","type":"page","link":"https:\/\/www.urlaubcornwall.de\/blog\/die-cotswolds-unsere-top-10-reisetipps\/","title":{"rendered":"Die Cotswolds \u2013 unsere Top 10 Reisetipps"},"content":{"rendered":"<p><a href=\"https:\/\/www.urlaubcornwall.de\/blog\/wp-content\/uploads\/2015\/08\/bourton-on-the-water.jpg\"><img loading=\"lazy\" class=\"aligncenter size-full wp-image-19761\" src=\"https:\/\/www.urlaubcornwall.de\/blog\/wp-content\/uploads\/2015\/08\/bourton-on-the-water.jpg\" alt=\"bourton on the water\" width=\"747\" height=\"332\" srcset=\"https:\/\/www.urlaubcornwall.de\/blog\/wp-content\/uploads\/2015\/08\/bourton-on-the-water.jpg 747w, https:\/\/www.urlaubcornwall.de\/blog\/wp-content\/uploads\/2015\/08\/bourton-on-the-water-300x133.jpg 300w\" sizes=\"(max-width: 747px) 100vw, 747px\" \/><\/a><\/p>\n<p><strong>1 \u2013<\/strong> Nehmen Sie ein Picknick ein und setzen Sie sich dabei an den Fluss bei Bourton-on-the-Water, das bekannt ist f\u00fcr seine honigfarbene Steinarchitektur und idyllische Dorfszenen.<\/p>\n<p><strong>2 \u2013<\/strong> Besuchen Sie die h\u00f6chst gelegene Stadt in den Cotswolds, Stow-on-the-Wold. Entspannen Sie in einem der zahlreichen Caf\u00e9s am Marktplatz und ersp\u00fcren Sie einen Hauch Geschichte. Hier hat das letzte Gefecht des englischen B\u00fcrgerkriegs im Jahre 1646 stattgefunden.<\/p>\n<p><a href=\"https:\/\/www.urlaubcornwall.de\/blog\/wp-content\/uploads\/2024\/03\/stratford-upon-avon-anne-hathaway-cottage.jpg\"><img loading=\"lazy\" class=\"aligncenter size-full wp-image-19764\" src=\"https:\/\/www.urlaubcornwall.de\/blog\/wp-content\/uploads\/2024\/03\/stratford-upon-avon-anne-hathaway-cottage.jpg\" alt=\"Hotels in Stratford upon Avon\" width=\"750\" height=\"386\"\/><\/a><\/p>\n<p><strong>3 \u2013<\/strong> Erweisen Sie Shakespeare die Ehre in Stratford-on-Avon und besuchen Sie das Anne Hathaways Cottage. Nehmen Sie einen Drink ein im Dirty Duck, der Kneipe am Fluss in der N\u00e4he des ber\u00fchmten Swan Theaters, wo viele von Shakespeares St\u00fccken aufgef\u00fchrt werden.<\/p>\n<p><strong>4 \u2013<\/strong> Bestaunen Sie, wie die Sonne \u00fcber den Feldern am Cotswold Way aufgeht. Der Langstreckenwanderweg von 102 Meilen beginnt bei Chipping Campden und f\u00fchrt durch wundersch\u00f6ne Landschaft.<\/p>\n<p><a href=\"https:\/\/www.urlaubcornwall.de\/blog\/wp-content\/uploads\/2024\/03\/blenheim-palace.jpg\"><img loading=\"lazy\" class=\"aligncenter size-full wp-image-19762\" src=\"https:\/\/www.urlaubcornwall.de\/blog\/wp-content\/uploads\/2024\/03\/blenheim-palace.jpg\" alt=\"Blenheim palace\" width=\"748\" height=\"342\"\/><\/a><\/p>\n<p><strong>5 \u2013<\/strong> Erkunden Sie den Blenheim Palast und die G\u00e4rten. Winston Churchill wurde hier geboren, und es ist heute Weltkulturerbest\u00e4tte.<\/p>\n<div class=\"snippet\"> <a class=\"featured-item\" href=\" ttps:\/\/www.urlaubcornwall.de\/ferienhaeuser\/cotswolds.php\"> <span class=\"image-holder\" style=\"background-image: url(' https:\/\/www.urlaubcornwall.de\/blog\/wp-content\/uploads\/2018\/11\/landhaus-cornwall-1.jpg');\"><\/span> <span class=\"featured-content\"> \n<h2 class=\"featured-title\">Bei uns finden Sie Ferienh\u00e4user in den Cotswolds zum Verlieben!<\/h2>\n<p class=\"featured-body\">Die Auswahl ist schier endlos, und ein Cotswolds Cottage ist die perfekte Ausgangsbasis f\u00fcr einen Urlaub. Wir haben eine Riesenauswahl an Ferienwohnungen &amp; Ferienh\u00e4usern f\u00fcr Sie&#8230;&#8230;<\/p>\n<\/span> <span class=\"featured-link-holder\"> <span class=\"featured-extra-info\"> \n<p>F\u00fcr Paare, Familien &#038; Gruppen<\/p>\n<\/span> \n<p class=\"featured-link\">DETAILS<\/p>\n<\/span> <\/a><\/div>\n<p><strong>6 \u2013<\/strong> G\u00f6nnen Sie sich ein Bier nach einer Tour durch die 150 Jahre alte Hook Norton Brauerei. Noch heute transportieren die Besitzer das Bier mit traditionellen Pferdefuhrwerken durch das Dorf zu den Kneipen. Brauereif\u00fchrungen finden von Montag bis Freitag statt, sollten jedoch im Voraus gebucht werden.<\/p>\n<p><strong>7 \u2013<\/strong> Kaufen Sie in Burford Antiquit\u00e4ten, dem Tor zu den Cotswolds, das im Domesday Buch erw\u00e4hnt ist. Die Stadt Burford ist geradezu postkartenperfekt.<\/p>\n<p><strong><a href=\"https:\/\/www.urlaubcornwall.de\/blog\/wp-content\/uploads\/2014\/12\/Severn-Valley-Railway-2.jpg\"><img loading=\"lazy\" class=\"aligncenter size-full wp-image-17449\" src=\"https:\/\/www.urlaubcornwall.de\/blog\/wp-content\/uploads\/2014\/12\/Severn-Valley-Railway-2.jpg\" alt=\"Dampflokomotiven England\" width=\"748\" height=\"454\"\/><\/a><\/strong><\/p>\n<p><strong>8 \u2013<\/strong> Fahren Sie mit dem Zug auf der Gloucestershire-Warwickshire Bahnstrecke. Die GWR ist eine Dampf- und Diesel-Museumsbahn, alleinig von Freiwilligen betrieben und bietet eine 25 Meilen Rundfahrt zwischen Laverton und der Pferderennstrecke Cheltenham durch einige der spektakul\u00e4rsten Landschaften der Cotswolds.<\/p>\n<p><strong>9 \u2013<\/strong> F\u00fcr einen Tag bei den Pferderennen, besuchen Sie die Cheltenham Rennstrecke in malerischer Lage in einem nat\u00fcrlichen Amphitheater direkt unterhalb der B\u00f6schung der Cotswold H\u00fcgel, bei Cleeve Hill. Das repr\u00e4sentativste Rennen ist das Cheltenham Festival, das jedes Jahr im M\u00e4rz stattfindet.<\/p>\n<p><strong>10 \u2013<\/strong> In den Cotswolds gibt es zahlreiche gro\u00dfartige Gastrokneipen. Buchen Sie im Voraus, besonders an einem Freitag oder Samstag Abend, um nicht entt\u00e4uscht zu werden.<\/p>\n","protected":false},"excerpt":{"rendered":"<p>1 \u2013 Nehmen Sie ein Picknick ein und setzen Sie sich dabei an den Fluss bei Bourton-on-the-Water, das bekannt ist f\u00fcr seine honigfarbene Steinarchitektur und idyllische Dorfszenen. 2 \u2013 Besuchen Sie die h\u00f6chst gelegene Stadt in den Cotswolds, Stow-on-the-Wold. Entspannen Sie in einem der zahlreichen Caf\u00e9s am Marktplatz und ersp\u00fcren Sie einen Hauch Geschichte. Hier [&hellip;]<\/p>\n","protected":false},"author":1,"featured_media":0,"parent":0,"menu_order":0,"comment_status":"closed","ping_status":"closed","template":"single-four.php","meta":[],"acf":[],"yoast_head":"<!-- This site is optimized with the Yoast SEO plugin v19.4 - https:\/\/yoast.com\/wordpress\/plugins\/seo\/ -->\n<title>Die Cotswolds \u2013 unsere Top 10 Reisetipps - Urlaub &amp; Reisen<\/title>\n<meta name=\"robots\" content=\"index, follow, max-snippet:-1, max-image-preview:large, max-video-preview:-1\" \/>\n<link rel=\"canonical\" href=\"https:\/\/www.urlaubcornwall.de\/blog\/die-cotswolds-unsere-top-10-reisetipps\/\" \/>\n<meta property=\"og:locale\" content=\"en_US\" \/>\n<meta property=\"og:type\" content=\"article\" \/>\n<meta property=\"og:title\" content=\"Die Cotswolds \u2013 unsere Top 10 Reisetipps - Urlaub &amp; Reisen\" \/>\n<meta property=\"og:description\" content=\"1 \u2013 Nehmen Sie ein Picknick ein und setzen Sie sich dabei an den Fluss bei Bourton-on-the-Water, das bekannt ist f\u00fcr seine honigfarbene Steinarchitektur und idyllische Dorfszenen. 2 \u2013 Besuchen Sie die h\u00f6chst gelegene Stadt in den Cotswolds, Stow-on-the-Wold. Entspannen Sie in einem der zahlreichen Caf\u00e9s am Marktplatz und ersp\u00fcren Sie einen Hauch Geschichte. Hier [&hellip;]\" \/>\n<meta property=\"og:url\" content=\"https:\/\/www.urlaubcornwall.de\/blog\/die-cotswolds-unsere-top-10-reisetipps\/\" \/>\n<meta property=\"og:site_name\" content=\"Urlaub &amp; Reisen\" \/>\n<meta property=\"article:modified_time\" content=\"2024-04-04T12:28:57+00:00\" \/>\n<meta property=\"og:image\" content=\"https:\/\/www.urlaubcornwall.de\/blog\/wp-content\/uploads\/2015\/08\/bourton-on-the-water.jpg\" \/>\n<meta name=\"twitter:card\" content=\"summary\" \/>\n<meta name=\"twitter:label1\" content=\"Est. reading time\" \/>\n\t<meta name=\"twitter:data1\" content=\"3 minutes\" \/>\n<script type=\"application\/ld+json\" class=\"yoast-schema-graph\">{\"@context\":\"https:\/\/schema.org\",\"@graph\":[{\"@type\":\"WebSite\",\"@id\":\"https:\/\/www.urlaubcornwall.de\/blog\/#website\",\"url\":\"https:\/\/www.urlaubcornwall.de\/blog\/\",\"name\":\"Urlaub &amp; Reisen\",\"description\":\"Urlaub, Reisen, Cornwall und S\u00fcdengland: eine perfekte Kombination\",\"potentialAction\":[{\"@type\":\"SearchAction\",\"target\":{\"@type\":\"EntryPoint\",\"urlTemplate\":\"https:\/\/www.urlaubcornwall.de\/blog\/?s={search_term_string}\"},\"query-input\":\"required name=search_term_string\"}],\"inLanguage\":\"en-US\"},{\"@type\":\"WebPage\",\"@id\":\"https:\/\/www.urlaubcornwall.de\/blog\/die-cotswolds-unsere-top-10-reisetipps\/\",\"url\":\"https:\/\/www.urlaubcornwall.de\/blog\/die-cotswolds-unsere-top-10-reisetipps\/\",\"name\":\"Die Cotswolds \u2013 unsere Top 10 Reisetipps - Urlaub &amp; Reisen\",\"isPartOf\":{\"@id\":\"https:\/\/www.urlaubcornwall.de\/blog\/#website\"},\"datePublished\":\"2015-08-26T10:11:53+00:00\",\"dateModified\":\"2024-04-04T12:28:57+00:00\",\"breadcrumb\":{\"@id\":\"https:\/\/www.urlaubcornwall.de\/blog\/die-cotswolds-unsere-top-10-reisetipps\/#breadcrumb\"},\"inLanguage\":\"en-US\",\"potentialAction\":[{\"@type\":\"ReadAction\",\"target\":[\"https:\/\/www.urlaubcornwall.de\/blog\/die-cotswolds-unsere-top-10-reisetipps\/\"]}]},{\"@type\":\"BreadcrumbList\",\"@id\":\"https:\/\/www.urlaubcornwall.de\/blog\/die-cotswolds-unsere-top-10-reisetipps\/#breadcrumb\",\"itemListElement\":[{\"@type\":\"ListItem\",\"position\":1,\"name\":\"Home\",\"item\":\"https:\/\/www.urlaubcornwall.de\/blog\/\"},{\"@type\":\"ListItem\",\"position\":2,\"name\":\"Die Cotswolds \u2013 unsere Top 10 Reisetipps\"}]}]}<\/script>\n<!-- \/ Yoast SEO plugin. -->","yoast_head_json":{"title":"Die Cotswolds \u2013 unsere Top 10 Reisetipps - Urlaub &amp; Reisen","robots":{"index":"index","follow":"follow","max-snippet":"max-snippet:-1","max-image-preview":"max-image-preview:large","max-video-preview":"max-video-preview:-1"},"canonical":"https:\/\/www.urlaubcornwall.de\/blog\/die-cotswolds-unsere-top-10-reisetipps\/","og_locale":"en_US","og_type":"article","og_title":"Die Cotswolds \u2013 unsere Top 10 Reisetipps - Urlaub &amp; Reisen","og_description":"1 \u2013 Nehmen Sie ein Picknick ein und setzen Sie sich dabei an den Fluss bei Bourton-on-the-Water, das bekannt ist f\u00fcr seine honigfarbene Steinarchitektur und idyllische Dorfszenen. 2 \u2013 Besuchen Sie die h\u00f6chst gelegene Stadt in den Cotswolds, Stow-on-the-Wold. Entspannen Sie in einem der zahlreichen Caf\u00e9s am Marktplatz und ersp\u00fcren Sie einen Hauch Geschichte. Hier [&hellip;]","og_url":"https:\/\/www.urlaubcornwall.de\/blog\/die-cotswolds-unsere-top-10-reisetipps\/","og_site_name":"Urlaub &amp; Reisen","article_modified_time":"2024-04-04T12:28:57+00:00","og_image":[{"url":"https:\/\/www.urlaubcornwall.de\/blog\/wp-content\/uploads\/2015\/08\/bourton-on-the-water.jpg"}],"twitter_card":"summary","twitter_misc":{"Est. reading time":"3 minutes"},"schema":{"@context":"https:\/\/schema.org","@graph":[{"@type":"WebSite","@id":"https:\/\/www.urlaubcornwall.de\/blog\/#website","url":"https:\/\/www.urlaubcornwall.de\/blog\/","name":"Urlaub &amp; Reisen","description":"Urlaub, Reisen, Cornwall und S\u00fcdengland: eine perfekte Kombination","potentialAction":[{"@type":"SearchAction","target":{"@type":"EntryPoint","urlTemplate":"https:\/\/www.urlaubcornwall.de\/blog\/?s={search_term_string}"},"query-input":"required name=search_term_string"}],"inLanguage":"en-US"},{"@type":"WebPage","@id":"https:\/\/www.urlaubcornwall.de\/blog\/die-cotswolds-unsere-top-10-reisetipps\/","url":"https:\/\/www.urlaubcornwall.de\/blog\/die-cotswolds-unsere-top-10-reisetipps\/","name":"Die Cotswolds \u2013 unsere Top 10 Reisetipps - Urlaub &amp; Reisen","isPartOf":{"@id":"https:\/\/www.urlaubcornwall.de\/blog\/#website"},"datePublished":"2015-08-26T10:11:53+00:00","dateModified":"2024-04-04T12:28:57+00:00","breadcrumb":{"@id":"https:\/\/www.urlaubcornwall.de\/blog\/die-cotswolds-unsere-top-10-reisetipps\/#breadcrumb"},"inLanguage":"en-US","potentialAction":[{"@type":"ReadAction","target":["https:\/\/www.urlaubcornwall.de\/blog\/die-cotswolds-unsere-top-10-reisetipps\/"]}]},{"@type":"BreadcrumbList","@id":"https:\/\/www.urlaubcornwall.de\/blog\/die-cotswolds-unsere-top-10-reisetipps\/#breadcrumb","itemListElement":[{"@type":"ListItem","position":1,"name":"Home","item":"https:\/\/www.urlaubcornwall.de\/blog\/"},{"@type":"ListItem","position":2,"name":"Die Cotswolds \u2013 unsere Top 10 Reisetipps"}]}]}},"_links":{"self":[{"href":"https:\/\/www.urlaubcornwall.de\/blog\/wp-json\/wp\/v2\/pages\/19760"}],"collection":[{"href":"https:\/\/www.urlaubcornwall.de\/blog\/wp-json\/wp\/v2\/pages"}],"about":[{"href":"https:\/\/www.urlaubcornwall.de\/blog\/wp-json\/wp\/v2\/types\/page"}],"author":[{"embeddable":true,"href":"https:\/\/www.urlaubcornwall.de\/blog\/wp-json\/wp\/v2\/users\/1"}],"replies":[{"embeddable":true,"href":"https:\/\/www.urlaubcornwall.de\/blog\/wp-json\/wp\/v2\/comments?post=19760"}],"version-history":[{"count":16,"href":"https:\/\/www.urlaubcornwall.de\/blog\/wp-json\/wp\/v2\/pages\/19760\/revisions"}],"predecessor-version":[{"id":48929,"href":"https:\/\/www.urlaubcornwall.de\/blog\/wp-json\/wp\/v2\/pages\/19760\/revisions\/48929"}],"wp:attachment":[{"href":"https:\/\/www.urlaubcornwall.de\/blog\/wp-json\/wp\/v2\/media?parent=19760"}],"curies":[{"name":"wp","href":"https:\/\/api.w.org\/{rel}","templated":true}]}}