{"id":19725,"date":"2015-08-25T13:44:35","date_gmt":"2015-08-25T13:44:35","guid":{"rendered":"https:\/\/www.urlaubcornwall.de\/blog\/?page_id=19725"},"modified":"2024-05-29T09:37:27","modified_gmt":"2024-05-29T09:37:27","slug":"top-10-sehenswuerdigkeiten-in-east-anglia","status":"publish","type":"page","link":"https:\/\/www.urlaubcornwall.de\/blog\/top-10-sehenswuerdigkeiten-in-east-anglia\/","title":{"rendered":"Top 10 Sehensw\u00fcrdigkeiten in East Anglia"},"content":{"rendered":"<p><a href=\"https:\/\/www.urlaubcornwall.de\/blog\/wp-content\/uploads\/2024\/03\/norfolk-windmill.jpg\"><img loading=\"lazy\" src=\"https:\/\/www.urlaubcornwall.de\/blog\/wp-content\/uploads\/2024\/03\/norfolk-windmill.jpg\" alt=\"norfolk windmill\" width=\"750\" height=\"500\" class=\"alignnone size-full wp-image-47799\" srcset=\"https:\/\/www.urlaubcornwall.de\/blog\/wp-content\/uploads\/2024\/03\/norfolk-windmill.jpg 750w, https:\/\/www.urlaubcornwall.de\/blog\/wp-content\/uploads\/2024\/03\/norfolk-windmill-300x200.jpg 300w\" sizes=\"(max-width: 750px) 100vw, 750px\" \/><\/a><\/p>\n<p><strong>1 \u2013<\/strong> Holkham ist ein ganz besonderer Ort, wo eine atemberaubende K\u00fcstenlandschaft auf eine von Englands gr\u00f6\u00dfte L\u00e4ndereien trifft. Im Herzen dieses bl\u00fchenden 25000 Ar Landgutes an der <a href=\"https:\/\/www.urlaubcornwall.de\/ferienhaeuser-fewos\/eng\/norfolk\/norfolk.html\">Nordk\u00fcste Norfolks<\/a> befindet sich Holkham Hall, ein elegantes Haus im Palladio Stil aus dem 18. Jahrhundert, basierend auf dem Design von William Kent und erbaut von Thomas Coke, dem 1. Earl von Leicester. Das Haus befindet sich nach wie vor in Familienbesitz und ist das Zuhause der Coke Familie.<\/p>\n<p><strong>2 \u2013<\/strong> Sheringham Park, bekannt f\u00fcr seine gro\u00dfe Sammlung an Rhododendren und Azaleen wurde 1812 vom Landschaftsg\u00e4rtner Humphry Repton designt.<\/p>\n<p><strong>3 \u2013<\/strong> Besuchen Sie Oliver Cromwells Haus in Ely, <a href=\"https:\/\/www.urlaubcornwall.de\/blog\/urlaub-in-cambridge-east-anglia\/\">Cambridgeshire<\/a>. Im einstigen Familienzuhause des ehemaligen Lord Protectors k\u00f6nnen Sie erleben, wie h\u00e4usliches Leben im 17. Jahrhundert ausgesehen haben mag. Es gibt eine Reihe an neu erstellten R\u00e4umen aus diesem Zeitalter, sowie eine detaillierte Ausstellung zum B\u00fcrgerkrieg.<\/p>\n<p><a href=\"https:\/\/www.urlaubcornwall.de\/blog\/wp-content\/uploads\/2024\/03\/sandringham.jpg\"><img loading=\"lazy\" class=\"aligncenter size-full wp-image-47796\" src=\"https:\/\/www.urlaubcornwall.de\/blog\/wp-content\/uploads\/2024\/03\/sandringham.jpg\" alt=\"sandringham\" width=\"750\" height=\"500\" srcset=\"https:\/\/www.urlaubcornwall.de\/blog\/wp-content\/uploads\/2024\/03\/sandringham.jpg 750w, https:\/\/www.urlaubcornwall.de\/blog\/wp-content\/uploads\/2024\/03\/sandringham-300x200.jpg 300w\" sizes=\"(max-width: 750px) 100vw, 750px\" \/><\/a><\/p>\n<p><strong>4 \u2013<\/strong> Sandringham ist der geliebte Landsitz Ihrer Majest\u00e4t, der K\u00f6nigin, und ist seit vier Generationen seit 1862 das private Zuhause britischer Monarchen. Das Haus befindet sich innerhalb von 24 Hektar wundersch\u00f6ner G\u00e4rten und ist wohl das ber\u00fchmteste Herrenhaus in Norfolk.<\/p>\n<p><strong>5 \u2013<\/strong> Wenn Sie gerne mit der Achterbahn fahren m\u00f6chten, so bietet die Abenteuerinsel in <a href=\"https:\/\/www.urlaubcornwall.de\/ferienhaeuser-fewos\/eng\/essex\/essex.html\">Southend- on- Sea<\/a> 60 Fahrgesch\u00e4fte und Attraktionen; etwas f\u00fcr die gesamte Familie.<\/p>\n<div class=\"snippet\"> <a class=\"featured-item\" href=\"https:\/\/www.urlaubcornwall.de\/ferienhaeuser-fewos\/eng\/norfolk\/norfolk.html\"> <span class=\"image-holder\" style=\"background-image: url('https:\/\/www.urlaubcornwall.de\/blog\/wp-content\/uploads\/2024\/03\/ferienhaus-england-cornwall.jpg');\"><\/span> <span class=\"featured-content\"> \n<h2 class=\"featured-title\">Ferienh\u00e4user in East Anglia<\/h2>\n<p class=\"featured-body\">Bei uns finden Sie Ferienh\u00e4user zum Verlieben &#8211; so einfach ist das! Dank seiner langen Geschichte, der reizvollen Landschaften und seinen vielen Attraktionen ist East Anglia ein wahres Mekka f\u00fcr Urlauber&#8230;..<\/p><\/span> <span class=\"featured-link-holder\"> <span class=\"featured-extra-info\"> \n<p>Pers\u00f6nlich inspizierter Ferienh\u00e4user<\/p>\n<\/span> \n<p class=\"featured-link\">DETAILS<\/p>\n<\/span> <\/a><\/div>\n<p><strong>6 \u2013<\/strong> Fahren Sie mit der Dampfeisenbahn; die Mid Norfolk Eisenbahnstrecke f\u00fchrt von Dereham nach Wymondham Abbey und ist eine 14 Meilen lange bewahrte, normalspurige Museumsbahn, eine der l\u00e4ngsten Gro\u00dfbritanniens.<\/p>\n<p><strong>7 \u2013<\/strong> Nehmen Sie Teil an einer F\u00fchrung durch die Adnams Brauerei und Destillerie in <a href=\"https:\/\/www.urlaubcornwall.de\/ferienhaeuser-fewos\/eng\/suffolk\/southwold.html\">Southwold<\/a>. Hier verwenden sie Zutaten aus \u00f6rtlichem Anbau, um preisgekr\u00f6nte Biere und Spirituosen herzustellen. Von oben in der Brauerei haben Sie einen der besten Aussichten in Southwold, indem Sie \u00fcber die D\u00e4cher hinweg zum Leuchtturm und der Nordsee dahinter blicken.<\/p>\n<p><strong>8 \u2013<\/strong> Die Bircham Windm\u00fchle befindet sich im Herzen von Norfolks wogenden Feldern und sieht noch heute so aus wie vor 100 Jahren; sie ist die einzige Windm\u00fchle, die in dieser Gegend noch immer betrieben wird und der \u00d6ffentlichkeit zug\u00e4nglich ist.<\/p>\n<p><strong>9 \u2013<\/strong> Im Thomas Gainsborough Haus in Sudbury, <a href=\"https:\/\/www.urlaubcornwall.de\/blog\/urlaub-in-suffolk-die-grafschaft-von-constable-und-das-zuhause-mittelalterlicher-staedte-und-doerfer\/\">Suffolk<\/a>, k\u00f6nnen Sie eine Sammlung von Originalgem\u00e4lden und Zeichnungen sehen, sowie zeitgen\u00f6ssische Ausstellungen.<\/p>\n<p><strong>10 \u2013<\/strong> Falls Sie einen Familientag damit verbringen m\u00f6chten, die wilde Landschaft Norfolk zu erkunden und in diese einzutauchen, mit Farn und St\u00f6cken H\u00f6hlen bauen oder gem\u00fctliche Bootsfahrten \u00fcber den Scaaaary Lake machen m\u00f6chten, dann ist BeWILDerwood, ein wilder und phantasievoller Abenteuerpark im Freien der geeignete Ausflugsort.<\/p>\n<div class=\"snippet\"> <a class=\"featured-item\" href=\"https:\/\/www.urlaubcornwall.de\/rundreisenservice.php\"> <span class=\"image-holder\" style=\"background-image: url('https:\/\/www.urlaubcornwall.de\/blog\/wp-content\/uploads\/2019\/01\/tregenna-schlosshotel_cornwall.jpg');\"><\/span> <span class=\"featured-content\"> \n<h2 class=\"featured-title\">Norfolk &#038; S\u00fcdengland eine perfekte Kombination<\/h2>\n<p class=\"featured-body\">Die perfekte Reisem\u00f6glichkeit und erm\u00f6glicht es Ihnen, Entdeckungen zu machen und einen Urlaub im eigenen Schritttempo&#8230;.<\/p><\/span> <span class=\"featured-link-holder\"> <span class=\"featured-extra-info\"> \n<p>Rundeisen f\u00fcr Paare, Familien &#038; Gruppen<\/p>\n<\/span> \n<p class=\"featured-link\">DETAILS<\/p>\n<\/span> <\/a><\/div>\n<p>UrlaubCornwall.de hat seinen Firmensitz in Cornwall in S\u00fcdwestengland und bietet Kunden im Deutsch sprechenden Europa Hilfe im Erstellen der perfekten Urlaubserfahrung hier. Wir haben ein Team Deutsch sprechender Experten, so dass wir eine <a href=\"https:\/\/www.urlaubcornwall.de\/rundreisen\/grossbritannien.php\">individuelle Urlaub in Gro\u00dfbritannien<\/a>.<\/p>\n","protected":false},"excerpt":{"rendered":"<p>1 \u2013 Holkham ist ein ganz besonderer Ort, wo eine atemberaubende K\u00fcstenlandschaft auf eine von Englands gr\u00f6\u00dfte L\u00e4ndereien trifft. Im Herzen dieses bl\u00fchenden 25000 Ar Landgutes an der Nordk\u00fcste Norfolks befindet sich Holkham Hall, ein elegantes Haus im Palladio Stil aus dem 18. Jahrhundert, basierend auf dem Design von William Kent und erbaut von Thomas [&hellip;]<\/p>\n","protected":false},"author":1,"featured_media":0,"parent":0,"menu_order":0,"comment_status":"closed","ping_status":"closed","template":"single-four.php","meta":[],"acf":[],"yoast_head":"<!-- This site is optimized with the Yoast SEO plugin v19.4 - https:\/\/yoast.com\/wordpress\/plugins\/seo\/ -->\n<title>Top 10 Sehensw\u00fcrdigkeiten in East Anglia - Urlaub &amp; Reisen<\/title>\n<meta name=\"robots\" content=\"index, follow, max-snippet:-1, max-image-preview:large, max-video-preview:-1\" \/>\n<link rel=\"canonical\" href=\"https:\/\/www.urlaubcornwall.de\/blog\/top-10-sehenswuerdigkeiten-in-east-anglia\/\" \/>\n<meta property=\"og:locale\" content=\"en_US\" \/>\n<meta property=\"og:type\" content=\"article\" \/>\n<meta property=\"og:title\" content=\"Top 10 Sehensw\u00fcrdigkeiten in East Anglia - Urlaub &amp; Reisen\" \/>\n<meta property=\"og:description\" content=\"1 \u2013 Holkham ist ein ganz besonderer Ort, wo eine atemberaubende K\u00fcstenlandschaft auf eine von Englands gr\u00f6\u00dfte L\u00e4ndereien trifft. Im Herzen dieses bl\u00fchenden 25000 Ar Landgutes an der Nordk\u00fcste Norfolks befindet sich Holkham Hall, ein elegantes Haus im Palladio Stil aus dem 18. Jahrhundert, basierend auf dem Design von William Kent und erbaut von Thomas [&hellip;]\" \/>\n<meta property=\"og:url\" content=\"https:\/\/www.urlaubcornwall.de\/blog\/top-10-sehenswuerdigkeiten-in-east-anglia\/\" \/>\n<meta property=\"og:site_name\" content=\"Urlaub &amp; Reisen\" \/>\n<meta property=\"article:modified_time\" content=\"2024-05-29T09:37:27+00:00\" \/>\n<meta property=\"og:image\" content=\"https:\/\/www.urlaubcornwall.de\/blog\/wp-content\/uploads\/2024\/03\/norfolk-windmill.jpg\" \/>\n<meta name=\"twitter:card\" content=\"summary\" \/>\n<meta name=\"twitter:label1\" content=\"Est. reading time\" \/>\n\t<meta name=\"twitter:data1\" content=\"3 minutes\" \/>\n<script type=\"application\/ld+json\" class=\"yoast-schema-graph\">{\"@context\":\"https:\/\/schema.org\",\"@graph\":[{\"@type\":\"WebSite\",\"@id\":\"https:\/\/www.urlaubcornwall.de\/blog\/#website\",\"url\":\"https:\/\/www.urlaubcornwall.de\/blog\/\",\"name\":\"Urlaub &amp; Reisen\",\"description\":\"Urlaub, Reisen, Cornwall und S\u00fcdengland: eine perfekte Kombination\",\"potentialAction\":[{\"@type\":\"SearchAction\",\"target\":{\"@type\":\"EntryPoint\",\"urlTemplate\":\"https:\/\/www.urlaubcornwall.de\/blog\/?s={search_term_string}\"},\"query-input\":\"required name=search_term_string\"}],\"inLanguage\":\"en-US\"},{\"@type\":\"WebPage\",\"@id\":\"https:\/\/www.urlaubcornwall.de\/blog\/top-10-sehenswuerdigkeiten-in-east-anglia\/\",\"url\":\"https:\/\/www.urlaubcornwall.de\/blog\/top-10-sehenswuerdigkeiten-in-east-anglia\/\",\"name\":\"Top 10 Sehensw\u00fcrdigkeiten in East Anglia - Urlaub &amp; Reisen\",\"isPartOf\":{\"@id\":\"https:\/\/www.urlaubcornwall.de\/blog\/#website\"},\"datePublished\":\"2015-08-25T13:44:35+00:00\",\"dateModified\":\"2024-05-29T09:37:27+00:00\",\"breadcrumb\":{\"@id\":\"https:\/\/www.urlaubcornwall.de\/blog\/top-10-sehenswuerdigkeiten-in-east-anglia\/#breadcrumb\"},\"inLanguage\":\"en-US\",\"potentialAction\":[{\"@type\":\"ReadAction\",\"target\":[\"https:\/\/www.urlaubcornwall.de\/blog\/top-10-sehenswuerdigkeiten-in-east-anglia\/\"]}]},{\"@type\":\"BreadcrumbList\",\"@id\":\"https:\/\/www.urlaubcornwall.de\/blog\/top-10-sehenswuerdigkeiten-in-east-anglia\/#breadcrumb\",\"itemListElement\":[{\"@type\":\"ListItem\",\"position\":1,\"name\":\"Home\",\"item\":\"https:\/\/www.urlaubcornwall.de\/blog\/\"},{\"@type\":\"ListItem\",\"position\":2,\"name\":\"Top 10 Sehensw\u00fcrdigkeiten in East Anglia\"}]}]}<\/script>\n<!-- \/ Yoast SEO plugin. -->","yoast_head_json":{"title":"Top 10 Sehensw\u00fcrdigkeiten in East Anglia - Urlaub &amp; Reisen","robots":{"index":"index","follow":"follow","max-snippet":"max-snippet:-1","max-image-preview":"max-image-preview:large","max-video-preview":"max-video-preview:-1"},"canonical":"https:\/\/www.urlaubcornwall.de\/blog\/top-10-sehenswuerdigkeiten-in-east-anglia\/","og_locale":"en_US","og_type":"article","og_title":"Top 10 Sehensw\u00fcrdigkeiten in East Anglia - Urlaub &amp; Reisen","og_description":"1 \u2013 Holkham ist ein ganz besonderer Ort, wo eine atemberaubende K\u00fcstenlandschaft auf eine von Englands gr\u00f6\u00dfte L\u00e4ndereien trifft. Im Herzen dieses bl\u00fchenden 25000 Ar Landgutes an der Nordk\u00fcste Norfolks befindet sich Holkham Hall, ein elegantes Haus im Palladio Stil aus dem 18. Jahrhundert, basierend auf dem Design von William Kent und erbaut von Thomas [&hellip;]","og_url":"https:\/\/www.urlaubcornwall.de\/blog\/top-10-sehenswuerdigkeiten-in-east-anglia\/","og_site_name":"Urlaub &amp; Reisen","article_modified_time":"2024-05-29T09:37:27+00:00","og_image":[{"url":"https:\/\/www.urlaubcornwall.de\/blog\/wp-content\/uploads\/2024\/03\/norfolk-windmill.jpg"}],"twitter_card":"summary","twitter_misc":{"Est. reading time":"3 minutes"},"schema":{"@context":"https:\/\/schema.org","@graph":[{"@type":"WebSite","@id":"https:\/\/www.urlaubcornwall.de\/blog\/#website","url":"https:\/\/www.urlaubcornwall.de\/blog\/","name":"Urlaub &amp; Reisen","description":"Urlaub, Reisen, Cornwall und S\u00fcdengland: eine perfekte Kombination","potentialAction":[{"@type":"SearchAction","target":{"@type":"EntryPoint","urlTemplate":"https:\/\/www.urlaubcornwall.de\/blog\/?s={search_term_string}"},"query-input":"required name=search_term_string"}],"inLanguage":"en-US"},{"@type":"WebPage","@id":"https:\/\/www.urlaubcornwall.de\/blog\/top-10-sehenswuerdigkeiten-in-east-anglia\/","url":"https:\/\/www.urlaubcornwall.de\/blog\/top-10-sehenswuerdigkeiten-in-east-anglia\/","name":"Top 10 Sehensw\u00fcrdigkeiten in East Anglia - Urlaub &amp; Reisen","isPartOf":{"@id":"https:\/\/www.urlaubcornwall.de\/blog\/#website"},"datePublished":"2015-08-25T13:44:35+00:00","dateModified":"2024-05-29T09:37:27+00:00","breadcrumb":{"@id":"https:\/\/www.urlaubcornwall.de\/blog\/top-10-sehenswuerdigkeiten-in-east-anglia\/#breadcrumb"},"inLanguage":"en-US","potentialAction":[{"@type":"ReadAction","target":["https:\/\/www.urlaubcornwall.de\/blog\/top-10-sehenswuerdigkeiten-in-east-anglia\/"]}]},{"@type":"BreadcrumbList","@id":"https:\/\/www.urlaubcornwall.de\/blog\/top-10-sehenswuerdigkeiten-in-east-anglia\/#breadcrumb","itemListElement":[{"@type":"ListItem","position":1,"name":"Home","item":"https:\/\/www.urlaubcornwall.de\/blog\/"},{"@type":"ListItem","position":2,"name":"Top 10 Sehensw\u00fcrdigkeiten in East Anglia"}]}]}},"_links":{"self":[{"href":"https:\/\/www.urlaubcornwall.de\/blog\/wp-json\/wp\/v2\/pages\/19725"}],"collection":[{"href":"https:\/\/www.urlaubcornwall.de\/blog\/wp-json\/wp\/v2\/pages"}],"about":[{"href":"https:\/\/www.urlaubcornwall.de\/blog\/wp-json\/wp\/v2\/types\/page"}],"author":[{"embeddable":true,"href":"https:\/\/www.urlaubcornwall.de\/blog\/wp-json\/wp\/v2\/users\/1"}],"replies":[{"embeddable":true,"href":"https:\/\/www.urlaubcornwall.de\/blog\/wp-json\/wp\/v2\/comments?post=19725"}],"version-history":[{"count":21,"href":"https:\/\/www.urlaubcornwall.de\/blog\/wp-json\/wp\/v2\/pages\/19725\/revisions"}],"predecessor-version":[{"id":50552,"href":"https:\/\/www.urlaubcornwall.de\/blog\/wp-json\/wp\/v2\/pages\/19725\/revisions\/50552"}],"wp:attachment":[{"href":"https:\/\/www.urlaubcornwall.de\/blog\/wp-json\/wp\/v2\/media?parent=19725"}],"curies":[{"name":"wp","href":"https:\/\/api.w.org\/{rel}","templated":true}]}}