{"id":19723,"date":"2015-08-25T13:29:40","date_gmt":"2015-08-25T13:29:40","guid":{"rendered":"https:\/\/www.urlaubcornwall.de\/blog\/?page_id=19723"},"modified":"2024-05-29T09:40:36","modified_gmt":"2024-05-29T09:40:36","slug":"urlaub-in-essex-geschichte-landschaft-und-straende","status":"publish","type":"page","link":"https:\/\/www.urlaubcornwall.de\/blog\/urlaub-in-essex-geschichte-landschaft-und-straende\/","title":{"rendered":"Urlaub in Essex &#8211; Geschichte, Landschaft und Str\u00e4nde"},"content":{"rendered":"<p><a href=\"https:\/\/www.urlaubcornwall.de\/blog\/wp-content\/uploads\/2024\/05\/saffron-walden-essex.jpg\"><img loading=\"lazy\" src=\"https:\/\/www.urlaubcornwall.de\/blog\/wp-content\/uploads\/2024\/05\/saffron-walden-essex.jpg\" alt=\"saffron walden essex\" width=\"750\" height=\"563\" class=\"alignnone size-full wp-image-50555\" srcset=\"https:\/\/www.urlaubcornwall.de\/blog\/wp-content\/uploads\/2024\/05\/saffron-walden-essex.jpg 750w, https:\/\/www.urlaubcornwall.de\/blog\/wp-content\/uploads\/2024\/05\/saffron-walden-essex-300x225.jpg 300w\" sizes=\"(max-width: 750px) 100vw, 750px\" \/><\/a><\/p>\n<p>Aufgrund seiner wundervollen Mischung an K\u00fcsten- und Landschaftsattraktionen eignet sich Essex hervorragend f\u00fcr Familienurlaube oder um in diesem herrlichen Teil Englands umherzureisen. Um Spa\u00df, Sonne und Wassersportm\u00f6glichkeiten zu haben, machen Sie sich auf Richtung K\u00fcste, die sich \u00fcber 350 Meilen erstreckt und sowohl abgelegene Gebiete voller Tierleben als auch eine Reihe an Urlaubsorten hat, viele davon mit blau beflaggten Stranden. Sie finden die perfekte Unterkunft in unserer fantastischen Auswahl an Ferienh\u00e4usern und Appartements oder genie\u00dfen Sie eine Rundreise in einer Auswahl <a href=\"https:\/\/www.urlaubcornwall.de\/rundreisen\/grossbritannien.php\"><span style=\"text-decoration: underline;\">handverlesener Hotels und B&amp;Bs<\/span><\/a> w\u00e4hrend Ihres Urlaubs in Essex und durch Ost Anglia.<\/p>\n<div class=\"snippet\"> <a class=\"featured-item\" href=\"https:\/\/www.urlaubcornwall.de\/ferienhaeuser-fewos\/eng\/essex\/essex.html\"> <span class=\"image-holder\" style=\"background-image: url('https:\/\/www.urlaubcornwall.de\/blog\/wp-content\/uploads\/2024\/03\/ferienhaus-england-cornwall.jpg');\"><\/span> <span class=\"featured-content\"> \n<h2 class=\"featured-title\">Ferienh\u00e4user in Essex &#038; S\u00fcdengland<\/h2>\n<p class=\"featured-body\">Bei uns finden Sie Ferienh\u00e4user zum Verlieben &#8211; so einfach ist das! Dank seiner langen Geschichte, der reizvollen Landschaften und seinen vielen Attraktionen ist S\u00fcdengland ein wahres Mekka f\u00fcr Urlauber&#8230;..<\/p><\/span> <span class=\"featured-link-holder\"> <span class=\"featured-extra-info\"> \n<p>Pers\u00f6nlich inspizierter Ferienh\u00e4user<\/p>\n<\/span> \n<p class=\"featured-link\">DETAILS<\/p>\n<\/span> <\/a><\/div>\n<p>Spazieren Sie die Promenade entlang, vorbei an bunten Strandh\u00e4usern bei Frinton-on-Sea. Genie\u00dfen Sie anregende Klippenwanderungen entlang der \u201eSonnenk\u00fcste\u201c oder segeln Sie von Burnham-on-Crouch, erm\u00f6glichen Sie Ihrem Kind freundliche Begegnungen mit Tieren mit einer Auswahl an Farmparks und dem Colchester Zoo.<\/p>\n<div class=\"snippet\"> <a class=\"featured-item\" href=\" https:\/\/www.urlaubcornwall.de\/rundreisen\/cornwall-suedengland.php\"> <span class=\"image-holder\" style=\"background-image: url(' https:\/\/www.urlaubcornwall.de\/blog\/wp-content\/uploads\/2019\/01\/horn-of-plenty-dartmoor-hotel-devon-1.jpg ');\"><\/span> <span class=\"featured-content\"> \n<h2 class=\"featured-title\">Individuelle Rundreise in Essex &#038; S\u00fcdengland<\/h2>\n<p class=\"featured-body\"> Bei dieser Essex Rundreise entdecken Sie die H\u00f6hepunkte S\u00fcdenglands. Kultur, Geschichte, Landschaft und heutiges Leben werden Sie hierbei kennenlernen&#8230;<\/p>\n<\/span> <span class=\"featured-link-holder\"> <span class=\"featured-extra-info\"> \n<p>Urlaub im eigenen Schritttempo<\/p>\n<\/span> \n<p class=\"featured-link\">DETAILS<\/p>\n<\/span> <\/a><\/div>\n<p><script async src=\"https:\/\/pagead2.googlesyndication.com\/pagead\/js\/adsbygoogle.js?client=ca-pub-3901089389175725\"\n     crossorigin=\"anonymous\"><\/script><br \/>\n<!-- New UC --><br \/>\n<ins class=\"adsbygoogle\"\n     style=\"display:block\"\n     data-ad-client=\"ca-pub-3901089389175725\"\n     data-ad-slot=\"8080314818\"\n     data-ad-format=\"auto\"\n     data-full-width-responsive=\"true\"><\/ins><br \/>\n<script>\n     (adsbygoogle = window.adsbygoogle || []).push({});\n<\/script><\/p>\n","protected":false},"excerpt":{"rendered":"<p>Aufgrund seiner wundervollen Mischung an K\u00fcsten- und Landschaftsattraktionen eignet sich Essex hervorragend f\u00fcr Familienurlaube oder um in diesem herrlichen Teil Englands umherzureisen. Um Spa\u00df, Sonne und Wassersportm\u00f6glichkeiten zu haben, machen Sie sich auf Richtung K\u00fcste, die sich \u00fcber 350 Meilen erstreckt und sowohl abgelegene Gebiete voller Tierleben als auch eine Reihe an Urlaubsorten hat, viele [&hellip;]<\/p>\n","protected":false},"author":1,"featured_media":0,"parent":0,"menu_order":0,"comment_status":"closed","ping_status":"closed","template":"single-four.php","meta":[],"acf":[],"yoast_head":"<!-- This site is optimized with the Yoast SEO plugin v19.4 - https:\/\/yoast.com\/wordpress\/plugins\/seo\/ -->\n<title>Urlaub in Essex - Geschichte, Landschaft und Str\u00e4nde - Urlaub &amp; Reisen<\/title>\n<meta name=\"robots\" content=\"index, follow, max-snippet:-1, max-image-preview:large, max-video-preview:-1\" \/>\n<link rel=\"canonical\" href=\"https:\/\/www.urlaubcornwall.de\/blog\/urlaub-in-essex-geschichte-landschaft-und-straende\/\" \/>\n<meta property=\"og:locale\" content=\"en_US\" \/>\n<meta property=\"og:type\" content=\"article\" \/>\n<meta property=\"og:title\" content=\"Urlaub in Essex - Geschichte, Landschaft und Str\u00e4nde - Urlaub &amp; Reisen\" \/>\n<meta property=\"og:description\" content=\"Aufgrund seiner wundervollen Mischung an K\u00fcsten- und Landschaftsattraktionen eignet sich Essex hervorragend f\u00fcr Familienurlaube oder um in diesem herrlichen Teil Englands umherzureisen. Um Spa\u00df, Sonne und Wassersportm\u00f6glichkeiten zu haben, machen Sie sich auf Richtung K\u00fcste, die sich \u00fcber 350 Meilen erstreckt und sowohl abgelegene Gebiete voller Tierleben als auch eine Reihe an Urlaubsorten hat, viele [&hellip;]\" \/>\n<meta property=\"og:url\" content=\"https:\/\/www.urlaubcornwall.de\/blog\/urlaub-in-essex-geschichte-landschaft-und-straende\/\" \/>\n<meta property=\"og:site_name\" content=\"Urlaub &amp; Reisen\" \/>\n<meta property=\"article:modified_time\" content=\"2024-05-29T09:40:36+00:00\" \/>\n<meta property=\"og:image\" content=\"https:\/\/www.urlaubcornwall.de\/blog\/wp-content\/uploads\/2024\/05\/saffron-walden-essex.jpg\" \/>\n<meta name=\"twitter:card\" content=\"summary\" \/>\n<meta name=\"twitter:label1\" content=\"Est. reading time\" \/>\n\t<meta name=\"twitter:data1\" content=\"2 minutes\" \/>\n<script type=\"application\/ld+json\" class=\"yoast-schema-graph\">{\"@context\":\"https:\/\/schema.org\",\"@graph\":[{\"@type\":\"WebSite\",\"@id\":\"https:\/\/www.urlaubcornwall.de\/blog\/#website\",\"url\":\"https:\/\/www.urlaubcornwall.de\/blog\/\",\"name\":\"Urlaub &amp; Reisen\",\"description\":\"Urlaub, Reisen, Cornwall und S\u00fcdengland: eine perfekte Kombination\",\"potentialAction\":[{\"@type\":\"SearchAction\",\"target\":{\"@type\":\"EntryPoint\",\"urlTemplate\":\"https:\/\/www.urlaubcornwall.de\/blog\/?s={search_term_string}\"},\"query-input\":\"required name=search_term_string\"}],\"inLanguage\":\"en-US\"},{\"@type\":\"WebPage\",\"@id\":\"https:\/\/www.urlaubcornwall.de\/blog\/urlaub-in-essex-geschichte-landschaft-und-straende\/\",\"url\":\"https:\/\/www.urlaubcornwall.de\/blog\/urlaub-in-essex-geschichte-landschaft-und-straende\/\",\"name\":\"Urlaub in Essex - Geschichte, Landschaft und Str\u00e4nde - Urlaub &amp; Reisen\",\"isPartOf\":{\"@id\":\"https:\/\/www.urlaubcornwall.de\/blog\/#website\"},\"datePublished\":\"2015-08-25T13:29:40+00:00\",\"dateModified\":\"2024-05-29T09:40:36+00:00\",\"breadcrumb\":{\"@id\":\"https:\/\/www.urlaubcornwall.de\/blog\/urlaub-in-essex-geschichte-landschaft-und-straende\/#breadcrumb\"},\"inLanguage\":\"en-US\",\"potentialAction\":[{\"@type\":\"ReadAction\",\"target\":[\"https:\/\/www.urlaubcornwall.de\/blog\/urlaub-in-essex-geschichte-landschaft-und-straende\/\"]}]},{\"@type\":\"BreadcrumbList\",\"@id\":\"https:\/\/www.urlaubcornwall.de\/blog\/urlaub-in-essex-geschichte-landschaft-und-straende\/#breadcrumb\",\"itemListElement\":[{\"@type\":\"ListItem\",\"position\":1,\"name\":\"Home\",\"item\":\"https:\/\/www.urlaubcornwall.de\/blog\/\"},{\"@type\":\"ListItem\",\"position\":2,\"name\":\"Urlaub in Essex &#8211; Geschichte, Landschaft und Str\u00e4nde\"}]}]}<\/script>\n<!-- \/ Yoast SEO plugin. -->","yoast_head_json":{"title":"Urlaub in Essex - Geschichte, Landschaft und Str\u00e4nde - Urlaub &amp; Reisen","robots":{"index":"index","follow":"follow","max-snippet":"max-snippet:-1","max-image-preview":"max-image-preview:large","max-video-preview":"max-video-preview:-1"},"canonical":"https:\/\/www.urlaubcornwall.de\/blog\/urlaub-in-essex-geschichte-landschaft-und-straende\/","og_locale":"en_US","og_type":"article","og_title":"Urlaub in Essex - Geschichte, Landschaft und Str\u00e4nde - Urlaub &amp; Reisen","og_description":"Aufgrund seiner wundervollen Mischung an K\u00fcsten- und Landschaftsattraktionen eignet sich Essex hervorragend f\u00fcr Familienurlaube oder um in diesem herrlichen Teil Englands umherzureisen. Um Spa\u00df, Sonne und Wassersportm\u00f6glichkeiten zu haben, machen Sie sich auf Richtung K\u00fcste, die sich \u00fcber 350 Meilen erstreckt und sowohl abgelegene Gebiete voller Tierleben als auch eine Reihe an Urlaubsorten hat, viele [&hellip;]","og_url":"https:\/\/www.urlaubcornwall.de\/blog\/urlaub-in-essex-geschichte-landschaft-und-straende\/","og_site_name":"Urlaub &amp; Reisen","article_modified_time":"2024-05-29T09:40:36+00:00","og_image":[{"url":"https:\/\/www.urlaubcornwall.de\/blog\/wp-content\/uploads\/2024\/05\/saffron-walden-essex.jpg"}],"twitter_card":"summary","twitter_misc":{"Est. reading time":"2 minutes"},"schema":{"@context":"https:\/\/schema.org","@graph":[{"@type":"WebSite","@id":"https:\/\/www.urlaubcornwall.de\/blog\/#website","url":"https:\/\/www.urlaubcornwall.de\/blog\/","name":"Urlaub &amp; Reisen","description":"Urlaub, Reisen, Cornwall und S\u00fcdengland: eine perfekte Kombination","potentialAction":[{"@type":"SearchAction","target":{"@type":"EntryPoint","urlTemplate":"https:\/\/www.urlaubcornwall.de\/blog\/?s={search_term_string}"},"query-input":"required name=search_term_string"}],"inLanguage":"en-US"},{"@type":"WebPage","@id":"https:\/\/www.urlaubcornwall.de\/blog\/urlaub-in-essex-geschichte-landschaft-und-straende\/","url":"https:\/\/www.urlaubcornwall.de\/blog\/urlaub-in-essex-geschichte-landschaft-und-straende\/","name":"Urlaub in Essex - Geschichte, Landschaft und Str\u00e4nde - Urlaub &amp; Reisen","isPartOf":{"@id":"https:\/\/www.urlaubcornwall.de\/blog\/#website"},"datePublished":"2015-08-25T13:29:40+00:00","dateModified":"2024-05-29T09:40:36+00:00","breadcrumb":{"@id":"https:\/\/www.urlaubcornwall.de\/blog\/urlaub-in-essex-geschichte-landschaft-und-straende\/#breadcrumb"},"inLanguage":"en-US","potentialAction":[{"@type":"ReadAction","target":["https:\/\/www.urlaubcornwall.de\/blog\/urlaub-in-essex-geschichte-landschaft-und-straende\/"]}]},{"@type":"BreadcrumbList","@id":"https:\/\/www.urlaubcornwall.de\/blog\/urlaub-in-essex-geschichte-landschaft-und-straende\/#breadcrumb","itemListElement":[{"@type":"ListItem","position":1,"name":"Home","item":"https:\/\/www.urlaubcornwall.de\/blog\/"},{"@type":"ListItem","position":2,"name":"Urlaub in Essex &#8211; Geschichte, Landschaft und Str\u00e4nde"}]}]}},"_links":{"self":[{"href":"https:\/\/www.urlaubcornwall.de\/blog\/wp-json\/wp\/v2\/pages\/19723"}],"collection":[{"href":"https:\/\/www.urlaubcornwall.de\/blog\/wp-json\/wp\/v2\/pages"}],"about":[{"href":"https:\/\/www.urlaubcornwall.de\/blog\/wp-json\/wp\/v2\/types\/page"}],"author":[{"embeddable":true,"href":"https:\/\/www.urlaubcornwall.de\/blog\/wp-json\/wp\/v2\/users\/1"}],"replies":[{"embeddable":true,"href":"https:\/\/www.urlaubcornwall.de\/blog\/wp-json\/wp\/v2\/comments?post=19723"}],"version-history":[{"count":16,"href":"https:\/\/www.urlaubcornwall.de\/blog\/wp-json\/wp\/v2\/pages\/19723\/revisions"}],"predecessor-version":[{"id":50556,"href":"https:\/\/www.urlaubcornwall.de\/blog\/wp-json\/wp\/v2\/pages\/19723\/revisions\/50556"}],"wp:attachment":[{"href":"https:\/\/www.urlaubcornwall.de\/blog\/wp-json\/wp\/v2\/media?parent=19723"}],"curies":[{"name":"wp","href":"https:\/\/api.w.org\/{rel}","templated":true}]}}