{"id":19721,"date":"2015-08-25T14:14:12","date_gmt":"2015-08-25T14:14:12","guid":{"rendered":"https:\/\/www.urlaubcornwall.de\/blog\/?page_id=19721"},"modified":"2024-05-29T09:36:26","modified_gmt":"2024-05-29T09:36:26","slug":"urlaub-in-suffolk-die-grafschaft-von-constable-und-das-zuhause-mittelalterlicher-staedte-und-doerfer","status":"publish","type":"page","link":"https:\/\/www.urlaubcornwall.de\/blog\/urlaub-in-suffolk-die-grafschaft-von-constable-und-das-zuhause-mittelalterlicher-staedte-und-doerfer\/","title":{"rendered":"Urlaub in Suffolk: die Grafschaft von Constable und das Zuhause mittelalterlicher St\u00e4dte &#038; D\u00f6rfer."},"content":{"rendered":"<p><a href=\"https:\/\/www.urlaubcornwall.de\/blog\/wp-content\/uploads\/2024\/03\/suffolk.jpg\"><img loading=\"lazy\" src=\"https:\/\/www.urlaubcornwall.de\/blog\/wp-content\/uploads\/2024\/03\/suffolk.jpg\" alt=\"suffolk\" width=\"750\" height=\"500\" class=\"alignnone size-full wp-image-48000\" srcset=\"https:\/\/www.urlaubcornwall.de\/blog\/wp-content\/uploads\/2024\/03\/suffolk.jpg 750w, https:\/\/www.urlaubcornwall.de\/blog\/wp-content\/uploads\/2024\/03\/suffolk-300x200.jpg 300w\" sizes=\"(max-width: 750px) 100vw, 750px\" \/><\/a><\/p>\n<p>Suffolk ist eine entz\u00fcckende l\u00e4ndliche Grafschaft, stets in Verbindung gebracht mit dem Maler John Constable, der vielen \u00f6rtlichen Szenen, die heute nach wie vor so unver\u00e4ndert geblieben sind, Unsterblichkeit verliehen hat. Sie finden die perfekte Unterkunft in unserer fantastischen Auswahl an <a href=\"https:\/\/www.urlaubcornwall.de\/blog\/beliebte-urlaubsorte-east-anglia-norfolk-suffolk-cambridgeshire-und-essex\/\">Ferienh\u00e4usern und Appartements<\/a> oder genie\u00dfen Sie eine Rundreise in einer Auswahl <a href=\"https:\/\/www.urlaubcornwall.de\/blog\/rundreisen-grossbritannien-und-irland\/\">handverlesener Hotels und B&amp;Bs<\/a> w\u00e4hrend Ihres Urlaubs in Suffolk und durch <a href=\"https:\/\/www.urlaubcornwall.de\/blog\/urlaub-in-east-anglia-ostanglien-eine-abgeschiedene-ecke-englands\/\">Ost Anglia<\/a>.<\/p>\n<p><a href=\"https:\/\/www.urlaubcornwall.de\/ferienhaeuser-fewos\/eng\/essex\/dedham.html\">Dedham<\/a> ist eine h\u00fcbsche Landstadt mit einer Reihe feiner Geb\u00e4ude und besonders der eindrucksvollen Kirche des 15. Jahrhunderts. Constable ist die Felder und Wege von Dedham Vale entlang spaziert und hat zahlreiche Sehensw\u00fcrdigkeiten in seinen ber\u00fchmtesten Bildern dargestellt.<\/p>\n<p>Lavenham bei Sudbury ist eine von Englands feinsten mittelalterlichen St\u00e4dten, die mit dem Wollhandel im 16. Jahrhundert reich geworden ist zu Zeiten der Herrschaft von Heinrich VIII. Von der Stra\u00dfe aus betrachtet, sieht es alt und interessant aus, doch sollten Sie wirklich anhalten und zu Fu\u00df auf Erkundungstour gehen. Hinter jeder Ecke finden Sie eine weitere Ansammlung von Fachwerkgeb\u00e4uden, von den gut erhaltenen Weberh\u00e4uschen bis hin zur eindrucksvollen Corpus Christi Guild Halle auf dem Marktplatz.<\/p>\n<p>Weitere Orte, die Sie in Ihre Tour mit eingliedern k\u00f6nnen, w\u00e4ren Clare und Stoke by Clare, Long Melford und Sudbury. Schauen Sie sich unsere<u><a href=\"https:\/\/www.urlaubcornwall.de\/blog\/top-10-sehenswuerdigkeiten-in-east-anglia\/\"> Top 10 Reise- und Urlaubstipps<\/a> <\/u>an.<\/p>\n<h2 style=\"text-align: center;\"><strong>Bei uns finden Sie Ferienh\u00e4user in Suffolk zum Verlieben \u2013 so einfach ist das!<\/strong><\/h2>\n<p style=\"text-align: center;\">Wir hier von UrlaubCornwall haben die gr\u00f6\u00dfte Auswahl an Cottages, die jedem Geldbeutel gerecht werden, von einem urigen Cottage f\u00fcr Paare bis hin zu einem 5 Sterne Luxusstrandhaus mit Meeresblick.<\/p>\n<p style=\"text-align: center;\"><a class=\"tidycta\" href=\"https:\/\/www.urlaubcornwall.de\/ferienhaeuser-fewos\/eng\/suffolk\/suffolk.html\">Ferienh\u00e4user in Suffolk<\/a><\/p>\n<p><img loading=\"lazy\" class=\"aligncenter size-full wp-image-24598\" src=\"https:\/\/www.urlaubcornwall.de\/blog\/wp-content\/uploads\/2016\/06\/urlaub-und-gro\u00dfbritannien_logo_final.jpg\" alt=\"urlaub-gro\u00dfbritannien_logo\" height=\"361\" width=\"746\" srcset=\"https:\/\/www.urlaubcornwall.de\/blog\/wp-content\/uploads\/2016\/06\/urlaub-und-gro\u00dfbritannien_logo_final.jpg 746w, https:\/\/www.urlaubcornwall.de\/blog\/wp-content\/uploads\/2016\/06\/urlaub-und-gro\u00dfbritannien_logo_final-300x145.jpg 300w\" sizes=\"(max-width: 746px) 100vw, 746px\" \/><\/p>\n<p style=\"text-align: center;\"><a href=\"http:\/\/www.urlaubcornwall.de\/\">UrlaubCornwall.de<\/a> ist ein in Cornwall ans\u00e4ssiges Unternehmen k\u00f6nnen wir uns mit 20 Jahren Erfahrung in der Organisation von Rundreisen durch Gro\u00dfbritannien r\u00fchmen.<\/p>\n<p style=\"text-align: center;\"><a class=\"tidycta\" href=\"http:\/\/www.urlaubcornwall.de\/anfrage.php?tourcode=Rundreise East Angliae\">Rundreise East Anglia Anfrage<\/a><\/p>\n","protected":false},"excerpt":{"rendered":"<p>Suffolk ist eine entz\u00fcckende l\u00e4ndliche Grafschaft, stets in Verbindung gebracht mit dem Maler John Constable, der vielen \u00f6rtlichen Szenen, die heute nach wie vor so unver\u00e4ndert geblieben sind, Unsterblichkeit verliehen hat. Sie finden die perfekte Unterkunft in unserer fantastischen Auswahl an Ferienh\u00e4usern und Appartements oder genie\u00dfen Sie eine Rundreise in einer Auswahl handverlesener Hotels und [&hellip;]<\/p>\n","protected":false},"author":1,"featured_media":0,"parent":0,"menu_order":0,"comment_status":"closed","ping_status":"closed","template":"single-four.php","meta":[],"acf":[],"yoast_head":"<!-- This site is optimized with the Yoast SEO plugin v19.4 - https:\/\/yoast.com\/wordpress\/plugins\/seo\/ -->\n<title>Urlaub in Suffolk: die Grafschaft von Constable und das Zuhause mittelalterlicher St\u00e4dte &amp; D\u00f6rfer. - Urlaub &amp; Reisen<\/title>\n<meta name=\"robots\" content=\"index, follow, max-snippet:-1, max-image-preview:large, max-video-preview:-1\" \/>\n<link rel=\"canonical\" href=\"https:\/\/www.urlaubcornwall.de\/blog\/urlaub-in-suffolk-die-grafschaft-von-constable-und-das-zuhause-mittelalterlicher-staedte-und-doerfer\/\" \/>\n<meta property=\"og:locale\" content=\"en_US\" \/>\n<meta property=\"og:type\" content=\"article\" \/>\n<meta property=\"og:title\" content=\"Urlaub in Suffolk: die Grafschaft von Constable und das Zuhause mittelalterlicher St\u00e4dte &amp; D\u00f6rfer. - Urlaub &amp; Reisen\" \/>\n<meta property=\"og:description\" content=\"Suffolk ist eine entz\u00fcckende l\u00e4ndliche Grafschaft, stets in Verbindung gebracht mit dem Maler John Constable, der vielen \u00f6rtlichen Szenen, die heute nach wie vor so unver\u00e4ndert geblieben sind, Unsterblichkeit verliehen hat. Sie finden die perfekte Unterkunft in unserer fantastischen Auswahl an Ferienh\u00e4usern und Appartements oder genie\u00dfen Sie eine Rundreise in einer Auswahl handverlesener Hotels und [&hellip;]\" \/>\n<meta property=\"og:url\" content=\"https:\/\/www.urlaubcornwall.de\/blog\/urlaub-in-suffolk-die-grafschaft-von-constable-und-das-zuhause-mittelalterlicher-staedte-und-doerfer\/\" \/>\n<meta property=\"og:site_name\" content=\"Urlaub &amp; Reisen\" \/>\n<meta property=\"article:modified_time\" content=\"2024-05-29T09:36:26+00:00\" \/>\n<meta property=\"og:image\" content=\"https:\/\/www.urlaubcornwall.de\/blog\/wp-content\/uploads\/2024\/03\/suffolk.jpg\" \/>\n<meta name=\"twitter:card\" content=\"summary\" \/>\n<meta name=\"twitter:label1\" content=\"Est. reading time\" \/>\n\t<meta name=\"twitter:data1\" content=\"2 minutes\" \/>\n<script type=\"application\/ld+json\" class=\"yoast-schema-graph\">{\"@context\":\"https:\/\/schema.org\",\"@graph\":[{\"@type\":\"WebSite\",\"@id\":\"https:\/\/www.urlaubcornwall.de\/blog\/#website\",\"url\":\"https:\/\/www.urlaubcornwall.de\/blog\/\",\"name\":\"Urlaub &amp; Reisen\",\"description\":\"Urlaub, Reisen, Cornwall und S\u00fcdengland: eine perfekte Kombination\",\"potentialAction\":[{\"@type\":\"SearchAction\",\"target\":{\"@type\":\"EntryPoint\",\"urlTemplate\":\"https:\/\/www.urlaubcornwall.de\/blog\/?s={search_term_string}\"},\"query-input\":\"required name=search_term_string\"}],\"inLanguage\":\"en-US\"},{\"@type\":\"WebPage\",\"@id\":\"https:\/\/www.urlaubcornwall.de\/blog\/urlaub-in-suffolk-die-grafschaft-von-constable-und-das-zuhause-mittelalterlicher-staedte-und-doerfer\/\",\"url\":\"https:\/\/www.urlaubcornwall.de\/blog\/urlaub-in-suffolk-die-grafschaft-von-constable-und-das-zuhause-mittelalterlicher-staedte-und-doerfer\/\",\"name\":\"Urlaub in Suffolk: die Grafschaft von Constable und das Zuhause mittelalterlicher St\u00e4dte & D\u00f6rfer. - Urlaub &amp; Reisen\",\"isPartOf\":{\"@id\":\"https:\/\/www.urlaubcornwall.de\/blog\/#website\"},\"datePublished\":\"2015-08-25T14:14:12+00:00\",\"dateModified\":\"2024-05-29T09:36:26+00:00\",\"breadcrumb\":{\"@id\":\"https:\/\/www.urlaubcornwall.de\/blog\/urlaub-in-suffolk-die-grafschaft-von-constable-und-das-zuhause-mittelalterlicher-staedte-und-doerfer\/#breadcrumb\"},\"inLanguage\":\"en-US\",\"potentialAction\":[{\"@type\":\"ReadAction\",\"target\":[\"https:\/\/www.urlaubcornwall.de\/blog\/urlaub-in-suffolk-die-grafschaft-von-constable-und-das-zuhause-mittelalterlicher-staedte-und-doerfer\/\"]}]},{\"@type\":\"BreadcrumbList\",\"@id\":\"https:\/\/www.urlaubcornwall.de\/blog\/urlaub-in-suffolk-die-grafschaft-von-constable-und-das-zuhause-mittelalterlicher-staedte-und-doerfer\/#breadcrumb\",\"itemListElement\":[{\"@type\":\"ListItem\",\"position\":1,\"name\":\"Home\",\"item\":\"https:\/\/www.urlaubcornwall.de\/blog\/\"},{\"@type\":\"ListItem\",\"position\":2,\"name\":\"Urlaub in Suffolk: die Grafschaft von Constable und das Zuhause mittelalterlicher St\u00e4dte &#038; D\u00f6rfer.\"}]}]}<\/script>\n<!-- \/ Yoast SEO plugin. -->","yoast_head_json":{"title":"Urlaub in Suffolk: die Grafschaft von Constable und das Zuhause mittelalterlicher St\u00e4dte & D\u00f6rfer. - Urlaub &amp; Reisen","robots":{"index":"index","follow":"follow","max-snippet":"max-snippet:-1","max-image-preview":"max-image-preview:large","max-video-preview":"max-video-preview:-1"},"canonical":"https:\/\/www.urlaubcornwall.de\/blog\/urlaub-in-suffolk-die-grafschaft-von-constable-und-das-zuhause-mittelalterlicher-staedte-und-doerfer\/","og_locale":"en_US","og_type":"article","og_title":"Urlaub in Suffolk: die Grafschaft von Constable und das Zuhause mittelalterlicher St\u00e4dte & D\u00f6rfer. - Urlaub &amp; Reisen","og_description":"Suffolk ist eine entz\u00fcckende l\u00e4ndliche Grafschaft, stets in Verbindung gebracht mit dem Maler John Constable, der vielen \u00f6rtlichen Szenen, die heute nach wie vor so unver\u00e4ndert geblieben sind, Unsterblichkeit verliehen hat. Sie finden die perfekte Unterkunft in unserer fantastischen Auswahl an Ferienh\u00e4usern und Appartements oder genie\u00dfen Sie eine Rundreise in einer Auswahl handverlesener Hotels und [&hellip;]","og_url":"https:\/\/www.urlaubcornwall.de\/blog\/urlaub-in-suffolk-die-grafschaft-von-constable-und-das-zuhause-mittelalterlicher-staedte-und-doerfer\/","og_site_name":"Urlaub &amp; Reisen","article_modified_time":"2024-05-29T09:36:26+00:00","og_image":[{"url":"https:\/\/www.urlaubcornwall.de\/blog\/wp-content\/uploads\/2024\/03\/suffolk.jpg"}],"twitter_card":"summary","twitter_misc":{"Est. reading time":"2 minutes"},"schema":{"@context":"https:\/\/schema.org","@graph":[{"@type":"WebSite","@id":"https:\/\/www.urlaubcornwall.de\/blog\/#website","url":"https:\/\/www.urlaubcornwall.de\/blog\/","name":"Urlaub &amp; Reisen","description":"Urlaub, Reisen, Cornwall und S\u00fcdengland: eine perfekte Kombination","potentialAction":[{"@type":"SearchAction","target":{"@type":"EntryPoint","urlTemplate":"https:\/\/www.urlaubcornwall.de\/blog\/?s={search_term_string}"},"query-input":"required name=search_term_string"}],"inLanguage":"en-US"},{"@type":"WebPage","@id":"https:\/\/www.urlaubcornwall.de\/blog\/urlaub-in-suffolk-die-grafschaft-von-constable-und-das-zuhause-mittelalterlicher-staedte-und-doerfer\/","url":"https:\/\/www.urlaubcornwall.de\/blog\/urlaub-in-suffolk-die-grafschaft-von-constable-und-das-zuhause-mittelalterlicher-staedte-und-doerfer\/","name":"Urlaub in Suffolk: die Grafschaft von Constable und das Zuhause mittelalterlicher St\u00e4dte & D\u00f6rfer. - Urlaub &amp; Reisen","isPartOf":{"@id":"https:\/\/www.urlaubcornwall.de\/blog\/#website"},"datePublished":"2015-08-25T14:14:12+00:00","dateModified":"2024-05-29T09:36:26+00:00","breadcrumb":{"@id":"https:\/\/www.urlaubcornwall.de\/blog\/urlaub-in-suffolk-die-grafschaft-von-constable-und-das-zuhause-mittelalterlicher-staedte-und-doerfer\/#breadcrumb"},"inLanguage":"en-US","potentialAction":[{"@type":"ReadAction","target":["https:\/\/www.urlaubcornwall.de\/blog\/urlaub-in-suffolk-die-grafschaft-von-constable-und-das-zuhause-mittelalterlicher-staedte-und-doerfer\/"]}]},{"@type":"BreadcrumbList","@id":"https:\/\/www.urlaubcornwall.de\/blog\/urlaub-in-suffolk-die-grafschaft-von-constable-und-das-zuhause-mittelalterlicher-staedte-und-doerfer\/#breadcrumb","itemListElement":[{"@type":"ListItem","position":1,"name":"Home","item":"https:\/\/www.urlaubcornwall.de\/blog\/"},{"@type":"ListItem","position":2,"name":"Urlaub in Suffolk: die Grafschaft von Constable und das Zuhause mittelalterlicher St\u00e4dte &#038; D\u00f6rfer."}]}]}},"_links":{"self":[{"href":"https:\/\/www.urlaubcornwall.de\/blog\/wp-json\/wp\/v2\/pages\/19721"}],"collection":[{"href":"https:\/\/www.urlaubcornwall.de\/blog\/wp-json\/wp\/v2\/pages"}],"about":[{"href":"https:\/\/www.urlaubcornwall.de\/blog\/wp-json\/wp\/v2\/types\/page"}],"author":[{"embeddable":true,"href":"https:\/\/www.urlaubcornwall.de\/blog\/wp-json\/wp\/v2\/users\/1"}],"replies":[{"embeddable":true,"href":"https:\/\/www.urlaubcornwall.de\/blog\/wp-json\/wp\/v2\/comments?post=19721"}],"version-history":[{"count":16,"href":"https:\/\/www.urlaubcornwall.de\/blog\/wp-json\/wp\/v2\/pages\/19721\/revisions"}],"predecessor-version":[{"id":50551,"href":"https:\/\/www.urlaubcornwall.de\/blog\/wp-json\/wp\/v2\/pages\/19721\/revisions\/50551"}],"wp:attachment":[{"href":"https:\/\/www.urlaubcornwall.de\/blog\/wp-json\/wp\/v2\/media?parent=19721"}],"curies":[{"name":"wp","href":"https:\/\/api.w.org\/{rel}","templated":true}]}}