{"id":19719,"date":"2015-08-25T13:50:27","date_gmt":"2015-08-25T13:50:27","guid":{"rendered":"https:\/\/www.urlaubcornwall.de\/blog\/?page_id=19719"},"modified":"2024-04-05T09:53:35","modified_gmt":"2024-04-05T09:53:35","slug":"urlaub-in-norfolk-von-sandstraenden-bis-hin-zu-den-broads","status":"publish","type":"page","link":"https:\/\/www.urlaubcornwall.de\/blog\/urlaub-in-norfolk-von-sandstraenden-bis-hin-zu-den-broads\/","title":{"rendered":"Urlaub in Norfolk \u2013 von Sandstr\u00e4nden bis hin zu den Broads"},"content":{"rendered":"<p><a href=\"https:\/\/www.urlaubcornwall.de\/blog\/wp-content\/uploads\/2024\/03\/norfolk-windmill.jpg\"><img loading=\"lazy\" src=\"https:\/\/www.urlaubcornwall.de\/blog\/wp-content\/uploads\/2024\/03\/norfolk-windmill.jpg\" alt=\"norfolk windmill\" width=\"750\" height=\"500\" class=\"alignnone size-full wp-image-47799\" srcset=\"https:\/\/www.urlaubcornwall.de\/blog\/wp-content\/uploads\/2024\/03\/norfolk-windmill.jpg 750w, https:\/\/www.urlaubcornwall.de\/blog\/wp-content\/uploads\/2024\/03\/norfolk-windmill-300x200.jpg 300w\" sizes=\"(max-width: 750px) 100vw, 750px\" \/><\/a><\/p>\n<p style=\"text-align: left;\">Norfolk in <a href=\"https:\/\/www.urlaubcornwall.de\/blog\/urlaub-in-east-anglia-ostanglien-eine-abgeschiedene-ecke-englands\/\">East Anglia<\/a> ist eine willkommen hei\u00dfende Mischung unber\u00fchrter K\u00fcste und malerischer Landschaft, perfekt sowohl f\u00fcr Familienurlaube, Strandurlaube als auch romantische Kurzurlaube.<\/p>\n<p style=\"text-align: left;\">Ein Gro\u00dfteil der K\u00fcste geh\u00f6rt zu einem Gebiet besonderer Natursch\u00f6nheit. Freuen Sie sich auf weite Sandstr\u00e4nde, eingerahmt von hohen Grasd\u00fcnen und einige der feinsten Salzsumpfgebiete Britanniens. Auf dem Lande finden Sie meilenweite H\u00fcgellandschaft so weit das Auge reicht. Dabei sind die Broads nicht zu vergessen, im 13. Und 14. Jahrhundert geformt, als der Meeresspiegel stieg und Gruben verschlang, die f\u00fcr die Torfgewinnung ausgegraben wurden. <\/p>\n<p><script async src=\"https:\/\/pagead2.googlesyndication.com\/pagead\/js\/adsbygoogle.js?client=ca-pub-3901089389175725\"\n     crossorigin=\"anonymous\"><\/script><br \/>\n<!-- New UC --><br \/>\n<ins class=\"adsbygoogle\"\n     style=\"display:block\"\n     data-ad-client=\"ca-pub-3901089389175725\"\n     data-ad-slot=\"8080314818\"\n     data-ad-format=\"auto\"\n     data-full-width-responsive=\"true\"><\/ins><br \/>\n<script>\n     (adsbygoogle = window.adsbygoogle || []).push({});\n<\/script><\/p>\n<p>Hier k\u00f6nnen Sie f\u00fcr einen Tag ein kleines Motorboot mieten und den riesigen Irrgarten an Wasserwegen entlang zuckeln \u2013 dem Zuhause einer enormen Menge Tierleben und ein Paradies f\u00fcr Vogelbeobachter. Sie k\u00f6nnen auch die Pfade erwandern oder mit dem Rad in einem Zickzack durch das Sumpfland fahren.<\/p>\n<p style=\"text-align: left;\">Es gibt so viel zu sehen und zu tun zwischen den vielen historischen Monumenten und Burgen, Norwichs wundersch\u00f6ne Kathedrale und die Landresidenz der K\u00f6nigin bei Sandringham. Dem f\u00fcgen Sie Familienattraktionen hinzu, von Zoos bis hin zu Dinosaurierparks, Museen, G\u00e4rten, Dampfeisenbahnstrecken, Brauereien und eine F\u00fclle an Speisem\u00f6glichkeiten.<\/p>\n<h1 style=\"text-align: left;\"><strong>Bei uns finden Sie Ferienh\u00e4user zum Verlieben \u2013 so einfach ist das!<\/strong><\/h1>\n<p style=\"text-align: left;\">Die Auswahl ist schier endlos, und ein Norfolks Cottage ist die perfekte Ausgangsbasis f\u00fcr einen Urlaub in East Anglia. Wir haben eine Riesenauswahl an Ferienwohnungen &amp; Ferienh\u00e4usern f\u00fcr Sie.<\/p>\n<p style=\"text-align: left;\"><a class=\"tidycta\" href=\"https:\/\/www.urlaubcornwall.de\/ferienhaeuser-fewos\/eng\/norfolk\/norfolk.html\">Ferienh\u00e4user in Norfolk<\/a><\/p>\n<h2 style=\"text-align: left;\">Unser Rundreisenservice<\/h2>\n<p style=\"text-align: center;\"><a href=\"http:\/\/www.urlaubcornwall.de\/\">UrlaubCornwall.de<\/a> ist ein in Cornwall ans\u00e4ssiges Unternehmen k\u00f6nnen wir uns mit 20 Jahren Erfahrung in der Organisation von Rundreisen durch Gro\u00dfbritannien r\u00fchmen.<\/p>\n<p style=\"text-align: center;\"><a class=\"tidycta\" href=\"http:\/\/www.urlaubcornwall.de\/anfrage.php?tourcode=Rundreise East Anglia\">Rundreise East Anglia Anfrage<\/a><\/p>\n","protected":false},"excerpt":{"rendered":"<p>Norfolk in East Anglia ist eine willkommen hei\u00dfende Mischung unber\u00fchrter K\u00fcste und malerischer Landschaft, perfekt sowohl f\u00fcr Familienurlaube, Strandurlaube als auch romantische Kurzurlaube. Ein Gro\u00dfteil der K\u00fcste geh\u00f6rt zu einem Gebiet besonderer Natursch\u00f6nheit. Freuen Sie sich auf weite Sandstr\u00e4nde, eingerahmt von hohen Grasd\u00fcnen und einige der feinsten Salzsumpfgebiete Britanniens. Auf dem Lande finden Sie meilenweite [&hellip;]<\/p>\n","protected":false},"author":1,"featured_media":0,"parent":0,"menu_order":0,"comment_status":"closed","ping_status":"closed","template":"single-four.php","meta":[],"acf":[],"yoast_head":"<!-- This site is optimized with the Yoast SEO plugin v19.4 - https:\/\/yoast.com\/wordpress\/plugins\/seo\/ -->\n<title>Urlaub in Norfolk \u2013 von Sandstr\u00e4nden bis hin zu den Broads - Urlaub &amp; Reisen<\/title>\n<meta name=\"robots\" content=\"index, follow, max-snippet:-1, max-image-preview:large, max-video-preview:-1\" \/>\n<link rel=\"canonical\" href=\"https:\/\/www.urlaubcornwall.de\/blog\/urlaub-in-norfolk-von-sandstraenden-bis-hin-zu-den-broads\/\" \/>\n<meta property=\"og:locale\" content=\"en_US\" \/>\n<meta property=\"og:type\" content=\"article\" \/>\n<meta property=\"og:title\" content=\"Urlaub in Norfolk \u2013 von Sandstr\u00e4nden bis hin zu den Broads - Urlaub &amp; Reisen\" \/>\n<meta property=\"og:description\" content=\"Norfolk in East Anglia ist eine willkommen hei\u00dfende Mischung unber\u00fchrter K\u00fcste und malerischer Landschaft, perfekt sowohl f\u00fcr Familienurlaube, Strandurlaube als auch romantische Kurzurlaube. Ein Gro\u00dfteil der K\u00fcste geh\u00f6rt zu einem Gebiet besonderer Natursch\u00f6nheit. Freuen Sie sich auf weite Sandstr\u00e4nde, eingerahmt von hohen Grasd\u00fcnen und einige der feinsten Salzsumpfgebiete Britanniens. Auf dem Lande finden Sie meilenweite [&hellip;]\" \/>\n<meta property=\"og:url\" content=\"https:\/\/www.urlaubcornwall.de\/blog\/urlaub-in-norfolk-von-sandstraenden-bis-hin-zu-den-broads\/\" \/>\n<meta property=\"og:site_name\" content=\"Urlaub &amp; Reisen\" \/>\n<meta property=\"article:modified_time\" content=\"2024-04-05T09:53:35+00:00\" \/>\n<meta property=\"og:image\" content=\"https:\/\/www.urlaubcornwall.de\/blog\/wp-content\/uploads\/2024\/03\/norfolk-windmill.jpg\" \/>\n<meta name=\"twitter:card\" content=\"summary\" \/>\n<meta name=\"twitter:label1\" content=\"Est. reading time\" \/>\n\t<meta name=\"twitter:data1\" content=\"2 minutes\" \/>\n<script type=\"application\/ld+json\" class=\"yoast-schema-graph\">{\"@context\":\"https:\/\/schema.org\",\"@graph\":[{\"@type\":\"WebSite\",\"@id\":\"https:\/\/www.urlaubcornwall.de\/blog\/#website\",\"url\":\"https:\/\/www.urlaubcornwall.de\/blog\/\",\"name\":\"Urlaub &amp; Reisen\",\"description\":\"Urlaub, Reisen, Cornwall und S\u00fcdengland: eine perfekte Kombination\",\"potentialAction\":[{\"@type\":\"SearchAction\",\"target\":{\"@type\":\"EntryPoint\",\"urlTemplate\":\"https:\/\/www.urlaubcornwall.de\/blog\/?s={search_term_string}\"},\"query-input\":\"required name=search_term_string\"}],\"inLanguage\":\"en-US\"},{\"@type\":\"WebPage\",\"@id\":\"https:\/\/www.urlaubcornwall.de\/blog\/urlaub-in-norfolk-von-sandstraenden-bis-hin-zu-den-broads\/\",\"url\":\"https:\/\/www.urlaubcornwall.de\/blog\/urlaub-in-norfolk-von-sandstraenden-bis-hin-zu-den-broads\/\",\"name\":\"Urlaub in Norfolk \u2013 von Sandstr\u00e4nden bis hin zu den Broads - Urlaub &amp; Reisen\",\"isPartOf\":{\"@id\":\"https:\/\/www.urlaubcornwall.de\/blog\/#website\"},\"datePublished\":\"2015-08-25T13:50:27+00:00\",\"dateModified\":\"2024-04-05T09:53:35+00:00\",\"breadcrumb\":{\"@id\":\"https:\/\/www.urlaubcornwall.de\/blog\/urlaub-in-norfolk-von-sandstraenden-bis-hin-zu-den-broads\/#breadcrumb\"},\"inLanguage\":\"en-US\",\"potentialAction\":[{\"@type\":\"ReadAction\",\"target\":[\"https:\/\/www.urlaubcornwall.de\/blog\/urlaub-in-norfolk-von-sandstraenden-bis-hin-zu-den-broads\/\"]}]},{\"@type\":\"BreadcrumbList\",\"@id\":\"https:\/\/www.urlaubcornwall.de\/blog\/urlaub-in-norfolk-von-sandstraenden-bis-hin-zu-den-broads\/#breadcrumb\",\"itemListElement\":[{\"@type\":\"ListItem\",\"position\":1,\"name\":\"Home\",\"item\":\"https:\/\/www.urlaubcornwall.de\/blog\/\"},{\"@type\":\"ListItem\",\"position\":2,\"name\":\"Urlaub in Norfolk \u2013 von Sandstr\u00e4nden bis hin zu den Broads\"}]}]}<\/script>\n<!-- \/ Yoast SEO plugin. -->","yoast_head_json":{"title":"Urlaub in Norfolk \u2013 von Sandstr\u00e4nden bis hin zu den Broads - Urlaub &amp; Reisen","robots":{"index":"index","follow":"follow","max-snippet":"max-snippet:-1","max-image-preview":"max-image-preview:large","max-video-preview":"max-video-preview:-1"},"canonical":"https:\/\/www.urlaubcornwall.de\/blog\/urlaub-in-norfolk-von-sandstraenden-bis-hin-zu-den-broads\/","og_locale":"en_US","og_type":"article","og_title":"Urlaub in Norfolk \u2013 von Sandstr\u00e4nden bis hin zu den Broads - Urlaub &amp; Reisen","og_description":"Norfolk in East Anglia ist eine willkommen hei\u00dfende Mischung unber\u00fchrter K\u00fcste und malerischer Landschaft, perfekt sowohl f\u00fcr Familienurlaube, Strandurlaube als auch romantische Kurzurlaube. Ein Gro\u00dfteil der K\u00fcste geh\u00f6rt zu einem Gebiet besonderer Natursch\u00f6nheit. Freuen Sie sich auf weite Sandstr\u00e4nde, eingerahmt von hohen Grasd\u00fcnen und einige der feinsten Salzsumpfgebiete Britanniens. Auf dem Lande finden Sie meilenweite [&hellip;]","og_url":"https:\/\/www.urlaubcornwall.de\/blog\/urlaub-in-norfolk-von-sandstraenden-bis-hin-zu-den-broads\/","og_site_name":"Urlaub &amp; Reisen","article_modified_time":"2024-04-05T09:53:35+00:00","og_image":[{"url":"https:\/\/www.urlaubcornwall.de\/blog\/wp-content\/uploads\/2024\/03\/norfolk-windmill.jpg"}],"twitter_card":"summary","twitter_misc":{"Est. reading time":"2 minutes"},"schema":{"@context":"https:\/\/schema.org","@graph":[{"@type":"WebSite","@id":"https:\/\/www.urlaubcornwall.de\/blog\/#website","url":"https:\/\/www.urlaubcornwall.de\/blog\/","name":"Urlaub &amp; Reisen","description":"Urlaub, Reisen, Cornwall und S\u00fcdengland: eine perfekte Kombination","potentialAction":[{"@type":"SearchAction","target":{"@type":"EntryPoint","urlTemplate":"https:\/\/www.urlaubcornwall.de\/blog\/?s={search_term_string}"},"query-input":"required name=search_term_string"}],"inLanguage":"en-US"},{"@type":"WebPage","@id":"https:\/\/www.urlaubcornwall.de\/blog\/urlaub-in-norfolk-von-sandstraenden-bis-hin-zu-den-broads\/","url":"https:\/\/www.urlaubcornwall.de\/blog\/urlaub-in-norfolk-von-sandstraenden-bis-hin-zu-den-broads\/","name":"Urlaub in Norfolk \u2013 von Sandstr\u00e4nden bis hin zu den Broads - Urlaub &amp; Reisen","isPartOf":{"@id":"https:\/\/www.urlaubcornwall.de\/blog\/#website"},"datePublished":"2015-08-25T13:50:27+00:00","dateModified":"2024-04-05T09:53:35+00:00","breadcrumb":{"@id":"https:\/\/www.urlaubcornwall.de\/blog\/urlaub-in-norfolk-von-sandstraenden-bis-hin-zu-den-broads\/#breadcrumb"},"inLanguage":"en-US","potentialAction":[{"@type":"ReadAction","target":["https:\/\/www.urlaubcornwall.de\/blog\/urlaub-in-norfolk-von-sandstraenden-bis-hin-zu-den-broads\/"]}]},{"@type":"BreadcrumbList","@id":"https:\/\/www.urlaubcornwall.de\/blog\/urlaub-in-norfolk-von-sandstraenden-bis-hin-zu-den-broads\/#breadcrumb","itemListElement":[{"@type":"ListItem","position":1,"name":"Home","item":"https:\/\/www.urlaubcornwall.de\/blog\/"},{"@type":"ListItem","position":2,"name":"Urlaub in Norfolk \u2013 von Sandstr\u00e4nden bis hin zu den Broads"}]}]}},"_links":{"self":[{"href":"https:\/\/www.urlaubcornwall.de\/blog\/wp-json\/wp\/v2\/pages\/19719"}],"collection":[{"href":"https:\/\/www.urlaubcornwall.de\/blog\/wp-json\/wp\/v2\/pages"}],"about":[{"href":"https:\/\/www.urlaubcornwall.de\/blog\/wp-json\/wp\/v2\/types\/page"}],"author":[{"embeddable":true,"href":"https:\/\/www.urlaubcornwall.de\/blog\/wp-json\/wp\/v2\/users\/1"}],"replies":[{"embeddable":true,"href":"https:\/\/www.urlaubcornwall.de\/blog\/wp-json\/wp\/v2\/comments?post=19719"}],"version-history":[{"count":16,"href":"https:\/\/www.urlaubcornwall.de\/blog\/wp-json\/wp\/v2\/pages\/19719\/revisions"}],"predecessor-version":[{"id":48954,"href":"https:\/\/www.urlaubcornwall.de\/blog\/wp-json\/wp\/v2\/pages\/19719\/revisions\/48954"}],"wp:attachment":[{"href":"https:\/\/www.urlaubcornwall.de\/blog\/wp-json\/wp\/v2\/media?parent=19719"}],"curies":[{"name":"wp","href":"https:\/\/api.w.org\/{rel}","templated":true}]}}