{"id":19717,"date":"2015-08-25T13:25:01","date_gmt":"2015-08-25T13:25:01","guid":{"rendered":"https:\/\/www.urlaubcornwall.de\/blog\/?page_id=19717"},"modified":"2024-05-28T15:06:58","modified_gmt":"2024-05-28T15:06:58","slug":"urlaub-in-east-anglia-ostanglien-eine-abgeschiedene-ecke-englands","status":"publish","type":"page","link":"https:\/\/www.urlaubcornwall.de\/blog\/urlaub-in-east-anglia-ostanglien-eine-abgeschiedene-ecke-englands\/","title":{"rendered":"Urlaub in East Anglia (Ostanglien)- eine abgeschiedene Ecke Englands"},"content":{"rendered":"<p><img loading=\"lazy\" class=\"aligncenter size-full wp-image-47799\" src=\"https:\/\/www.urlaubcornwall.de\/blog\/wp-content\/uploads\/2024\/03\/norfolk-windmill.jpg\" alt=\"norfolk windmill\" width=\"750\" height=\"500\" srcset=\"https:\/\/www.urlaubcornwall.de\/blog\/wp-content\/uploads\/2024\/03\/norfolk-windmill.jpg 750w, https:\/\/www.urlaubcornwall.de\/blog\/wp-content\/uploads\/2024\/03\/norfolk-windmill-300x200.jpg 300w\" sizes=\"(max-width: 750px) 100vw, 750px\" \/><\/p>\n<p style=\"text-align: left;\">Mit einer Geschichte, die zur\u00fcckreicht in Angels\u00e4chsische Zeiten ist das heutige Anglia ein entz\u00fcckender Urlaubsort im Osten Englands mit einer Mischung an H\u00fcgellandschaft, unber\u00fchrter K\u00fcste, gefeierten St\u00e4dten und Fachwerkd\u00f6rfern. Unsere Ost Anglia Cottages sind geradezu perfekt f\u00fcr vergn\u00fcgliche Familienurlaube oder einen romantischen Kurzurlaub f\u00fcr Paare.<\/p>\n<p style=\"text-align: left;\">Diese Region umfasst <a href=\"https:\/\/www.urlaubcornwall.de\/blog\/urlaub-in-suffolk-die-grafschaft-von-constable-und-das-zuhause-mittelalterlicher-staedte-und-doerfer\/\">Norfolk<\/a>, <a href=\"https:\/\/www.urlaubcornwall.de\/blog\/urlaub-in-suffolk-die-grafschaft-von-constable-und-das-zuhause-mittelalterlicher-staedte-und-doerfer\/\">Suffolk<\/a>, <a href=\"https:\/\/www.urlaubcornwall.de\/blog\/urlaub-in-cambridge-east-anglia\/\">Cambridgeshire<\/a> und <a href=\"https:\/\/www.urlaubcornwall.de\/blog\/urlaub-in-essex-geschichte-landschaft-und-straende\/\">Essex<\/a> und hat schon immer einen l\u00e4ndlichen Charakter aufgrund ihres flachen fruchtbaren Landes und der N\u00e4he zur Nordsee. Selbst heute gibt es wenig Industrie, und die Marktst\u00e4dte bewahren sich ihren Charakter von Landleben und D\u00f6rfern. Es ist hier durchaus m\u00f6glich, ein Gesch\u00e4ft zu finden, das als Gem\u00fcseladen Landwirtschaftsmaschinen verkauft.<\/p>\n<p><a href=\"https:\/\/www.urlaubcornwall.de\/blog\/wp-content\/uploads\/2015\/08\/urlaub-cambridge_22.jpg\"><img loading=\"lazy\" class=\"aligncenter size-full wp-image-21568\" src=\"https:\/\/www.urlaubcornwall.de\/blog\/wp-content\/uploads\/2015\/08\/urlaub-cambridge_22.jpg\" alt=\"urlaub cambridge\" width=\"746\" height=\"358\" srcset=\"https:\/\/www.urlaubcornwall.de\/blog\/wp-content\/uploads\/2015\/08\/urlaub-cambridge_22.jpg 746w, https:\/\/www.urlaubcornwall.de\/blog\/wp-content\/uploads\/2015\/08\/urlaub-cambridge_22-300x144.jpg 300w\" sizes=\"(max-width: 746px) 100vw, 746px\" \/><\/a><\/p>\n<p style=\"text-align: left;\">Lediglich aufgrund seiner Abgeschiedenheit wird es nur all zu oft von Urlaubern \u00fcbersehen (eine Ausnahme bildet hier Cambridge). Es ist durchaus eines Besuches wert, auch wegen des so eigenen Charakters, der Kirchen, gro\u00dfartiger historischer H\u00e4user und unentdeckter Landschaft. Schauen Sie sich unsere <a href=\"https:\/\/www.urlaubcornwall.de\/blog\/top-10-sehenswuerdigkeiten-in-east-anglia\/\">Top 10 Reise- und Urlaubstipps<\/a> an.<\/p>\n<h2 style=\"text-align: center;\"><strong>Bei uns finden Sie Ferienh\u00e4user zum Verlieben \u2013 so einfach ist das!<\/strong><\/h2>\n<p style=\"text-align: center;\"><a class=\"tidycta\" href=\"https:\/\/www.urlaubcornwall.de\/ferienhaeuser-fewos\/eng\/norfolk\/norfolk.html\">Ferienh\u00e4user in East Anglia<\/a><\/p>\n<p style=\"text-align: center;\">Wir hier von UrlaubCornwall.de haben die gr\u00f6\u00dfte Auswahl an Cottages, die jedem Geldbeutel gerecht werden, von einem urigen Cottage f\u00fcr Paare bis hin zu einem 5 Sterne Luxusstrandhaus mit Meeresblick.<\/p>\n<p style=\"text-align: center;\">Um East Anglia in Ihre Rundreise durch England mit einzugliedern, stellen Sie Ihre <a href=\"https:\/\/www.urlaubcornwall.de\/reisebuchung.php\">Anfrage<\/a> hier.<\/p>\n","protected":false},"excerpt":{"rendered":"<p>Mit einer Geschichte, die zur\u00fcckreicht in Angels\u00e4chsische Zeiten ist das heutige Anglia ein entz\u00fcckender Urlaubsort im Osten Englands mit einer Mischung an H\u00fcgellandschaft, unber\u00fchrter K\u00fcste, gefeierten St\u00e4dten und Fachwerkd\u00f6rfern. Unsere Ost Anglia Cottages sind geradezu perfekt f\u00fcr vergn\u00fcgliche Familienurlaube oder einen romantischen Kurzurlaub f\u00fcr Paare. Diese Region umfasst Norfolk, Suffolk, Cambridgeshire und Essex und hat [&hellip;]<\/p>\n","protected":false},"author":1,"featured_media":0,"parent":0,"menu_order":0,"comment_status":"closed","ping_status":"closed","template":"single-four.php","meta":[],"acf":[],"yoast_head":"<!-- This site is optimized with the Yoast SEO plugin v19.4 - https:\/\/yoast.com\/wordpress\/plugins\/seo\/ -->\n<title>Urlaub in East Anglia (Ostanglien)- eine abgeschiedene Ecke Englands - Urlaub &amp; Reisen<\/title>\n<meta name=\"robots\" content=\"index, follow, max-snippet:-1, max-image-preview:large, max-video-preview:-1\" \/>\n<link rel=\"canonical\" href=\"https:\/\/www.urlaubcornwall.de\/blog\/urlaub-in-east-anglia-ostanglien-eine-abgeschiedene-ecke-englands\/\" \/>\n<meta property=\"og:locale\" content=\"en_US\" \/>\n<meta property=\"og:type\" content=\"article\" \/>\n<meta property=\"og:title\" content=\"Urlaub in East Anglia (Ostanglien)- eine abgeschiedene Ecke Englands - Urlaub &amp; Reisen\" \/>\n<meta property=\"og:description\" content=\"Mit einer Geschichte, die zur\u00fcckreicht in Angels\u00e4chsische Zeiten ist das heutige Anglia ein entz\u00fcckender Urlaubsort im Osten Englands mit einer Mischung an H\u00fcgellandschaft, unber\u00fchrter K\u00fcste, gefeierten St\u00e4dten und Fachwerkd\u00f6rfern. Unsere Ost Anglia Cottages sind geradezu perfekt f\u00fcr vergn\u00fcgliche Familienurlaube oder einen romantischen Kurzurlaub f\u00fcr Paare. Diese Region umfasst Norfolk, Suffolk, Cambridgeshire und Essex und hat [&hellip;]\" \/>\n<meta property=\"og:url\" content=\"https:\/\/www.urlaubcornwall.de\/blog\/urlaub-in-east-anglia-ostanglien-eine-abgeschiedene-ecke-englands\/\" \/>\n<meta property=\"og:site_name\" content=\"Urlaub &amp; Reisen\" \/>\n<meta property=\"article:modified_time\" content=\"2024-05-28T15:06:58+00:00\" \/>\n<meta property=\"og:image\" content=\"https:\/\/www.urlaubcornwall.de\/blog\/wp-content\/uploads\/2024\/03\/norfolk-windmill.jpg\" \/>\n<meta name=\"twitter:card\" content=\"summary\" \/>\n<meta name=\"twitter:label1\" content=\"Est. reading time\" \/>\n\t<meta name=\"twitter:data1\" content=\"2 minutes\" \/>\n<script type=\"application\/ld+json\" class=\"yoast-schema-graph\">{\"@context\":\"https:\/\/schema.org\",\"@graph\":[{\"@type\":\"WebSite\",\"@id\":\"https:\/\/www.urlaubcornwall.de\/blog\/#website\",\"url\":\"https:\/\/www.urlaubcornwall.de\/blog\/\",\"name\":\"Urlaub &amp; Reisen\",\"description\":\"Urlaub, Reisen, Cornwall und S\u00fcdengland: eine perfekte Kombination\",\"potentialAction\":[{\"@type\":\"SearchAction\",\"target\":{\"@type\":\"EntryPoint\",\"urlTemplate\":\"https:\/\/www.urlaubcornwall.de\/blog\/?s={search_term_string}\"},\"query-input\":\"required name=search_term_string\"}],\"inLanguage\":\"en-US\"},{\"@type\":\"WebPage\",\"@id\":\"https:\/\/www.urlaubcornwall.de\/blog\/urlaub-in-east-anglia-ostanglien-eine-abgeschiedene-ecke-englands\/\",\"url\":\"https:\/\/www.urlaubcornwall.de\/blog\/urlaub-in-east-anglia-ostanglien-eine-abgeschiedene-ecke-englands\/\",\"name\":\"Urlaub in East Anglia (Ostanglien)- eine abgeschiedene Ecke Englands - Urlaub &amp; Reisen\",\"isPartOf\":{\"@id\":\"https:\/\/www.urlaubcornwall.de\/blog\/#website\"},\"datePublished\":\"2015-08-25T13:25:01+00:00\",\"dateModified\":\"2024-05-28T15:06:58+00:00\",\"breadcrumb\":{\"@id\":\"https:\/\/www.urlaubcornwall.de\/blog\/urlaub-in-east-anglia-ostanglien-eine-abgeschiedene-ecke-englands\/#breadcrumb\"},\"inLanguage\":\"en-US\",\"potentialAction\":[{\"@type\":\"ReadAction\",\"target\":[\"https:\/\/www.urlaubcornwall.de\/blog\/urlaub-in-east-anglia-ostanglien-eine-abgeschiedene-ecke-englands\/\"]}]},{\"@type\":\"BreadcrumbList\",\"@id\":\"https:\/\/www.urlaubcornwall.de\/blog\/urlaub-in-east-anglia-ostanglien-eine-abgeschiedene-ecke-englands\/#breadcrumb\",\"itemListElement\":[{\"@type\":\"ListItem\",\"position\":1,\"name\":\"Home\",\"item\":\"https:\/\/www.urlaubcornwall.de\/blog\/\"},{\"@type\":\"ListItem\",\"position\":2,\"name\":\"Urlaub in East Anglia (Ostanglien)- eine abgeschiedene Ecke Englands\"}]}]}<\/script>\n<!-- \/ Yoast SEO plugin. -->","yoast_head_json":{"title":"Urlaub in East Anglia (Ostanglien)- eine abgeschiedene Ecke Englands - Urlaub &amp; Reisen","robots":{"index":"index","follow":"follow","max-snippet":"max-snippet:-1","max-image-preview":"max-image-preview:large","max-video-preview":"max-video-preview:-1"},"canonical":"https:\/\/www.urlaubcornwall.de\/blog\/urlaub-in-east-anglia-ostanglien-eine-abgeschiedene-ecke-englands\/","og_locale":"en_US","og_type":"article","og_title":"Urlaub in East Anglia (Ostanglien)- eine abgeschiedene Ecke Englands - Urlaub &amp; Reisen","og_description":"Mit einer Geschichte, die zur\u00fcckreicht in Angels\u00e4chsische Zeiten ist das heutige Anglia ein entz\u00fcckender Urlaubsort im Osten Englands mit einer Mischung an H\u00fcgellandschaft, unber\u00fchrter K\u00fcste, gefeierten St\u00e4dten und Fachwerkd\u00f6rfern. Unsere Ost Anglia Cottages sind geradezu perfekt f\u00fcr vergn\u00fcgliche Familienurlaube oder einen romantischen Kurzurlaub f\u00fcr Paare. Diese Region umfasst Norfolk, Suffolk, Cambridgeshire und Essex und hat [&hellip;]","og_url":"https:\/\/www.urlaubcornwall.de\/blog\/urlaub-in-east-anglia-ostanglien-eine-abgeschiedene-ecke-englands\/","og_site_name":"Urlaub &amp; Reisen","article_modified_time":"2024-05-28T15:06:58+00:00","og_image":[{"url":"https:\/\/www.urlaubcornwall.de\/blog\/wp-content\/uploads\/2024\/03\/norfolk-windmill.jpg"}],"twitter_card":"summary","twitter_misc":{"Est. reading time":"2 minutes"},"schema":{"@context":"https:\/\/schema.org","@graph":[{"@type":"WebSite","@id":"https:\/\/www.urlaubcornwall.de\/blog\/#website","url":"https:\/\/www.urlaubcornwall.de\/blog\/","name":"Urlaub &amp; Reisen","description":"Urlaub, Reisen, Cornwall und S\u00fcdengland: eine perfekte Kombination","potentialAction":[{"@type":"SearchAction","target":{"@type":"EntryPoint","urlTemplate":"https:\/\/www.urlaubcornwall.de\/blog\/?s={search_term_string}"},"query-input":"required name=search_term_string"}],"inLanguage":"en-US"},{"@type":"WebPage","@id":"https:\/\/www.urlaubcornwall.de\/blog\/urlaub-in-east-anglia-ostanglien-eine-abgeschiedene-ecke-englands\/","url":"https:\/\/www.urlaubcornwall.de\/blog\/urlaub-in-east-anglia-ostanglien-eine-abgeschiedene-ecke-englands\/","name":"Urlaub in East Anglia (Ostanglien)- eine abgeschiedene Ecke Englands - Urlaub &amp; Reisen","isPartOf":{"@id":"https:\/\/www.urlaubcornwall.de\/blog\/#website"},"datePublished":"2015-08-25T13:25:01+00:00","dateModified":"2024-05-28T15:06:58+00:00","breadcrumb":{"@id":"https:\/\/www.urlaubcornwall.de\/blog\/urlaub-in-east-anglia-ostanglien-eine-abgeschiedene-ecke-englands\/#breadcrumb"},"inLanguage":"en-US","potentialAction":[{"@type":"ReadAction","target":["https:\/\/www.urlaubcornwall.de\/blog\/urlaub-in-east-anglia-ostanglien-eine-abgeschiedene-ecke-englands\/"]}]},{"@type":"BreadcrumbList","@id":"https:\/\/www.urlaubcornwall.de\/blog\/urlaub-in-east-anglia-ostanglien-eine-abgeschiedene-ecke-englands\/#breadcrumb","itemListElement":[{"@type":"ListItem","position":1,"name":"Home","item":"https:\/\/www.urlaubcornwall.de\/blog\/"},{"@type":"ListItem","position":2,"name":"Urlaub in East Anglia (Ostanglien)- eine abgeschiedene Ecke Englands"}]}]}},"_links":{"self":[{"href":"https:\/\/www.urlaubcornwall.de\/blog\/wp-json\/wp\/v2\/pages\/19717"}],"collection":[{"href":"https:\/\/www.urlaubcornwall.de\/blog\/wp-json\/wp\/v2\/pages"}],"about":[{"href":"https:\/\/www.urlaubcornwall.de\/blog\/wp-json\/wp\/v2\/types\/page"}],"author":[{"embeddable":true,"href":"https:\/\/www.urlaubcornwall.de\/blog\/wp-json\/wp\/v2\/users\/1"}],"replies":[{"embeddable":true,"href":"https:\/\/www.urlaubcornwall.de\/blog\/wp-json\/wp\/v2\/comments?post=19717"}],"version-history":[{"count":19,"href":"https:\/\/www.urlaubcornwall.de\/blog\/wp-json\/wp\/v2\/pages\/19717\/revisions"}],"predecessor-version":[{"id":48934,"href":"https:\/\/www.urlaubcornwall.de\/blog\/wp-json\/wp\/v2\/pages\/19717\/revisions\/48934"}],"wp:attachment":[{"href":"https:\/\/www.urlaubcornwall.de\/blog\/wp-json\/wp\/v2\/media?parent=19717"}],"curies":[{"name":"wp","href":"https:\/\/api.w.org\/{rel}","templated":true}]}}