{"id":19708,"date":"2015-08-25T10:50:56","date_gmt":"2015-08-25T10:50:56","guid":{"rendered":"https:\/\/www.urlaubcornwall.de\/blog\/?page_id=19708"},"modified":"2024-05-29T09:41:25","modified_gmt":"2024-05-29T09:41:25","slug":"beliebte-urlaubsorte-urlaub-resien-in-den-cotswolds","status":"publish","type":"page","link":"https:\/\/www.urlaubcornwall.de\/blog\/beliebte-urlaubsorte-urlaub-resien-in-den-cotswolds\/","title":{"rendered":"Beliebte Reiseziele  \u2013 Urlaub &#038; Reisen in den Cotswolds"},"content":{"rendered":"<p><a href=\"https:\/\/www.urlaubcornwall.de\/blog\/wp-content\/uploads\/2017\/03\/urlaub-broadway-cotswolds.jpg\"><img loading=\"lazy\" src=\"https:\/\/www.urlaubcornwall.de\/blog\/wp-content\/uploads\/2017\/03\/urlaub-broadway-cotswolds.jpg\" alt=\"Erkunden Sie die romantischen Cotswolds\" width=\"746\" height=\"407\" class=\"alignnone size-full wp-image-27295\" srcset=\"https:\/\/www.urlaubcornwall.de\/blog\/wp-content\/uploads\/2017\/03\/urlaub-broadway-cotswolds.jpg 746w, https:\/\/www.urlaubcornwall.de\/blog\/wp-content\/uploads\/2017\/03\/urlaub-broadway-cotswolds-300x164.jpg 300w\" sizes=\"(max-width: 746px) 100vw, 746px\" \/><\/a><\/p>\n<p><strong>Bei uns finden Sie Ferienh\u00e4user zum Verlieben &#8211; so einfach ist das!<\/strong> UrlaubCornwall.de empfiehlt Cottages, die Ihnen die gr\u00f6\u00dfte Auswahl an handverlesenen Unterk\u00fcnften f\u00fcr Selbstverpfleger in dieser wundersch\u00f6nen Region Gro\u00dfbritanniens offeriert und somit Familien und Paaren eine flexible Option f\u00fcr ihren <a href=\"https:\/\/www.urlaubcornwall.de\/blog\/urlaub-in-den-cotswolds-typisch-englisch\/\">Urlaub oder Tour durch den Cotswolds<\/a> bietet.<\/p>\n<p>In einem Gebiet besonderer Natursch\u00f6nheit gelegen mit einer Vielzahl an Attraktionen, ziehen die Cotswolds Besucher von nah und fern an in diese bildhaft sch\u00f6ne und typisch englische Region. Reisen Sie Ihrem eigenen Tempo entsprechend durch die Cotswolds und genie\u00dfen Sie die Landschaft und honigfarbenen D\u00f6rfer, die in ihrer Ausstrahlung das typisch l\u00e4ndliche England darstellen.<\/p>\n<p style=\"text-align: center;\"><a class=\"tidycta\" href=\"https:\/\/www.urlaubcornwall.de\/ferienhaeuser\/cotswolds.php\">Suche Ferienh\u00e4user &gt;&gt;<\/a><\/p>\n<p style=\"text-align: center;\"><strong><span class=\"st\">Sie finden Cotswolds beste Urlaubsziele<\/span> und Sch\u00f6ne St\u00e4dte in den Cotswolds<\/strong><\/p>\n<p style=\"text-align: center;\"><strong><a href=\"https:\/\/www.urlaubcornwall.de\/blog\/ferienhaeuser-und-ferienwohnungen-in-bibury-urlaub-cotswolds\/\">Bibury<\/a><\/strong><\/p>\n<p style=\"text-align: center;\"><strong><a href=\"https:\/\/www.urlaubcornwall.de\/blog\/ferienhaeuser-und-ferienwohnungen-in-bourton-on-the-water-urlaub-cotswolds\/\">Bourton-on-the-Water<\/a><\/strong><\/p>\n<p style=\"text-align: center;\"><strong><a href=\"https:\/\/www.urlaubcornwall.de\/blog\/ferienhaeuser-und-ferienwohnungen-in-bradford-on-avon-urlaub-cotswolds\/\">Bradford on Avon<\/a><\/strong><\/p>\n<p style=\"text-align: center;\"><strong><a href=\"https:\/\/www.urlaubcornwall.de\/blog\/ferienhaeuser-und-ferienwohnungen-in-broadway-urlaub-cotswolds\/\">Broadway<\/a><\/strong><\/p>\n<p style=\"text-align: center;\"><strong><a href=\"https:\/\/www.urlaubcornwall.de\/blog\/ferienhaeuser-und-ferienwohnungen-in-castle-combe-urlaub-cotswolds\/\">Castle Combe<\/a><\/strong><\/p>\n<p style=\"text-align: center;\"><strong><a href=\"https:\/\/www.urlaubcornwall.de\/blog\/ferienhaeuser-und-ferienwohnungen-in-chipping-campden-urlaub-cotswolds\/\">Chipping Campden<\/a><\/strong><\/p>\n<p style=\"text-align: center;\"><strong><a href=\"https:\/\/www.urlaubcornwall.de\/blog\/ferienhaeuser-und-ferienwohnungen-in-chipping-norton-urlaub-cotswolds\/\">Chipping Norton<\/a><\/strong><\/p>\n<p style=\"text-align: center;\"><strong><a href=\"https:\/\/www.urlaubcornwall.de\/blog\/ferienhaeuser-und-ferienwohnungen-in-malmsebury-urlaub-cotswolds\/\">Malmesbury<\/a><\/strong><\/p>\n<p style=\"text-align: center;\"><strong><a href=\"https:\/\/www.urlaubcornwall.de\/blog\/ferienhaeuser-und-ferienwohnungen-in-winchcombe-urlaub-cotswolds\/\">Winchcombe<\/a><\/strong><\/p>\n<p style=\"text-align: center;\"><strong><a href=\"https:\/\/www.urlaubcornwall.de\/blog\/ferienhaeuser-und-ferienwohnungen-in-upper-slaughter-urlaub-cotswolds\/\">Upper Slaughter<\/a><\/strong><\/p>\n<p style=\"text-align: center;\"><strong><a href=\"https:\/\/www.urlaubcornwall.de\/blog\/ferienhaeuser-und-ferienwohnungen-in-stow-in-the-wold\/\">Stow-on-the-Wold<\/a><\/strong><\/p>\n<p style=\"text-align: center;\"><strong><a href=\"https:\/\/www.urlaubcornwall.de\/blog\/ferienhaeuser-und-ferienwohnungen-in-stroud\/\">Stroud<\/a><\/strong><\/p>\n<p style=\"text-align: center;\"><strong><a href=\"https:\/\/www.urlaubcornwall.de\/blog\/ferienhaeuser-und-ferienwohnungen-in-tetbury-urlaub-cotswolds\/\">Tetbury<\/a><\/strong><\/p>\n<p style=\"text-align: center;\"><strong><a href=\"https:\/\/www.urlaubcornwall.de\/blog\/ferienhaeuser-und-ferienwohnungen-in-wooton-under-edge\/\">Wotton under Edge<\/a><\/strong><\/p>\n","protected":false},"excerpt":{"rendered":"<p>Bei uns finden Sie Ferienh\u00e4user zum Verlieben &#8211; so einfach ist das! UrlaubCornwall.de empfiehlt Cottages, die Ihnen die gr\u00f6\u00dfte Auswahl an handverlesenen Unterk\u00fcnften f\u00fcr Selbstverpfleger in dieser wundersch\u00f6nen Region Gro\u00dfbritanniens offeriert und somit Familien und Paaren eine flexible Option f\u00fcr ihren Urlaub oder Tour durch den Cotswolds bietet. In einem Gebiet besonderer Natursch\u00f6nheit gelegen mit [&hellip;]<\/p>\n","protected":false},"author":1,"featured_media":0,"parent":0,"menu_order":0,"comment_status":"closed","ping_status":"closed","template":"single-four.php","meta":[],"acf":[],"yoast_head":"<!-- This site is optimized with the Yoast SEO plugin v19.4 - https:\/\/yoast.com\/wordpress\/plugins\/seo\/ -->\n<title>Beliebte Reiseziele \u2013 Urlaub &amp; Reisen in den Cotswolds - Urlaub &amp; Reisen<\/title>\n<meta name=\"robots\" content=\"index, follow, max-snippet:-1, max-image-preview:large, max-video-preview:-1\" \/>\n<link rel=\"canonical\" href=\"https:\/\/www.urlaubcornwall.de\/blog\/beliebte-urlaubsorte-urlaub-resien-in-den-cotswolds\/\" \/>\n<meta property=\"og:locale\" content=\"en_US\" \/>\n<meta property=\"og:type\" content=\"article\" \/>\n<meta property=\"og:title\" content=\"Beliebte Reiseziele \u2013 Urlaub &amp; Reisen in den Cotswolds - Urlaub &amp; Reisen\" \/>\n<meta property=\"og:description\" content=\"Bei uns finden Sie Ferienh\u00e4user zum Verlieben &#8211; so einfach ist das! UrlaubCornwall.de empfiehlt Cottages, die Ihnen die gr\u00f6\u00dfte Auswahl an handverlesenen Unterk\u00fcnften f\u00fcr Selbstverpfleger in dieser wundersch\u00f6nen Region Gro\u00dfbritanniens offeriert und somit Familien und Paaren eine flexible Option f\u00fcr ihren Urlaub oder Tour durch den Cotswolds bietet. In einem Gebiet besonderer Natursch\u00f6nheit gelegen mit [&hellip;]\" \/>\n<meta property=\"og:url\" content=\"https:\/\/www.urlaubcornwall.de\/blog\/beliebte-urlaubsorte-urlaub-resien-in-den-cotswolds\/\" \/>\n<meta property=\"og:site_name\" content=\"Urlaub &amp; Reisen\" \/>\n<meta property=\"article:modified_time\" content=\"2024-05-29T09:41:25+00:00\" \/>\n<meta property=\"og:image\" content=\"https:\/\/www.urlaubcornwall.de\/blog\/wp-content\/uploads\/2017\/03\/urlaub-broadway-cotswolds.jpg\" \/>\n<meta name=\"twitter:card\" content=\"summary\" \/>\n<meta name=\"twitter:label1\" content=\"Est. reading time\" \/>\n\t<meta name=\"twitter:data1\" content=\"1 minute\" \/>\n<script type=\"application\/ld+json\" class=\"yoast-schema-graph\">{\"@context\":\"https:\/\/schema.org\",\"@graph\":[{\"@type\":\"WebSite\",\"@id\":\"https:\/\/www.urlaubcornwall.de\/blog\/#website\",\"url\":\"https:\/\/www.urlaubcornwall.de\/blog\/\",\"name\":\"Urlaub &amp; Reisen\",\"description\":\"Urlaub, Reisen, Cornwall und S\u00fcdengland: eine perfekte Kombination\",\"potentialAction\":[{\"@type\":\"SearchAction\",\"target\":{\"@type\":\"EntryPoint\",\"urlTemplate\":\"https:\/\/www.urlaubcornwall.de\/blog\/?s={search_term_string}\"},\"query-input\":\"required name=search_term_string\"}],\"inLanguage\":\"en-US\"},{\"@type\":\"WebPage\",\"@id\":\"https:\/\/www.urlaubcornwall.de\/blog\/beliebte-urlaubsorte-urlaub-resien-in-den-cotswolds\/\",\"url\":\"https:\/\/www.urlaubcornwall.de\/blog\/beliebte-urlaubsorte-urlaub-resien-in-den-cotswolds\/\",\"name\":\"Beliebte Reiseziele \u2013 Urlaub & Reisen in den Cotswolds - Urlaub &amp; Reisen\",\"isPartOf\":{\"@id\":\"https:\/\/www.urlaubcornwall.de\/blog\/#website\"},\"datePublished\":\"2015-08-25T10:50:56+00:00\",\"dateModified\":\"2024-05-29T09:41:25+00:00\",\"breadcrumb\":{\"@id\":\"https:\/\/www.urlaubcornwall.de\/blog\/beliebte-urlaubsorte-urlaub-resien-in-den-cotswolds\/#breadcrumb\"},\"inLanguage\":\"en-US\",\"potentialAction\":[{\"@type\":\"ReadAction\",\"target\":[\"https:\/\/www.urlaubcornwall.de\/blog\/beliebte-urlaubsorte-urlaub-resien-in-den-cotswolds\/\"]}]},{\"@type\":\"BreadcrumbList\",\"@id\":\"https:\/\/www.urlaubcornwall.de\/blog\/beliebte-urlaubsorte-urlaub-resien-in-den-cotswolds\/#breadcrumb\",\"itemListElement\":[{\"@type\":\"ListItem\",\"position\":1,\"name\":\"Home\",\"item\":\"https:\/\/www.urlaubcornwall.de\/blog\/\"},{\"@type\":\"ListItem\",\"position\":2,\"name\":\"Beliebte Reiseziele \u2013 Urlaub &#038; Reisen in den Cotswolds\"}]}]}<\/script>\n<!-- \/ Yoast SEO plugin. -->","yoast_head_json":{"title":"Beliebte Reiseziele \u2013 Urlaub & Reisen in den Cotswolds - Urlaub &amp; Reisen","robots":{"index":"index","follow":"follow","max-snippet":"max-snippet:-1","max-image-preview":"max-image-preview:large","max-video-preview":"max-video-preview:-1"},"canonical":"https:\/\/www.urlaubcornwall.de\/blog\/beliebte-urlaubsorte-urlaub-resien-in-den-cotswolds\/","og_locale":"en_US","og_type":"article","og_title":"Beliebte Reiseziele \u2013 Urlaub & Reisen in den Cotswolds - Urlaub &amp; Reisen","og_description":"Bei uns finden Sie Ferienh\u00e4user zum Verlieben &#8211; so einfach ist das! UrlaubCornwall.de empfiehlt Cottages, die Ihnen die gr\u00f6\u00dfte Auswahl an handverlesenen Unterk\u00fcnften f\u00fcr Selbstverpfleger in dieser wundersch\u00f6nen Region Gro\u00dfbritanniens offeriert und somit Familien und Paaren eine flexible Option f\u00fcr ihren Urlaub oder Tour durch den Cotswolds bietet. In einem Gebiet besonderer Natursch\u00f6nheit gelegen mit [&hellip;]","og_url":"https:\/\/www.urlaubcornwall.de\/blog\/beliebte-urlaubsorte-urlaub-resien-in-den-cotswolds\/","og_site_name":"Urlaub &amp; Reisen","article_modified_time":"2024-05-29T09:41:25+00:00","og_image":[{"url":"https:\/\/www.urlaubcornwall.de\/blog\/wp-content\/uploads\/2017\/03\/urlaub-broadway-cotswolds.jpg"}],"twitter_card":"summary","twitter_misc":{"Est. reading time":"1 minute"},"schema":{"@context":"https:\/\/schema.org","@graph":[{"@type":"WebSite","@id":"https:\/\/www.urlaubcornwall.de\/blog\/#website","url":"https:\/\/www.urlaubcornwall.de\/blog\/","name":"Urlaub &amp; Reisen","description":"Urlaub, Reisen, Cornwall und S\u00fcdengland: eine perfekte Kombination","potentialAction":[{"@type":"SearchAction","target":{"@type":"EntryPoint","urlTemplate":"https:\/\/www.urlaubcornwall.de\/blog\/?s={search_term_string}"},"query-input":"required name=search_term_string"}],"inLanguage":"en-US"},{"@type":"WebPage","@id":"https:\/\/www.urlaubcornwall.de\/blog\/beliebte-urlaubsorte-urlaub-resien-in-den-cotswolds\/","url":"https:\/\/www.urlaubcornwall.de\/blog\/beliebte-urlaubsorte-urlaub-resien-in-den-cotswolds\/","name":"Beliebte Reiseziele \u2013 Urlaub & Reisen in den Cotswolds - Urlaub &amp; Reisen","isPartOf":{"@id":"https:\/\/www.urlaubcornwall.de\/blog\/#website"},"datePublished":"2015-08-25T10:50:56+00:00","dateModified":"2024-05-29T09:41:25+00:00","breadcrumb":{"@id":"https:\/\/www.urlaubcornwall.de\/blog\/beliebte-urlaubsorte-urlaub-resien-in-den-cotswolds\/#breadcrumb"},"inLanguage":"en-US","potentialAction":[{"@type":"ReadAction","target":["https:\/\/www.urlaubcornwall.de\/blog\/beliebte-urlaubsorte-urlaub-resien-in-den-cotswolds\/"]}]},{"@type":"BreadcrumbList","@id":"https:\/\/www.urlaubcornwall.de\/blog\/beliebte-urlaubsorte-urlaub-resien-in-den-cotswolds\/#breadcrumb","itemListElement":[{"@type":"ListItem","position":1,"name":"Home","item":"https:\/\/www.urlaubcornwall.de\/blog\/"},{"@type":"ListItem","position":2,"name":"Beliebte Reiseziele \u2013 Urlaub &#038; Reisen in den Cotswolds"}]}]}},"_links":{"self":[{"href":"https:\/\/www.urlaubcornwall.de\/blog\/wp-json\/wp\/v2\/pages\/19708"}],"collection":[{"href":"https:\/\/www.urlaubcornwall.de\/blog\/wp-json\/wp\/v2\/pages"}],"about":[{"href":"https:\/\/www.urlaubcornwall.de\/blog\/wp-json\/wp\/v2\/types\/page"}],"author":[{"embeddable":true,"href":"https:\/\/www.urlaubcornwall.de\/blog\/wp-json\/wp\/v2\/users\/1"}],"replies":[{"embeddable":true,"href":"https:\/\/www.urlaubcornwall.de\/blog\/wp-json\/wp\/v2\/comments?post=19708"}],"version-history":[{"count":19,"href":"https:\/\/www.urlaubcornwall.de\/blog\/wp-json\/wp\/v2\/pages\/19708\/revisions"}],"predecessor-version":[{"id":50557,"href":"https:\/\/www.urlaubcornwall.de\/blog\/wp-json\/wp\/v2\/pages\/19708\/revisions\/50557"}],"wp:attachment":[{"href":"https:\/\/www.urlaubcornwall.de\/blog\/wp-json\/wp\/v2\/media?parent=19708"}],"curies":[{"name":"wp","href":"https:\/\/api.w.org\/{rel}","templated":true}]}}