{"id":19700,"date":"2015-08-24T15:59:01","date_gmt":"2015-08-24T15:59:01","guid":{"rendered":"https:\/\/www.urlaubcornwall.de\/blog\/?page_id=19700"},"modified":"2021-09-18T13:15:58","modified_gmt":"2021-09-18T13:15:58","slug":"ferienhaeuser-und-ferienwohnungen-in-wooton-under-edge","status":"publish","type":"page","link":"https:\/\/www.urlaubcornwall.de\/blog\/ferienhaeuser-und-ferienwohnungen-in-wooton-under-edge\/","title":{"rendered":"Ferienh\u00e4user in Wotton under Edge"},"content":{"rendered":"<p><a href=\"https:\/\/www.urlaubcornwall.de\/blog\/wp-content\/uploads\/2015\/02\/special_offers.jpg\"><img loading=\"lazy\" class=\"aligncenter size-full wp-image-18055\" src=\"https:\/\/www.urlaubcornwall.de\/blog\/wp-content\/uploads\/2015\/02\/special_offers.jpg\" alt=\"\" width=\"748\" height=\"297\"\/><\/a><\/p>\n<p style=\"text-align: center;\">Wotton under Edge, ungleich vieler Landst\u00e4dte der Cotswolds, hat kein Stadtzentrum. Seine Kirche und der Chipping, oder alter Marktplatz, liegen nahezu eine halbe Meile voneinander entfernt und werden getrennt durch die gesch\u00e4ftige Long Street und High Street.<\/p>\n<h2 style=\"text-align: center;\">Bei uns finden Sie Ferienh\u00e4user zum Verlieben; so einfach ist das!<\/h2>\n<p style=\"text-align: center;\"><a class=\"tidycta\" href=\"https:\/\/www.urlaubcornwall.de\/ferienhaeuser-fewos\/eng\/gloucestershire\/wotton-under-edge.html\">Ferienh\u00e4user in Wotton under Edge<\/a><\/p>\n<p style=\"text-align: center;\">UrlaubCornwall verf\u00fcgt Ferienh\u00e4user und Ferienwohnungen in Wooton under Edge f\u00fcr Ihren Urlaub in den <a href=\"https:\/\/www.urlaubcornwall.de\/ferienhaeuser-fewos\/eng\/gloucestershire\/gloucestershire.html\">Cotswolds<\/a>.<\/p>\n","protected":false},"excerpt":{"rendered":"<p>Wotton under Edge, ungleich vieler Landst\u00e4dte der Cotswolds, hat kein Stadtzentrum. Seine Kirche und der Chipping, oder alter Marktplatz, liegen nahezu eine halbe Meile voneinander entfernt und werden getrennt durch die gesch\u00e4ftige Long Street und High Street. Bei uns finden Sie Ferienh\u00e4user zum Verlieben; so einfach ist das! Ferienh\u00e4user in Wotton under Edge UrlaubCornwall verf\u00fcgt [&hellip;]<\/p>\n","protected":false},"author":1,"featured_media":0,"parent":0,"menu_order":0,"comment_status":"closed","ping_status":"closed","template":"single-four.php","meta":[],"acf":[],"yoast_head":"<!-- This site is optimized with the Yoast SEO plugin v19.4 - https:\/\/yoast.com\/wordpress\/plugins\/seo\/ -->\n<title>Ferienh\u00e4user in Wotton under Edge - Urlaub &amp; Reisen<\/title>\n<meta name=\"robots\" content=\"index, follow, max-snippet:-1, max-image-preview:large, max-video-preview:-1\" \/>\n<link rel=\"canonical\" href=\"https:\/\/www.urlaubcornwall.de\/blog\/ferienhaeuser-und-ferienwohnungen-in-wooton-under-edge\/\" \/>\n<meta property=\"og:locale\" content=\"en_US\" \/>\n<meta property=\"og:type\" content=\"article\" \/>\n<meta property=\"og:title\" content=\"Ferienh\u00e4user in Wotton under Edge - Urlaub &amp; Reisen\" \/>\n<meta property=\"og:description\" content=\"Wotton under Edge, ungleich vieler Landst\u00e4dte der Cotswolds, hat kein Stadtzentrum. Seine Kirche und der Chipping, oder alter Marktplatz, liegen nahezu eine halbe Meile voneinander entfernt und werden getrennt durch die gesch\u00e4ftige Long Street und High Street. Bei uns finden Sie Ferienh\u00e4user zum Verlieben; so einfach ist das! Ferienh\u00e4user in Wotton under Edge UrlaubCornwall verf\u00fcgt [&hellip;]\" \/>\n<meta property=\"og:url\" content=\"https:\/\/www.urlaubcornwall.de\/blog\/ferienhaeuser-und-ferienwohnungen-in-wooton-under-edge\/\" \/>\n<meta property=\"og:site_name\" content=\"Urlaub &amp; Reisen\" \/>\n<meta property=\"article:modified_time\" content=\"2021-09-18T13:15:58+00:00\" \/>\n<meta property=\"og:image\" content=\"https:\/\/www.urlaubcornwall.de\/blog\/wp-content\/uploads\/2015\/02\/special_offers.jpg\" \/>\n<meta name=\"twitter:card\" content=\"summary\" \/>\n<script type=\"application\/ld+json\" class=\"yoast-schema-graph\">{\"@context\":\"https:\/\/schema.org\",\"@graph\":[{\"@type\":\"WebSite\",\"@id\":\"https:\/\/www.urlaubcornwall.de\/blog\/#website\",\"url\":\"https:\/\/www.urlaubcornwall.de\/blog\/\",\"name\":\"Urlaub &amp; Reisen\",\"description\":\"Urlaub, Reisen, Cornwall und S\u00fcdengland: eine perfekte Kombination\",\"potentialAction\":[{\"@type\":\"SearchAction\",\"target\":{\"@type\":\"EntryPoint\",\"urlTemplate\":\"https:\/\/www.urlaubcornwall.de\/blog\/?s={search_term_string}\"},\"query-input\":\"required name=search_term_string\"}],\"inLanguage\":\"en-US\"},{\"@type\":\"WebPage\",\"@id\":\"https:\/\/www.urlaubcornwall.de\/blog\/ferienhaeuser-und-ferienwohnungen-in-wooton-under-edge\/\",\"url\":\"https:\/\/www.urlaubcornwall.de\/blog\/ferienhaeuser-und-ferienwohnungen-in-wooton-under-edge\/\",\"name\":\"Ferienh\u00e4user in Wotton under Edge - Urlaub &amp; Reisen\",\"isPartOf\":{\"@id\":\"https:\/\/www.urlaubcornwall.de\/blog\/#website\"},\"datePublished\":\"2015-08-24T15:59:01+00:00\",\"dateModified\":\"2021-09-18T13:15:58+00:00\",\"breadcrumb\":{\"@id\":\"https:\/\/www.urlaubcornwall.de\/blog\/ferienhaeuser-und-ferienwohnungen-in-wooton-under-edge\/#breadcrumb\"},\"inLanguage\":\"en-US\",\"potentialAction\":[{\"@type\":\"ReadAction\",\"target\":[\"https:\/\/www.urlaubcornwall.de\/blog\/ferienhaeuser-und-ferienwohnungen-in-wooton-under-edge\/\"]}]},{\"@type\":\"BreadcrumbList\",\"@id\":\"https:\/\/www.urlaubcornwall.de\/blog\/ferienhaeuser-und-ferienwohnungen-in-wooton-under-edge\/#breadcrumb\",\"itemListElement\":[{\"@type\":\"ListItem\",\"position\":1,\"name\":\"Home\",\"item\":\"https:\/\/www.urlaubcornwall.de\/blog\/\"},{\"@type\":\"ListItem\",\"position\":2,\"name\":\"Ferienh\u00e4user in Wotton under Edge\"}]}]}<\/script>\n<!-- \/ Yoast SEO plugin. -->","yoast_head_json":{"title":"Ferienh\u00e4user in Wotton under Edge - Urlaub &amp; Reisen","robots":{"index":"index","follow":"follow","max-snippet":"max-snippet:-1","max-image-preview":"max-image-preview:large","max-video-preview":"max-video-preview:-1"},"canonical":"https:\/\/www.urlaubcornwall.de\/blog\/ferienhaeuser-und-ferienwohnungen-in-wooton-under-edge\/","og_locale":"en_US","og_type":"article","og_title":"Ferienh\u00e4user in Wotton under Edge - Urlaub &amp; Reisen","og_description":"Wotton under Edge, ungleich vieler Landst\u00e4dte der Cotswolds, hat kein Stadtzentrum. Seine Kirche und der Chipping, oder alter Marktplatz, liegen nahezu eine halbe Meile voneinander entfernt und werden getrennt durch die gesch\u00e4ftige Long Street und High Street. Bei uns finden Sie Ferienh\u00e4user zum Verlieben; so einfach ist das! Ferienh\u00e4user in Wotton under Edge UrlaubCornwall verf\u00fcgt [&hellip;]","og_url":"https:\/\/www.urlaubcornwall.de\/blog\/ferienhaeuser-und-ferienwohnungen-in-wooton-under-edge\/","og_site_name":"Urlaub &amp; Reisen","article_modified_time":"2021-09-18T13:15:58+00:00","og_image":[{"url":"https:\/\/www.urlaubcornwall.de\/blog\/wp-content\/uploads\/2015\/02\/special_offers.jpg"}],"twitter_card":"summary","schema":{"@context":"https:\/\/schema.org","@graph":[{"@type":"WebSite","@id":"https:\/\/www.urlaubcornwall.de\/blog\/#website","url":"https:\/\/www.urlaubcornwall.de\/blog\/","name":"Urlaub &amp; Reisen","description":"Urlaub, Reisen, Cornwall und S\u00fcdengland: eine perfekte Kombination","potentialAction":[{"@type":"SearchAction","target":{"@type":"EntryPoint","urlTemplate":"https:\/\/www.urlaubcornwall.de\/blog\/?s={search_term_string}"},"query-input":"required name=search_term_string"}],"inLanguage":"en-US"},{"@type":"WebPage","@id":"https:\/\/www.urlaubcornwall.de\/blog\/ferienhaeuser-und-ferienwohnungen-in-wooton-under-edge\/","url":"https:\/\/www.urlaubcornwall.de\/blog\/ferienhaeuser-und-ferienwohnungen-in-wooton-under-edge\/","name":"Ferienh\u00e4user in Wotton under Edge - Urlaub &amp; Reisen","isPartOf":{"@id":"https:\/\/www.urlaubcornwall.de\/blog\/#website"},"datePublished":"2015-08-24T15:59:01+00:00","dateModified":"2021-09-18T13:15:58+00:00","breadcrumb":{"@id":"https:\/\/www.urlaubcornwall.de\/blog\/ferienhaeuser-und-ferienwohnungen-in-wooton-under-edge\/#breadcrumb"},"inLanguage":"en-US","potentialAction":[{"@type":"ReadAction","target":["https:\/\/www.urlaubcornwall.de\/blog\/ferienhaeuser-und-ferienwohnungen-in-wooton-under-edge\/"]}]},{"@type":"BreadcrumbList","@id":"https:\/\/www.urlaubcornwall.de\/blog\/ferienhaeuser-und-ferienwohnungen-in-wooton-under-edge\/#breadcrumb","itemListElement":[{"@type":"ListItem","position":1,"name":"Home","item":"https:\/\/www.urlaubcornwall.de\/blog\/"},{"@type":"ListItem","position":2,"name":"Ferienh\u00e4user in Wotton under Edge"}]}]}},"_links":{"self":[{"href":"https:\/\/www.urlaubcornwall.de\/blog\/wp-json\/wp\/v2\/pages\/19700"}],"collection":[{"href":"https:\/\/www.urlaubcornwall.de\/blog\/wp-json\/wp\/v2\/pages"}],"about":[{"href":"https:\/\/www.urlaubcornwall.de\/blog\/wp-json\/wp\/v2\/types\/page"}],"author":[{"embeddable":true,"href":"https:\/\/www.urlaubcornwall.de\/blog\/wp-json\/wp\/v2\/users\/1"}],"replies":[{"embeddable":true,"href":"https:\/\/www.urlaubcornwall.de\/blog\/wp-json\/wp\/v2\/comments?post=19700"}],"version-history":[{"count":10,"href":"https:\/\/www.urlaubcornwall.de\/blog\/wp-json\/wp\/v2\/pages\/19700\/revisions"}],"predecessor-version":[{"id":42935,"href":"https:\/\/www.urlaubcornwall.de\/blog\/wp-json\/wp\/v2\/pages\/19700\/revisions\/42935"}],"wp:attachment":[{"href":"https:\/\/www.urlaubcornwall.de\/blog\/wp-json\/wp\/v2\/media?parent=19700"}],"curies":[{"name":"wp","href":"https:\/\/api.w.org\/{rel}","templated":true}]}}