{"id":19633,"date":"2015-08-23T15:45:09","date_gmt":"2015-08-23T15:45:09","guid":{"rendered":"https:\/\/www.urlaubcornwall.de\/blog\/?page_id=19633"},"modified":"2019-03-29T12:17:18","modified_gmt":"2019-03-29T12:17:18","slug":"ferienhaeuser-und-ferienwohnungen-in-broadway-urlaub-cotswolds","status":"publish","type":"page","link":"https:\/\/www.urlaubcornwall.de\/blog\/ferienhaeuser-und-ferienwohnungen-in-broadway-urlaub-cotswolds\/","title":{"rendered":"Ferienh\u00e4user in Broadway, Urlaub Cotswolds"},"content":{"rendered":"<p><a href=\"https:\/\/www.urlaubcornwall.de\/blog\/wp-content\/uploads\/2015\/02\/special_offers.jpg\"><img loading=\"lazy\" class=\"aligncenter size-full wp-image-18055\" src=\"https:\/\/www.urlaubcornwall.de\/blog\/wp-content\/uploads\/2015\/02\/special_offers.jpg\" alt=\"\" height=\"297\" width=\"748\"\/><\/a><\/p>\n<p style=\"text-align: center;\">Broadway schmiegt sich unterhalb der Worcestershire H\u00fcgel der Cotswolds an und ist Anziehungspunkt f\u00fcr Besucher aus der ganzen Welt \u2013 sie werden allesamt angezogen von der Sch\u00f6nheit und den Attraktionen dieses urenglischen Dorfes, das als Juwel der Cotswolds bekannt ist.<\/p>\n<p style=\"text-align: center;\"><strong>Bei uns finden Sie Ferienh\u00e4user zum Verlieben \u2013 so einfach ist das!<\/strong><\/p>\n<p style=\"text-align: center;\"><a class=\"tidycta\" href=\"https:\/\/www.urlaubcornwall.de\/ferienhaeuser-fewos\/eng\/worcestershire\/broadway.html\">Ferienh\u00e4user in Broadway<\/a><\/p>\n<p style=\"text-align: center;\">UrlaubCornwall verf\u00fcgt Ferienh\u00e4user und Ferienwohnungen f\u00fcr Ihren Urlaub in den <a href=\"https:\/\/www.urlaubcornwall.de\/ferienhaeuser\/cotswolds.php\">Cotswolds<\/a>.<\/p>\n","protected":false},"excerpt":{"rendered":"<p>Broadway schmiegt sich unterhalb der Worcestershire H\u00fcgel der Cotswolds an und ist Anziehungspunkt f\u00fcr Besucher aus der ganzen Welt \u2013 sie werden allesamt angezogen von der Sch\u00f6nheit und den Attraktionen dieses urenglischen Dorfes, das als Juwel der Cotswolds bekannt ist. Bei uns finden Sie Ferienh\u00e4user zum Verlieben \u2013 so einfach ist das! Ferienh\u00e4user in Broadway [&hellip;]<\/p>\n","protected":false},"author":1,"featured_media":0,"parent":0,"menu_order":0,"comment_status":"closed","ping_status":"closed","template":"single-four.php","meta":[],"acf":[],"yoast_head":"<!-- This site is optimized with the Yoast SEO plugin v19.4 - https:\/\/yoast.com\/wordpress\/plugins\/seo\/ -->\n<title>Ferienh\u00e4user in Broadway, Urlaub Cotswolds - Urlaub &amp; Reisen<\/title>\n<meta name=\"robots\" content=\"index, follow, max-snippet:-1, max-image-preview:large, max-video-preview:-1\" \/>\n<link rel=\"canonical\" href=\"https:\/\/www.urlaubcornwall.de\/blog\/ferienhaeuser-und-ferienwohnungen-in-broadway-urlaub-cotswolds\/\" \/>\n<meta property=\"og:locale\" content=\"en_US\" \/>\n<meta property=\"og:type\" content=\"article\" \/>\n<meta property=\"og:title\" content=\"Ferienh\u00e4user in Broadway, Urlaub Cotswolds - Urlaub &amp; Reisen\" \/>\n<meta property=\"og:description\" content=\"Broadway schmiegt sich unterhalb der Worcestershire H\u00fcgel der Cotswolds an und ist Anziehungspunkt f\u00fcr Besucher aus der ganzen Welt \u2013 sie werden allesamt angezogen von der Sch\u00f6nheit und den Attraktionen dieses urenglischen Dorfes, das als Juwel der Cotswolds bekannt ist. Bei uns finden Sie Ferienh\u00e4user zum Verlieben \u2013 so einfach ist das! Ferienh\u00e4user in Broadway [&hellip;]\" \/>\n<meta property=\"og:url\" content=\"https:\/\/www.urlaubcornwall.de\/blog\/ferienhaeuser-und-ferienwohnungen-in-broadway-urlaub-cotswolds\/\" \/>\n<meta property=\"og:site_name\" content=\"Urlaub &amp; Reisen\" \/>\n<meta property=\"article:modified_time\" content=\"2019-03-29T12:17:18+00:00\" \/>\n<meta property=\"og:image\" content=\"https:\/\/www.urlaubcornwall.de\/blog\/wp-content\/uploads\/2015\/02\/special_offers.jpg\" \/>\n<meta name=\"twitter:card\" content=\"summary\" \/>\n<script type=\"application\/ld+json\" class=\"yoast-schema-graph\">{\"@context\":\"https:\/\/schema.org\",\"@graph\":[{\"@type\":\"WebSite\",\"@id\":\"https:\/\/www.urlaubcornwall.de\/blog\/#website\",\"url\":\"https:\/\/www.urlaubcornwall.de\/blog\/\",\"name\":\"Urlaub &amp; Reisen\",\"description\":\"Urlaub, Reisen, Cornwall und S\u00fcdengland: eine perfekte Kombination\",\"potentialAction\":[{\"@type\":\"SearchAction\",\"target\":{\"@type\":\"EntryPoint\",\"urlTemplate\":\"https:\/\/www.urlaubcornwall.de\/blog\/?s={search_term_string}\"},\"query-input\":\"required name=search_term_string\"}],\"inLanguage\":\"en-US\"},{\"@type\":\"WebPage\",\"@id\":\"https:\/\/www.urlaubcornwall.de\/blog\/ferienhaeuser-und-ferienwohnungen-in-broadway-urlaub-cotswolds\/\",\"url\":\"https:\/\/www.urlaubcornwall.de\/blog\/ferienhaeuser-und-ferienwohnungen-in-broadway-urlaub-cotswolds\/\",\"name\":\"Ferienh\u00e4user in Broadway, Urlaub Cotswolds - Urlaub &amp; Reisen\",\"isPartOf\":{\"@id\":\"https:\/\/www.urlaubcornwall.de\/blog\/#website\"},\"datePublished\":\"2015-08-23T15:45:09+00:00\",\"dateModified\":\"2019-03-29T12:17:18+00:00\",\"breadcrumb\":{\"@id\":\"https:\/\/www.urlaubcornwall.de\/blog\/ferienhaeuser-und-ferienwohnungen-in-broadway-urlaub-cotswolds\/#breadcrumb\"},\"inLanguage\":\"en-US\",\"potentialAction\":[{\"@type\":\"ReadAction\",\"target\":[\"https:\/\/www.urlaubcornwall.de\/blog\/ferienhaeuser-und-ferienwohnungen-in-broadway-urlaub-cotswolds\/\"]}]},{\"@type\":\"BreadcrumbList\",\"@id\":\"https:\/\/www.urlaubcornwall.de\/blog\/ferienhaeuser-und-ferienwohnungen-in-broadway-urlaub-cotswolds\/#breadcrumb\",\"itemListElement\":[{\"@type\":\"ListItem\",\"position\":1,\"name\":\"Home\",\"item\":\"https:\/\/www.urlaubcornwall.de\/blog\/\"},{\"@type\":\"ListItem\",\"position\":2,\"name\":\"Ferienh\u00e4user in Broadway, Urlaub Cotswolds\"}]}]}<\/script>\n<!-- \/ Yoast SEO plugin. -->","yoast_head_json":{"title":"Ferienh\u00e4user in Broadway, Urlaub Cotswolds - Urlaub &amp; Reisen","robots":{"index":"index","follow":"follow","max-snippet":"max-snippet:-1","max-image-preview":"max-image-preview:large","max-video-preview":"max-video-preview:-1"},"canonical":"https:\/\/www.urlaubcornwall.de\/blog\/ferienhaeuser-und-ferienwohnungen-in-broadway-urlaub-cotswolds\/","og_locale":"en_US","og_type":"article","og_title":"Ferienh\u00e4user in Broadway, Urlaub Cotswolds - Urlaub &amp; Reisen","og_description":"Broadway schmiegt sich unterhalb der Worcestershire H\u00fcgel der Cotswolds an und ist Anziehungspunkt f\u00fcr Besucher aus der ganzen Welt \u2013 sie werden allesamt angezogen von der Sch\u00f6nheit und den Attraktionen dieses urenglischen Dorfes, das als Juwel der Cotswolds bekannt ist. Bei uns finden Sie Ferienh\u00e4user zum Verlieben \u2013 so einfach ist das! Ferienh\u00e4user in Broadway [&hellip;]","og_url":"https:\/\/www.urlaubcornwall.de\/blog\/ferienhaeuser-und-ferienwohnungen-in-broadway-urlaub-cotswolds\/","og_site_name":"Urlaub &amp; Reisen","article_modified_time":"2019-03-29T12:17:18+00:00","og_image":[{"url":"https:\/\/www.urlaubcornwall.de\/blog\/wp-content\/uploads\/2015\/02\/special_offers.jpg"}],"twitter_card":"summary","schema":{"@context":"https:\/\/schema.org","@graph":[{"@type":"WebSite","@id":"https:\/\/www.urlaubcornwall.de\/blog\/#website","url":"https:\/\/www.urlaubcornwall.de\/blog\/","name":"Urlaub &amp; Reisen","description":"Urlaub, Reisen, Cornwall und S\u00fcdengland: eine perfekte Kombination","potentialAction":[{"@type":"SearchAction","target":{"@type":"EntryPoint","urlTemplate":"https:\/\/www.urlaubcornwall.de\/blog\/?s={search_term_string}"},"query-input":"required name=search_term_string"}],"inLanguage":"en-US"},{"@type":"WebPage","@id":"https:\/\/www.urlaubcornwall.de\/blog\/ferienhaeuser-und-ferienwohnungen-in-broadway-urlaub-cotswolds\/","url":"https:\/\/www.urlaubcornwall.de\/blog\/ferienhaeuser-und-ferienwohnungen-in-broadway-urlaub-cotswolds\/","name":"Ferienh\u00e4user in Broadway, Urlaub Cotswolds - Urlaub &amp; Reisen","isPartOf":{"@id":"https:\/\/www.urlaubcornwall.de\/blog\/#website"},"datePublished":"2015-08-23T15:45:09+00:00","dateModified":"2019-03-29T12:17:18+00:00","breadcrumb":{"@id":"https:\/\/www.urlaubcornwall.de\/blog\/ferienhaeuser-und-ferienwohnungen-in-broadway-urlaub-cotswolds\/#breadcrumb"},"inLanguage":"en-US","potentialAction":[{"@type":"ReadAction","target":["https:\/\/www.urlaubcornwall.de\/blog\/ferienhaeuser-und-ferienwohnungen-in-broadway-urlaub-cotswolds\/"]}]},{"@type":"BreadcrumbList","@id":"https:\/\/www.urlaubcornwall.de\/blog\/ferienhaeuser-und-ferienwohnungen-in-broadway-urlaub-cotswolds\/#breadcrumb","itemListElement":[{"@type":"ListItem","position":1,"name":"Home","item":"https:\/\/www.urlaubcornwall.de\/blog\/"},{"@type":"ListItem","position":2,"name":"Ferienh\u00e4user in Broadway, Urlaub Cotswolds"}]}]}},"_links":{"self":[{"href":"https:\/\/www.urlaubcornwall.de\/blog\/wp-json\/wp\/v2\/pages\/19633"}],"collection":[{"href":"https:\/\/www.urlaubcornwall.de\/blog\/wp-json\/wp\/v2\/pages"}],"about":[{"href":"https:\/\/www.urlaubcornwall.de\/blog\/wp-json\/wp\/v2\/types\/page"}],"author":[{"embeddable":true,"href":"https:\/\/www.urlaubcornwall.de\/blog\/wp-json\/wp\/v2\/users\/1"}],"replies":[{"embeddable":true,"href":"https:\/\/www.urlaubcornwall.de\/blog\/wp-json\/wp\/v2\/comments?post=19633"}],"version-history":[{"count":12,"href":"https:\/\/www.urlaubcornwall.de\/blog\/wp-json\/wp\/v2\/pages\/19633\/revisions"}],"predecessor-version":[{"id":36867,"href":"https:\/\/www.urlaubcornwall.de\/blog\/wp-json\/wp\/v2\/pages\/19633\/revisions\/36867"}],"wp:attachment":[{"href":"https:\/\/www.urlaubcornwall.de\/blog\/wp-json\/wp\/v2\/media?parent=19633"}],"curies":[{"name":"wp","href":"https:\/\/api.w.org\/{rel}","templated":true}]}}