{"id":19582,"date":"2015-08-21T15:06:31","date_gmt":"2015-08-21T15:06:31","guid":{"rendered":"https:\/\/www.urlaubcornwall.de\/blog\/?page_id=19582"},"modified":"2024-05-28T13:11:44","modified_gmt":"2024-05-28T13:11:44","slug":"top-10-sehenswuerdigkeiten-in-den-cotswolds","status":"publish","type":"page","link":"https:\/\/www.urlaubcornwall.de\/blog\/top-10-sehenswuerdigkeiten-in-den-cotswolds\/","title":{"rendered":"Top 10 Sehensw\u00fcrdigkeiten in den Cotswolds"},"content":{"rendered":"<p><a href=\"https:\/\/www.urlaubcornwall.de\/blog\/wp-content\/uploads\/2015\/08\/cotswolds-urlaub.jpg\"><img loading=\"lazy\" class=\"aligncenter size-full wp-image-19579\" src=\"https:\/\/www.urlaubcornwall.de\/blog\/wp-content\/uploads\/2015\/08\/cotswolds-urlaub.jpg\" alt=\"cotswolds painswick\" width=\"746\" height=\"412\" srcset=\"https:\/\/www.urlaubcornwall.de\/blog\/wp-content\/uploads\/2015\/08\/cotswolds-urlaub.jpg 746w, https:\/\/www.urlaubcornwall.de\/blog\/wp-content\/uploads\/2015\/08\/cotswolds-urlaub-300x166.jpg 300w\" sizes=\"(max-width: 746px) 100vw, 746px\" \/><\/a><\/p>\n<p><a href=\"https:\/\/www.urlaubcornwall.de\/blog\/urlaub-in-den-cotswolds-typisch-englisch\/\">Die Cotswolds haben eine F\u00fclle sehenswerter Attraktionen<\/a>, einschlie\u00dflich des Schloss Sudeley, Wildfowl und Wetlands Trust, Cotswold Wildpark und G\u00e4rten, Hidcote Herrenhausgarten, Burg Berkeley und Tewkesbury Abtei.<\/p>\n<p><strong>1 \u2013<\/strong> Painswick Rokokogarten, au\u00dferhalb der wundersch\u00f6nen Cotswold Stadt Painswick gelegen und bekannt f\u00fcr seine Schneegl\u00f6ckchen. Dieser Rokokogarten gleicht einem faszinierenden Schritt zur\u00fcck in eine extravagante und sinnliche Periode englischen Gartendesigns, als G\u00e4rten Theaterkulissen glichen und als Kulisse f\u00fcr dekadente Gartenpartys herhielten.<\/p>\n<p><strong>2 \u2013<\/strong> Westonbirt Arboretum bei Tetbury ist das ganze Jahr \u00fcber herrlich zu besuchen. Die historische, malerisch viktorianische Landschaft und die Sammlung von B\u00e4umen und B\u00fcschen internationaler Wichtigkeit werden betrieben von der forstwirtschaftlichen Kommission.<\/p>\n<p><a href=\"https:\/\/www.urlaubcornwall.de\/blog\/wp-content\/uploads\/2015\/08\/cotswolds-wildlife-park.jpg\"><img loading=\"lazy\" class=\"aligncenter size-full wp-image-19770\" src=\"https:\/\/www.urlaubcornwall.de\/blog\/wp-content\/uploads\/2015\/08\/cotswolds-wildlife-park.jpg\" alt=\"cotswolds wildlife park\" width=\"748\" height=\"344\"\/><\/a><\/p>\n<p><strong>3 \u2013&nbsp;<\/strong>Der Cotswold Wildpark und die G\u00e4rten von Burford, Oxfordshire, sind das Zuhause von mehr als 260 verschiedenen Tierarten und die gr\u00f6\u00dfte zoologische Sammlung im Privatbesitz im UK; ein familienfreundlicher Ausflugstag innerhalb von 160 Ar Park gelegen.<\/p>\n<div class=\"snippet\"> <a class=\"featured-item\" href=\" ttps:\/\/www.urlaubcornwall.de\/ferienhaeuser\/cotswolds.php\"> <span class=\"image-holder\" style=\"background-image: url(' https:\/\/www.urlaubcornwall.de\/blog\/wp-content\/uploads\/2018\/11\/landhaus-cornwall-1.jpg');\"><\/span> <span class=\"featured-content\"> \n<h2 class=\"featured-title\">Bei uns finden Sie Ferienh\u00e4user in den Cotswolds zum Verlieben!<\/h2>\n<p class=\"featured-body\">Die Auswahl ist schier endlos, und ein Cotswolds Cottage ist die perfekte Ausgangsbasis f\u00fcr einen Urlaub. Wir haben eine Riesenauswahl an Ferienwohnungen &amp; Ferienh\u00e4usern f\u00fcr Sie&#8230;&#8230;<\/p>\n<\/span> <span class=\"featured-link-holder\"> <span class=\"featured-extra-info\"> \n<p>F\u00fcr Paare, Familien &#038; Gruppen<\/p>\n<\/span> \n<p class=\"featured-link\">DETAILS<\/p>\n<\/span> <\/a><\/div>\n<p><strong>4 \u2013<\/strong> Die r\u00f6mische Villa Chedworth, eine der herrschaftlichsten r\u00f6mischen Villen des Landes war einst w\u00e4hrend der Bl\u00fctezeit im 4. Jahrhundert Wohnsitz einiger der reichsten Leute des Landes.<\/p>\n<p><strong>5 \u2013<\/strong> Besuchen Sie Schloss Sudeley; vor der dramatischen Kulisse der Cotswolds in einem Gebiet besonderer Natursch\u00f6nheit gelegen. Schloss Sudeley und die G\u00e4rten befinden sich lediglich acht Meilen von Broadway &amp; Cheltenham entfernt.<\/p>\n<p><strong>6 \u2013<\/strong> Hidcote ist ein Kunst \u2013 und Handwerksgarten in den Nord Cotswolds bei Chipping Campden und einen Steinwurf entfernt von Stratford-upon-Avon. Erkunden Sie den Irrgarten an engen gepflasterten Wegen und entdecken Sie geheime G\u00e4rten, herrlichen Blick und Pflanzen, die vor Farbe nur so strahlen. Es ist ein absolutes sehenswertes Muss, wenn Sie Urlaub in den Cotswolds verbringen.<\/p>\n<p><a href=\"https:\/\/www.urlaubcornwall.de\/blog\/wp-content\/uploads\/2024\/03\/snowshill-manor.jpg\"><img loading=\"lazy\" class=\"aligncenter size-full wp-image-47797\" src=\"https:\/\/www.urlaubcornwall.de\/blog\/wp-content\/uploads\/2024\/03\/snowshill-manor.jpg\" alt=\"snowshill manor\" width=\"750\" height=\"329\" srcset=\"https:\/\/www.urlaubcornwall.de\/blog\/wp-content\/uploads\/2024\/03\/snowshill-manor.jpg 750w, https:\/\/www.urlaubcornwall.de\/blog\/wp-content\/uploads\/2024\/03\/snowshill-manor-300x132.jpg 300w\" sizes=\"(max-width: 750px) 100vw, 750px\" \/><\/a><\/p>\n<p><strong>7 \u2013&nbsp;<\/strong>Snowshill Manor ist ein Herrenhaus, vollgestopft mit au\u00dferordentlichen Sch\u00e4tzen, die Charles Wade w\u00e4hrend seines gesamten Lebens gesammelt hat. Der Garten ist der perfekte Ort, um zu entspannen und verborgene Ausblicke zu entdecken.<\/p>\n<p><strong>8 \u2013&nbsp;<\/strong>Der Newark Park befindet sich stolz an der Spitze der Cotswold B\u00f6schung mit Blick hinunter ins Ozleworth Tal bis zu den Mendips dahinter. Diese abgelegene Ecke von S\u00fcd- Gloucestershire ist ein geheimer und unber\u00fchrter Ort.<\/p>\n<p><strong>9 \u2013<\/strong> Das Cotswold Motormuseum, im malerischen Dorf Bourton-on-the-Water gelegen, bietet einen gro\u00dfartigen Ausflugstag in den Cotswolds, eine wahrhaft faszinierende Reise durch das 20. Jahrhundert.<\/p>\n<p><strong>10 \u2013&nbsp;<\/strong>Das Slimbridge Wetland Zentrum ist ein Feuchtgebiet und f\u00fcr Vogelbeobachter bis hin zu Familien gibt es das ganze Jahr \u00fcber eine Menge zu entdecken. Erleben Sie faszinierende Tierwelt aus der N\u00e4he. Sammeln Sie Erlebnisse f\u00fcr jede Altersstufe und genie\u00dfen Sie Zugang zu einer riesigen Vielfalt an Tierleben.<\/p>\n","protected":false},"excerpt":{"rendered":"<p>Die Cotswolds haben eine F\u00fclle sehenswerter Attraktionen, einschlie\u00dflich des Schloss Sudeley, Wildfowl und Wetlands Trust, Cotswold Wildpark und G\u00e4rten, Hidcote Herrenhausgarten, Burg Berkeley und Tewkesbury Abtei. 1 \u2013 Painswick Rokokogarten, au\u00dferhalb der wundersch\u00f6nen Cotswold Stadt Painswick gelegen und bekannt f\u00fcr seine Schneegl\u00f6ckchen. Dieser Rokokogarten gleicht einem faszinierenden Schritt zur\u00fcck in eine extravagante und sinnliche Periode [&hellip;]<\/p>\n","protected":false},"author":1,"featured_media":0,"parent":0,"menu_order":0,"comment_status":"closed","ping_status":"closed","template":"single-four.php","meta":[],"acf":[],"yoast_head":"<!-- This site is optimized with the Yoast SEO plugin v19.4 - https:\/\/yoast.com\/wordpress\/plugins\/seo\/ -->\n<title>Top 10 Sehensw\u00fcrdigkeiten in den Cotswolds - Urlaub &amp; Reisen<\/title>\n<meta name=\"robots\" content=\"index, follow, max-snippet:-1, max-image-preview:large, max-video-preview:-1\" \/>\n<link rel=\"canonical\" href=\"https:\/\/www.urlaubcornwall.de\/blog\/top-10-sehenswuerdigkeiten-in-den-cotswolds\/\" \/>\n<meta property=\"og:locale\" content=\"en_US\" \/>\n<meta property=\"og:type\" content=\"article\" \/>\n<meta property=\"og:title\" content=\"Top 10 Sehensw\u00fcrdigkeiten in den Cotswolds - Urlaub &amp; Reisen\" \/>\n<meta property=\"og:description\" content=\"Die Cotswolds haben eine F\u00fclle sehenswerter Attraktionen, einschlie\u00dflich des Schloss Sudeley, Wildfowl und Wetlands Trust, Cotswold Wildpark und G\u00e4rten, Hidcote Herrenhausgarten, Burg Berkeley und Tewkesbury Abtei. 1 \u2013 Painswick Rokokogarten, au\u00dferhalb der wundersch\u00f6nen Cotswold Stadt Painswick gelegen und bekannt f\u00fcr seine Schneegl\u00f6ckchen. Dieser Rokokogarten gleicht einem faszinierenden Schritt zur\u00fcck in eine extravagante und sinnliche Periode [&hellip;]\" \/>\n<meta property=\"og:url\" content=\"https:\/\/www.urlaubcornwall.de\/blog\/top-10-sehenswuerdigkeiten-in-den-cotswolds\/\" \/>\n<meta property=\"og:site_name\" content=\"Urlaub &amp; Reisen\" \/>\n<meta property=\"article:modified_time\" content=\"2024-05-28T13:11:44+00:00\" \/>\n<meta property=\"og:image\" content=\"https:\/\/www.urlaubcornwall.de\/blog\/wp-content\/uploads\/2015\/08\/cotswolds-urlaub.jpg\" \/>\n<meta name=\"twitter:card\" content=\"summary\" \/>\n<meta name=\"twitter:label1\" content=\"Est. reading time\" \/>\n\t<meta name=\"twitter:data1\" content=\"3 minutes\" \/>\n<script type=\"application\/ld+json\" class=\"yoast-schema-graph\">{\"@context\":\"https:\/\/schema.org\",\"@graph\":[{\"@type\":\"WebSite\",\"@id\":\"https:\/\/www.urlaubcornwall.de\/blog\/#website\",\"url\":\"https:\/\/www.urlaubcornwall.de\/blog\/\",\"name\":\"Urlaub &amp; Reisen\",\"description\":\"Urlaub, Reisen, Cornwall und S\u00fcdengland: eine perfekte Kombination\",\"potentialAction\":[{\"@type\":\"SearchAction\",\"target\":{\"@type\":\"EntryPoint\",\"urlTemplate\":\"https:\/\/www.urlaubcornwall.de\/blog\/?s={search_term_string}\"},\"query-input\":\"required name=search_term_string\"}],\"inLanguage\":\"en-US\"},{\"@type\":\"WebPage\",\"@id\":\"https:\/\/www.urlaubcornwall.de\/blog\/top-10-sehenswuerdigkeiten-in-den-cotswolds\/\",\"url\":\"https:\/\/www.urlaubcornwall.de\/blog\/top-10-sehenswuerdigkeiten-in-den-cotswolds\/\",\"name\":\"Top 10 Sehensw\u00fcrdigkeiten in den Cotswolds - Urlaub &amp; Reisen\",\"isPartOf\":{\"@id\":\"https:\/\/www.urlaubcornwall.de\/blog\/#website\"},\"datePublished\":\"2015-08-21T15:06:31+00:00\",\"dateModified\":\"2024-05-28T13:11:44+00:00\",\"breadcrumb\":{\"@id\":\"https:\/\/www.urlaubcornwall.de\/blog\/top-10-sehenswuerdigkeiten-in-den-cotswolds\/#breadcrumb\"},\"inLanguage\":\"en-US\",\"potentialAction\":[{\"@type\":\"ReadAction\",\"target\":[\"https:\/\/www.urlaubcornwall.de\/blog\/top-10-sehenswuerdigkeiten-in-den-cotswolds\/\"]}]},{\"@type\":\"BreadcrumbList\",\"@id\":\"https:\/\/www.urlaubcornwall.de\/blog\/top-10-sehenswuerdigkeiten-in-den-cotswolds\/#breadcrumb\",\"itemListElement\":[{\"@type\":\"ListItem\",\"position\":1,\"name\":\"Home\",\"item\":\"https:\/\/www.urlaubcornwall.de\/blog\/\"},{\"@type\":\"ListItem\",\"position\":2,\"name\":\"Top 10 Sehensw\u00fcrdigkeiten in den Cotswolds\"}]}]}<\/script>\n<!-- \/ Yoast SEO plugin. -->","yoast_head_json":{"title":"Top 10 Sehensw\u00fcrdigkeiten in den Cotswolds - Urlaub &amp; Reisen","robots":{"index":"index","follow":"follow","max-snippet":"max-snippet:-1","max-image-preview":"max-image-preview:large","max-video-preview":"max-video-preview:-1"},"canonical":"https:\/\/www.urlaubcornwall.de\/blog\/top-10-sehenswuerdigkeiten-in-den-cotswolds\/","og_locale":"en_US","og_type":"article","og_title":"Top 10 Sehensw\u00fcrdigkeiten in den Cotswolds - Urlaub &amp; Reisen","og_description":"Die Cotswolds haben eine F\u00fclle sehenswerter Attraktionen, einschlie\u00dflich des Schloss Sudeley, Wildfowl und Wetlands Trust, Cotswold Wildpark und G\u00e4rten, Hidcote Herrenhausgarten, Burg Berkeley und Tewkesbury Abtei. 1 \u2013 Painswick Rokokogarten, au\u00dferhalb der wundersch\u00f6nen Cotswold Stadt Painswick gelegen und bekannt f\u00fcr seine Schneegl\u00f6ckchen. Dieser Rokokogarten gleicht einem faszinierenden Schritt zur\u00fcck in eine extravagante und sinnliche Periode [&hellip;]","og_url":"https:\/\/www.urlaubcornwall.de\/blog\/top-10-sehenswuerdigkeiten-in-den-cotswolds\/","og_site_name":"Urlaub &amp; Reisen","article_modified_time":"2024-05-28T13:11:44+00:00","og_image":[{"url":"https:\/\/www.urlaubcornwall.de\/blog\/wp-content\/uploads\/2015\/08\/cotswolds-urlaub.jpg"}],"twitter_card":"summary","twitter_misc":{"Est. reading time":"3 minutes"},"schema":{"@context":"https:\/\/schema.org","@graph":[{"@type":"WebSite","@id":"https:\/\/www.urlaubcornwall.de\/blog\/#website","url":"https:\/\/www.urlaubcornwall.de\/blog\/","name":"Urlaub &amp; Reisen","description":"Urlaub, Reisen, Cornwall und S\u00fcdengland: eine perfekte Kombination","potentialAction":[{"@type":"SearchAction","target":{"@type":"EntryPoint","urlTemplate":"https:\/\/www.urlaubcornwall.de\/blog\/?s={search_term_string}"},"query-input":"required name=search_term_string"}],"inLanguage":"en-US"},{"@type":"WebPage","@id":"https:\/\/www.urlaubcornwall.de\/blog\/top-10-sehenswuerdigkeiten-in-den-cotswolds\/","url":"https:\/\/www.urlaubcornwall.de\/blog\/top-10-sehenswuerdigkeiten-in-den-cotswolds\/","name":"Top 10 Sehensw\u00fcrdigkeiten in den Cotswolds - Urlaub &amp; Reisen","isPartOf":{"@id":"https:\/\/www.urlaubcornwall.de\/blog\/#website"},"datePublished":"2015-08-21T15:06:31+00:00","dateModified":"2024-05-28T13:11:44+00:00","breadcrumb":{"@id":"https:\/\/www.urlaubcornwall.de\/blog\/top-10-sehenswuerdigkeiten-in-den-cotswolds\/#breadcrumb"},"inLanguage":"en-US","potentialAction":[{"@type":"ReadAction","target":["https:\/\/www.urlaubcornwall.de\/blog\/top-10-sehenswuerdigkeiten-in-den-cotswolds\/"]}]},{"@type":"BreadcrumbList","@id":"https:\/\/www.urlaubcornwall.de\/blog\/top-10-sehenswuerdigkeiten-in-den-cotswolds\/#breadcrumb","itemListElement":[{"@type":"ListItem","position":1,"name":"Home","item":"https:\/\/www.urlaubcornwall.de\/blog\/"},{"@type":"ListItem","position":2,"name":"Top 10 Sehensw\u00fcrdigkeiten in den Cotswolds"}]}]}},"_links":{"self":[{"href":"https:\/\/www.urlaubcornwall.de\/blog\/wp-json\/wp\/v2\/pages\/19582"}],"collection":[{"href":"https:\/\/www.urlaubcornwall.de\/blog\/wp-json\/wp\/v2\/pages"}],"about":[{"href":"https:\/\/www.urlaubcornwall.de\/blog\/wp-json\/wp\/v2\/types\/page"}],"author":[{"embeddable":true,"href":"https:\/\/www.urlaubcornwall.de\/blog\/wp-json\/wp\/v2\/users\/1"}],"replies":[{"embeddable":true,"href":"https:\/\/www.urlaubcornwall.de\/blog\/wp-json\/wp\/v2\/comments?post=19582"}],"version-history":[{"count":15,"href":"https:\/\/www.urlaubcornwall.de\/blog\/wp-json\/wp\/v2\/pages\/19582\/revisions"}],"predecessor-version":[{"id":50400,"href":"https:\/\/www.urlaubcornwall.de\/blog\/wp-json\/wp\/v2\/pages\/19582\/revisions\/50400"}],"wp:attachment":[{"href":"https:\/\/www.urlaubcornwall.de\/blog\/wp-json\/wp\/v2\/media?parent=19582"}],"curies":[{"name":"wp","href":"https:\/\/api.w.org\/{rel}","templated":true}]}}