{"id":19510,"date":"2015-08-15T08:55:44","date_gmt":"2015-08-15T08:55:44","guid":{"rendered":"https:\/\/www.urlaubcornwall.de\/blog\/?page_id=19510"},"modified":"2024-05-28T13:44:26","modified_gmt":"2024-05-28T13:44:26","slug":"urlaubs-und-reisetipps-fuer-west-sussex-unsere-top-10-die-sie-sehen-und-erleben-sollten","status":"publish","type":"page","link":"https:\/\/www.urlaubcornwall.de\/blog\/urlaubs-und-reisetipps-fuer-west-sussex-unsere-top-10-die-sie-sehen-und-erleben-sollten\/","title":{"rendered":"Urlaubs- und Reisetipps f\u00fcr West-Sussex: unsere Top 10, die Sie sehen und erleben sollten"},"content":{"rendered":"<p><a href=\"https:\/\/www.urlaubcornwall.de\/blog\/wp-content\/uploads\/2015\/08\/IMG_0617.jpg\"><img loading=\"lazy\" class=\"aligncenter size-full wp-image-19467\" src=\"https:\/\/www.urlaubcornwall.de\/blog\/wp-content\/uploads\/2015\/08\/IMG_0617.jpg\" alt=\"Reisetipps sussex\" height=\"460\" width=\"748\"\/><\/a><br \/>\n<strong>Arundel Castle und G\u00e4rten: <\/strong>Hoch oben auf einem H\u00fcgel in <a href=\"https:\/\/www.urlaubcornwall.de\/ferienhaueser\/sussex.php\">Westsussex<\/a> gelegen, beherrscht diese gro\u00dfartige Burg die Landschaft und verf\u00fcgt \u00fcber einen herrlichen Blick \u00fcber die South Downs und den Fluss Arun. Am Ende des 11. Jahrhunderts gegr\u00fcndet, war sie das Familienzuhause der Herz\u00f6ge von Norfolk und ihren Nachfahren \u00fcber nahezu 1000 Jahre.<\/p>\n<p><strong>Weald und Downland Museum: <\/strong>In der N\u00e4he des Dorfes Singleton gelegen, ist das Weald und Downland Museum ein Freilichtmuseum mit einer Sammlung an traditionellen, zumeist Fachwerkh\u00e4usern aus dem Gebiet des Weald and Downlands, die gerettet und wiederaufgebaut wurden, einschlie\u00dflich eines mittelalterlichen Bauernhauses und einer Tudor Markthalle. Vorf\u00fchrungen und Hands-on Displays lassen all dies zum Leben erwecken.<\/p>\n<p><a href=\"https:\/\/www.urlaubcornwall.de\/blog\/wp-content\/uploads\/2024\/03\/Petworth-Park.jpg\"><img loading=\"lazy\" src=\"https:\/\/www.urlaubcornwall.de\/blog\/wp-content\/uploads\/2024\/03\/Petworth-Park.jpg\" alt=\"Petworth Park\" width=\"750\" height=\"429\" class=\"alignnone size-full wp-image-47771\" srcset=\"https:\/\/www.urlaubcornwall.de\/blog\/wp-content\/uploads\/2024\/03\/Petworth-Park.jpg 750w, https:\/\/www.urlaubcornwall.de\/blog\/wp-content\/uploads\/2024\/03\/Petworth-Park-300x172.jpg 300w\" sizes=\"(max-width: 750px) 100vw, 750px\" \/><\/a><\/p>\n<p><strong>Petworth Haus und Park: <\/strong>Petworth Haus ist ein pr\u00e4chtiges Landhaus mit einer Sammlung von internationaler Wichtigkeit. Dieses sp\u00e4te Herrschaftshaus des 17. Jahrhunderts liegt innerhalb eines wundersch\u00f6nen 283 Hektar gro\u00dfen Wildparks, angelegt von &#8216;Capability&#8217; Brown und durch Turners Gem\u00e4lde Unsterblichkeit verliehen. Im Innern beherbergt das Haus die feinste Sammlung an Gem\u00e4lden des National Trust mit zahlreichen Werken von Turner, Van Dyck, Reynolds und Blake, alten und neoklassischen Skulpturen, feinen M\u00f6beln und Schnitzkunst von Grinling Gibbons. Der Bedienstetenbereich enth\u00e4lt faszinierende K\u00fcchen und weitere Dienstr\u00e4ume.<\/p>\n<div class=\"snippet\"> <a class=\"featured-item\" href=\"https:\/\/www.urlaubcornwall.de\/ferienhaeuser\/suedengland.php\"> <span class=\"image-holder\" style=\"background-image: url('https:\/\/www.urlaubcornwall.de\/blog\/wp-content\/uploads\/2018\/12\/ferienhaus-cornwall-mit-hund.jpg');\"><\/span> <span class=\"featured-content\"> \n<h2 class=\"featured-title\">Ferienh\u00e4user in S\u00fcdengland<\/h2>\n<p class=\"featured-body\">Bei uns finden Sie Ferienh\u00e4user zum Verlieben &#8211; so einfach ist das! Dank seiner langen Geschichte, der reizvollen Landschaften und seinen vielen Attraktionen ist S\u00fcdengland ein wahres Mekka f\u00fcr Urlauber&#8230;..<\/p><\/span> <span class=\"featured-link-holder\"> <span class=\"featured-extra-info\"> \n<p>Pers\u00f6nlich inspizierter Ferienh\u00e4user<\/p>\n<\/span> \n<p class=\"featured-link\">DETAILS<\/p>\n<\/span> <\/a><\/div>\n<p><strong>Bignor Roman Villa: <\/strong>Bignor ist eine gro\u00dfe r\u00f6mische Villa mit Innenhof bei Pulborough, die ausgegraben und der \u00d6ffentlichkeit pr\u00e4sentiert wurde. Sie wurde 1811 vom Bauern George Tupper entdeckt, w\u00e4hrend er seine Felder pfl\u00fcgte. Sie ist bekannt geworden durch ihre Mosaikb\u00f6den hoher Qualit\u00e4t, die zu den besterhaltendsten und kompliziertesten des Landes geh\u00f6ren.<\/p>\n<p><strong>Goodwood Racecourse: <\/strong>F\u00fcr einen Tag beim Pferderennen gibt es keinen besseren Rahmen als die Goodwood Rennstrecke, die sich 5 Meilen n\u00f6rdlich von <a href=\"https:\/\/www.urlaubcornwall.de\/blog\/urlaub-in-chichester-sussex-sehenswuerdigkeiten-unterkunft-und-geschichte\/\">Chichester<\/a> an den South Downs befindet.<\/p>\n<p><script async src=\"https:\/\/pagead2.googlesyndication.com\/pagead\/js\/adsbygoogle.js?client=ca-pub-3901089389175725\"\n     crossorigin=\"anonymous\"><\/script><br \/>\n<!-- New UC --><br \/>\n<ins class=\"adsbygoogle\"\n     style=\"display:block\"\n     data-ad-client=\"ca-pub-3901089389175725\"\n     data-ad-slot=\"8080314818\"\n     data-ad-format=\"auto\"\n     data-full-width-responsive=\"true\"><\/ins><br \/>\n<script>\n     (adsbygoogle = window.adsbygoogle || []).push({});\n<\/script><\/p>\n<p><img loading=\"lazy\" class=\"aligncenter size-large wp-image-48172\" src=\"https:\/\/www.urlaubcornwall.de\/blog\/wp-content\/uploads\/2024\/03\/sussex-strand.jpg\" alt=\"sussex strand\" width=\"750\" height=\"563\" srcset=\"https:\/\/www.urlaubcornwall.de\/blog\/wp-content\/uploads\/2024\/03\/sussex-strand.jpg 750w, https:\/\/www.urlaubcornwall.de\/blog\/wp-content\/uploads\/2024\/03\/sussex-strand-300x225.jpg 300w\" sizes=\"(max-width: 750px) 100vw, 750px\" \/><\/p>\n<p><strong>Chichester: <\/strong>Angeschmiegt am Fu\u00dfe der South Downs ist <a href=\"https:\/\/www.urlaubcornwall.de\/blog\/urlaub-in-chichester-sussex-sehenswuerdigkeiten-unterkunft-und-geschichte\/\">Chichester<\/a> umgeben von wundersch\u00f6ner Landschaft, Sandstr\u00e4nden, Fischerd\u00f6rfern, historischen Attraktionen und Familienattraktionen und bietet somit eine unglaubliche Vielzahl, um jedem Besucher gerecht zu werden. Es ist eine Kathedralenstadt und die einzige Gro\u00dfstadt in Westsussex.<\/p>\n<p><strong>High Salvington Windm\u00fchle: <\/strong>Durrington oder High Salvington Windmill ist eine denkmalgesch\u00fctzte Bockwindm\u00fchle in High Salvington, Sussex, die restauriert wurde und nun voll funktionsf\u00e4hig ist. Die M\u00fchle befindet sich 320 Fu\u00df \u00fcber dem Meeresspiegel und profitiert von den ankommenden Seewinden.<\/p>\n<p><strong>Slindon Estate: <\/strong>Slindon Estate sind 1400 Hektar Waldland, Unterland, Ackerland und Park. Mit zahllosen historischen Landschaftsph\u00e4nomenen und seinem unber\u00fchrten Sussex Dorf gibt es etwas f\u00fcr jeden Besucher. Es ist eines der sch\u00f6nsten D\u00f6rfer Westsussex und eines mit einer lebendigen und willkommen hei\u00dfenden Dorfgemeinschaft. Angeschmiegt an den Fu\u00df der H\u00fcgel der South Downs ist Slindon charmant und unber\u00fchrt; seine Backstein- und Feuersteinh\u00e4user sind umgeben von Birkenw\u00e4ldern, Farmen und offenem Unterland.<\/p>\n<p><strong>Denmans Garten: <\/strong>Denmans Garten bei Slindon ist ein vier Ar Garten, designt und geschaffen von John Brookes, einem f\u00fchrenden Gartenautor und Designer. Dieser moderne Garten besticht das ganze Jahr \u00fcber mit Farbe, Form und Textur. Die georgianischen Reitst\u00e4lle beherbergen nun das Brooks Studio und die Schule des Gartendesigns.<\/p>\n<p><a href=\"https:\/\/www.urlaubcornwall.de\/blog\/reisetipps-fuer-suedengland-unsere-top-10-sie-sie-sehen-und-erleben-sollten\/\"><span style=\"text-decoration: underline;\"><strong>Reisetipps f\u00fcr S\u00fcdengland<\/strong><\/span><\/a>: unsere Top 10, sie Sie sehen und erleben sollten.<\/p>\n<div class=\"snippet\"> <a class=\"featured-item\" href=\"https:\/\/www.urlaubcornwall.de\/rundreisen\/cornwall-suedengland.php\"> <span class=\"image-holder\" style=\"background-image: url('https:\/\/www.urlaubcornwall.de\/blog\/wp-content\/uploads\/2019\/01\/DiTn0QVWsAIOgjG.jpg');\"><\/span> <span class=\"featured-content\"> \n<h2 class=\"featured-title\">Rundreisen Sussex &#038; S\u00fcdengland eine perfekte Kombination<\/h2>\n<p class=\"featured-body\">Die perfekte Reisem\u00f6glichkeit und erm\u00f6glicht es Ihnen, Entdeckungen zu machen und einen Urlaub im eigenen Schritttempo&#8230;.<\/p><\/span> <span class=\"featured-link-holder\"> <span class=\"featured-extra-info\"> \n<p>F\u00fcr Paare, Familien &#038; Gruppen<\/p>\n<\/span> \n<p class=\"featured-link\">DETAILS<\/p>\n<\/span> <\/a><\/div>\n","protected":false},"excerpt":{"rendered":"<p>Arundel Castle und G\u00e4rten: Hoch oben auf einem H\u00fcgel in Westsussex gelegen, beherrscht diese gro\u00dfartige Burg die Landschaft und verf\u00fcgt \u00fcber einen herrlichen Blick \u00fcber die South Downs und den Fluss Arun. Am Ende des 11. Jahrhunderts gegr\u00fcndet, war sie das Familienzuhause der Herz\u00f6ge von Norfolk und ihren Nachfahren \u00fcber nahezu 1000 Jahre. Weald und [&hellip;]<\/p>\n","protected":false},"author":1,"featured_media":0,"parent":0,"menu_order":0,"comment_status":"closed","ping_status":"closed","template":"single-four.php","meta":[],"acf":[],"yoast_head":"<!-- This site is optimized with the Yoast SEO plugin v19.4 - https:\/\/yoast.com\/wordpress\/plugins\/seo\/ -->\n<title>Urlaubs- und Reisetipps f\u00fcr West-Sussex: unsere Top 10, die Sie sehen und erleben sollten - Urlaub &amp; Reisen<\/title>\n<meta name=\"robots\" content=\"index, follow, max-snippet:-1, max-image-preview:large, max-video-preview:-1\" \/>\n<link rel=\"canonical\" href=\"https:\/\/www.urlaubcornwall.de\/blog\/urlaubs-und-reisetipps-fuer-west-sussex-unsere-top-10-die-sie-sehen-und-erleben-sollten\/\" \/>\n<meta property=\"og:locale\" content=\"en_US\" \/>\n<meta property=\"og:type\" content=\"article\" \/>\n<meta property=\"og:title\" content=\"Urlaubs- und Reisetipps f\u00fcr West-Sussex: unsere Top 10, die Sie sehen und erleben sollten - Urlaub &amp; Reisen\" \/>\n<meta property=\"og:description\" content=\"Arundel Castle und G\u00e4rten: Hoch oben auf einem H\u00fcgel in Westsussex gelegen, beherrscht diese gro\u00dfartige Burg die Landschaft und verf\u00fcgt \u00fcber einen herrlichen Blick \u00fcber die South Downs und den Fluss Arun. Am Ende des 11. Jahrhunderts gegr\u00fcndet, war sie das Familienzuhause der Herz\u00f6ge von Norfolk und ihren Nachfahren \u00fcber nahezu 1000 Jahre. Weald und [&hellip;]\" \/>\n<meta property=\"og:url\" content=\"https:\/\/www.urlaubcornwall.de\/blog\/urlaubs-und-reisetipps-fuer-west-sussex-unsere-top-10-die-sie-sehen-und-erleben-sollten\/\" \/>\n<meta property=\"og:site_name\" content=\"Urlaub &amp; Reisen\" \/>\n<meta property=\"article:modified_time\" content=\"2024-05-28T13:44:26+00:00\" \/>\n<meta property=\"og:image\" content=\"https:\/\/www.urlaubcornwall.de\/blog\/wp-content\/uploads\/2015\/08\/IMG_0617.jpg\" \/>\n<meta name=\"twitter:card\" content=\"summary\" \/>\n<meta name=\"twitter:label1\" content=\"Est. reading time\" \/>\n\t<meta name=\"twitter:data1\" content=\"4 minutes\" \/>\n<script type=\"application\/ld+json\" class=\"yoast-schema-graph\">{\"@context\":\"https:\/\/schema.org\",\"@graph\":[{\"@type\":\"WebSite\",\"@id\":\"https:\/\/www.urlaubcornwall.de\/blog\/#website\",\"url\":\"https:\/\/www.urlaubcornwall.de\/blog\/\",\"name\":\"Urlaub &amp; Reisen\",\"description\":\"Urlaub, Reisen, Cornwall und S\u00fcdengland: eine perfekte Kombination\",\"potentialAction\":[{\"@type\":\"SearchAction\",\"target\":{\"@type\":\"EntryPoint\",\"urlTemplate\":\"https:\/\/www.urlaubcornwall.de\/blog\/?s={search_term_string}\"},\"query-input\":\"required name=search_term_string\"}],\"inLanguage\":\"en-US\"},{\"@type\":\"WebPage\",\"@id\":\"https:\/\/www.urlaubcornwall.de\/blog\/urlaubs-und-reisetipps-fuer-west-sussex-unsere-top-10-die-sie-sehen-und-erleben-sollten\/\",\"url\":\"https:\/\/www.urlaubcornwall.de\/blog\/urlaubs-und-reisetipps-fuer-west-sussex-unsere-top-10-die-sie-sehen-und-erleben-sollten\/\",\"name\":\"Urlaubs- und Reisetipps f\u00fcr West-Sussex: unsere Top 10, die Sie sehen und erleben sollten - Urlaub &amp; Reisen\",\"isPartOf\":{\"@id\":\"https:\/\/www.urlaubcornwall.de\/blog\/#website\"},\"datePublished\":\"2015-08-15T08:55:44+00:00\",\"dateModified\":\"2024-05-28T13:44:26+00:00\",\"breadcrumb\":{\"@id\":\"https:\/\/www.urlaubcornwall.de\/blog\/urlaubs-und-reisetipps-fuer-west-sussex-unsere-top-10-die-sie-sehen-und-erleben-sollten\/#breadcrumb\"},\"inLanguage\":\"en-US\",\"potentialAction\":[{\"@type\":\"ReadAction\",\"target\":[\"https:\/\/www.urlaubcornwall.de\/blog\/urlaubs-und-reisetipps-fuer-west-sussex-unsere-top-10-die-sie-sehen-und-erleben-sollten\/\"]}]},{\"@type\":\"BreadcrumbList\",\"@id\":\"https:\/\/www.urlaubcornwall.de\/blog\/urlaubs-und-reisetipps-fuer-west-sussex-unsere-top-10-die-sie-sehen-und-erleben-sollten\/#breadcrumb\",\"itemListElement\":[{\"@type\":\"ListItem\",\"position\":1,\"name\":\"Home\",\"item\":\"https:\/\/www.urlaubcornwall.de\/blog\/\"},{\"@type\":\"ListItem\",\"position\":2,\"name\":\"Urlaubs- und Reisetipps f\u00fcr West-Sussex: unsere Top 10, die Sie sehen und erleben sollten\"}]}]}<\/script>\n<!-- \/ Yoast SEO plugin. -->","yoast_head_json":{"title":"Urlaubs- und Reisetipps f\u00fcr West-Sussex: unsere Top 10, die Sie sehen und erleben sollten - Urlaub &amp; Reisen","robots":{"index":"index","follow":"follow","max-snippet":"max-snippet:-1","max-image-preview":"max-image-preview:large","max-video-preview":"max-video-preview:-1"},"canonical":"https:\/\/www.urlaubcornwall.de\/blog\/urlaubs-und-reisetipps-fuer-west-sussex-unsere-top-10-die-sie-sehen-und-erleben-sollten\/","og_locale":"en_US","og_type":"article","og_title":"Urlaubs- und Reisetipps f\u00fcr West-Sussex: unsere Top 10, die Sie sehen und erleben sollten - Urlaub &amp; Reisen","og_description":"Arundel Castle und G\u00e4rten: Hoch oben auf einem H\u00fcgel in Westsussex gelegen, beherrscht diese gro\u00dfartige Burg die Landschaft und verf\u00fcgt \u00fcber einen herrlichen Blick \u00fcber die South Downs und den Fluss Arun. Am Ende des 11. Jahrhunderts gegr\u00fcndet, war sie das Familienzuhause der Herz\u00f6ge von Norfolk und ihren Nachfahren \u00fcber nahezu 1000 Jahre. Weald und [&hellip;]","og_url":"https:\/\/www.urlaubcornwall.de\/blog\/urlaubs-und-reisetipps-fuer-west-sussex-unsere-top-10-die-sie-sehen-und-erleben-sollten\/","og_site_name":"Urlaub &amp; Reisen","article_modified_time":"2024-05-28T13:44:26+00:00","og_image":[{"url":"https:\/\/www.urlaubcornwall.de\/blog\/wp-content\/uploads\/2015\/08\/IMG_0617.jpg"}],"twitter_card":"summary","twitter_misc":{"Est. reading time":"4 minutes"},"schema":{"@context":"https:\/\/schema.org","@graph":[{"@type":"WebSite","@id":"https:\/\/www.urlaubcornwall.de\/blog\/#website","url":"https:\/\/www.urlaubcornwall.de\/blog\/","name":"Urlaub &amp; Reisen","description":"Urlaub, Reisen, Cornwall und S\u00fcdengland: eine perfekte Kombination","potentialAction":[{"@type":"SearchAction","target":{"@type":"EntryPoint","urlTemplate":"https:\/\/www.urlaubcornwall.de\/blog\/?s={search_term_string}"},"query-input":"required name=search_term_string"}],"inLanguage":"en-US"},{"@type":"WebPage","@id":"https:\/\/www.urlaubcornwall.de\/blog\/urlaubs-und-reisetipps-fuer-west-sussex-unsere-top-10-die-sie-sehen-und-erleben-sollten\/","url":"https:\/\/www.urlaubcornwall.de\/blog\/urlaubs-und-reisetipps-fuer-west-sussex-unsere-top-10-die-sie-sehen-und-erleben-sollten\/","name":"Urlaubs- und Reisetipps f\u00fcr West-Sussex: unsere Top 10, die Sie sehen und erleben sollten - Urlaub &amp; Reisen","isPartOf":{"@id":"https:\/\/www.urlaubcornwall.de\/blog\/#website"},"datePublished":"2015-08-15T08:55:44+00:00","dateModified":"2024-05-28T13:44:26+00:00","breadcrumb":{"@id":"https:\/\/www.urlaubcornwall.de\/blog\/urlaubs-und-reisetipps-fuer-west-sussex-unsere-top-10-die-sie-sehen-und-erleben-sollten\/#breadcrumb"},"inLanguage":"en-US","potentialAction":[{"@type":"ReadAction","target":["https:\/\/www.urlaubcornwall.de\/blog\/urlaubs-und-reisetipps-fuer-west-sussex-unsere-top-10-die-sie-sehen-und-erleben-sollten\/"]}]},{"@type":"BreadcrumbList","@id":"https:\/\/www.urlaubcornwall.de\/blog\/urlaubs-und-reisetipps-fuer-west-sussex-unsere-top-10-die-sie-sehen-und-erleben-sollten\/#breadcrumb","itemListElement":[{"@type":"ListItem","position":1,"name":"Home","item":"https:\/\/www.urlaubcornwall.de\/blog\/"},{"@type":"ListItem","position":2,"name":"Urlaubs- und Reisetipps f\u00fcr West-Sussex: unsere Top 10, die Sie sehen und erleben sollten"}]}]}},"_links":{"self":[{"href":"https:\/\/www.urlaubcornwall.de\/blog\/wp-json\/wp\/v2\/pages\/19510"}],"collection":[{"href":"https:\/\/www.urlaubcornwall.de\/blog\/wp-json\/wp\/v2\/pages"}],"about":[{"href":"https:\/\/www.urlaubcornwall.de\/blog\/wp-json\/wp\/v2\/types\/page"}],"author":[{"embeddable":true,"href":"https:\/\/www.urlaubcornwall.de\/blog\/wp-json\/wp\/v2\/users\/1"}],"replies":[{"embeddable":true,"href":"https:\/\/www.urlaubcornwall.de\/blog\/wp-json\/wp\/v2\/comments?post=19510"}],"version-history":[{"count":14,"href":"https:\/\/www.urlaubcornwall.de\/blog\/wp-json\/wp\/v2\/pages\/19510\/revisions"}],"predecessor-version":[{"id":50414,"href":"https:\/\/www.urlaubcornwall.de\/blog\/wp-json\/wp\/v2\/pages\/19510\/revisions\/50414"}],"wp:attachment":[{"href":"https:\/\/www.urlaubcornwall.de\/blog\/wp-json\/wp\/v2\/media?parent=19510"}],"curies":[{"name":"wp","href":"https:\/\/api.w.org\/{rel}","templated":true}]}}