{"id":19508,"date":"2015-08-15T08:39:18","date_gmt":"2015-08-15T08:39:18","guid":{"rendered":"https:\/\/www.urlaubcornwall.de\/blog\/?page_id=19508"},"modified":"2024-04-16T10:00:20","modified_gmt":"2024-04-16T10:00:20","slug":"reisetipps-somerset-unsere-top-10-die-sie-sehen-und-erleben-sollten","status":"publish","type":"page","link":"https:\/\/www.urlaubcornwall.de\/blog\/reisetipps-somerset-unsere-top-10-die-sie-sehen-und-erleben-sollten\/","title":{"rendered":"Reisetipps Somerset: Unsere Top 10, die Sie sehen und erleben sollten"},"content":{"rendered":"<p><a href=\"https:\/\/www.urlaubcornwall.de\/blog\/wp-content\/uploads\/2015\/08\/Glastonbury.jpg\"><img loading=\"lazy\" class=\"aligncenter size-full wp-image-19518\" src=\"https:\/\/www.urlaubcornwall.de\/blog\/wp-content\/uploads\/2015\/08\/Glastonbury.jpg\" alt=\"Glastonbury\" width=\"745\" height=\"376\" srcset=\"https:\/\/www.urlaubcornwall.de\/blog\/wp-content\/uploads\/2015\/08\/Glastonbury.jpg 745w, https:\/\/www.urlaubcornwall.de\/blog\/wp-content\/uploads\/2015\/08\/Glastonbury-300x151.jpg 300w\" sizes=\"(max-width: 745px) 100vw, 745px\" \/><\/a><br \/>\n<strong>Glastonbury: <\/strong>Bekannt f\u00fcr sein Musikfestival, ist <a href=\"http:\/\/www.urlaubcornwall.de\/ferienhaeuser-fewos\/glastonbury.html\">Glastonbury<\/a> Tor auch ein ikonischer Turm des 15. Jahrhunderts, der spektakul\u00e4ren Blick \u00fcber die Ebenen Somersets hinweg bietet. Die Stadt ist durchdrungen von der Artuslegende, sowie Legenden, den Heiligen Gral und Joseph von Arimathea betreffend.<\/p>\n<p><strong>Ostsomerset Eisenbahnstrecke: <\/strong>Fahren Sie mit der Dampfeisenbahn. Die Ostsomerset Eisenbahnstrecke ist eine 2,5 Meilen (4 km) lange Museumsbahn in Somerset und verl\u00e4uft zwischen Cranmore und Mendip Vale. Sie f\u00e4hrt das ganze Jahr \u00fcber und bietet besondere Thementage f\u00fcr Kinder an, wie zum Beispiel \u201eThomas the Tank Engine\u201c und \u201ePeppa Pig\u201c.<\/p>\n<p><a href=\"https:\/\/www.urlaubcornwall.de\/blog\/wp-content\/uploads\/2015\/04\/Bath.jpg\"><img loading=\"lazy\" class=\"aligncenter size-full wp-image-18869\" src=\"https:\/\/www.urlaubcornwall.de\/blog\/wp-content\/uploads\/2015\/04\/Bath.jpg\" alt=\"Bath\" width=\"748\" height=\"353\"\/><\/a><\/p>\n<p><strong>Bath:&nbsp;<\/strong>Gerade da, wo Britanniens einzige hei\u00dfe Quelle entspringt, errichteten die R\u00f6mer einen herrlichen Tempel und Badekomplex, der noch immer mit nat\u00fcrlich hei\u00dfem Wasser betrieben wird. Kommen Sie und erkunden Sie die spektakul\u00e4ren R\u00f6mischen B\u00e4der im Herzen der Weltkulturerbestadt <a href=\"http:\/\/www.urlaubcornwall.de\/ferienhaeuser-fewos\/bath.html\">Bath<\/a>.<\/p>\n<div class=\"snippet\"> <a class=\"featured-item\" href=\"https:\/\/www.urlaubcornwall.de\/ferienhaeuser\/suedengland.php\"> <span class=\"image-holder\" style=\"background-image: url('https:\/\/www.urlaubcornwall.de\/blog\/wp-content\/uploads\/2018\/12\/ferienhaus-cornwall-mit-hund.jpg');\"><\/span> <span class=\"featured-content\"> \n<h2 class=\"featured-title\">Ferienh\u00e4user in S\u00fcdengland<\/h2>\n<p class=\"featured-body\">Bei uns finden Sie Ferienh\u00e4user zum Verlieben &#8211; so einfach ist das! Dank seiner langen Geschichte, der reizvollen Landschaften und seinen vielen Attraktionen ist S\u00fcdengland ein wahres Mekka f\u00fcr Urlauber&#8230;..<\/p><\/span> <span class=\"featured-link-holder\"> <span class=\"featured-extra-info\"> \n<p>Pers\u00f6nlich inspizierter Ferienh\u00e4user<\/p>\n<\/span> \n<p class=\"featured-link\">DETAILS<\/p>\n<\/span> <\/a><\/div>\n<p><strong>Wookey Hole: <\/strong>Die Wookey Hole H\u00f6hlen sind eine Reihe an Kalksteinh\u00f6hlen, Schauh\u00f6hle und Touristenattraktion im Dorf Wookey Hole am s\u00fcdlichen Rande der Mendip H\u00fcgel bei <a href=\"http:\/\/www.urlaubcornwall.de\/ferienhaeuser-fewos\/wells.html\">Wells<\/a> in Somerset, England. Der Fluss Axe flie\u00dft vom Herzen der Mendip H\u00fcgel durch die H\u00f6hlen in einen See.<\/p>\n<p><strong>Cheddar Gorge (Cheddarschlucht): <\/strong>Cheddar verleiht dem weltbekannten K\u00e4se seinen Namen, ist jedoch auch ber\u00fchmt f\u00fcr die 400 Fu\u00df tiefe und 3 Meilen lange Cheddarschlucht, Englands gr\u00f6\u00dfte Schlucht. Mit seinen verwitterten Felsen und Zinnen ist sie eine der spektakul\u00e4rsten Natursehensw\u00fcrdigkeiten. Die Schlucht hat sich wohl vor ungef\u00e4hr einer Million Jahren w\u00e4hrend der letzten Eiszeit gebildet, als das Wasser der schmelzenden Gletscher einen Fluss formte, der sich im Laufe der Zeit in das Kalkgestein gegraben hat und somit die steilen Klippen schuf, die Sie heute sehen.<\/p>\n<p><strong>Fleet Air Arm Museum: <\/strong>Das Luftfahrtflottenmuseum liegt bei Yeovilton, Somerset, und ist Europas gr\u00f6\u00dfte Sammlung an Helikoptern und Starrfl\u00fcglern, dem fliegenden Arm der Royal Navy. Das ganze Jahr \u00fcber finden zahlreiche aufregende und unvergessliche Events und Familienaktivit\u00e4ten statt.<\/p>\n<p><strong>Richs Cider Farm, Highbridge: <\/strong>Die Herstellung von Apfelpunsch und der Apfelanbau, der Voraussetzung ist, sind eine der gro\u00dfartigen Traditionen Somersets, und in dieser alten Farm wird dies seit vielen Generationen getan. Schauen Sie sich im kleinen Museum die alten Apfelpressen und weitere antike Maschinen an, spazieren Sie in der Apfelplantage herum und lassen Sie die Kleinen Spa\u00df haben auf dem Au\u00dfenspielplatz.Probieren Sie den traditionellen Apfelpunsch der Farm ohne Zusatzstoffe und kaufen Sie welchen im Bauernladen, dazu Apfelessig, Apfelwein und vieles mehr. Sie haben auch die M\u00f6glichkeit, ein feines Mittagessen, hergestellt aus \u00f6rtlich angebauten Produkten, im Apfelpressenrestaurant zu genie\u00dfen.<\/p>\n<p><strong>Dunster Castle: <\/strong>Die Dunster Burg bei <a href=\"http:\/\/www.urlaubcornwall.de\/ferienhaeuser-fewos\/minehead.html\">Minehead<\/a> befindet sich dramatisch gelegen an der Spitze eines bewaldeten H\u00fcgels. Sie besteht bereits seit normannischen Zeiten und ist nun ein elegantes Zuhause, das \u00fcber 600 Jahre lang im Besitz der Luttrell Familie war und nun zum National Trust geh\u00f6rt. Die Burg besticht mit spektakul\u00e4rem Blick Richtung Bristolkanal, den Quantock H\u00fcgeln und bis hinauf zu den Mooren von Exmoor.<\/p>\n<p><a href=\"https:\/\/www.urlaubcornwall.de\/blog\/wp-content\/uploads\/2024\/03\/wells-catherdral.jpg\"><img loading=\"lazy\" src=\"https:\/\/www.urlaubcornwall.de\/blog\/wp-content\/uploads\/2024\/03\/wells-catherdral.jpg\" alt=\"wells catherdral\" width=\"750\" height=\"422\" class=\"alignnone size-full wp-image-47844\" srcset=\"https:\/\/www.urlaubcornwall.de\/blog\/wp-content\/uploads\/2024\/03\/wells-catherdral.jpg 750w, https:\/\/www.urlaubcornwall.de\/blog\/wp-content\/uploads\/2024\/03\/wells-catherdral-300x169.jpg 300w\" sizes=\"(max-width: 750px) 100vw, 750px\" \/><\/a><\/p>\n<p><strong>Wells: <\/strong>Die kleinste Stadt Britanniens hat eine herrliche Kathedrale; m\u00f6glicherweise das feinste nationale Beispiel fr\u00fcher englischer Architektur. Die Wells Kathedrale wurde zu gro\u00dfen Teilen zwischen dem 12. und 14. Jahrhundert erbaut. Die Kathedrale ist bekannt f\u00fcr ihre herrliche Westfront mit \u00fcber 300 Statuen und Schnitzwerken, die invertierten Scherenb\u00f6gen des Kirchenschiffs und eine der \u00e4ltesten intakten mechanischen Uhrwerke.<\/p>\n<p>Die Brunnen, welche der Stadt ihren Namen verliehen, befinden sich auf dem Grundst\u00fcck des Bischofspalastes, welcher noch immer Residenz der Bisch\u00f6fe von Bath und Wells ist. Die Hauptmerkmale des Bischofspalastes sind die Krypta des 13. Jahrhunderts, imposante Kabinen und friedvolle G\u00e4rten, die von einem Wassergraben umgeben sind.<\/p>\n<p><strong>Die K\u00e4sehersteller der Cheddarschlucht: <\/strong>Den einzigen K\u00e4seherstellern, die es noch gibt in Cheddar, k\u00f6nnen Sie dabei zusehen, wie der traditionelle Cheddar hergestellt wird. Handgemachter, echter Cheddark\u00e4se braucht ungef\u00e4hr sieben Stunden, und Besucher k\u00f6nnen den Tag \u00fcber die unterschiedlichen Stadien vom Zuschauerbereich aus sehen.<\/p>\n<p><a href=\"https:\/\/www.urlaubcornwall.de\/blog\/reisetipps-fuer-suedengland-unsere-top-10-sie-sie-sehen-und-erleben-sollten\/\">Reisetipps f\u00fcr S\u00fcdengland<\/a>: unsere Top 10, sie Sie sehen und erleben sollten.<\/p>\n<div class=\"snippet\"> <a class=\"featured-item\" href=\"https:\/\/www.urlaubcornwall.de\/rundreisen\/cornwall-suedengland.php\"> <span class=\"image-holder\" style=\"background-image: url('https:\/\/www.urlaubcornwall.de\/blog\/wp-content\/uploads\/2019\/01\/DiTn0QVWsAIOgjG.jpg');\"><\/span> <span class=\"featured-content\"> \n<h2 class=\"featured-title\">Rundreisen Cornwall &#038; S\u00fcdengland eine perfekte Kombination<\/h2>\n<p class=\"featured-body\">Die perfekte Reisem\u00f6glichkeit und erm\u00f6glicht es Ihnen, Entdeckungen zu machen und einen Urlaub im eigenen Schritttempo&#8230;.<\/p><\/span> <span class=\"featured-link-holder\"> <span class=\"featured-extra-info\"> \n<p>F\u00fcr Paare, Familien &#038; Gruppen<\/p>\n<\/span> \n<p class=\"featured-link\">DETAILS<\/p>\n<\/span> <\/a><\/div>\n","protected":false},"excerpt":{"rendered":"<p>Glastonbury: Bekannt f\u00fcr sein Musikfestival, ist Glastonbury Tor auch ein ikonischer Turm des 15. Jahrhunderts, der spektakul\u00e4ren Blick \u00fcber die Ebenen Somersets hinweg bietet. Die Stadt ist durchdrungen von der Artuslegende, sowie Legenden, den Heiligen Gral und Joseph von Arimathea betreffend. Ostsomerset Eisenbahnstrecke: Fahren Sie mit der Dampfeisenbahn. Die Ostsomerset Eisenbahnstrecke ist eine 2,5 Meilen [&hellip;]<\/p>\n","protected":false},"author":1,"featured_media":0,"parent":0,"menu_order":0,"comment_status":"closed","ping_status":"closed","template":"single-four.php","meta":[],"acf":[],"yoast_head":"<!-- This site is optimized with the Yoast SEO plugin v19.4 - https:\/\/yoast.com\/wordpress\/plugins\/seo\/ -->\n<title>Reisetipps Somerset: Unsere Top 10, die Sie sehen und erleben sollten - Urlaub &amp; Reisen<\/title>\n<meta name=\"robots\" content=\"index, follow, max-snippet:-1, max-image-preview:large, max-video-preview:-1\" \/>\n<link rel=\"canonical\" href=\"https:\/\/www.urlaubcornwall.de\/blog\/reisetipps-somerset-unsere-top-10-die-sie-sehen-und-erleben-sollten\/\" \/>\n<meta property=\"og:locale\" content=\"en_US\" \/>\n<meta property=\"og:type\" content=\"article\" \/>\n<meta property=\"og:title\" content=\"Reisetipps Somerset: Unsere Top 10, die Sie sehen und erleben sollten - Urlaub &amp; Reisen\" \/>\n<meta property=\"og:description\" content=\"Glastonbury: Bekannt f\u00fcr sein Musikfestival, ist Glastonbury Tor auch ein ikonischer Turm des 15. Jahrhunderts, der spektakul\u00e4ren Blick \u00fcber die Ebenen Somersets hinweg bietet. Die Stadt ist durchdrungen von der Artuslegende, sowie Legenden, den Heiligen Gral und Joseph von Arimathea betreffend. Ostsomerset Eisenbahnstrecke: Fahren Sie mit der Dampfeisenbahn. Die Ostsomerset Eisenbahnstrecke ist eine 2,5 Meilen [&hellip;]\" \/>\n<meta property=\"og:url\" content=\"https:\/\/www.urlaubcornwall.de\/blog\/reisetipps-somerset-unsere-top-10-die-sie-sehen-und-erleben-sollten\/\" \/>\n<meta property=\"og:site_name\" content=\"Urlaub &amp; Reisen\" \/>\n<meta property=\"article:modified_time\" content=\"2024-04-16T10:00:20+00:00\" \/>\n<meta property=\"og:image\" content=\"https:\/\/www.urlaubcornwall.de\/blog\/wp-content\/uploads\/2015\/08\/Glastonbury.jpg\" \/>\n<meta name=\"twitter:card\" content=\"summary\" \/>\n<meta name=\"twitter:label1\" content=\"Est. reading time\" \/>\n\t<meta name=\"twitter:data1\" content=\"4 minutes\" \/>\n<script type=\"application\/ld+json\" class=\"yoast-schema-graph\">{\"@context\":\"https:\/\/schema.org\",\"@graph\":[{\"@type\":\"WebSite\",\"@id\":\"https:\/\/www.urlaubcornwall.de\/blog\/#website\",\"url\":\"https:\/\/www.urlaubcornwall.de\/blog\/\",\"name\":\"Urlaub &amp; Reisen\",\"description\":\"Urlaub, Reisen, Cornwall und S\u00fcdengland: eine perfekte Kombination\",\"potentialAction\":[{\"@type\":\"SearchAction\",\"target\":{\"@type\":\"EntryPoint\",\"urlTemplate\":\"https:\/\/www.urlaubcornwall.de\/blog\/?s={search_term_string}\"},\"query-input\":\"required name=search_term_string\"}],\"inLanguage\":\"en-US\"},{\"@type\":\"WebPage\",\"@id\":\"https:\/\/www.urlaubcornwall.de\/blog\/reisetipps-somerset-unsere-top-10-die-sie-sehen-und-erleben-sollten\/\",\"url\":\"https:\/\/www.urlaubcornwall.de\/blog\/reisetipps-somerset-unsere-top-10-die-sie-sehen-und-erleben-sollten\/\",\"name\":\"Reisetipps Somerset: Unsere Top 10, die Sie sehen und erleben sollten - Urlaub &amp; Reisen\",\"isPartOf\":{\"@id\":\"https:\/\/www.urlaubcornwall.de\/blog\/#website\"},\"datePublished\":\"2015-08-15T08:39:18+00:00\",\"dateModified\":\"2024-04-16T10:00:20+00:00\",\"breadcrumb\":{\"@id\":\"https:\/\/www.urlaubcornwall.de\/blog\/reisetipps-somerset-unsere-top-10-die-sie-sehen-und-erleben-sollten\/#breadcrumb\"},\"inLanguage\":\"en-US\",\"potentialAction\":[{\"@type\":\"ReadAction\",\"target\":[\"https:\/\/www.urlaubcornwall.de\/blog\/reisetipps-somerset-unsere-top-10-die-sie-sehen-und-erleben-sollten\/\"]}]},{\"@type\":\"BreadcrumbList\",\"@id\":\"https:\/\/www.urlaubcornwall.de\/blog\/reisetipps-somerset-unsere-top-10-die-sie-sehen-und-erleben-sollten\/#breadcrumb\",\"itemListElement\":[{\"@type\":\"ListItem\",\"position\":1,\"name\":\"Home\",\"item\":\"https:\/\/www.urlaubcornwall.de\/blog\/\"},{\"@type\":\"ListItem\",\"position\":2,\"name\":\"Reisetipps Somerset: Unsere Top 10, die Sie sehen und erleben sollten\"}]}]}<\/script>\n<!-- \/ Yoast SEO plugin. -->","yoast_head_json":{"title":"Reisetipps Somerset: Unsere Top 10, die Sie sehen und erleben sollten - Urlaub &amp; Reisen","robots":{"index":"index","follow":"follow","max-snippet":"max-snippet:-1","max-image-preview":"max-image-preview:large","max-video-preview":"max-video-preview:-1"},"canonical":"https:\/\/www.urlaubcornwall.de\/blog\/reisetipps-somerset-unsere-top-10-die-sie-sehen-und-erleben-sollten\/","og_locale":"en_US","og_type":"article","og_title":"Reisetipps Somerset: Unsere Top 10, die Sie sehen und erleben sollten - Urlaub &amp; Reisen","og_description":"Glastonbury: Bekannt f\u00fcr sein Musikfestival, ist Glastonbury Tor auch ein ikonischer Turm des 15. Jahrhunderts, der spektakul\u00e4ren Blick \u00fcber die Ebenen Somersets hinweg bietet. Die Stadt ist durchdrungen von der Artuslegende, sowie Legenden, den Heiligen Gral und Joseph von Arimathea betreffend. Ostsomerset Eisenbahnstrecke: Fahren Sie mit der Dampfeisenbahn. Die Ostsomerset Eisenbahnstrecke ist eine 2,5 Meilen [&hellip;]","og_url":"https:\/\/www.urlaubcornwall.de\/blog\/reisetipps-somerset-unsere-top-10-die-sie-sehen-und-erleben-sollten\/","og_site_name":"Urlaub &amp; Reisen","article_modified_time":"2024-04-16T10:00:20+00:00","og_image":[{"url":"https:\/\/www.urlaubcornwall.de\/blog\/wp-content\/uploads\/2015\/08\/Glastonbury.jpg"}],"twitter_card":"summary","twitter_misc":{"Est. reading time":"4 minutes"},"schema":{"@context":"https:\/\/schema.org","@graph":[{"@type":"WebSite","@id":"https:\/\/www.urlaubcornwall.de\/blog\/#website","url":"https:\/\/www.urlaubcornwall.de\/blog\/","name":"Urlaub &amp; Reisen","description":"Urlaub, Reisen, Cornwall und S\u00fcdengland: eine perfekte Kombination","potentialAction":[{"@type":"SearchAction","target":{"@type":"EntryPoint","urlTemplate":"https:\/\/www.urlaubcornwall.de\/blog\/?s={search_term_string}"},"query-input":"required name=search_term_string"}],"inLanguage":"en-US"},{"@type":"WebPage","@id":"https:\/\/www.urlaubcornwall.de\/blog\/reisetipps-somerset-unsere-top-10-die-sie-sehen-und-erleben-sollten\/","url":"https:\/\/www.urlaubcornwall.de\/blog\/reisetipps-somerset-unsere-top-10-die-sie-sehen-und-erleben-sollten\/","name":"Reisetipps Somerset: Unsere Top 10, die Sie sehen und erleben sollten - Urlaub &amp; Reisen","isPartOf":{"@id":"https:\/\/www.urlaubcornwall.de\/blog\/#website"},"datePublished":"2015-08-15T08:39:18+00:00","dateModified":"2024-04-16T10:00:20+00:00","breadcrumb":{"@id":"https:\/\/www.urlaubcornwall.de\/blog\/reisetipps-somerset-unsere-top-10-die-sie-sehen-und-erleben-sollten\/#breadcrumb"},"inLanguage":"en-US","potentialAction":[{"@type":"ReadAction","target":["https:\/\/www.urlaubcornwall.de\/blog\/reisetipps-somerset-unsere-top-10-die-sie-sehen-und-erleben-sollten\/"]}]},{"@type":"BreadcrumbList","@id":"https:\/\/www.urlaubcornwall.de\/blog\/reisetipps-somerset-unsere-top-10-die-sie-sehen-und-erleben-sollten\/#breadcrumb","itemListElement":[{"@type":"ListItem","position":1,"name":"Home","item":"https:\/\/www.urlaubcornwall.de\/blog\/"},{"@type":"ListItem","position":2,"name":"Reisetipps Somerset: Unsere Top 10, die Sie sehen und erleben sollten"}]}]}},"_links":{"self":[{"href":"https:\/\/www.urlaubcornwall.de\/blog\/wp-json\/wp\/v2\/pages\/19508"}],"collection":[{"href":"https:\/\/www.urlaubcornwall.de\/blog\/wp-json\/wp\/v2\/pages"}],"about":[{"href":"https:\/\/www.urlaubcornwall.de\/blog\/wp-json\/wp\/v2\/types\/page"}],"author":[{"embeddable":true,"href":"https:\/\/www.urlaubcornwall.de\/blog\/wp-json\/wp\/v2\/users\/1"}],"replies":[{"embeddable":true,"href":"https:\/\/www.urlaubcornwall.de\/blog\/wp-json\/wp\/v2\/comments?post=19508"}],"version-history":[{"count":20,"href":"https:\/\/www.urlaubcornwall.de\/blog\/wp-json\/wp\/v2\/pages\/19508\/revisions"}],"predecessor-version":[{"id":49858,"href":"https:\/\/www.urlaubcornwall.de\/blog\/wp-json\/wp\/v2\/pages\/19508\/revisions\/49858"}],"wp:attachment":[{"href":"https:\/\/www.urlaubcornwall.de\/blog\/wp-json\/wp\/v2\/media?parent=19508"}],"curies":[{"name":"wp","href":"https:\/\/api.w.org\/{rel}","templated":true}]}}