{"id":19444,"date":"2015-08-13T15:36:54","date_gmt":"2015-08-13T15:36:54","guid":{"rendered":"https:\/\/www.urlaubcornwall.de\/blog\/?page_id=19444"},"modified":"2024-05-30T09:21:09","modified_gmt":"2024-05-30T09:21:09","slug":"top-10-reisetipps-hampshire-die-sie-sehen-und-erleben-sollten","status":"publish","type":"page","link":"https:\/\/www.urlaubcornwall.de\/blog\/top-10-reisetipps-hampshire-die-sie-sehen-und-erleben-sollten\/","title":{"rendered":"Top 10 Reisetipps Hampshire, S\u00fcdengland : die Sie sehen und erleben sollten"},"content":{"rendered":"<p><a href=\"https:\/\/www.urlaubcornwall.de\/blog\/wp-content\/uploads\/2024\/05\/Portsmouth-hafen.jpg\"><img loading=\"lazy\" src=\"https:\/\/www.urlaubcornwall.de\/blog\/wp-content\/uploads\/2024\/05\/Portsmouth-hafen.jpg\" alt=\"Portsmouth hafen\" width=\"750\" height=\"499\" class=\"alignnone size-full wp-image-50674\" srcset=\"https:\/\/www.urlaubcornwall.de\/blog\/wp-content\/uploads\/2024\/05\/Portsmouth-hafen.jpg 750w, https:\/\/www.urlaubcornwall.de\/blog\/wp-content\/uploads\/2024\/05\/Portsmouth-hafen-300x200.jpg 300w\" sizes=\"(max-width: 750px) 100vw, 750px\" \/><\/a><\/p>\n<p><strong>Spinnaker Tower: <\/strong>170 Meter \u00fcber dem Hafen von Portsmouth und dem Solent thronend, ist der Spinnaker Turm h\u00f6her als das London Eye, Blackpool Tower und Big Ben und ist bereits ein nationales Wahrzeichen Britanniens. Nehmen Sie den Expressaufzug zur ersten der 3 Aussichtsplattformen, von wo aus Sie einen umwerfenden Panoramablick haben werden. Wenn Sie mutig sind, gehen Sie \u00fcber den Glasbodenweg, 100 Meter \u00fcber dem Meeresspiegel.<\/p>\n<p><strong>Portsmouth: <\/strong>An der historischen Werft k\u00f6nnen Sie die HMS Victory besuchen, Nelsons Flaggschiff, die eiserne 1860 HMS Warrior und das Tudor Kriegsschiff, die Mary Rose. Es gibt eine Menge herrlicher georgianischer Geb\u00e4ude und Ausstellungen zur Seefahrtsgeschichte. Portsmouth befindet sich auf einer Insel, an drei Seiten vom Meer umgeben und ist mit dem Rest <a href=\"https:\/\/www.urlaubcornwall.de\/reiseziel\/hampshire.php\">Hampshire <\/a>durch vier Br\u00fccken und einen Steg verbunden.<\/p>\n<p><a href=\"https:\/\/www.urlaubcornwall.de\/blog\/wp-content\/uploads\/2015\/08\/New-Forest-hampshire.jpg\"><img loading=\"lazy\" class=\"aligncenter size-full wp-image-19849\" src=\"https:\/\/www.urlaubcornwall.de\/blog\/wp-content\/uploads\/2015\/08\/New-Forest-hampshire.jpg\" alt=\"New Forest hampshire\" width=\"748\" height=\"328\"\/><\/a><\/p>\n<p><strong>New Forest: <\/strong>Der <a href=\"https:\/\/www.urlaubcornwall.de\/ferienhaeuser-fewos\/eng\/hampshire\/hampshire.html\">New Forest ist ein Nationalpark<\/a>, eine Haupttouristenattraktion und ein Natur- und Landschaftsschutzgebiet. Es wurde 1087 von Wilhelm dem Eroberer als k\u00f6niglicher Jagdgrund geschaffen. Besuchen Sie Beaulieu Haus und Garten, sowie das Nationalmuseum der Autofahrt. Der Exbury Garten ist bekannt f\u00fcr seine Rhododendren und Azaleen. Auch das Bucklers Hard Maritime Museum und die New Forest Ponys, die frei umher spazieren, lassen dies einen wundervollen Ort f\u00fcr allerlei Erkundungen sein.<\/p>\n<div class=\"snippet\"> <a class=\"featured-item\" href=\"https:\/\/www.urlaubcornwall.de\/ferienhaeuser\/suedengland.php\"> <span class=\"image-holder\" style=\"background-image: url('https:\/\/www.urlaubcornwall.de\/blog\/wp-content\/uploads\/2018\/12\/ferienhaus-cornwall-mit-hund.jpg');\"><\/span> <span class=\"featured-content\"> \n<h2 class=\"featured-title\">Ferienh\u00e4user in S\u00fcdengland<\/h2>\n<p class=\"featured-body\">Bei uns finden Sie Ferienh\u00e4user zum Verlieben &#8211; so einfach ist das! Dank seiner langen Geschichte, der reizvollen Landschaften und seinen vielen Attraktionen ist S\u00fcdengland ein wahres Mekka f\u00fcr Urlauber&#8230;..<\/p><\/span> <span class=\"featured-link-holder\"> <span class=\"featured-extra-info\"> \n<p>Pers\u00f6nlich inspizierter Ferienh\u00e4user<\/p>\n<\/span> \n<p class=\"featured-link\">DETAILS<\/p>\n<\/span> <\/a><\/div>\n<p><strong>Die Isle of Wight: <\/strong>Wenn Sie die Isle of Wight im Rahmen eines Tagesausfluges besuchen, so gibt es eine Menge zu sehen und zu tun. Nehmen Sie die F\u00e4hre von Southampton, Portsmouth oder Lymington und genie\u00dfen Sie, was die Insel Ihnen zu bieten hat. Von Str\u00e4nden bis hin zu Burgen, botanischen G\u00e4rten, Wassersport; es gibt etwas f\u00fcr Jedermann.<\/p>\n<p><script async src=\"https:\/\/pagead2.googlesyndication.com\/pagead\/js\/adsbygoogle.js?client=ca-pub-3901089389175725\"\n     crossorigin=\"anonymous\"><\/script><br \/>\n<!-- New UC --><br \/>\n<ins class=\"adsbygoogle\"\n     style=\"display:block\"\n     data-ad-client=\"ca-pub-3901089389175725\"\n     data-ad-slot=\"8080314818\"\n     data-ad-format=\"auto\"\n     data-full-width-responsive=\"true\"><\/ins><br \/>\n<script>\n     (adsbygoogle = window.adsbygoogle || []).push({});\n<\/script><\/p>\n<p><strong>Jane Austens Haus Museum<\/strong>: Jane Austens Haus Museum ist ein kleines privates Museum im Dorf Chawton bei Alton in Hampshire. Es besteht aus dem Haus des 18. Jahrhunderts, in welchem die Schriftstellerin Jane Austen die letzten acht Jahre ihres Lebens verbrachte. Als sie in Chawton ankam, hatte sie drei Konzepte f\u00fcr Geschichten, n\u00e4mlich Sense and Sensibility, Pride and Prejudice und Northanger Abbey. Es ist gut m\u00f6glich, dass sie diese Geschichten hier im Haus \u00fcberarbeitet hat, bevor sie ver\u00f6ffentlicht wurden.<\/p>\n<p><strong>Uppark Haus &amp; Garten: <\/strong>Uppark Haus und G\u00e4rten, im 18. Jahrhundert in der N\u00e4he von Petersfield erbaut, befinden sich hoch \u00fcber dem Rande der South Downs mit Blick bis hin zum englischen Kanal. Die G\u00e4rten werden nach und nach ihrem urspr\u00fcnglichen Design des 18. Jahrhunderts entsprechend restauriert mit jeder Menge Raum in der angrenzenden Wiese, um zu spielen und mit einem Picknick zu entspannen. Upparks georgianische Inneneinrichtung zeigt das komfortable Leben \u201eoben\u201c im Kontrast zum harten Leben \u201eunten\u201c, der Welt der Bediensteten. Einer der H\u00f6hepunkte der Sammlung ist eines der besten Beispiele des Landes eines Puppenhauses des 17. Jahrhunderts.<\/p>\n<p><strong>Marwell Zoo<\/strong>: Der <a href=\"https:\/\/www.marwell.org.uk\/zoo\/\">Marwell Zoo<\/a> ist ein 140 Ar Zoo bei Owslebury in der N\u00e4he von Winchester, Hampshire. Er ist das Zuhause f\u00fcr mehr als 1200 Tiere 235 verschiedener Arten und wohl bekannt f\u00fcr sein Naturerhaltungsprogramm. Ein herrlicher Familienausflugstag.<\/p>\n<p><a href=\"https:\/\/www.urlaubcornwall.de\/blog\/wp-content\/uploads\/2024\/03\/great-hall-winchester.jpg\"><img loading=\"lazy\" src=\"https:\/\/www.urlaubcornwall.de\/blog\/wp-content\/uploads\/2024\/03\/great-hall-winchester.jpg\" alt=\"great hall winchester\" width=\"750\" height=\"500\" class=\"alignnone size-full wp-image-47976\" srcset=\"https:\/\/www.urlaubcornwall.de\/blog\/wp-content\/uploads\/2024\/03\/great-hall-winchester.jpg 750w, https:\/\/www.urlaubcornwall.de\/blog\/wp-content\/uploads\/2024\/03\/great-hall-winchester-300x200.jpg 300w\" sizes=\"(max-width: 750px) 100vw, 750px\" \/><\/a><\/p>\n<p><strong>Winchester: <\/strong>Winchester ist eine Stadt und Hauptstadt von Hampshire. Unter den Sachsenk\u00f6nigen war sie Hauptstadt Englands. <a href=\"https:\/\/www.urlaubcornwall.de\/ferienhaeuser-fewos\/eng\/hampshire\/winchester.html\">Winchester<\/a> liegt am westlichen Ende des <a href=\"https:\/\/www.urlaubcornwall.de\/ferienhaeuser-fewos\/eng\/sussex\/sussex.html\">South Downs Nationalparks<\/a> am Fluss Itchen. Der gr\u00f6\u00dfte Ruhm geb\u00fchrt der Kathedrale, die mit 169,4 Metern die h\u00f6chste Europas ist. Die Stadt ist voller Geschichte, und es ist einfach ein Vergn\u00fcgen, herumzustreunen.<\/p>\n<p><strong>Broadlands: <\/strong>Broadlands ist eine elegante Palladio Villa am Rande der <a href=\"https:\/\/www.urlaubcornwall.de\/ferienhaeuser-fewos\/eng\/hampshire\/romsey.html\">Stadt Romsey<\/a> an den Ufern des Flusses Test. Sie war einst das Zuhause von Lord Palmerston, doch ist wahrscheinlich bekannter als Zuhause von Lord Mountbatten. Es ist ein wundersch\u00f6nes Haus, das Sie w\u00e4hrend der Sommermonate besuchen k\u00f6nnen, wenn es f\u00fcr die \u00d6ffentlichkeit zug\u00e4nglich ist.<\/p>\n<p><strong>Wandern in Hampshire: <\/strong><a href=\"https:\/\/www.urlaubcornwall.de\/reiseziel\/hampshire.php\">Hampshire verf\u00fcgt \u00fcber mehr als 3000 Meilen Fu\u00dfwege<\/a>, Reitwegen und Nebenstr\u00e4\u00dfchen mit Wanderm\u00f6glichkeiten f\u00fcr jedermann. Der South Downs Pfad verl\u00e4uft durch das Herz des Nationalparks und zieht sich einige 100 Meilen vom historischen Winchester bis hin zum K\u00fcstenort Eastbourne. Dies ist eine der feinsten, urspr\u00fcnglichsten Landschaften, die England zu bieten hat und dennoch weniger als eine Stunde von London entfernt.<\/p>\n<div class=\"snippet\"> <a class=\"featured-item\" href=\"https:\/\/www.urlaubcornwall.de\/rundreisen\/cornwall-suedengland.php\"> <span class=\"image-holder\" style=\"background-image: url('https:\/\/www.urlaubcornwall.de\/blog\/wp-content\/uploads\/2019\/01\/DiTn0QVWsAIOgjG.jpg');\"><\/span> <span class=\"featured-content\"> \n<h2 class=\"featured-title\">Rundreisen in S\u00fcdengland eine perfekte Kombination<\/h2>\n<p class=\"featured-body\">Die perfekte Reisem\u00f6glichkeit und erm\u00f6glicht es Ihnen, Entdeckungen zu machen und einen Urlaub im eigenen Schritttempo&#8230;.<\/p><\/span> <span class=\"featured-link-holder\"> <span class=\"featured-extra-info\"> \n<p>F\u00fcr Paare, Familien &#038; Gruppen<\/p>\n<\/span> \n<p class=\"featured-link\">DETAILS<\/p>\n<\/span> <\/a><\/div>\n<p>Eine weitere Wanderung geht entlang des Pilgerpfades, indem Sie einer mittelalterlichen Route folgen vom Schrein des heiligen Swithun in der Winchester Kathedrale, dann schl\u00e4ngeln Sie sich durch die Landschaft durch Bishops Waltham und Southwick nach Portsmouth. Pilger machten einst die lange Reise, um den Heiligen Michael in der Normandie zu ehren. Heute haben Reisende den Vorteil besonderer Wegmarkierungen \u2013 gr\u00fcn in Hampshire, blau in Frankreich bis hin zum mittelalterlichen Mont St Michel in der Normandie in Frankreich, 190km entfernt.<\/p>\n<p><strong>Mid-Hants Eisenbahnstrecke: <\/strong>Die Mid-Hants Eisenbahnstrecke wird liebevoll die Wasserkressebahn genannt. Hier wurde einst die Wasserkresse von den Feldern Hampshires zu den M\u00e4rkten nach London transportiert. Es ist eine gut erhaltene Dampfeisenbahnstrecke zwischen Alresford und Alton erm\u00f6glicht Besuchern die Chance, das goldene Zeitalter der Dampfeisenbahnen zu erfahren.<\/p>\n<p><a href=\"https:\/\/www.urlaubcornwall.de\/blog\/reisetipps-fuer-suedengland-unsere-top-10-sie-sie-sehen-und-erleben-sollten\/\"><span style=\"text-decoration: underline;\"><strong>Reisetipps f\u00fcr S\u00fcdengland<\/strong><\/span><\/a>: unsere Top 10, sie Sie sehen und erleben sollten.<\/p>\n<p style=\"text-align: center;\"><a href=\"http:\/\/urlaubcornwall.de\/\">UrlaubCornwall.de<\/a> hat seinen Firmensitz in Cornwall in S\u00fcdwestengland und bietet Kunden im Deutsch sprechenden Europa Hilfe im Erstellen der perfekten Urlaubserfahrung hier. Wir haben <a href=\"http:\/\/www.urlaubcornwall.de\/rundreisenservice.php\">ein Team Deutsch sprechender Experten<\/a>, so dass wir eine individuelle Rundreise durch Cotswolds, S\u00fcdengland und nun auch durch den Rest Gro\u00dfbritanniens und Irlands anbieten k\u00f6nnen.<\/p>\n<p style=\"text-align: center;\"><a class=\"tidycta\" href=\"http:\/\/www.urlaubcornwall.de\/anfrage.php?tourcode=Urlaub S\u00fcdengland\">Rundreise S\u00fcdengland Anfrage<\/a><\/p>\n<p><strong>Sehensw\u00fcrdigkeiten Hampshire Karte<\/strong><\/p>\n<p><iframe loading=\"lazy\" src=\"https:\/\/www.google.com\/maps\/d\/u\/0\/embed?mid=zPZ6ttwx7pSg.kh8Qho5JH_V4\" width=\"640\" height=\"480\"><\/iframe><\/p>\n","protected":false},"excerpt":{"rendered":"<p>Spinnaker Tower: 170 Meter \u00fcber dem Hafen von Portsmouth und dem Solent thronend, ist der Spinnaker Turm h\u00f6her als das London Eye, Blackpool Tower und Big Ben und ist bereits ein nationales Wahrzeichen Britanniens. Nehmen Sie den Expressaufzug zur ersten der 3 Aussichtsplattformen, von wo aus Sie einen umwerfenden Panoramablick haben werden. Wenn Sie mutig [&hellip;]<\/p>\n","protected":false},"author":1,"featured_media":0,"parent":0,"menu_order":0,"comment_status":"closed","ping_status":"closed","template":"single-four.php","meta":[],"acf":[],"yoast_head":"<!-- This site is optimized with the Yoast SEO plugin v19.4 - https:\/\/yoast.com\/wordpress\/plugins\/seo\/ -->\n<title>Top 10 Reisetipps Hampshire, S\u00fcdengland : die Sie sehen und erleben sollten - Urlaub &amp; Reisen<\/title>\n<meta name=\"robots\" content=\"index, follow, max-snippet:-1, max-image-preview:large, max-video-preview:-1\" \/>\n<link rel=\"canonical\" href=\"https:\/\/www.urlaubcornwall.de\/blog\/top-10-reisetipps-hampshire-die-sie-sehen-und-erleben-sollten\/\" \/>\n<meta property=\"og:locale\" content=\"en_US\" \/>\n<meta property=\"og:type\" content=\"article\" \/>\n<meta property=\"og:title\" content=\"Top 10 Reisetipps Hampshire, S\u00fcdengland : die Sie sehen und erleben sollten - Urlaub &amp; Reisen\" \/>\n<meta property=\"og:description\" content=\"Spinnaker Tower: 170 Meter \u00fcber dem Hafen von Portsmouth und dem Solent thronend, ist der Spinnaker Turm h\u00f6her als das London Eye, Blackpool Tower und Big Ben und ist bereits ein nationales Wahrzeichen Britanniens. Nehmen Sie den Expressaufzug zur ersten der 3 Aussichtsplattformen, von wo aus Sie einen umwerfenden Panoramablick haben werden. Wenn Sie mutig [&hellip;]\" \/>\n<meta property=\"og:url\" content=\"https:\/\/www.urlaubcornwall.de\/blog\/top-10-reisetipps-hampshire-die-sie-sehen-und-erleben-sollten\/\" \/>\n<meta property=\"og:site_name\" content=\"Urlaub &amp; Reisen\" \/>\n<meta property=\"article:modified_time\" content=\"2024-05-30T09:21:09+00:00\" \/>\n<meta property=\"og:image\" content=\"https:\/\/www.urlaubcornwall.de\/blog\/wp-content\/uploads\/2024\/05\/Portsmouth-hafen.jpg\" \/>\n<meta name=\"twitter:card\" content=\"summary\" \/>\n<meta name=\"twitter:label1\" content=\"Est. reading time\" \/>\n\t<meta name=\"twitter:data1\" content=\"5 minutes\" \/>\n<script type=\"application\/ld+json\" class=\"yoast-schema-graph\">{\"@context\":\"https:\/\/schema.org\",\"@graph\":[{\"@type\":\"WebSite\",\"@id\":\"https:\/\/www.urlaubcornwall.de\/blog\/#website\",\"url\":\"https:\/\/www.urlaubcornwall.de\/blog\/\",\"name\":\"Urlaub &amp; Reisen\",\"description\":\"Urlaub, Reisen, Cornwall und S\u00fcdengland: eine perfekte Kombination\",\"potentialAction\":[{\"@type\":\"SearchAction\",\"target\":{\"@type\":\"EntryPoint\",\"urlTemplate\":\"https:\/\/www.urlaubcornwall.de\/blog\/?s={search_term_string}\"},\"query-input\":\"required name=search_term_string\"}],\"inLanguage\":\"en-US\"},{\"@type\":\"WebPage\",\"@id\":\"https:\/\/www.urlaubcornwall.de\/blog\/top-10-reisetipps-hampshire-die-sie-sehen-und-erleben-sollten\/\",\"url\":\"https:\/\/www.urlaubcornwall.de\/blog\/top-10-reisetipps-hampshire-die-sie-sehen-und-erleben-sollten\/\",\"name\":\"Top 10 Reisetipps Hampshire, S\u00fcdengland : die Sie sehen und erleben sollten - Urlaub &amp; Reisen\",\"isPartOf\":{\"@id\":\"https:\/\/www.urlaubcornwall.de\/blog\/#website\"},\"datePublished\":\"2015-08-13T15:36:54+00:00\",\"dateModified\":\"2024-05-30T09:21:09+00:00\",\"breadcrumb\":{\"@id\":\"https:\/\/www.urlaubcornwall.de\/blog\/top-10-reisetipps-hampshire-die-sie-sehen-und-erleben-sollten\/#breadcrumb\"},\"inLanguage\":\"en-US\",\"potentialAction\":[{\"@type\":\"ReadAction\",\"target\":[\"https:\/\/www.urlaubcornwall.de\/blog\/top-10-reisetipps-hampshire-die-sie-sehen-und-erleben-sollten\/\"]}]},{\"@type\":\"BreadcrumbList\",\"@id\":\"https:\/\/www.urlaubcornwall.de\/blog\/top-10-reisetipps-hampshire-die-sie-sehen-und-erleben-sollten\/#breadcrumb\",\"itemListElement\":[{\"@type\":\"ListItem\",\"position\":1,\"name\":\"Home\",\"item\":\"https:\/\/www.urlaubcornwall.de\/blog\/\"},{\"@type\":\"ListItem\",\"position\":2,\"name\":\"Top 10 Reisetipps Hampshire, S\u00fcdengland : die Sie sehen und erleben sollten\"}]}]}<\/script>\n<!-- \/ Yoast SEO plugin. -->","yoast_head_json":{"title":"Top 10 Reisetipps Hampshire, S\u00fcdengland : die Sie sehen und erleben sollten - Urlaub &amp; Reisen","robots":{"index":"index","follow":"follow","max-snippet":"max-snippet:-1","max-image-preview":"max-image-preview:large","max-video-preview":"max-video-preview:-1"},"canonical":"https:\/\/www.urlaubcornwall.de\/blog\/top-10-reisetipps-hampshire-die-sie-sehen-und-erleben-sollten\/","og_locale":"en_US","og_type":"article","og_title":"Top 10 Reisetipps Hampshire, S\u00fcdengland : die Sie sehen und erleben sollten - Urlaub &amp; Reisen","og_description":"Spinnaker Tower: 170 Meter \u00fcber dem Hafen von Portsmouth und dem Solent thronend, ist der Spinnaker Turm h\u00f6her als das London Eye, Blackpool Tower und Big Ben und ist bereits ein nationales Wahrzeichen Britanniens. Nehmen Sie den Expressaufzug zur ersten der 3 Aussichtsplattformen, von wo aus Sie einen umwerfenden Panoramablick haben werden. Wenn Sie mutig [&hellip;]","og_url":"https:\/\/www.urlaubcornwall.de\/blog\/top-10-reisetipps-hampshire-die-sie-sehen-und-erleben-sollten\/","og_site_name":"Urlaub &amp; Reisen","article_modified_time":"2024-05-30T09:21:09+00:00","og_image":[{"url":"https:\/\/www.urlaubcornwall.de\/blog\/wp-content\/uploads\/2024\/05\/Portsmouth-hafen.jpg"}],"twitter_card":"summary","twitter_misc":{"Est. reading time":"5 minutes"},"schema":{"@context":"https:\/\/schema.org","@graph":[{"@type":"WebSite","@id":"https:\/\/www.urlaubcornwall.de\/blog\/#website","url":"https:\/\/www.urlaubcornwall.de\/blog\/","name":"Urlaub &amp; Reisen","description":"Urlaub, Reisen, Cornwall und S\u00fcdengland: eine perfekte Kombination","potentialAction":[{"@type":"SearchAction","target":{"@type":"EntryPoint","urlTemplate":"https:\/\/www.urlaubcornwall.de\/blog\/?s={search_term_string}"},"query-input":"required name=search_term_string"}],"inLanguage":"en-US"},{"@type":"WebPage","@id":"https:\/\/www.urlaubcornwall.de\/blog\/top-10-reisetipps-hampshire-die-sie-sehen-und-erleben-sollten\/","url":"https:\/\/www.urlaubcornwall.de\/blog\/top-10-reisetipps-hampshire-die-sie-sehen-und-erleben-sollten\/","name":"Top 10 Reisetipps Hampshire, S\u00fcdengland : die Sie sehen und erleben sollten - Urlaub &amp; Reisen","isPartOf":{"@id":"https:\/\/www.urlaubcornwall.de\/blog\/#website"},"datePublished":"2015-08-13T15:36:54+00:00","dateModified":"2024-05-30T09:21:09+00:00","breadcrumb":{"@id":"https:\/\/www.urlaubcornwall.de\/blog\/top-10-reisetipps-hampshire-die-sie-sehen-und-erleben-sollten\/#breadcrumb"},"inLanguage":"en-US","potentialAction":[{"@type":"ReadAction","target":["https:\/\/www.urlaubcornwall.de\/blog\/top-10-reisetipps-hampshire-die-sie-sehen-und-erleben-sollten\/"]}]},{"@type":"BreadcrumbList","@id":"https:\/\/www.urlaubcornwall.de\/blog\/top-10-reisetipps-hampshire-die-sie-sehen-und-erleben-sollten\/#breadcrumb","itemListElement":[{"@type":"ListItem","position":1,"name":"Home","item":"https:\/\/www.urlaubcornwall.de\/blog\/"},{"@type":"ListItem","position":2,"name":"Top 10 Reisetipps Hampshire, S\u00fcdengland : die Sie sehen und erleben sollten"}]}]}},"_links":{"self":[{"href":"https:\/\/www.urlaubcornwall.de\/blog\/wp-json\/wp\/v2\/pages\/19444"}],"collection":[{"href":"https:\/\/www.urlaubcornwall.de\/blog\/wp-json\/wp\/v2\/pages"}],"about":[{"href":"https:\/\/www.urlaubcornwall.de\/blog\/wp-json\/wp\/v2\/types\/page"}],"author":[{"embeddable":true,"href":"https:\/\/www.urlaubcornwall.de\/blog\/wp-json\/wp\/v2\/users\/1"}],"replies":[{"embeddable":true,"href":"https:\/\/www.urlaubcornwall.de\/blog\/wp-json\/wp\/v2\/comments?post=19444"}],"version-history":[{"count":25,"href":"https:\/\/www.urlaubcornwall.de\/blog\/wp-json\/wp\/v2\/pages\/19444\/revisions"}],"predecessor-version":[{"id":50867,"href":"https:\/\/www.urlaubcornwall.de\/blog\/wp-json\/wp\/v2\/pages\/19444\/revisions\/50867"}],"wp:attachment":[{"href":"https:\/\/www.urlaubcornwall.de\/blog\/wp-json\/wp\/v2\/media?parent=19444"}],"curies":[{"name":"wp","href":"https:\/\/api.w.org\/{rel}","templated":true}]}}