{"id":19441,"date":"2015-08-13T15:31:30","date_gmt":"2015-08-13T15:31:30","guid":{"rendered":"https:\/\/www.urlaubcornwall.de\/blog\/?page_id=19441"},"modified":"2024-05-28T13:18:21","modified_gmt":"2024-05-28T13:18:21","slug":"top-10-reisetipps-kent-die-sie-sehen-und-erleben-sollten","status":"publish","type":"page","link":"https:\/\/www.urlaubcornwall.de\/blog\/top-10-reisetipps-kent-die-sie-sehen-und-erleben-sollten\/","title":{"rendered":"Top 10 Reisetipps Kent: die Sie sehen und erleben sollten"},"content":{"rendered":"<p><a href=\"https:\/\/www.urlaubcornwall.de\/blog\/wp-content\/uploads\/2015\/08\/leeds-schloss_1.jpg\"><img loading=\"lazy\" class=\"aligncenter size-full wp-image-19442\" src=\"https:\/\/www.urlaubcornwall.de\/blog\/wp-content\/uploads\/2015\/08\/leeds-schloss_1.jpg\" alt=\"leeds schloss\" width=\"748\" height=\"365\"\/><\/a><\/p>\n<p><strong>Leeds Castle: <\/strong>Schloss Leeds bei Maidstone, <a href=\"https:\/\/www.urlaubcornwall.de\/blog\/ferienhaeuser-und-ferienwohnungen-in-kent\/\">Kent<\/a> wurde beschrieben als \u201edie wundervollste Burg der Welt\u201c, und Besucher werden niemals die erste atemberaubende Erscheinung der Burg Leeds vergessen, die sich seit \u00fcber 900 Jahren majest\u00e4tisch vom Burggraben aus erhebt. Die Burg Leeds mit 500 Ar wundersch\u00f6ner Parkanlage und formellen G\u00e4rten, t\u00e4glichen Aktivit\u00e4ten, kostenfreien Flugschauen der Falknerei, besonderen Events und Attraktionen das ganze Jahr \u00fcber, ist eines der besten Ausflugsziele Kents und das ganze Jahr \u00fcber ge\u00f6ffnet.<\/p>\n<p><strong>Whitstable: <\/strong>Whitstable gleicht keiner anderen Stadt am Meer. Ihr traditioneller Charme, die starke Kunstkultur und reiche Seefahrtsgeschichte erg\u00e4nzen Whitstables moderne Anziehungskraft.<\/p>\n<p>Am ber\u00fchmtesten ist Whitstable f\u00fcr seine Austern, die nach wie vor einen wesenhaften Teil des Charakters dieser Meeresstadt ausmachen und in jedem Juli w\u00e4hrend des Austernfestes gefeiert werden. Austern und weitere Meeresdelikatessen k\u00f6nnen in Restaurants und Kneipen vor Ort genossen oder auch mit nach Hause genommen werden vom Frischfischmarkt am Hafen.<\/p>\n<p><strong>Wei\u00dfe Klippen von Dover: <\/strong>Zweifelsohne sind die Wei\u00dfen Klippen <a href=\"https:\/\/www.urlaubcornwall.de\/blog\/dover-kent-unterkunft-sehenswuerdigkeiten-und-geschichte\/\">Dovers<\/a> eine von Britanniens spektakul\u00e4rsten Naturerscheinungen. Sie sind ein offizielles Wahrzeichen Britanniens und seit Generationen ein Symbol f\u00fcr Hoffnung. Sie k\u00f6nnen ihre Sch\u00f6nheit erleben und ihre besondere Anziehung erfahren, indem Sie einen der dramatischsten Klippenwege des Landes \u00fcberhaupt entlang spazieren.<\/p>\n<div class=\"snippet\"> <a class=\"featured-item\" href=\"https:\/\/www.urlaubcornwall.de\/ferienhaeuser\/suedengland.php\"> <span class=\"image-holder\" style=\"background-image: url('https:\/\/www.urlaubcornwall.de\/blog\/wp-content\/uploads\/2018\/12\/ferienhaus-cornwall-mit-hund.jpg');\"><\/span> <span class=\"featured-content\"> \n<h2 class=\"featured-title\">Ferienh\u00e4user in Kent &#038; S\u00fcdengland<\/h2>\n<p class=\"featured-body\">Bei uns finden Sie Ferienh\u00e4user zum Verlieben &#8211; so einfach ist das! Dank seiner langen Geschichte, der reizvollen Landschaften und seinen vielen Attraktionen ist S\u00fcdengland ein wahres Mekka f\u00fcr Urlauber&#8230;..<\/p><\/span> <span class=\"featured-link-holder\"> <span class=\"featured-extra-info\"> \n<p>Pers\u00f6nlich inspizierter Ferienh\u00e4user<\/p>\n<\/span> \n<p class=\"featured-link\">DETAILS<\/p>\n<\/span> <\/a><\/div>\n<p><img loading=\"lazy\" class=\"aligncenter size-full wp-image-49408\" src=\"https:\/\/www.urlaubcornwall.de\/blog\/wp-content\/uploads\/2024\/04\/chartwell.jpg\" alt=\"chartwell\" width=\"750\" height=\"563\" srcset=\"https:\/\/www.urlaubcornwall.de\/blog\/wp-content\/uploads\/2024\/04\/chartwell.jpg 750w, https:\/\/www.urlaubcornwall.de\/blog\/wp-content\/uploads\/2024\/04\/chartwell-300x225.jpg 300w\" sizes=\"(max-width: 750px) 100vw, 750px\" \/><\/p>\n<p><strong>Chartwell: <\/strong>Chartwell bei Westerham war Zuhause und Ort der Inspiration f\u00fcr Sir Winston Churchill. Die R\u00e4umlichkeiten sind nahezu so erhalten, wie sie zu seinen Lebzeiten hier waren; mit Bildern, B\u00fcchern und pers\u00f6nlichen Mementos, die an die Karriere und weit gef\u00e4cherten Interessen eines gro\u00dfen Staatsmannes, Schriftstellers, Malers und Familienvaters erinnern. Die am H\u00fcgel gelegenen G\u00e4rten spiegeln Sir Winstons Liebe zur Landschaft und Natur wider.<\/p>\n<p><strong>K\u00f6nigliche Tunbridge Wells: <\/strong>Vor mehr als 400 Jahren stieg eine nat\u00fcrliche Quelle vom Grund empor. Diese wurde <a href=\"https:\/\/www.urlaubcornwall.de\/blog\/tunbridge-wells-der-weald-von-kent-unterkunft-sehenswuerdigkeiten-und-geschichte\/\">\u201eDie Tunbridge Quellen<\/a>\u201d genannt. Noch heute k\u00f6nnen Sie das einzigartige Heilwasser der Chalybeate Quelle in den h\u00fcbschen historischen Pantilen der K\u00f6niglichen Tunbridge Quellen probieren. Die Tunbridge Quellen bilden den perfekten Zwischenstopp zwischen London und der K\u00fcste, ob Sie nun mit dem Auto, Fahrrad oder Zug unterwegs sind.<\/p>\n<p><strong>Sissinghurst Schlossgarten: <\/strong>Der <a href=\"https:\/\/www.urlaubcornwall.de\/blog\/gaerten-schloesser-burgen-und-herrenhaeuser-in-kent\/\">Sissinghurst Schlossgarten<\/a> ist im Besitz und wird instandgehalten vom National Trust. Er ist einer der ber\u00fchmtesten G\u00e4rten Englands und denkmalgesch\u00fctzt. Der Sissinghurst Schlossgarten wurde in den 1930ern von Vita Sackville-West geschaffen, einer Dichterin und Gartenschriftstellerin, sowie ihrem Ehemann Harold Nicolson, einem Autor und Diplomaten.<\/p>\n<p><strong>Hever Castle: <\/strong>Da die Geschichte des Hever Castle 700 Jahre umfasst, ist sie reich und vielf\u00e4ltig. In der Burg verbrachte Anne Boleyn ihre Kindheit, die zweite Frau von K\u00f6nig Heinrich VIII., die f\u00fcr lediglich 1000 Tage K\u00f6nigin von England wurde. Das Schloss ist umgeben von einem Burggraben, und Besucher k\u00f6nnen durch den italienischen und den Tudorgarten streunen. Der Irrgarten ist besonders bei Kindern beliebt.<\/p>\n<p><strong>Bluewater: <\/strong>Falls Sie ein bisschen einkaufen m\u00f6chten, nehmen Sie sich einen Tag frei von Sehensw\u00fcrdigkeiten und besuchen Sie Bluewater. Mit mehr als 300 Gesch\u00e4ften, 60 Restaurants samt Unterhaltungsprogrammen, Kinos, Kinder- und Freizeitaktivit\u00e4ten, ist <em>Bluewater<\/em> bei Dartford Europas f\u00fchrender Einzelhandels- und Einkaufskomplex.<\/p>\n<p><strong>Shepherd Neame Brauereif\u00fchrung &#8211; Faversham: <\/strong>Nehmen Sie teil an einer F\u00fchrung durch Shepherd Neame \u2013 Britanniens \u00e4ltester Brauerei. Schauen Sie sich die traditionellen Kupferf\u00e4sser an; probieren Sie nat\u00fcrliches Mineralwasser aus der brauereieigenen Quelle oder etwas Gerstenmalz; riechen Sie \u00f6rtlich angebauten Hopfen Kents, bestaunen Sie Lieferw\u00e4gen aus vergangenen Zeiten und betreten Sie eine wiederhergestellte K\u00fcferei. Und schlie\u00dflich gibt es eine faszinierende betreute Kostprobe der Kentschen Biersorten.<\/p>\n<p><strong>Bedgebury National Pinetum und Wald: <\/strong>Der Bedgebury Wald bei Flimwell eignet sich ideal zum Radfahren, Wandern, Rennen und Reiten, Abenteuerspiele und&nbsp;Go Ape. Besuchen Sie den National Pinetum, eine Sammlung an weltfeinsten Koniferen und zudem perfekt f\u00fcr Spazierg\u00e4nge und Picknicks.<\/p>\n<p><a href=\"https:\/\/www.urlaubcornwall.de\/blog\/reisetipps-fuer-suedengland-unsere-top-10-sie-sie-sehen-und-erleben-sollten\/\"><strong>Reisetipps f\u00fcr S\u00fcdengland<\/strong><\/a>: unsere Top 10, sie Sie sehen und erleben sollten.<\/p>\n<div class=\"snippet\"> <a class=\"featured-item\" href=\"https:\/\/www.urlaubcornwall.de\/rundreisen\/cornwall-suedengland.php\"> <span class=\"image-holder\" style=\"background-image: url('https:\/\/www.urlaubcornwall.de\/blog\/wp-content\/uploads\/2019\/01\/DiTn0QVWsAIOgjG.jpg');\"><\/span> <span class=\"featured-content\"> \n<h2 class=\"featured-title\">Rundreisen Cornwall &#038; S\u00fcdengland eine perfekte Kombination<\/h2>\n<p class=\"featured-body\">Die perfekte Reisem\u00f6glichkeit und erm\u00f6glicht es Ihnen, Entdeckungen zu machen und einen Urlaub im eigenen Schritttempo&#8230;.<\/p><\/span> <span class=\"featured-link-holder\"> <span class=\"featured-extra-info\"> \n<p>F\u00fcr Paare, Familien &#038; Gruppen<\/p>\n<\/span> \n<p class=\"featured-link\">DETAILS<\/p>\n<\/span> <\/a><\/div>\n","protected":false},"excerpt":{"rendered":"<p>Leeds Castle: Schloss Leeds bei Maidstone, Kent wurde beschrieben als \u201edie wundervollste Burg der Welt\u201c, und Besucher werden niemals die erste atemberaubende Erscheinung der Burg Leeds vergessen, die sich seit \u00fcber 900 Jahren majest\u00e4tisch vom Burggraben aus erhebt. Die Burg Leeds mit 500 Ar wundersch\u00f6ner Parkanlage und formellen G\u00e4rten, t\u00e4glichen Aktivit\u00e4ten, kostenfreien Flugschauen der Falknerei, [&hellip;]<\/p>\n","protected":false},"author":1,"featured_media":0,"parent":0,"menu_order":0,"comment_status":"closed","ping_status":"closed","template":"single-four.php","meta":[],"acf":[],"yoast_head":"<!-- This site is optimized with the Yoast SEO plugin v19.4 - https:\/\/yoast.com\/wordpress\/plugins\/seo\/ -->\n<title>Top 10 Reisetipps Kent: die Sie sehen und erleben sollten - Urlaub &amp; Reisen<\/title>\n<meta name=\"robots\" content=\"index, follow, max-snippet:-1, max-image-preview:large, max-video-preview:-1\" \/>\n<link rel=\"canonical\" href=\"https:\/\/www.urlaubcornwall.de\/blog\/top-10-reisetipps-kent-die-sie-sehen-und-erleben-sollten\/\" \/>\n<meta property=\"og:locale\" content=\"en_US\" \/>\n<meta property=\"og:type\" content=\"article\" \/>\n<meta property=\"og:title\" content=\"Top 10 Reisetipps Kent: die Sie sehen und erleben sollten - Urlaub &amp; Reisen\" \/>\n<meta property=\"og:description\" content=\"Leeds Castle: Schloss Leeds bei Maidstone, Kent wurde beschrieben als \u201edie wundervollste Burg der Welt\u201c, und Besucher werden niemals die erste atemberaubende Erscheinung der Burg Leeds vergessen, die sich seit \u00fcber 900 Jahren majest\u00e4tisch vom Burggraben aus erhebt. Die Burg Leeds mit 500 Ar wundersch\u00f6ner Parkanlage und formellen G\u00e4rten, t\u00e4glichen Aktivit\u00e4ten, kostenfreien Flugschauen der Falknerei, [&hellip;]\" \/>\n<meta property=\"og:url\" content=\"https:\/\/www.urlaubcornwall.de\/blog\/top-10-reisetipps-kent-die-sie-sehen-und-erleben-sollten\/\" \/>\n<meta property=\"og:site_name\" content=\"Urlaub &amp; Reisen\" \/>\n<meta property=\"article:modified_time\" content=\"2024-05-28T13:18:21+00:00\" \/>\n<meta property=\"og:image\" content=\"https:\/\/www.urlaubcornwall.de\/blog\/wp-content\/uploads\/2015\/08\/leeds-schloss_1.jpg\" \/>\n<meta name=\"twitter:card\" content=\"summary\" \/>\n<meta name=\"twitter:label1\" content=\"Est. reading time\" \/>\n\t<meta name=\"twitter:data1\" content=\"4 minutes\" \/>\n<script type=\"application\/ld+json\" class=\"yoast-schema-graph\">{\"@context\":\"https:\/\/schema.org\",\"@graph\":[{\"@type\":\"WebSite\",\"@id\":\"https:\/\/www.urlaubcornwall.de\/blog\/#website\",\"url\":\"https:\/\/www.urlaubcornwall.de\/blog\/\",\"name\":\"Urlaub &amp; Reisen\",\"description\":\"Urlaub, Reisen, Cornwall und S\u00fcdengland: eine perfekte Kombination\",\"potentialAction\":[{\"@type\":\"SearchAction\",\"target\":{\"@type\":\"EntryPoint\",\"urlTemplate\":\"https:\/\/www.urlaubcornwall.de\/blog\/?s={search_term_string}\"},\"query-input\":\"required name=search_term_string\"}],\"inLanguage\":\"en-US\"},{\"@type\":\"WebPage\",\"@id\":\"https:\/\/www.urlaubcornwall.de\/blog\/top-10-reisetipps-kent-die-sie-sehen-und-erleben-sollten\/\",\"url\":\"https:\/\/www.urlaubcornwall.de\/blog\/top-10-reisetipps-kent-die-sie-sehen-und-erleben-sollten\/\",\"name\":\"Top 10 Reisetipps Kent: die Sie sehen und erleben sollten - Urlaub &amp; Reisen\",\"isPartOf\":{\"@id\":\"https:\/\/www.urlaubcornwall.de\/blog\/#website\"},\"datePublished\":\"2015-08-13T15:31:30+00:00\",\"dateModified\":\"2024-05-28T13:18:21+00:00\",\"breadcrumb\":{\"@id\":\"https:\/\/www.urlaubcornwall.de\/blog\/top-10-reisetipps-kent-die-sie-sehen-und-erleben-sollten\/#breadcrumb\"},\"inLanguage\":\"en-US\",\"potentialAction\":[{\"@type\":\"ReadAction\",\"target\":[\"https:\/\/www.urlaubcornwall.de\/blog\/top-10-reisetipps-kent-die-sie-sehen-und-erleben-sollten\/\"]}]},{\"@type\":\"BreadcrumbList\",\"@id\":\"https:\/\/www.urlaubcornwall.de\/blog\/top-10-reisetipps-kent-die-sie-sehen-und-erleben-sollten\/#breadcrumb\",\"itemListElement\":[{\"@type\":\"ListItem\",\"position\":1,\"name\":\"Home\",\"item\":\"https:\/\/www.urlaubcornwall.de\/blog\/\"},{\"@type\":\"ListItem\",\"position\":2,\"name\":\"Top 10 Reisetipps Kent: die Sie sehen und erleben sollten\"}]}]}<\/script>\n<!-- \/ Yoast SEO plugin. -->","yoast_head_json":{"title":"Top 10 Reisetipps Kent: die Sie sehen und erleben sollten - Urlaub &amp; Reisen","robots":{"index":"index","follow":"follow","max-snippet":"max-snippet:-1","max-image-preview":"max-image-preview:large","max-video-preview":"max-video-preview:-1"},"canonical":"https:\/\/www.urlaubcornwall.de\/blog\/top-10-reisetipps-kent-die-sie-sehen-und-erleben-sollten\/","og_locale":"en_US","og_type":"article","og_title":"Top 10 Reisetipps Kent: die Sie sehen und erleben sollten - Urlaub &amp; Reisen","og_description":"Leeds Castle: Schloss Leeds bei Maidstone, Kent wurde beschrieben als \u201edie wundervollste Burg der Welt\u201c, und Besucher werden niemals die erste atemberaubende Erscheinung der Burg Leeds vergessen, die sich seit \u00fcber 900 Jahren majest\u00e4tisch vom Burggraben aus erhebt. Die Burg Leeds mit 500 Ar wundersch\u00f6ner Parkanlage und formellen G\u00e4rten, t\u00e4glichen Aktivit\u00e4ten, kostenfreien Flugschauen der Falknerei, [&hellip;]","og_url":"https:\/\/www.urlaubcornwall.de\/blog\/top-10-reisetipps-kent-die-sie-sehen-und-erleben-sollten\/","og_site_name":"Urlaub &amp; Reisen","article_modified_time":"2024-05-28T13:18:21+00:00","og_image":[{"url":"https:\/\/www.urlaubcornwall.de\/blog\/wp-content\/uploads\/2015\/08\/leeds-schloss_1.jpg"}],"twitter_card":"summary","twitter_misc":{"Est. reading time":"4 minutes"},"schema":{"@context":"https:\/\/schema.org","@graph":[{"@type":"WebSite","@id":"https:\/\/www.urlaubcornwall.de\/blog\/#website","url":"https:\/\/www.urlaubcornwall.de\/blog\/","name":"Urlaub &amp; Reisen","description":"Urlaub, Reisen, Cornwall und S\u00fcdengland: eine perfekte Kombination","potentialAction":[{"@type":"SearchAction","target":{"@type":"EntryPoint","urlTemplate":"https:\/\/www.urlaubcornwall.de\/blog\/?s={search_term_string}"},"query-input":"required name=search_term_string"}],"inLanguage":"en-US"},{"@type":"WebPage","@id":"https:\/\/www.urlaubcornwall.de\/blog\/top-10-reisetipps-kent-die-sie-sehen-und-erleben-sollten\/","url":"https:\/\/www.urlaubcornwall.de\/blog\/top-10-reisetipps-kent-die-sie-sehen-und-erleben-sollten\/","name":"Top 10 Reisetipps Kent: die Sie sehen und erleben sollten - Urlaub &amp; Reisen","isPartOf":{"@id":"https:\/\/www.urlaubcornwall.de\/blog\/#website"},"datePublished":"2015-08-13T15:31:30+00:00","dateModified":"2024-05-28T13:18:21+00:00","breadcrumb":{"@id":"https:\/\/www.urlaubcornwall.de\/blog\/top-10-reisetipps-kent-die-sie-sehen-und-erleben-sollten\/#breadcrumb"},"inLanguage":"en-US","potentialAction":[{"@type":"ReadAction","target":["https:\/\/www.urlaubcornwall.de\/blog\/top-10-reisetipps-kent-die-sie-sehen-und-erleben-sollten\/"]}]},{"@type":"BreadcrumbList","@id":"https:\/\/www.urlaubcornwall.de\/blog\/top-10-reisetipps-kent-die-sie-sehen-und-erleben-sollten\/#breadcrumb","itemListElement":[{"@type":"ListItem","position":1,"name":"Home","item":"https:\/\/www.urlaubcornwall.de\/blog\/"},{"@type":"ListItem","position":2,"name":"Top 10 Reisetipps Kent: die Sie sehen und erleben sollten"}]}]}},"_links":{"self":[{"href":"https:\/\/www.urlaubcornwall.de\/blog\/wp-json\/wp\/v2\/pages\/19441"}],"collection":[{"href":"https:\/\/www.urlaubcornwall.de\/blog\/wp-json\/wp\/v2\/pages"}],"about":[{"href":"https:\/\/www.urlaubcornwall.de\/blog\/wp-json\/wp\/v2\/types\/page"}],"author":[{"embeddable":true,"href":"https:\/\/www.urlaubcornwall.de\/blog\/wp-json\/wp\/v2\/users\/1"}],"replies":[{"embeddable":true,"href":"https:\/\/www.urlaubcornwall.de\/blog\/wp-json\/wp\/v2\/comments?post=19441"}],"version-history":[{"count":27,"href":"https:\/\/www.urlaubcornwall.de\/blog\/wp-json\/wp\/v2\/pages\/19441\/revisions"}],"predecessor-version":[{"id":50406,"href":"https:\/\/www.urlaubcornwall.de\/blog\/wp-json\/wp\/v2\/pages\/19441\/revisions\/50406"}],"wp:attachment":[{"href":"https:\/\/www.urlaubcornwall.de\/blog\/wp-json\/wp\/v2\/media?parent=19441"}],"curies":[{"name":"wp","href":"https:\/\/api.w.org\/{rel}","templated":true}]}}