{"id":19438,"date":"2015-08-13T15:26:59","date_gmt":"2015-08-13T15:26:59","guid":{"rendered":"https:\/\/www.urlaubcornwall.de\/blog\/?page_id=19438"},"modified":"2026-01-06T16:50:53","modified_gmt":"2026-01-06T16:50:53","slug":"top-10-reisetipps-ostsussex-sie-sie-sehen-und-erleben-sollten","status":"publish","type":"page","link":"https:\/\/www.urlaubcornwall.de\/blog\/top-10-reisetipps-ostsussex-sie-sie-sehen-und-erleben-sollten\/","title":{"rendered":"Top 10 Reisetipps Ostsussex: die Sie sehen und erleben sollten"},"content":{"rendered":"<p><a href=\"https:\/\/www.urlaubcornwall.de\/blog\/wp-content\/uploads\/2024\/03\/sussex-strand.jpg\"><img loading=\"lazy\" src=\"https:\/\/www.urlaubcornwall.de\/blog\/wp-content\/uploads\/2024\/03\/sussex-strand.jpg\" alt=\"sussex strand\" width=\"750\" height=\"563\"\/><\/a><\/p>\n<p><strong>Birling Gap und die Sieben Schwestern: <\/strong>Die weltber\u00fchmten Sieben Schwestern Kalkklippen erstrecken sich zwischen Birling Gap bei <a href=\"https:\/\/www.urlaubcornwall.de\/blog\/urlaub-in-eastbourne-sussex-sehenswuerdigkeiten-unterkunft-und-geschichte\/\">Eastbourne<\/a> und Cuckmere Haven und ist eine der l\u00e4ngsten unber\u00fchrten K\u00fcstenstrecken der S\u00fcdk\u00fcste. Hier k\u00f6nnen Sie einen spektakul\u00e4ren Blick genie\u00dfen, Picknicks am Strand oder ruhige Spazierg\u00e4nge in uralter Kreidelandschaft, die reich ist an Schmetterlingen und Blumen.<\/p>\n<p><strong>Ditchling Beacon: <\/strong>Lediglich 10km n\u00f6rdlich von <a href=\"https:\/\/www.urlaubcornwall.de\/ferienhaeuser-fewos\/eng\/sussex\/brighton.html\">Brighton<\/a> und 248 Meter \u00fcber dem Meeresspiegel gelegen, ist Ditchling Beacon der <a href=\"https:\/\/www.urlaubcornwall.de\/reiseziel\/sussex.php\">h\u00f6chstgelegene Punkt von Ostsussex<\/a> und bietet einen Panoramarundblick. Unterhalb befindet sich das Dorf Ditchling mit seinen feinen Fachwerkh\u00e4usern, die K\u00fcnstler und Kunsthandwerker anziehen.<\/p>\n<p><strong>Bodiam Castle: <\/strong>Bodiam Castle ist eine mit Burggraben umgebene Burg des 14. Jahrhunderts bei Robertsbridge in Ostsussex. Sie wurde 1385 von Sir Edward Dalyngrigge erbaut, einem ehemaligen Ritter Edwards III mit der Erlaubnis Richards II. Sie sieht aus wie eine M\u00e4rchenburg, die sich aus einem friedvollen Flusstal heraus erhebt.<\/p>\n<p><a href=\"https:\/\/www.urlaubcornwall.de\/blog\/wp-content\/uploads\/2015\/08\/batemans-sussex.jpg\"><img loading=\"lazy\" class=\"aligncenter size-full wp-image-19485\" src=\"https:\/\/www.urlaubcornwall.de\/blog\/wp-content\/uploads\/2015\/08\/batemans-sussex.jpg\" alt=\"batemans sussex\" height=\"371\" width=\"748\" srcset=\"https:\/\/www.urlaubcornwall.de\/blog\/wp-content\/uploads\/2015\/08\/batemans-sussex.jpg 751w, https:\/\/www.urlaubcornwall.de\/blog\/wp-content\/uploads\/2015\/08\/batemans-sussex-300x148.jpg 300w\" sizes=\"(max-width: 748px) 100vw, 748px\" \/><\/a><\/p>\n<p><strong>Batemans: <\/strong>Batemans bei Burwash war das Zuhause von Rudyard Kipling. Umgeben von der bewaldeten Landschaft des <a href=\"https:\/\/www.urlaubcornwall.de\/blog\/reiseziel-sussex\/\">Sussex<\/a> Weald, war dieses Haus des 17. Jahrhunderts f\u00fcr den weltber\u00fchmten Schriftsteller ein notwendiger R\u00fcckzugsort.<\/p>\n<div class=\"snippet\"> <a class=\"featured-item\" href=\"https:\/\/www.urlaubcornwall.de\/ferienhaeuser\/suedengland.php\"> <span class=\"image-holder\" style=\"background-image: url('https:\/\/www.urlaubcornwall.de\/blog\/wp-content\/uploads\/2018\/12\/ferienhaus-cornwall-mit-hund.jpg');\"><\/span> <span class=\"featured-content\"> \n<h2 class=\"featured-title\">Ferienh\u00e4user in Sussex &#038; S\u00fcdengland<\/h2>\n<p class=\"featured-body\">Bei uns finden Sie Ferienh\u00e4user zum Verlieben &#8211; so einfach ist das! Dank seiner langen Geschichte, der reizvollen Landschaften und seinen vielen Attraktionen ist S\u00fcdengland ein wahres Mekka f\u00fcr Urlauber&#8230;..<\/p><\/span> <span class=\"featured-link-holder\"> <span class=\"featured-extra-info\"> \n<p>Pers\u00f6nlich inspizierter Ferienh\u00e4user<\/p>\n<\/span> \n<p class=\"featured-link\">DETAILS<\/p>\n<\/span> <\/a><\/div>\n<p>Die R\u00e4ume sind nahezu so erhalten, wie er sie verlassen hat; mit orientalischen Teppichen und Kunstwerken, die seine starke Verbindung mit dem Osten widerspiegeln. Kim war sein erstes Hauptschriftwerk, welches er in seinem Studierzimmer in Batemans schrieb und welches seine innigen Kindheitserinnerungen an Indien darstellt.<\/p>\n<p><a href=\"https:\/\/www.urlaubcornwall.de\/blog\/wp-content\/uploads\/2024\/03\/rye-sussex.jpg\"><img loading=\"lazy\" src=\"https:\/\/www.urlaubcornwall.de\/blog\/wp-content\/uploads\/2024\/03\/rye-sussex.jpg\" alt=\"rye sussex\" width=\"750\" height=\"486\" class=\"alignnone size-full wp-image-48046\" srcset=\"https:\/\/www.urlaubcornwall.de\/blog\/wp-content\/uploads\/2024\/03\/rye-sussex.jpg 750w, https:\/\/www.urlaubcornwall.de\/blog\/wp-content\/uploads\/2024\/03\/rye-sussex-300x194.jpg 300w\" sizes=\"(max-width: 750px) 100vw, 750px\" \/><\/a><\/p>\n<p><strong>Rye: <\/strong><a href=\"https:\/\/www.urlaubcornwall.de\/blog\/urlaub-in-rye-sussex-sehenswuerdigkeiten-unterkunft-und-geschichte\/\">Rye<\/a> ist eine der besterhaltendsten mittelalterlichen St\u00e4dte Englands und das Zuhause der entz\u00fcckenden Meeresjungfrauen Pflasterstra\u00dfe, der eindrucksvollen normannischen Kirche St Marys, einer breiten Auswahl an Spezialit\u00e4tengesch\u00e4ften und einer bl\u00fchenden Fischerflotte. Rye wurde Teil der m\u00e4chtigen F\u00fcnf H\u00e4fen Konf\u00f6deration, die zu Milit\u00e4r- und Handelszwecken im 12. Jahrhundert gebildet wurde.<\/p>\n<p><strong>Sheffield Park: <\/strong>Sheffield Park und Garten bei Uckfield stellen ein Kunstwerk des Gartenbaus dar, entstanden aus jahrhundertelangem Landschaftsdesign, beeinflusst von &#8216;Capability&#8217; Brown und Humphry Repton. Vier Seen bilden das Herz des Gartens mit Wegen durch die Lichtungen und bewaldeten Gebieten, die Sie umgeben. Neben den Landschaftsg\u00e4rten gibt es mehr als 250 Ar Parkanlagen mit Waldpfaden.<\/p>\n<p><img loading=\"lazy\" class=\"aligncenter size-full wp-image-48029\" src=\"https:\/\/www.urlaubcornwall.de\/blog\/wp-content\/uploads\/2024\/03\/pavillion-brighton.jpg\" alt=\"pavillion brighton\" width=\"750\" height=\"563\" srcset=\"https:\/\/www.urlaubcornwall.de\/blog\/wp-content\/uploads\/2024\/03\/pavillion-brighton.jpg 750w, https:\/\/www.urlaubcornwall.de\/blog\/wp-content\/uploads\/2024\/03\/pavillion-brighton-300x225.jpg 300w\" sizes=\"(max-width: 750px) 100vw, 750px\" \/><\/p>\n<p><strong>Brighton: <\/strong><a href=\"https:\/\/www.urlaubcornwall.de\/blog\/urlaub-in-brighton-sussex-sehenswuerdigkeiten-unterkunft-und-geschichte\/\">Brighton<\/a> wurde \u201cLondon am Meer\u201d genannt; es ist gro\u00df, gesch\u00e4ftig und bunt. Der weltber\u00fchmte Royal Pavillion, der zwischen 1815-1822 f\u00fcr den Prinzregenten erbaut wurde, ist Brightons bestbekanntes Wahrzeichen. The Lanes, ein Irrgarten an Stra\u00dfen mit Caf\u00e9s und Gesch\u00e4ften an der Strandpromenade bilden eine weitere beliebte Touristenattraktion. Mit dem Strand und dem Pier, dem Hafen, Theatern, Kunstausstellungen und Konzerten gibt es das ganze Jahr \u00fcber etwas f\u00fcr jedermann zu tun in Brighton.<\/p>\n<p><strong>Drusillas: <\/strong>Drusillas Park ist ein kleiner 10 Ar Zoo bei Alfriston in Ostsussex. Drusillas ist anerkannt als der beste kleine Zoo des Landes, und sie schufen dort eine tier- und kinderfreundliche Familienumgebung, wo stets Wert gelegt wird auf Selbstbeteiligung. Es ist der perfekte Ausflug f\u00fcr Familien mit kleinen Kindern.<\/p>\n<p><strong>Glyndebourne: <\/strong>Glyndebourne bei Lewes ist ein englisches Landhaus und seit 1934 Ort der j\u00e4hrlich stattfindenden Glyndebourne Opernfestspiele. Was die Opernwelt betrifft, so ist Glyndebourne einzigartig. Es wird weltweit als eines der gr\u00f6\u00dften Opernh\u00e4user anerkannt und bleibt dennoch eine sehr englische Einrichtung. Die Festspielzuh\u00f6rerschaft reist von weither an, und eine verl\u00e4ngerte Pause erm\u00f6glicht es ihnen, ein Abendessen einzunehmen. Viele bevorzugen ein Picknick im Garten. Einige sitzen auf Decken, andere bringen Tische, Kerzenhalter und K\u00fchlboxen. Nahezu jeder tr\u00e4gt Abendkleidung.<\/p>\n<p><strong>Ashdown Forest: <\/strong>Urspr\u00fcnglich ein Jagdgebiet zu normannischen Zeiten, ist der <a href=\"https:\/\/www.urlaubcornwall.de\/blog\/urlaub-ashdown-forest-sehenswuerdigkeiten-unterkunft-und-geschichte\/\">Ashdown Weald<\/a> heute einer der gr\u00f6\u00dften \u00f6ffentlich frei zug\u00e4nglichen Orte im S\u00fcdosten. Er ist gro\u00dfartig zum Wandern und bietet einen spektakul\u00e4ren Blick \u00fcber die Landschaft von Sussex und ist zudem weltbekannt als das Zuhause von Winnie-Pooh.<\/p>\n<div class=\"snippet\"> <a class=\"featured-item\" href=\"https:\/\/www.urlaubcornwall.de\/rundreisen\/cornwall-suedengland.php\"> <span class=\"image-holder\" style=\"background-image: url('https:\/\/www.urlaubcornwall.de\/blog\/wp-content\/uploads\/2019\/01\/DiTn0QVWsAIOgjG.jpg');\"><\/span> <span class=\"featured-content\"> \n<h2 class=\"featured-title\">Rundreisen Sussex &#038; S\u00fcdengland eine perfekte Kombination<\/h2>\n<p class=\"featured-body\">Die perfekte Reisem\u00f6glichkeit und erm\u00f6glicht es Ihnen, Entdeckungen zu machen und einen Urlaub im eigenen Schritttempo&#8230;.<\/p><\/span> <span class=\"featured-link-holder\"> <span class=\"featured-extra-info\"> \n<p>F\u00fcr Paare, Familien &#038; Gruppen<\/p>\n<\/span> \n<p class=\"featured-link\">DETAILS<\/p>\n<\/span> <\/a><\/div>\n<p><a href=\"https:\/\/www.urlaubcornwall.de\/blog\/reisetipps-fuer-suedengland-unsere-top-10-sie-sie-sehen-und-erleben-sollten\/\"><span style=\"text-decoration: underline;\"><strong>Reisetipps f\u00fcr S\u00fcdengland<\/strong><\/span><\/a>: unsere Top 10, sie Sie sehen und erleben sollten.<\/p>\n","protected":false},"excerpt":{"rendered":"<p>Birling Gap und die Sieben Schwestern: Die weltber\u00fchmten Sieben Schwestern Kalkklippen erstrecken sich zwischen Birling Gap bei Eastbourne und Cuckmere Haven und ist eine der l\u00e4ngsten unber\u00fchrten K\u00fcstenstrecken der S\u00fcdk\u00fcste. Hier k\u00f6nnen Sie einen spektakul\u00e4ren Blick genie\u00dfen, Picknicks am Strand oder ruhige Spazierg\u00e4nge in uralter Kreidelandschaft, die reich ist an Schmetterlingen und Blumen. Ditchling Beacon: [&hellip;]<\/p>\n","protected":false},"author":1,"featured_media":0,"parent":0,"menu_order":0,"comment_status":"closed","ping_status":"closed","template":"single-four.php","meta":[],"acf":[],"yoast_head":"<!-- This site is optimized with the Yoast SEO plugin v19.4 - https:\/\/yoast.com\/wordpress\/plugins\/seo\/ -->\n<title>Top 10 Reisetipps Ostsussex: die Sie sehen und erleben sollten - Urlaub &amp; Reisen<\/title>\n<meta name=\"robots\" content=\"index, follow, max-snippet:-1, max-image-preview:large, max-video-preview:-1\" \/>\n<link rel=\"canonical\" href=\"https:\/\/www.urlaubcornwall.de\/blog\/top-10-reisetipps-ostsussex-sie-sie-sehen-und-erleben-sollten\/\" \/>\n<meta property=\"og:locale\" content=\"en_US\" \/>\n<meta property=\"og:type\" content=\"article\" \/>\n<meta property=\"og:title\" content=\"Top 10 Reisetipps Ostsussex: die Sie sehen und erleben sollten - Urlaub &amp; Reisen\" \/>\n<meta property=\"og:description\" content=\"Birling Gap und die Sieben Schwestern: Die weltber\u00fchmten Sieben Schwestern Kalkklippen erstrecken sich zwischen Birling Gap bei Eastbourne und Cuckmere Haven und ist eine der l\u00e4ngsten unber\u00fchrten K\u00fcstenstrecken der S\u00fcdk\u00fcste. Hier k\u00f6nnen Sie einen spektakul\u00e4ren Blick genie\u00dfen, Picknicks am Strand oder ruhige Spazierg\u00e4nge in uralter Kreidelandschaft, die reich ist an Schmetterlingen und Blumen. Ditchling Beacon: [&hellip;]\" \/>\n<meta property=\"og:url\" content=\"https:\/\/www.urlaubcornwall.de\/blog\/top-10-reisetipps-ostsussex-sie-sie-sehen-und-erleben-sollten\/\" \/>\n<meta property=\"og:site_name\" content=\"Urlaub &amp; Reisen\" \/>\n<meta property=\"article:modified_time\" content=\"2026-01-06T16:50:53+00:00\" \/>\n<meta property=\"og:image\" content=\"https:\/\/www.urlaubcornwall.de\/blog\/wp-content\/uploads\/2024\/03\/sussex-strand.jpg\" \/>\n<meta name=\"twitter:card\" content=\"summary\" \/>\n<meta name=\"twitter:label1\" content=\"Est. reading time\" \/>\n\t<meta name=\"twitter:data1\" content=\"4 minutes\" \/>\n<script type=\"application\/ld+json\" class=\"yoast-schema-graph\">{\"@context\":\"https:\/\/schema.org\",\"@graph\":[{\"@type\":\"WebSite\",\"@id\":\"https:\/\/www.urlaubcornwall.de\/blog\/#website\",\"url\":\"https:\/\/www.urlaubcornwall.de\/blog\/\",\"name\":\"Urlaub &amp; Reisen\",\"description\":\"Urlaub, Reisen, Cornwall und S\u00fcdengland: eine perfekte Kombination\",\"potentialAction\":[{\"@type\":\"SearchAction\",\"target\":{\"@type\":\"EntryPoint\",\"urlTemplate\":\"https:\/\/www.urlaubcornwall.de\/blog\/?s={search_term_string}\"},\"query-input\":\"required name=search_term_string\"}],\"inLanguage\":\"en-US\"},{\"@type\":\"WebPage\",\"@id\":\"https:\/\/www.urlaubcornwall.de\/blog\/top-10-reisetipps-ostsussex-sie-sie-sehen-und-erleben-sollten\/\",\"url\":\"https:\/\/www.urlaubcornwall.de\/blog\/top-10-reisetipps-ostsussex-sie-sie-sehen-und-erleben-sollten\/\",\"name\":\"Top 10 Reisetipps Ostsussex: die Sie sehen und erleben sollten - Urlaub &amp; Reisen\",\"isPartOf\":{\"@id\":\"https:\/\/www.urlaubcornwall.de\/blog\/#website\"},\"datePublished\":\"2015-08-13T15:26:59+00:00\",\"dateModified\":\"2026-01-06T16:50:53+00:00\",\"breadcrumb\":{\"@id\":\"https:\/\/www.urlaubcornwall.de\/blog\/top-10-reisetipps-ostsussex-sie-sie-sehen-und-erleben-sollten\/#breadcrumb\"},\"inLanguage\":\"en-US\",\"potentialAction\":[{\"@type\":\"ReadAction\",\"target\":[\"https:\/\/www.urlaubcornwall.de\/blog\/top-10-reisetipps-ostsussex-sie-sie-sehen-und-erleben-sollten\/\"]}]},{\"@type\":\"BreadcrumbList\",\"@id\":\"https:\/\/www.urlaubcornwall.de\/blog\/top-10-reisetipps-ostsussex-sie-sie-sehen-und-erleben-sollten\/#breadcrumb\",\"itemListElement\":[{\"@type\":\"ListItem\",\"position\":1,\"name\":\"Home\",\"item\":\"https:\/\/www.urlaubcornwall.de\/blog\/\"},{\"@type\":\"ListItem\",\"position\":2,\"name\":\"Top 10 Reisetipps Ostsussex: die Sie sehen und erleben sollten\"}]}]}<\/script>\n<!-- \/ Yoast SEO plugin. -->","yoast_head_json":{"title":"Top 10 Reisetipps Ostsussex: die Sie sehen und erleben sollten - Urlaub &amp; Reisen","robots":{"index":"index","follow":"follow","max-snippet":"max-snippet:-1","max-image-preview":"max-image-preview:large","max-video-preview":"max-video-preview:-1"},"canonical":"https:\/\/www.urlaubcornwall.de\/blog\/top-10-reisetipps-ostsussex-sie-sie-sehen-und-erleben-sollten\/","og_locale":"en_US","og_type":"article","og_title":"Top 10 Reisetipps Ostsussex: die Sie sehen und erleben sollten - Urlaub &amp; Reisen","og_description":"Birling Gap und die Sieben Schwestern: Die weltber\u00fchmten Sieben Schwestern Kalkklippen erstrecken sich zwischen Birling Gap bei Eastbourne und Cuckmere Haven und ist eine der l\u00e4ngsten unber\u00fchrten K\u00fcstenstrecken der S\u00fcdk\u00fcste. Hier k\u00f6nnen Sie einen spektakul\u00e4ren Blick genie\u00dfen, Picknicks am Strand oder ruhige Spazierg\u00e4nge in uralter Kreidelandschaft, die reich ist an Schmetterlingen und Blumen. Ditchling Beacon: [&hellip;]","og_url":"https:\/\/www.urlaubcornwall.de\/blog\/top-10-reisetipps-ostsussex-sie-sie-sehen-und-erleben-sollten\/","og_site_name":"Urlaub &amp; Reisen","article_modified_time":"2026-01-06T16:50:53+00:00","og_image":[{"url":"https:\/\/www.urlaubcornwall.de\/blog\/wp-content\/uploads\/2024\/03\/sussex-strand.jpg"}],"twitter_card":"summary","twitter_misc":{"Est. reading time":"4 minutes"},"schema":{"@context":"https:\/\/schema.org","@graph":[{"@type":"WebSite","@id":"https:\/\/www.urlaubcornwall.de\/blog\/#website","url":"https:\/\/www.urlaubcornwall.de\/blog\/","name":"Urlaub &amp; Reisen","description":"Urlaub, Reisen, Cornwall und S\u00fcdengland: eine perfekte Kombination","potentialAction":[{"@type":"SearchAction","target":{"@type":"EntryPoint","urlTemplate":"https:\/\/www.urlaubcornwall.de\/blog\/?s={search_term_string}"},"query-input":"required name=search_term_string"}],"inLanguage":"en-US"},{"@type":"WebPage","@id":"https:\/\/www.urlaubcornwall.de\/blog\/top-10-reisetipps-ostsussex-sie-sie-sehen-und-erleben-sollten\/","url":"https:\/\/www.urlaubcornwall.de\/blog\/top-10-reisetipps-ostsussex-sie-sie-sehen-und-erleben-sollten\/","name":"Top 10 Reisetipps Ostsussex: die Sie sehen und erleben sollten - Urlaub &amp; Reisen","isPartOf":{"@id":"https:\/\/www.urlaubcornwall.de\/blog\/#website"},"datePublished":"2015-08-13T15:26:59+00:00","dateModified":"2026-01-06T16:50:53+00:00","breadcrumb":{"@id":"https:\/\/www.urlaubcornwall.de\/blog\/top-10-reisetipps-ostsussex-sie-sie-sehen-und-erleben-sollten\/#breadcrumb"},"inLanguage":"en-US","potentialAction":[{"@type":"ReadAction","target":["https:\/\/www.urlaubcornwall.de\/blog\/top-10-reisetipps-ostsussex-sie-sie-sehen-und-erleben-sollten\/"]}]},{"@type":"BreadcrumbList","@id":"https:\/\/www.urlaubcornwall.de\/blog\/top-10-reisetipps-ostsussex-sie-sie-sehen-und-erleben-sollten\/#breadcrumb","itemListElement":[{"@type":"ListItem","position":1,"name":"Home","item":"https:\/\/www.urlaubcornwall.de\/blog\/"},{"@type":"ListItem","position":2,"name":"Top 10 Reisetipps Ostsussex: die Sie sehen und erleben sollten"}]}]}},"_links":{"self":[{"href":"https:\/\/www.urlaubcornwall.de\/blog\/wp-json\/wp\/v2\/pages\/19438"}],"collection":[{"href":"https:\/\/www.urlaubcornwall.de\/blog\/wp-json\/wp\/v2\/pages"}],"about":[{"href":"https:\/\/www.urlaubcornwall.de\/blog\/wp-json\/wp\/v2\/types\/page"}],"author":[{"embeddable":true,"href":"https:\/\/www.urlaubcornwall.de\/blog\/wp-json\/wp\/v2\/users\/1"}],"replies":[{"embeddable":true,"href":"https:\/\/www.urlaubcornwall.de\/blog\/wp-json\/wp\/v2\/comments?post=19438"}],"version-history":[{"count":27,"href":"https:\/\/www.urlaubcornwall.de\/blog\/wp-json\/wp\/v2\/pages\/19438\/revisions"}],"predecessor-version":[{"id":51983,"href":"https:\/\/www.urlaubcornwall.de\/blog\/wp-json\/wp\/v2\/pages\/19438\/revisions\/51983"}],"wp:attachment":[{"href":"https:\/\/www.urlaubcornwall.de\/blog\/wp-json\/wp\/v2\/media?parent=19438"}],"curies":[{"name":"wp","href":"https:\/\/api.w.org\/{rel}","templated":true}]}}