{"id":19435,"date":"2015-08-13T15:19:21","date_gmt":"2015-08-13T15:19:21","guid":{"rendered":"https:\/\/www.urlaubcornwall.de\/blog\/?page_id=19435"},"modified":"2026-01-06T16:50:33","modified_gmt":"2026-01-06T16:50:33","slug":"top-10-reisetipps-devon-die-sie-unbedingt-erleben-und-sehen-sollten","status":"publish","type":"page","link":"https:\/\/www.urlaubcornwall.de\/blog\/top-10-reisetipps-devon-die-sie-unbedingt-erleben-und-sehen-sollten\/","title":{"rendered":"Top 10 Reisetipps Devon: die Sie unbedingt erleben und sehen sollten"},"content":{"rendered":"<p><a href=\"https:\/\/www.urlaubcornwall.de\/blog\/wp-content\/uploads\/2015\/08\/Plymouth-Hoe_740.jpg\"><img loading=\"lazy\" class=\"aligncenter size-full wp-image-19436\" src=\"https:\/\/www.urlaubcornwall.de\/blog\/wp-content\/uploads\/2015\/08\/Plymouth-Hoe_740.jpg\" alt=\"Plymouth Hoe, Urlaub Devon\" width=\"748\" height=\"454\"\/><\/a><\/p>\n<p><strong>Plymouth: <\/strong>Plymouth in <a href=\"https:\/\/www.urlaubcornwall.de\/reiseziel\/devon.php\">Devon<\/a> ist eine der gr\u00f6\u00dften St\u00e4dte mit einer Geschichte der Seefahrt. Das ber\u00fchmte Hoe befindet sich \u00fcber der atemberaubenden Vista Richtung <a href=\"https:\/\/www.urlaubcornwall.de\/blog\/urlaub-plymouth-unterkunft-sehenswuerdigkeiten-und-geschichte\/\">Plymouth<\/a> Sound und Drakes Island. Das Barbican Gebiet der Altstadt besteht aus faszinierenden engen Str\u00e4\u00dfchen und Gassen. Es gibt einen gesch\u00e4ftigen Fischerhafen und Yachthafen mit zahlreichen ausgezeichneten Kneipen und Restaurants.<\/p>\n<p><strong>Exeter: <\/strong>Exeter erhebt sich vom Fluss Exe und wird dominiert von den Zwillingst\u00fcrmen seiner Kathedrale des 14. Jahrhunderts. <a href=\"https:\/\/www.urlaubcornwall.de\/blog\/urlaub-exeter-unterkunft-sehenswuerdigkeiten-und-geschichte\/\">Exeter<\/a> verf\u00fcgt \u00fcber mehr Geschichte als jede andere Stadt der Region; war sie doch der r\u00f6mische Hauptsitz des S\u00fcdwestens. Es ist eine kompakte Stadt und leicht begehbar, bietet dem Besucher zudem eine Vielzahl an Restaurants, Gesch\u00e4ften und Kneipen.<\/p>\n<p><a href=\"https:\/\/www.urlaubcornwall.de\/blog\/wp-content\/uploads\/2015\/08\/dartmoor.jpg\"><img loading=\"lazy\" class=\"aligncenter size-full wp-image-19495\" src=\"https:\/\/www.urlaubcornwall.de\/blog\/wp-content\/uploads\/2015\/08\/dartmoor.jpg\" alt=\"dartmoor\" width=\"748\" height=\"388\"\/><\/a><\/p>\n<p><strong>Dartmoor: <\/strong>Dartmoor ist S\u00fcdenglands gr\u00f6\u00dfte Ausdehnung an Wildnis. <a href=\"https:\/\/www.urlaubcornwall.de\/blog\/urlaub-dartmoor-unterkunft-sehenswuerdigkeiten-und-geschichte\/\">Der Nationalpark<\/a> umfasst ein Gebiet von 945 Quadratkilometern. Die Hauptst\u00e4dte sind Okehampton und Tavistock. Das Moorland ist abgelegen und doch erreichbar, wild und zerkl\u00fcftet, und dennoch mit friedvollen bewaldeten T\u00e4lern; eine Landschaft faszinierender Extreme.<\/p>\n<div class=\"snippet\"> <a class=\"featured-item\" href=\"https:\/\/www.urlaubcornwall.de\/ferienhaeuser\/suedengland.php\"> <span class=\"image-holder\" style=\"background-image: url('https:\/\/www.urlaubcornwall.de\/blog\/wp-content\/uploads\/2024\/03\/ferienhaus-england-cornwall.jpg');\"><\/span> <span class=\"featured-content\"> \n<h2 class=\"featured-title\">Ferienh\u00e4user in Devon &#038; S\u00fcdengland<\/h2>\n<p class=\"featured-body\">Bei uns finden Sie Ferienh\u00e4user zum Verlieben &#8211; so einfach ist das! Dank seiner langen Geschichte, der reizvollen Landschaften und seinen vielen Attraktionen ist S\u00fcdengland ein wahres Mekka f\u00fcr Urlauber&#8230;..<\/p><\/span> <span class=\"featured-link-holder\"> <span class=\"featured-extra-info\"> \n<p>Pers\u00f6nlich inspizierter Ferienh\u00e4user<\/p>\n<\/span> \n<p class=\"featured-link\">DETAILS<\/p>\n<\/span> <\/a><\/div>\n<p><strong>National Marine Aquarium: <\/strong>Das National Marine Aquarium in Plymouth, Devon, ist das gr\u00f6\u00dfte Aquarium des Vereinigten K\u00f6nigreichs und versetzt Besucher in Erstaunen mit einer faszinierenden Unterwasserwelt reich an Meeresleben, einschlie\u00dflich mehr als 70 Haien 10 verschiedener Arten, Mur\u00e4nen und Seepferdchen.<\/p>\n<p><strong>Widecombe- in \u2013the- Moor: <\/strong>Dieses idyllische Dorf liegt im Dartmoor und ist bekannt f\u00fcr seinen Spitzkirchturm, der ein prominentes Wahrzeichen darstellt.<\/p>\n<p><a href=\"https:\/\/www.urlaubcornwall.de\/blog\/wp-content\/uploads\/2024\/03\/Woolacombe.jpg\"><img loading=\"lazy\" src=\"https:\/\/www.urlaubcornwall.de\/blog\/wp-content\/uploads\/2024\/03\/Woolacombe.jpg\" alt=\"Woolacombe\" width=\"750\" height=\"422\" class=\"alignnone size-full wp-image-48149\" srcset=\"https:\/\/www.urlaubcornwall.de\/blog\/wp-content\/uploads\/2024\/03\/Woolacombe.jpg 750w, https:\/\/www.urlaubcornwall.de\/blog\/wp-content\/uploads\/2024\/03\/Woolacombe-300x169.jpg 300w\" sizes=\"(max-width: 750px) 100vw, 750px\" \/><\/a><\/p>\n<p><strong>Woolacombe Bay: <\/strong>Die Woolacombe Bucht hat einen der ber\u00fchmtesten Surfstr\u00e4nde des Westens. Es ist auch beliebt bei Familien und Nicht-Surfern, und die Sandd\u00fcnen eignen sich hervorragend f\u00fcr Erkundungen.<\/p>\n<p><strong>Lydford Gorge: <\/strong>Lydford Gorge befindet sich ungef\u00e4hr 1,6 km au\u00dferhalb des Dorfes Lydford im Dartmoor. Die dramatische Flussschlucht ist die tiefste im S\u00fcdwesten, bietet eine Vielzahl an abenteuerlichen Spazierg\u00e4ngen und erm\u00f6glicht eine wahrhaft atemberaubende Erfahrung. Der Fluss Lyd wirbelt, st\u00fcrzt, flie\u00dft und schl\u00e4ngelt sich sanft dahin auf seiner Reise durchs Tal, bis er 30 Meter den Whitelady (Wei\u00dfe Dame) Wasserfall hinabst\u00fcrzt in eine turbulente H\u00f6hle, die Teufelstopf genannt wird.<\/p>\n<p><strong>Lundy: <\/strong>Lundy ist eine 5km lange Insel vor der K\u00fcste Devons im Bristolkanal. Sie ist autofrei und reich an Naturleben, ein Meeresschutzgebiet. Sie ist bekannt f\u00fcr ihre Papageientaucher, die auf der Insel leben und woher auch der Name stammt (von lunde, altnordisch f\u00fcr Papageientaucher). Nehmen Sie ab Ende M\u00e4rz bis Ende Oktober die F\u00e4hre MS Oldenberg von Bideford oder <a href=\"https:\/\/www.urlaubcornwall.de\/blog\/ilfracombe-nord-devon-sehenswuerdigkeiten-unterkunft-und-geschichte\/\">Ilfracombe<\/a>.<\/p>\n<p><strong>Barnstaple Pannier Markt: <\/strong>Dieser \u00fcberdachte Markt im Stadtzentrum ist der bekannteste von Devons Pannierm\u00e4rkten, so benannt, da H\u00e4ndler ihre Waren in K\u00f6rben oder Satteltaschen brachten. Auf diesen M\u00e4rkten finden Sie Antiquit\u00e4ten, Kunsthandwerk, \u00f6rtliche Produkte, Haushaltsgegenst\u00e4nde und Kleidung.<\/p>\n<p><a href=\"https:\/\/www.urlaubcornwall.de\/blog\/wp-content\/uploads\/2024\/03\/Powderham-Castle.jpg\"><img loading=\"lazy\" src=\"https:\/\/www.urlaubcornwall.de\/blog\/wp-content\/uploads\/2024\/03\/Powderham-Castle.jpg\" alt=\"Powderham-Castle\" width=\"750\" height=\"500\" class=\"alignnone size-full wp-image-48170\" srcset=\"https:\/\/www.urlaubcornwall.de\/blog\/wp-content\/uploads\/2024\/03\/Powderham-Castle.jpg 750w, https:\/\/www.urlaubcornwall.de\/blog\/wp-content\/uploads\/2024\/03\/Powderham-Castle-300x200.jpg 300w\" sizes=\"(max-width: 750px) 100vw, 750px\" \/><\/a><br \/>\n<strong>Powderham Castle: <\/strong>Powderham Castle befindet sich in einer einzigartigen, malerischen Lage au\u00dferhalb Exeters, neben der Exe Flussm\u00fcndung. Sechshundert Jahre Geschichte befinden sich innerhalb der W\u00e4nde eines von Englands \u00e4ltesten Familienwohnsitzen. Sir Philip Courtenay begann 1391 mit dem Bau, und es ist bis zum heutigen Tage im Familienbesitz geblieben, derzeit das Zuhause des 18. Earl &amp; Countess von Devon.<\/p>\n<p><strong>The Tarka Line: <\/strong>Die Tarka Bahnstrecke ist eine von Britanniens malerischsten Eisenbahnstrecken und verl\u00e4uft zwischen Exeter und Barnstaple, den sanften Flusst\u00e4lern Yeo und Taw folgend. Dies ist eine ideale und malerische M\u00f6glichkeit, Barnstaple, die Hauptstadt Norddevons, zu besuchen, oder auch um die gro\u00dfartige Kathedralenstadt Exeter zu erreichen.<\/p>\n<div class=\"snippet\"> <a class=\"featured-item\" href=\"https:\/\/www.urlaubcornwall.de\/rundreisen\/cornwall-suedengland.php\"> <span class=\"image-holder\" style=\"background-image: url('https:\/\/www.urlaubcornwall.de\/blog\/wp-content\/uploads\/2019\/01\/DiTn0QVWsAIOgjG.jpg');\"><\/span> <span class=\"featured-content\"> \n<h2 class=\"featured-title\">Rundreisen Devon &#038; S\u00fcdengland eine perfekte Kombination<\/h2>\n<p class=\"featured-body\">Die perfekte Reisem\u00f6glichkeit und erm\u00f6glicht es Ihnen, Entdeckungen zu machen und einen Urlaub im eigenen Schritttempo&#8230;.<\/p><\/span> <span class=\"featured-link-holder\"> <span class=\"featured-extra-info\"> \n<p>F\u00fcr Paare, Familien &#038; Gruppen<\/p>\n<\/span> \n<p class=\"featured-link\">DETAILS<\/p>\n<\/span> <\/a><\/div>\n<p><iframe loading=\"lazy\" src=\"https:\/\/www.google.com\/maps\/d\/u\/0\/embed?mid=zPZ6ttwx7pSg.kqLVEdHiawg4\" width=\"640\" height=\"480\"><\/iframe><\/p>\n<p><a href=\"https:\/\/www.urlaubcornwall.de\/blog\/reisetipps-fuer-suedengland-unsere-top-10-sie-sie-sehen-und-erleben-sollten\/\"><span style=\"text-decoration: underline;\"><strong>Reisetipps f\u00fcr S\u00fcdengland<\/strong><\/span><\/a>: unsere Top 10, sie Sie sehen und erleben sollten.<\/p>\n","protected":false},"excerpt":{"rendered":"<p>Plymouth: Plymouth in Devon ist eine der gr\u00f6\u00dften St\u00e4dte mit einer Geschichte der Seefahrt. Das ber\u00fchmte Hoe befindet sich \u00fcber der atemberaubenden Vista Richtung Plymouth Sound und Drakes Island. Das Barbican Gebiet der Altstadt besteht aus faszinierenden engen Str\u00e4\u00dfchen und Gassen. Es gibt einen gesch\u00e4ftigen Fischerhafen und Yachthafen mit zahlreichen ausgezeichneten Kneipen und Restaurants. Exeter: [&hellip;]<\/p>\n","protected":false},"author":1,"featured_media":0,"parent":0,"menu_order":0,"comment_status":"closed","ping_status":"closed","template":"single-four.php","meta":[],"acf":[],"yoast_head":"<!-- This site is optimized with the Yoast SEO plugin v19.4 - https:\/\/yoast.com\/wordpress\/plugins\/seo\/ -->\n<title>Top 10 Reisetipps Devon: die Sie unbedingt erleben und sehen sollten - Urlaub &amp; Reisen<\/title>\n<meta name=\"robots\" content=\"index, follow, max-snippet:-1, max-image-preview:large, max-video-preview:-1\" \/>\n<link rel=\"canonical\" href=\"https:\/\/www.urlaubcornwall.de\/blog\/top-10-reisetipps-devon-die-sie-unbedingt-erleben-und-sehen-sollten\/\" \/>\n<meta property=\"og:locale\" content=\"en_US\" \/>\n<meta property=\"og:type\" content=\"article\" \/>\n<meta property=\"og:title\" content=\"Top 10 Reisetipps Devon: die Sie unbedingt erleben und sehen sollten - Urlaub &amp; Reisen\" \/>\n<meta property=\"og:description\" content=\"Plymouth: Plymouth in Devon ist eine der gr\u00f6\u00dften St\u00e4dte mit einer Geschichte der Seefahrt. Das ber\u00fchmte Hoe befindet sich \u00fcber der atemberaubenden Vista Richtung Plymouth Sound und Drakes Island. Das Barbican Gebiet der Altstadt besteht aus faszinierenden engen Str\u00e4\u00dfchen und Gassen. Es gibt einen gesch\u00e4ftigen Fischerhafen und Yachthafen mit zahlreichen ausgezeichneten Kneipen und Restaurants. Exeter: [&hellip;]\" \/>\n<meta property=\"og:url\" content=\"https:\/\/www.urlaubcornwall.de\/blog\/top-10-reisetipps-devon-die-sie-unbedingt-erleben-und-sehen-sollten\/\" \/>\n<meta property=\"og:site_name\" content=\"Urlaub &amp; Reisen\" \/>\n<meta property=\"article:modified_time\" content=\"2026-01-06T16:50:33+00:00\" \/>\n<meta property=\"og:image\" content=\"https:\/\/www.urlaubcornwall.de\/blog\/wp-content\/uploads\/2015\/08\/Plymouth-Hoe_740.jpg\" \/>\n<meta name=\"twitter:card\" content=\"summary\" \/>\n<meta name=\"twitter:label1\" content=\"Est. reading time\" \/>\n\t<meta name=\"twitter:data1\" content=\"4 minutes\" \/>\n<script type=\"application\/ld+json\" class=\"yoast-schema-graph\">{\"@context\":\"https:\/\/schema.org\",\"@graph\":[{\"@type\":\"WebSite\",\"@id\":\"https:\/\/www.urlaubcornwall.de\/blog\/#website\",\"url\":\"https:\/\/www.urlaubcornwall.de\/blog\/\",\"name\":\"Urlaub &amp; Reisen\",\"description\":\"Urlaub, Reisen, Cornwall und S\u00fcdengland: eine perfekte Kombination\",\"potentialAction\":[{\"@type\":\"SearchAction\",\"target\":{\"@type\":\"EntryPoint\",\"urlTemplate\":\"https:\/\/www.urlaubcornwall.de\/blog\/?s={search_term_string}\"},\"query-input\":\"required name=search_term_string\"}],\"inLanguage\":\"en-US\"},{\"@type\":\"WebPage\",\"@id\":\"https:\/\/www.urlaubcornwall.de\/blog\/top-10-reisetipps-devon-die-sie-unbedingt-erleben-und-sehen-sollten\/\",\"url\":\"https:\/\/www.urlaubcornwall.de\/blog\/top-10-reisetipps-devon-die-sie-unbedingt-erleben-und-sehen-sollten\/\",\"name\":\"Top 10 Reisetipps Devon: die Sie unbedingt erleben und sehen sollten - Urlaub &amp; Reisen\",\"isPartOf\":{\"@id\":\"https:\/\/www.urlaubcornwall.de\/blog\/#website\"},\"datePublished\":\"2015-08-13T15:19:21+00:00\",\"dateModified\":\"2026-01-06T16:50:33+00:00\",\"breadcrumb\":{\"@id\":\"https:\/\/www.urlaubcornwall.de\/blog\/top-10-reisetipps-devon-die-sie-unbedingt-erleben-und-sehen-sollten\/#breadcrumb\"},\"inLanguage\":\"en-US\",\"potentialAction\":[{\"@type\":\"ReadAction\",\"target\":[\"https:\/\/www.urlaubcornwall.de\/blog\/top-10-reisetipps-devon-die-sie-unbedingt-erleben-und-sehen-sollten\/\"]}]},{\"@type\":\"BreadcrumbList\",\"@id\":\"https:\/\/www.urlaubcornwall.de\/blog\/top-10-reisetipps-devon-die-sie-unbedingt-erleben-und-sehen-sollten\/#breadcrumb\",\"itemListElement\":[{\"@type\":\"ListItem\",\"position\":1,\"name\":\"Home\",\"item\":\"https:\/\/www.urlaubcornwall.de\/blog\/\"},{\"@type\":\"ListItem\",\"position\":2,\"name\":\"Top 10 Reisetipps Devon: die Sie unbedingt erleben und sehen sollten\"}]}]}<\/script>\n<!-- \/ Yoast SEO plugin. -->","yoast_head_json":{"title":"Top 10 Reisetipps Devon: die Sie unbedingt erleben und sehen sollten - Urlaub &amp; Reisen","robots":{"index":"index","follow":"follow","max-snippet":"max-snippet:-1","max-image-preview":"max-image-preview:large","max-video-preview":"max-video-preview:-1"},"canonical":"https:\/\/www.urlaubcornwall.de\/blog\/top-10-reisetipps-devon-die-sie-unbedingt-erleben-und-sehen-sollten\/","og_locale":"en_US","og_type":"article","og_title":"Top 10 Reisetipps Devon: die Sie unbedingt erleben und sehen sollten - Urlaub &amp; Reisen","og_description":"Plymouth: Plymouth in Devon ist eine der gr\u00f6\u00dften St\u00e4dte mit einer Geschichte der Seefahrt. Das ber\u00fchmte Hoe befindet sich \u00fcber der atemberaubenden Vista Richtung Plymouth Sound und Drakes Island. Das Barbican Gebiet der Altstadt besteht aus faszinierenden engen Str\u00e4\u00dfchen und Gassen. Es gibt einen gesch\u00e4ftigen Fischerhafen und Yachthafen mit zahlreichen ausgezeichneten Kneipen und Restaurants. Exeter: [&hellip;]","og_url":"https:\/\/www.urlaubcornwall.de\/blog\/top-10-reisetipps-devon-die-sie-unbedingt-erleben-und-sehen-sollten\/","og_site_name":"Urlaub &amp; Reisen","article_modified_time":"2026-01-06T16:50:33+00:00","og_image":[{"url":"https:\/\/www.urlaubcornwall.de\/blog\/wp-content\/uploads\/2015\/08\/Plymouth-Hoe_740.jpg"}],"twitter_card":"summary","twitter_misc":{"Est. reading time":"4 minutes"},"schema":{"@context":"https:\/\/schema.org","@graph":[{"@type":"WebSite","@id":"https:\/\/www.urlaubcornwall.de\/blog\/#website","url":"https:\/\/www.urlaubcornwall.de\/blog\/","name":"Urlaub &amp; Reisen","description":"Urlaub, Reisen, Cornwall und S\u00fcdengland: eine perfekte Kombination","potentialAction":[{"@type":"SearchAction","target":{"@type":"EntryPoint","urlTemplate":"https:\/\/www.urlaubcornwall.de\/blog\/?s={search_term_string}"},"query-input":"required name=search_term_string"}],"inLanguage":"en-US"},{"@type":"WebPage","@id":"https:\/\/www.urlaubcornwall.de\/blog\/top-10-reisetipps-devon-die-sie-unbedingt-erleben-und-sehen-sollten\/","url":"https:\/\/www.urlaubcornwall.de\/blog\/top-10-reisetipps-devon-die-sie-unbedingt-erleben-und-sehen-sollten\/","name":"Top 10 Reisetipps Devon: die Sie unbedingt erleben und sehen sollten - Urlaub &amp; Reisen","isPartOf":{"@id":"https:\/\/www.urlaubcornwall.de\/blog\/#website"},"datePublished":"2015-08-13T15:19:21+00:00","dateModified":"2026-01-06T16:50:33+00:00","breadcrumb":{"@id":"https:\/\/www.urlaubcornwall.de\/blog\/top-10-reisetipps-devon-die-sie-unbedingt-erleben-und-sehen-sollten\/#breadcrumb"},"inLanguage":"en-US","potentialAction":[{"@type":"ReadAction","target":["https:\/\/www.urlaubcornwall.de\/blog\/top-10-reisetipps-devon-die-sie-unbedingt-erleben-und-sehen-sollten\/"]}]},{"@type":"BreadcrumbList","@id":"https:\/\/www.urlaubcornwall.de\/blog\/top-10-reisetipps-devon-die-sie-unbedingt-erleben-und-sehen-sollten\/#breadcrumb","itemListElement":[{"@type":"ListItem","position":1,"name":"Home","item":"https:\/\/www.urlaubcornwall.de\/blog\/"},{"@type":"ListItem","position":2,"name":"Top 10 Reisetipps Devon: die Sie unbedingt erleben und sehen sollten"}]}]}},"_links":{"self":[{"href":"https:\/\/www.urlaubcornwall.de\/blog\/wp-json\/wp\/v2\/pages\/19435"}],"collection":[{"href":"https:\/\/www.urlaubcornwall.de\/blog\/wp-json\/wp\/v2\/pages"}],"about":[{"href":"https:\/\/www.urlaubcornwall.de\/blog\/wp-json\/wp\/v2\/types\/page"}],"author":[{"embeddable":true,"href":"https:\/\/www.urlaubcornwall.de\/blog\/wp-json\/wp\/v2\/users\/1"}],"replies":[{"embeddable":true,"href":"https:\/\/www.urlaubcornwall.de\/blog\/wp-json\/wp\/v2\/comments?post=19435"}],"version-history":[{"count":23,"href":"https:\/\/www.urlaubcornwall.de\/blog\/wp-json\/wp\/v2\/pages\/19435\/revisions"}],"predecessor-version":[{"id":51982,"href":"https:\/\/www.urlaubcornwall.de\/blog\/wp-json\/wp\/v2\/pages\/19435\/revisions\/51982"}],"wp:attachment":[{"href":"https:\/\/www.urlaubcornwall.de\/blog\/wp-json\/wp\/v2\/media?parent=19435"}],"curies":[{"name":"wp","href":"https:\/\/api.w.org\/{rel}","templated":true}]}}