{"id":19385,"date":"2015-07-14T10:50:47","date_gmt":"2015-07-14T10:50:47","guid":{"rendered":"https:\/\/www.urlaubcornwall.de\/blog\/?page_id=19385"},"modified":"2015-07-14T10:56:05","modified_gmt":"2015-07-14T10:56:05","slug":"rosamunde-pilcher-dreharbeiten-im-geevor-zinnbergwerk","status":"publish","type":"page","link":"https:\/\/www.urlaubcornwall.de\/blog\/rosamunde-pilcher-dreharbeiten-im-geevor-zinnbergwerk\/","title":{"rendered":"Rosamunde Pilcher &#8211; Dreharbeiten im Geevor Zinnbergwerk"},"content":{"rendered":"<p>Am 22. Juni 2015 war es endlich soweit, und wir hie\u00dfen FFPNewMedia willkommen. <a href=\"https:\/\/www.urlaubcornwall.de\/blog\/geevor-zinn-bergwerk\/\"><span style=\"text-decoration: underline;\"><strong>Geevor<\/strong><\/span><\/a> spielt eine Hauptrolle in einem der j\u00fcngsten Filmprojekte, die auf Geschichten von Rosamunde Pilcher basieren. Die Szenen, die hier im Bergwerk gedreht wurden, werden im Herbst im ZDF ausgestrahlt werden \u2013 unter dem Titel \u201eLiebe Diebe \u2013 oder \u2013 Liebe verj\u00e4hrt nicht\u201c. Zeitgleich werden wir hier im Geevor Werk eine Ausstellung zu den Dreharbeiten haben.<\/p>\n<p><a href=\"https:\/\/www.urlaubcornwall.de\/blog\/wp-content\/uploads\/2015\/07\/P1010972_1.jpg\"><img loading=\"lazy\" class=\"aligncenter size-full wp-image-19386\" src=\"https:\/\/www.urlaubcornwall.de\/blog\/wp-content\/uploads\/2015\/07\/P1010972_1.jpg\" alt=\"Geschichten von Rosamunde Pilcher \" width=\"745\" height=\"361\" srcset=\"https:\/\/www.urlaubcornwall.de\/blog\/wp-content\/uploads\/2015\/07\/P1010972_1.jpg 745w, https:\/\/www.urlaubcornwall.de\/blog\/wp-content\/uploads\/2015\/07\/P1010972_1-300x145.jpg 300w\" sizes=\"(max-width: 745px) 100vw, 745px\" \/><\/a><\/p>\n<p>Es ist erstaunlich, was so alles dranh\u00e4ngt an einer Filmproduktion \u2013 und dies lediglich f\u00fcr ein paar sehr kurze Szenen \u2013 Lastwagen voller Lichtequipment, Kost\u00fcme, Makeup&#8230;.kamen nach und nach am fr\u00fchen Morgen hier an, samt einer Mannschaft von ungef\u00e4hr 40 Personen.<\/p>\n<p><a href=\"https:\/\/www.urlaubcornwall.de\/blog\/wp-content\/uploads\/2015\/07\/P1020039_1.jpg\"><img loading=\"lazy\" class=\"aligncenter size-full wp-image-19387\" src=\"https:\/\/www.urlaubcornwall.de\/blog\/wp-content\/uploads\/2015\/07\/P1020039_1.jpg\" alt=\"P1020039_1\" width=\"746\" height=\"412\" srcset=\"https:\/\/www.urlaubcornwall.de\/blog\/wp-content\/uploads\/2015\/07\/P1020039_1.jpg 746w, https:\/\/www.urlaubcornwall.de\/blog\/wp-content\/uploads\/2015\/07\/P1020039_1-300x166.jpg 300w\" sizes=\"(max-width: 746px) 100vw, 746px\" \/><\/a><\/p>\n<p>Filmdirektor ist Marco Serafini \u2013 wohl bekannt in Deutschland und dar\u00fcber hinaus durch Verfilmungen wie K\u00fcstenwache, Polizeiruf 110, Utta Danella, Barbara Wood, Kommisar Rex.<\/p>\n<p><a href=\"https:\/\/www.urlaubcornwall.de\/blog\/wp-content\/uploads\/2015\/07\/P1010989_1.jpg\"><img loading=\"lazy\" class=\"aligncenter size-full wp-image-19388\" src=\"https:\/\/www.urlaubcornwall.de\/blog\/wp-content\/uploads\/2015\/07\/P1010989_1.jpg\" alt=\"\" width=\"745\" height=\"422\" srcset=\"https:\/\/www.urlaubcornwall.de\/blog\/wp-content\/uploads\/2015\/07\/P1010989_1.jpg 745w, https:\/\/www.urlaubcornwall.de\/blog\/wp-content\/uploads\/2015\/07\/P1010989_1-300x170.jpg 300w\" sizes=\"(max-width: 745px) 100vw, 745px\" \/><\/a>F\u00fcr die Szenen hier hatten wir die \u00fcberaus beliebten deutschen Schauspieler und Musiker Michael Fitz und seinen Sohn Emanuel hier vor Ort.<\/p>\n<h2 style=\"text-align: center;\">Rosamunde Pilcher<\/h2>\n<div id=\"attachment_19393\" style=\"width: 754px\" class=\"wp-caption aligncenter\"><a href=\"https:\/\/www.urlaubcornwall.de\/blog\/wp-content\/uploads\/2015\/07\/EmilyWhitfield-Wicks-18-08-13-Rosamunde-03_11.jpg\"><img aria-describedby=\"caption-attachment-19393\" loading=\"lazy\" class=\"size-full wp-image-19393\" src=\"https:\/\/www.urlaubcornwall.de\/blog\/wp-content\/uploads\/2015\/07\/EmilyWhitfield-Wicks-18-08-13-Rosamunde-03_11.jpg\" alt=\"Rosamunde Pilcher\" width=\"744\" height=\"411\" srcset=\"https:\/\/www.urlaubcornwall.de\/blog\/wp-content\/uploads\/2015\/07\/EmilyWhitfield-Wicks-18-08-13-Rosamunde-03_11.jpg 744w, https:\/\/www.urlaubcornwall.de\/blog\/wp-content\/uploads\/2015\/07\/EmilyWhitfield-Wicks-18-08-13-Rosamunde-03_11-300x166.jpg 300w\" sizes=\"(max-width: 744px) 100vw, 744px\" \/><\/a><p id=\"caption-attachment-19393\" class=\"wp-caption-text\">Photograph by Emily Whitfield-Wicks<\/p><\/div>\n<p><strong>Rosamunde Scott<\/strong> wurde am 22. September 1924 in Lelant bei St.Ives geboren. Sie besuchte die Schule in Penzance. Im Dezember 1946 heiratete sie Graham Hope Pilcher. Die beiden zogen nach Dundee in Schottland, wo Rosamunde noch immer lebt. Sie hatten zwei T\u00f6chter und zwei S\u00f6hne.<\/p>\n<p>Rosamunde Pilcher wurde im Jahre 2002 mit dem britischen Tourismuspreis ausgezeichnet aufgrund der positiven Auswirkungen, die ihre B\u00fccher und Fernsehadaptionen auf den Tourismus in Cornwall und Devon hatten.<\/p>\n","protected":false},"excerpt":{"rendered":"<p>Am 22. Juni 2015 war es endlich soweit, und wir hie\u00dfen FFPNewMedia willkommen. Geevor spielt eine Hauptrolle in einem der j\u00fcngsten Filmprojekte, die auf Geschichten von Rosamunde Pilcher basieren. Die Szenen, die hier im Bergwerk gedreht wurden, werden im Herbst im ZDF ausgestrahlt werden \u2013 unter dem Titel \u201eLiebe Diebe \u2013 oder \u2013 Liebe verj\u00e4hrt [&hellip;]<\/p>\n","protected":false},"author":1,"featured_media":0,"parent":0,"menu_order":0,"comment_status":"closed","ping_status":"closed","template":"single-four.php","meta":[],"acf":[],"yoast_head":"<!-- This site is optimized with the Yoast SEO plugin v19.4 - https:\/\/yoast.com\/wordpress\/plugins\/seo\/ -->\n<title>Rosamunde Pilcher - Dreharbeiten im Geevor Zinnbergwerk - Urlaub &amp; Reisen<\/title>\n<meta name=\"robots\" content=\"index, follow, max-snippet:-1, max-image-preview:large, max-video-preview:-1\" \/>\n<link rel=\"canonical\" href=\"https:\/\/www.urlaubcornwall.de\/blog\/rosamunde-pilcher-dreharbeiten-im-geevor-zinnbergwerk\/\" \/>\n<meta property=\"og:locale\" content=\"en_US\" \/>\n<meta property=\"og:type\" content=\"article\" \/>\n<meta property=\"og:title\" content=\"Rosamunde Pilcher - Dreharbeiten im Geevor Zinnbergwerk - Urlaub &amp; Reisen\" \/>\n<meta property=\"og:description\" content=\"Am 22. Juni 2015 war es endlich soweit, und wir hie\u00dfen FFPNewMedia willkommen. Geevor spielt eine Hauptrolle in einem der j\u00fcngsten Filmprojekte, die auf Geschichten von Rosamunde Pilcher basieren. Die Szenen, die hier im Bergwerk gedreht wurden, werden im Herbst im ZDF ausgestrahlt werden \u2013 unter dem Titel \u201eLiebe Diebe \u2013 oder \u2013 Liebe verj\u00e4hrt [&hellip;]\" \/>\n<meta property=\"og:url\" content=\"https:\/\/www.urlaubcornwall.de\/blog\/rosamunde-pilcher-dreharbeiten-im-geevor-zinnbergwerk\/\" \/>\n<meta property=\"og:site_name\" content=\"Urlaub &amp; Reisen\" \/>\n<meta property=\"article:modified_time\" content=\"2015-07-14T10:56:05+00:00\" \/>\n<meta property=\"og:image\" content=\"https:\/\/www.urlaubcornwall.de\/blog\/wp-content\/uploads\/2015\/07\/P1010972_1.jpg\" \/>\n<meta name=\"twitter:card\" content=\"summary\" \/>\n<meta name=\"twitter:label1\" content=\"Est. reading time\" \/>\n\t<meta name=\"twitter:data1\" content=\"1 minute\" \/>\n<script type=\"application\/ld+json\" class=\"yoast-schema-graph\">{\"@context\":\"https:\/\/schema.org\",\"@graph\":[{\"@type\":\"WebSite\",\"@id\":\"https:\/\/www.urlaubcornwall.de\/blog\/#website\",\"url\":\"https:\/\/www.urlaubcornwall.de\/blog\/\",\"name\":\"Urlaub &amp; Reisen\",\"description\":\"Urlaub, Reisen, Cornwall und S\u00fcdengland: eine perfekte Kombination\",\"potentialAction\":[{\"@type\":\"SearchAction\",\"target\":{\"@type\":\"EntryPoint\",\"urlTemplate\":\"https:\/\/www.urlaubcornwall.de\/blog\/?s={search_term_string}\"},\"query-input\":\"required name=search_term_string\"}],\"inLanguage\":\"en-US\"},{\"@type\":\"WebPage\",\"@id\":\"https:\/\/www.urlaubcornwall.de\/blog\/rosamunde-pilcher-dreharbeiten-im-geevor-zinnbergwerk\/\",\"url\":\"https:\/\/www.urlaubcornwall.de\/blog\/rosamunde-pilcher-dreharbeiten-im-geevor-zinnbergwerk\/\",\"name\":\"Rosamunde Pilcher - Dreharbeiten im Geevor Zinnbergwerk - Urlaub &amp; Reisen\",\"isPartOf\":{\"@id\":\"https:\/\/www.urlaubcornwall.de\/blog\/#website\"},\"datePublished\":\"2015-07-14T10:50:47+00:00\",\"dateModified\":\"2015-07-14T10:56:05+00:00\",\"breadcrumb\":{\"@id\":\"https:\/\/www.urlaubcornwall.de\/blog\/rosamunde-pilcher-dreharbeiten-im-geevor-zinnbergwerk\/#breadcrumb\"},\"inLanguage\":\"en-US\",\"potentialAction\":[{\"@type\":\"ReadAction\",\"target\":[\"https:\/\/www.urlaubcornwall.de\/blog\/rosamunde-pilcher-dreharbeiten-im-geevor-zinnbergwerk\/\"]}]},{\"@type\":\"BreadcrumbList\",\"@id\":\"https:\/\/www.urlaubcornwall.de\/blog\/rosamunde-pilcher-dreharbeiten-im-geevor-zinnbergwerk\/#breadcrumb\",\"itemListElement\":[{\"@type\":\"ListItem\",\"position\":1,\"name\":\"Home\",\"item\":\"https:\/\/www.urlaubcornwall.de\/blog\/\"},{\"@type\":\"ListItem\",\"position\":2,\"name\":\"Rosamunde Pilcher &#8211; Dreharbeiten im Geevor Zinnbergwerk\"}]}]}<\/script>\n<!-- \/ Yoast SEO plugin. -->","yoast_head_json":{"title":"Rosamunde Pilcher - Dreharbeiten im Geevor Zinnbergwerk - Urlaub &amp; Reisen","robots":{"index":"index","follow":"follow","max-snippet":"max-snippet:-1","max-image-preview":"max-image-preview:large","max-video-preview":"max-video-preview:-1"},"canonical":"https:\/\/www.urlaubcornwall.de\/blog\/rosamunde-pilcher-dreharbeiten-im-geevor-zinnbergwerk\/","og_locale":"en_US","og_type":"article","og_title":"Rosamunde Pilcher - Dreharbeiten im Geevor Zinnbergwerk - Urlaub &amp; Reisen","og_description":"Am 22. Juni 2015 war es endlich soweit, und wir hie\u00dfen FFPNewMedia willkommen. Geevor spielt eine Hauptrolle in einem der j\u00fcngsten Filmprojekte, die auf Geschichten von Rosamunde Pilcher basieren. Die Szenen, die hier im Bergwerk gedreht wurden, werden im Herbst im ZDF ausgestrahlt werden \u2013 unter dem Titel \u201eLiebe Diebe \u2013 oder \u2013 Liebe verj\u00e4hrt [&hellip;]","og_url":"https:\/\/www.urlaubcornwall.de\/blog\/rosamunde-pilcher-dreharbeiten-im-geevor-zinnbergwerk\/","og_site_name":"Urlaub &amp; Reisen","article_modified_time":"2015-07-14T10:56:05+00:00","og_image":[{"url":"https:\/\/www.urlaubcornwall.de\/blog\/wp-content\/uploads\/2015\/07\/P1010972_1.jpg"}],"twitter_card":"summary","twitter_misc":{"Est. reading time":"1 minute"},"schema":{"@context":"https:\/\/schema.org","@graph":[{"@type":"WebSite","@id":"https:\/\/www.urlaubcornwall.de\/blog\/#website","url":"https:\/\/www.urlaubcornwall.de\/blog\/","name":"Urlaub &amp; Reisen","description":"Urlaub, Reisen, Cornwall und S\u00fcdengland: eine perfekte Kombination","potentialAction":[{"@type":"SearchAction","target":{"@type":"EntryPoint","urlTemplate":"https:\/\/www.urlaubcornwall.de\/blog\/?s={search_term_string}"},"query-input":"required name=search_term_string"}],"inLanguage":"en-US"},{"@type":"WebPage","@id":"https:\/\/www.urlaubcornwall.de\/blog\/rosamunde-pilcher-dreharbeiten-im-geevor-zinnbergwerk\/","url":"https:\/\/www.urlaubcornwall.de\/blog\/rosamunde-pilcher-dreharbeiten-im-geevor-zinnbergwerk\/","name":"Rosamunde Pilcher - Dreharbeiten im Geevor Zinnbergwerk - Urlaub &amp; Reisen","isPartOf":{"@id":"https:\/\/www.urlaubcornwall.de\/blog\/#website"},"datePublished":"2015-07-14T10:50:47+00:00","dateModified":"2015-07-14T10:56:05+00:00","breadcrumb":{"@id":"https:\/\/www.urlaubcornwall.de\/blog\/rosamunde-pilcher-dreharbeiten-im-geevor-zinnbergwerk\/#breadcrumb"},"inLanguage":"en-US","potentialAction":[{"@type":"ReadAction","target":["https:\/\/www.urlaubcornwall.de\/blog\/rosamunde-pilcher-dreharbeiten-im-geevor-zinnbergwerk\/"]}]},{"@type":"BreadcrumbList","@id":"https:\/\/www.urlaubcornwall.de\/blog\/rosamunde-pilcher-dreharbeiten-im-geevor-zinnbergwerk\/#breadcrumb","itemListElement":[{"@type":"ListItem","position":1,"name":"Home","item":"https:\/\/www.urlaubcornwall.de\/blog\/"},{"@type":"ListItem","position":2,"name":"Rosamunde Pilcher &#8211; Dreharbeiten im Geevor Zinnbergwerk"}]}]}},"_links":{"self":[{"href":"https:\/\/www.urlaubcornwall.de\/blog\/wp-json\/wp\/v2\/pages\/19385"}],"collection":[{"href":"https:\/\/www.urlaubcornwall.de\/blog\/wp-json\/wp\/v2\/pages"}],"about":[{"href":"https:\/\/www.urlaubcornwall.de\/blog\/wp-json\/wp\/v2\/types\/page"}],"author":[{"embeddable":true,"href":"https:\/\/www.urlaubcornwall.de\/blog\/wp-json\/wp\/v2\/users\/1"}],"replies":[{"embeddable":true,"href":"https:\/\/www.urlaubcornwall.de\/blog\/wp-json\/wp\/v2\/comments?post=19385"}],"version-history":[{"count":5,"href":"https:\/\/www.urlaubcornwall.de\/blog\/wp-json\/wp\/v2\/pages\/19385\/revisions"}],"predecessor-version":[{"id":19395,"href":"https:\/\/www.urlaubcornwall.de\/blog\/wp-json\/wp\/v2\/pages\/19385\/revisions\/19395"}],"wp:attachment":[{"href":"https:\/\/www.urlaubcornwall.de\/blog\/wp-json\/wp\/v2\/media?parent=19385"}],"curies":[{"name":"wp","href":"https:\/\/api.w.org\/{rel}","templated":true}]}}