{"id":19335,"date":"2015-07-02T13:01:19","date_gmt":"2015-07-02T13:01:19","guid":{"rendered":"https:\/\/www.urlaubcornwall.de\/blog\/?page_id=19335"},"modified":"2018-11-29T10:55:02","modified_gmt":"2018-11-29T10:55:02","slug":"the-quarterdeck-am-the-nare-hotel-in-der-naehe-truro-roseland-peninsula","status":"publish","type":"page","link":"https:\/\/www.urlaubcornwall.de\/blog\/the-quarterdeck-am-the-nare-hotel-in-der-naehe-truro-roseland-peninsula\/","title":{"rendered":"Quarterdeck Restaurant am The Nare Hotel in der N\u00e4he Truro, Roseland Halbinsel."},"content":{"rendered":"<p>Das Quarterdeck Restaurant befindet sich am Meer, am The Nare Hotel, einem von <a href=\"https:\/\/www.booking.com\/searchresults.en.html?region=1685&amp;nflt=ht_id%253D204%253Bht_id%253D206%253Bht_id%253D223%253Bclass%253D3%253Bclass%253D4%253Bclass%253D5&amp;aid=1320750&amp;no_rooms=1&amp;group_adults=2&amp;room1=A%2CA\">Cornwalls feinsten Hotels der Roseland Halbinsel<\/a>. Mit spektakul\u00e4rem Meeresblick \u00fcber die Gerrans Bucht ist das Quarterdeck der perfekte Ort, um Familie und Freunde zu einem entspannten Mittagessen oder einem stilvollen Abendmahl zu treffen. Es besticht mit seinem klassischen Jachtdekor, windgesch\u00fctzter Terrasse und hervorragenden Speisen aus den feinsten Zutaten \u00f6rtlichen Anbaus als Basis der Men\u00fcs. \u00d6rtliche Bauern wurden immer schon unterst\u00fctzt, und so haben sie sich auf \u00f6rtlich aufgezogenes Rind und frischeste, \u00f6rtlich gefischte Meeresspeisen spezialisiert, wie auch jahreszeitlich entsprechendes Gem\u00fcse und Obst. Der Weinkeller des Nare ist sehr umfangreich mit Weinen der gesamten Welt, ausgew\u00e4hlt und eingelegt vom Besitzer Toby Ashworth.<\/p>\n<p>Das Quarterdeck ist t\u00e4glich von 10 Uhr ge\u00f6ffnet und serviert morgendlichen Kaffee, leichte Mittagsmahlzeiten, Nachmittagstee und ein a la carte Men\u00fc am Abend.<\/p>\n<p>Machen Sie einen Tagesausflug in diesen besonderen Teil Cornwalls; spazieren Sie den K\u00fcstenweg entlang und genie\u00dfen Sie den spektakul\u00e4ren Blick oder schlendern Sie einfach \u00fcber den sch\u00f6nen Carne Strand und nehmen Sie ein Mittag- oder Abendessen im Quarterdeck ein.<\/p>\n\n<p><iframe loading=\"lazy\" src=\"https:\/\/www.google.com\/maps\/d\/embed?mid=zPZ6ttwx7pSg.ky4mtHSDr4E8\" width=\"710\" height=\"510\"><\/iframe><\/p>\n\n","protected":false},"excerpt":{"rendered":"<p>Das Quarterdeck Restaurant befindet sich am Meer, am The Nare Hotel, einem von Cornwalls feinsten Hotels der Roseland Halbinsel. Mit spektakul\u00e4rem Meeresblick \u00fcber die Gerrans Bucht ist das Quarterdeck der perfekte Ort, um Familie und Freunde zu einem entspannten Mittagessen oder einem stilvollen Abendmahl zu treffen. Es besticht mit seinem klassischen Jachtdekor, windgesch\u00fctzter Terrasse und [&hellip;]<\/p>\n","protected":false},"author":1,"featured_media":0,"parent":0,"menu_order":0,"comment_status":"closed","ping_status":"closed","template":"single-three.php","meta":[],"acf":[],"yoast_head":"<!-- This site is optimized with the Yoast SEO plugin v19.4 - https:\/\/yoast.com\/wordpress\/plugins\/seo\/ -->\n<title>Quarterdeck Restaurant am The Nare Hotel in der N\u00e4he Truro, Roseland Halbinsel. - Urlaub &amp; Reisen<\/title>\n<meta name=\"robots\" content=\"index, follow, max-snippet:-1, max-image-preview:large, max-video-preview:-1\" \/>\n<link rel=\"canonical\" href=\"https:\/\/www.urlaubcornwall.de\/blog\/the-quarterdeck-am-the-nare-hotel-in-der-naehe-truro-roseland-peninsula\/\" \/>\n<meta property=\"og:locale\" content=\"en_US\" \/>\n<meta property=\"og:type\" content=\"article\" \/>\n<meta property=\"og:title\" content=\"Quarterdeck Restaurant am The Nare Hotel in der N\u00e4he Truro, Roseland Halbinsel. - Urlaub &amp; Reisen\" \/>\n<meta property=\"og:description\" content=\"Das Quarterdeck Restaurant befindet sich am Meer, am The Nare Hotel, einem von Cornwalls feinsten Hotels der Roseland Halbinsel. Mit spektakul\u00e4rem Meeresblick \u00fcber die Gerrans Bucht ist das Quarterdeck der perfekte Ort, um Familie und Freunde zu einem entspannten Mittagessen oder einem stilvollen Abendmahl zu treffen. Es besticht mit seinem klassischen Jachtdekor, windgesch\u00fctzter Terrasse und [&hellip;]\" \/>\n<meta property=\"og:url\" content=\"https:\/\/www.urlaubcornwall.de\/blog\/the-quarterdeck-am-the-nare-hotel-in-der-naehe-truro-roseland-peninsula\/\" \/>\n<meta property=\"og:site_name\" content=\"Urlaub &amp; Reisen\" \/>\n<meta property=\"article:modified_time\" content=\"2018-11-29T10:55:02+00:00\" \/>\n<meta name=\"twitter:card\" content=\"summary\" \/>\n<meta name=\"twitter:label1\" content=\"Est. reading time\" \/>\n\t<meta name=\"twitter:data1\" content=\"1 minute\" \/>\n<script type=\"application\/ld+json\" class=\"yoast-schema-graph\">{\"@context\":\"https:\/\/schema.org\",\"@graph\":[{\"@type\":\"WebSite\",\"@id\":\"https:\/\/www.urlaubcornwall.de\/blog\/#website\",\"url\":\"https:\/\/www.urlaubcornwall.de\/blog\/\",\"name\":\"Urlaub &amp; Reisen\",\"description\":\"Urlaub, Reisen, Cornwall und S\u00fcdengland: eine perfekte Kombination\",\"potentialAction\":[{\"@type\":\"SearchAction\",\"target\":{\"@type\":\"EntryPoint\",\"urlTemplate\":\"https:\/\/www.urlaubcornwall.de\/blog\/?s={search_term_string}\"},\"query-input\":\"required name=search_term_string\"}],\"inLanguage\":\"en-US\"},{\"@type\":\"WebPage\",\"@id\":\"https:\/\/www.urlaubcornwall.de\/blog\/the-quarterdeck-am-the-nare-hotel-in-der-naehe-truro-roseland-peninsula\/\",\"url\":\"https:\/\/www.urlaubcornwall.de\/blog\/the-quarterdeck-am-the-nare-hotel-in-der-naehe-truro-roseland-peninsula\/\",\"name\":\"Quarterdeck Restaurant am The Nare Hotel in der N\u00e4he Truro, Roseland Halbinsel. - Urlaub &amp; Reisen\",\"isPartOf\":{\"@id\":\"https:\/\/www.urlaubcornwall.de\/blog\/#website\"},\"datePublished\":\"2015-07-02T13:01:19+00:00\",\"dateModified\":\"2018-11-29T10:55:02+00:00\",\"breadcrumb\":{\"@id\":\"https:\/\/www.urlaubcornwall.de\/blog\/the-quarterdeck-am-the-nare-hotel-in-der-naehe-truro-roseland-peninsula\/#breadcrumb\"},\"inLanguage\":\"en-US\",\"potentialAction\":[{\"@type\":\"ReadAction\",\"target\":[\"https:\/\/www.urlaubcornwall.de\/blog\/the-quarterdeck-am-the-nare-hotel-in-der-naehe-truro-roseland-peninsula\/\"]}]},{\"@type\":\"BreadcrumbList\",\"@id\":\"https:\/\/www.urlaubcornwall.de\/blog\/the-quarterdeck-am-the-nare-hotel-in-der-naehe-truro-roseland-peninsula\/#breadcrumb\",\"itemListElement\":[{\"@type\":\"ListItem\",\"position\":1,\"name\":\"Home\",\"item\":\"https:\/\/www.urlaubcornwall.de\/blog\/\"},{\"@type\":\"ListItem\",\"position\":2,\"name\":\"Quarterdeck Restaurant am The Nare Hotel in der N\u00e4he Truro, Roseland Halbinsel.\"}]}]}<\/script>\n<!-- \/ Yoast SEO plugin. -->","yoast_head_json":{"title":"Quarterdeck Restaurant am The Nare Hotel in der N\u00e4he Truro, Roseland Halbinsel. - Urlaub &amp; Reisen","robots":{"index":"index","follow":"follow","max-snippet":"max-snippet:-1","max-image-preview":"max-image-preview:large","max-video-preview":"max-video-preview:-1"},"canonical":"https:\/\/www.urlaubcornwall.de\/blog\/the-quarterdeck-am-the-nare-hotel-in-der-naehe-truro-roseland-peninsula\/","og_locale":"en_US","og_type":"article","og_title":"Quarterdeck Restaurant am The Nare Hotel in der N\u00e4he Truro, Roseland Halbinsel. - Urlaub &amp; Reisen","og_description":"Das Quarterdeck Restaurant befindet sich am Meer, am The Nare Hotel, einem von Cornwalls feinsten Hotels der Roseland Halbinsel. Mit spektakul\u00e4rem Meeresblick \u00fcber die Gerrans Bucht ist das Quarterdeck der perfekte Ort, um Familie und Freunde zu einem entspannten Mittagessen oder einem stilvollen Abendmahl zu treffen. Es besticht mit seinem klassischen Jachtdekor, windgesch\u00fctzter Terrasse und [&hellip;]","og_url":"https:\/\/www.urlaubcornwall.de\/blog\/the-quarterdeck-am-the-nare-hotel-in-der-naehe-truro-roseland-peninsula\/","og_site_name":"Urlaub &amp; Reisen","article_modified_time":"2018-11-29T10:55:02+00:00","twitter_card":"summary","twitter_misc":{"Est. reading time":"1 minute"},"schema":{"@context":"https:\/\/schema.org","@graph":[{"@type":"WebSite","@id":"https:\/\/www.urlaubcornwall.de\/blog\/#website","url":"https:\/\/www.urlaubcornwall.de\/blog\/","name":"Urlaub &amp; Reisen","description":"Urlaub, Reisen, Cornwall und S\u00fcdengland: eine perfekte Kombination","potentialAction":[{"@type":"SearchAction","target":{"@type":"EntryPoint","urlTemplate":"https:\/\/www.urlaubcornwall.de\/blog\/?s={search_term_string}"},"query-input":"required name=search_term_string"}],"inLanguage":"en-US"},{"@type":"WebPage","@id":"https:\/\/www.urlaubcornwall.de\/blog\/the-quarterdeck-am-the-nare-hotel-in-der-naehe-truro-roseland-peninsula\/","url":"https:\/\/www.urlaubcornwall.de\/blog\/the-quarterdeck-am-the-nare-hotel-in-der-naehe-truro-roseland-peninsula\/","name":"Quarterdeck Restaurant am The Nare Hotel in der N\u00e4he Truro, Roseland Halbinsel. - Urlaub &amp; Reisen","isPartOf":{"@id":"https:\/\/www.urlaubcornwall.de\/blog\/#website"},"datePublished":"2015-07-02T13:01:19+00:00","dateModified":"2018-11-29T10:55:02+00:00","breadcrumb":{"@id":"https:\/\/www.urlaubcornwall.de\/blog\/the-quarterdeck-am-the-nare-hotel-in-der-naehe-truro-roseland-peninsula\/#breadcrumb"},"inLanguage":"en-US","potentialAction":[{"@type":"ReadAction","target":["https:\/\/www.urlaubcornwall.de\/blog\/the-quarterdeck-am-the-nare-hotel-in-der-naehe-truro-roseland-peninsula\/"]}]},{"@type":"BreadcrumbList","@id":"https:\/\/www.urlaubcornwall.de\/blog\/the-quarterdeck-am-the-nare-hotel-in-der-naehe-truro-roseland-peninsula\/#breadcrumb","itemListElement":[{"@type":"ListItem","position":1,"name":"Home","item":"https:\/\/www.urlaubcornwall.de\/blog\/"},{"@type":"ListItem","position":2,"name":"Quarterdeck Restaurant am The Nare Hotel in der N\u00e4he Truro, Roseland Halbinsel."}]}]}},"_links":{"self":[{"href":"https:\/\/www.urlaubcornwall.de\/blog\/wp-json\/wp\/v2\/pages\/19335"}],"collection":[{"href":"https:\/\/www.urlaubcornwall.de\/blog\/wp-json\/wp\/v2\/pages"}],"about":[{"href":"https:\/\/www.urlaubcornwall.de\/blog\/wp-json\/wp\/v2\/types\/page"}],"author":[{"embeddable":true,"href":"https:\/\/www.urlaubcornwall.de\/blog\/wp-json\/wp\/v2\/users\/1"}],"replies":[{"embeddable":true,"href":"https:\/\/www.urlaubcornwall.de\/blog\/wp-json\/wp\/v2\/comments?post=19335"}],"version-history":[{"count":9,"href":"https:\/\/www.urlaubcornwall.de\/blog\/wp-json\/wp\/v2\/pages\/19335\/revisions"}],"predecessor-version":[{"id":34682,"href":"https:\/\/www.urlaubcornwall.de\/blog\/wp-json\/wp\/v2\/pages\/19335\/revisions\/34682"}],"wp:attachment":[{"href":"https:\/\/www.urlaubcornwall.de\/blog\/wp-json\/wp\/v2\/media?parent=19335"}],"curies":[{"name":"wp","href":"https:\/\/api.w.org\/{rel}","templated":true}]}}