{"id":19253,"date":"2015-06-16T12:58:41","date_gmt":"2015-06-16T12:58:41","guid":{"rendered":"https:\/\/www.urlaubcornwall.de\/blog\/?page_id=19253"},"modified":"2024-05-29T09:33:39","modified_gmt":"2024-05-29T09:33:39","slug":"cornische-gaerten-die-im-fruehling-sommer-und-herbst-eines-besuches-wert-sind","status":"publish","type":"page","link":"https:\/\/www.urlaubcornwall.de\/blog\/cornische-gaerten-die-im-fruehling-sommer-und-herbst-eines-besuches-wert-sind\/","title":{"rendered":"Cornische G\u00e4rten, die im Fr\u00fchling, Sommer und Herbst eines Besuches wert sind."},"content":{"rendered":"<p><a href=\"https:\/\/www.urlaubcornwall.de\/blog\/wp-content\/uploads\/2015\/06\/11208211.jpg\"><img loading=\"lazy\" class=\"aligncenter size-full wp-image-19307\" src=\"https:\/\/www.urlaubcornwall.de\/blog\/wp-content\/uploads\/2015\/06\/11208211.jpg\" alt=\"Cornwall garetn am meer\" width=\"748\" height=\"458\"\/><\/a><\/p>\n<p>Cornwall hat einige der <a href=\"https:\/\/www.urlaubcornwall.de\/blog\/wunderschoene-gaerten-gartenreise-in-cornwall\/\">herrlichsten und wundersch\u00f6nsten G\u00e4rten<\/a>, die Sie das ganze Jahr \u00fcber besuchen k\u00f6nnen; hier finden Sie unsere Lieblingsg\u00e4rten.<\/p>\n<p><strong>Tremenheere Sculpture Gardens: Die neue gro\u00dfe Sehensw\u00fcrdigkeit in Penzance<\/strong><\/p>\n<p>Im Sommer besuchte UrlaubCornwall Tremenheere Sculpture Gardens, um sich diese neue gro\u00dfe Attraktion in West-Cornwall&#8230; [ <a href=\"https:\/\/www.urlaubcornwall.de\/blog\/2012\/10\/tremenheere-sculpture-gardens-die-neue-grosse-sehenswuerdigkeit-in-penzance\/\"><span style=\"text-decoration: underline;\">Mehr<\/span><\/a> ]<\/p>\n<p><strong>Trewidden Gardens: Einer der gro\u00dfartigen G\u00e4rten Cornwalls.<\/strong><\/p>\n<p><img loading=\"lazy\" class=\"aligncenter size-full wp-image-18549\" src=\"https:\/\/www.urlaubcornwall.de\/blog\/wp-content\/uploads\/2015\/03\/Trewidden-Belle.jpg\" alt=\"Trewidden Belle Cornwall\" width=\"749\" height=\"424\"\/><\/p>\n<p>Der Garten von Trewidden beheimatet eine der gro\u00dfartigsten Ansammlungen von Magnolien und Rhododendren in England&#8230; <a href=\"https:\/\/www.urlaubcornwall.de\/blog\/trewidden-gardens-einer-der-grossartigen-gaerten-cornwalls\/\">[ <span style=\"text-decoration: underline;\">Mehr<\/span> ]<\/a><\/p>\n<p><strong>Die \u201eLost Gardens of Heligan\u201c: Ein \u201eMuss\u201c unter den kornischen G\u00e4rten.<\/strong><\/p>\n<p><img loading=\"lazy\" class=\"aligncenter size-full wp-image-49801\" src=\"https:\/\/www.urlaubcornwall.de\/blog\/wp-content\/uploads\/2024\/04\/Lost-Gradens-of-Heligan-Rope-Bridge.jpg\" alt=\"Lost-Gradens-of-Heligan-Rope-Bridge\" width=\"750\" height=\"536\" srcset=\"https:\/\/www.urlaubcornwall.de\/blog\/wp-content\/uploads\/2024\/04\/Lost-Gradens-of-Heligan-Rope-Bridge.jpg 750w, https:\/\/www.urlaubcornwall.de\/blog\/wp-content\/uploads\/2024\/04\/Lost-Gradens-of-Heligan-Rope-Bridge-300x214.jpg 300w\" sizes=\"(max-width: 750px) 100vw, 750px\" \/><br \/>\nimage credit lost gardens of heligan<\/p>\n<p>Heligan liegt in der N\u00e4he von Mevagissey entlang der kornischen S\u00fcdk\u00fcste und ist seit \u00fcber 400 Jahren das Heim der Familie Tremayne&#8230; <a href=\"https:\/\/www.urlaubcornwall.de\/blog\/die-lost-gardens-of-heligan-ein-muss-unter-den-kornischen-gaerten\/\"><span style=\"text-decoration: underline;\">[ Mehr ]<\/span><\/a><\/p>\n<p><strong>Lamorran \u2013 ein mediterraner Garten an Cornwalls S\u00fcdk\u00fcste<\/strong><\/p>\n<p><img loading=\"lazy\" class=\"aligncenter size-full wp-image-10131\" src=\"https:\/\/www.urlaubcornwall.de\/blog\/wp-content\/uploads\/2013\/07\/IMGA0008.jpg\" alt=\"Lamorran Garten St Mawes\" width=\"749\" height=\"505\"\/><\/p>\n<p>Bei den Lamorran Gardens handelt es sich um eine beschauliche subtropische Gartenanlage in St Mawes auf der Halbinsel Roseland&#8230; [ <a href=\"https:\/\/www.urlaubcornwall.de\/blog\/lamorran-ein-mediterraner-garten-an-cornwalls-suedkueste\/\"><span style=\"text-decoration: underline;\">Mehr<\/span><\/a> ]<\/p>\n<p><strong>Trebah Garten bei Falmouth<\/strong><\/p>\n<p><img loading=\"lazy\" class=\"aligncenter size-full wp-image-50491\" src=\"https:\/\/www.urlaubcornwall.de\/blog\/wp-content\/uploads\/2024\/05\/sommer-trebah.jpg\" alt=\"sommer trebah\" width=\"750\" height=\"659\" srcset=\"https:\/\/www.urlaubcornwall.de\/blog\/wp-content\/uploads\/2024\/05\/sommer-trebah.jpg 750w, https:\/\/www.urlaubcornwall.de\/blog\/wp-content\/uploads\/2024\/05\/sommer-trebah-300x264.jpg 300w\" sizes=\"(max-width: 750px) 100vw, 750px\" \/><\/p>\n<p>Trebah Garten bei Falmouth ist ein subtropischer Garten mit eigenem Strand. Dieser wundersch\u00f6ne Garten befindet sich in einem Tal und ist voller exotischer Pflanzen mit mehr als 6km langen Spazierwegen, einschlie\u00dflich eines wundervollen Weges durch die riesigen \u2018Mammutblattgew\u00e4chse\u2019. Trebah ist das ganze Jahr \u00fcber ge\u00f6ffnet, und angeleinte Hunde sind erlaubt&#8230; <a href=\"https:\/\/www.urlaubcornwall.de\/blog\/wunderschoene-gaerten-gartenreise-in-cornwall\/\">[ Mehr ]<\/a><\/p>\n<p style=\"text-align: center;\"><a class=\"tidycta\" href=\"https:\/\/www.urlaubcornwall.de\/gartenreise.php\">Gartenreisen in England<\/a><\/p>\n","protected":false},"excerpt":{"rendered":"<p>Cornwall hat einige der herrlichsten und wundersch\u00f6nsten G\u00e4rten, die Sie das ganze Jahr \u00fcber besuchen k\u00f6nnen; hier finden Sie unsere Lieblingsg\u00e4rten. Tremenheere Sculpture Gardens: Die neue gro\u00dfe Sehensw\u00fcrdigkeit in Penzance Im Sommer besuchte UrlaubCornwall Tremenheere Sculpture Gardens, um sich diese neue gro\u00dfe Attraktion in West-Cornwall&#8230; [ Mehr ] Trewidden Gardens: Einer der gro\u00dfartigen G\u00e4rten Cornwalls. [&hellip;]<\/p>\n","protected":false},"author":1,"featured_media":0,"parent":0,"menu_order":0,"comment_status":"closed","ping_status":"closed","template":"single-four.php","meta":[],"acf":[],"yoast_head":"<!-- This site is optimized with the Yoast SEO plugin v19.4 - https:\/\/yoast.com\/wordpress\/plugins\/seo\/ -->\n<title>Cornische G\u00e4rten, die im Fr\u00fchling, Sommer und Herbst eines Besuches wert sind. - Urlaub &amp; Reisen<\/title>\n<meta name=\"robots\" content=\"index, follow, max-snippet:-1, max-image-preview:large, max-video-preview:-1\" \/>\n<link rel=\"canonical\" href=\"https:\/\/www.urlaubcornwall.de\/blog\/cornische-gaerten-die-im-fruehling-sommer-und-herbst-eines-besuches-wert-sind\/\" \/>\n<meta property=\"og:locale\" content=\"en_US\" \/>\n<meta property=\"og:type\" content=\"article\" \/>\n<meta property=\"og:title\" content=\"Cornische G\u00e4rten, die im Fr\u00fchling, Sommer und Herbst eines Besuches wert sind. - Urlaub &amp; Reisen\" \/>\n<meta property=\"og:description\" content=\"Cornwall hat einige der herrlichsten und wundersch\u00f6nsten G\u00e4rten, die Sie das ganze Jahr \u00fcber besuchen k\u00f6nnen; hier finden Sie unsere Lieblingsg\u00e4rten. Tremenheere Sculpture Gardens: Die neue gro\u00dfe Sehensw\u00fcrdigkeit in Penzance Im Sommer besuchte UrlaubCornwall Tremenheere Sculpture Gardens, um sich diese neue gro\u00dfe Attraktion in West-Cornwall&#8230; [ Mehr ] Trewidden Gardens: Einer der gro\u00dfartigen G\u00e4rten Cornwalls. [&hellip;]\" \/>\n<meta property=\"og:url\" content=\"https:\/\/www.urlaubcornwall.de\/blog\/cornische-gaerten-die-im-fruehling-sommer-und-herbst-eines-besuches-wert-sind\/\" \/>\n<meta property=\"og:site_name\" content=\"Urlaub &amp; Reisen\" \/>\n<meta property=\"article:modified_time\" content=\"2024-05-29T09:33:39+00:00\" \/>\n<meta property=\"og:image\" content=\"https:\/\/www.urlaubcornwall.de\/blog\/wp-content\/uploads\/2015\/06\/11208211.jpg\" \/>\n<meta name=\"twitter:card\" content=\"summary\" \/>\n<meta name=\"twitter:label1\" content=\"Est. reading time\" \/>\n\t<meta name=\"twitter:data1\" content=\"3 minutes\" \/>\n<script type=\"application\/ld+json\" class=\"yoast-schema-graph\">{\"@context\":\"https:\/\/schema.org\",\"@graph\":[{\"@type\":\"WebSite\",\"@id\":\"https:\/\/www.urlaubcornwall.de\/blog\/#website\",\"url\":\"https:\/\/www.urlaubcornwall.de\/blog\/\",\"name\":\"Urlaub &amp; Reisen\",\"description\":\"Urlaub, Reisen, Cornwall und S\u00fcdengland: eine perfekte Kombination\",\"potentialAction\":[{\"@type\":\"SearchAction\",\"target\":{\"@type\":\"EntryPoint\",\"urlTemplate\":\"https:\/\/www.urlaubcornwall.de\/blog\/?s={search_term_string}\"},\"query-input\":\"required name=search_term_string\"}],\"inLanguage\":\"en-US\"},{\"@type\":\"WebPage\",\"@id\":\"https:\/\/www.urlaubcornwall.de\/blog\/cornische-gaerten-die-im-fruehling-sommer-und-herbst-eines-besuches-wert-sind\/\",\"url\":\"https:\/\/www.urlaubcornwall.de\/blog\/cornische-gaerten-die-im-fruehling-sommer-und-herbst-eines-besuches-wert-sind\/\",\"name\":\"Cornische G\u00e4rten, die im Fr\u00fchling, Sommer und Herbst eines Besuches wert sind. - Urlaub &amp; Reisen\",\"isPartOf\":{\"@id\":\"https:\/\/www.urlaubcornwall.de\/blog\/#website\"},\"datePublished\":\"2015-06-16T12:58:41+00:00\",\"dateModified\":\"2024-05-29T09:33:39+00:00\",\"breadcrumb\":{\"@id\":\"https:\/\/www.urlaubcornwall.de\/blog\/cornische-gaerten-die-im-fruehling-sommer-und-herbst-eines-besuches-wert-sind\/#breadcrumb\"},\"inLanguage\":\"en-US\",\"potentialAction\":[{\"@type\":\"ReadAction\",\"target\":[\"https:\/\/www.urlaubcornwall.de\/blog\/cornische-gaerten-die-im-fruehling-sommer-und-herbst-eines-besuches-wert-sind\/\"]}]},{\"@type\":\"BreadcrumbList\",\"@id\":\"https:\/\/www.urlaubcornwall.de\/blog\/cornische-gaerten-die-im-fruehling-sommer-und-herbst-eines-besuches-wert-sind\/#breadcrumb\",\"itemListElement\":[{\"@type\":\"ListItem\",\"position\":1,\"name\":\"Home\",\"item\":\"https:\/\/www.urlaubcornwall.de\/blog\/\"},{\"@type\":\"ListItem\",\"position\":2,\"name\":\"Cornische G\u00e4rten, die im Fr\u00fchling, Sommer und Herbst eines Besuches wert sind.\"}]}]}<\/script>\n<!-- \/ Yoast SEO plugin. -->","yoast_head_json":{"title":"Cornische G\u00e4rten, die im Fr\u00fchling, Sommer und Herbst eines Besuches wert sind. - Urlaub &amp; Reisen","robots":{"index":"index","follow":"follow","max-snippet":"max-snippet:-1","max-image-preview":"max-image-preview:large","max-video-preview":"max-video-preview:-1"},"canonical":"https:\/\/www.urlaubcornwall.de\/blog\/cornische-gaerten-die-im-fruehling-sommer-und-herbst-eines-besuches-wert-sind\/","og_locale":"en_US","og_type":"article","og_title":"Cornische G\u00e4rten, die im Fr\u00fchling, Sommer und Herbst eines Besuches wert sind. - Urlaub &amp; Reisen","og_description":"Cornwall hat einige der herrlichsten und wundersch\u00f6nsten G\u00e4rten, die Sie das ganze Jahr \u00fcber besuchen k\u00f6nnen; hier finden Sie unsere Lieblingsg\u00e4rten. Tremenheere Sculpture Gardens: Die neue gro\u00dfe Sehensw\u00fcrdigkeit in Penzance Im Sommer besuchte UrlaubCornwall Tremenheere Sculpture Gardens, um sich diese neue gro\u00dfe Attraktion in West-Cornwall&#8230; [ Mehr ] Trewidden Gardens: Einer der gro\u00dfartigen G\u00e4rten Cornwalls. [&hellip;]","og_url":"https:\/\/www.urlaubcornwall.de\/blog\/cornische-gaerten-die-im-fruehling-sommer-und-herbst-eines-besuches-wert-sind\/","og_site_name":"Urlaub &amp; Reisen","article_modified_time":"2024-05-29T09:33:39+00:00","og_image":[{"url":"https:\/\/www.urlaubcornwall.de\/blog\/wp-content\/uploads\/2015\/06\/11208211.jpg"}],"twitter_card":"summary","twitter_misc":{"Est. reading time":"3 minutes"},"schema":{"@context":"https:\/\/schema.org","@graph":[{"@type":"WebSite","@id":"https:\/\/www.urlaubcornwall.de\/blog\/#website","url":"https:\/\/www.urlaubcornwall.de\/blog\/","name":"Urlaub &amp; Reisen","description":"Urlaub, Reisen, Cornwall und S\u00fcdengland: eine perfekte Kombination","potentialAction":[{"@type":"SearchAction","target":{"@type":"EntryPoint","urlTemplate":"https:\/\/www.urlaubcornwall.de\/blog\/?s={search_term_string}"},"query-input":"required name=search_term_string"}],"inLanguage":"en-US"},{"@type":"WebPage","@id":"https:\/\/www.urlaubcornwall.de\/blog\/cornische-gaerten-die-im-fruehling-sommer-und-herbst-eines-besuches-wert-sind\/","url":"https:\/\/www.urlaubcornwall.de\/blog\/cornische-gaerten-die-im-fruehling-sommer-und-herbst-eines-besuches-wert-sind\/","name":"Cornische G\u00e4rten, die im Fr\u00fchling, Sommer und Herbst eines Besuches wert sind. - Urlaub &amp; Reisen","isPartOf":{"@id":"https:\/\/www.urlaubcornwall.de\/blog\/#website"},"datePublished":"2015-06-16T12:58:41+00:00","dateModified":"2024-05-29T09:33:39+00:00","breadcrumb":{"@id":"https:\/\/www.urlaubcornwall.de\/blog\/cornische-gaerten-die-im-fruehling-sommer-und-herbst-eines-besuches-wert-sind\/#breadcrumb"},"inLanguage":"en-US","potentialAction":[{"@type":"ReadAction","target":["https:\/\/www.urlaubcornwall.de\/blog\/cornische-gaerten-die-im-fruehling-sommer-und-herbst-eines-besuches-wert-sind\/"]}]},{"@type":"BreadcrumbList","@id":"https:\/\/www.urlaubcornwall.de\/blog\/cornische-gaerten-die-im-fruehling-sommer-und-herbst-eines-besuches-wert-sind\/#breadcrumb","itemListElement":[{"@type":"ListItem","position":1,"name":"Home","item":"https:\/\/www.urlaubcornwall.de\/blog\/"},{"@type":"ListItem","position":2,"name":"Cornische G\u00e4rten, die im Fr\u00fchling, Sommer und Herbst eines Besuches wert sind."}]}]}},"_links":{"self":[{"href":"https:\/\/www.urlaubcornwall.de\/blog\/wp-json\/wp\/v2\/pages\/19253"}],"collection":[{"href":"https:\/\/www.urlaubcornwall.de\/blog\/wp-json\/wp\/v2\/pages"}],"about":[{"href":"https:\/\/www.urlaubcornwall.de\/blog\/wp-json\/wp\/v2\/types\/page"}],"author":[{"embeddable":true,"href":"https:\/\/www.urlaubcornwall.de\/blog\/wp-json\/wp\/v2\/users\/1"}],"replies":[{"embeddable":true,"href":"https:\/\/www.urlaubcornwall.de\/blog\/wp-json\/wp\/v2\/comments?post=19253"}],"version-history":[{"count":14,"href":"https:\/\/www.urlaubcornwall.de\/blog\/wp-json\/wp\/v2\/pages\/19253\/revisions"}],"predecessor-version":[{"id":50548,"href":"https:\/\/www.urlaubcornwall.de\/blog\/wp-json\/wp\/v2\/pages\/19253\/revisions\/50548"}],"wp:attachment":[{"href":"https:\/\/www.urlaubcornwall.de\/blog\/wp-json\/wp\/v2\/media?parent=19253"}],"curies":[{"name":"wp","href":"https:\/\/api.w.org\/{rel}","templated":true}]}}