{"id":19249,"date":"2015-06-13T12:34:51","date_gmt":"2015-06-13T12:34:51","guid":{"rendered":"https:\/\/www.urlaubcornwall.de\/blog\/?page_id=19249"},"modified":"2026-01-06T16:50:05","modified_gmt":"2026-01-06T16:50:05","slug":"cornwall-reisetipps-10-dinge-die-sie-sehen-und-tun-sollten","status":"publish","type":"page","link":"https:\/\/www.urlaubcornwall.de\/blog\/cornwall-reisetipps-10-dinge-die-sie-sehen-und-tun-sollten\/","title":{"rendered":"Top Cornwall Reisetipps: 10 Dinge, die Sie sehen und tun sollten."},"content":{"rendered":"<div id=\"attachment_19262\" style=\"width: 758px\" class=\"wp-caption aligncenter\"><a href=\"https:\/\/www.urlaubcornwall.de\/blog\/wp-content\/uploads\/2015\/06\/19820002.jpg\"><img aria-describedby=\"caption-attachment-19262\" loading=\"lazy\" class=\"size-full wp-image-19262\" src=\"https:\/\/www.urlaubcornwall.de\/blog\/wp-content\/uploads\/2015\/06\/19820002.jpg\" alt=\"reisetipps st ives\" width=\"748\" height=\"371\" \/><\/a><p id=\"caption-attachment-19262\" class=\"wp-caption-text\">St Ives<\/p><\/div>\n<p><strong>Nehmen Sie den Zug von Lelant nach St Ives \u2013 Westcornwall<\/strong>: Um einen \u00fcberaus fantastischen Blick zu haben, nehmen Sie die malerische Bahnlinie von Lelant Salting&#8217;s nach St Ives (Park and Ride). Die Fahrt f\u00fchrt Sie entlang des goldenen Sandstrandes von Hayle Towans, durch <a href=\"http:\/\/www.urlaubcornwall.de\/ferienhaeuser-fewos\/carbis-bay.html\">Carbis Bay<\/a> und weiter nach <a href=\"http:\/\/www.urlaubcornwall.de\/ferienhaeuser-fewos\/st-ives-umgebung.html\">St Ives<\/a> mit Panoramablick \u00fcber die zerkl\u00fcfteten Klippen und den bunten Hafen. Erkunden Sie zu Fu\u00df die schmalen Gassen und Str\u00e4\u00dfchen, die sich im Zickzack durch St Ives schl\u00e4ngeln und besuchen Sie die zahlreichen Gesch\u00e4fte, Galerien, Kneipen und Restaurants.<\/p>\n<p><strong>Verbringen Sie einen Tag in Tintagel &#8211; Nordcornwall<\/strong>: <a href=\"https:\/\/www.urlaubcornwall.de\/blog\/legenden-und-geschichte-cornwalls\/\">Tintagel<\/a> ist einer der ikonischsten Orte des Vereinigten K\u00f6nigreichs und befindet sich an Nordcornwalls dramatischer und zerkl\u00fcfteter Atlantikk\u00fcste. Es ist ein Ort voller Magie, wo Sie Mythen von K\u00f6nigen, Zauberern und mutigen Rittern entdecken werden. Machen Sie sich auf zur Burg Tintagel, St Nectan\u2019s Glen und der Alten Post.<\/p>\n<div id=\"attachment_19263\" style=\"width: 758px\" class=\"wp-caption aligncenter\"><a href=\"https:\/\/www.urlaubcornwall.de\/blog\/wp-content\/uploads\/2015\/06\/29080005.jpg\"><img aria-describedby=\"caption-attachment-19263\" loading=\"lazy\" class=\"size-full wp-image-19263\" src=\"https:\/\/www.urlaubcornwall.de\/blog\/wp-content\/uploads\/2015\/06\/29080005.jpg\" alt=\"reisetipps Cornwall\" width=\"748\" height=\"371\" \/><\/a><p id=\"caption-attachment-19263\" class=\"wp-caption-text\">St Michaels Mount<\/p><\/div>\n<p><strong>Besuchen Sie St Michaels Mount &#8211; Marazion<\/strong>: Erobern Sie die erstaunliche Inselwelt des <a href=\"https:\/\/www.urlaubcornwall.de\/blog\/das-st-michaels-mount-die-ikonische-attraktion-in-westcornwall\/\">St Michaels Mount<\/a> bei Marazion an einem gro\u00dfartigen Familienausflugstag und <a href=\"https:\/\/www.urlaubcornwall.de\/blog\/legenden-und-geschichte-cornwalls\/\">entdecken Sie Legenden<\/a> , Mythen und eine \u00fcber tausendj\u00e4hrige unglaubliche Geschichte. Schlendern Sie bei Ebbe \u00fcber den Steg zum zauberhaften Schloss und den G\u00e4rten oder h\u00fcpfen Sie auf ein Boot und fahren so \u00fcber das Meer.<\/p>\n<div id=\"attachment_19265\" style=\"width: 758px\" class=\"wp-caption aligncenter\"><a href=\"https:\/\/www.urlaubcornwall.de\/blog\/wp-content\/uploads\/2015\/06\/12590001.jpg\"><img aria-describedby=\"caption-attachment-19265\" loading=\"lazy\" class=\"size-full wp-image-19265\" src=\"https:\/\/www.urlaubcornwall.de\/blog\/wp-content\/uploads\/2015\/06\/12590001.jpg\" alt=\"Fowey\" width=\"748\" height=\"371\" \/><\/a><p id=\"caption-attachment-19265\" class=\"wp-caption-text\">Fowey<\/p><\/div>\n<p><strong>Verbringen Sie einen Tag in Fowey &#8211; S\u00fcdcornwall<\/strong>: In einem \u201eGebiet hervorragender Natursch\u00f6nheit\u201c gelegen, h\u00e4ngt Fowey sozusagen an der westlichen Seite der Fowey M\u00fcndung, wo der gro\u00dfe Tiefwasserhafen Yachtbesitzer anzieht. Erkunden Sie die schmalen Str\u00e4\u00dfchen, georgianische H\u00e4user und Seefahrergeschichte, sowie die fantastische Auswahl an Restaurants, Kneipen und Gesch\u00e4ften.<\/p>\n<div class=\"snippet\"> <a class=\"featured-item\" href=\"https:\/\/www.urlaubcornwall.de\/ferienhaeuser\/suedengland.php\"> <span class=\"image-holder\" style=\"background-image: url('https:\/\/www.urlaubcornwall.de\/blog\/wp-content\/uploads\/2018\/12\/ferienhaus-cornwall-mit-hund.jpg');\"><\/span> <span class=\"featured-content\"> \n<h2 class=\"featured-title\">Ferienh\u00e4user in Cornwall &#038; S\u00fcdengland<\/h2>\n<p class=\"featured-body\">Bei uns finden Sie Ferienh\u00e4user zum Verlieben &#8211; so einfach ist das! Dank seiner langen Geschichte, der reizvollen Landschaften und seinen vielen Attraktionen ist S\u00fcdengland ein wahres Mekka f\u00fcr Urlauber&#8230;..<\/p><\/span> <span class=\"featured-link-holder\"> <span class=\"featured-extra-info\"> \n<p>Pers\u00f6nlich inspizierter Ferienh\u00e4user<\/p>\n<\/span> \n<p class=\"featured-link\">DETAILS<\/p>\n<\/span> <\/a><\/div>\n<p><strong>Erkunden Sie die Roseland Halbinsel &#8211; S\u00fcdcornwall<\/strong>: Die <a href=\"http:\/\/www.urlaubcornwall.de\/roseland-halbinsel.php\">Roseland Halbinsel<\/a> bietet abgeschiedene Buchten, entz\u00fcckende B\u00e4che, h\u00fcbsche Fischerh\u00e4fen und ruhige Str\u00e4nde. Eingegrenzt westlich von der Fal M\u00fcndung und \u00f6stlich vom Atlantik, ist sie aufgrund der Qualit\u00e4t seiner Landschaft und unvergleichlicher K\u00fcstenszenerie ein hervorragender Teil von Cornwalls \u201eGebiet hervorragender Natursch\u00f6nheit\u201c.<\/p>\n<div id=\"attachment_19264\" style=\"width: 758px\" class=\"wp-caption aligncenter\"><a href=\"https:\/\/www.urlaubcornwall.de\/blog\/wp-content\/uploads\/2015\/06\/27740134.jpg\"><img aria-describedby=\"caption-attachment-19264\" loading=\"lazy\" class=\"size-full wp-image-19264\" src=\"https:\/\/www.urlaubcornwall.de\/blog\/wp-content\/uploads\/2015\/06\/27740134.jpg\" alt=\"Fluss Helford\" width=\"748\" height=\"371\" \/><\/a><p id=\"caption-attachment-19264\" class=\"wp-caption-text\">Fluss Helford<\/p><\/div>\n<p><strong>Genie\u00dfen Sie eine Bootsfahrt entlang des Helford Flusses &#8211; bei Falmouth<\/strong>: Indem sie zwischen der Helford Passage und dem Dorf Helford hin- und herf\u00e4hrt, verbindet die kleine F\u00e4hre\u00a0 zwei am Wasser gelegene Kneipen miteinander, wundersch\u00f6nes Moorland, <a title=\"G\u00e4rten in Cornwall \" href=\"https:\/\/www.urlaubcornwall.de\/blog\/gaerten-in-cornwall\/\">Trebah und Glendurgan<\/a>, sowie den Daphne du Maurier Pfad, wo Besucher die stillen und friedlichen Gew\u00e4sser des Frenchman Baches nachempfinden k\u00f6nnen, die die Autorin einst inspirierten.<\/p>\n<p><strong>Healeys Apfelpunschfarm \u2013 Truro<\/strong>: In <a href=\"http:\/\/thecornishcyderfarm.co.uk\/\" target=\"_blank\" rel=\"nofollow noopener\">Healeys cornischer Apfelpunschfarm<\/a> bei Truro d\u00fcrfen Sie gerne traditionelle Speisen und Getr\u00e4nke probieren, garende Fr\u00fcchte riechen, die in offenen Kesseln f\u00fcr Marmelade zubereitet werden und beobachten, wie \u00c4pfel gepresst werden, um daraus Apfelpunsch zu gewinnen. Erleben Sie das Melken von K\u00fchen, gehen Sie in der freien Natur spazieren, f\u00fcttern Sie die Enten und g\u00f6nnen Sie sich das k\u00f6stliche organische Speiseeis des Hofes.<\/p>\n<p><strong>Bodmin Moor &#8211; Bodmin<\/strong>: Das <a href=\"https:\/\/www.urlaubcornwall.de\/blog\/2012\/02\/touren-durch-den-sueden-englands-auf-dem-weg-nach-cornwall-fahren-sie-durch-das-malerische-bodmin-moor-einer-der-beruhmtesten-ausflugsziele-in-cornwall\/\">Bodmin Moor<\/a> ist eines der letzten unber\u00fchrten Gebiete im S\u00fcdwesten, und Vieles seiner pr\u00e4historischen und mittelalterlichen Zeit ist von den vor\u00fcberziehenden Jahrhunderten verschont geblieben. Die h\u00f6her gelegene Landschaft stellt einen wichtigen Teil von Cornwalls \u201eGebiet hervorragender Natursch\u00f6nheit\u201c dar und ist das Zuhause f\u00fcr eine Vielfalt an Pflanzen und seltenen, gesch\u00fctzten Tieren, wie zum Beispiel Otter, Schmetterlinge, Flederm\u00e4use und Singv\u00f6gel.<\/p>\n<p><img loading=\"lazy\" class=\"aligncenter size-full wp-image-47783\" src=\"https:\/\/www.urlaubcornwall.de\/blog\/wp-content\/uploads\/2024\/03\/Fistral-strand.jpg\" alt=\"Fistral strand\" width=\"750\" height=\"482\" srcset=\"https:\/\/www.urlaubcornwall.de\/blog\/wp-content\/uploads\/2024\/03\/Fistral-strand.jpg 750w, https:\/\/www.urlaubcornwall.de\/blog\/wp-content\/uploads\/2024\/03\/Fistral-strand-300x193.jpg 300w\" sizes=\"(max-width: 750px) 100vw, 750px\" \/><\/p>\n<p><strong>Newquay Fischfest &#8211; Newquay<\/strong>: Um den Hafen Newquays herum zieht das Fest Tausende Besucher an, die leckere Fischgerichte probieren, lokalen K\u00f6chen dabei zusehen, wie sie erstaunliche Speisen zubereiten und ein Unterhaltungsangebot genie\u00dfen.<\/p>\n<p><strong>Gehen Sie zur Insel Looe &#8211; Looe<\/strong>: Machen Sie eine Fahrt hinaus zur Insel Looe, einst heilige Pilgerst\u00e4tte und heute Schutzgebiet f\u00fcr seltene Pflanzen und Tiere. Hier werden Sie eine gro\u00dfe Herde grauer Seehunde beim Sonnenbaden auf den Felsen vorfinden, oder wie sie allerhand anstellen, w\u00e4hrend Sie sie von einem wippenden Boot aus beobachten.<\/p>\n<div class=\"snippet\"> <a class=\"featured-item\" href=\"https:\/\/www.urlaubcornwall.de\/rundreisen\/cornwall-suedengland.php\"> <span class=\"image-holder\" style=\"background-image: url('https:\/\/www.urlaubcornwall.de\/blog\/wp-content\/uploads\/2019\/01\/DiTn0QVWsAIOgjG.jpg');\"><\/span> <span class=\"featured-content\"> \n<h2 class=\"featured-title\">Rundreisen Cornwall &#038; S\u00fcdengland eine perfekte Kombination<\/h2>\n<p class=\"featured-body\">Die perfekte Reisem\u00f6glichkeit und erm\u00f6glicht es Ihnen, Entdeckungen zu machen und einen Urlaub im eigenen Schritttempo und nach eigenem Zeitplan zu genie\u00dfen&#8230;.<\/p><\/span> <span class=\"featured-link-holder\"> <span class=\"featured-extra-info\"> \n<p>F\u00fcr Paare, Familien &#038; Gruppen<\/p>\n<\/span> \n<p class=\"featured-link\">DETAILS<\/p>\n<\/span> <\/a><\/div>\n<p><iframe loading=\"lazy\" src=\"https:\/\/www.google.com\/maps\/d\/u\/0\/embed?mid=zPZ6ttwx7pSg.kL_AVe_kj5WM\" width=\"750\" height=\"480\"><\/iframe><\/p>\n<p><a href=\"https:\/\/www.urlaubcornwall.de\/blog\/reisetipps-fuer-suedengland-unsere-top-10-sie-sie-sehen-und-erleben-sollten\/\"><span style=\"text-decoration: underline;\"><strong>Reisetipps f\u00fcr S\u00fcdengland<\/strong><\/span><\/a>: unsere Top 10, sie Sie sehen und erleben sollten.<\/p>\n\n","protected":false},"excerpt":{"rendered":"<p>Nehmen Sie den Zug von Lelant nach St Ives \u2013 Westcornwall: Um einen \u00fcberaus fantastischen Blick zu haben, nehmen Sie die malerische Bahnlinie von Lelant Salting&#8217;s nach St Ives (Park and Ride). Die Fahrt f\u00fchrt Sie entlang des goldenen Sandstrandes von Hayle Towans, durch Carbis Bay und weiter nach St Ives mit Panoramablick \u00fcber die [&hellip;]<\/p>\n","protected":false},"author":1,"featured_media":0,"parent":0,"menu_order":0,"comment_status":"closed","ping_status":"closed","template":"single-four.php","meta":[],"acf":[],"yoast_head":"<!-- This site is optimized with the Yoast SEO plugin v19.4 - https:\/\/yoast.com\/wordpress\/plugins\/seo\/ -->\n<title>Top Cornwall Reisetipps: 10 Dinge, die Sie sehen und tun sollten. - Urlaub &amp; Reisen<\/title>\n<meta name=\"robots\" content=\"index, follow, max-snippet:-1, max-image-preview:large, max-video-preview:-1\" \/>\n<link rel=\"canonical\" href=\"https:\/\/www.urlaubcornwall.de\/blog\/cornwall-reisetipps-10-dinge-die-sie-sehen-und-tun-sollten\/\" \/>\n<meta property=\"og:locale\" content=\"en_US\" \/>\n<meta property=\"og:type\" content=\"article\" \/>\n<meta property=\"og:title\" content=\"Top Cornwall Reisetipps: 10 Dinge, die Sie sehen und tun sollten. - Urlaub &amp; Reisen\" \/>\n<meta property=\"og:description\" content=\"Nehmen Sie den Zug von Lelant nach St Ives \u2013 Westcornwall: Um einen \u00fcberaus fantastischen Blick zu haben, nehmen Sie die malerische Bahnlinie von Lelant Salting&#8217;s nach St Ives (Park and Ride). Die Fahrt f\u00fchrt Sie entlang des goldenen Sandstrandes von Hayle Towans, durch Carbis Bay und weiter nach St Ives mit Panoramablick \u00fcber die [&hellip;]\" \/>\n<meta property=\"og:url\" content=\"https:\/\/www.urlaubcornwall.de\/blog\/cornwall-reisetipps-10-dinge-die-sie-sehen-und-tun-sollten\/\" \/>\n<meta property=\"og:site_name\" content=\"Urlaub &amp; Reisen\" \/>\n<meta property=\"article:modified_time\" content=\"2026-01-06T16:50:05+00:00\" \/>\n<meta property=\"og:image\" content=\"https:\/\/www.urlaubcornwall.de\/blog\/wp-content\/uploads\/2015\/06\/19820002.jpg\" \/>\n<meta name=\"twitter:card\" content=\"summary\" \/>\n<meta name=\"twitter:label1\" content=\"Est. reading time\" \/>\n\t<meta name=\"twitter:data1\" content=\"4 minutes\" \/>\n<script type=\"application\/ld+json\" class=\"yoast-schema-graph\">{\"@context\":\"https:\/\/schema.org\",\"@graph\":[{\"@type\":\"WebSite\",\"@id\":\"https:\/\/www.urlaubcornwall.de\/blog\/#website\",\"url\":\"https:\/\/www.urlaubcornwall.de\/blog\/\",\"name\":\"Urlaub &amp; Reisen\",\"description\":\"Urlaub, Reisen, Cornwall und S\u00fcdengland: eine perfekte Kombination\",\"potentialAction\":[{\"@type\":\"SearchAction\",\"target\":{\"@type\":\"EntryPoint\",\"urlTemplate\":\"https:\/\/www.urlaubcornwall.de\/blog\/?s={search_term_string}\"},\"query-input\":\"required name=search_term_string\"}],\"inLanguage\":\"en-US\"},{\"@type\":\"WebPage\",\"@id\":\"https:\/\/www.urlaubcornwall.de\/blog\/cornwall-reisetipps-10-dinge-die-sie-sehen-und-tun-sollten\/\",\"url\":\"https:\/\/www.urlaubcornwall.de\/blog\/cornwall-reisetipps-10-dinge-die-sie-sehen-und-tun-sollten\/\",\"name\":\"Top Cornwall Reisetipps: 10 Dinge, die Sie sehen und tun sollten. - Urlaub &amp; Reisen\",\"isPartOf\":{\"@id\":\"https:\/\/www.urlaubcornwall.de\/blog\/#website\"},\"datePublished\":\"2015-06-13T12:34:51+00:00\",\"dateModified\":\"2026-01-06T16:50:05+00:00\",\"breadcrumb\":{\"@id\":\"https:\/\/www.urlaubcornwall.de\/blog\/cornwall-reisetipps-10-dinge-die-sie-sehen-und-tun-sollten\/#breadcrumb\"},\"inLanguage\":\"en-US\",\"potentialAction\":[{\"@type\":\"ReadAction\",\"target\":[\"https:\/\/www.urlaubcornwall.de\/blog\/cornwall-reisetipps-10-dinge-die-sie-sehen-und-tun-sollten\/\"]}]},{\"@type\":\"BreadcrumbList\",\"@id\":\"https:\/\/www.urlaubcornwall.de\/blog\/cornwall-reisetipps-10-dinge-die-sie-sehen-und-tun-sollten\/#breadcrumb\",\"itemListElement\":[{\"@type\":\"ListItem\",\"position\":1,\"name\":\"Home\",\"item\":\"https:\/\/www.urlaubcornwall.de\/blog\/\"},{\"@type\":\"ListItem\",\"position\":2,\"name\":\"Top Cornwall Reisetipps: 10 Dinge, die Sie sehen und tun sollten.\"}]}]}<\/script>\n<!-- \/ Yoast SEO plugin. -->","yoast_head_json":{"title":"Top Cornwall Reisetipps: 10 Dinge, die Sie sehen und tun sollten. - Urlaub &amp; Reisen","robots":{"index":"index","follow":"follow","max-snippet":"max-snippet:-1","max-image-preview":"max-image-preview:large","max-video-preview":"max-video-preview:-1"},"canonical":"https:\/\/www.urlaubcornwall.de\/blog\/cornwall-reisetipps-10-dinge-die-sie-sehen-und-tun-sollten\/","og_locale":"en_US","og_type":"article","og_title":"Top Cornwall Reisetipps: 10 Dinge, die Sie sehen und tun sollten. - Urlaub &amp; Reisen","og_description":"Nehmen Sie den Zug von Lelant nach St Ives \u2013 Westcornwall: Um einen \u00fcberaus fantastischen Blick zu haben, nehmen Sie die malerische Bahnlinie von Lelant Salting&#8217;s nach St Ives (Park and Ride). Die Fahrt f\u00fchrt Sie entlang des goldenen Sandstrandes von Hayle Towans, durch Carbis Bay und weiter nach St Ives mit Panoramablick \u00fcber die [&hellip;]","og_url":"https:\/\/www.urlaubcornwall.de\/blog\/cornwall-reisetipps-10-dinge-die-sie-sehen-und-tun-sollten\/","og_site_name":"Urlaub &amp; Reisen","article_modified_time":"2026-01-06T16:50:05+00:00","og_image":[{"url":"https:\/\/www.urlaubcornwall.de\/blog\/wp-content\/uploads\/2015\/06\/19820002.jpg"}],"twitter_card":"summary","twitter_misc":{"Est. reading time":"4 minutes"},"schema":{"@context":"https:\/\/schema.org","@graph":[{"@type":"WebSite","@id":"https:\/\/www.urlaubcornwall.de\/blog\/#website","url":"https:\/\/www.urlaubcornwall.de\/blog\/","name":"Urlaub &amp; Reisen","description":"Urlaub, Reisen, Cornwall und S\u00fcdengland: eine perfekte Kombination","potentialAction":[{"@type":"SearchAction","target":{"@type":"EntryPoint","urlTemplate":"https:\/\/www.urlaubcornwall.de\/blog\/?s={search_term_string}"},"query-input":"required name=search_term_string"}],"inLanguage":"en-US"},{"@type":"WebPage","@id":"https:\/\/www.urlaubcornwall.de\/blog\/cornwall-reisetipps-10-dinge-die-sie-sehen-und-tun-sollten\/","url":"https:\/\/www.urlaubcornwall.de\/blog\/cornwall-reisetipps-10-dinge-die-sie-sehen-und-tun-sollten\/","name":"Top Cornwall Reisetipps: 10 Dinge, die Sie sehen und tun sollten. - Urlaub &amp; Reisen","isPartOf":{"@id":"https:\/\/www.urlaubcornwall.de\/blog\/#website"},"datePublished":"2015-06-13T12:34:51+00:00","dateModified":"2026-01-06T16:50:05+00:00","breadcrumb":{"@id":"https:\/\/www.urlaubcornwall.de\/blog\/cornwall-reisetipps-10-dinge-die-sie-sehen-und-tun-sollten\/#breadcrumb"},"inLanguage":"en-US","potentialAction":[{"@type":"ReadAction","target":["https:\/\/www.urlaubcornwall.de\/blog\/cornwall-reisetipps-10-dinge-die-sie-sehen-und-tun-sollten\/"]}]},{"@type":"BreadcrumbList","@id":"https:\/\/www.urlaubcornwall.de\/blog\/cornwall-reisetipps-10-dinge-die-sie-sehen-und-tun-sollten\/#breadcrumb","itemListElement":[{"@type":"ListItem","position":1,"name":"Home","item":"https:\/\/www.urlaubcornwall.de\/blog\/"},{"@type":"ListItem","position":2,"name":"Top Cornwall Reisetipps: 10 Dinge, die Sie sehen und tun sollten."}]}]}},"_links":{"self":[{"href":"https:\/\/www.urlaubcornwall.de\/blog\/wp-json\/wp\/v2\/pages\/19249"}],"collection":[{"href":"https:\/\/www.urlaubcornwall.de\/blog\/wp-json\/wp\/v2\/pages"}],"about":[{"href":"https:\/\/www.urlaubcornwall.de\/blog\/wp-json\/wp\/v2\/types\/page"}],"author":[{"embeddable":true,"href":"https:\/\/www.urlaubcornwall.de\/blog\/wp-json\/wp\/v2\/users\/1"}],"replies":[{"embeddable":true,"href":"https:\/\/www.urlaubcornwall.de\/blog\/wp-json\/wp\/v2\/comments?post=19249"}],"version-history":[{"count":28,"href":"https:\/\/www.urlaubcornwall.de\/blog\/wp-json\/wp\/v2\/pages\/19249\/revisions"}],"predecessor-version":[{"id":51981,"href":"https:\/\/www.urlaubcornwall.de\/blog\/wp-json\/wp\/v2\/pages\/19249\/revisions\/51981"}],"wp:attachment":[{"href":"https:\/\/www.urlaubcornwall.de\/blog\/wp-json\/wp\/v2\/media?parent=19249"}],"curies":[{"name":"wp","href":"https:\/\/api.w.org\/{rel}","templated":true}]}}