{"id":19235,"date":"2015-06-13T09:28:40","date_gmt":"2015-06-13T09:28:40","guid":{"rendered":"https:\/\/www.urlaubcornwall.de\/blog\/?page_id=19235"},"modified":"2024-04-15T15:08:20","modified_gmt":"2024-04-15T15:08:20","slug":"5-malerische-autofahrten-durch-cornwall-probieren-sie-sie-aus","status":"publish","type":"page","link":"https:\/\/www.urlaubcornwall.de\/blog\/5-malerische-autofahrten-durch-cornwall-probieren-sie-sie-aus\/","title":{"rendered":"5 malerische Autofahrten durch Cornwall \u2013 probieren Sie sie aus."},"content":{"rendered":"<p>Packen Sie ein Picknick zusammen und machen Sie sich darauf gefasst, verzaubert zu werden; erleben Sie die Autofahrt Ihres Lebens in <a href=\"http:\/\/www.urlaubcornwall.de\/reiseziel\/cornwall.php\">Cornwall<\/a>.<\/p>\n<p><img loading=\"lazy\" class=\"aligncenter size-full wp-image-42216\" src=\"https:\/\/www.urlaubcornwall.de\/blog\/wp-content\/uploads\/2021\/08\/pendower-strand_urlaub2.jpg\" alt=\"pendower strand_urlaub\" width=\"750\" height=\"536\" srcset=\"https:\/\/www.urlaubcornwall.de\/blog\/wp-content\/uploads\/2021\/08\/pendower-strand_urlaub2.jpg 750w, https:\/\/www.urlaubcornwall.de\/blog\/wp-content\/uploads\/2021\/08\/pendower-strand_urlaub2-300x214.jpg 300w\" sizes=\"(max-width: 750px) 100vw, 750px\" \/><\/p>\n<p><strong>Die Roseland Halbinsel: <\/strong>Machen Sie sich auf Richtung <a href=\"http:\/\/www.urlaubcornwall.de\/roseland-halbinsel.php\">Roseland Halbinsel<\/a>&nbsp; und erleben Sie die ultimative cornische Autofahrt schlechthin; denn hier sind einspurige Wege die Norm und ein malerischer Blick belohnt so manches aufregende Man\u00f6ver. Nehmen Sie von Tregony aus, dem Tor der Roseland Halbinsel, die kurvige A3078 nach St Mawes und erfreuen Sie sich daran, ein Netzwerk kleiner Stra\u00dfen zu erkunden, die zu den versteckten Juwelen wie Carne, Pendower, Portloe und <a href=\"https:\/\/www.urlaubcornwall.de\/ferienhaeuser-fewos\/veryan.html\">Veryan<\/a> f\u00fchren. Vervollst\u00e4ndigen Sie das Erlebnis, indem Sie den Fluss Fal an Bord der ikonischen <a href=\"http:\/\/www.urlaubcornwall.de\/auf-dem-fluss-fal-unterwegs.php\">King Harry F\u00e4hre<\/a> \u00fcberqueren.<\/p>\n<div id=\"attachment_19237\" style=\"width: 754px\" class=\"wp-caption aligncenter\"><a href=\"https:\/\/www.urlaubcornwall.de\/blog\/wp-content\/uploads\/2015\/06\/MJhSrzJ_11.jpg\"><img aria-describedby=\"caption-attachment-19237\" loading=\"lazy\" class=\"size-full wp-image-19237\" src=\"https:\/\/www.urlaubcornwall.de\/blog\/wp-content\/uploads\/2015\/06\/MJhSrzJ_11.jpg\" alt=\"Sennen Cove\" width=\"748\" height=\"371\"\/><\/a><p id=\"caption-attachment-19237\" class=\"wp-caption-text\">Sennen Cove, Lands End<\/p><\/div>\n<p><strong>von Zennor nach Sennen: <\/strong>Dieser Stra\u00dfenabschnitt gew\u00e4hrt einen herrlich weiten Blick \u00fcber die K\u00fcste <a href=\"https:\/\/www.urlaubcornwall.de\/ferienhaeuser-fewos\/west-cornwall.html\">Westcornwalls<\/a> hinweg. Die Strecke umarmt buchst\u00e4blich die abgeschiedene K\u00fcstenlinie und f\u00e4llt zur\u00fcck \u00fcber Felder, die sich auf m\u00e4chtigen Klippen befinden. Mit jeder Biegung wird der Blick noch herrlicher denn zuvor, bis mit Sennen der H\u00f6hepunkt der Reise schlechthin erreicht ist mit Blick auf den ber\u00fchmten Longships Leuchtturm.<\/p>\n<p><img loading=\"lazy\" class=\"aligncenter size-full wp-image-27897\" src=\"https:\/\/www.urlaubcornwall.de\/blog\/wp-content\/uploads\/2015\/06\/Whitsand-Bay-urlaub.jpg\" alt=\"Whitsand Bay\" width=\"746\" height=\"358\" srcset=\"https:\/\/www.urlaubcornwall.de\/blog\/wp-content\/uploads\/2015\/06\/Whitsand-Bay-urlaub.jpg 746w, https:\/\/www.urlaubcornwall.de\/blog\/wp-content\/uploads\/2015\/06\/Whitsand-Bay-urlaub-300x144.jpg 300w\" sizes=\"(max-width: 746px) 100vw, 746px\" \/><\/p>\n<p><strong>Whitsand Bucht: <\/strong>Wollen sie die maximale Wirkung erleben, beginnen Sie bei Rame Head und nehmen Sie die K\u00fcstenstra\u00dfe, die oberhalb der <a href=\"https:\/\/www.urlaubcornwall.de\/ferienhaeuser-fewos\/whitsand-bay.html\">Whitsand Bucht<\/a> entlangf\u00fchrt Richtung Westen, so dass Sie die K\u00fcste zu Ihrer Linken in ihrer vollen Sch\u00f6nheit sehen k\u00f6nnen. Die Stra\u00dfe f\u00fchrt hoch \u00fcber dem f\u00fcnf Meilen langen goldenen Sandstrand und den zerkl\u00fcfteten Klippen entlang. Sie ziehen vorbei an Strandh\u00fctten, die auf den Klippen thronen, dann fahren Sie durch Freathy und weiter nach Crafthole, wo es dann weiter nach Looe geht.<\/p>\n<p><img loading=\"lazy\" class=\"aligncenter size-full wp-image-47906\" src=\"https:\/\/www.urlaubcornwall.de\/blog\/wp-content\/uploads\/2024\/03\/ferienhaus-boscastle.jpg\" alt=\"ferienhaus boscastle\" width=\"750\" height=\"498\"\/><\/p>\n<p><strong>von Boscastle nach Bude: <\/strong>Nehmen Sie die kleine K\u00fcstenstra\u00dfe von <a href=\"https:\/\/www.urlaubcornwall.de\/ferienhaeuser-fewos\/boscastle.html\">Boscastle<\/a> an und steuern Sie n\u00f6rdlich entlang der B3263 Richtung <a href=\"https:\/\/www.urlaubcornwall.de\/ferienhaeuser-fewos\/bude.html\">Bude<\/a>. Somit fahren Sie an einer von Cornwalls malerischsten K\u00fcstenabschnitten entlang. Ihr Auto wird den Biegungen der dramatischen K\u00fcste folgen und \u00fcber die h\u00f6chsten Klippen Cornwalls hinwegschweben, welche sich 223m \u00fcber dem Meeresspiegel befinden. Von der Stra\u00dfe aus gibt es Abzweigm\u00f6glichkeiten durch Crackington Haven und 1 Meile weiter eine Linksabbiegung bei der Tremayna Methodistenkirche Richtung Coxford und Widemouth Bay, wo Sie auf einmal herrlichen Meeresblick haben werden. Die Brandung und goldenen Str\u00e4nde begleiten die Stra\u00dfe bis nach Bude, und Autofahrer werden eine Menge n\u00fctzlicher Rastpl\u00e4tze entlang der Route vorfinden, die dazu verf\u00fchren, den Blick aufzusaugen.<\/p>\n<p><img loading=\"lazy\" class=\"aligncenter size-full wp-image-23440\" src=\"https:\/\/www.urlaubcornwall.de\/blog\/wp-content\/uploads\/2016\/04\/urlaub-padstow.jpg\" alt=\"urlaub padstow\" width=\"748\" height=\"376\"\/><\/p>\n<p><strong>von Newquay nach Padstow: <\/strong><br \/>\nNehmen Sie die malerische Route entlang atemberaubender wundersch\u00f6ner K\u00fcstenstra\u00dfen, welche <a href=\"https:\/\/www.urlaubcornwall.de\/ferienhaeuser-fewos\/newquay.html\">Newquay<\/a> und <a href=\"https:\/\/www.urlaubcornwall.de\/ferienhaeuser-fewos\/padstow.html\">Padstow<\/a> verbinden. Sobald Newquay in Ihrem R\u00fcckspiegel verschwindet, werden Sie durch Porth, Watergate Bay und Mawgan Porth rauschen entlang deren goldenen Surfstr\u00e4nden und engen Kurven, bevor Sie die schmale K\u00fcstenstra\u00dfe Richtung Padstow erreichen. Weichen Sie ab von der B3276, und Sie werden die ber\u00fcchtigten sieben Buchten finden: Porthcothan, Treyarnon, Constantine, Boobys, Mother Iveys, Harlyn und <a href=\"https:\/\/www.urlaubcornwall.de\/ferienhaeuser-fewos\/trevone.html\">Trevone<\/a>.<\/p>\n<div class=\"snippet\"> <a class=\"featured-item\" href=\"https:\/\/www.urlaubcornwall.de\/ferienhaeuser\/cornwall.php\"> <span class=\"image-holder\" style=\"background-image: url(' https:\/\/www.urlaubcornwall.de\/blog\/wp-content\/uploads\/2018\/12\/ferienhaus-cornwall-mit-hund.jpg ');\"><\/span> <span class=\"featured-content\"> \n<h2 class=\"featured-title\">Ferienh\u00e4user in Cornwall zum Verlieben!<\/h2>\n<p class=\"featured-body\">Cornwall besitzt mehr K\u00fcstenlinien als jede andere Grafschaft und bietet einige der besten Str\u00e4nde, K\u00fcstenwanderwege und Klippenlandschaften, die man \u00fcberhaupt finden kann&#8230;.<\/p><\/span> <span class=\"featured-link-holder\"> <span class=\"featured-extra-info\"> \n<p>F\u00fcr Paare, Familien &#038; Gruppen<\/p>\n<\/span> \n<p class=\"featured-link\">DETAILS<\/p>\n<\/span> <\/a><\/div>\n<div class=\"snippet\"> <a class=\"featured-item\" href=\" https:\/\/www.urlaubcornwall.de\/rundreisen\/cornwall-suedengland.php\"> <span class=\"image-holder\" style=\"background-image: url(' https:\/\/www.urlaubcornwall.de\/blog\/wp-content\/uploads\/2018\/11\/rundreise-cornwall.jpg ');\"><\/span> <span class=\"featured-content\"> \n<h2 class=\"featured-title\">Individuelle Rundreise in Cornwall &#038; S\u00fcdengland<\/h2>\n<p class=\"featured-body\"> Bei dieser Cornwall Rundreise entdecken Sie die H\u00f6hepunkte S\u00fcdenglands. Kultur, Geschichte, Landschaft und heutiges Leben werden Sie hierbei kennenlernen&#8230;<\/p>\n<\/span> <span class=\"featured-link-holder\"> <span class=\"featured-extra-info\"> \n<p>Urlaub im eigenen Schritttempo<\/p>\n<\/span> \n<p class=\"featured-link\">DETAILS<\/p>\n<\/span> <\/a><\/div>\n<p><iframe loading=\"lazy\" src=\"https:\/\/www.google.com\/maps\/d\/embed?mid=zPZ6ttwx7pSg.kEK6bc2mLMsY\" width=\"740\" height=\"600\"><\/iframe><\/p>\n","protected":false},"excerpt":{"rendered":"<p>Packen Sie ein Picknick zusammen und machen Sie sich darauf gefasst, verzaubert zu werden; erleben Sie die Autofahrt Ihres Lebens in Cornwall. Die Roseland Halbinsel: Machen Sie sich auf Richtung Roseland Halbinsel&nbsp; und erleben Sie die ultimative cornische Autofahrt schlechthin; denn hier sind einspurige Wege die Norm und ein malerischer Blick belohnt so manches aufregende [&hellip;]<\/p>\n","protected":false},"author":1,"featured_media":0,"parent":0,"menu_order":0,"comment_status":"closed","ping_status":"closed","template":"single-four.php","meta":[],"acf":[],"yoast_head":"<!-- This site is optimized with the Yoast SEO plugin v19.4 - https:\/\/yoast.com\/wordpress\/plugins\/seo\/ -->\n<title>5 malerische Autofahrten durch Cornwall \u2013 probieren Sie sie aus. - Urlaub &amp; Reisen<\/title>\n<meta name=\"robots\" content=\"index, follow, max-snippet:-1, max-image-preview:large, max-video-preview:-1\" \/>\n<link rel=\"canonical\" href=\"https:\/\/www.urlaubcornwall.de\/blog\/5-malerische-autofahrten-durch-cornwall-probieren-sie-sie-aus\/\" \/>\n<meta property=\"og:locale\" content=\"en_US\" \/>\n<meta property=\"og:type\" content=\"article\" \/>\n<meta property=\"og:title\" content=\"5 malerische Autofahrten durch Cornwall \u2013 probieren Sie sie aus. - Urlaub &amp; Reisen\" \/>\n<meta property=\"og:description\" content=\"Packen Sie ein Picknick zusammen und machen Sie sich darauf gefasst, verzaubert zu werden; erleben Sie die Autofahrt Ihres Lebens in Cornwall. Die Roseland Halbinsel: Machen Sie sich auf Richtung Roseland Halbinsel&nbsp; und erleben Sie die ultimative cornische Autofahrt schlechthin; denn hier sind einspurige Wege die Norm und ein malerischer Blick belohnt so manches aufregende [&hellip;]\" \/>\n<meta property=\"og:url\" content=\"https:\/\/www.urlaubcornwall.de\/blog\/5-malerische-autofahrten-durch-cornwall-probieren-sie-sie-aus\/\" \/>\n<meta property=\"og:site_name\" content=\"Urlaub &amp; Reisen\" \/>\n<meta property=\"article:modified_time\" content=\"2024-04-15T15:08:20+00:00\" \/>\n<meta property=\"og:image\" content=\"https:\/\/www.urlaubcornwall.de\/blog\/wp-content\/uploads\/2021\/08\/pendower-strand_urlaub2.jpg\" \/>\n<meta name=\"twitter:card\" content=\"summary\" \/>\n<meta name=\"twitter:label1\" content=\"Est. reading time\" \/>\n\t<meta name=\"twitter:data1\" content=\"4 minutes\" \/>\n<script type=\"application\/ld+json\" class=\"yoast-schema-graph\">{\"@context\":\"https:\/\/schema.org\",\"@graph\":[{\"@type\":\"WebSite\",\"@id\":\"https:\/\/www.urlaubcornwall.de\/blog\/#website\",\"url\":\"https:\/\/www.urlaubcornwall.de\/blog\/\",\"name\":\"Urlaub &amp; Reisen\",\"description\":\"Urlaub, Reisen, Cornwall und S\u00fcdengland: eine perfekte Kombination\",\"potentialAction\":[{\"@type\":\"SearchAction\",\"target\":{\"@type\":\"EntryPoint\",\"urlTemplate\":\"https:\/\/www.urlaubcornwall.de\/blog\/?s={search_term_string}\"},\"query-input\":\"required name=search_term_string\"}],\"inLanguage\":\"en-US\"},{\"@type\":\"WebPage\",\"@id\":\"https:\/\/www.urlaubcornwall.de\/blog\/5-malerische-autofahrten-durch-cornwall-probieren-sie-sie-aus\/\",\"url\":\"https:\/\/www.urlaubcornwall.de\/blog\/5-malerische-autofahrten-durch-cornwall-probieren-sie-sie-aus\/\",\"name\":\"5 malerische Autofahrten durch Cornwall \u2013 probieren Sie sie aus. - Urlaub &amp; Reisen\",\"isPartOf\":{\"@id\":\"https:\/\/www.urlaubcornwall.de\/blog\/#website\"},\"datePublished\":\"2015-06-13T09:28:40+00:00\",\"dateModified\":\"2024-04-15T15:08:20+00:00\",\"breadcrumb\":{\"@id\":\"https:\/\/www.urlaubcornwall.de\/blog\/5-malerische-autofahrten-durch-cornwall-probieren-sie-sie-aus\/#breadcrumb\"},\"inLanguage\":\"en-US\",\"potentialAction\":[{\"@type\":\"ReadAction\",\"target\":[\"https:\/\/www.urlaubcornwall.de\/blog\/5-malerische-autofahrten-durch-cornwall-probieren-sie-sie-aus\/\"]}]},{\"@type\":\"BreadcrumbList\",\"@id\":\"https:\/\/www.urlaubcornwall.de\/blog\/5-malerische-autofahrten-durch-cornwall-probieren-sie-sie-aus\/#breadcrumb\",\"itemListElement\":[{\"@type\":\"ListItem\",\"position\":1,\"name\":\"Home\",\"item\":\"https:\/\/www.urlaubcornwall.de\/blog\/\"},{\"@type\":\"ListItem\",\"position\":2,\"name\":\"5 malerische Autofahrten durch Cornwall \u2013 probieren Sie sie aus.\"}]}]}<\/script>\n<!-- \/ Yoast SEO plugin. -->","yoast_head_json":{"title":"5 malerische Autofahrten durch Cornwall \u2013 probieren Sie sie aus. - Urlaub &amp; Reisen","robots":{"index":"index","follow":"follow","max-snippet":"max-snippet:-1","max-image-preview":"max-image-preview:large","max-video-preview":"max-video-preview:-1"},"canonical":"https:\/\/www.urlaubcornwall.de\/blog\/5-malerische-autofahrten-durch-cornwall-probieren-sie-sie-aus\/","og_locale":"en_US","og_type":"article","og_title":"5 malerische Autofahrten durch Cornwall \u2013 probieren Sie sie aus. - Urlaub &amp; Reisen","og_description":"Packen Sie ein Picknick zusammen und machen Sie sich darauf gefasst, verzaubert zu werden; erleben Sie die Autofahrt Ihres Lebens in Cornwall. Die Roseland Halbinsel: Machen Sie sich auf Richtung Roseland Halbinsel&nbsp; und erleben Sie die ultimative cornische Autofahrt schlechthin; denn hier sind einspurige Wege die Norm und ein malerischer Blick belohnt so manches aufregende [&hellip;]","og_url":"https:\/\/www.urlaubcornwall.de\/blog\/5-malerische-autofahrten-durch-cornwall-probieren-sie-sie-aus\/","og_site_name":"Urlaub &amp; Reisen","article_modified_time":"2024-04-15T15:08:20+00:00","og_image":[{"url":"https:\/\/www.urlaubcornwall.de\/blog\/wp-content\/uploads\/2021\/08\/pendower-strand_urlaub2.jpg"}],"twitter_card":"summary","twitter_misc":{"Est. reading time":"4 minutes"},"schema":{"@context":"https:\/\/schema.org","@graph":[{"@type":"WebSite","@id":"https:\/\/www.urlaubcornwall.de\/blog\/#website","url":"https:\/\/www.urlaubcornwall.de\/blog\/","name":"Urlaub &amp; Reisen","description":"Urlaub, Reisen, Cornwall und S\u00fcdengland: eine perfekte Kombination","potentialAction":[{"@type":"SearchAction","target":{"@type":"EntryPoint","urlTemplate":"https:\/\/www.urlaubcornwall.de\/blog\/?s={search_term_string}"},"query-input":"required name=search_term_string"}],"inLanguage":"en-US"},{"@type":"WebPage","@id":"https:\/\/www.urlaubcornwall.de\/blog\/5-malerische-autofahrten-durch-cornwall-probieren-sie-sie-aus\/","url":"https:\/\/www.urlaubcornwall.de\/blog\/5-malerische-autofahrten-durch-cornwall-probieren-sie-sie-aus\/","name":"5 malerische Autofahrten durch Cornwall \u2013 probieren Sie sie aus. - Urlaub &amp; Reisen","isPartOf":{"@id":"https:\/\/www.urlaubcornwall.de\/blog\/#website"},"datePublished":"2015-06-13T09:28:40+00:00","dateModified":"2024-04-15T15:08:20+00:00","breadcrumb":{"@id":"https:\/\/www.urlaubcornwall.de\/blog\/5-malerische-autofahrten-durch-cornwall-probieren-sie-sie-aus\/#breadcrumb"},"inLanguage":"en-US","potentialAction":[{"@type":"ReadAction","target":["https:\/\/www.urlaubcornwall.de\/blog\/5-malerische-autofahrten-durch-cornwall-probieren-sie-sie-aus\/"]}]},{"@type":"BreadcrumbList","@id":"https:\/\/www.urlaubcornwall.de\/blog\/5-malerische-autofahrten-durch-cornwall-probieren-sie-sie-aus\/#breadcrumb","itemListElement":[{"@type":"ListItem","position":1,"name":"Home","item":"https:\/\/www.urlaubcornwall.de\/blog\/"},{"@type":"ListItem","position":2,"name":"5 malerische Autofahrten durch Cornwall \u2013 probieren Sie sie aus."}]}]}},"_links":{"self":[{"href":"https:\/\/www.urlaubcornwall.de\/blog\/wp-json\/wp\/v2\/pages\/19235"}],"collection":[{"href":"https:\/\/www.urlaubcornwall.de\/blog\/wp-json\/wp\/v2\/pages"}],"about":[{"href":"https:\/\/www.urlaubcornwall.de\/blog\/wp-json\/wp\/v2\/types\/page"}],"author":[{"embeddable":true,"href":"https:\/\/www.urlaubcornwall.de\/blog\/wp-json\/wp\/v2\/users\/1"}],"replies":[{"embeddable":true,"href":"https:\/\/www.urlaubcornwall.de\/blog\/wp-json\/wp\/v2\/comments?post=19235"}],"version-history":[{"count":30,"href":"https:\/\/www.urlaubcornwall.de\/blog\/wp-json\/wp\/v2\/pages\/19235\/revisions"}],"predecessor-version":[{"id":49641,"href":"https:\/\/www.urlaubcornwall.de\/blog\/wp-json\/wp\/v2\/pages\/19235\/revisions\/49641"}],"wp:attachment":[{"href":"https:\/\/www.urlaubcornwall.de\/blog\/wp-json\/wp\/v2\/media?parent=19235"}],"curies":[{"name":"wp","href":"https:\/\/api.w.org\/{rel}","templated":true}]}}