{"id":19203,"date":"2015-06-08T11:24:39","date_gmt":"2015-06-08T11:24:39","guid":{"rendered":"https:\/\/www.urlaubcornwall.de\/blog\/?page_id=19203"},"modified":"2019-02-27T09:19:07","modified_gmt":"2019-02-27T09:19:07","slug":"luxus-ferienhaus-cotswolds-yarrow-cottage-chipping-norton","status":"publish","type":"page","link":"https:\/\/www.urlaubcornwall.de\/blog\/luxus-ferienhaus-cotswolds-yarrow-cottage-chipping-norton\/","title":{"rendered":"Luxus Ferienhaus Cotswolds: Yarrow Cottage, Chipping Norton."},"content":{"rendered":"<p><a href=\"https:\/\/www.urlaubcornwall.de\/blog\/wp-content\/uploads\/2015\/06\/750011.jpg\"><img loading=\"lazy\" class=\"aligncenter size-full wp-image-19206\" src=\"https:\/\/www.urlaubcornwall.de\/blog\/wp-content\/uploads\/2015\/06\/750011.jpg\" alt=\"ferienhaus cotswolds\" width=\"737\" height=\"415\" srcset=\"https:\/\/www.urlaubcornwall.de\/blog\/wp-content\/uploads\/2015\/06\/750011.jpg 737w, https:\/\/www.urlaubcornwall.de\/blog\/wp-content\/uploads\/2015\/06\/750011-300x169.jpg 300w\" sizes=\"(max-width: 737px) 100vw, 737px\" \/><\/a><\/p>\n<p><strong>Ferienhaus f\u00fcr 4 Personen + Kinderreisebett, 2 Schlafzimmern, hundefreundlich, Chipping Norton.<\/strong><\/p>\n<p>Dieses 300 Jahre alte reetgedeckte <a href=\"https:\/\/www.urlaubcornwall.de\/ferienhaeuser\/cotswolds.php\">Cotswolds Cottage<\/a> mit seinen Balken, Steinw\u00e4nden und Holzb\u00f6den wurde komplett renoviert in exklusiver Qualit\u00e4t und exklusivem Design, inspiriert von der es umgebenden Landschaft.<\/p>\n<h2>Auf einen Blick<\/h2>\n<p>Preis ab \u00a3950 f\u00fcr ein langes Wochenende im Winter bis zu \u00a32157 f\u00fcr eine Woche im Sommer<\/p>\n<p>perfekt f\u00fcr romantische Kurzurlaube<br \/>\nherrliche Dorflage<br \/>\nreetgedecktes Haus<br \/>\n\u00fcbergro\u00dfes Bett<br \/>\nKinder und ein Hund sind willkommen<br \/>\nperfekt f\u00fcr Flitterwochen<br \/>\nhundefreundlich<br \/>\noffene Kamine<br \/>\nin gehbarer Entfernung zur Kneipe<br \/>\nperfekt f\u00fcr Paare<\/p>\n<p>Klicken Sie auf<strong> <span style=\"text-decoration: underline;\"><a href=\"https:\/\/www.urlaubcornwall.de\/ferienhaeuser\/cotswolds.php\">\u201eDetails ansehen\u201c<\/a><\/span> <\/strong>f\u00fcr weitere Informationen in englischer Sprache und buchen Sie online bei unserem Partner Boutique Retreats.<\/p>\n<p><strong>Wohnbereich<\/strong><\/p>\n<p>Im Erdgeschoss befindet sich ein komfortables Wohnzimmer mit ma\u00dfgeschneidertem Erkerkuschelplatz und Sofas gegen\u00fcber des Holzofens. Ein 42\u201c Flachbildfernseher, DVD Player und iPod-Ladestation werden allesamt zur Verf\u00fcgung gestellt. Das Esszimmer mit Sitzm\u00f6glichkeit f\u00fcr sechs Personen bietet sich ideal an f\u00fcr intime Dinnerpartys, umgeben von Kerzen und kreativen Lichtquellen.<\/p>\n<p><strong>Kochbereich<\/strong><\/p>\n<p>Die voll ausgestattete K\u00fcche mit ihrem 5-Platten-Herd und Range-Ofen, Nespresso-Maschine und kostenfreier Spirituosenbar stellt sicher, dass am Tisch nichts fehlen wird. Unter der Sp\u00fcle befinden sich eine Sp\u00fclmaschine und eine Wasch-\/Trocknermaschine<\/p>\n<p><strong>Waschm\u00f6glichkeit<\/strong><\/p>\n<p>Das eindrucksvolle Badezimmer mit riesiger Kupferwanne, begehbarer Dusche, Zwillingsbecken und Fu\u00dfbodenheizung ist zweifelsohne Gespr\u00e4chsanlass dieses luxuri\u00f6sen Cottages.<\/p>\n<p><strong>Schlafm\u00f6glichkeit<\/strong><\/p>\n<p>Im Obergeschoss vermitteln die Gew\u00f6lbedecken ein Gef\u00fchl an Leichtigkeit und Raum. Es gibt zwei wundersch\u00f6ne Schlafzimmer mit indischen und balinesischen Einfl\u00fcssen, gemischt mit dem ganz eigenen Flair des Besitzers. Im Hauptschlafzimmer befindet sich ein \u00fcbergro\u00dfes Bett, begehbare Garderoben f\u00fcr Sie und Ihn, ein Falchbildfernsehger\u00e4t, Bettw\u00e4sche hoher Qualit\u00e4t, Handt\u00fccher und Badem\u00e4ntel. Das zweite Schlafzimmer hat ein Doppelbett mit Einbauschrank.<\/p>\n<p><strong>Garten<\/strong><\/p>\n<p>Das Haus hat einen kleinen Vorgarten und einen etwas gr\u00f6\u00dferen, eingegrenzten hinteren Garten.<\/p>\n<p><strong>Parkm\u00f6glichkeit<\/strong><\/p>\n<p>Direkt vor dem Haus gibt es eine kostenfreie Parkm\u00f6glichkeit an der Stra\u00dfe.<\/p>\n<p><strong>WiFi<\/strong><\/p>\n<p>Yarrow Cottage hat WiFi, so dass Sie mit der Welt in Verbindung bleiben k\u00f6nnen.<\/p>\n<p><strong>Hundefreundlich<\/strong><\/p>\n<p>Ihr Hund ist herzlich willkommen f\u00fcr \u00a330 pro Hund pro Woche oder Kurzurlaub.<\/p>\n<p><strong>Lage<\/strong><\/p>\n<p>Yarrow Cottage liegt in Churchill, lediglich einen dreimin\u00fctigen Spaziergang von der Kneipe entfernt, dem Dorfpark und der Kirche. Churchill liegt zwischen Kingham (Hauptzugverbindung nach Paddington) und Chipping Norton; eine jeweils f\u00fcnfmin\u00fctige Autofahrt entfernt.<\/p>\n<p><strong>Erkundungen<\/strong><\/p>\n<p>Das Dorf Churchill ist typisch f\u00fcr Cotswolds mit seiner gro\u00dfen Dorfparkanlage, einschlie\u00dflich des eigenen Kricketfelds, einer herrlichen Kirche, die dem Dorf seinen Namen gibt und wahrscheinlich der besten Kneipe der Gegend.<\/p>\n<p>Lediglich drei Meilen von der Marktstadt Chipping Norton entfernt, f\u00fcnf Meilen von Stow-on-the-Wold und 10 Meilen von Burford, liegt Churchill direkt im Zentrum des goldenen Dreiecks der Cotswolds.<\/p>\n<p>Lucky Onions herrliche Kneipe \u201eThe Chequers\u201c befindet sich im Dorfzentrum und bietet fantastische Speisen, Weine und Biere zusammen mit urspr\u00fcnglich amerikanischer Country- und Folksmusik.<\/p>\n","protected":false},"excerpt":{"rendered":"<p>Ferienhaus f\u00fcr 4 Personen + Kinderreisebett, 2 Schlafzimmern, hundefreundlich, Chipping Norton. Dieses 300 Jahre alte reetgedeckte Cotswolds Cottage mit seinen Balken, Steinw\u00e4nden und Holzb\u00f6den wurde komplett renoviert in exklusiver Qualit\u00e4t und exklusivem Design, inspiriert von der es umgebenden Landschaft. Auf einen Blick Preis ab \u00a3950 f\u00fcr ein langes Wochenende im Winter bis zu \u00a32157 f\u00fcr [&hellip;]<\/p>\n","protected":false},"author":1,"featured_media":0,"parent":0,"menu_order":0,"comment_status":"closed","ping_status":"closed","template":"single-four.php","meta":[],"acf":[],"yoast_head":"<!-- This site is optimized with the Yoast SEO plugin v19.4 - https:\/\/yoast.com\/wordpress\/plugins\/seo\/ -->\n<title>Luxus Ferienhaus Cotswolds: Yarrow Cottage, Chipping Norton. - Urlaub &amp; Reisen<\/title>\n<meta name=\"robots\" content=\"index, follow, max-snippet:-1, max-image-preview:large, max-video-preview:-1\" \/>\n<link rel=\"canonical\" href=\"https:\/\/www.urlaubcornwall.de\/blog\/luxus-ferienhaus-cotswolds-yarrow-cottage-chipping-norton\/\" \/>\n<meta property=\"og:locale\" content=\"en_US\" \/>\n<meta property=\"og:type\" content=\"article\" \/>\n<meta property=\"og:title\" content=\"Luxus Ferienhaus Cotswolds: Yarrow Cottage, Chipping Norton. - Urlaub &amp; Reisen\" \/>\n<meta property=\"og:description\" content=\"Ferienhaus f\u00fcr 4 Personen + Kinderreisebett, 2 Schlafzimmern, hundefreundlich, Chipping Norton. Dieses 300 Jahre alte reetgedeckte Cotswolds Cottage mit seinen Balken, Steinw\u00e4nden und Holzb\u00f6den wurde komplett renoviert in exklusiver Qualit\u00e4t und exklusivem Design, inspiriert von der es umgebenden Landschaft. Auf einen Blick Preis ab \u00a3950 f\u00fcr ein langes Wochenende im Winter bis zu \u00a32157 f\u00fcr [&hellip;]\" \/>\n<meta property=\"og:url\" content=\"https:\/\/www.urlaubcornwall.de\/blog\/luxus-ferienhaus-cotswolds-yarrow-cottage-chipping-norton\/\" \/>\n<meta property=\"og:site_name\" content=\"Urlaub &amp; Reisen\" \/>\n<meta property=\"article:modified_time\" content=\"2019-02-27T09:19:07+00:00\" \/>\n<meta property=\"og:image\" content=\"https:\/\/www.urlaubcornwall.de\/blog\/wp-content\/uploads\/2015\/06\/750011.jpg\" \/>\n<meta name=\"twitter:card\" content=\"summary\" \/>\n<meta name=\"twitter:label1\" content=\"Est. reading time\" \/>\n\t<meta name=\"twitter:data1\" content=\"2 minutes\" \/>\n<script type=\"application\/ld+json\" class=\"yoast-schema-graph\">{\"@context\":\"https:\/\/schema.org\",\"@graph\":[{\"@type\":\"WebSite\",\"@id\":\"https:\/\/www.urlaubcornwall.de\/blog\/#website\",\"url\":\"https:\/\/www.urlaubcornwall.de\/blog\/\",\"name\":\"Urlaub &amp; Reisen\",\"description\":\"Urlaub, Reisen, Cornwall und S\u00fcdengland: eine perfekte Kombination\",\"potentialAction\":[{\"@type\":\"SearchAction\",\"target\":{\"@type\":\"EntryPoint\",\"urlTemplate\":\"https:\/\/www.urlaubcornwall.de\/blog\/?s={search_term_string}\"},\"query-input\":\"required name=search_term_string\"}],\"inLanguage\":\"en-US\"},{\"@type\":\"WebPage\",\"@id\":\"https:\/\/www.urlaubcornwall.de\/blog\/luxus-ferienhaus-cotswolds-yarrow-cottage-chipping-norton\/\",\"url\":\"https:\/\/www.urlaubcornwall.de\/blog\/luxus-ferienhaus-cotswolds-yarrow-cottage-chipping-norton\/\",\"name\":\"Luxus Ferienhaus Cotswolds: Yarrow Cottage, Chipping Norton. - Urlaub &amp; Reisen\",\"isPartOf\":{\"@id\":\"https:\/\/www.urlaubcornwall.de\/blog\/#website\"},\"datePublished\":\"2015-06-08T11:24:39+00:00\",\"dateModified\":\"2019-02-27T09:19:07+00:00\",\"breadcrumb\":{\"@id\":\"https:\/\/www.urlaubcornwall.de\/blog\/luxus-ferienhaus-cotswolds-yarrow-cottage-chipping-norton\/#breadcrumb\"},\"inLanguage\":\"en-US\",\"potentialAction\":[{\"@type\":\"ReadAction\",\"target\":[\"https:\/\/www.urlaubcornwall.de\/blog\/luxus-ferienhaus-cotswolds-yarrow-cottage-chipping-norton\/\"]}]},{\"@type\":\"BreadcrumbList\",\"@id\":\"https:\/\/www.urlaubcornwall.de\/blog\/luxus-ferienhaus-cotswolds-yarrow-cottage-chipping-norton\/#breadcrumb\",\"itemListElement\":[{\"@type\":\"ListItem\",\"position\":1,\"name\":\"Home\",\"item\":\"https:\/\/www.urlaubcornwall.de\/blog\/\"},{\"@type\":\"ListItem\",\"position\":2,\"name\":\"Luxus Ferienhaus Cotswolds: Yarrow Cottage, Chipping Norton.\"}]}]}<\/script>\n<!-- \/ Yoast SEO plugin. -->","yoast_head_json":{"title":"Luxus Ferienhaus Cotswolds: Yarrow Cottage, Chipping Norton. - Urlaub &amp; Reisen","robots":{"index":"index","follow":"follow","max-snippet":"max-snippet:-1","max-image-preview":"max-image-preview:large","max-video-preview":"max-video-preview:-1"},"canonical":"https:\/\/www.urlaubcornwall.de\/blog\/luxus-ferienhaus-cotswolds-yarrow-cottage-chipping-norton\/","og_locale":"en_US","og_type":"article","og_title":"Luxus Ferienhaus Cotswolds: Yarrow Cottage, Chipping Norton. - Urlaub &amp; Reisen","og_description":"Ferienhaus f\u00fcr 4 Personen + Kinderreisebett, 2 Schlafzimmern, hundefreundlich, Chipping Norton. Dieses 300 Jahre alte reetgedeckte Cotswolds Cottage mit seinen Balken, Steinw\u00e4nden und Holzb\u00f6den wurde komplett renoviert in exklusiver Qualit\u00e4t und exklusivem Design, inspiriert von der es umgebenden Landschaft. Auf einen Blick Preis ab \u00a3950 f\u00fcr ein langes Wochenende im Winter bis zu \u00a32157 f\u00fcr [&hellip;]","og_url":"https:\/\/www.urlaubcornwall.de\/blog\/luxus-ferienhaus-cotswolds-yarrow-cottage-chipping-norton\/","og_site_name":"Urlaub &amp; Reisen","article_modified_time":"2019-02-27T09:19:07+00:00","og_image":[{"url":"https:\/\/www.urlaubcornwall.de\/blog\/wp-content\/uploads\/2015\/06\/750011.jpg"}],"twitter_card":"summary","twitter_misc":{"Est. reading time":"2 minutes"},"schema":{"@context":"https:\/\/schema.org","@graph":[{"@type":"WebSite","@id":"https:\/\/www.urlaubcornwall.de\/blog\/#website","url":"https:\/\/www.urlaubcornwall.de\/blog\/","name":"Urlaub &amp; Reisen","description":"Urlaub, Reisen, Cornwall und S\u00fcdengland: eine perfekte Kombination","potentialAction":[{"@type":"SearchAction","target":{"@type":"EntryPoint","urlTemplate":"https:\/\/www.urlaubcornwall.de\/blog\/?s={search_term_string}"},"query-input":"required name=search_term_string"}],"inLanguage":"en-US"},{"@type":"WebPage","@id":"https:\/\/www.urlaubcornwall.de\/blog\/luxus-ferienhaus-cotswolds-yarrow-cottage-chipping-norton\/","url":"https:\/\/www.urlaubcornwall.de\/blog\/luxus-ferienhaus-cotswolds-yarrow-cottage-chipping-norton\/","name":"Luxus Ferienhaus Cotswolds: Yarrow Cottage, Chipping Norton. - Urlaub &amp; Reisen","isPartOf":{"@id":"https:\/\/www.urlaubcornwall.de\/blog\/#website"},"datePublished":"2015-06-08T11:24:39+00:00","dateModified":"2019-02-27T09:19:07+00:00","breadcrumb":{"@id":"https:\/\/www.urlaubcornwall.de\/blog\/luxus-ferienhaus-cotswolds-yarrow-cottage-chipping-norton\/#breadcrumb"},"inLanguage":"en-US","potentialAction":[{"@type":"ReadAction","target":["https:\/\/www.urlaubcornwall.de\/blog\/luxus-ferienhaus-cotswolds-yarrow-cottage-chipping-norton\/"]}]},{"@type":"BreadcrumbList","@id":"https:\/\/www.urlaubcornwall.de\/blog\/luxus-ferienhaus-cotswolds-yarrow-cottage-chipping-norton\/#breadcrumb","itemListElement":[{"@type":"ListItem","position":1,"name":"Home","item":"https:\/\/www.urlaubcornwall.de\/blog\/"},{"@type":"ListItem","position":2,"name":"Luxus Ferienhaus Cotswolds: Yarrow Cottage, Chipping Norton."}]}]}},"_links":{"self":[{"href":"https:\/\/www.urlaubcornwall.de\/blog\/wp-json\/wp\/v2\/pages\/19203"}],"collection":[{"href":"https:\/\/www.urlaubcornwall.de\/blog\/wp-json\/wp\/v2\/pages"}],"about":[{"href":"https:\/\/www.urlaubcornwall.de\/blog\/wp-json\/wp\/v2\/types\/page"}],"author":[{"embeddable":true,"href":"https:\/\/www.urlaubcornwall.de\/blog\/wp-json\/wp\/v2\/users\/1"}],"replies":[{"embeddable":true,"href":"https:\/\/www.urlaubcornwall.de\/blog\/wp-json\/wp\/v2\/comments?post=19203"}],"version-history":[{"count":5,"href":"https:\/\/www.urlaubcornwall.de\/blog\/wp-json\/wp\/v2\/pages\/19203\/revisions"}],"predecessor-version":[{"id":36563,"href":"https:\/\/www.urlaubcornwall.de\/blog\/wp-json\/wp\/v2\/pages\/19203\/revisions\/36563"}],"wp:attachment":[{"href":"https:\/\/www.urlaubcornwall.de\/blog\/wp-json\/wp\/v2\/media?parent=19203"}],"curies":[{"name":"wp","href":"https:\/\/api.w.org\/{rel}","templated":true}]}}