{"id":19180,"date":"2015-06-08T09:13:04","date_gmt":"2015-06-08T09:13:04","guid":{"rendered":"https:\/\/www.urlaubcornwall.de\/blog\/?page_id=19180"},"modified":"2018-09-24T10:39:32","modified_gmt":"2018-09-24T10:39:32","slug":"ferienhaus-lymington-yachtsmans-cottage-hampshire-suedkueste-england","status":"publish","type":"page","link":"https:\/\/www.urlaubcornwall.de\/blog\/ferienhaus-lymington-yachtsmans-cottage-hampshire-suedkueste-england\/","title":{"rendered":"Ferienhaus Lymington: Yachtsman&#8217;s Cottage, Hampshire, S\u00fcdk\u00fcste England."},"content":{"rendered":"<p><a href=\"https:\/\/www.urlaubcornwall.de\/blog\/wp-content\/uploads\/2015\/06\/8500122.jpg\"><img loading=\"lazy\" class=\"aligncenter size-full wp-image-19197\" src=\"https:\/\/www.urlaubcornwall.de\/blog\/wp-content\/uploads\/2015\/06\/8500122.jpg\" alt=\"luxus ferienhaus lymington hampshire england\" width=\"737\" height=\"415\" srcset=\"https:\/\/www.urlaubcornwall.de\/blog\/wp-content\/uploads\/2015\/06\/8500122.jpg 737w, https:\/\/www.urlaubcornwall.de\/blog\/wp-content\/uploads\/2015\/06\/8500122-300x169.jpg 300w\" sizes=\"(max-width: 737px) 100vw, 737px\" \/><\/a><\/p>\n<p><strong>Luxus Ferienhaus f\u00fcr 4 Personen,&nbsp;2 Schlafzimmer,&nbsp;hundefreundlich, in Lymington in der N\u00e4he New Forest Nationpark. Preis ab \u00a3706 f\u00fcr ein langes Wochenende im Winter bis zu \u00a31563 f\u00fcr eine Woche im Sommer<\/strong><\/p>\n<p>Einen Steinwurf vom K\u00f6niglichen Lymington Yacht Klub entfernt, einem der exklusivsten Klubs von Hampshire und der S\u00fcdk\u00fcste Englands, besticht dieses gewei\u00dfelte Cottage mit einem luxuri\u00f6sen Inneren mit einer eklektischen Mischung an antiker und \u00fcberaus bequemer Einrichtung. Es ist nur ein kurzer Spaziergang zum Kai und der Altstadt, die randvoll ist mit Restaurants, Kaffeh\u00e4usern und Kneipen; ein herrlicher Ort, um zu entspannen und die Welt vor\u00fcberziehen zu lassen. Der nahe gelegene New Forest Nationalpark hat zahlreiche Pfade zum Dahinschlendern und meilenweite Radfahrstrecken f\u00fcr die Energiegeladenen.<\/p>\n<h2>Auf einen Blick<\/h2>\n<p>perfekt f\u00fcr romantische Kurzurlaube<\/p>\n<p>herrliche, nahe gelegene Restaurants und Bars<\/p>\n<p>Blick zum Fluss vom Hauptschlafzimmer aus<\/p>\n<p>in gehbarer Entfernung zu den Restaurants am Kai<\/p>\n<p>eine kurze Fahrt zum New Forest Nationalpark entfernt<\/p>\n<p>nahe gelegene Str\u00e4nde<\/p>\n<p>Parkm\u00f6glichkeit<\/p>\n<p>Meeresblick<\/p>\n<p>hundefreundlich<\/p>\n<p>offene Kaminegehbare Entfernung zur Kneipe<\/p>\n<p>perfekt f\u00fcr Paare<\/p>\n<p><strong>Klicken Sie auf <a href=\"https:\/\/www.boutique-retreats.co.uk\/luxury-cottages-hampshire\/lymington\/yachtsman%27s%20cottage-85.html?utm_referral=urlaubcornwall.de\" rel=\"nofollow\"><span style=\"text-decoration: underline;\">Details Ansehen<\/span><\/a> f\u00fcr weitere Informationen in englischer Sprache und buchen Sie online bei unserem Partner Boutique Retreats.<\/strong><\/p>\n<p><strong>Wohnbereich<\/strong><\/p>\n<p>Das Luxus-Ferienhaus ist ein wundersch\u00f6ner und sehr stilvoller R\u00fcckzugsort in Farben, die das Blau des umgebenden Ozeans widerspiegeln. Der Holzofen ist perfekt f\u00fcr jene k\u00fchleren N\u00e4chte, wenn Sie sich in die luxuri\u00f6sen weichen Sitzm\u00f6bel kuscheln oder einfach nur entspannen k\u00f6nnen mit einem guten Buch und einem Glas Wein.<\/p>\n<p><strong>Essbereich<\/strong><\/p>\n<p>Der offene Wohn-\/Ess- und K\u00fcchenbereich erlaubt es Ihnen, Zeit miteinander zu verbringen. Die K\u00fcche ist voll ausgestattet mit allem, was Sie brauchen, um ein romantisches Abendessen oder ein k\u00f6stliches Mittagsmahl zuzubereiten, das Sie dann im Garten genie\u00dfen k\u00f6nnen.<\/p>\n<p><strong>Schlafbereich<\/strong><\/p>\n<p>Das Hauptschlafzimmer hat Blick zum Fluss und ein \u00fcbergro\u00dfes, super komfortables Bett mit luxuri\u00f6ser G\u00e4nsefederdecke und herrlicher Bettw\u00e4sche. Das zweite Schlafzimmer hat ein Standard-Doppelbett, ideal f\u00fcr zwei Kinder oder zwei sehr traute Erwachsene, sowie ein En-Suite-Badezimmer.<\/p>\n<p><strong>Waschbereich<\/strong><\/p>\n<p>Der Duschraum im Erdgeschoss ist ideal, wenn Sie mit nassen Segelklamotten oder sandigen F\u00fc\u00dfen vom Strand kommen. Das zweite Schlafzimmer hat ein En-Suite-Badezimmer mit Wanne und angeschlossener Dusche; beide verf\u00fcgen \u00fcber herrliche Ren-Pflegeprodukte.<\/p>\n<p><strong>Au\u00dfenbereich<\/strong><\/p>\n<p>Der gesch\u00fctzte Hofgarten ist s\u00fcdwestlich gelegen und somit ein ruhiges Sonnenfleckchen. Genie\u00dfen Sie Mahlzeiten im Freien, planen Sie Ihren Tag mit einem Kaffee oder g\u00f6nnen Sie sich ein Glas Sekt. Die nahegelegenen Hofl\u00e4den bieten eine Reihe lokaler Produkte, falls Sie grillen m\u00f6chten.<\/p>\n<p><strong>WiFi<\/strong><\/p>\n<p>Superschnelle Internetverbindung im gesamten Haus erm\u00f6glicht es Ihnen, bei Bedarf in Verbindung zu bleiben.<\/p>\n<p><strong>Hundefreundlich<\/strong><\/p>\n<p>Ein Hund ist herzlich willkommen f\u00fcr \u00a330 pro Woche oder Kurzurlaub.<\/p>\n<p><strong>Parkm\u00f6glichkeit<\/strong><\/p>\n<p>Sie k\u00f6nnen am Haus parken, um auszuladen, doch dann werden Sie Ihr Auto in den \u00f6ffentlichen Parkplatz neben dem Lymington Yacht Club stellen m\u00fcssen. Eine New Forest \u00b4Parkscheibe` wird zur Verf\u00fcgung gestellt. Damit k\u00f6nnen Sie in den ausgeschilderten Parkfl\u00e4chen kostenfrei parken.<\/p>\n\n","protected":false},"excerpt":{"rendered":"<p>Luxus Ferienhaus f\u00fcr 4 Personen,&nbsp;2 Schlafzimmer,&nbsp;hundefreundlich, in Lymington in der N\u00e4he New Forest Nationpark. Preis ab \u00a3706 f\u00fcr ein langes Wochenende im Winter bis zu \u00a31563 f\u00fcr eine Woche im Sommer Einen Steinwurf vom K\u00f6niglichen Lymington Yacht Klub entfernt, einem der exklusivsten Klubs von Hampshire und der S\u00fcdk\u00fcste Englands, besticht dieses gewei\u00dfelte Cottage mit einem [&hellip;]<\/p>\n","protected":false},"author":1,"featured_media":0,"parent":0,"menu_order":0,"comment_status":"closed","ping_status":"closed","template":"single-four.php","meta":[],"acf":[],"yoast_head":"<!-- This site is optimized with the Yoast SEO plugin v19.4 - https:\/\/yoast.com\/wordpress\/plugins\/seo\/ -->\n<title>Ferienhaus Lymington: Yachtsman&#039;s Cottage, Hampshire, S\u00fcdk\u00fcste England. - Urlaub &amp; Reisen<\/title>\n<meta name=\"robots\" content=\"index, follow, max-snippet:-1, max-image-preview:large, max-video-preview:-1\" \/>\n<link rel=\"canonical\" href=\"https:\/\/www.urlaubcornwall.de\/blog\/ferienhaus-lymington-yachtsmans-cottage-hampshire-suedkueste-england\/\" \/>\n<meta property=\"og:locale\" content=\"en_US\" \/>\n<meta property=\"og:type\" content=\"article\" \/>\n<meta property=\"og:title\" content=\"Ferienhaus Lymington: Yachtsman&#039;s Cottage, Hampshire, S\u00fcdk\u00fcste England. - Urlaub &amp; Reisen\" \/>\n<meta property=\"og:description\" content=\"Luxus Ferienhaus f\u00fcr 4 Personen,&nbsp;2 Schlafzimmer,&nbsp;hundefreundlich, in Lymington in der N\u00e4he New Forest Nationpark. Preis ab \u00a3706 f\u00fcr ein langes Wochenende im Winter bis zu \u00a31563 f\u00fcr eine Woche im Sommer Einen Steinwurf vom K\u00f6niglichen Lymington Yacht Klub entfernt, einem der exklusivsten Klubs von Hampshire und der S\u00fcdk\u00fcste Englands, besticht dieses gewei\u00dfelte Cottage mit einem [&hellip;]\" \/>\n<meta property=\"og:url\" content=\"https:\/\/www.urlaubcornwall.de\/blog\/ferienhaus-lymington-yachtsmans-cottage-hampshire-suedkueste-england\/\" \/>\n<meta property=\"og:site_name\" content=\"Urlaub &amp; Reisen\" \/>\n<meta property=\"article:modified_time\" content=\"2018-09-24T10:39:32+00:00\" \/>\n<meta property=\"og:image\" content=\"https:\/\/www.urlaubcornwall.de\/blog\/wp-content\/uploads\/2015\/06\/8500122.jpg\" \/>\n<meta name=\"twitter:card\" content=\"summary\" \/>\n<meta name=\"twitter:label1\" content=\"Est. reading time\" \/>\n\t<meta name=\"twitter:data1\" content=\"3 minutes\" \/>\n<script type=\"application\/ld+json\" class=\"yoast-schema-graph\">{\"@context\":\"https:\/\/schema.org\",\"@graph\":[{\"@type\":\"WebSite\",\"@id\":\"https:\/\/www.urlaubcornwall.de\/blog\/#website\",\"url\":\"https:\/\/www.urlaubcornwall.de\/blog\/\",\"name\":\"Urlaub &amp; Reisen\",\"description\":\"Urlaub, Reisen, Cornwall und S\u00fcdengland: eine perfekte Kombination\",\"potentialAction\":[{\"@type\":\"SearchAction\",\"target\":{\"@type\":\"EntryPoint\",\"urlTemplate\":\"https:\/\/www.urlaubcornwall.de\/blog\/?s={search_term_string}\"},\"query-input\":\"required name=search_term_string\"}],\"inLanguage\":\"en-US\"},{\"@type\":\"WebPage\",\"@id\":\"https:\/\/www.urlaubcornwall.de\/blog\/ferienhaus-lymington-yachtsmans-cottage-hampshire-suedkueste-england\/\",\"url\":\"https:\/\/www.urlaubcornwall.de\/blog\/ferienhaus-lymington-yachtsmans-cottage-hampshire-suedkueste-england\/\",\"name\":\"Ferienhaus Lymington: Yachtsman's Cottage, Hampshire, S\u00fcdk\u00fcste England. - Urlaub &amp; Reisen\",\"isPartOf\":{\"@id\":\"https:\/\/www.urlaubcornwall.de\/blog\/#website\"},\"datePublished\":\"2015-06-08T09:13:04+00:00\",\"dateModified\":\"2018-09-24T10:39:32+00:00\",\"breadcrumb\":{\"@id\":\"https:\/\/www.urlaubcornwall.de\/blog\/ferienhaus-lymington-yachtsmans-cottage-hampshire-suedkueste-england\/#breadcrumb\"},\"inLanguage\":\"en-US\",\"potentialAction\":[{\"@type\":\"ReadAction\",\"target\":[\"https:\/\/www.urlaubcornwall.de\/blog\/ferienhaus-lymington-yachtsmans-cottage-hampshire-suedkueste-england\/\"]}]},{\"@type\":\"BreadcrumbList\",\"@id\":\"https:\/\/www.urlaubcornwall.de\/blog\/ferienhaus-lymington-yachtsmans-cottage-hampshire-suedkueste-england\/#breadcrumb\",\"itemListElement\":[{\"@type\":\"ListItem\",\"position\":1,\"name\":\"Home\",\"item\":\"https:\/\/www.urlaubcornwall.de\/blog\/\"},{\"@type\":\"ListItem\",\"position\":2,\"name\":\"Ferienhaus Lymington: Yachtsman&#8217;s Cottage, Hampshire, S\u00fcdk\u00fcste England.\"}]}]}<\/script>\n<!-- \/ Yoast SEO plugin. -->","yoast_head_json":{"title":"Ferienhaus Lymington: Yachtsman's Cottage, Hampshire, S\u00fcdk\u00fcste England. - Urlaub &amp; Reisen","robots":{"index":"index","follow":"follow","max-snippet":"max-snippet:-1","max-image-preview":"max-image-preview:large","max-video-preview":"max-video-preview:-1"},"canonical":"https:\/\/www.urlaubcornwall.de\/blog\/ferienhaus-lymington-yachtsmans-cottage-hampshire-suedkueste-england\/","og_locale":"en_US","og_type":"article","og_title":"Ferienhaus Lymington: Yachtsman's Cottage, Hampshire, S\u00fcdk\u00fcste England. - Urlaub &amp; Reisen","og_description":"Luxus Ferienhaus f\u00fcr 4 Personen,&nbsp;2 Schlafzimmer,&nbsp;hundefreundlich, in Lymington in der N\u00e4he New Forest Nationpark. Preis ab \u00a3706 f\u00fcr ein langes Wochenende im Winter bis zu \u00a31563 f\u00fcr eine Woche im Sommer Einen Steinwurf vom K\u00f6niglichen Lymington Yacht Klub entfernt, einem der exklusivsten Klubs von Hampshire und der S\u00fcdk\u00fcste Englands, besticht dieses gewei\u00dfelte Cottage mit einem [&hellip;]","og_url":"https:\/\/www.urlaubcornwall.de\/blog\/ferienhaus-lymington-yachtsmans-cottage-hampshire-suedkueste-england\/","og_site_name":"Urlaub &amp; Reisen","article_modified_time":"2018-09-24T10:39:32+00:00","og_image":[{"url":"https:\/\/www.urlaubcornwall.de\/blog\/wp-content\/uploads\/2015\/06\/8500122.jpg"}],"twitter_card":"summary","twitter_misc":{"Est. reading time":"3 minutes"},"schema":{"@context":"https:\/\/schema.org","@graph":[{"@type":"WebSite","@id":"https:\/\/www.urlaubcornwall.de\/blog\/#website","url":"https:\/\/www.urlaubcornwall.de\/blog\/","name":"Urlaub &amp; Reisen","description":"Urlaub, Reisen, Cornwall und S\u00fcdengland: eine perfekte Kombination","potentialAction":[{"@type":"SearchAction","target":{"@type":"EntryPoint","urlTemplate":"https:\/\/www.urlaubcornwall.de\/blog\/?s={search_term_string}"},"query-input":"required name=search_term_string"}],"inLanguage":"en-US"},{"@type":"WebPage","@id":"https:\/\/www.urlaubcornwall.de\/blog\/ferienhaus-lymington-yachtsmans-cottage-hampshire-suedkueste-england\/","url":"https:\/\/www.urlaubcornwall.de\/blog\/ferienhaus-lymington-yachtsmans-cottage-hampshire-suedkueste-england\/","name":"Ferienhaus Lymington: Yachtsman's Cottage, Hampshire, S\u00fcdk\u00fcste England. - Urlaub &amp; Reisen","isPartOf":{"@id":"https:\/\/www.urlaubcornwall.de\/blog\/#website"},"datePublished":"2015-06-08T09:13:04+00:00","dateModified":"2018-09-24T10:39:32+00:00","breadcrumb":{"@id":"https:\/\/www.urlaubcornwall.de\/blog\/ferienhaus-lymington-yachtsmans-cottage-hampshire-suedkueste-england\/#breadcrumb"},"inLanguage":"en-US","potentialAction":[{"@type":"ReadAction","target":["https:\/\/www.urlaubcornwall.de\/blog\/ferienhaus-lymington-yachtsmans-cottage-hampshire-suedkueste-england\/"]}]},{"@type":"BreadcrumbList","@id":"https:\/\/www.urlaubcornwall.de\/blog\/ferienhaus-lymington-yachtsmans-cottage-hampshire-suedkueste-england\/#breadcrumb","itemListElement":[{"@type":"ListItem","position":1,"name":"Home","item":"https:\/\/www.urlaubcornwall.de\/blog\/"},{"@type":"ListItem","position":2,"name":"Ferienhaus Lymington: Yachtsman&#8217;s Cottage, Hampshire, S\u00fcdk\u00fcste England."}]}]}},"_links":{"self":[{"href":"https:\/\/www.urlaubcornwall.de\/blog\/wp-json\/wp\/v2\/pages\/19180"}],"collection":[{"href":"https:\/\/www.urlaubcornwall.de\/blog\/wp-json\/wp\/v2\/pages"}],"about":[{"href":"https:\/\/www.urlaubcornwall.de\/blog\/wp-json\/wp\/v2\/types\/page"}],"author":[{"embeddable":true,"href":"https:\/\/www.urlaubcornwall.de\/blog\/wp-json\/wp\/v2\/users\/1"}],"replies":[{"embeddable":true,"href":"https:\/\/www.urlaubcornwall.de\/blog\/wp-json\/wp\/v2\/comments?post=19180"}],"version-history":[{"count":11,"href":"https:\/\/www.urlaubcornwall.de\/blog\/wp-json\/wp\/v2\/pages\/19180\/revisions"}],"predecessor-version":[{"id":34430,"href":"https:\/\/www.urlaubcornwall.de\/blog\/wp-json\/wp\/v2\/pages\/19180\/revisions\/34430"}],"wp:attachment":[{"href":"https:\/\/www.urlaubcornwall.de\/blog\/wp-json\/wp\/v2\/media?parent=19180"}],"curies":[{"name":"wp","href":"https:\/\/api.w.org\/{rel}","templated":true}]}}